{"id":27059,"date":"2024-06-26T02:18:08","date_gmt":"2024-06-26T00:18:08","guid":{"rendered":"https:\/\/aquaforest.eu\/products\/senza-categoria\/af-air-scrubber\/"},"modified":"2024-06-26T02:18:08","modified_gmt":"2024-06-26T00:18:08","slug":"af-air-scrubber","status":"publish","type":"product","link":"https:\/\/aquaforest.eu\/it\/products\/seawater\/aquarium-equipment\/af-air-scrubber\/","title":{"rendered":"AF Air Scrubber"},"content":{"rendered":"<h3 class=\"fusion-responsive-typography-calculated\" data-fontsize=\"22\" data-lineheight=\"27.5px\">Mantenere la stabilit\u00e0 del pH nel tuo acquario<\/h3>\n<p>Gli acquari di barriera sono ecosistemi complessi che prosperano sulla stabilit\u00e0.<\/p>\n<p>Le fluttuazioni giornaliere dei livelli di anidride carbonica (CO\u2082) nell\u2019aria, causate dalla normale respirazione, dagli animali domestici e dalla cottura dei cibi, possono influenzare il pH dell\u2019acquario. Maggiore \u00e8 la concentrazione di CO\u2082 aspirata dallo skimmer, pi\u00f9 elevata sar\u00e0 l\u2019acidificazione dell\u2019acqua, con conseguente diminuzione del pH, instabilit\u00e0 del dKH e una significativa inibizione della calcificazione dei coralli. Col tempo, ci\u00f2 pu\u00f2 portare allo stress dei coralli e persino alla loro perdita.<br \/>Quando le luci sono accese, la fotosintesi aiuta a stabilizzare il pH dell\u2019acquario. Di notte, invece, il pH diminuisce poich\u00e9 aumenta la richiesta di ossigeno. Questo fenomeno \u00e8 particolarmente evidente durante l\u2019autunno e l\u2019inverno, quando le finestre restano chiuse e gli ambienti sono meno ventilati. \u00c8 proprio in questo periodo che l\u2019uso dell\u2019Aquaforest AF Air Scrubber diventa ideale per sostenere la stabilit\u00e0 di un acquario di barriera.    <\/p>\n<p>Il reattore Aquaforest AF Air Scrubber e il materiale assorbente aiutano a prevenire le dannose fluttuazioni causate da un pH basso, se utilizzati correttamente. Il corpo del reattore AF Air Scrubber \u00e8 realizzato in acrilico bianco e trasparente di altissima qualit\u00e0. Grazie al suo design moderno ed elegante, pu\u00f2 essere utilizzato sia all\u2019esterno che comodamente all\u2019interno del mobile dell\u2019acquario.<br \/>La funzionalit\u00e0 \u00e8 stata una delle principali considerazioni nella progettazione di questo prodotto. Il reattore AF Air Scrubber \u00e8 facile da montare e smontare per la manutenzione, garantendo al contempo un flusso d\u2019aria ottimale attraverso il materiale filtrante per la rimozione della CO\u2082.    <\/p>\n<p>Una caratteristica notevole del reattore Aquaforest AF Air Scrubber \u00e8 la base su cui poggia il filtro CO\u2082. All\u2019interno si trovano tre spugne tagliate su misura, progettate per essere imbevute con acqua d\u2019osmosi inversa (RO) al fine di umidificare l\u2019aria e migliorare l\u2019efficienza del materiale filtrante.<br \/>Per garantire prestazioni ottimali, le spugne nella base devono essere sempre umide. Se dovessero seccarsi prima che sia necessario sostituire il materiale filtrante, \u00e8 sufficiente rimuovere la base dalla parte superiore del reattore, immergere le spugne in acqua RO e rimontare il tutto.<br \/>I test di laboratorio indicano che questo accorgimento pu\u00f2 prolungare significativamente la durata del materiale filtrante nel tempo, rendendo l\u2019AF Air Scrubber una soluzione economica ed efficace per gli acquari di barriera.<\/p>\n<p>&nbsp;<\/p>\n<hr>\n<h3 data-fontsize=\"22\" data-lineheight=\"27.5px\"><\/h3>\n<h3 class=\"fusion-responsive-typography-calculated\" data-fontsize=\"22\" data-lineheight=\"27.5px\">Parametri dell\u2019acqua stabili e riduzione della CO\u2082<\/h3>\n<p>Passando al corpo del reattore, il design dell\u2019unit\u00e0 consente di aspirare l\u2019aria ricca di CO\u2082 attraverso lo strato di spugne posto alla base; in questo modo, l\u2019aria viene convogliata verso l\u2019alto attraverso una griglia che assicura la massima rimozione possibile della CO\u2082 prima che entri nello skimmer o nell\u2019acquario di barriera.<br \/>Il materiale filtrante \u00e8 protetto da uno strato di speciali spugne antipolvere posizionate nella parte superiore e inferiore del reattore. Sul coperchio \u00e8 presente un tappo con chiusura \u201csmart-twist\u201d, che permette un rapido e semplice accesso all\u2019interno del reattore.<br \/>Per garantire una corretta aspirazione del flusso d\u2019aria, \u00e8 stata installata una valvola con guarnizione che assicura un passaggio uniforme dell\u2019aria dal basso verso l\u2019alto.<br \/>Grazie a questo sistema, il materiale filtrante cambia colore progressivamente dal basso verso l\u2019alto, rendendo facile capire quando \u00e8 il momento di sostituirlo. Si consiglia di cambiare il materiale prima che il colore sia completamente variato.<br \/>Sulla parte esterna del coperchio si trova un raccordo per tubo da 10 mm (\u215c\u201d), che collega il reattore allo skimmer proteico. Nel giro di pochi giorni sar\u00e0 visibile l\u2019efficacia del materiale filtrante e il pH aumenter\u00e0 man mano che la CO\u2082 viene assorbita.       <\/p>\n<p>Secondo i nostri test, l\u2019Aquaforest AF Air Scrubber pu\u00f2 aumentare il pH di circa 0,2 \u2013 0,4 unit\u00e0 e mantenerlo stabile nell\u2019intervallo compreso tra 8,0 e 8,4.<br \/>Si consiglia di utilizzare l\u2019Aquaforest AF Air Scrubber insieme alla cartuccia di materiale filtrante Aquaforest AF Air Scrubber Media.<br \/>Questa configurazione garantisce la rimozione pi\u00f9 efficace della CO\u2082 dall\u2019aria aspirata dallo skimmer.  <\/p>\n<p>&nbsp;<\/p>\n<hr>\n<h3 data-fontsize=\"22\" data-lineheight=\"27.5px\"><\/h3>\n<h3 class=\"fusion-responsive-typography-calculated\" data-fontsize=\"22\" data-lineheight=\"27.5px\"><strong>Aquaforest AF Air Scrubber &#8211; caratteristiche principali<\/strong><\/h3>\n<ul>\n<li>Riduce la CO\u2082 aumentando il pH<\/li>\n<li>Stabilizza i livelli giorno\/notte del pH<\/li>\n<li>Previene sbalzi improvvisi di KH<\/li>\n<li>Grande capacit\u00e0: 2,3 litri<\/li>\n<li>Tecnologia innovativa per prolungare la vita del materiale filtrante<\/li>\n<li>Compatibile con la maggior parte degli skimmer tramite tubo da 10 mm (\u215c\u201d)<\/li>\n<li>Facile da usare<\/li>\n<li>Materiali di alta qualit\u00e0<\/li>\n<\/ul>\n<p>&nbsp;<\/p>\n<hr>\n<p>&nbsp;<\/p>\n<p><strong>Specifiche tecniche<\/strong><\/p>\n<p>Altezza: 35.5 cm + 3.5 cm (connettori) \/ 14\u2033 + 1.4\u2033<br \/>\nLarghezza: 15.5 cm \/ 6.1\u2033<\/p>\n<p><strong>Note importanti<\/strong><\/p>\n<p>La confezione non include la cartuccia assorbente di CO\u2082.<\/p>\n<p>Il pH dell&#8217;acqua cambia con il ritmo giornaliero, pertanto le misurazioni dovrebbero essere eseguite sempre alla stessa ora del giorno.<\/p>\n<p>Se il materiale esausto resta troppo a lungo nel reattore, pu\u00f2 cambiare colore di nuovo, ma non \u00e8 pi\u00f9 attivo.<\/p>\n<p>Indossare guanti e sostituire il media in un\u2019area ben ventilata.<\/p>\n<p>Utilizzare insieme ad AF Air Scrubber Media per prestazioni ottimali.<\/p>\n","protected":false},"excerpt":{"rendered":"<p>La soluzione perfetta per aumentare il pH del tuo acquario. Stabilizza i livelli di pH tra il giorno e la notte. <\/p>\n","protected":false},"featured_media":27062,"template":"","meta":{"_acf_changed":false,"content-type":""},"product_brand":[],"product_cat":[1926],"product_tag":[1920,1927,1928,1910],"class_list":{"0":"post-27059","1":"product","2":"type-product","3":"status-publish","4":"has-post-thumbnail","6":"product_cat-aquarium-equipment","7":"product_tag-aquaforest","8":"product_tag-aquarium-equipment","9":"product_tag-seawater-aquatic","10":"product_tag-simple","12":"first","13":"instock","14":"taxable","15":"shipping-taxable","16":"purchasable","17":"product-type-simple"},"acf":[],"yoast_head":"<!-- This site is optimized with the Yoast SEO plugin v27.1.1 - https:\/\/yoast.com\/product\/yoast-seo-wordpress\/ -->\n<title>AF Air Scrubber - Aquaforest<\/title>\n<meta name=\"description\" content=\"AF Air Scrubber di Aquaforest: la soluzione perfetta per aumentare il pH nel tuo acquario. Garantisci un ambiente sano per i coralli!\" \/>\n<meta name=\"robots\" content=\"index, follow, max-snippet:-1, max-image-preview:large, max-video-preview:-1\" \/>\n<link rel=\"canonical\" href=\"https:\/\/aquaforest.eu\/it\/products\/seawater\/aquarium-equipment\/af-air-scrubber\/\" \/>\n<meta property=\"og:locale\" content=\"it_IT\" \/>\n<meta property=\"og:type\" content=\"article\" \/>\n<meta property=\"og:title\" content=\"AF Air Scrubber - Aquaforest\" \/>\n<meta property=\"og:description\" content=\"AF Air Scrubber di Aquaforest: la soluzione perfetta per aumentare il pH nel tuo acquario. Garantisci un ambiente sano per i coralli!\" \/>\n<meta property=\"og:url\" content=\"https:\/\/aquaforest.eu\/it\/products\/seawater\/aquarium-equipment\/af-air-scrubber\/\" \/>\n<meta property=\"og:site_name\" content=\"Aquaforest\" \/>\n<meta property=\"article:publisher\" content=\"https:\/\/www.facebook.com\/Aquaforest\/\" \/>\n<meta property=\"og:image\" content=\"https:\/\/aquaforest.eu\/wp-content\/uploads\/2024\/06\/AF-Air-Scrubber.png\" \/>\n\t<meta property=\"og:image:width\" content=\"377\" \/>\n\t<meta property=\"og:image:height\" content=\"600\" \/>\n\t<meta property=\"og:image:type\" content=\"image\/png\" \/>\n<meta name=\"twitter:card\" content=\"summary_large_image\" \/>\n<meta name=\"twitter:label1\" content=\"Tempo di lettura stimato\" \/>\n\t<meta name=\"twitter:data1\" content=\"4 minuti\" \/>\n<script type=\"application\/ld+json\" class=\"yoast-schema-graph\">{\"@context\":\"https:\/\/schema.org\",\"@graph\":[{\"@type\":\"WebPage\",\"@id\":\"https:\/\/aquaforest.eu\/it\/products\/seawater\/aquarium-equipment\/af-air-scrubber\/\",\"url\":\"https:\/\/aquaforest.eu\/it\/products\/seawater\/aquarium-equipment\/af-air-scrubber\/\",\"name\":\"AF Air Scrubber - Aquaforest\",\"isPartOf\":{\"@id\":\"https:\/\/aquaforest.eu\/it\/#website\"},\"primaryImageOfPage\":{\"@id\":\"https:\/\/aquaforest.eu\/it\/products\/seawater\/aquarium-equipment\/af-air-scrubber\/#primaryimage\"},\"image\":{\"@id\":\"https:\/\/aquaforest.eu\/it\/products\/seawater\/aquarium-equipment\/af-air-scrubber\/#primaryimage\"},\"thumbnailUrl\":\"https:\/\/aquaforest.eu\/wp-content\/uploads\/2024\/06\/AF-Air-Scrubber.png\",\"datePublished\":\"2024-06-26T00:18:08+00:00\",\"description\":\"AF Air Scrubber di Aquaforest: la soluzione perfetta per aumentare il pH nel tuo acquario. Garantisci un ambiente sano per i coralli!\",\"breadcrumb\":{\"@id\":\"https:\/\/aquaforest.eu\/it\/products\/seawater\/aquarium-equipment\/af-air-scrubber\/#breadcrumb\"},\"inLanguage\":\"it-IT\",\"potentialAction\":[{\"@type\":\"ReadAction\",\"target\":[\"https:\/\/aquaforest.eu\/it\/products\/seawater\/aquarium-equipment\/af-air-scrubber\/\"]}]},{\"@type\":\"ImageObject\",\"inLanguage\":\"it-IT\",\"@id\":\"https:\/\/aquaforest.eu\/it\/products\/seawater\/aquarium-equipment\/af-air-scrubber\/#primaryimage\",\"url\":\"https:\/\/aquaforest.eu\/wp-content\/uploads\/2024\/06\/AF-Air-Scrubber.png\",\"contentUrl\":\"https:\/\/aquaforest.eu\/wp-content\/uploads\/2024\/06\/AF-Air-Scrubber.png\",\"width\":377,\"height\":600},{\"@type\":\"BreadcrumbList\",\"@id\":\"https:\/\/aquaforest.eu\/it\/products\/seawater\/aquarium-equipment\/af-air-scrubber\/#breadcrumb\",\"itemListElement\":[{\"@type\":\"ListItem\",\"position\":1,\"name\":\"Home\",\"item\":\"https:\/\/aquaforest.eu\/it\/\"},{\"@type\":\"ListItem\",\"position\":2,\"name\":\"Prodotti\",\"item\":\"https:\/\/aquaforest.eu\/it\/products\/\"},{\"@type\":\"ListItem\",\"position\":3,\"name\":\"AF Air Scrubber\"}]},{\"@type\":\"WebSite\",\"@id\":\"https:\/\/aquaforest.eu\/it\/#website\",\"url\":\"https:\/\/aquaforest.eu\/it\/\",\"name\":\"Aquaforest\",\"description\":\"\",\"publisher\":{\"@id\":\"https:\/\/aquaforest.eu\/it\/#organization\"},\"potentialAction\":[{\"@type\":\"SearchAction\",\"target\":{\"@type\":\"EntryPoint\",\"urlTemplate\":\"https:\/\/aquaforest.eu\/it\/?s={search_term_string}\"},\"query-input\":{\"@type\":\"PropertyValueSpecification\",\"valueRequired\":true,\"valueName\":\"search_term_string\"}}],\"inLanguage\":\"it-IT\"},{\"@type\":\"Organization\",\"@id\":\"https:\/\/aquaforest.eu\/it\/#organization\",\"name\":\"Aquaforest\",\"url\":\"https:\/\/aquaforest.eu\/it\/\",\"logo\":{\"@type\":\"ImageObject\",\"inLanguage\":\"it-IT\",\"@id\":\"https:\/\/aquaforest.eu\/it\/#\/schema\/logo\/image\/\",\"url\":\"https:\/\/aquaforest.eu\/wp-content\/uploads\/2024\/05\/logotyp-aquaforest.svg\",\"contentUrl\":\"https:\/\/aquaforest.eu\/wp-content\/uploads\/2024\/05\/logotyp-aquaforest.svg\",\"width\":170,\"height\":22,\"caption\":\"Aquaforest\"},\"image\":{\"@id\":\"https:\/\/aquaforest.eu\/it\/#\/schema\/logo\/image\/\"},\"sameAs\":[\"https:\/\/www.facebook.com\/Aquaforest\/\",\"https:\/\/www.instagram.com\/aquaforest.eu\/\"]}]}<\/script>\n<!-- \/ Yoast SEO plugin. -->","yoast_head_json":{"title":"AF Air Scrubber - Aquaforest","description":"AF Air Scrubber di Aquaforest: la soluzione perfetta per aumentare il pH nel tuo acquario. Garantisci un ambiente sano per i coralli!","robots":{"index":"index","follow":"follow","max-snippet":"max-snippet:-1","max-image-preview":"max-image-preview:large","max-video-preview":"max-video-preview:-1"},"canonical":"https:\/\/aquaforest.eu\/it\/products\/seawater\/aquarium-equipment\/af-air-scrubber\/","og_locale":"it_IT","og_type":"article","og_title":"AF Air Scrubber - Aquaforest","og_description":"AF Air Scrubber di Aquaforest: la soluzione perfetta per aumentare il pH nel tuo acquario. Garantisci un ambiente sano per i coralli!","og_url":"https:\/\/aquaforest.eu\/it\/products\/seawater\/aquarium-equipment\/af-air-scrubber\/","og_site_name":"Aquaforest","article_publisher":"https:\/\/www.facebook.com\/Aquaforest\/","og_image":[{"width":377,"height":600,"url":"https:\/\/aquaforest.eu\/wp-content\/uploads\/2024\/06\/AF-Air-Scrubber.png","type":"image\/png"}],"twitter_card":"summary_large_image","twitter_misc":{"Tempo di lettura stimato":"4 minuti"},"schema":{"@context":"https:\/\/schema.org","@graph":[{"@type":"WebPage","@id":"https:\/\/aquaforest.eu\/it\/products\/seawater\/aquarium-equipment\/af-air-scrubber\/","url":"https:\/\/aquaforest.eu\/it\/products\/seawater\/aquarium-equipment\/af-air-scrubber\/","name":"AF Air Scrubber - Aquaforest","isPartOf":{"@id":"https:\/\/aquaforest.eu\/it\/#website"},"primaryImageOfPage":{"@id":"https:\/\/aquaforest.eu\/it\/products\/seawater\/aquarium-equipment\/af-air-scrubber\/#primaryimage"},"image":{"@id":"https:\/\/aquaforest.eu\/it\/products\/seawater\/aquarium-equipment\/af-air-scrubber\/#primaryimage"},"thumbnailUrl":"https:\/\/aquaforest.eu\/wp-content\/uploads\/2024\/06\/AF-Air-Scrubber.png","datePublished":"2024-06-26T00:18:08+00:00","description":"AF Air Scrubber di Aquaforest: la soluzione perfetta per aumentare il pH nel tuo acquario. Garantisci un ambiente sano per i coralli!","breadcrumb":{"@id":"https:\/\/aquaforest.eu\/it\/products\/seawater\/aquarium-equipment\/af-air-scrubber\/#breadcrumb"},"inLanguage":"it-IT","potentialAction":[{"@type":"ReadAction","target":["https:\/\/aquaforest.eu\/it\/products\/seawater\/aquarium-equipment\/af-air-scrubber\/"]}]},{"@type":"ImageObject","inLanguage":"it-IT","@id":"https:\/\/aquaforest.eu\/it\/products\/seawater\/aquarium-equipment\/af-air-scrubber\/#primaryimage","url":"https:\/\/aquaforest.eu\/wp-content\/uploads\/2024\/06\/AF-Air-Scrubber.png","contentUrl":"https:\/\/aquaforest.eu\/wp-content\/uploads\/2024\/06\/AF-Air-Scrubber.png","width":377,"height":600},{"@type":"BreadcrumbList","@id":"https:\/\/aquaforest.eu\/it\/products\/seawater\/aquarium-equipment\/af-air-scrubber\/#breadcrumb","itemListElement":[{"@type":"ListItem","position":1,"name":"Home","item":"https:\/\/aquaforest.eu\/it\/"},{"@type":"ListItem","position":2,"name":"Prodotti","item":"https:\/\/aquaforest.eu\/it\/products\/"},{"@type":"ListItem","position":3,"name":"AF Air Scrubber"}]},{"@type":"WebSite","@id":"https:\/\/aquaforest.eu\/it\/#website","url":"https:\/\/aquaforest.eu\/it\/","name":"Aquaforest","description":"","publisher":{"@id":"https:\/\/aquaforest.eu\/it\/#organization"},"potentialAction":[{"@type":"SearchAction","target":{"@type":"EntryPoint","urlTemplate":"https:\/\/aquaforest.eu\/it\/?s={search_term_string}"},"query-input":{"@type":"PropertyValueSpecification","valueRequired":true,"valueName":"search_term_string"}}],"inLanguage":"it-IT"},{"@type":"Organization","@id":"https:\/\/aquaforest.eu\/it\/#organization","name":"Aquaforest","url":"https:\/\/aquaforest.eu\/it\/","logo":{"@type":"ImageObject","inLanguage":"it-IT","@id":"https:\/\/aquaforest.eu\/it\/#\/schema\/logo\/image\/","url":"https:\/\/aquaforest.eu\/wp-content\/uploads\/2024\/05\/logotyp-aquaforest.svg","contentUrl":"https:\/\/aquaforest.eu\/wp-content\/uploads\/2024\/05\/logotyp-aquaforest.svg","width":170,"height":22,"caption":"Aquaforest"},"image":{"@id":"https:\/\/aquaforest.eu\/it\/#\/schema\/logo\/image\/"},"sameAs":["https:\/\/www.facebook.com\/Aquaforest\/","https:\/\/www.instagram.com\/aquaforest.eu\/"]}]}},"_links":{"self":[{"href":"https:\/\/aquaforest.eu\/it\/wp-json\/wp\/v2\/product\/27059","targetHints":{"allow":["GET"]}}],"collection":[{"href":"https:\/\/aquaforest.eu\/it\/wp-json\/wp\/v2\/product"}],"about":[{"href":"https:\/\/aquaforest.eu\/it\/wp-json\/wp\/v2\/types\/product"}],"version-history":[{"count":0,"href":"https:\/\/aquaforest.eu\/it\/wp-json\/wp\/v2\/product\/27059\/revisions"}],"wp:featuredmedia":[{"embeddable":true,"href":"https:\/\/aquaforest.eu\/it\/wp-json\/wp\/v2\/media\/27062"}],"wp:attachment":[{"href":"https:\/\/aquaforest.eu\/it\/wp-json\/wp\/v2\/media?parent=27059"}],"wp:term":[{"taxonomy":"product_brand","embeddable":true,"href":"https:\/\/aquaforest.eu\/it\/wp-json\/wp\/v2\/product_brand?post=27059"},{"taxonomy":"product_cat","embeddable":true,"href":"https:\/\/aquaforest.eu\/it\/wp-json\/wp\/v2\/product_cat?post=27059"},{"taxonomy":"product_tag","embeddable":true,"href":"https:\/\/aquaforest.eu\/it\/wp-json\/wp\/v2\/product_tag?post=27059"}],"curies":[{"name":"wp","href":"https:\/\/api.w.org\/{rel}","templated":true}]}}