{"id":27077,"date":"2024-06-26T02:18:09","date_gmt":"2024-06-26T00:18:09","guid":{"rendered":"https:\/\/aquaforest.eu\/products\/senza-categoria\/af605-sump\/"},"modified":"2024-06-26T02:18:09","modified_gmt":"2024-06-26T00:18:09","slug":"af605-sump","status":"publish","type":"product","link":"https:\/\/aquaforest.eu\/it\/products\/seawater\/aquarium-equipment\/af605-sump\/","title":{"rendered":"AF605 Sump"},"content":{"rendered":"<p>Sump in PVC altamente resistente, dedicato anche agli acquari pi\u00f9 esigenti. Progettato da acquariofili esperti, assicura la filtrazione pi\u00f9 efficiente per far prosperare i coralli e garantirne la crescita sana. Le camere a cascata, combinate con pettini di qualit\u00e0, creano condizioni ottimali per un flusso d\u2019acqua dinamico ma estremamente silenzioso. <br \/>La camera per le calze filtranti consente di posizionare due calze (incluse) con tappi fonoassorbenti, oppure di sostituirle con reattori a letto fluido. Il sump Aquaforest \u00e8 il risultato della collaborazione tra i migliori progettisti, ingegneri e acquariofili. Questo sistema intelligente di divisori e paratie \u00e8 stato testato per anni, garantendo il massimo potenziale di filtrazione. <br \/>Ogni dettaglio \u00e8 stato accuratamente studiato: il complesso sistema di pettini e camere assicura un\u2019efficace riduzione del rumore, eliminando i suoni indesiderati, mentre la saldatura di precisione garantisce la massima tenuta. \u00c8 la combinazione pi\u00f9 affidabile di esperienza acquariofila, tecnologia avanzata e lavorazione impeccabile disponibile sul mercato.         <\/p>\n<p>&nbsp;<\/p>\n<p>&nbsp;<\/p>\n<hr>\n<p>&nbsp;<\/p>\n<p><strong>Cosa rende unico questo sump?<\/strong><\/p>\n<ul>\n<li>Scomparto per calze filtranti \u2013 sostituibili con reattori a letto fluido<\/li>\n<li>Camera per acqua RO con sistema di rabbocco automatico<\/li>\n<li>Indicatori del livello dell\u2019acqua per una facile regolazione dello skimmer<\/li>\n<li>Flusso d\u2019acqua silenzioso garantito dai pettini di qualit\u00e0<\/li>\n<li>Materiali durevoli e resistenti ai graffi<\/li>\n<\/ul>\n<p><strong>Specifiche tecniche: <\/strong><\/p>\n<p><strong>Larghezza:<\/strong> 80 cm<br \/>\n<strong>Profondit\u00e0:<\/strong> 48,5 cm<br \/>\n<strong>Altezza:<\/strong> 45,5 cm<\/p>\n<p style=\"text-align: right;\">Dimensioni in millimetri nell\u2019immagine allegata:<\/p>\n<p><img fetchpriority=\"high\" decoding=\"async\" class=\" wp-image-2766 alignright\" src=\"https:\/\/aquaforest.eu\/wp-content\/uploads\/2024\/06\/AF605_SUMP-DIM_S_2021-800x946-1-254x300.png\" alt=\"\" width=\"400\" height=\"472\" srcset=\"https:\/\/aquaforest.eu\/wp-content\/uploads\/2024\/06\/AF605_SUMP-DIM_S_2021-800x946-1-254x300.png 254w, https:\/\/aquaforest.eu\/wp-content\/uploads\/2024\/06\/AF605_SUMP-DIM_S_2021-800x946-1-768x908.png 768w, https:\/\/aquaforest.eu\/wp-content\/uploads\/2024\/06\/AF605_SUMP-DIM_S_2021-800x946-1-600x710.png 600w, https:\/\/aquaforest.eu\/wp-content\/uploads\/2024\/06\/AF605_SUMP-DIM_S_2021-800x946-1.png 800w\" sizes=\"(max-width: 400px) 100vw, 400px\" \/><\/p>\n","protected":false},"excerpt":{"rendered":"<p>Sump in PVC di alta qualit\u00e0 con pi\u00f9 camere. La filtrazione pi\u00f9 efficiente per far prosperare i coralli e garantire una crescita sana. <\/p>\n","protected":false},"featured_media":27079,"template":"","meta":{"_acf_changed":false,"content-type":""},"product_brand":[],"product_cat":[1926],"product_tag":[1920,1927,1928,1910],"class_list":{"0":"post-27077","1":"product","2":"type-product","3":"status-publish","4":"has-post-thumbnail","6":"product_cat-aquarium-equipment","7":"product_tag-aquaforest","8":"product_tag-aquarium-equipment","9":"product_tag-seawater-aquatic","10":"product_tag-simple","12":"first","13":"instock","14":"taxable","15":"shipping-taxable","16":"purchasable","17":"product-type-simple"},"acf":[],"yoast_head":"<!-- This site is optimized with the Yoast SEO plugin v27.1.1 - https:\/\/yoast.com\/product\/yoast-seo-wordpress\/ -->\n<title>AF605 Sump - Aquaforest<\/title>\n<meta name=\"description\" content=\"Questa vasca, progettata da acquariofili esperti, garantisce la filtrazione pi\u00f9 efficiente per il sano sviluppo e la crescita dei coralli.\" \/>\n<meta name=\"robots\" content=\"index, follow, max-snippet:-1, max-image-preview:large, max-video-preview:-1\" \/>\n<link rel=\"canonical\" href=\"https:\/\/aquaforest.eu\/it\/products\/seawater\/aquarium-equipment\/af605-sump\/\" \/>\n<meta property=\"og:locale\" content=\"it_IT\" \/>\n<meta property=\"og:type\" content=\"article\" \/>\n<meta property=\"og:title\" content=\"AF605 Sump - Aquaforest\" \/>\n<meta property=\"og:description\" content=\"Questa vasca, progettata da acquariofili esperti, garantisce la filtrazione pi\u00f9 efficiente per il sano sviluppo e la crescita dei coralli.\" \/>\n<meta property=\"og:url\" content=\"https:\/\/aquaforest.eu\/it\/products\/seawater\/aquarium-equipment\/af605-sump\/\" \/>\n<meta property=\"og:site_name\" content=\"Aquaforest\" \/>\n<meta property=\"article:publisher\" content=\"https:\/\/www.facebook.com\/Aquaforest\/\" \/>\n<meta property=\"og:image\" content=\"https:\/\/aquaforest.eu\/wp-content\/uploads\/2024\/06\/SUMP_AF605.png\" \/>\n\t<meta property=\"og:image:width\" content=\"600\" \/>\n\t<meta property=\"og:image:height\" content=\"600\" \/>\n\t<meta property=\"og:image:type\" content=\"image\/png\" \/>\n<meta name=\"twitter:card\" content=\"summary_large_image\" \/>\n<meta name=\"twitter:label1\" content=\"Tempo di lettura stimato\" \/>\n\t<meta name=\"twitter:data1\" content=\"1 minuto\" \/>\n<script type=\"application\/ld+json\" class=\"yoast-schema-graph\">{\"@context\":\"https:\/\/schema.org\",\"@graph\":[{\"@type\":\"WebPage\",\"@id\":\"https:\/\/aquaforest.eu\/it\/products\/seawater\/aquarium-equipment\/af605-sump\/\",\"url\":\"https:\/\/aquaforest.eu\/it\/products\/seawater\/aquarium-equipment\/af605-sump\/\",\"name\":\"AF605 Sump - Aquaforest\",\"isPartOf\":{\"@id\":\"https:\/\/aquaforest.eu\/it\/#website\"},\"primaryImageOfPage\":{\"@id\":\"https:\/\/aquaforest.eu\/it\/products\/seawater\/aquarium-equipment\/af605-sump\/#primaryimage\"},\"image\":{\"@id\":\"https:\/\/aquaforest.eu\/it\/products\/seawater\/aquarium-equipment\/af605-sump\/#primaryimage\"},\"thumbnailUrl\":\"https:\/\/aquaforest.eu\/wp-content\/uploads\/2024\/06\/SUMP_AF605.png\",\"datePublished\":\"2024-06-26T00:18:09+00:00\",\"description\":\"Questa vasca, progettata da acquariofili esperti, garantisce la filtrazione pi\u00f9 efficiente per il sano sviluppo e la crescita dei coralli.\",\"breadcrumb\":{\"@id\":\"https:\/\/aquaforest.eu\/it\/products\/seawater\/aquarium-equipment\/af605-sump\/#breadcrumb\"},\"inLanguage\":\"it-IT\",\"potentialAction\":[{\"@type\":\"ReadAction\",\"target\":[\"https:\/\/aquaforest.eu\/it\/products\/seawater\/aquarium-equipment\/af605-sump\/\"]}]},{\"@type\":\"ImageObject\",\"inLanguage\":\"it-IT\",\"@id\":\"https:\/\/aquaforest.eu\/it\/products\/seawater\/aquarium-equipment\/af605-sump\/#primaryimage\",\"url\":\"https:\/\/aquaforest.eu\/wp-content\/uploads\/2024\/06\/SUMP_AF605.png\",\"contentUrl\":\"https:\/\/aquaforest.eu\/wp-content\/uploads\/2024\/06\/SUMP_AF605.png\",\"width\":600,\"height\":600},{\"@type\":\"BreadcrumbList\",\"@id\":\"https:\/\/aquaforest.eu\/it\/products\/seawater\/aquarium-equipment\/af605-sump\/#breadcrumb\",\"itemListElement\":[{\"@type\":\"ListItem\",\"position\":1,\"name\":\"Home\",\"item\":\"https:\/\/aquaforest.eu\/it\/\"},{\"@type\":\"ListItem\",\"position\":2,\"name\":\"Prodotti\",\"item\":\"https:\/\/aquaforest.eu\/it\/products\/\"},{\"@type\":\"ListItem\",\"position\":3,\"name\":\"AF605 Sump\"}]},{\"@type\":\"WebSite\",\"@id\":\"https:\/\/aquaforest.eu\/it\/#website\",\"url\":\"https:\/\/aquaforest.eu\/it\/\",\"name\":\"Aquaforest\",\"description\":\"\",\"publisher\":{\"@id\":\"https:\/\/aquaforest.eu\/it\/#organization\"},\"potentialAction\":[{\"@type\":\"SearchAction\",\"target\":{\"@type\":\"EntryPoint\",\"urlTemplate\":\"https:\/\/aquaforest.eu\/it\/?s={search_term_string}\"},\"query-input\":{\"@type\":\"PropertyValueSpecification\",\"valueRequired\":true,\"valueName\":\"search_term_string\"}}],\"inLanguage\":\"it-IT\"},{\"@type\":\"Organization\",\"@id\":\"https:\/\/aquaforest.eu\/it\/#organization\",\"name\":\"Aquaforest\",\"url\":\"https:\/\/aquaforest.eu\/it\/\",\"logo\":{\"@type\":\"ImageObject\",\"inLanguage\":\"it-IT\",\"@id\":\"https:\/\/aquaforest.eu\/it\/#\/schema\/logo\/image\/\",\"url\":\"https:\/\/aquaforest.eu\/wp-content\/uploads\/2024\/05\/logotyp-aquaforest.svg\",\"contentUrl\":\"https:\/\/aquaforest.eu\/wp-content\/uploads\/2024\/05\/logotyp-aquaforest.svg\",\"width\":170,\"height\":22,\"caption\":\"Aquaforest\"},\"image\":{\"@id\":\"https:\/\/aquaforest.eu\/it\/#\/schema\/logo\/image\/\"},\"sameAs\":[\"https:\/\/www.facebook.com\/Aquaforest\/\",\"https:\/\/www.instagram.com\/aquaforest.eu\/\"]}]}<\/script>\n<!-- \/ Yoast SEO plugin. -->","yoast_head_json":{"title":"AF605 Sump - Aquaforest","description":"Questa vasca, progettata da acquariofili esperti, garantisce la filtrazione pi\u00f9 efficiente per il sano sviluppo e la crescita dei coralli.","robots":{"index":"index","follow":"follow","max-snippet":"max-snippet:-1","max-image-preview":"max-image-preview:large","max-video-preview":"max-video-preview:-1"},"canonical":"https:\/\/aquaforest.eu\/it\/products\/seawater\/aquarium-equipment\/af605-sump\/","og_locale":"it_IT","og_type":"article","og_title":"AF605 Sump - Aquaforest","og_description":"Questa vasca, progettata da acquariofili esperti, garantisce la filtrazione pi\u00f9 efficiente per il sano sviluppo e la crescita dei coralli.","og_url":"https:\/\/aquaforest.eu\/it\/products\/seawater\/aquarium-equipment\/af605-sump\/","og_site_name":"Aquaforest","article_publisher":"https:\/\/www.facebook.com\/Aquaforest\/","og_image":[{"width":600,"height":600,"url":"https:\/\/aquaforest.eu\/wp-content\/uploads\/2024\/06\/SUMP_AF605.png","type":"image\/png"}],"twitter_card":"summary_large_image","twitter_misc":{"Tempo di lettura stimato":"1 minuto"},"schema":{"@context":"https:\/\/schema.org","@graph":[{"@type":"WebPage","@id":"https:\/\/aquaforest.eu\/it\/products\/seawater\/aquarium-equipment\/af605-sump\/","url":"https:\/\/aquaforest.eu\/it\/products\/seawater\/aquarium-equipment\/af605-sump\/","name":"AF605 Sump - Aquaforest","isPartOf":{"@id":"https:\/\/aquaforest.eu\/it\/#website"},"primaryImageOfPage":{"@id":"https:\/\/aquaforest.eu\/it\/products\/seawater\/aquarium-equipment\/af605-sump\/#primaryimage"},"image":{"@id":"https:\/\/aquaforest.eu\/it\/products\/seawater\/aquarium-equipment\/af605-sump\/#primaryimage"},"thumbnailUrl":"https:\/\/aquaforest.eu\/wp-content\/uploads\/2024\/06\/SUMP_AF605.png","datePublished":"2024-06-26T00:18:09+00:00","description":"Questa vasca, progettata da acquariofili esperti, garantisce la filtrazione pi\u00f9 efficiente per il sano sviluppo e la crescita dei coralli.","breadcrumb":{"@id":"https:\/\/aquaforest.eu\/it\/products\/seawater\/aquarium-equipment\/af605-sump\/#breadcrumb"},"inLanguage":"it-IT","potentialAction":[{"@type":"ReadAction","target":["https:\/\/aquaforest.eu\/it\/products\/seawater\/aquarium-equipment\/af605-sump\/"]}]},{"@type":"ImageObject","inLanguage":"it-IT","@id":"https:\/\/aquaforest.eu\/it\/products\/seawater\/aquarium-equipment\/af605-sump\/#primaryimage","url":"https:\/\/aquaforest.eu\/wp-content\/uploads\/2024\/06\/SUMP_AF605.png","contentUrl":"https:\/\/aquaforest.eu\/wp-content\/uploads\/2024\/06\/SUMP_AF605.png","width":600,"height":600},{"@type":"BreadcrumbList","@id":"https:\/\/aquaforest.eu\/it\/products\/seawater\/aquarium-equipment\/af605-sump\/#breadcrumb","itemListElement":[{"@type":"ListItem","position":1,"name":"Home","item":"https:\/\/aquaforest.eu\/it\/"},{"@type":"ListItem","position":2,"name":"Prodotti","item":"https:\/\/aquaforest.eu\/it\/products\/"},{"@type":"ListItem","position":3,"name":"AF605 Sump"}]},{"@type":"WebSite","@id":"https:\/\/aquaforest.eu\/it\/#website","url":"https:\/\/aquaforest.eu\/it\/","name":"Aquaforest","description":"","publisher":{"@id":"https:\/\/aquaforest.eu\/it\/#organization"},"potentialAction":[{"@type":"SearchAction","target":{"@type":"EntryPoint","urlTemplate":"https:\/\/aquaforest.eu\/it\/?s={search_term_string}"},"query-input":{"@type":"PropertyValueSpecification","valueRequired":true,"valueName":"search_term_string"}}],"inLanguage":"it-IT"},{"@type":"Organization","@id":"https:\/\/aquaforest.eu\/it\/#organization","name":"Aquaforest","url":"https:\/\/aquaforest.eu\/it\/","logo":{"@type":"ImageObject","inLanguage":"it-IT","@id":"https:\/\/aquaforest.eu\/it\/#\/schema\/logo\/image\/","url":"https:\/\/aquaforest.eu\/wp-content\/uploads\/2024\/05\/logotyp-aquaforest.svg","contentUrl":"https:\/\/aquaforest.eu\/wp-content\/uploads\/2024\/05\/logotyp-aquaforest.svg","width":170,"height":22,"caption":"Aquaforest"},"image":{"@id":"https:\/\/aquaforest.eu\/it\/#\/schema\/logo\/image\/"},"sameAs":["https:\/\/www.facebook.com\/Aquaforest\/","https:\/\/www.instagram.com\/aquaforest.eu\/"]}]}},"_links":{"self":[{"href":"https:\/\/aquaforest.eu\/it\/wp-json\/wp\/v2\/product\/27077","targetHints":{"allow":["GET"]}}],"collection":[{"href":"https:\/\/aquaforest.eu\/it\/wp-json\/wp\/v2\/product"}],"about":[{"href":"https:\/\/aquaforest.eu\/it\/wp-json\/wp\/v2\/types\/product"}],"version-history":[{"count":0,"href":"https:\/\/aquaforest.eu\/it\/wp-json\/wp\/v2\/product\/27077\/revisions"}],"wp:featuredmedia":[{"embeddable":true,"href":"https:\/\/aquaforest.eu\/it\/wp-json\/wp\/v2\/media\/27079"}],"wp:attachment":[{"href":"https:\/\/aquaforest.eu\/it\/wp-json\/wp\/v2\/media?parent=27077"}],"wp:term":[{"taxonomy":"product_brand","embeddable":true,"href":"https:\/\/aquaforest.eu\/it\/wp-json\/wp\/v2\/product_brand?post=27077"},{"taxonomy":"product_cat","embeddable":true,"href":"https:\/\/aquaforest.eu\/it\/wp-json\/wp\/v2\/product_cat?post=27077"},{"taxonomy":"product_tag","embeddable":true,"href":"https:\/\/aquaforest.eu\/it\/wp-json\/wp\/v2\/product_tag?post=27077"}],"curies":[{"name":"wp","href":"https:\/\/api.w.org\/{rel}","templated":true}]}}