{"id":27149,"date":"2024-06-26T02:18:10","date_gmt":"2024-06-26T00:18:10","guid":{"rendered":"https:\/\/aquaforest.eu\/products\/senza-categoria\/af110-media-reactor\/"},"modified":"2024-06-26T02:18:10","modified_gmt":"2024-06-26T00:18:10","slug":"af110-media-reactor","status":"publish","type":"product","link":"https:\/\/aquaforest.eu\/it\/products\/seawater\/aquarium-equipment\/af110-media-reactor\/","title":{"rendered":"AF110 Media Reactor"},"content":{"rendered":"<p>Filtro a letto fluido universale di altissima qualit\u00e0, progettato per l\u2019uso con vari materiali filtranti. Funziona con carbone attivo, assorbitori di fosfati e zeoliti. Progettato da ingegneri e acquariofili, garantisce la filtrazione pi\u00f9 efficiente anche negli acquari marini pi\u00f9 esigenti. Il design unico e la massima tenuta consentono di posizionare il reattore sia nella sump che all\u2019esterno dell\u2019acquario. Per questo motivo, \u00e8 perfetto anche quando non c\u2019\u00e8 spazio nella sump per installare il filtro. Grazie ai materiali di altissima qualit\u00e0, \u00e8 resistente ai graffi e allo scolorimento. Il design ergonomico e il sistema smart-twist assicurano comfort d\u2019uso e permettono una sostituzione semplice ed efficace dei materiali filtranti. Le spugne interne impediscono la fuoriuscita dei media nell\u2019acqua.       <\/p>\n<p>Si consiglia di utilizzare la miscela ottimale dei materiali filtranti Aquaforest (Carbon, Phosphate Minus, Zeo Mix).<\/p>\n<p>&nbsp;<\/p>\n<hr>\n<p>&nbsp;<\/p>\n<p><strong>Caratteristiche:<\/strong><\/p>\n<ul>\n<li>Apertura smart-twist comoda<\/li>\n<li>Sistema di sostituzione facile \u2013 ricambio semplice dei media<\/li>\n<li>Altezza dei setti regolabile<\/li>\n<li>Completamente a tenuta stagna, funziona anche fuori dalla sump<\/li>\n<li>Estremit\u00e0 dei tubi incluse<\/li>\n<li>Resistente a graffi e scolorimenti<\/li>\n<\/ul>\n<p>&nbsp;<\/p>\n<hr>\n<p>&nbsp;<\/p>\n<p><strong>Specifiche tecniche: <\/strong><\/p>\n<p>Capacit\u00e0: 2800 ml (95 fl. oz.)<br \/>\nAltezza: 38 cm (15\u2033)<br \/>\nDiametro base: 14.5 cm (5.7\u2033)<br \/>\nDiametro tubo acrilico: 110 mm (4.3\u2033)<\/p>\n","protected":false},"excerpt":{"rendered":"<p>Filtro versatile per vari materiali filtranti, ideale per acquari marini. Compatibile con carbone attivo, assorbenti di fosfati e zeoliti. <\/p>\n","protected":false},"featured_media":27150,"template":"","meta":{"_acf_changed":false,"content-type":""},"product_brand":[],"product_cat":[1926],"product_tag":[1920,1927,1928,1910],"class_list":{"0":"post-27149","1":"product","2":"type-product","3":"status-publish","4":"has-post-thumbnail","6":"product_cat-aquarium-equipment","7":"product_tag-aquaforest","8":"product_tag-aquarium-equipment","9":"product_tag-seawater-aquatic","10":"product_tag-simple","12":"first","13":"instock","14":"taxable","15":"shipping-taxable","16":"purchasable","17":"product-type-simple"},"acf":[],"yoast_head":"<!-- This site is optimized with the Yoast SEO plugin v27.1.1 - https:\/\/yoast.com\/product\/yoast-seo-wordpress\/ -->\n<title>AF110 Media Reactor - Aquaforest<\/title>\n<meta name=\"description\" content=\"Reattore di media filtrazione AF 110 di alta qualit\u00e0: un filtro versatile per vari supporti, ideale per vasche marine.\" \/>\n<meta name=\"robots\" content=\"index, follow, max-snippet:-1, max-image-preview:large, max-video-preview:-1\" \/>\n<link rel=\"canonical\" href=\"https:\/\/aquaforest.eu\/it\/products\/seawater\/aquarium-equipment\/af110-media-reactor\/\" \/>\n<meta property=\"og:locale\" content=\"it_IT\" \/>\n<meta property=\"og:type\" content=\"article\" \/>\n<meta property=\"og:title\" content=\"AF110 Media Reactor - Aquaforest\" \/>\n<meta property=\"og:description\" content=\"Reattore di media filtrazione AF 110 di alta qualit\u00e0: un filtro versatile per vari supporti, ideale per vasche marine.\" \/>\n<meta property=\"og:url\" content=\"https:\/\/aquaforest.eu\/it\/products\/seawater\/aquarium-equipment\/af110-media-reactor\/\" \/>\n<meta property=\"og:site_name\" content=\"Aquaforest\" \/>\n<meta property=\"article:publisher\" content=\"https:\/\/www.facebook.com\/Aquaforest\/\" \/>\n<meta property=\"og:image\" content=\"https:\/\/aquaforest.eu\/wp-content\/uploads\/2024\/06\/AF110_MEDIA.png\" \/>\n\t<meta property=\"og:image:width\" content=\"324\" \/>\n\t<meta property=\"og:image:height\" content=\"600\" \/>\n\t<meta property=\"og:image:type\" content=\"image\/png\" \/>\n<meta name=\"twitter:card\" content=\"summary_large_image\" \/>\n<meta name=\"twitter:label1\" content=\"Tempo di lettura stimato\" \/>\n\t<meta name=\"twitter:data1\" content=\"1 minuto\" \/>\n<script type=\"application\/ld+json\" class=\"yoast-schema-graph\">{\"@context\":\"https:\/\/schema.org\",\"@graph\":[{\"@type\":\"WebPage\",\"@id\":\"https:\/\/aquaforest.eu\/it\/products\/seawater\/aquarium-equipment\/af110-media-reactor\/\",\"url\":\"https:\/\/aquaforest.eu\/it\/products\/seawater\/aquarium-equipment\/af110-media-reactor\/\",\"name\":\"AF110 Media Reactor - Aquaforest\",\"isPartOf\":{\"@id\":\"https:\/\/aquaforest.eu\/it\/#website\"},\"primaryImageOfPage\":{\"@id\":\"https:\/\/aquaforest.eu\/it\/products\/seawater\/aquarium-equipment\/af110-media-reactor\/#primaryimage\"},\"image\":{\"@id\":\"https:\/\/aquaforest.eu\/it\/products\/seawater\/aquarium-equipment\/af110-media-reactor\/#primaryimage\"},\"thumbnailUrl\":\"https:\/\/aquaforest.eu\/wp-content\/uploads\/2024\/06\/AF110_MEDIA.png\",\"datePublished\":\"2024-06-26T00:18:10+00:00\",\"description\":\"Reattore di media filtrazione AF 110 di alta qualit\u00e0: un filtro versatile per vari supporti, ideale per vasche marine.\",\"breadcrumb\":{\"@id\":\"https:\/\/aquaforest.eu\/it\/products\/seawater\/aquarium-equipment\/af110-media-reactor\/#breadcrumb\"},\"inLanguage\":\"it-IT\",\"potentialAction\":[{\"@type\":\"ReadAction\",\"target\":[\"https:\/\/aquaforest.eu\/it\/products\/seawater\/aquarium-equipment\/af110-media-reactor\/\"]}]},{\"@type\":\"ImageObject\",\"inLanguage\":\"it-IT\",\"@id\":\"https:\/\/aquaforest.eu\/it\/products\/seawater\/aquarium-equipment\/af110-media-reactor\/#primaryimage\",\"url\":\"https:\/\/aquaforest.eu\/wp-content\/uploads\/2024\/06\/AF110_MEDIA.png\",\"contentUrl\":\"https:\/\/aquaforest.eu\/wp-content\/uploads\/2024\/06\/AF110_MEDIA.png\",\"width\":324,\"height\":600},{\"@type\":\"BreadcrumbList\",\"@id\":\"https:\/\/aquaforest.eu\/it\/products\/seawater\/aquarium-equipment\/af110-media-reactor\/#breadcrumb\",\"itemListElement\":[{\"@type\":\"ListItem\",\"position\":1,\"name\":\"Home\",\"item\":\"https:\/\/aquaforest.eu\/it\/\"},{\"@type\":\"ListItem\",\"position\":2,\"name\":\"Prodotti\",\"item\":\"https:\/\/aquaforest.eu\/it\/products\/\"},{\"@type\":\"ListItem\",\"position\":3,\"name\":\"AF110 Media Reactor\"}]},{\"@type\":\"WebSite\",\"@id\":\"https:\/\/aquaforest.eu\/it\/#website\",\"url\":\"https:\/\/aquaforest.eu\/it\/\",\"name\":\"Aquaforest\",\"description\":\"\",\"publisher\":{\"@id\":\"https:\/\/aquaforest.eu\/it\/#organization\"},\"potentialAction\":[{\"@type\":\"SearchAction\",\"target\":{\"@type\":\"EntryPoint\",\"urlTemplate\":\"https:\/\/aquaforest.eu\/it\/?s={search_term_string}\"},\"query-input\":{\"@type\":\"PropertyValueSpecification\",\"valueRequired\":true,\"valueName\":\"search_term_string\"}}],\"inLanguage\":\"it-IT\"},{\"@type\":\"Organization\",\"@id\":\"https:\/\/aquaforest.eu\/it\/#organization\",\"name\":\"Aquaforest\",\"url\":\"https:\/\/aquaforest.eu\/it\/\",\"logo\":{\"@type\":\"ImageObject\",\"inLanguage\":\"it-IT\",\"@id\":\"https:\/\/aquaforest.eu\/it\/#\/schema\/logo\/image\/\",\"url\":\"https:\/\/aquaforest.eu\/wp-content\/uploads\/2024\/05\/logotyp-aquaforest.svg\",\"contentUrl\":\"https:\/\/aquaforest.eu\/wp-content\/uploads\/2024\/05\/logotyp-aquaforest.svg\",\"width\":170,\"height\":22,\"caption\":\"Aquaforest\"},\"image\":{\"@id\":\"https:\/\/aquaforest.eu\/it\/#\/schema\/logo\/image\/\"},\"sameAs\":[\"https:\/\/www.facebook.com\/Aquaforest\/\",\"https:\/\/www.instagram.com\/aquaforest.eu\/\"]}]}<\/script>\n<!-- \/ Yoast SEO plugin. -->","yoast_head_json":{"title":"AF110 Media Reactor - Aquaforest","description":"Reattore di media filtrazione AF 110 di alta qualit\u00e0: un filtro versatile per vari supporti, ideale per vasche marine.","robots":{"index":"index","follow":"follow","max-snippet":"max-snippet:-1","max-image-preview":"max-image-preview:large","max-video-preview":"max-video-preview:-1"},"canonical":"https:\/\/aquaforest.eu\/it\/products\/seawater\/aquarium-equipment\/af110-media-reactor\/","og_locale":"it_IT","og_type":"article","og_title":"AF110 Media Reactor - Aquaforest","og_description":"Reattore di media filtrazione AF 110 di alta qualit\u00e0: un filtro versatile per vari supporti, ideale per vasche marine.","og_url":"https:\/\/aquaforest.eu\/it\/products\/seawater\/aquarium-equipment\/af110-media-reactor\/","og_site_name":"Aquaforest","article_publisher":"https:\/\/www.facebook.com\/Aquaforest\/","og_image":[{"width":324,"height":600,"url":"https:\/\/aquaforest.eu\/wp-content\/uploads\/2024\/06\/AF110_MEDIA.png","type":"image\/png"}],"twitter_card":"summary_large_image","twitter_misc":{"Tempo di lettura stimato":"1 minuto"},"schema":{"@context":"https:\/\/schema.org","@graph":[{"@type":"WebPage","@id":"https:\/\/aquaforest.eu\/it\/products\/seawater\/aquarium-equipment\/af110-media-reactor\/","url":"https:\/\/aquaforest.eu\/it\/products\/seawater\/aquarium-equipment\/af110-media-reactor\/","name":"AF110 Media Reactor - Aquaforest","isPartOf":{"@id":"https:\/\/aquaforest.eu\/it\/#website"},"primaryImageOfPage":{"@id":"https:\/\/aquaforest.eu\/it\/products\/seawater\/aquarium-equipment\/af110-media-reactor\/#primaryimage"},"image":{"@id":"https:\/\/aquaforest.eu\/it\/products\/seawater\/aquarium-equipment\/af110-media-reactor\/#primaryimage"},"thumbnailUrl":"https:\/\/aquaforest.eu\/wp-content\/uploads\/2024\/06\/AF110_MEDIA.png","datePublished":"2024-06-26T00:18:10+00:00","description":"Reattore di media filtrazione AF 110 di alta qualit\u00e0: un filtro versatile per vari supporti, ideale per vasche marine.","breadcrumb":{"@id":"https:\/\/aquaforest.eu\/it\/products\/seawater\/aquarium-equipment\/af110-media-reactor\/#breadcrumb"},"inLanguage":"it-IT","potentialAction":[{"@type":"ReadAction","target":["https:\/\/aquaforest.eu\/it\/products\/seawater\/aquarium-equipment\/af110-media-reactor\/"]}]},{"@type":"ImageObject","inLanguage":"it-IT","@id":"https:\/\/aquaforest.eu\/it\/products\/seawater\/aquarium-equipment\/af110-media-reactor\/#primaryimage","url":"https:\/\/aquaforest.eu\/wp-content\/uploads\/2024\/06\/AF110_MEDIA.png","contentUrl":"https:\/\/aquaforest.eu\/wp-content\/uploads\/2024\/06\/AF110_MEDIA.png","width":324,"height":600},{"@type":"BreadcrumbList","@id":"https:\/\/aquaforest.eu\/it\/products\/seawater\/aquarium-equipment\/af110-media-reactor\/#breadcrumb","itemListElement":[{"@type":"ListItem","position":1,"name":"Home","item":"https:\/\/aquaforest.eu\/it\/"},{"@type":"ListItem","position":2,"name":"Prodotti","item":"https:\/\/aquaforest.eu\/it\/products\/"},{"@type":"ListItem","position":3,"name":"AF110 Media Reactor"}]},{"@type":"WebSite","@id":"https:\/\/aquaforest.eu\/it\/#website","url":"https:\/\/aquaforest.eu\/it\/","name":"Aquaforest","description":"","publisher":{"@id":"https:\/\/aquaforest.eu\/it\/#organization"},"potentialAction":[{"@type":"SearchAction","target":{"@type":"EntryPoint","urlTemplate":"https:\/\/aquaforest.eu\/it\/?s={search_term_string}"},"query-input":{"@type":"PropertyValueSpecification","valueRequired":true,"valueName":"search_term_string"}}],"inLanguage":"it-IT"},{"@type":"Organization","@id":"https:\/\/aquaforest.eu\/it\/#organization","name":"Aquaforest","url":"https:\/\/aquaforest.eu\/it\/","logo":{"@type":"ImageObject","inLanguage":"it-IT","@id":"https:\/\/aquaforest.eu\/it\/#\/schema\/logo\/image\/","url":"https:\/\/aquaforest.eu\/wp-content\/uploads\/2024\/05\/logotyp-aquaforest.svg","contentUrl":"https:\/\/aquaforest.eu\/wp-content\/uploads\/2024\/05\/logotyp-aquaforest.svg","width":170,"height":22,"caption":"Aquaforest"},"image":{"@id":"https:\/\/aquaforest.eu\/it\/#\/schema\/logo\/image\/"},"sameAs":["https:\/\/www.facebook.com\/Aquaforest\/","https:\/\/www.instagram.com\/aquaforest.eu\/"]}]}},"_links":{"self":[{"href":"https:\/\/aquaforest.eu\/it\/wp-json\/wp\/v2\/product\/27149","targetHints":{"allow":["GET"]}}],"collection":[{"href":"https:\/\/aquaforest.eu\/it\/wp-json\/wp\/v2\/product"}],"about":[{"href":"https:\/\/aquaforest.eu\/it\/wp-json\/wp\/v2\/types\/product"}],"version-history":[{"count":0,"href":"https:\/\/aquaforest.eu\/it\/wp-json\/wp\/v2\/product\/27149\/revisions"}],"wp:featuredmedia":[{"embeddable":true,"href":"https:\/\/aquaforest.eu\/it\/wp-json\/wp\/v2\/media\/27150"}],"wp:attachment":[{"href":"https:\/\/aquaforest.eu\/it\/wp-json\/wp\/v2\/media?parent=27149"}],"wp:term":[{"taxonomy":"product_brand","embeddable":true,"href":"https:\/\/aquaforest.eu\/it\/wp-json\/wp\/v2\/product_brand?post=27149"},{"taxonomy":"product_cat","embeddable":true,"href":"https:\/\/aquaforest.eu\/it\/wp-json\/wp\/v2\/product_cat?post=27149"},{"taxonomy":"product_tag","embeddable":true,"href":"https:\/\/aquaforest.eu\/it\/wp-json\/wp\/v2\/product_tag?post=27149"}],"curies":[{"name":"wp","href":"https:\/\/api.w.org\/{rel}","templated":true}]}}