{"id":27178,"date":"2024-06-26T02:18:14","date_gmt":"2024-06-26T00:18:14","guid":{"rendered":"https:\/\/aquaforest.eu\/products\/senza-categoria\/af-bio-sand\/"},"modified":"2024-06-26T02:18:14","modified_gmt":"2024-06-26T00:18:14","slug":"af-bio-sand","status":"publish","type":"product","link":"https:\/\/aquaforest.eu\/it\/products\/seawater\/aquascaping\/af-bio-sand\/","title":{"rendered":"AF Bio Sand"},"content":{"rendered":"<h3 class=\"fusion-responsive-typography-calculated\" data-fontsize=\"22\" data-lineheight=\"27.5px\">Accelera il processo di maturazione dell\u2019acquario<\/h3>\n<p>AF Bio Sand \u00e8 una sabbia bianca naturale proveniente da depositi selezionati di altissima qualit\u00e0. \u00c8 priva di contaminanti e il suo contenuto di carbonato di calcio aiuta a stabilizzare la chimica dell\u2019acqua. Grazie alla tecnologia pi\u00f9 avanzata, AF Bio Sand accelera significativamente il processo di maturazione dell\u2019acquario, permettendo di introdurre pi\u00f9 rapidamente gli organismi in una vasca appena avviata. Le bottiglie incluse contengono ceppi di batteri nitrificanti isolati in laboratorio e un nutrimento che ne favorisce lo sviluppo e la moltiplicazione.   <\/p>\n<p>&nbsp;<\/p>\n<hr>\n<h3 data-fontsize=\"22\" data-lineheight=\"27.5px\"><\/h3>\n<h3 class=\"fusion-responsive-typography-calculated\" data-fontsize=\"22\" data-lineheight=\"27.5px\">Avvio pi\u00f9 rapido del ciclo dell\u2019azoto ed eliminazione dei composti nocivi<\/h3>\n<p>La formula specialistica del prodotto garantisce la chiusura del ciclo dell\u2019azoto e l\u2019eliminazione dei composti chimici nocivi molto pi\u00f9 velocemente rispetto ai substrati tradizionali. L\u2019estrema semplicit\u00e0 d\u2019uso di AF Bio Sand consente di preparare istantaneamente la sabbia per l\u2019utilizzo in acquario. Grazie alla sua versatilit\u00e0, AF Bio Sand \u00e8 perfetta anche in vasche mature come supplemento del substrato. La granulometria \u00e8 di 0,5\u20131,5 mm.   <\/p>\n<p>&nbsp;<\/p>\n<hr>\n<h3 data-fontsize=\"22\" data-lineheight=\"27.5px\"><\/h3>\n<h3 class=\"fusion-responsive-typography-calculated\" data-fontsize=\"22\" data-lineheight=\"27.5px\">Preparazione istantanea della sabbia per l\u2019acquario<\/h3>\n<p><strong>Preparazione:<\/strong> Durante il trasporto possono comparire residui di sabbia: sono completamente sicuri per l\u2019acquario, ma per evitare torbidit\u00e0 si consiglia di risciacquare il prodotto in acqua RODI prima dell\u2019uso. Versare il contenuto di entrambe le bottiglie in 3 litri di acqua salata, mescolare accuratamente, aggiungere al sacchetto della sabbia e lasciare riposare per 24 ore. Per favorire la moltiplicazione batterica non chiudere il sacchetto. Non conservare in luoghi freddi, poich\u00e9 questo rallenta notevolmente la crescita batterica. La temperatura ottimale di maturazione della sabbia \u00e8 25\u201328 \u00b0C. Dopo 24 ore la sabbia \u00e8 pronta per l\u2019uso. Inserire la sabbia gradualmente in acquario (piccole quantit\u00e0 giorno per giorno) e monitorare i parametriAccelerates the aquarium maturation process      <\/p>\n<p><img decoding=\"async\" class=\"alignnone size-medium wp-image-2703\" src=\"https:\/\/aquaforest.eu\/wp-content\/uploads\/2024\/06\/AF_Bio-Sand_tabelka-600x286-1-300x143.png\" alt=\"\" width=\"300\" height=\"143\" srcset=\"https:\/\/aquaforest.eu\/wp-content\/uploads\/2024\/06\/AF_Bio-Sand_tabelka-600x286-1-300x143.png 300w, https:\/\/aquaforest.eu\/wp-content\/uploads\/2024\/06\/AF_Bio-Sand_tabelka-600x286-1.png 600w\" sizes=\"(max-width: 300px) 100vw, 300px\" \/><\/p>\n","protected":false},"excerpt":{"rendered":"<p>Sabbia bianca naturale proveniente da depositi di altissima qualit\u00e0. Priva di contaminanti. <\/p>\n","protected":false},"featured_media":27063,"template":"","meta":{"_acf_changed":false,"content-type":""},"product_brand":[],"product_cat":[1939],"product_tag":[1920,1963,1928,1915],"class_list":{"0":"post-27178","1":"product","2":"type-product","3":"status-publish","4":"has-post-thumbnail","6":"product_cat-aquascaping","7":"product_tag-aquaforest","8":"product_tag-aquascaping","9":"product_tag-seawater-aquatic","10":"product_tag-variable","12":"first","13":"instock","14":"taxable","15":"shipping-taxable","16":"purchasable","17":"product-type-variable","18":"has-default-attributes"},"acf":[],"yoast_head":"<!-- This site is optimized with the Yoast SEO plugin v27.1.1 - https:\/\/yoast.com\/product\/yoast-seo-wordpress\/ -->\n<title>AF Bio Sand - Aquaforest<\/title>\n<meta name=\"description\" content=\"AF Bio Sand di Aquaforest: sabbia naturale per acquari, favorisce la filtrazione e la salute dell&#039;ecosistema. Integratore batterico per accelerare la maturazione dell&#039;acquario.\" \/>\n<meta name=\"robots\" content=\"index, follow, max-snippet:-1, max-image-preview:large, max-video-preview:-1\" \/>\n<link rel=\"canonical\" href=\"https:\/\/aquaforest.eu\/it\/products\/seawater\/aquascaping\/af-bio-sand\/\" \/>\n<meta property=\"og:locale\" content=\"it_IT\" \/>\n<meta property=\"og:type\" content=\"article\" \/>\n<meta property=\"og:title\" content=\"AF Bio Sand - Aquaforest\" \/>\n<meta property=\"og:description\" content=\"AF Bio Sand di Aquaforest: sabbia naturale per acquari, favorisce la filtrazione e la salute dell&#039;ecosistema. Integratore batterico per accelerare la maturazione dell&#039;acquario.\" \/>\n<meta property=\"og:url\" content=\"https:\/\/aquaforest.eu\/it\/products\/seawater\/aquascaping\/af-bio-sand\/\" \/>\n<meta property=\"og:site_name\" content=\"Aquaforest\" \/>\n<meta property=\"article:publisher\" content=\"https:\/\/www.facebook.com\/Aquaforest\/\" \/>\n<meta property=\"og:image\" content=\"https:\/\/aquaforest.eu\/wp-content\/uploads\/2024\/06\/AF-Bio-Sand.png\" \/>\n\t<meta property=\"og:image:width\" content=\"395\" \/>\n\t<meta property=\"og:image:height\" content=\"600\" \/>\n\t<meta property=\"og:image:type\" content=\"image\/png\" \/>\n<meta name=\"twitter:card\" content=\"summary_large_image\" \/>\n<meta name=\"twitter:label1\" content=\"Tempo di lettura stimato\" \/>\n\t<meta name=\"twitter:data1\" content=\"1 minuto\" \/>\n<script type=\"application\/ld+json\" class=\"yoast-schema-graph\">{\"@context\":\"https:\/\/schema.org\",\"@graph\":[{\"@type\":\"WebPage\",\"@id\":\"https:\/\/aquaforest.eu\/it\/products\/seawater\/aquascaping\/af-bio-sand\/\",\"url\":\"https:\/\/aquaforest.eu\/it\/products\/seawater\/aquascaping\/af-bio-sand\/\",\"name\":\"AF Bio Sand - Aquaforest\",\"isPartOf\":{\"@id\":\"https:\/\/aquaforest.eu\/it\/#website\"},\"primaryImageOfPage\":{\"@id\":\"https:\/\/aquaforest.eu\/it\/products\/seawater\/aquascaping\/af-bio-sand\/#primaryimage\"},\"image\":{\"@id\":\"https:\/\/aquaforest.eu\/it\/products\/seawater\/aquascaping\/af-bio-sand\/#primaryimage\"},\"thumbnailUrl\":\"https:\/\/aquaforest.eu\/wp-content\/uploads\/2024\/06\/AF-Bio-Sand.png\",\"datePublished\":\"2024-06-26T00:18:14+00:00\",\"description\":\"AF Bio Sand di Aquaforest: sabbia naturale per acquari, favorisce la filtrazione e la salute dell'ecosistema. Integratore batterico per accelerare la maturazione dell'acquario.\",\"breadcrumb\":{\"@id\":\"https:\/\/aquaforest.eu\/it\/products\/seawater\/aquascaping\/af-bio-sand\/#breadcrumb\"},\"inLanguage\":\"it-IT\",\"potentialAction\":[{\"@type\":\"ReadAction\",\"target\":[\"https:\/\/aquaforest.eu\/it\/products\/seawater\/aquascaping\/af-bio-sand\/\"]}]},{\"@type\":\"ImageObject\",\"inLanguage\":\"it-IT\",\"@id\":\"https:\/\/aquaforest.eu\/it\/products\/seawater\/aquascaping\/af-bio-sand\/#primaryimage\",\"url\":\"https:\/\/aquaforest.eu\/wp-content\/uploads\/2024\/06\/AF-Bio-Sand.png\",\"contentUrl\":\"https:\/\/aquaforest.eu\/wp-content\/uploads\/2024\/06\/AF-Bio-Sand.png\",\"width\":395,\"height\":600},{\"@type\":\"BreadcrumbList\",\"@id\":\"https:\/\/aquaforest.eu\/it\/products\/seawater\/aquascaping\/af-bio-sand\/#breadcrumb\",\"itemListElement\":[{\"@type\":\"ListItem\",\"position\":1,\"name\":\"Home\",\"item\":\"https:\/\/aquaforest.eu\/it\/\"},{\"@type\":\"ListItem\",\"position\":2,\"name\":\"Prodotti\",\"item\":\"https:\/\/aquaforest.eu\/it\/products\/\"},{\"@type\":\"ListItem\",\"position\":3,\"name\":\"AF Bio Sand\"}]},{\"@type\":\"WebSite\",\"@id\":\"https:\/\/aquaforest.eu\/it\/#website\",\"url\":\"https:\/\/aquaforest.eu\/it\/\",\"name\":\"Aquaforest\",\"description\":\"\",\"publisher\":{\"@id\":\"https:\/\/aquaforest.eu\/it\/#organization\"},\"potentialAction\":[{\"@type\":\"SearchAction\",\"target\":{\"@type\":\"EntryPoint\",\"urlTemplate\":\"https:\/\/aquaforest.eu\/it\/?s={search_term_string}\"},\"query-input\":{\"@type\":\"PropertyValueSpecification\",\"valueRequired\":true,\"valueName\":\"search_term_string\"}}],\"inLanguage\":\"it-IT\"},{\"@type\":\"Organization\",\"@id\":\"https:\/\/aquaforest.eu\/it\/#organization\",\"name\":\"Aquaforest\",\"url\":\"https:\/\/aquaforest.eu\/it\/\",\"logo\":{\"@type\":\"ImageObject\",\"inLanguage\":\"it-IT\",\"@id\":\"https:\/\/aquaforest.eu\/it\/#\/schema\/logo\/image\/\",\"url\":\"https:\/\/aquaforest.eu\/wp-content\/uploads\/2024\/05\/logotyp-aquaforest.svg\",\"contentUrl\":\"https:\/\/aquaforest.eu\/wp-content\/uploads\/2024\/05\/logotyp-aquaforest.svg\",\"width\":170,\"height\":22,\"caption\":\"Aquaforest\"},\"image\":{\"@id\":\"https:\/\/aquaforest.eu\/it\/#\/schema\/logo\/image\/\"},\"sameAs\":[\"https:\/\/www.facebook.com\/Aquaforest\/\",\"https:\/\/www.instagram.com\/aquaforest.eu\/\"]}]}<\/script>\n<!-- \/ Yoast SEO plugin. -->","yoast_head_json":{"title":"AF Bio Sand - Aquaforest","description":"AF Bio Sand di Aquaforest: sabbia naturale per acquari, favorisce la filtrazione e la salute dell'ecosistema. Integratore batterico per accelerare la maturazione dell'acquario.","robots":{"index":"index","follow":"follow","max-snippet":"max-snippet:-1","max-image-preview":"max-image-preview:large","max-video-preview":"max-video-preview:-1"},"canonical":"https:\/\/aquaforest.eu\/it\/products\/seawater\/aquascaping\/af-bio-sand\/","og_locale":"it_IT","og_type":"article","og_title":"AF Bio Sand - Aquaforest","og_description":"AF Bio Sand di Aquaforest: sabbia naturale per acquari, favorisce la filtrazione e la salute dell'ecosistema. Integratore batterico per accelerare la maturazione dell'acquario.","og_url":"https:\/\/aquaforest.eu\/it\/products\/seawater\/aquascaping\/af-bio-sand\/","og_site_name":"Aquaforest","article_publisher":"https:\/\/www.facebook.com\/Aquaforest\/","og_image":[{"width":395,"height":600,"url":"https:\/\/aquaforest.eu\/wp-content\/uploads\/2024\/06\/AF-Bio-Sand.png","type":"image\/png"}],"twitter_card":"summary_large_image","twitter_misc":{"Tempo di lettura stimato":"1 minuto"},"schema":{"@context":"https:\/\/schema.org","@graph":[{"@type":"WebPage","@id":"https:\/\/aquaforest.eu\/it\/products\/seawater\/aquascaping\/af-bio-sand\/","url":"https:\/\/aquaforest.eu\/it\/products\/seawater\/aquascaping\/af-bio-sand\/","name":"AF Bio Sand - Aquaforest","isPartOf":{"@id":"https:\/\/aquaforest.eu\/it\/#website"},"primaryImageOfPage":{"@id":"https:\/\/aquaforest.eu\/it\/products\/seawater\/aquascaping\/af-bio-sand\/#primaryimage"},"image":{"@id":"https:\/\/aquaforest.eu\/it\/products\/seawater\/aquascaping\/af-bio-sand\/#primaryimage"},"thumbnailUrl":"https:\/\/aquaforest.eu\/wp-content\/uploads\/2024\/06\/AF-Bio-Sand.png","datePublished":"2024-06-26T00:18:14+00:00","description":"AF Bio Sand di Aquaforest: sabbia naturale per acquari, favorisce la filtrazione e la salute dell'ecosistema. Integratore batterico per accelerare la maturazione dell'acquario.","breadcrumb":{"@id":"https:\/\/aquaforest.eu\/it\/products\/seawater\/aquascaping\/af-bio-sand\/#breadcrumb"},"inLanguage":"it-IT","potentialAction":[{"@type":"ReadAction","target":["https:\/\/aquaforest.eu\/it\/products\/seawater\/aquascaping\/af-bio-sand\/"]}]},{"@type":"ImageObject","inLanguage":"it-IT","@id":"https:\/\/aquaforest.eu\/it\/products\/seawater\/aquascaping\/af-bio-sand\/#primaryimage","url":"https:\/\/aquaforest.eu\/wp-content\/uploads\/2024\/06\/AF-Bio-Sand.png","contentUrl":"https:\/\/aquaforest.eu\/wp-content\/uploads\/2024\/06\/AF-Bio-Sand.png","width":395,"height":600},{"@type":"BreadcrumbList","@id":"https:\/\/aquaforest.eu\/it\/products\/seawater\/aquascaping\/af-bio-sand\/#breadcrumb","itemListElement":[{"@type":"ListItem","position":1,"name":"Home","item":"https:\/\/aquaforest.eu\/it\/"},{"@type":"ListItem","position":2,"name":"Prodotti","item":"https:\/\/aquaforest.eu\/it\/products\/"},{"@type":"ListItem","position":3,"name":"AF Bio Sand"}]},{"@type":"WebSite","@id":"https:\/\/aquaforest.eu\/it\/#website","url":"https:\/\/aquaforest.eu\/it\/","name":"Aquaforest","description":"","publisher":{"@id":"https:\/\/aquaforest.eu\/it\/#organization"},"potentialAction":[{"@type":"SearchAction","target":{"@type":"EntryPoint","urlTemplate":"https:\/\/aquaforest.eu\/it\/?s={search_term_string}"},"query-input":{"@type":"PropertyValueSpecification","valueRequired":true,"valueName":"search_term_string"}}],"inLanguage":"it-IT"},{"@type":"Organization","@id":"https:\/\/aquaforest.eu\/it\/#organization","name":"Aquaforest","url":"https:\/\/aquaforest.eu\/it\/","logo":{"@type":"ImageObject","inLanguage":"it-IT","@id":"https:\/\/aquaforest.eu\/it\/#\/schema\/logo\/image\/","url":"https:\/\/aquaforest.eu\/wp-content\/uploads\/2024\/05\/logotyp-aquaforest.svg","contentUrl":"https:\/\/aquaforest.eu\/wp-content\/uploads\/2024\/05\/logotyp-aquaforest.svg","width":170,"height":22,"caption":"Aquaforest"},"image":{"@id":"https:\/\/aquaforest.eu\/it\/#\/schema\/logo\/image\/"},"sameAs":["https:\/\/www.facebook.com\/Aquaforest\/","https:\/\/www.instagram.com\/aquaforest.eu\/"]}]}},"_links":{"self":[{"href":"https:\/\/aquaforest.eu\/it\/wp-json\/wp\/v2\/product\/27178","targetHints":{"allow":["GET"]}}],"collection":[{"href":"https:\/\/aquaforest.eu\/it\/wp-json\/wp\/v2\/product"}],"about":[{"href":"https:\/\/aquaforest.eu\/it\/wp-json\/wp\/v2\/types\/product"}],"version-history":[{"count":0,"href":"https:\/\/aquaforest.eu\/it\/wp-json\/wp\/v2\/product\/27178\/revisions"}],"wp:featuredmedia":[{"embeddable":true,"href":"https:\/\/aquaforest.eu\/it\/wp-json\/wp\/v2\/media\/27063"}],"wp:attachment":[{"href":"https:\/\/aquaforest.eu\/it\/wp-json\/wp\/v2\/media?parent=27178"}],"wp:term":[{"taxonomy":"product_brand","embeddable":true,"href":"https:\/\/aquaforest.eu\/it\/wp-json\/wp\/v2\/product_brand?post=27178"},{"taxonomy":"product_cat","embeddable":true,"href":"https:\/\/aquaforest.eu\/it\/wp-json\/wp\/v2\/product_cat?post=27178"},{"taxonomy":"product_tag","embeddable":true,"href":"https:\/\/aquaforest.eu\/it\/wp-json\/wp\/v2\/product_tag?post=27178"}],"curies":[{"name":"wp","href":"https:\/\/api.w.org\/{rel}","templated":true}]}}