{"id":27191,"date":"2024-06-26T02:18:15","date_gmt":"2024-06-26T00:18:15","guid":{"rendered":"https:\/\/aquaforest.eu\/products\/senza-categoria\/af-zoa-food\/"},"modified":"2026-05-07T17:25:09","modified_gmt":"2026-05-07T15:25:09","slug":"af-zoa-food","status":"publish","type":"product","link":"https:\/\/aquaforest.eu\/it\/products\/seawater\/foods-and-supplementation\/af-zoa-food\/","title":{"rendered":"AF Zoa Food"},"content":{"rendered":"<p>Mangime in polvere dedicato principalmente a Zoanthus, Ricordea, Rhodactis e altri coralli a fungo. Miscela vegetale accuratamente selezionata, sviluppata per soddisfare tutte le esigenze di questi coralli. AF Zoa Food \u00e8 arricchito con uno speciale complesso di vitamine perfettamente adattato alle loro necessit\u00e0. Grazie all\u2019integrazione con questo mix vitaminico, AF Zoa Food supporta una crescita sana e intensa, migliora la colorazione e accelera lo sviluppo dei coralli.<\/p>\n<h3><strong>Dosaggio<\/strong>:<\/h3>\n<p>1 misurino per 100 l (27 US gal) di acqua.<\/p>\n<p>Riempire un piccolo contenitore con circa 20 ml di acqua dell\u2019acquario, aggiungere un misurino di AF Zoa Food e mescolare per un minuto. Versare la sospensione direttamente in vasca o utilizzare una pipetta per alimentare i coralli selezionati. Utilizzare almeno una volta a settimana. In acquari maturi e ben popolati, il prodotto pu\u00f2 essere usato pi\u00f9 frequentemente, anche quotidianamente.<\/p>\n<p>Tutti i mangimi in polvere hanno un dosaggio raccomandato di 1 misurino per 100 l di acqua, ma \u00e8 importante ricordare che ogni acquario \u00e8 diverso e la dose pu\u00f2 variare in base alla popolazione di coralli. Si consiglia di iniziare la somministrazione con met\u00e0 dose (anche \u00bc) e osservare le reazioni dei coralli. Una volta esclusi segni di sovradosaggio, si pu\u00f2 aumentare gradualmente fino alla dose target. I coralli come Zoanthus, Ricordea e altri coralli a fungo dovrebbero essere nutriti durante il giorno. Per facilitare l\u2019assorbimento del cibo, gli SPS e LPS dovrebbero essere nutriti dopo lo spegnimento delle luci. Per garantire il massimo assorbimento dei nutrienti, tutti gli integratori e gli alimenti per coralli dovrebbero essere distribuiti direttamente in acquario. Durante l\u2019alimentazione si consiglia di spegnere lo skimmer per circa un\u2019ora.<\/p>\n","protected":false},"excerpt":{"rendered":"<p>Miscela vegetale accuratamente selezionata, sviluppata per soddisfare tutte le esigenze degli Zoanthus e dei coralli a fungo.<\/p>\n","protected":false},"featured_media":27192,"template":"","meta":{"_acf_changed":false,"content-type":""},"product_brand":[],"product_cat":[1934],"product_tag":[1965,1920,1928,1910],"class_list":{"0":"post-27191","1":"product","2":"type-product","3":"status-publish","4":"has-post-thumbnail","6":"product_cat-foods-and-supplementation","7":"product_tag-alimentazione-e-integrazione","8":"product_tag-aquaforest","9":"product_tag-seawater-aquatic","10":"product_tag-simple","12":"first","13":"instock","14":"taxable","15":"shipping-taxable","16":"purchasable","17":"product-type-simple"},"acf":[],"yoast_head":"<!-- This site is optimized with the Yoast SEO plugin v27.1.1 - https:\/\/yoast.com\/product\/yoast-seo-wordpress\/ -->\n<title>AF Zoa Food - Aquaforest<\/title>\n<meta name=\"description\" content=\"AF Zoa Food di Aquaforest: alimento specifico per Zoanthus e altri coralli, arricchito con nutrienti essenziali. Formula unica per una crescita sana e una colorazione intensa.\" \/>\n<meta name=\"robots\" content=\"index, follow, max-snippet:-1, max-image-preview:large, max-video-preview:-1\" \/>\n<link rel=\"canonical\" href=\"https:\/\/aquaforest.eu\/it\/products\/seawater\/foods-and-supplementation\/af-zoa-food\/\" \/>\n<meta property=\"og:locale\" content=\"it_IT\" \/>\n<meta property=\"og:type\" content=\"article\" \/>\n<meta property=\"og:title\" content=\"AF Zoa Food - Aquaforest\" \/>\n<meta property=\"og:description\" content=\"AF Zoa Food di Aquaforest: alimento specifico per Zoanthus e altri coralli, arricchito con nutrienti essenziali. Formula unica per una crescita sana e una colorazione intensa.\" \/>\n<meta property=\"og:url\" content=\"https:\/\/aquaforest.eu\/it\/products\/seawater\/foods-and-supplementation\/af-zoa-food\/\" \/>\n<meta property=\"og:site_name\" content=\"Aquaforest\" \/>\n<meta property=\"article:publisher\" content=\"https:\/\/www.facebook.com\/Aquaforest\/\" \/>\n<meta property=\"article:modified_time\" content=\"2026-05-07T15:25:09+00:00\" \/>\n<meta property=\"og:image\" content=\"https:\/\/aquaforest.eu\/wp-content\/uploads\/2024\/06\/AF-Zoa-Food.png\" \/>\n\t<meta property=\"og:image:width\" content=\"570\" \/>\n\t<meta property=\"og:image:height\" content=\"600\" \/>\n\t<meta property=\"og:image:type\" content=\"image\/png\" \/>\n<meta name=\"twitter:card\" content=\"summary_large_image\" \/>\n<meta name=\"twitter:label1\" content=\"Tempo di lettura stimato\" \/>\n\t<meta name=\"twitter:data1\" content=\"2 minuti\" \/>\n<script type=\"application\/ld+json\" class=\"yoast-schema-graph\">{\"@context\":\"https:\/\/schema.org\",\"@graph\":[{\"@type\":\"WebPage\",\"@id\":\"https:\/\/aquaforest.eu\/it\/products\/seawater\/foods-and-supplementation\/af-zoa-food\/\",\"url\":\"https:\/\/aquaforest.eu\/it\/products\/seawater\/foods-and-supplementation\/af-zoa-food\/\",\"name\":\"AF Zoa Food - Aquaforest\",\"isPartOf\":{\"@id\":\"https:\/\/aquaforest.eu\/it\/#website\"},\"primaryImageOfPage\":{\"@id\":\"https:\/\/aquaforest.eu\/it\/products\/seawater\/foods-and-supplementation\/af-zoa-food\/#primaryimage\"},\"image\":{\"@id\":\"https:\/\/aquaforest.eu\/it\/products\/seawater\/foods-and-supplementation\/af-zoa-food\/#primaryimage\"},\"thumbnailUrl\":\"https:\/\/aquaforest.eu\/wp-content\/uploads\/2024\/06\/AF-Zoa-Food.png\",\"datePublished\":\"2024-06-26T00:18:15+00:00\",\"dateModified\":\"2026-05-07T15:25:09+00:00\",\"description\":\"AF Zoa Food di Aquaforest: alimento specifico per Zoanthus e altri coralli, arricchito con nutrienti essenziali. Formula unica per una crescita sana e una colorazione intensa.\",\"breadcrumb\":{\"@id\":\"https:\/\/aquaforest.eu\/it\/products\/seawater\/foods-and-supplementation\/af-zoa-food\/#breadcrumb\"},\"inLanguage\":\"it-IT\",\"potentialAction\":[{\"@type\":\"ReadAction\",\"target\":[\"https:\/\/aquaforest.eu\/it\/products\/seawater\/foods-and-supplementation\/af-zoa-food\/\"]}]},{\"@type\":\"ImageObject\",\"inLanguage\":\"it-IT\",\"@id\":\"https:\/\/aquaforest.eu\/it\/products\/seawater\/foods-and-supplementation\/af-zoa-food\/#primaryimage\",\"url\":\"https:\/\/aquaforest.eu\/wp-content\/uploads\/2024\/06\/AF-Zoa-Food.png\",\"contentUrl\":\"https:\/\/aquaforest.eu\/wp-content\/uploads\/2024\/06\/AF-Zoa-Food.png\",\"width\":570,\"height\":600},{\"@type\":\"BreadcrumbList\",\"@id\":\"https:\/\/aquaforest.eu\/it\/products\/seawater\/foods-and-supplementation\/af-zoa-food\/#breadcrumb\",\"itemListElement\":[{\"@type\":\"ListItem\",\"position\":1,\"name\":\"Home\",\"item\":\"https:\/\/aquaforest.eu\/it\/\"},{\"@type\":\"ListItem\",\"position\":2,\"name\":\"Prodotti\",\"item\":\"https:\/\/aquaforest.eu\/it\/products\/\"},{\"@type\":\"ListItem\",\"position\":3,\"name\":\"AF Zoa Food\"}]},{\"@type\":\"WebSite\",\"@id\":\"https:\/\/aquaforest.eu\/it\/#website\",\"url\":\"https:\/\/aquaforest.eu\/it\/\",\"name\":\"Aquaforest\",\"description\":\"\",\"publisher\":{\"@id\":\"https:\/\/aquaforest.eu\/it\/#organization\"},\"potentialAction\":[{\"@type\":\"SearchAction\",\"target\":{\"@type\":\"EntryPoint\",\"urlTemplate\":\"https:\/\/aquaforest.eu\/it\/?s={search_term_string}\"},\"query-input\":{\"@type\":\"PropertyValueSpecification\",\"valueRequired\":true,\"valueName\":\"search_term_string\"}}],\"inLanguage\":\"it-IT\"},{\"@type\":\"Organization\",\"@id\":\"https:\/\/aquaforest.eu\/it\/#organization\",\"name\":\"Aquaforest\",\"url\":\"https:\/\/aquaforest.eu\/it\/\",\"logo\":{\"@type\":\"ImageObject\",\"inLanguage\":\"it-IT\",\"@id\":\"https:\/\/aquaforest.eu\/it\/#\/schema\/logo\/image\/\",\"url\":\"https:\/\/aquaforest.eu\/wp-content\/uploads\/2024\/05\/logotyp-aquaforest.svg\",\"contentUrl\":\"https:\/\/aquaforest.eu\/wp-content\/uploads\/2024\/05\/logotyp-aquaforest.svg\",\"width\":170,\"height\":22,\"caption\":\"Aquaforest\"},\"image\":{\"@id\":\"https:\/\/aquaforest.eu\/it\/#\/schema\/logo\/image\/\"},\"sameAs\":[\"https:\/\/www.facebook.com\/Aquaforest\/\",\"https:\/\/www.instagram.com\/aquaforest.eu\/\"]}]}<\/script>\n<!-- \/ Yoast SEO plugin. -->","yoast_head_json":{"title":"AF Zoa Food - Aquaforest","description":"AF Zoa Food di Aquaforest: alimento specifico per Zoanthus e altri coralli, arricchito con nutrienti essenziali. Formula unica per una crescita sana e una colorazione intensa.","robots":{"index":"index","follow":"follow","max-snippet":"max-snippet:-1","max-image-preview":"max-image-preview:large","max-video-preview":"max-video-preview:-1"},"canonical":"https:\/\/aquaforest.eu\/it\/products\/seawater\/foods-and-supplementation\/af-zoa-food\/","og_locale":"it_IT","og_type":"article","og_title":"AF Zoa Food - Aquaforest","og_description":"AF Zoa Food di Aquaforest: alimento specifico per Zoanthus e altri coralli, arricchito con nutrienti essenziali. Formula unica per una crescita sana e una colorazione intensa.","og_url":"https:\/\/aquaforest.eu\/it\/products\/seawater\/foods-and-supplementation\/af-zoa-food\/","og_site_name":"Aquaforest","article_publisher":"https:\/\/www.facebook.com\/Aquaforest\/","article_modified_time":"2026-05-07T15:25:09+00:00","og_image":[{"width":570,"height":600,"url":"https:\/\/aquaforest.eu\/wp-content\/uploads\/2024\/06\/AF-Zoa-Food.png","type":"image\/png"}],"twitter_card":"summary_large_image","twitter_misc":{"Tempo di lettura stimato":"2 minuti"},"schema":{"@context":"https:\/\/schema.org","@graph":[{"@type":"WebPage","@id":"https:\/\/aquaforest.eu\/it\/products\/seawater\/foods-and-supplementation\/af-zoa-food\/","url":"https:\/\/aquaforest.eu\/it\/products\/seawater\/foods-and-supplementation\/af-zoa-food\/","name":"AF Zoa Food - Aquaforest","isPartOf":{"@id":"https:\/\/aquaforest.eu\/it\/#website"},"primaryImageOfPage":{"@id":"https:\/\/aquaforest.eu\/it\/products\/seawater\/foods-and-supplementation\/af-zoa-food\/#primaryimage"},"image":{"@id":"https:\/\/aquaforest.eu\/it\/products\/seawater\/foods-and-supplementation\/af-zoa-food\/#primaryimage"},"thumbnailUrl":"https:\/\/aquaforest.eu\/wp-content\/uploads\/2024\/06\/AF-Zoa-Food.png","datePublished":"2024-06-26T00:18:15+00:00","dateModified":"2026-05-07T15:25:09+00:00","description":"AF Zoa Food di Aquaforest: alimento specifico per Zoanthus e altri coralli, arricchito con nutrienti essenziali. Formula unica per una crescita sana e una colorazione intensa.","breadcrumb":{"@id":"https:\/\/aquaforest.eu\/it\/products\/seawater\/foods-and-supplementation\/af-zoa-food\/#breadcrumb"},"inLanguage":"it-IT","potentialAction":[{"@type":"ReadAction","target":["https:\/\/aquaforest.eu\/it\/products\/seawater\/foods-and-supplementation\/af-zoa-food\/"]}]},{"@type":"ImageObject","inLanguage":"it-IT","@id":"https:\/\/aquaforest.eu\/it\/products\/seawater\/foods-and-supplementation\/af-zoa-food\/#primaryimage","url":"https:\/\/aquaforest.eu\/wp-content\/uploads\/2024\/06\/AF-Zoa-Food.png","contentUrl":"https:\/\/aquaforest.eu\/wp-content\/uploads\/2024\/06\/AF-Zoa-Food.png","width":570,"height":600},{"@type":"BreadcrumbList","@id":"https:\/\/aquaforest.eu\/it\/products\/seawater\/foods-and-supplementation\/af-zoa-food\/#breadcrumb","itemListElement":[{"@type":"ListItem","position":1,"name":"Home","item":"https:\/\/aquaforest.eu\/it\/"},{"@type":"ListItem","position":2,"name":"Prodotti","item":"https:\/\/aquaforest.eu\/it\/products\/"},{"@type":"ListItem","position":3,"name":"AF Zoa Food"}]},{"@type":"WebSite","@id":"https:\/\/aquaforest.eu\/it\/#website","url":"https:\/\/aquaforest.eu\/it\/","name":"Aquaforest","description":"","publisher":{"@id":"https:\/\/aquaforest.eu\/it\/#organization"},"potentialAction":[{"@type":"SearchAction","target":{"@type":"EntryPoint","urlTemplate":"https:\/\/aquaforest.eu\/it\/?s={search_term_string}"},"query-input":{"@type":"PropertyValueSpecification","valueRequired":true,"valueName":"search_term_string"}}],"inLanguage":"it-IT"},{"@type":"Organization","@id":"https:\/\/aquaforest.eu\/it\/#organization","name":"Aquaforest","url":"https:\/\/aquaforest.eu\/it\/","logo":{"@type":"ImageObject","inLanguage":"it-IT","@id":"https:\/\/aquaforest.eu\/it\/#\/schema\/logo\/image\/","url":"https:\/\/aquaforest.eu\/wp-content\/uploads\/2024\/05\/logotyp-aquaforest.svg","contentUrl":"https:\/\/aquaforest.eu\/wp-content\/uploads\/2024\/05\/logotyp-aquaforest.svg","width":170,"height":22,"caption":"Aquaforest"},"image":{"@id":"https:\/\/aquaforest.eu\/it\/#\/schema\/logo\/image\/"},"sameAs":["https:\/\/www.facebook.com\/Aquaforest\/","https:\/\/www.instagram.com\/aquaforest.eu\/"]}]}},"_links":{"self":[{"href":"https:\/\/aquaforest.eu\/it\/wp-json\/wp\/v2\/product\/27191","targetHints":{"allow":["GET"]}}],"collection":[{"href":"https:\/\/aquaforest.eu\/it\/wp-json\/wp\/v2\/product"}],"about":[{"href":"https:\/\/aquaforest.eu\/it\/wp-json\/wp\/v2\/types\/product"}],"version-history":[{"count":2,"href":"https:\/\/aquaforest.eu\/it\/wp-json\/wp\/v2\/product\/27191\/revisions"}],"predecessor-version":[{"id":31736,"href":"https:\/\/aquaforest.eu\/it\/wp-json\/wp\/v2\/product\/27191\/revisions\/31736"}],"wp:featuredmedia":[{"embeddable":true,"href":"https:\/\/aquaforest.eu\/it\/wp-json\/wp\/v2\/media\/27192"}],"wp:attachment":[{"href":"https:\/\/aquaforest.eu\/it\/wp-json\/wp\/v2\/media?parent=27191"}],"wp:term":[{"taxonomy":"product_brand","embeddable":true,"href":"https:\/\/aquaforest.eu\/it\/wp-json\/wp\/v2\/product_brand?post=27191"},{"taxonomy":"product_cat","embeddable":true,"href":"https:\/\/aquaforest.eu\/it\/wp-json\/wp\/v2\/product_cat?post=27191"},{"taxonomy":"product_tag","embeddable":true,"href":"https:\/\/aquaforest.eu\/it\/wp-json\/wp\/v2\/product_tag?post=27191"}],"curies":[{"name":"wp","href":"https:\/\/api.w.org\/{rel}","templated":true}]}}