{"id":27198,"date":"2024-06-26T02:18:17","date_gmt":"2024-06-26T00:18:17","guid":{"rendered":"https:\/\/aquaforest.eu\/products\/senza-categoria\/af-power-food\/"},"modified":"2024-06-26T02:18:17","modified_gmt":"2024-06-26T00:18:17","slug":"af-power-food","status":"publish","type":"product","link":"https:\/\/aquaforest.eu\/it\/products\/seawater\/foods-and-supplementation\/af-power-food\/","title":{"rendered":"AF Power Food"},"content":{"rendered":"<h3 class=\"fusion-responsive-typography-calculated\" data-fontsize=\"22\" data-lineheight=\"27.5px\"><span style=\"color: #000000;\">Polvere altamente nutriente per coralli SPS<\/span><\/h3>\n<p><span style=\"color: #000000;\">Mangime in polvere dedicato a tutti i tipi di coralli, in particolare agli SPS. La formula unica di AF Power Food si basa su una speciale miscela di plankton altamente nutriente e alghe marine e d\u2019acqua dolce. Arricchita con ingredienti di origine animale e additivi a base di crostacei, fornisce un\u2019alimentazione completa e bilanciata.  <\/span><\/p>\n<p>&nbsp;<\/p>\n<hr>\n<h3 data-fontsize=\"22\" data-lineheight=\"27.5px\"><\/h3>\n<h3 class=\"fusion-responsive-typography-calculated\" data-fontsize=\"22\" data-lineheight=\"27.5px\"><span style=\"color: #000000;\">Ottima colorazione e rapida crescita dei coralli<\/span><\/h3>\n<p><span style=\"color: #000000;\">Gli ingredienti accuratamente selezionati soddisfano le esigenze anche dei coralli pi\u00f9 esigenti. AF Power Food \u00e8 facilmente digeribile e ricco di estratti preziosi che garantiscono un apporto massimo di nutrienti. <\/span><\/p>\n<p>&nbsp;<\/p>\n<hr>\n<h3 data-fontsize=\"22\" data-lineheight=\"27.5px\"><\/h3>\n<h3 class=\"fusion-responsive-typography-calculated\" data-fontsize=\"22\" data-lineheight=\"27.5px\"><span style=\"color: #000000;\">Ottima colorazione e rapida crescita dei coralli<\/span><\/h3>\n<p><span style=\"color: #000000;\">Grazie alla sua ricetta sviluppata appositamente per gli SPS, stimola una crescita rapida e una colorazione intensa. \u00c8 inoltre arricchito con un set di vitamine accuratamente selezionate che rafforzano l\u2019immunit\u00e0 e favoriscono lo sviluppo ottimale.  <\/span><\/p>\n<p>&nbsp;<\/p>\n<hr>\n<p>&nbsp;<\/p>\n<p><span style=\"color: #000000;\"><strong>Dosaggio: <\/strong>1 misurino per 100 l (27 US gal) di acqua. Riempire un piccolo contenitore con circa 20 ml di acqua dell\u2019acquario, aggiungere un misurino di AF Power Food e mescolare per un minuto. Utilizzare una pipetta per somministrare la sospensione direttamente sui coralli oppure versarla direttamente in vasca con lo stesso dosaggio. Utilizzare almeno una volta alla settimana; negli acquari maturi e ben popolati il prodotto pu\u00f2 essere somministrato pi\u00f9 spesso, anche quotidianamente.      <\/span><\/p>\n<p>&nbsp;<\/p>\n<hr>\n<p>&nbsp;<\/p>\n<p><span style=\"color: #000000;\"><strong>Da sapere<\/strong>: Tutti gli alimenti in polvere hanno un dosaggio raccomandato di 1 misurino per 100 l di acqua. Tuttavia, ogni acquario \u00e8 diverso e il dosaggio pu\u00f2 variare in base alla popolazione di coralli. Si consiglia di iniziare con met\u00e0 dose (anche \u00bc) e osservare la reazione dei coralli. Se non si notano segni di sovradosaggio, aumentare gradualmente fino alla dose piena. Coralli come Zoanthus, Ricordea e altri coralli \u201cmushroom\u201d dovrebbero essere alimentati durante il giorno. SPS e LPS dovrebbero essere alimentati dopo lo spegnimento delle luci per facilitarne l\u2019assorbimento. Per garantire il miglior assorbimento dei nutrienti, somministrare il prodotto direttamente in acquario. Durante l\u2019alimentazione si raccomanda di spegnere lo skimmer per circa un\u2019ora. Prodotto destinato esclusivamente all\u2019uso in acquario. Conservare in luogo fresco, lontano dalla luce e fuori dalla portata dei bambini.         <\/span><\/p>\n","protected":false},"excerpt":{"rendered":"<p>Mangime in polvere per coralli a base di plankton altamente nutriente e alghe marine e d\u2019acqua dolce<\/p>\n","protected":false},"featured_media":27035,"template":"","meta":{"_acf_changed":false,"content-type":""},"product_brand":[],"product_cat":[1934],"product_tag":[1965,1920,1928,1910],"class_list":{"0":"post-27198","1":"product","2":"type-product","3":"status-publish","4":"has-post-thumbnail","6":"product_cat-foods-and-supplementation","7":"product_tag-alimentazione-e-integrazione","8":"product_tag-aquaforest","9":"product_tag-seawater-aquatic","10":"product_tag-simple","12":"first","13":"instock","14":"taxable","15":"shipping-taxable","16":"purchasable","17":"product-type-simple"},"acf":[],"yoast_head":"<!-- This site is optimized with the Yoast SEO plugin v27.1.1 - https:\/\/yoast.com\/product\/yoast-seo-wordpress\/ -->\n<title>AF Power Food - Aquaforest<\/title>\n<meta name=\"description\" content=\"AF Power Food di Aquaforest: alimento concentrato per pesci e coralli, arricchito con proteine \u200b\u200be nutrienti. Formula affidabile per una crescita sana e colori intensi.\" \/>\n<meta name=\"robots\" content=\"index, follow, max-snippet:-1, max-image-preview:large, max-video-preview:-1\" \/>\n<link rel=\"canonical\" href=\"https:\/\/aquaforest.eu\/it\/products\/seawater\/foods-and-supplementation\/af-power-food\/\" \/>\n<meta property=\"og:locale\" content=\"it_IT\" \/>\n<meta property=\"og:type\" content=\"article\" \/>\n<meta property=\"og:title\" content=\"AF Power Food - Aquaforest\" \/>\n<meta property=\"og:description\" content=\"AF Power Food di Aquaforest: alimento concentrato per pesci e coralli, arricchito con proteine \u200b\u200be nutrienti. Formula affidabile per una crescita sana e colori intensi.\" \/>\n<meta property=\"og:url\" content=\"https:\/\/aquaforest.eu\/it\/products\/seawater\/foods-and-supplementation\/af-power-food\/\" \/>\n<meta property=\"og:site_name\" content=\"Aquaforest\" \/>\n<meta property=\"article:publisher\" content=\"https:\/\/www.facebook.com\/Aquaforest\/\" \/>\n<meta property=\"og:image\" content=\"https:\/\/aquaforest.eu\/wp-content\/uploads\/2024\/06\/AF_Power-Food.png\" \/>\n\t<meta property=\"og:image:width\" content=\"571\" \/>\n\t<meta property=\"og:image:height\" content=\"600\" \/>\n\t<meta property=\"og:image:type\" content=\"image\/png\" \/>\n<meta name=\"twitter:card\" content=\"summary_large_image\" \/>\n<meta name=\"twitter:label1\" content=\"Tempo di lettura stimato\" \/>\n\t<meta name=\"twitter:data1\" content=\"2 minuti\" \/>\n<script type=\"application\/ld+json\" class=\"yoast-schema-graph\">{\"@context\":\"https:\/\/schema.org\",\"@graph\":[{\"@type\":\"WebPage\",\"@id\":\"https:\/\/aquaforest.eu\/it\/products\/seawater\/foods-and-supplementation\/af-power-food\/\",\"url\":\"https:\/\/aquaforest.eu\/it\/products\/seawater\/foods-and-supplementation\/af-power-food\/\",\"name\":\"AF Power Food - Aquaforest\",\"isPartOf\":{\"@id\":\"https:\/\/aquaforest.eu\/it\/#website\"},\"primaryImageOfPage\":{\"@id\":\"https:\/\/aquaforest.eu\/it\/products\/seawater\/foods-and-supplementation\/af-power-food\/#primaryimage\"},\"image\":{\"@id\":\"https:\/\/aquaforest.eu\/it\/products\/seawater\/foods-and-supplementation\/af-power-food\/#primaryimage\"},\"thumbnailUrl\":\"https:\/\/aquaforest.eu\/wp-content\/uploads\/2024\/06\/AF_Power-Food.png\",\"datePublished\":\"2024-06-26T00:18:17+00:00\",\"description\":\"AF Power Food di Aquaforest: alimento concentrato per pesci e coralli, arricchito con proteine \u200b\u200be nutrienti. Formula affidabile per una crescita sana e colori intensi.\",\"breadcrumb\":{\"@id\":\"https:\/\/aquaforest.eu\/it\/products\/seawater\/foods-and-supplementation\/af-power-food\/#breadcrumb\"},\"inLanguage\":\"it-IT\",\"potentialAction\":[{\"@type\":\"ReadAction\",\"target\":[\"https:\/\/aquaforest.eu\/it\/products\/seawater\/foods-and-supplementation\/af-power-food\/\"]}]},{\"@type\":\"ImageObject\",\"inLanguage\":\"it-IT\",\"@id\":\"https:\/\/aquaforest.eu\/it\/products\/seawater\/foods-and-supplementation\/af-power-food\/#primaryimage\",\"url\":\"https:\/\/aquaforest.eu\/wp-content\/uploads\/2024\/06\/AF_Power-Food.png\",\"contentUrl\":\"https:\/\/aquaforest.eu\/wp-content\/uploads\/2024\/06\/AF_Power-Food.png\",\"width\":571,\"height\":600},{\"@type\":\"BreadcrumbList\",\"@id\":\"https:\/\/aquaforest.eu\/it\/products\/seawater\/foods-and-supplementation\/af-power-food\/#breadcrumb\",\"itemListElement\":[{\"@type\":\"ListItem\",\"position\":1,\"name\":\"Home\",\"item\":\"https:\/\/aquaforest.eu\/it\/\"},{\"@type\":\"ListItem\",\"position\":2,\"name\":\"Prodotti\",\"item\":\"https:\/\/aquaforest.eu\/it\/products\/\"},{\"@type\":\"ListItem\",\"position\":3,\"name\":\"AF Power Food\"}]},{\"@type\":\"WebSite\",\"@id\":\"https:\/\/aquaforest.eu\/it\/#website\",\"url\":\"https:\/\/aquaforest.eu\/it\/\",\"name\":\"Aquaforest\",\"description\":\"\",\"publisher\":{\"@id\":\"https:\/\/aquaforest.eu\/it\/#organization\"},\"potentialAction\":[{\"@type\":\"SearchAction\",\"target\":{\"@type\":\"EntryPoint\",\"urlTemplate\":\"https:\/\/aquaforest.eu\/it\/?s={search_term_string}\"},\"query-input\":{\"@type\":\"PropertyValueSpecification\",\"valueRequired\":true,\"valueName\":\"search_term_string\"}}],\"inLanguage\":\"it-IT\"},{\"@type\":\"Organization\",\"@id\":\"https:\/\/aquaforest.eu\/it\/#organization\",\"name\":\"Aquaforest\",\"url\":\"https:\/\/aquaforest.eu\/it\/\",\"logo\":{\"@type\":\"ImageObject\",\"inLanguage\":\"it-IT\",\"@id\":\"https:\/\/aquaforest.eu\/it\/#\/schema\/logo\/image\/\",\"url\":\"https:\/\/aquaforest.eu\/wp-content\/uploads\/2024\/05\/logotyp-aquaforest.svg\",\"contentUrl\":\"https:\/\/aquaforest.eu\/wp-content\/uploads\/2024\/05\/logotyp-aquaforest.svg\",\"width\":170,\"height\":22,\"caption\":\"Aquaforest\"},\"image\":{\"@id\":\"https:\/\/aquaforest.eu\/it\/#\/schema\/logo\/image\/\"},\"sameAs\":[\"https:\/\/www.facebook.com\/Aquaforest\/\",\"https:\/\/www.instagram.com\/aquaforest.eu\/\"]}]}<\/script>\n<!-- \/ Yoast SEO plugin. -->","yoast_head_json":{"title":"AF Power Food - Aquaforest","description":"AF Power Food di Aquaforest: alimento concentrato per pesci e coralli, arricchito con proteine \u200b\u200be nutrienti. Formula affidabile per una crescita sana e colori intensi.","robots":{"index":"index","follow":"follow","max-snippet":"max-snippet:-1","max-image-preview":"max-image-preview:large","max-video-preview":"max-video-preview:-1"},"canonical":"https:\/\/aquaforest.eu\/it\/products\/seawater\/foods-and-supplementation\/af-power-food\/","og_locale":"it_IT","og_type":"article","og_title":"AF Power Food - Aquaforest","og_description":"AF Power Food di Aquaforest: alimento concentrato per pesci e coralli, arricchito con proteine \u200b\u200be nutrienti. Formula affidabile per una crescita sana e colori intensi.","og_url":"https:\/\/aquaforest.eu\/it\/products\/seawater\/foods-and-supplementation\/af-power-food\/","og_site_name":"Aquaforest","article_publisher":"https:\/\/www.facebook.com\/Aquaforest\/","og_image":[{"width":571,"height":600,"url":"https:\/\/aquaforest.eu\/wp-content\/uploads\/2024\/06\/AF_Power-Food.png","type":"image\/png"}],"twitter_card":"summary_large_image","twitter_misc":{"Tempo di lettura stimato":"2 minuti"},"schema":{"@context":"https:\/\/schema.org","@graph":[{"@type":"WebPage","@id":"https:\/\/aquaforest.eu\/it\/products\/seawater\/foods-and-supplementation\/af-power-food\/","url":"https:\/\/aquaforest.eu\/it\/products\/seawater\/foods-and-supplementation\/af-power-food\/","name":"AF Power Food - Aquaforest","isPartOf":{"@id":"https:\/\/aquaforest.eu\/it\/#website"},"primaryImageOfPage":{"@id":"https:\/\/aquaforest.eu\/it\/products\/seawater\/foods-and-supplementation\/af-power-food\/#primaryimage"},"image":{"@id":"https:\/\/aquaforest.eu\/it\/products\/seawater\/foods-and-supplementation\/af-power-food\/#primaryimage"},"thumbnailUrl":"https:\/\/aquaforest.eu\/wp-content\/uploads\/2024\/06\/AF_Power-Food.png","datePublished":"2024-06-26T00:18:17+00:00","description":"AF Power Food di Aquaforest: alimento concentrato per pesci e coralli, arricchito con proteine \u200b\u200be nutrienti. Formula affidabile per una crescita sana e colori intensi.","breadcrumb":{"@id":"https:\/\/aquaforest.eu\/it\/products\/seawater\/foods-and-supplementation\/af-power-food\/#breadcrumb"},"inLanguage":"it-IT","potentialAction":[{"@type":"ReadAction","target":["https:\/\/aquaforest.eu\/it\/products\/seawater\/foods-and-supplementation\/af-power-food\/"]}]},{"@type":"ImageObject","inLanguage":"it-IT","@id":"https:\/\/aquaforest.eu\/it\/products\/seawater\/foods-and-supplementation\/af-power-food\/#primaryimage","url":"https:\/\/aquaforest.eu\/wp-content\/uploads\/2024\/06\/AF_Power-Food.png","contentUrl":"https:\/\/aquaforest.eu\/wp-content\/uploads\/2024\/06\/AF_Power-Food.png","width":571,"height":600},{"@type":"BreadcrumbList","@id":"https:\/\/aquaforest.eu\/it\/products\/seawater\/foods-and-supplementation\/af-power-food\/#breadcrumb","itemListElement":[{"@type":"ListItem","position":1,"name":"Home","item":"https:\/\/aquaforest.eu\/it\/"},{"@type":"ListItem","position":2,"name":"Prodotti","item":"https:\/\/aquaforest.eu\/it\/products\/"},{"@type":"ListItem","position":3,"name":"AF Power Food"}]},{"@type":"WebSite","@id":"https:\/\/aquaforest.eu\/it\/#website","url":"https:\/\/aquaforest.eu\/it\/","name":"Aquaforest","description":"","publisher":{"@id":"https:\/\/aquaforest.eu\/it\/#organization"},"potentialAction":[{"@type":"SearchAction","target":{"@type":"EntryPoint","urlTemplate":"https:\/\/aquaforest.eu\/it\/?s={search_term_string}"},"query-input":{"@type":"PropertyValueSpecification","valueRequired":true,"valueName":"search_term_string"}}],"inLanguage":"it-IT"},{"@type":"Organization","@id":"https:\/\/aquaforest.eu\/it\/#organization","name":"Aquaforest","url":"https:\/\/aquaforest.eu\/it\/","logo":{"@type":"ImageObject","inLanguage":"it-IT","@id":"https:\/\/aquaforest.eu\/it\/#\/schema\/logo\/image\/","url":"https:\/\/aquaforest.eu\/wp-content\/uploads\/2024\/05\/logotyp-aquaforest.svg","contentUrl":"https:\/\/aquaforest.eu\/wp-content\/uploads\/2024\/05\/logotyp-aquaforest.svg","width":170,"height":22,"caption":"Aquaforest"},"image":{"@id":"https:\/\/aquaforest.eu\/it\/#\/schema\/logo\/image\/"},"sameAs":["https:\/\/www.facebook.com\/Aquaforest\/","https:\/\/www.instagram.com\/aquaforest.eu\/"]}]}},"_links":{"self":[{"href":"https:\/\/aquaforest.eu\/it\/wp-json\/wp\/v2\/product\/27198","targetHints":{"allow":["GET"]}}],"collection":[{"href":"https:\/\/aquaforest.eu\/it\/wp-json\/wp\/v2\/product"}],"about":[{"href":"https:\/\/aquaforest.eu\/it\/wp-json\/wp\/v2\/types\/product"}],"version-history":[{"count":0,"href":"https:\/\/aquaforest.eu\/it\/wp-json\/wp\/v2\/product\/27198\/revisions"}],"wp:featuredmedia":[{"embeddable":true,"href":"https:\/\/aquaforest.eu\/it\/wp-json\/wp\/v2\/media\/27035"}],"wp:attachment":[{"href":"https:\/\/aquaforest.eu\/it\/wp-json\/wp\/v2\/media?parent=27198"}],"wp:term":[{"taxonomy":"product_brand","embeddable":true,"href":"https:\/\/aquaforest.eu\/it\/wp-json\/wp\/v2\/product_brand?post=27198"},{"taxonomy":"product_cat","embeddable":true,"href":"https:\/\/aquaforest.eu\/it\/wp-json\/wp\/v2\/product_cat?post=27198"},{"taxonomy":"product_tag","embeddable":true,"href":"https:\/\/aquaforest.eu\/it\/wp-json\/wp\/v2\/product_tag?post=27198"}],"curies":[{"name":"wp","href":"https:\/\/api.w.org\/{rel}","templated":true}]}}