{"id":27227,"date":"2024-06-26T02:18:22","date_gmt":"2024-06-26T00:18:22","guid":{"rendered":"https:\/\/aquaforest.eu\/products\/senza-categoria\/kalium-2\/"},"modified":"2024-06-26T02:18:22","modified_gmt":"2024-06-26T00:18:22","slug":"kalium-2","status":"publish","type":"product","link":"https:\/\/aquaforest.eu\/it\/products\/seawater\/water-treatment\/kalium-2\/","title":{"rendered":"Kalium"},"content":{"rendered":"<p>Integratore contenente potassio altamente concentrato. Il potassio \u00e8 un elemento importante, responsabile delle funzioni neurologiche. Nei coralli molli, il potassio partecipa al trasporto dei nutrienti. Nei coralli SPS, la carenza di questo prezioso elemento causa una colorazione rosa e rossa sbiadita. L\u2019uso di materiali filtranti a base di zeoliti nell\u2019acquario pu\u00f2 portare a una carenza di potassio. Un uso regolare ed equilibrato di Kalium mantiene un corretto livello di potassio e rafforza la colorazione rossa e rosa dei coralli SPS.      Il livello raccomandato di potassio in un acquario di barriera \u00e8 di 360\u2013380 mg\/l.<\/p>\n<p>&nbsp;<\/p>\n<hr>\n<p>&nbsp;<\/p>\n<p><strong>Dosaggio<\/strong>: 1 goccia ogni 100 litri (27 US gal) al giorno. <br \/>1 ml di Kalium in 100 l (27 US gal) d\u2019acqua aumenta il livello di potassio di 1,86 ppm. \u00c8 importante ricordare che ogni acquario \u00e8 diverso e il dosaggio dipende dalla popolazione di coralli e dalle necessit\u00e0 individuali.  <\/p>\n","protected":false},"excerpt":{"rendered":"<p>Integratore di potassio per supportare la colorazione. Il potassio \u00e8 responsabile delle funzioni neurologiche dei coralli <\/p>\n","protected":false},"featured_media":27232,"template":"","meta":{"_acf_changed":false,"content-type":""},"product_brand":[],"product_cat":[1938],"product_tag":[1920,1928,1910,1975],"class_list":{"0":"post-27227","1":"product","2":"type-product","3":"status-publish","4":"has-post-thumbnail","6":"product_cat-water-treatment","7":"product_tag-aquaforest","8":"product_tag-seawater-aquatic","9":"product_tag-simple","10":"product_tag-water-treatment","12":"first","13":"instock","14":"taxable","15":"shipping-taxable","16":"purchasable","17":"product-type-simple"},"acf":[],"yoast_head":"<!-- This site is optimized with the Yoast SEO plugin v27.1.1 - https:\/\/yoast.com\/product\/yoast-seo-wordpress\/ -->\n<title>Kalium - Aquaforest<\/title>\n<meta name=\"description\" content=\"Kalium: Efficace integratore di potassio per ottimizzare i parametri dell&#039;acqua dell&#039;acquario.\" \/>\n<meta name=\"robots\" content=\"index, follow, max-snippet:-1, max-image-preview:large, max-video-preview:-1\" \/>\n<link rel=\"canonical\" href=\"https:\/\/aquaforest.eu\/it\/products\/seawater\/water-treatment\/kalium-2\/\" \/>\n<meta property=\"og:locale\" content=\"it_IT\" \/>\n<meta property=\"og:type\" content=\"article\" \/>\n<meta property=\"og:title\" content=\"Kalium - Aquaforest\" \/>\n<meta property=\"og:description\" content=\"Kalium: Efficace integratore di potassio per ottimizzare i parametri dell&#039;acqua dell&#039;acquario.\" \/>\n<meta property=\"og:url\" content=\"https:\/\/aquaforest.eu\/it\/products\/seawater\/water-treatment\/kalium-2\/\" \/>\n<meta property=\"og:site_name\" content=\"Aquaforest\" \/>\n<meta property=\"article:publisher\" content=\"https:\/\/www.facebook.com\/Aquaforest\/\" \/>\n<meta property=\"og:image\" content=\"https:\/\/aquaforest.eu\/wp-content\/uploads\/2024\/06\/Kalium.png\" \/>\n\t<meta property=\"og:image:width\" content=\"425\" \/>\n\t<meta property=\"og:image:height\" content=\"600\" \/>\n\t<meta property=\"og:image:type\" content=\"image\/png\" \/>\n<meta name=\"twitter:card\" content=\"summary_large_image\" \/>\n<meta name=\"twitter:label1\" content=\"Tempo di lettura stimato\" \/>\n\t<meta name=\"twitter:data1\" content=\"1 minuto\" \/>\n<script type=\"application\/ld+json\" class=\"yoast-schema-graph\">{\"@context\":\"https:\/\/schema.org\",\"@graph\":[{\"@type\":\"WebPage\",\"@id\":\"https:\/\/aquaforest.eu\/it\/products\/seawater\/water-treatment\/kalium-2\/\",\"url\":\"https:\/\/aquaforest.eu\/it\/products\/seawater\/water-treatment\/kalium-2\/\",\"name\":\"Kalium - Aquaforest\",\"isPartOf\":{\"@id\":\"https:\/\/aquaforest.eu\/it\/#website\"},\"primaryImageOfPage\":{\"@id\":\"https:\/\/aquaforest.eu\/it\/products\/seawater\/water-treatment\/kalium-2\/#primaryimage\"},\"image\":{\"@id\":\"https:\/\/aquaforest.eu\/it\/products\/seawater\/water-treatment\/kalium-2\/#primaryimage\"},\"thumbnailUrl\":\"https:\/\/aquaforest.eu\/wp-content\/uploads\/2024\/06\/Kalium.png\",\"datePublished\":\"2024-06-26T00:18:22+00:00\",\"description\":\"Kalium: Efficace integratore di potassio per ottimizzare i parametri dell'acqua dell'acquario.\",\"breadcrumb\":{\"@id\":\"https:\/\/aquaforest.eu\/it\/products\/seawater\/water-treatment\/kalium-2\/#breadcrumb\"},\"inLanguage\":\"it-IT\",\"potentialAction\":[{\"@type\":\"ReadAction\",\"target\":[\"https:\/\/aquaforest.eu\/it\/products\/seawater\/water-treatment\/kalium-2\/\"]}]},{\"@type\":\"ImageObject\",\"inLanguage\":\"it-IT\",\"@id\":\"https:\/\/aquaforest.eu\/it\/products\/seawater\/water-treatment\/kalium-2\/#primaryimage\",\"url\":\"https:\/\/aquaforest.eu\/wp-content\/uploads\/2024\/06\/Kalium.png\",\"contentUrl\":\"https:\/\/aquaforest.eu\/wp-content\/uploads\/2024\/06\/Kalium.png\",\"width\":425,\"height\":600},{\"@type\":\"BreadcrumbList\",\"@id\":\"https:\/\/aquaforest.eu\/it\/products\/seawater\/water-treatment\/kalium-2\/#breadcrumb\",\"itemListElement\":[{\"@type\":\"ListItem\",\"position\":1,\"name\":\"Home\",\"item\":\"https:\/\/aquaforest.eu\/it\/\"},{\"@type\":\"ListItem\",\"position\":2,\"name\":\"Prodotti\",\"item\":\"https:\/\/aquaforest.eu\/it\/products\/\"},{\"@type\":\"ListItem\",\"position\":3,\"name\":\"Kalium\"}]},{\"@type\":\"WebSite\",\"@id\":\"https:\/\/aquaforest.eu\/it\/#website\",\"url\":\"https:\/\/aquaforest.eu\/it\/\",\"name\":\"Aquaforest\",\"description\":\"\",\"publisher\":{\"@id\":\"https:\/\/aquaforest.eu\/it\/#organization\"},\"potentialAction\":[{\"@type\":\"SearchAction\",\"target\":{\"@type\":\"EntryPoint\",\"urlTemplate\":\"https:\/\/aquaforest.eu\/it\/?s={search_term_string}\"},\"query-input\":{\"@type\":\"PropertyValueSpecification\",\"valueRequired\":true,\"valueName\":\"search_term_string\"}}],\"inLanguage\":\"it-IT\"},{\"@type\":\"Organization\",\"@id\":\"https:\/\/aquaforest.eu\/it\/#organization\",\"name\":\"Aquaforest\",\"url\":\"https:\/\/aquaforest.eu\/it\/\",\"logo\":{\"@type\":\"ImageObject\",\"inLanguage\":\"it-IT\",\"@id\":\"https:\/\/aquaforest.eu\/it\/#\/schema\/logo\/image\/\",\"url\":\"https:\/\/aquaforest.eu\/wp-content\/uploads\/2024\/05\/logotyp-aquaforest.svg\",\"contentUrl\":\"https:\/\/aquaforest.eu\/wp-content\/uploads\/2024\/05\/logotyp-aquaforest.svg\",\"width\":170,\"height\":22,\"caption\":\"Aquaforest\"},\"image\":{\"@id\":\"https:\/\/aquaforest.eu\/it\/#\/schema\/logo\/image\/\"},\"sameAs\":[\"https:\/\/www.facebook.com\/Aquaforest\/\",\"https:\/\/www.instagram.com\/aquaforest.eu\/\"]}]}<\/script>\n<!-- \/ Yoast SEO plugin. -->","yoast_head_json":{"title":"Kalium - Aquaforest","description":"Kalium: Efficace integratore di potassio per ottimizzare i parametri dell'acqua dell'acquario.","robots":{"index":"index","follow":"follow","max-snippet":"max-snippet:-1","max-image-preview":"max-image-preview:large","max-video-preview":"max-video-preview:-1"},"canonical":"https:\/\/aquaforest.eu\/it\/products\/seawater\/water-treatment\/kalium-2\/","og_locale":"it_IT","og_type":"article","og_title":"Kalium - Aquaforest","og_description":"Kalium: Efficace integratore di potassio per ottimizzare i parametri dell'acqua dell'acquario.","og_url":"https:\/\/aquaforest.eu\/it\/products\/seawater\/water-treatment\/kalium-2\/","og_site_name":"Aquaforest","article_publisher":"https:\/\/www.facebook.com\/Aquaforest\/","og_image":[{"width":425,"height":600,"url":"https:\/\/aquaforest.eu\/wp-content\/uploads\/2024\/06\/Kalium.png","type":"image\/png"}],"twitter_card":"summary_large_image","twitter_misc":{"Tempo di lettura stimato":"1 minuto"},"schema":{"@context":"https:\/\/schema.org","@graph":[{"@type":"WebPage","@id":"https:\/\/aquaforest.eu\/it\/products\/seawater\/water-treatment\/kalium-2\/","url":"https:\/\/aquaforest.eu\/it\/products\/seawater\/water-treatment\/kalium-2\/","name":"Kalium - Aquaforest","isPartOf":{"@id":"https:\/\/aquaforest.eu\/it\/#website"},"primaryImageOfPage":{"@id":"https:\/\/aquaforest.eu\/it\/products\/seawater\/water-treatment\/kalium-2\/#primaryimage"},"image":{"@id":"https:\/\/aquaforest.eu\/it\/products\/seawater\/water-treatment\/kalium-2\/#primaryimage"},"thumbnailUrl":"https:\/\/aquaforest.eu\/wp-content\/uploads\/2024\/06\/Kalium.png","datePublished":"2024-06-26T00:18:22+00:00","description":"Kalium: Efficace integratore di potassio per ottimizzare i parametri dell'acqua dell'acquario.","breadcrumb":{"@id":"https:\/\/aquaforest.eu\/it\/products\/seawater\/water-treatment\/kalium-2\/#breadcrumb"},"inLanguage":"it-IT","potentialAction":[{"@type":"ReadAction","target":["https:\/\/aquaforest.eu\/it\/products\/seawater\/water-treatment\/kalium-2\/"]}]},{"@type":"ImageObject","inLanguage":"it-IT","@id":"https:\/\/aquaforest.eu\/it\/products\/seawater\/water-treatment\/kalium-2\/#primaryimage","url":"https:\/\/aquaforest.eu\/wp-content\/uploads\/2024\/06\/Kalium.png","contentUrl":"https:\/\/aquaforest.eu\/wp-content\/uploads\/2024\/06\/Kalium.png","width":425,"height":600},{"@type":"BreadcrumbList","@id":"https:\/\/aquaforest.eu\/it\/products\/seawater\/water-treatment\/kalium-2\/#breadcrumb","itemListElement":[{"@type":"ListItem","position":1,"name":"Home","item":"https:\/\/aquaforest.eu\/it\/"},{"@type":"ListItem","position":2,"name":"Prodotti","item":"https:\/\/aquaforest.eu\/it\/products\/"},{"@type":"ListItem","position":3,"name":"Kalium"}]},{"@type":"WebSite","@id":"https:\/\/aquaforest.eu\/it\/#website","url":"https:\/\/aquaforest.eu\/it\/","name":"Aquaforest","description":"","publisher":{"@id":"https:\/\/aquaforest.eu\/it\/#organization"},"potentialAction":[{"@type":"SearchAction","target":{"@type":"EntryPoint","urlTemplate":"https:\/\/aquaforest.eu\/it\/?s={search_term_string}"},"query-input":{"@type":"PropertyValueSpecification","valueRequired":true,"valueName":"search_term_string"}}],"inLanguage":"it-IT"},{"@type":"Organization","@id":"https:\/\/aquaforest.eu\/it\/#organization","name":"Aquaforest","url":"https:\/\/aquaforest.eu\/it\/","logo":{"@type":"ImageObject","inLanguage":"it-IT","@id":"https:\/\/aquaforest.eu\/it\/#\/schema\/logo\/image\/","url":"https:\/\/aquaforest.eu\/wp-content\/uploads\/2024\/05\/logotyp-aquaforest.svg","contentUrl":"https:\/\/aquaforest.eu\/wp-content\/uploads\/2024\/05\/logotyp-aquaforest.svg","width":170,"height":22,"caption":"Aquaforest"},"image":{"@id":"https:\/\/aquaforest.eu\/it\/#\/schema\/logo\/image\/"},"sameAs":["https:\/\/www.facebook.com\/Aquaforest\/","https:\/\/www.instagram.com\/aquaforest.eu\/"]}]}},"_links":{"self":[{"href":"https:\/\/aquaforest.eu\/it\/wp-json\/wp\/v2\/product\/27227","targetHints":{"allow":["GET"]}}],"collection":[{"href":"https:\/\/aquaforest.eu\/it\/wp-json\/wp\/v2\/product"}],"about":[{"href":"https:\/\/aquaforest.eu\/it\/wp-json\/wp\/v2\/types\/product"}],"version-history":[{"count":0,"href":"https:\/\/aquaforest.eu\/it\/wp-json\/wp\/v2\/product\/27227\/revisions"}],"wp:featuredmedia":[{"embeddable":true,"href":"https:\/\/aquaforest.eu\/it\/wp-json\/wp\/v2\/media\/27232"}],"wp:attachment":[{"href":"https:\/\/aquaforest.eu\/it\/wp-json\/wp\/v2\/media?parent=27227"}],"wp:term":[{"taxonomy":"product_brand","embeddable":true,"href":"https:\/\/aquaforest.eu\/it\/wp-json\/wp\/v2\/product_brand?post=27227"},{"taxonomy":"product_cat","embeddable":true,"href":"https:\/\/aquaforest.eu\/it\/wp-json\/wp\/v2\/product_cat?post=27227"},{"taxonomy":"product_tag","embeddable":true,"href":"https:\/\/aquaforest.eu\/it\/wp-json\/wp\/v2\/product_tag?post=27227"}],"curies":[{"name":"wp","href":"https:\/\/api.w.org\/{rel}","templated":true}]}}