{"id":27241,"date":"2024-06-26T02:18:24","date_gmt":"2024-06-26T00:18:24","guid":{"rendered":"https:\/\/aquaforest.eu\/products\/senza-categoria\/component-123\/"},"modified":"2025-11-28T02:49:34","modified_gmt":"2025-11-28T01:49:34","slug":"component-123","status":"publish","type":"product","link":"https:\/\/aquaforest.eu\/it\/products\/seawater\/water-treatment\/component-123\/","title":{"rendered":"Component 123"},"content":{"rendered":"<h3 class=\"fusion-responsive-typography-calculated\" data-fontsize=\"22\" data-lineheight=\"27.5px\"><span style=\"color: #000000;\">Component 1+2+3+: La chiave per un dosaggio equilibrato di macro e microelementi<\/span><\/h3>\n<p><span style=\"color: #000000;\">La composizione chimica di Component 1+2+3+ si basa sul metodo sviluppato da H. Balling. La formula \u00e8 stata ottimizzata nei nostri laboratori ed arricchita con oligoelementi fondamentali per mantenere gli organismi dell\u2019acquario marino in perfetta salute. <br \/>Abbiamo quindi creato 3 soluzioni da dosare in uguali quantit\u00e0 su base regolare. Component 1+2+3+ \u00e8 pensato per soddisfare le esigenze dei coralli non solo in termini di Magnesio e Calcio, ma anche di altri elementi che richiedono un\u2019integrazione costante e precisa, ma difficili da monitorare.   <\/span><\/p>\n<p>&nbsp;<\/p>\n<hr>\n<h3 data-fontsize=\"22\" data-lineheight=\"27.5px\"><\/h3>\n<h3 class=\"fusion-responsive-typography-calculated\" data-fontsize=\"22\" data-lineheight=\"27.5px\"><span style=\"color: #000000;\"><strong>Caratteristiche del prodotto:<\/strong><\/span><\/h3>\n<ul>\n<li><span style=\"color: #000000;\">Formula basata sull\u2019esperienza<\/span><\/li>\n<li><span style=\"color: #000000;\">Rapporto ideale di macro e microelementi<\/span><\/li>\n<li><span style=\"color: #000000;\"> Soluzioni perfettamente bilanciate per soddisfare tutte le esigenze dell\u2019acquario<\/span><\/li>\n<li><span style=\"color: #000000;\">Garantisce l\u2019equilibrio ionico grazie al contenuto di Reef Mineral Salt<\/span><\/li>\n<\/ul>\n<p>&nbsp;<\/p>\n<hr>\n<h3 data-fontsize=\"22\" data-lineheight=\"27.5px\"><\/h3>\n<h3 class=\"fusion-responsive-typography-calculated\" data-fontsize=\"22\" data-lineheight=\"27.5px\"><span style=\"color: #000000;\">Dosaggio preciso e semplice: Component 1+2+3+ per la vitalit\u00e0 dei coralli<\/span><\/h3>\n<p><span style=\"color: #000000;\"><strong>Dosaggio<\/strong>: va regolato in base al consumo di macronutrienti e monitorando parametri critici come Calcio, Magnesio e KH. <br \/>Se uno o due parametri risultano ancora squilibrati, si consiglia di continuare a somministrare dosi uguali di ciascun componente e utilizzare uno dei nostri additivi (Calcium, Magnesium, KH Buffer) per ripristinare i livelli desiderati. <\/span><\/p>\n<p><span style=\"color: #000000;\">Per mantenere un adeguato apporto di oligoelementi, i livelli di Magnesio e Calcio devono rimanere entro i valori raccomandati: (Ca 380-460 ppm, Mg 1180-1460 ppm).<\/span><\/p>\n<p><span style=\"color: #000000;\"><strong>Un acquario con una quantit\u00e0 media di coralli duri richiede circa 25 ml di ciascun componente per 100 l (27 US gal) al giorno. <br \/>Per garantire la stabilit\u00e0 dei parametri, consigliamo di suddividere la dose giornaliera in pi\u00f9 piccole somministrazioni  <\/strong><\/span><\/p>\n<p>&nbsp;<\/p>\n<hr>\n<p>&nbsp;<\/p>\n<p><span style=\"color: #000000;\"><b>Component 1+<\/b> contiene: Ca, Sr, Ba, Co, Mn, Cu, Fe, Zn, Ni, Cr, Mo (25 ml disciolti in 100 l\/27 US gal aumentano Ca di 4,5 ppm).<\/span><\/p>\n<p><span style=\"color: #000000;\"><b>Component 2+<\/b> contiene: NaHCO\u2083, F, I (25 ml disciolti in 100 l\/27 US gal aumentano KH di 0,65 dKH (Alk: 0,23 meq\/l)).<\/span><\/p>\n<p><span style=\"color: #000000;\"><b>Component 3+<\/b> contiene: Mg, Reef Mineral Salt, K, B, Li (25 ml disciolti in 100 l\/27 US gal aumentano Mg di 0,38 ppm).<\/span><\/p>\n<p><span style=\"color: #000000;\">Component 3 contiene Reef Mineral Salt, necessario per la stabilizzazione dei parametri dell\u2019acquario.<\/span><\/p>\n<p>&nbsp;<\/p>\n<hr>\n<p>&nbsp;<\/p>\n<h3><span style=\"color: #000000;\"><strong>Perch\u00e9 l\u2019equilibrio ionico \u00e8 cos\u00ec importante?<\/strong><\/span><\/h3>\n<div><span style=\"color: #000000;\">Aquaforest Reef Mineral Salt \u00e8 un sale marino privo di NaCl. Contiene tutti gli altri componenti presenti nell\u2019acqua di mare naturale, come Magnesio, Calcio, Potassio, Bromo, Fluoro, Bario, Iodio e oligoelementi. <\/span><\/div>\n<div><\/div>\n<div><span style=\"color: #000000;\">Il sale privo di NaCl \u00e8 uno degli elementi fondamentali del metodo Balling e svolge un ruolo cruciale quando si integrano Cloruro di Calcio e Bicarbonato di Sodio.<\/span><\/div>\n<div><span style=\"color: #000000;\"><strong>Contrariamente a quanto molti acquariofili pensano, il suo compito principale non \u00e8 tanto quello di reintegrare gli oligoelementi, ma di mantenere l\u2019equilibrio ionico dell\u2019acqua dell\u2019acquario <\/strong><\/span><\/div>\n<div><\/div>\n<div><span style=\"color: #000000;\">Questa pratica si basa sulla scoperta di William Dittmar, che formul\u00f2 la \u201cregola delle proporzioni costanti\u201d: l\u2019acqua di mare mantiene la stessa composizione di elementi, anche se la salinit\u00e0 varia. <\/span><\/div>\n<div><\/div>\n<h3><span style=\"color: #000000;\"><strong>Qual \u00e8 il significato di aggiungere sale privo di NaCl quando si usano CaCl\u2082 e NaHCO\u2083?<\/strong> <\/span><\/h3>\n<div><span style=\"color: #000000;\">Molti organismi marini (es. coralli duri) necessitano di Carbonato di Calcio (CaCO\u2083) per sviluppare le loro strutture calcaree. Poich\u00e9 in acqua marina naturale questo composto \u00e8 insolubile, si utilizza Ca\u00b2\u207a e HCO\u2083\u207b sotto forma di Cloruro di Calcio (CaCl\u2082) e Bicarbonato di Sodio (NaHCO\u2083). Questa reazione genera per\u00f2 un eccesso indesiderato di NaCl:  <\/span><\/div>\n<div><span style=\"color: #000000;\">CaCl2 + 2NaHCO3 = &gt; CaCO3 + 2NaCl +H2O +CO2<\/span><\/div>\n<div><span style=\"color: #000000;\">Molti ritengono che l\u2019accumulo di cloruro di sodio sia innocuo finch\u00e9 la salinit\u00e0 rimane stabile, ma in realt\u00e0 l\u2019eccesso altera l\u2019equilibrio dei macroelementi.    <\/span><\/div>\n<div><\/div>\n<div><span style=\"color: #000000;\">Un normale cambio d\u2019acqua non corregge il problema, perch\u00e9 sarebbe necessario sostituire il 100% dell\u2019acqua per riportare i parametri all\u2019origine. <\/span><\/div>\n<div><span style=\"color: #000000;\">Per questo, l\u2019uso regolare del sale privo di NaCl \u00e8 altamente raccomandato: aiuta a prevenire i problemi di squilibrio ionico a lungo termine e mantiene stabili i parametri dell\u2019acqua. <\/span><\/div>\n<div><\/div>\n<div><span style=\"color: #000000;\">Per questo, l\u2019uso regolare del sale privo di NaCl \u00e8 altamente raccomandato: aiuta a prevenire i problemi di squilibrio ionico a lungo termine e mantiene stabili i parametri dell\u2019acqua. <\/span><\/div>\n","protected":false},"excerpt":{"rendered":"<p>Integratore di Ca, KH e Mg per acquari marini. Fluidi perfettamente bilanciati per soddisfare tutte le esigenze dell&#8217;acquario. <\/p>\n","protected":false},"featured_media":27229,"template":"","meta":{"_acf_changed":false,"content-type":""},"product_brand":[],"product_cat":[1938],"product_tag":[1920,1928,1910,1975],"class_list":{"0":"post-27241","1":"product","2":"type-product","3":"status-publish","4":"has-post-thumbnail","6":"product_cat-water-treatment","7":"product_tag-aquaforest","8":"product_tag-seawater-aquatic","9":"product_tag-simple","10":"product_tag-water-treatment","12":"first","13":"instock","14":"taxable","15":"shipping-taxable","16":"purchasable","17":"product-type-simple"},"acf":[],"yoast_head":"<!-- This site is optimized with the Yoast SEO plugin v27.1.1 - https:\/\/yoast.com\/product\/yoast-seo-wordpress\/ -->\n<title>Component 123 - Aquaforest<\/title>\n<meta name=\"description\" content=\"Componente 1+2+3 di Aquaforest: un set completo di tre preparati per la gestione precisa dei livelli di calcio, magnesio e carbonati in acquario. Formula affidabile per coralli sani e condizioni dell&#039;acqua ottimali.\" \/>\n<meta name=\"robots\" content=\"index, follow, max-snippet:-1, max-image-preview:large, max-video-preview:-1\" \/>\n<link rel=\"canonical\" href=\"https:\/\/aquaforest.eu\/it\/products\/seawater\/water-treatment\/component-123\/\" \/>\n<meta property=\"og:locale\" content=\"it_IT\" \/>\n<meta property=\"og:type\" content=\"article\" \/>\n<meta property=\"og:title\" content=\"Component 123 - Aquaforest\" \/>\n<meta property=\"og:description\" content=\"Componente 1+2+3 di Aquaforest: un set completo di tre preparati per la gestione precisa dei livelli di calcio, magnesio e carbonati in acquario. Formula affidabile per coralli sani e condizioni dell&#039;acqua ottimali.\" \/>\n<meta property=\"og:url\" content=\"https:\/\/aquaforest.eu\/it\/products\/seawater\/water-treatment\/component-123\/\" \/>\n<meta property=\"og:site_name\" content=\"Aquaforest\" \/>\n<meta property=\"article:publisher\" content=\"https:\/\/www.facebook.com\/Aquaforest\/\" \/>\n<meta property=\"article:modified_time\" content=\"2025-11-28T01:49:34+00:00\" \/>\n<meta property=\"og:image\" content=\"https:\/\/aquaforest.eu\/wp-content\/uploads\/2024\/06\/COMPONENT123.png\" \/>\n\t<meta property=\"og:image:width\" content=\"480\" \/>\n\t<meta property=\"og:image:height\" content=\"600\" \/>\n\t<meta property=\"og:image:type\" content=\"image\/png\" \/>\n<meta name=\"twitter:card\" content=\"summary_large_image\" \/>\n<meta name=\"twitter:label1\" content=\"Tempo di lettura stimato\" \/>\n\t<meta name=\"twitter:data1\" content=\"3 minuti\" \/>\n<script type=\"application\/ld+json\" class=\"yoast-schema-graph\">{\"@context\":\"https:\/\/schema.org\",\"@graph\":[{\"@type\":\"WebPage\",\"@id\":\"https:\/\/aquaforest.eu\/it\/products\/seawater\/water-treatment\/component-123\/\",\"url\":\"https:\/\/aquaforest.eu\/it\/products\/seawater\/water-treatment\/component-123\/\",\"name\":\"Component 123 - Aquaforest\",\"isPartOf\":{\"@id\":\"https:\/\/aquaforest.eu\/it\/#website\"},\"primaryImageOfPage\":{\"@id\":\"https:\/\/aquaforest.eu\/it\/products\/seawater\/water-treatment\/component-123\/#primaryimage\"},\"image\":{\"@id\":\"https:\/\/aquaforest.eu\/it\/products\/seawater\/water-treatment\/component-123\/#primaryimage\"},\"thumbnailUrl\":\"https:\/\/aquaforest.eu\/wp-content\/uploads\/2024\/06\/COMPONENT123.png\",\"datePublished\":\"2024-06-26T00:18:24+00:00\",\"dateModified\":\"2025-11-28T01:49:34+00:00\",\"description\":\"Componente 1+2+3 di Aquaforest: un set completo di tre preparati per la gestione precisa dei livelli di calcio, magnesio e carbonati in acquario. Formula affidabile per coralli sani e condizioni dell'acqua ottimali.\",\"breadcrumb\":{\"@id\":\"https:\/\/aquaforest.eu\/it\/products\/seawater\/water-treatment\/component-123\/#breadcrumb\"},\"inLanguage\":\"it-IT\",\"potentialAction\":[{\"@type\":\"ReadAction\",\"target\":[\"https:\/\/aquaforest.eu\/it\/products\/seawater\/water-treatment\/component-123\/\"]}]},{\"@type\":\"ImageObject\",\"inLanguage\":\"it-IT\",\"@id\":\"https:\/\/aquaforest.eu\/it\/products\/seawater\/water-treatment\/component-123\/#primaryimage\",\"url\":\"https:\/\/aquaforest.eu\/wp-content\/uploads\/2024\/06\/COMPONENT123.png\",\"contentUrl\":\"https:\/\/aquaforest.eu\/wp-content\/uploads\/2024\/06\/COMPONENT123.png\",\"width\":480,\"height\":600,\"caption\":\"Aquaforest product, Component 1+2+3+. Developed based on the Balling Method\"},{\"@type\":\"BreadcrumbList\",\"@id\":\"https:\/\/aquaforest.eu\/it\/products\/seawater\/water-treatment\/component-123\/#breadcrumb\",\"itemListElement\":[{\"@type\":\"ListItem\",\"position\":1,\"name\":\"Home\",\"item\":\"https:\/\/aquaforest.eu\/it\/\"},{\"@type\":\"ListItem\",\"position\":2,\"name\":\"Prodotti\",\"item\":\"https:\/\/aquaforest.eu\/it\/products\/\"},{\"@type\":\"ListItem\",\"position\":3,\"name\":\"Component 123\"}]},{\"@type\":\"WebSite\",\"@id\":\"https:\/\/aquaforest.eu\/it\/#website\",\"url\":\"https:\/\/aquaforest.eu\/it\/\",\"name\":\"Aquaforest\",\"description\":\"\",\"publisher\":{\"@id\":\"https:\/\/aquaforest.eu\/it\/#organization\"},\"potentialAction\":[{\"@type\":\"SearchAction\",\"target\":{\"@type\":\"EntryPoint\",\"urlTemplate\":\"https:\/\/aquaforest.eu\/it\/?s={search_term_string}\"},\"query-input\":{\"@type\":\"PropertyValueSpecification\",\"valueRequired\":true,\"valueName\":\"search_term_string\"}}],\"inLanguage\":\"it-IT\"},{\"@type\":\"Organization\",\"@id\":\"https:\/\/aquaforest.eu\/it\/#organization\",\"name\":\"Aquaforest\",\"url\":\"https:\/\/aquaforest.eu\/it\/\",\"logo\":{\"@type\":\"ImageObject\",\"inLanguage\":\"it-IT\",\"@id\":\"https:\/\/aquaforest.eu\/it\/#\/schema\/logo\/image\/\",\"url\":\"https:\/\/aquaforest.eu\/wp-content\/uploads\/2024\/05\/logotyp-aquaforest.svg\",\"contentUrl\":\"https:\/\/aquaforest.eu\/wp-content\/uploads\/2024\/05\/logotyp-aquaforest.svg\",\"width\":170,\"height\":22,\"caption\":\"Aquaforest\"},\"image\":{\"@id\":\"https:\/\/aquaforest.eu\/it\/#\/schema\/logo\/image\/\"},\"sameAs\":[\"https:\/\/www.facebook.com\/Aquaforest\/\",\"https:\/\/www.instagram.com\/aquaforest.eu\/\"]}]}<\/script>\n<!-- \/ Yoast SEO plugin. -->","yoast_head_json":{"title":"Component 123 - Aquaforest","description":"Componente 1+2+3 di Aquaforest: un set completo di tre preparati per la gestione precisa dei livelli di calcio, magnesio e carbonati in acquario. Formula affidabile per coralli sani e condizioni dell'acqua ottimali.","robots":{"index":"index","follow":"follow","max-snippet":"max-snippet:-1","max-image-preview":"max-image-preview:large","max-video-preview":"max-video-preview:-1"},"canonical":"https:\/\/aquaforest.eu\/it\/products\/seawater\/water-treatment\/component-123\/","og_locale":"it_IT","og_type":"article","og_title":"Component 123 - Aquaforest","og_description":"Componente 1+2+3 di Aquaforest: un set completo di tre preparati per la gestione precisa dei livelli di calcio, magnesio e carbonati in acquario. Formula affidabile per coralli sani e condizioni dell'acqua ottimali.","og_url":"https:\/\/aquaforest.eu\/it\/products\/seawater\/water-treatment\/component-123\/","og_site_name":"Aquaforest","article_publisher":"https:\/\/www.facebook.com\/Aquaforest\/","article_modified_time":"2025-11-28T01:49:34+00:00","og_image":[{"width":480,"height":600,"url":"https:\/\/aquaforest.eu\/wp-content\/uploads\/2024\/06\/COMPONENT123.png","type":"image\/png"}],"twitter_card":"summary_large_image","twitter_misc":{"Tempo di lettura stimato":"3 minuti"},"schema":{"@context":"https:\/\/schema.org","@graph":[{"@type":"WebPage","@id":"https:\/\/aquaforest.eu\/it\/products\/seawater\/water-treatment\/component-123\/","url":"https:\/\/aquaforest.eu\/it\/products\/seawater\/water-treatment\/component-123\/","name":"Component 123 - Aquaforest","isPartOf":{"@id":"https:\/\/aquaforest.eu\/it\/#website"},"primaryImageOfPage":{"@id":"https:\/\/aquaforest.eu\/it\/products\/seawater\/water-treatment\/component-123\/#primaryimage"},"image":{"@id":"https:\/\/aquaforest.eu\/it\/products\/seawater\/water-treatment\/component-123\/#primaryimage"},"thumbnailUrl":"https:\/\/aquaforest.eu\/wp-content\/uploads\/2024\/06\/COMPONENT123.png","datePublished":"2024-06-26T00:18:24+00:00","dateModified":"2025-11-28T01:49:34+00:00","description":"Componente 1+2+3 di Aquaforest: un set completo di tre preparati per la gestione precisa dei livelli di calcio, magnesio e carbonati in acquario. Formula affidabile per coralli sani e condizioni dell'acqua ottimali.","breadcrumb":{"@id":"https:\/\/aquaforest.eu\/it\/products\/seawater\/water-treatment\/component-123\/#breadcrumb"},"inLanguage":"it-IT","potentialAction":[{"@type":"ReadAction","target":["https:\/\/aquaforest.eu\/it\/products\/seawater\/water-treatment\/component-123\/"]}]},{"@type":"ImageObject","inLanguage":"it-IT","@id":"https:\/\/aquaforest.eu\/it\/products\/seawater\/water-treatment\/component-123\/#primaryimage","url":"https:\/\/aquaforest.eu\/wp-content\/uploads\/2024\/06\/COMPONENT123.png","contentUrl":"https:\/\/aquaforest.eu\/wp-content\/uploads\/2024\/06\/COMPONENT123.png","width":480,"height":600,"caption":"Aquaforest product, Component 1+2+3+. Developed based on the Balling Method"},{"@type":"BreadcrumbList","@id":"https:\/\/aquaforest.eu\/it\/products\/seawater\/water-treatment\/component-123\/#breadcrumb","itemListElement":[{"@type":"ListItem","position":1,"name":"Home","item":"https:\/\/aquaforest.eu\/it\/"},{"@type":"ListItem","position":2,"name":"Prodotti","item":"https:\/\/aquaforest.eu\/it\/products\/"},{"@type":"ListItem","position":3,"name":"Component 123"}]},{"@type":"WebSite","@id":"https:\/\/aquaforest.eu\/it\/#website","url":"https:\/\/aquaforest.eu\/it\/","name":"Aquaforest","description":"","publisher":{"@id":"https:\/\/aquaforest.eu\/it\/#organization"},"potentialAction":[{"@type":"SearchAction","target":{"@type":"EntryPoint","urlTemplate":"https:\/\/aquaforest.eu\/it\/?s={search_term_string}"},"query-input":{"@type":"PropertyValueSpecification","valueRequired":true,"valueName":"search_term_string"}}],"inLanguage":"it-IT"},{"@type":"Organization","@id":"https:\/\/aquaforest.eu\/it\/#organization","name":"Aquaforest","url":"https:\/\/aquaforest.eu\/it\/","logo":{"@type":"ImageObject","inLanguage":"it-IT","@id":"https:\/\/aquaforest.eu\/it\/#\/schema\/logo\/image\/","url":"https:\/\/aquaforest.eu\/wp-content\/uploads\/2024\/05\/logotyp-aquaforest.svg","contentUrl":"https:\/\/aquaforest.eu\/wp-content\/uploads\/2024\/05\/logotyp-aquaforest.svg","width":170,"height":22,"caption":"Aquaforest"},"image":{"@id":"https:\/\/aquaforest.eu\/it\/#\/schema\/logo\/image\/"},"sameAs":["https:\/\/www.facebook.com\/Aquaforest\/","https:\/\/www.instagram.com\/aquaforest.eu\/"]}]}},"_links":{"self":[{"href":"https:\/\/aquaforest.eu\/it\/wp-json\/wp\/v2\/product\/27241","targetHints":{"allow":["GET"]}}],"collection":[{"href":"https:\/\/aquaforest.eu\/it\/wp-json\/wp\/v2\/product"}],"about":[{"href":"https:\/\/aquaforest.eu\/it\/wp-json\/wp\/v2\/types\/product"}],"version-history":[{"count":1,"href":"https:\/\/aquaforest.eu\/it\/wp-json\/wp\/v2\/product\/27241\/revisions"}],"predecessor-version":[{"id":27242,"href":"https:\/\/aquaforest.eu\/it\/wp-json\/wp\/v2\/product\/27241\/revisions\/27242"}],"wp:featuredmedia":[{"embeddable":true,"href":"https:\/\/aquaforest.eu\/it\/wp-json\/wp\/v2\/media\/27229"}],"wp:attachment":[{"href":"https:\/\/aquaforest.eu\/it\/wp-json\/wp\/v2\/media?parent=27241"}],"wp:term":[{"taxonomy":"product_brand","embeddable":true,"href":"https:\/\/aquaforest.eu\/it\/wp-json\/wp\/v2\/product_brand?post=27241"},{"taxonomy":"product_cat","embeddable":true,"href":"https:\/\/aquaforest.eu\/it\/wp-json\/wp\/v2\/product_cat?post=27241"},{"taxonomy":"product_tag","embeddable":true,"href":"https:\/\/aquaforest.eu\/it\/wp-json\/wp\/v2\/product_tag?post=27241"}],"curies":[{"name":"wp","href":"https:\/\/api.w.org\/{rel}","templated":true}]}}