{"id":27243,"date":"2024-06-26T02:18:24","date_gmt":"2024-06-26T00:18:24","guid":{"rendered":"https:\/\/aquaforest.eu\/products\/senza-categoria\/fluorine\/"},"modified":"2024-06-26T02:18:24","modified_gmt":"2024-06-26T00:18:24","slug":"fluorine","status":"publish","type":"product","link":"https:\/\/aquaforest.eu\/it\/products\/seawater\/water-treatment\/fluorine\/","title":{"rendered":"Fluorine"},"content":{"rendered":"<p><span style=\"color: #000000;\">Integratore contenente fluoro altamente concentrato. Il fluoro \u00e8 uno dei principali micronutrienti presenti nell\u2019acqua marina. In un sistema chiuso di acquario, lo skimmer e i materiali filtranti rimuovono i depositi di fluoro dall\u2019acqua, pertanto la sua supplementazione \u00e8 necessaria. Il fluoro partecipa al processo di calcificazione e supporta i tessuti scheletrici. Il fluoruro di sodio e il fluoruro di calcio sono il materiale da costruzione degli scheletri corallini, perci\u00f2 la supplementazione di fluoro \u00e8 indispensabile in un acquario di barriera. Una supplementazione equilibrata di fluoro rafforza efficacemente la colorazione blu e bianca dei coralli SPS e mette in risalto la fluorescenza della maggior parte dei coralli. Contiene tracce di potassio e iodio.      <\/span><\/p>\n<p>&nbsp;<\/p>\n<hr>\n<p>&nbsp;<\/p>\n<p><span style=\"color: #000000;\"><strong>Dosaggio<\/strong>: 1 goccia ogni 100 litri (27 US gal) di acqua al giorno. <br \/>1 ml di Fluorine (~15 gocce) in 100 l (27 US gal) di acqua aumenta il livello di fluoro di 0,06 ppm e di iodio di 0,015 mg\/l (ppm). <br \/>\u00c8 importante ricordare che ogni acquario \u00e8 diverso e il dosaggio dipende dalla popolazione di coralli e dalle necessit\u00e0 individuali. <br \/>Il livello raccomandato di fluoro in acquari marini \u00e8 di 1,3 mg\/l (ppm).   <\/span><\/p>\n","protected":false},"excerpt":{"rendered":"<p>Un\u2019integrazione equilibrata di fluoro rafforza efficacemente la colorazione blu e bianca dei coralli SPS.<\/p>\n","protected":false},"featured_media":27231,"template":"","meta":{"_acf_changed":false,"content-type":""},"product_brand":[],"product_cat":[1938],"product_tag":[1920,1928,1910,1975],"class_list":{"0":"post-27243","1":"product","2":"type-product","3":"status-publish","4":"has-post-thumbnail","6":"product_cat-water-treatment","7":"product_tag-aquaforest","8":"product_tag-seawater-aquatic","9":"product_tag-simple","10":"product_tag-water-treatment","12":"first","13":"instock","14":"taxable","15":"shipping-taxable","16":"purchasable","17":"product-type-simple"},"acf":[],"yoast_head":"<!-- This site is optimized with the Yoast SEO plugin v27.1.1 - https:\/\/yoast.com\/product\/yoast-seo-wordpress\/ -->\n<title>Fluorine - Aquaforest<\/title>\n<meta name=\"description\" content=\"Fluorine di Aquaforest: preparato unico per aumentare i livelli di fluoro nell&#039;acquario, favorendo la salute dei coralli e colori intensi. Formula affidabile per condizioni dell&#039;acqua ottimali.\" \/>\n<meta name=\"robots\" content=\"index, follow, max-snippet:-1, max-image-preview:large, max-video-preview:-1\" \/>\n<link rel=\"canonical\" href=\"https:\/\/aquaforest.eu\/it\/products\/seawater\/water-treatment\/fluorine\/\" \/>\n<meta property=\"og:locale\" content=\"it_IT\" \/>\n<meta property=\"og:type\" content=\"article\" \/>\n<meta property=\"og:title\" content=\"Fluorine - Aquaforest\" \/>\n<meta property=\"og:description\" content=\"Fluorine di Aquaforest: preparato unico per aumentare i livelli di fluoro nell&#039;acquario, favorendo la salute dei coralli e colori intensi. Formula affidabile per condizioni dell&#039;acqua ottimali.\" \/>\n<meta property=\"og:url\" content=\"https:\/\/aquaforest.eu\/it\/products\/seawater\/water-treatment\/fluorine\/\" \/>\n<meta property=\"og:site_name\" content=\"Aquaforest\" \/>\n<meta property=\"article:publisher\" content=\"https:\/\/www.facebook.com\/Aquaforest\/\" \/>\n<meta property=\"og:image\" content=\"https:\/\/aquaforest.eu\/wp-content\/uploads\/2024\/06\/Fluorine.png\" \/>\n\t<meta property=\"og:image:width\" content=\"323\" \/>\n\t<meta property=\"og:image:height\" content=\"600\" \/>\n\t<meta property=\"og:image:type\" content=\"image\/png\" \/>\n<meta name=\"twitter:card\" content=\"summary_large_image\" \/>\n<meta name=\"twitter:label1\" content=\"Tempo di lettura stimato\" \/>\n\t<meta name=\"twitter:data1\" content=\"1 minuto\" \/>\n<script type=\"application\/ld+json\" class=\"yoast-schema-graph\">{\"@context\":\"https:\/\/schema.org\",\"@graph\":[{\"@type\":\"WebPage\",\"@id\":\"https:\/\/aquaforest.eu\/it\/products\/seawater\/water-treatment\/fluorine\/\",\"url\":\"https:\/\/aquaforest.eu\/it\/products\/seawater\/water-treatment\/fluorine\/\",\"name\":\"Fluorine - Aquaforest\",\"isPartOf\":{\"@id\":\"https:\/\/aquaforest.eu\/it\/#website\"},\"primaryImageOfPage\":{\"@id\":\"https:\/\/aquaforest.eu\/it\/products\/seawater\/water-treatment\/fluorine\/#primaryimage\"},\"image\":{\"@id\":\"https:\/\/aquaforest.eu\/it\/products\/seawater\/water-treatment\/fluorine\/#primaryimage\"},\"thumbnailUrl\":\"https:\/\/aquaforest.eu\/wp-content\/uploads\/2024\/06\/Fluorine.png\",\"datePublished\":\"2024-06-26T00:18:24+00:00\",\"description\":\"Fluorine di Aquaforest: preparato unico per aumentare i livelli di fluoro nell'acquario, favorendo la salute dei coralli e colori intensi. Formula affidabile per condizioni dell'acqua ottimali.\",\"breadcrumb\":{\"@id\":\"https:\/\/aquaforest.eu\/it\/products\/seawater\/water-treatment\/fluorine\/#breadcrumb\"},\"inLanguage\":\"it-IT\",\"potentialAction\":[{\"@type\":\"ReadAction\",\"target\":[\"https:\/\/aquaforest.eu\/it\/products\/seawater\/water-treatment\/fluorine\/\"]}]},{\"@type\":\"ImageObject\",\"inLanguage\":\"it-IT\",\"@id\":\"https:\/\/aquaforest.eu\/it\/products\/seawater\/water-treatment\/fluorine\/#primaryimage\",\"url\":\"https:\/\/aquaforest.eu\/wp-content\/uploads\/2024\/06\/Fluorine.png\",\"contentUrl\":\"https:\/\/aquaforest.eu\/wp-content\/uploads\/2024\/06\/Fluorine.png\",\"width\":323,\"height\":600},{\"@type\":\"BreadcrumbList\",\"@id\":\"https:\/\/aquaforest.eu\/it\/products\/seawater\/water-treatment\/fluorine\/#breadcrumb\",\"itemListElement\":[{\"@type\":\"ListItem\",\"position\":1,\"name\":\"Home\",\"item\":\"https:\/\/aquaforest.eu\/it\/\"},{\"@type\":\"ListItem\",\"position\":2,\"name\":\"Prodotti\",\"item\":\"https:\/\/aquaforest.eu\/it\/products\/\"},{\"@type\":\"ListItem\",\"position\":3,\"name\":\"Fluorine\"}]},{\"@type\":\"WebSite\",\"@id\":\"https:\/\/aquaforest.eu\/it\/#website\",\"url\":\"https:\/\/aquaforest.eu\/it\/\",\"name\":\"Aquaforest\",\"description\":\"\",\"publisher\":{\"@id\":\"https:\/\/aquaforest.eu\/it\/#organization\"},\"potentialAction\":[{\"@type\":\"SearchAction\",\"target\":{\"@type\":\"EntryPoint\",\"urlTemplate\":\"https:\/\/aquaforest.eu\/it\/?s={search_term_string}\"},\"query-input\":{\"@type\":\"PropertyValueSpecification\",\"valueRequired\":true,\"valueName\":\"search_term_string\"}}],\"inLanguage\":\"it-IT\"},{\"@type\":\"Organization\",\"@id\":\"https:\/\/aquaforest.eu\/it\/#organization\",\"name\":\"Aquaforest\",\"url\":\"https:\/\/aquaforest.eu\/it\/\",\"logo\":{\"@type\":\"ImageObject\",\"inLanguage\":\"it-IT\",\"@id\":\"https:\/\/aquaforest.eu\/it\/#\/schema\/logo\/image\/\",\"url\":\"https:\/\/aquaforest.eu\/wp-content\/uploads\/2024\/05\/logotyp-aquaforest.svg\",\"contentUrl\":\"https:\/\/aquaforest.eu\/wp-content\/uploads\/2024\/05\/logotyp-aquaforest.svg\",\"width\":170,\"height\":22,\"caption\":\"Aquaforest\"},\"image\":{\"@id\":\"https:\/\/aquaforest.eu\/it\/#\/schema\/logo\/image\/\"},\"sameAs\":[\"https:\/\/www.facebook.com\/Aquaforest\/\",\"https:\/\/www.instagram.com\/aquaforest.eu\/\"]}]}<\/script>\n<!-- \/ Yoast SEO plugin. -->","yoast_head_json":{"title":"Fluorine - Aquaforest","description":"Fluorine di Aquaforest: preparato unico per aumentare i livelli di fluoro nell'acquario, favorendo la salute dei coralli e colori intensi. Formula affidabile per condizioni dell'acqua ottimali.","robots":{"index":"index","follow":"follow","max-snippet":"max-snippet:-1","max-image-preview":"max-image-preview:large","max-video-preview":"max-video-preview:-1"},"canonical":"https:\/\/aquaforest.eu\/it\/products\/seawater\/water-treatment\/fluorine\/","og_locale":"it_IT","og_type":"article","og_title":"Fluorine - Aquaforest","og_description":"Fluorine di Aquaforest: preparato unico per aumentare i livelli di fluoro nell'acquario, favorendo la salute dei coralli e colori intensi. Formula affidabile per condizioni dell'acqua ottimali.","og_url":"https:\/\/aquaforest.eu\/it\/products\/seawater\/water-treatment\/fluorine\/","og_site_name":"Aquaforest","article_publisher":"https:\/\/www.facebook.com\/Aquaforest\/","og_image":[{"width":323,"height":600,"url":"https:\/\/aquaforest.eu\/wp-content\/uploads\/2024\/06\/Fluorine.png","type":"image\/png"}],"twitter_card":"summary_large_image","twitter_misc":{"Tempo di lettura stimato":"1 minuto"},"schema":{"@context":"https:\/\/schema.org","@graph":[{"@type":"WebPage","@id":"https:\/\/aquaforest.eu\/it\/products\/seawater\/water-treatment\/fluorine\/","url":"https:\/\/aquaforest.eu\/it\/products\/seawater\/water-treatment\/fluorine\/","name":"Fluorine - Aquaforest","isPartOf":{"@id":"https:\/\/aquaforest.eu\/it\/#website"},"primaryImageOfPage":{"@id":"https:\/\/aquaforest.eu\/it\/products\/seawater\/water-treatment\/fluorine\/#primaryimage"},"image":{"@id":"https:\/\/aquaforest.eu\/it\/products\/seawater\/water-treatment\/fluorine\/#primaryimage"},"thumbnailUrl":"https:\/\/aquaforest.eu\/wp-content\/uploads\/2024\/06\/Fluorine.png","datePublished":"2024-06-26T00:18:24+00:00","description":"Fluorine di Aquaforest: preparato unico per aumentare i livelli di fluoro nell'acquario, favorendo la salute dei coralli e colori intensi. Formula affidabile per condizioni dell'acqua ottimali.","breadcrumb":{"@id":"https:\/\/aquaforest.eu\/it\/products\/seawater\/water-treatment\/fluorine\/#breadcrumb"},"inLanguage":"it-IT","potentialAction":[{"@type":"ReadAction","target":["https:\/\/aquaforest.eu\/it\/products\/seawater\/water-treatment\/fluorine\/"]}]},{"@type":"ImageObject","inLanguage":"it-IT","@id":"https:\/\/aquaforest.eu\/it\/products\/seawater\/water-treatment\/fluorine\/#primaryimage","url":"https:\/\/aquaforest.eu\/wp-content\/uploads\/2024\/06\/Fluorine.png","contentUrl":"https:\/\/aquaforest.eu\/wp-content\/uploads\/2024\/06\/Fluorine.png","width":323,"height":600},{"@type":"BreadcrumbList","@id":"https:\/\/aquaforest.eu\/it\/products\/seawater\/water-treatment\/fluorine\/#breadcrumb","itemListElement":[{"@type":"ListItem","position":1,"name":"Home","item":"https:\/\/aquaforest.eu\/it\/"},{"@type":"ListItem","position":2,"name":"Prodotti","item":"https:\/\/aquaforest.eu\/it\/products\/"},{"@type":"ListItem","position":3,"name":"Fluorine"}]},{"@type":"WebSite","@id":"https:\/\/aquaforest.eu\/it\/#website","url":"https:\/\/aquaforest.eu\/it\/","name":"Aquaforest","description":"","publisher":{"@id":"https:\/\/aquaforest.eu\/it\/#organization"},"potentialAction":[{"@type":"SearchAction","target":{"@type":"EntryPoint","urlTemplate":"https:\/\/aquaforest.eu\/it\/?s={search_term_string}"},"query-input":{"@type":"PropertyValueSpecification","valueRequired":true,"valueName":"search_term_string"}}],"inLanguage":"it-IT"},{"@type":"Organization","@id":"https:\/\/aquaforest.eu\/it\/#organization","name":"Aquaforest","url":"https:\/\/aquaforest.eu\/it\/","logo":{"@type":"ImageObject","inLanguage":"it-IT","@id":"https:\/\/aquaforest.eu\/it\/#\/schema\/logo\/image\/","url":"https:\/\/aquaforest.eu\/wp-content\/uploads\/2024\/05\/logotyp-aquaforest.svg","contentUrl":"https:\/\/aquaforest.eu\/wp-content\/uploads\/2024\/05\/logotyp-aquaforest.svg","width":170,"height":22,"caption":"Aquaforest"},"image":{"@id":"https:\/\/aquaforest.eu\/it\/#\/schema\/logo\/image\/"},"sameAs":["https:\/\/www.facebook.com\/Aquaforest\/","https:\/\/www.instagram.com\/aquaforest.eu\/"]}]}},"_links":{"self":[{"href":"https:\/\/aquaforest.eu\/it\/wp-json\/wp\/v2\/product\/27243","targetHints":{"allow":["GET"]}}],"collection":[{"href":"https:\/\/aquaforest.eu\/it\/wp-json\/wp\/v2\/product"}],"about":[{"href":"https:\/\/aquaforest.eu\/it\/wp-json\/wp\/v2\/types\/product"}],"version-history":[{"count":0,"href":"https:\/\/aquaforest.eu\/it\/wp-json\/wp\/v2\/product\/27243\/revisions"}],"wp:featuredmedia":[{"embeddable":true,"href":"https:\/\/aquaforest.eu\/it\/wp-json\/wp\/v2\/media\/27231"}],"wp:attachment":[{"href":"https:\/\/aquaforest.eu\/it\/wp-json\/wp\/v2\/media?parent=27243"}],"wp:term":[{"taxonomy":"product_brand","embeddable":true,"href":"https:\/\/aquaforest.eu\/it\/wp-json\/wp\/v2\/product_brand?post=27243"},{"taxonomy":"product_cat","embeddable":true,"href":"https:\/\/aquaforest.eu\/it\/wp-json\/wp\/v2\/product_cat?post=27243"},{"taxonomy":"product_tag","embeddable":true,"href":"https:\/\/aquaforest.eu\/it\/wp-json\/wp\/v2\/product_tag?post=27243"}],"curies":[{"name":"wp","href":"https:\/\/api.w.org\/{rel}","templated":true}]}}