{"id":27246,"date":"2024-06-26T02:18:25","date_gmt":"2024-06-26T00:18:25","guid":{"rendered":"https:\/\/aquaforest.eu\/products\/senza-categoria\/af-air-scrubber-media\/"},"modified":"2026-05-04T15:53:10","modified_gmt":"2026-05-04T13:53:10","slug":"af-air-scrubber-media","status":"publish","type":"product","link":"https:\/\/aquaforest.eu\/it\/products\/seawater\/water-treatment\/af-air-scrubber-media\/","title":{"rendered":"AF Air Scrubber Media"},"content":{"rendered":"<p>Gli acquari di barriera sono ecosistemi complessi che prosperano sulla stabilit\u00e0. AF Air Scrubber Media \u00e8 un materiale filtrante ad alte prestazioni progettato per stabilizzare il pH negli acquari marini. Assorbe efficacemente l\u2019anidride carbonica (CO\u2082) dall\u2019aria aspirata dallo skimmer, prevenendo le pericolose fluttuazioni di pH che possono compromettere la salute dei coralli.<br \/>\nGrazie alla sua formula in pellet ad alta capacit\u00e0 assorbente, AF Air Scrubber Medium contribuisce a mantenere un pH stabile compreso tra 8.1 \u2013 8.4, favorendo cos\u00ec la crescita e la calcificazione dei coralli.<\/p>\n<hr \/>\n<p>Il AF Air Scrubber Medium aiuta a prevenire le pericolose fluttuazioni dei parametri causate da un basso pH dell\u2019acqua. Il mezzo filtrante \u00e8 costituito da pellet bianchi e secchi. Riempie saldamente la camera del filtro, consentendo comunque il passaggio dell\u2019aria. In questo modo assorbe perfettamente l\u2019anidride carbonica. Usato e sostituito regolarmente, garantisce un pH stabile nell\u2019acquario.<\/p>\n<hr \/>\n<p>Secondo i nostri test, AF Air Scrubber Medium pu\u00f2 aumentare il pH di circa 0,2 \u2013 0,4 gradi, stabilizzandolo nell\u2019intervallo 8,0 \u2013 8,4. Si consiglia di utilizzare AF Air Scrubber Medium insieme al filtro AF Air Scrubber. Questa configurazione garantisce la rimozione pi\u00f9 efficace della CO\u2082 dall\u2019aria aspirata dallo skimmer. Il mezzo filtrante cambia colore man mano che si consuma, indicando facilmente quando sostituire la cartuccia. Si raccomanda di sostituirla prima che il colore cambi completamente.<br \/>\nLa cartuccia \u00e8 progettata per un solo utilizzo, non pu\u00f2 essere rigenerata n\u00e9 riutilizzata. La saturazione con anidride carbonica si riconosce dal colore dei pellet: quando la cartuccia diventa viola, significa che ha assorbito CO\u2082. Solo le cartucce filtro CO\u2082 originali garantiscono un funzionamento continuo e la massima efficienza. Per ottenere una filtrazione ottimale e duratura, si raccomanda di utilizzare AF Air Scrubber Medium insieme al filtro dedicato AF Air Scrubber.<br \/>\n\\n<br \/>\n\\n<br \/>\n\\n<br \/>\n\\n<br \/>\n\\n<br \/>\n\\n<br \/>\n\\n<br \/>\n\\nCaratteristiche principali<br \/>\n\\n<br \/>\n\\nEccellenti propriet\u00e0 di assorbimento della CO\u2082<br \/>\n\\nAumenta efficacemente il livello di pH<br \/>\n\\nFavorisce la salute e la crescita dei coralli<br \/>\n\\nPreviene le fluttuazioni del pH in acquari marini<br \/>\n\\nIndicatore del grado di usura<br \/>\n\\nFacile da usare<br \/>\n\\nProdotto della massima qualit\u00e0, completamente sicuro per pesci e coralli<br \/>\n\\n<br \/>\n\\n<br \/>\n\\n<br \/>\n\\n<br \/>\n\\n<br \/>\n\\n<br \/>\n\\n<br \/>\n\\nImportant<br \/>\n\\n<br \/>\n\\nWe recommend replacing media when it changes the color or when your pH levels start to drop<br \/>\n\\n<br \/>\n\\nOne package is a full AF Air Scrubber reactor refill<br \/>\n\\n<br \/>\n\\nAF Air Scrubber Media can be used together with Carbon<br \/>\n\\n<br \/>\n\\nIf used up media is left inside the reactor too long, it can change color again, but it is no longer effective at removing CO2 from the air<br \/>\n\\n<br \/>\n\\nWhen changing out the media, it is best to wear gloves and do it in a well-ventilated space<br \/>\n\\n<br \/>\n\\nKeep away from children. Product for aquarium use only. Not suitable for human consumption. Keep in a cool, dry place away from direct light.<\/p>\n<hr \/>\n<p>Secondo i nostri test, AF Air Scrubber Medium pu\u00f2 aumentare il pH di circa 0,2 \u2013 0,4 gradi, stabilizzandolo nell\u2019intervallo 8,0 \u2013 8,4. Si consiglia di utilizzare AF Air Scrubber Medium insieme al filtro AF Air Scrubber. Questa configurazione garantisce la rimozione pi\u00f9 efficace della CO\u2082 dall\u2019aria aspirata dallo skimmer. Il mezzo filtrante cambia colore man mano che si consuma, indicando facilmente quando sostituire la cartuccia. Si raccomanda di sostituirla prima che il colore cambi completamente.<br \/>\nLa cartuccia \u00e8 progettata per un solo utilizzo, non pu\u00f2 essere rigenerata n\u00e9 riutilizzata. La saturazione con anidride carbonica si riconosce dal colore dei pellet: quando la cartuccia diventa viola, significa che ha assorbito CO\u2082. Solo le cartucce filtro CO\u2082 originali garantiscono un funzionamento continuo e la massima efficienza. Per ottenere una filtrazione ottimale e duratura, si raccomanda di utilizzare AF Air Scrubber Medium insieme al filtro dedicato AF Air Scrubber.<\/p>\n<hr \/>\n<h3><strong>Caratteristiche principali<\/strong><\/h3>\n<ul>\n<li>Eccellenti propriet\u00e0 di assorbimento della CO\u2082<\/li>\n<li>Aumenta efficacemente il livello di pH<\/li>\n<li>Favorisce la salute e la crescita dei coralli<\/li>\n<li>Previene le fluttuazioni del pH in acquari marini<\/li>\n<li>Indicatore del grado di usura<\/li>\n<li>Facile da usare<\/li>\n<li>Prodotto della massima qualit\u00e0, completamente sicuro per pesci e coralli<\/li>\n<\/ul>\n<hr \/>\n<h3><strong>Note importanti<\/strong><\/h3>\n<p>Si consiglia di sostituire il supporto quando cambia colore o quando i livelli di pH iniziano a scendere<\/p>\n<p>Un pacchetto \u00e8 una ricarica completa del reattore AF Air Scrubber<\/p>\n<p>Il filtro AF Air Scrubber Media pu\u00f2 essere utilizzato insieme al Carbonio<\/p>\n<p>Se il mezzo esaurito viene lasciato all&#8217;interno del reattore troppo a lungo, pu\u00f2 cambiare di nuovo colore, ma non \u00e8 pi\u00f9 efficace nel rimuovere la CO2 dall&#8217;aria<\/p>\n<p>Quando si cambia il supporto, \u00e8 meglio indossare i guanti e farlo in uno spazio ben ventilato<\/p>\n<p>Tenere lontano dalla portata dei bambini. Prodotto destinato esclusivamente all\u2019uso in acquario. Non adatto al consumo umano. Conservare in un luogo fresco e asciutto, lontano dalla luce diretta.<\/p>\n","protected":false},"excerpt":{"rendered":"<p>Agente per aumentare i livelli di pH<\/p>\n","protected":false},"featured_media":27060,"template":"","meta":{"_acf_changed":false,"content-type":""},"product_brand":[],"product_cat":[1938],"product_tag":[1920,1928,1910,1975],"class_list":{"0":"post-27246","1":"product","2":"type-product","3":"status-publish","4":"has-post-thumbnail","6":"product_cat-water-treatment","7":"product_tag-aquaforest","8":"product_tag-seawater-aquatic","9":"product_tag-simple","10":"product_tag-water-treatment","12":"first","13":"instock","14":"taxable","15":"shipping-taxable","16":"purchasable","17":"product-type-simple"},"acf":[],"yoast_head":"<!-- This site is optimized with the Yoast SEO plugin v27.1.1 - https:\/\/yoast.com\/product\/yoast-seo-wordpress\/ -->\n<title>AF Air Scrubber Media - Aquaforest<\/title>\n<meta name=\"description\" content=\"AF Air Scrubber Media: mezzo filtrante efficace per aumentare il pH dell&#039;acqua.\" \/>\n<meta name=\"robots\" content=\"index, follow, max-snippet:-1, max-image-preview:large, max-video-preview:-1\" \/>\n<link rel=\"canonical\" href=\"https:\/\/aquaforest.eu\/it\/products\/seawater\/water-treatment\/af-air-scrubber-media\/\" \/>\n<meta property=\"og:locale\" content=\"it_IT\" \/>\n<meta property=\"og:type\" content=\"article\" \/>\n<meta property=\"og:title\" content=\"AF Air Scrubber Media - Aquaforest\" \/>\n<meta property=\"og:description\" content=\"AF Air Scrubber Media: mezzo filtrante efficace per aumentare il pH dell&#039;acqua.\" \/>\n<meta property=\"og:url\" content=\"https:\/\/aquaforest.eu\/it\/products\/seawater\/water-treatment\/af-air-scrubber-media\/\" \/>\n<meta property=\"og:site_name\" content=\"Aquaforest\" \/>\n<meta property=\"article:publisher\" content=\"https:\/\/www.facebook.com\/Aquaforest\/\" \/>\n<meta property=\"article:modified_time\" content=\"2026-05-04T13:53:10+00:00\" \/>\n<meta property=\"og:image\" content=\"https:\/\/aquaforest.eu\/wp-content\/uploads\/2024\/06\/AF-Air-Scrubber-Media.png\" \/>\n\t<meta property=\"og:image:width\" content=\"452\" \/>\n\t<meta property=\"og:image:height\" content=\"600\" \/>\n\t<meta property=\"og:image:type\" content=\"image\/png\" \/>\n<meta name=\"twitter:card\" content=\"summary_large_image\" \/>\n<meta name=\"twitter:label1\" content=\"Tempo di lettura stimato\" \/>\n\t<meta name=\"twitter:data1\" content=\"4 minuti\" \/>\n<script type=\"application\/ld+json\" class=\"yoast-schema-graph\">{\"@context\":\"https:\/\/schema.org\",\"@graph\":[{\"@type\":\"WebPage\",\"@id\":\"https:\/\/aquaforest.eu\/it\/products\/seawater\/water-treatment\/af-air-scrubber-media\/\",\"url\":\"https:\/\/aquaforest.eu\/it\/products\/seawater\/water-treatment\/af-air-scrubber-media\/\",\"name\":\"AF Air Scrubber Media - Aquaforest\",\"isPartOf\":{\"@id\":\"https:\/\/aquaforest.eu\/it\/#website\"},\"primaryImageOfPage\":{\"@id\":\"https:\/\/aquaforest.eu\/it\/products\/seawater\/water-treatment\/af-air-scrubber-media\/#primaryimage\"},\"image\":{\"@id\":\"https:\/\/aquaforest.eu\/it\/products\/seawater\/water-treatment\/af-air-scrubber-media\/#primaryimage\"},\"thumbnailUrl\":\"https:\/\/aquaforest.eu\/wp-content\/uploads\/2024\/06\/AF-Air-Scrubber-Media.png\",\"datePublished\":\"2024-06-26T00:18:25+00:00\",\"dateModified\":\"2026-05-04T13:53:10+00:00\",\"description\":\"AF Air Scrubber Media: mezzo filtrante efficace per aumentare il pH dell'acqua.\",\"breadcrumb\":{\"@id\":\"https:\/\/aquaforest.eu\/it\/products\/seawater\/water-treatment\/af-air-scrubber-media\/#breadcrumb\"},\"inLanguage\":\"it-IT\",\"potentialAction\":[{\"@type\":\"ReadAction\",\"target\":[\"https:\/\/aquaforest.eu\/it\/products\/seawater\/water-treatment\/af-air-scrubber-media\/\"]}]},{\"@type\":\"ImageObject\",\"inLanguage\":\"it-IT\",\"@id\":\"https:\/\/aquaforest.eu\/it\/products\/seawater\/water-treatment\/af-air-scrubber-media\/#primaryimage\",\"url\":\"https:\/\/aquaforest.eu\/wp-content\/uploads\/2024\/06\/AF-Air-Scrubber-Media.png\",\"contentUrl\":\"https:\/\/aquaforest.eu\/wp-content\/uploads\/2024\/06\/AF-Air-Scrubber-Media.png\",\"width\":452,\"height\":600},{\"@type\":\"BreadcrumbList\",\"@id\":\"https:\/\/aquaforest.eu\/it\/products\/seawater\/water-treatment\/af-air-scrubber-media\/#breadcrumb\",\"itemListElement\":[{\"@type\":\"ListItem\",\"position\":1,\"name\":\"Home\",\"item\":\"https:\/\/aquaforest.eu\/it\/\"},{\"@type\":\"ListItem\",\"position\":2,\"name\":\"Prodotti\",\"item\":\"https:\/\/aquaforest.eu\/it\/products\/\"},{\"@type\":\"ListItem\",\"position\":3,\"name\":\"AF Air Scrubber Media\"}]},{\"@type\":\"WebSite\",\"@id\":\"https:\/\/aquaforest.eu\/it\/#website\",\"url\":\"https:\/\/aquaforest.eu\/it\/\",\"name\":\"Aquaforest\",\"description\":\"\",\"publisher\":{\"@id\":\"https:\/\/aquaforest.eu\/it\/#organization\"},\"potentialAction\":[{\"@type\":\"SearchAction\",\"target\":{\"@type\":\"EntryPoint\",\"urlTemplate\":\"https:\/\/aquaforest.eu\/it\/?s={search_term_string}\"},\"query-input\":{\"@type\":\"PropertyValueSpecification\",\"valueRequired\":true,\"valueName\":\"search_term_string\"}}],\"inLanguage\":\"it-IT\"},{\"@type\":\"Organization\",\"@id\":\"https:\/\/aquaforest.eu\/it\/#organization\",\"name\":\"Aquaforest\",\"url\":\"https:\/\/aquaforest.eu\/it\/\",\"logo\":{\"@type\":\"ImageObject\",\"inLanguage\":\"it-IT\",\"@id\":\"https:\/\/aquaforest.eu\/it\/#\/schema\/logo\/image\/\",\"url\":\"https:\/\/aquaforest.eu\/wp-content\/uploads\/2024\/05\/logotyp-aquaforest.svg\",\"contentUrl\":\"https:\/\/aquaforest.eu\/wp-content\/uploads\/2024\/05\/logotyp-aquaforest.svg\",\"width\":170,\"height\":22,\"caption\":\"Aquaforest\"},\"image\":{\"@id\":\"https:\/\/aquaforest.eu\/it\/#\/schema\/logo\/image\/\"},\"sameAs\":[\"https:\/\/www.facebook.com\/Aquaforest\/\",\"https:\/\/www.instagram.com\/aquaforest.eu\/\"]}]}<\/script>\n<!-- \/ Yoast SEO plugin. -->","yoast_head_json":{"title":"AF Air Scrubber Media - Aquaforest","description":"AF Air Scrubber Media: mezzo filtrante efficace per aumentare il pH dell'acqua.","robots":{"index":"index","follow":"follow","max-snippet":"max-snippet:-1","max-image-preview":"max-image-preview:large","max-video-preview":"max-video-preview:-1"},"canonical":"https:\/\/aquaforest.eu\/it\/products\/seawater\/water-treatment\/af-air-scrubber-media\/","og_locale":"it_IT","og_type":"article","og_title":"AF Air Scrubber Media - Aquaforest","og_description":"AF Air Scrubber Media: mezzo filtrante efficace per aumentare il pH dell'acqua.","og_url":"https:\/\/aquaforest.eu\/it\/products\/seawater\/water-treatment\/af-air-scrubber-media\/","og_site_name":"Aquaforest","article_publisher":"https:\/\/www.facebook.com\/Aquaforest\/","article_modified_time":"2026-05-04T13:53:10+00:00","og_image":[{"width":452,"height":600,"url":"https:\/\/aquaforest.eu\/wp-content\/uploads\/2024\/06\/AF-Air-Scrubber-Media.png","type":"image\/png"}],"twitter_card":"summary_large_image","twitter_misc":{"Tempo di lettura stimato":"4 minuti"},"schema":{"@context":"https:\/\/schema.org","@graph":[{"@type":"WebPage","@id":"https:\/\/aquaforest.eu\/it\/products\/seawater\/water-treatment\/af-air-scrubber-media\/","url":"https:\/\/aquaforest.eu\/it\/products\/seawater\/water-treatment\/af-air-scrubber-media\/","name":"AF Air Scrubber Media - Aquaforest","isPartOf":{"@id":"https:\/\/aquaforest.eu\/it\/#website"},"primaryImageOfPage":{"@id":"https:\/\/aquaforest.eu\/it\/products\/seawater\/water-treatment\/af-air-scrubber-media\/#primaryimage"},"image":{"@id":"https:\/\/aquaforest.eu\/it\/products\/seawater\/water-treatment\/af-air-scrubber-media\/#primaryimage"},"thumbnailUrl":"https:\/\/aquaforest.eu\/wp-content\/uploads\/2024\/06\/AF-Air-Scrubber-Media.png","datePublished":"2024-06-26T00:18:25+00:00","dateModified":"2026-05-04T13:53:10+00:00","description":"AF Air Scrubber Media: mezzo filtrante efficace per aumentare il pH dell'acqua.","breadcrumb":{"@id":"https:\/\/aquaforest.eu\/it\/products\/seawater\/water-treatment\/af-air-scrubber-media\/#breadcrumb"},"inLanguage":"it-IT","potentialAction":[{"@type":"ReadAction","target":["https:\/\/aquaforest.eu\/it\/products\/seawater\/water-treatment\/af-air-scrubber-media\/"]}]},{"@type":"ImageObject","inLanguage":"it-IT","@id":"https:\/\/aquaforest.eu\/it\/products\/seawater\/water-treatment\/af-air-scrubber-media\/#primaryimage","url":"https:\/\/aquaforest.eu\/wp-content\/uploads\/2024\/06\/AF-Air-Scrubber-Media.png","contentUrl":"https:\/\/aquaforest.eu\/wp-content\/uploads\/2024\/06\/AF-Air-Scrubber-Media.png","width":452,"height":600},{"@type":"BreadcrumbList","@id":"https:\/\/aquaforest.eu\/it\/products\/seawater\/water-treatment\/af-air-scrubber-media\/#breadcrumb","itemListElement":[{"@type":"ListItem","position":1,"name":"Home","item":"https:\/\/aquaforest.eu\/it\/"},{"@type":"ListItem","position":2,"name":"Prodotti","item":"https:\/\/aquaforest.eu\/it\/products\/"},{"@type":"ListItem","position":3,"name":"AF Air Scrubber Media"}]},{"@type":"WebSite","@id":"https:\/\/aquaforest.eu\/it\/#website","url":"https:\/\/aquaforest.eu\/it\/","name":"Aquaforest","description":"","publisher":{"@id":"https:\/\/aquaforest.eu\/it\/#organization"},"potentialAction":[{"@type":"SearchAction","target":{"@type":"EntryPoint","urlTemplate":"https:\/\/aquaforest.eu\/it\/?s={search_term_string}"},"query-input":{"@type":"PropertyValueSpecification","valueRequired":true,"valueName":"search_term_string"}}],"inLanguage":"it-IT"},{"@type":"Organization","@id":"https:\/\/aquaforest.eu\/it\/#organization","name":"Aquaforest","url":"https:\/\/aquaforest.eu\/it\/","logo":{"@type":"ImageObject","inLanguage":"it-IT","@id":"https:\/\/aquaforest.eu\/it\/#\/schema\/logo\/image\/","url":"https:\/\/aquaforest.eu\/wp-content\/uploads\/2024\/05\/logotyp-aquaforest.svg","contentUrl":"https:\/\/aquaforest.eu\/wp-content\/uploads\/2024\/05\/logotyp-aquaforest.svg","width":170,"height":22,"caption":"Aquaforest"},"image":{"@id":"https:\/\/aquaforest.eu\/it\/#\/schema\/logo\/image\/"},"sameAs":["https:\/\/www.facebook.com\/Aquaforest\/","https:\/\/www.instagram.com\/aquaforest.eu\/"]}]}},"_links":{"self":[{"href":"https:\/\/aquaforest.eu\/it\/wp-json\/wp\/v2\/product\/27246","targetHints":{"allow":["GET"]}}],"collection":[{"href":"https:\/\/aquaforest.eu\/it\/wp-json\/wp\/v2\/product"}],"about":[{"href":"https:\/\/aquaforest.eu\/it\/wp-json\/wp\/v2\/types\/product"}],"version-history":[{"count":2,"href":"https:\/\/aquaforest.eu\/it\/wp-json\/wp\/v2\/product\/27246\/revisions"}],"predecessor-version":[{"id":31554,"href":"https:\/\/aquaforest.eu\/it\/wp-json\/wp\/v2\/product\/27246\/revisions\/31554"}],"wp:featuredmedia":[{"embeddable":true,"href":"https:\/\/aquaforest.eu\/it\/wp-json\/wp\/v2\/media\/27060"}],"wp:attachment":[{"href":"https:\/\/aquaforest.eu\/it\/wp-json\/wp\/v2\/media?parent=27246"}],"wp:term":[{"taxonomy":"product_brand","embeddable":true,"href":"https:\/\/aquaforest.eu\/it\/wp-json\/wp\/v2\/product_brand?post=27246"},{"taxonomy":"product_cat","embeddable":true,"href":"https:\/\/aquaforest.eu\/it\/wp-json\/wp\/v2\/product_cat?post=27246"},{"taxonomy":"product_tag","embeddable":true,"href":"https:\/\/aquaforest.eu\/it\/wp-json\/wp\/v2\/product_tag?post=27246"}],"curies":[{"name":"wp","href":"https:\/\/api.w.org\/{rel}","templated":true}]}}