{"id":27269,"date":"2024-06-27T00:21:56","date_gmt":"2024-06-26T22:21:56","guid":{"rendered":"https:\/\/aquaforest.eu\/products\/senza-categoria\/liquid-vege\/"},"modified":"2024-06-27T00:21:56","modified_gmt":"2024-06-26T22:21:56","slug":"liquid-vege","status":"publish","type":"product","link":"https:\/\/aquaforest.eu\/it\/products\/seawater\/foods-and-supplementation\/liquid-vege\/","title":{"rendered":"Liquid Vege"},"content":{"rendered":"<p><span style=\"color: #000000;\">Liquid Vege \u00e8 un <b>cibo vegetale realizzato con ingredienti naturali di altissima qualit\u00e0<\/b>. \u00c8 una scelta eccellente per gli animali erbivori da acquario. La <b>composizione \u00e8 a base di spinaci e alghe nori <\/b>che forniscono una fonte di nutrienti senza pari.  <\/span><\/p>\n<p><span style=\"color: #000000;\">Gli spinaci,<b> principale fonte di beta-carotene e vitamine (K, C, B1, B2, PP, B6, E, acido folico)<\/b>, sono una vera e propria bomba vitaminica naturale. Non si tratta solo di uno spuntino gustoso, ma supportano lo sviluppo sano e le condizioni generali dei pesci. <\/span><\/p>\n<p><span style=\"color: #000000;\">Le alghe nori, parte integrante di questa composizione,<b>offrono non solo un sapore unico, ma anche minerali essenziali come calcio, magnesio, fosforo, ferro, potassio e iodio<\/b>. Questi elementi sono fondamentali per il corretto funzionamento dei pesci e per il mantenimento della loro salute. <\/span><\/p>\n<p><span style=\"color: #000000;\">Questo cibo vegetale \u00e8 stato accuratamente sviluppato per soddisfare le esigenze dei pesci d\u2019acquario in ogni fase della loro vita, <b>basandosi su anni di esperienza acquaristica<\/b>. La ricca formula del cibo integra efficacemente la dieta, <b>migliorando il benessere e l\u2019attivit\u00e0 dei pesci marini<\/b>. <\/span><\/p>\n<p><span style=\"color: #000000;\">Inoltre, ci\u00f2 che distingue questo alimento \u00e8 la sua praticit\u00e0. Non richiede scongelamento e la sua forma liquida ne garantisce l\u2019immediata disponibilit\u00e0, riducendo il tempo necessario per nutrire i pesci. Questa soluzione pratica non solo semplifica il processo di alimentazione, ma preserva anche il<b> pieno valore nutrizionale<\/b> del cibo vegetale.  <\/span><\/p>\n<p><span style=\"color: #000000;\">Di conseguenza, questo alimento non \u00e8 solo un gustoso complemento alla dieta dei pesci d\u2019acquario, ma anche una parte fondamentale della cura della loro salute e del loro benessere.<\/span><\/p>\n<p>&nbsp;<\/p>\n<hr>\n<p>&nbsp;<\/p>\n<p><span style=\"color: #000000;\"><strong>Caratteristiche principali:<\/strong><\/span><\/p>\n<ul>\n<li><span style=\"color: #000000;\">Cibo vegetale a base di ingredienti naturali di altissima qualit\u00e0.<\/span><\/li>\n<li><span style=\"color: #000000;\">Spinaci come eccellente fonte di beta-carotene e vitamine (K, C, B1, B2, PP, B6, E, acido folico).<\/span><\/li>\n<li><span style=\"color: #000000;\">Alghe nori come fonte di minerali: calcio, magnesio, fosforo, ferro, potassio e iodio.<\/span><\/li>\n<li><span style=\"color: #000000;\">Sviluppato sulla base di molti anni di esperienza acquaristica.<\/span><\/li>\n<li><span style=\"color: #000000;\">Formula ricca che integra efficacemente la dieta.<\/span><\/li>\n<li><span style=\"color: #000000;\">Non richiede scongelamento, a differenza di altri alimenti vegetali.<\/span><\/li>\n<\/ul>\n<p>&nbsp;<\/p>\n<hr>\n<h4 data-fontsize=\"16\" data-lineheight=\"24px\"><\/h4>\n<h4 class=\"fusion-tab-heading fusion-responsive-typography-calculated\" data-fontsize=\"16\" data-lineheight=\"24px\"><span style=\"color: #000000;\">Ingredienti e Dosaggio<\/span><\/h4>\n<p><span style=\"color: #000000;\"><strong>Dosaggio<\/strong>: somministrare in piccole porzioni una volta al giorno. Agitare bene prima dell\u2019uso. Conservare in frigorifero dopo l\u2019apertura. I cibi liquidi Aquaforest sono una perfetta alternativa ai cibi surgelati e devono essere dosati in quantit\u00e0 simili. \u00c8 importante stabilire il dosaggio in base alle esigenze della popolazione dell\u2019acquario.   <\/span><\/p>\n<p><span style=\"color: #000000;\"><strong>Composizione<\/strong>: spinaci, alghe marine, acqua, sale, antiossidante.<\/span><\/p>\n","protected":false},"excerpt":{"rendered":"<p>Cibo vegetale realizzato con ingredienti naturali di altissima qualit\u00e0. La composizione \u00e8 a base di spinaci e alghe nori.<\/p>\n","protected":false},"featured_media":27257,"template":"","meta":{"_acf_changed":false,"content-type":""},"product_brand":[],"product_cat":[1934],"product_tag":[1965,1920,1928,1910],"class_list":{"0":"post-27269","1":"product","2":"type-product","3":"status-publish","4":"has-post-thumbnail","6":"product_cat-foods-and-supplementation","7":"product_tag-alimentazione-e-integrazione","8":"product_tag-aquaforest","9":"product_tag-seawater-aquatic","10":"product_tag-simple","12":"first","13":"instock","14":"taxable","15":"shipping-taxable","16":"purchasable","17":"product-type-simple"},"acf":[],"yoast_head":"<!-- This site is optimized with the Yoast SEO plugin v27.1.1 - https:\/\/yoast.com\/product\/yoast-seo-wordpress\/ -->\n<title>Liquid Vege - Aquaforest<\/title>\n<meta name=\"description\" content=\"Liquid Vege di Aquaforest: fertilizzante concentrato per piante acquatiche, che favorisce la loro crescita sana e la loro colorazione intensa. Contiene microelementi essenziali e vitamine.\" \/>\n<meta name=\"robots\" content=\"index, follow, max-snippet:-1, max-image-preview:large, max-video-preview:-1\" \/>\n<link rel=\"canonical\" href=\"https:\/\/aquaforest.eu\/it\/products\/seawater\/foods-and-supplementation\/liquid-vege\/\" \/>\n<meta property=\"og:locale\" content=\"it_IT\" \/>\n<meta property=\"og:type\" content=\"article\" \/>\n<meta property=\"og:title\" content=\"Liquid Vege - Aquaforest\" \/>\n<meta property=\"og:description\" content=\"Liquid Vege di Aquaforest: fertilizzante concentrato per piante acquatiche, che favorisce la loro crescita sana e la loro colorazione intensa. Contiene microelementi essenziali e vitamine.\" \/>\n<meta property=\"og:url\" content=\"https:\/\/aquaforest.eu\/it\/products\/seawater\/foods-and-supplementation\/liquid-vege\/\" \/>\n<meta property=\"og:site_name\" content=\"Aquaforest\" \/>\n<meta property=\"article:publisher\" content=\"https:\/\/www.facebook.com\/Aquaforest\/\" \/>\n<meta property=\"og:image\" content=\"https:\/\/aquaforest.eu\/wp-content\/uploads\/2024\/06\/Liquid-Vege.png\" \/>\n\t<meta property=\"og:image:width\" content=\"238\" \/>\n\t<meta property=\"og:image:height\" content=\"600\" \/>\n\t<meta property=\"og:image:type\" content=\"image\/png\" \/>\n<meta name=\"twitter:card\" content=\"summary_large_image\" \/>\n<meta name=\"twitter:label1\" content=\"Tempo di lettura stimato\" \/>\n\t<meta name=\"twitter:data1\" content=\"2 minuti\" \/>\n<script type=\"application\/ld+json\" class=\"yoast-schema-graph\">{\"@context\":\"https:\/\/schema.org\",\"@graph\":[{\"@type\":\"WebPage\",\"@id\":\"https:\/\/aquaforest.eu\/it\/products\/seawater\/foods-and-supplementation\/liquid-vege\/\",\"url\":\"https:\/\/aquaforest.eu\/it\/products\/seawater\/foods-and-supplementation\/liquid-vege\/\",\"name\":\"Liquid Vege - Aquaforest\",\"isPartOf\":{\"@id\":\"https:\/\/aquaforest.eu\/it\/#website\"},\"primaryImageOfPage\":{\"@id\":\"https:\/\/aquaforest.eu\/it\/products\/seawater\/foods-and-supplementation\/liquid-vege\/#primaryimage\"},\"image\":{\"@id\":\"https:\/\/aquaforest.eu\/it\/products\/seawater\/foods-and-supplementation\/liquid-vege\/#primaryimage\"},\"thumbnailUrl\":\"https:\/\/aquaforest.eu\/wp-content\/uploads\/2024\/06\/Liquid-Vege.png\",\"datePublished\":\"2024-06-26T22:21:56+00:00\",\"description\":\"Liquid Vege di Aquaforest: fertilizzante concentrato per piante acquatiche, che favorisce la loro crescita sana e la loro colorazione intensa. Contiene microelementi essenziali e vitamine.\",\"breadcrumb\":{\"@id\":\"https:\/\/aquaforest.eu\/it\/products\/seawater\/foods-and-supplementation\/liquid-vege\/#breadcrumb\"},\"inLanguage\":\"it-IT\",\"potentialAction\":[{\"@type\":\"ReadAction\",\"target\":[\"https:\/\/aquaforest.eu\/it\/products\/seawater\/foods-and-supplementation\/liquid-vege\/\"]}]},{\"@type\":\"ImageObject\",\"inLanguage\":\"it-IT\",\"@id\":\"https:\/\/aquaforest.eu\/it\/products\/seawater\/foods-and-supplementation\/liquid-vege\/#primaryimage\",\"url\":\"https:\/\/aquaforest.eu\/wp-content\/uploads\/2024\/06\/Liquid-Vege.png\",\"contentUrl\":\"https:\/\/aquaforest.eu\/wp-content\/uploads\/2024\/06\/Liquid-Vege.png\",\"width\":238,\"height\":600},{\"@type\":\"BreadcrumbList\",\"@id\":\"https:\/\/aquaforest.eu\/it\/products\/seawater\/foods-and-supplementation\/liquid-vege\/#breadcrumb\",\"itemListElement\":[{\"@type\":\"ListItem\",\"position\":1,\"name\":\"Home\",\"item\":\"https:\/\/aquaforest.eu\/it\/\"},{\"@type\":\"ListItem\",\"position\":2,\"name\":\"Prodotti\",\"item\":\"https:\/\/aquaforest.eu\/it\/products\/\"},{\"@type\":\"ListItem\",\"position\":3,\"name\":\"Liquid Vege\"}]},{\"@type\":\"WebSite\",\"@id\":\"https:\/\/aquaforest.eu\/it\/#website\",\"url\":\"https:\/\/aquaforest.eu\/it\/\",\"name\":\"Aquaforest\",\"description\":\"\",\"publisher\":{\"@id\":\"https:\/\/aquaforest.eu\/it\/#organization\"},\"potentialAction\":[{\"@type\":\"SearchAction\",\"target\":{\"@type\":\"EntryPoint\",\"urlTemplate\":\"https:\/\/aquaforest.eu\/it\/?s={search_term_string}\"},\"query-input\":{\"@type\":\"PropertyValueSpecification\",\"valueRequired\":true,\"valueName\":\"search_term_string\"}}],\"inLanguage\":\"it-IT\"},{\"@type\":\"Organization\",\"@id\":\"https:\/\/aquaforest.eu\/it\/#organization\",\"name\":\"Aquaforest\",\"url\":\"https:\/\/aquaforest.eu\/it\/\",\"logo\":{\"@type\":\"ImageObject\",\"inLanguage\":\"it-IT\",\"@id\":\"https:\/\/aquaforest.eu\/it\/#\/schema\/logo\/image\/\",\"url\":\"https:\/\/aquaforest.eu\/wp-content\/uploads\/2024\/05\/logotyp-aquaforest.svg\",\"contentUrl\":\"https:\/\/aquaforest.eu\/wp-content\/uploads\/2024\/05\/logotyp-aquaforest.svg\",\"width\":170,\"height\":22,\"caption\":\"Aquaforest\"},\"image\":{\"@id\":\"https:\/\/aquaforest.eu\/it\/#\/schema\/logo\/image\/\"},\"sameAs\":[\"https:\/\/www.facebook.com\/Aquaforest\/\",\"https:\/\/www.instagram.com\/aquaforest.eu\/\"]}]}<\/script>\n<!-- \/ Yoast SEO plugin. -->","yoast_head_json":{"title":"Liquid Vege - Aquaforest","description":"Liquid Vege di Aquaforest: fertilizzante concentrato per piante acquatiche, che favorisce la loro crescita sana e la loro colorazione intensa. Contiene microelementi essenziali e vitamine.","robots":{"index":"index","follow":"follow","max-snippet":"max-snippet:-1","max-image-preview":"max-image-preview:large","max-video-preview":"max-video-preview:-1"},"canonical":"https:\/\/aquaforest.eu\/it\/products\/seawater\/foods-and-supplementation\/liquid-vege\/","og_locale":"it_IT","og_type":"article","og_title":"Liquid Vege - Aquaforest","og_description":"Liquid Vege di Aquaforest: fertilizzante concentrato per piante acquatiche, che favorisce la loro crescita sana e la loro colorazione intensa. Contiene microelementi essenziali e vitamine.","og_url":"https:\/\/aquaforest.eu\/it\/products\/seawater\/foods-and-supplementation\/liquid-vege\/","og_site_name":"Aquaforest","article_publisher":"https:\/\/www.facebook.com\/Aquaforest\/","og_image":[{"width":238,"height":600,"url":"https:\/\/aquaforest.eu\/wp-content\/uploads\/2024\/06\/Liquid-Vege.png","type":"image\/png"}],"twitter_card":"summary_large_image","twitter_misc":{"Tempo di lettura stimato":"2 minuti"},"schema":{"@context":"https:\/\/schema.org","@graph":[{"@type":"WebPage","@id":"https:\/\/aquaforest.eu\/it\/products\/seawater\/foods-and-supplementation\/liquid-vege\/","url":"https:\/\/aquaforest.eu\/it\/products\/seawater\/foods-and-supplementation\/liquid-vege\/","name":"Liquid Vege - Aquaforest","isPartOf":{"@id":"https:\/\/aquaforest.eu\/it\/#website"},"primaryImageOfPage":{"@id":"https:\/\/aquaforest.eu\/it\/products\/seawater\/foods-and-supplementation\/liquid-vege\/#primaryimage"},"image":{"@id":"https:\/\/aquaforest.eu\/it\/products\/seawater\/foods-and-supplementation\/liquid-vege\/#primaryimage"},"thumbnailUrl":"https:\/\/aquaforest.eu\/wp-content\/uploads\/2024\/06\/Liquid-Vege.png","datePublished":"2024-06-26T22:21:56+00:00","description":"Liquid Vege di Aquaforest: fertilizzante concentrato per piante acquatiche, che favorisce la loro crescita sana e la loro colorazione intensa. Contiene microelementi essenziali e vitamine.","breadcrumb":{"@id":"https:\/\/aquaforest.eu\/it\/products\/seawater\/foods-and-supplementation\/liquid-vege\/#breadcrumb"},"inLanguage":"it-IT","potentialAction":[{"@type":"ReadAction","target":["https:\/\/aquaforest.eu\/it\/products\/seawater\/foods-and-supplementation\/liquid-vege\/"]}]},{"@type":"ImageObject","inLanguage":"it-IT","@id":"https:\/\/aquaforest.eu\/it\/products\/seawater\/foods-and-supplementation\/liquid-vege\/#primaryimage","url":"https:\/\/aquaforest.eu\/wp-content\/uploads\/2024\/06\/Liquid-Vege.png","contentUrl":"https:\/\/aquaforest.eu\/wp-content\/uploads\/2024\/06\/Liquid-Vege.png","width":238,"height":600},{"@type":"BreadcrumbList","@id":"https:\/\/aquaforest.eu\/it\/products\/seawater\/foods-and-supplementation\/liquid-vege\/#breadcrumb","itemListElement":[{"@type":"ListItem","position":1,"name":"Home","item":"https:\/\/aquaforest.eu\/it\/"},{"@type":"ListItem","position":2,"name":"Prodotti","item":"https:\/\/aquaforest.eu\/it\/products\/"},{"@type":"ListItem","position":3,"name":"Liquid Vege"}]},{"@type":"WebSite","@id":"https:\/\/aquaforest.eu\/it\/#website","url":"https:\/\/aquaforest.eu\/it\/","name":"Aquaforest","description":"","publisher":{"@id":"https:\/\/aquaforest.eu\/it\/#organization"},"potentialAction":[{"@type":"SearchAction","target":{"@type":"EntryPoint","urlTemplate":"https:\/\/aquaforest.eu\/it\/?s={search_term_string}"},"query-input":{"@type":"PropertyValueSpecification","valueRequired":true,"valueName":"search_term_string"}}],"inLanguage":"it-IT"},{"@type":"Organization","@id":"https:\/\/aquaforest.eu\/it\/#organization","name":"Aquaforest","url":"https:\/\/aquaforest.eu\/it\/","logo":{"@type":"ImageObject","inLanguage":"it-IT","@id":"https:\/\/aquaforest.eu\/it\/#\/schema\/logo\/image\/","url":"https:\/\/aquaforest.eu\/wp-content\/uploads\/2024\/05\/logotyp-aquaforest.svg","contentUrl":"https:\/\/aquaforest.eu\/wp-content\/uploads\/2024\/05\/logotyp-aquaforest.svg","width":170,"height":22,"caption":"Aquaforest"},"image":{"@id":"https:\/\/aquaforest.eu\/it\/#\/schema\/logo\/image\/"},"sameAs":["https:\/\/www.facebook.com\/Aquaforest\/","https:\/\/www.instagram.com\/aquaforest.eu\/"]}]}},"_links":{"self":[{"href":"https:\/\/aquaforest.eu\/it\/wp-json\/wp\/v2\/product\/27269","targetHints":{"allow":["GET"]}}],"collection":[{"href":"https:\/\/aquaforest.eu\/it\/wp-json\/wp\/v2\/product"}],"about":[{"href":"https:\/\/aquaforest.eu\/it\/wp-json\/wp\/v2\/types\/product"}],"version-history":[{"count":0,"href":"https:\/\/aquaforest.eu\/it\/wp-json\/wp\/v2\/product\/27269\/revisions"}],"wp:featuredmedia":[{"embeddable":true,"href":"https:\/\/aquaforest.eu\/it\/wp-json\/wp\/v2\/media\/27257"}],"wp:attachment":[{"href":"https:\/\/aquaforest.eu\/it\/wp-json\/wp\/v2\/media?parent=27269"}],"wp:term":[{"taxonomy":"product_brand","embeddable":true,"href":"https:\/\/aquaforest.eu\/it\/wp-json\/wp\/v2\/product_brand?post=27269"},{"taxonomy":"product_cat","embeddable":true,"href":"https:\/\/aquaforest.eu\/it\/wp-json\/wp\/v2\/product_cat?post=27269"},{"taxonomy":"product_tag","embeddable":true,"href":"https:\/\/aquaforest.eu\/it\/wp-json\/wp\/v2\/product_tag?post=27269"}],"curies":[{"name":"wp","href":"https:\/\/api.w.org\/{rel}","templated":true}]}}