{"id":27595,"date":"2024-06-27T00:21:57","date_gmt":"2024-06-26T22:21:57","guid":{"rendered":"https:\/\/aquaforest.eu\/products\/senza-categoria\/hybrid-pro-salt\/"},"modified":"2026-05-04T15:26:23","modified_gmt":"2026-05-04T13:26:23","slug":"hybrid-pro-salt","status":"publish","type":"product","link":"https:\/\/aquaforest.eu\/it\/products\/seawater\/marine-salts\/hybrid-pro-salt\/","title":{"rendered":"Hybrid Pro Salt"},"content":{"rendered":"<h3 class=\"fusion-responsive-typography-calculated\" data-fontsize=\"22\" data-lineheight=\"27.5px\"><strong><span style=\"color: #000000;\">Il sale per reef pi\u00f9 avanzato di Aquaforest<\/span><\/strong><\/h3>\n<p><span style=\"font-weight: 400;\">Aquaforest Hybrid Pro Salt \u00e8 il sale marino pi\u00f9 avanzato, creato per l\u2019uso negli acquari marini pi\u00f9 esigenti. La sua formula unica lo rende un prodotto senza eguali sul mercato acquariologico. Hybrid Pro Salt \u00e8 stato ispirato da anni di osservazioni sia sugli acquari gestiti con acqua di mare naturale sia su quelli che utilizzano sale da laboratorio chimicamente puro. Poich\u00e9 \u00e8 impossibile stabilire in modo definitivo quale dei due metodi sia \u201cmigliore\u201d, abbiamo deciso di unire i punti di forza di entrambi in un unico prodotto: Aquaforest Hybrid Pro Salt. <\/span><\/p>\n<p><span style=\"font-weight: 400;\">Hybrid Pro Salt \u00e8 la formula di sale per acquari pi\u00f9 avanzata, che combina il meglio di entrambi i mondi. Da un lato, utilizziamo il sale da laboratorio chimicamente pi\u00f9 puro, che garantisce stabilit\u00e0 e prevedibilit\u00e0 dei parametri dell\u2019acqua. Dall\u2019altro, aggiungiamo scaglie di sale naturale estratto dalle acque pi\u00f9 pure dell\u2019Atlantico, per assicurare una ricchezza di micronutrienti. Inoltre, il sale \u00e8 arricchito con batteri probiotici. Questi microrganismi benefici si occupano della purezza dell\u2019acqua, controllano i livelli di nitrati e fosfati, favorendo la crescita sana dei coralli e il loro corretto colore. Questo \u00e8 particolarmente importante nell\u2019allevamento dei coralli SPS pi\u00f9 esigenti. Vale la pena sottolineare che Hybrid Pro Salt \u00e8 molto pi\u00f9 di un semplice sale: \u00e8 una formula completa che fornisce ai coralli tutto ci\u00f2 di cui hanno bisogno per uno sviluppo corretto. Contiene micro- e macroelementi nelle giuste quantit\u00e0, oltre ad aminoacidi e vitamina C, che supportano la salute e le condizioni della fauna marina. <\/span><\/p>\n<hr \/>\n<h3 class=\"fusion-responsive-typography-calculated\" data-fontsize=\"22\" data-lineheight=\"27.5px\"><strong>Formula ibrida unica sviluppata da specialisti<\/strong><\/h3>\n<p><span style=\"font-weight: 400;\">Hybrid Pro Salt \u00e8 il risultato di anni di ricerca ed esperienza. Abbiamo raccolto e testato campioni d\u2019acqua da barriere coralline in Egitto, Kenya, Indonesia e Fiji. Grazie a ci\u00f2, abbiamo acquisito la certezza che i parametri ottenuti dopo la preparazione della salamoia rispondono perfettamente alle esigenze anche dei coralli pi\u00f9 esigenti. A differenza dell\u2019oceano, l\u2019acquario \u00e8 un sistema chiuso in cui il consumo di alcuni elementi avviene molto pi\u00f9 rapidamente, quindi abbiamo deciso di aumentare i livelli dei micronutrienti pi\u00f9 utilizzati, come stronzio e iodio. Tutto questo per creare una formula che supporti lo sviluppo sano di pesci e coralli quotidianamente. <\/span><\/p>\n<p>&nbsp;<\/p>\n<h3><strong><img fetchpriority=\"high\" decoding=\"async\" class=\"alignnone wp-image-2818 size-full\" src=\"https:\/\/aquaforest.eu\/wp-content\/uploads\/2024\/06\/tabelka-nowe-sole-600x210-1.png\" alt=\"\" width=\"600\" height=\"210\" srcset=\"https:\/\/aquaforest.eu\/wp-content\/uploads\/2024\/06\/tabelka-nowe-sole-600x210-1.png 600w, https:\/\/aquaforest.eu\/wp-content\/uploads\/2024\/06\/tabelka-nowe-sole-600x210-1-300x105.png 300w\" sizes=\"(max-width: 600px) 100vw, 600px\" \/><\/strong><\/h3>\n<hr \/>\n<h3 class=\"fusion-responsive-typography-calculated\" data-fontsize=\"22\" data-lineheight=\"27.5px\"><strong><span style=\"color: #000000;\">Cosa rende unico Hybrid Pro Salt?<\/span><\/strong><\/h3>\n<ul>\n<li>Combina sale chimicamente puro prodotto in laboratorio con scaglie di sale marino naturale provenienti dalle acque pi\u00f9 pulite del Nord Atlantico<\/li>\n<li>Miscela proprietaria di batteri probiotici per ridurre i livelli di nitrati e fosfati, aumentando al tempo stesso l\u2019intensit\u00e0 dei colori e il potenziale di crescita spesso inibito da livelli elevati di fosfati<\/li>\n<li>Contiene numerosi micro- e macroelementi, arricchiti con aminoacidi di altissima qualit\u00e0 e vitamine che favoriscono l\u2019immunit\u00e0 e le funzioni metaboliche naturali<\/li>\n<\/ul>\n<p><span style=\"font-weight: 400;\">Scegliendo i prodotti Aquaforest, puoi essere certo che il sale scelto sar\u00e0 sicuro per il tuo acquario e che i parametri ottenuti non differiranno da quelli dichiarati. Ogni lotto di Aquaforest Hybrid Pro Salt \u00e8 testato in un laboratorio specializzato. Un team esperto di tecnici di laboratorio esegue un\u2019analisi approfondita con due spettrometri ICP-OES: uno per il contenuto di micronutrienti e l\u2019altro per i macronutrienti. I risultati di questi test sono disponibili online. <\/span><\/p>\n<h3><strong>Come testiamo il nostro sale?<\/strong><\/h3>\n<p><span style=\"font-weight: 400;\">Mescoliamo il sale e preleviamo 3 campioni da ogni lotto da 600 kg da testare. Ciascuno di questi campioni viene disciolto in 15 litri di acqua RO. Il nostro team verifica con l\u2019analisi ICP-OES che la composizione sia uniforme ed esente da contaminanti indesiderati. L\u2019affidabilit\u00e0 dei risultati \u00e8 garantita da due spettrometri di altissima qualit\u00e0, calibrati singolarmente. <\/span><\/p>\n<p><strong>I risultati dei test per ogni sale sono immediatamente disponibili sul nostro sito web qui. <a href=\"https:\/\/aquaforest.eu\/it\/check-your-salt\/\">here<\/a>.<\/strong><\/p>\n<hr \/>\n<h3><strong>Come usare Aquaforest Hybrid Pro Salt<\/strong><\/h3>\n<h3><span style=\"font-weight: 400; font-size: 16px;\">1. <\/span><span style=\"font-weight: 400; font-size: 16px;\">Inizia con acqua RODI, che dovrebbe avere una temperatura di circa 24\u00b0C (75\u00b0F).<\/span><\/h3>\n<h3><span style=\"font-weight: 400; font-size: 16px;\">2. <\/span><span style=\"font-weight: 400; font-size: 16px;\">FPer una salinit\u00e0 di 33 ppt (1.025 S.G.), aggiungi circa 390 g (13,75 oz.) di sale a 10 l (2,7 US gal) d\u2019acqua.<\/span><\/h3>\n<p>3.Mescola energicamente per circa 15 minuti finch\u00e9 il sale non si \u00e8 completamente disciolto e l\u2019acqua diventa limpida.<\/p>\n<p><span style=\"font-weight: 400;\">4. Controlla la salinit\u00e0 risultante con un rifrattometro prima dell\u2019uso. <\/span><\/p>\n<p>5. Fatto! L\u2019acqua salata \u00e8 pronta per l\u2019uso.<\/p>\n<p>&nbsp;<\/p>\n<p><span style=\"font-weight: 400;\">Ricorda di conservare il sale in un luogo asciutto e buio.<\/span><\/p>\n<p><span style=\"font-weight: 400;\">Dopo la dissoluzione, il sale dovrebbe essere utilizzato entro 3 giorni.<\/span><\/p>\n<p><span style=\"font-weight: 400;\">L\u2019evaporazione pu\u00f2 alterare i parametri dell\u2019acqua, quindi conserva l\u2019acqua salata appena preparata in un contenitore ben chiuso se non la usi subito. <\/span><\/p>\n<p><span style=\"font-weight: 400;\">Se conservi l\u2019acqua per diversi giorni, ricontrolla la salinit\u00e0 prima dell\u2019uso.<\/span><\/p>\n<p><span style=\"font-weight: 400;\">Scheda di sicurezza disponibile su richiesta.<\/span><\/p>\n<hr \/>\n<h3><strong>Consigli<\/strong><\/h3>\n<ul>\n<li>Raccomandiamo di mantenere il dKH tra 7,5\u20138,5 per aiutare la riproduzione dei batteri probiotici. Valori pi\u00f9 alti o pi\u00f9 bassi possono ridurre l\u2019attivit\u00e0 batterica<\/li>\n<li>Per i nuovi acquari, consigliamo di introdurre i primi pesci\/coralli non prima di 10\u201314 giorni, dopo che la vasca \u00e8 stata avviata e i parametri dell\u2019acqua stabilizzati<\/li>\n<\/ul>\n<hr \/>\n<h3><strong>Salinit\u00e0 raccomandata per diversi tipi di acquario:<\/strong><\/h3>\n<p><img decoding=\"async\" class=\"alignnone wp-image-2819 size-full\" src=\"https:\/\/aquaforest.eu\/wp-content\/uploads\/2024\/06\/Hybrid-Pro-Salt_tabelka_1_709x200.png\" alt=\"\" width=\"709\" height=\"218\" srcset=\"https:\/\/aquaforest.eu\/wp-content\/uploads\/2024\/06\/Hybrid-Pro-Salt_tabelka_1_709x200.png 709w, https:\/\/aquaforest.eu\/wp-content\/uploads\/2024\/06\/Hybrid-Pro-Salt_tabelka_1_709x200-300x92.png 300w, https:\/\/aquaforest.eu\/wp-content\/uploads\/2024\/06\/Hybrid-Pro-Salt_tabelka_1_709x200-600x184.png 600w\" sizes=\"(max-width: 709px) 100vw, 709px\" \/><\/p>\n<hr \/>\n<h3><strong>Macro e microelementi nell\u2019acqua hanno livelli diversi a seconda della salinit\u00e0:<\/strong><\/h3>\n<p><img decoding=\"async\" class=\"alignnone wp-image-2820 size-full\" src=\"https:\/\/aquaforest.eu\/wp-content\/uploads\/2024\/06\/Hybrid-Pro-Salt_tabelka_2_709x200.png\" alt=\"\" width=\"709\" height=\"218\" srcset=\"https:\/\/aquaforest.eu\/wp-content\/uploads\/2024\/06\/Hybrid-Pro-Salt_tabelka_2_709x200.png 709w, https:\/\/aquaforest.eu\/wp-content\/uploads\/2024\/06\/Hybrid-Pro-Salt_tabelka_2_709x200-300x92.png 300w, https:\/\/aquaforest.eu\/wp-content\/uploads\/2024\/06\/Hybrid-Pro-Salt_tabelka_2_709x200-600x184.png 600w\" sizes=\"(max-width: 709px) 100vw, 709px\" \/><\/p>\n","protected":false},"excerpt":{"rendered":"<p>Sale arricchito con probiotici per ridurre i livelli di nutrienti. Sale chimicamente puro, prodotto in laboratorio, con scaglie di sale marino naturale.<\/p>\n","protected":false},"featured_media":27599,"template":"","meta":{"_acf_changed":false,"content-type":""},"product_brand":[],"product_cat":[1935,1936],"product_tag":[1920,2000,1928,1915],"class_list":{"0":"post-27595","1":"product","2":"type-product","3":"status-publish","4":"has-post-thumbnail","6":"product_cat-marine-salts","7":"product_cat-probiotic-method","8":"product_tag-aquaforest","9":"product_tag-sali-marini","10":"product_tag-seawater-aquatic","11":"product_tag-variable","13":"first","14":"instock","15":"taxable","16":"shipping-taxable","17":"purchasable","18":"product-type-variable","19":"has-default-attributes"},"acf":[],"yoast_head":"<!-- This site is optimized with the Yoast SEO plugin v27.1.1 - https:\/\/yoast.com\/product\/yoast-seo-wordpress\/ -->\n<title>Hybrid Pro Salt - Aquaforest<\/title>\n<meta name=\"description\" content=\"La formula pi\u00f9 avanzata di sale per acquari: Hybrid Pro Salt combina i vantaggi dell&#039;acqua di mare naturale e del sale puro di laboratorio. Arricchito con batteri probiotici, offre condizioni ottimali per gli acquari moderni e i delicati organismi marini.\" \/>\n<meta name=\"robots\" content=\"index, follow, max-snippet:-1, max-image-preview:large, max-video-preview:-1\" \/>\n<link rel=\"canonical\" href=\"https:\/\/aquaforest.eu\/it\/products\/seawater\/marine-salts\/hybrid-pro-salt\/\" \/>\n<meta property=\"og:locale\" content=\"it_IT\" \/>\n<meta property=\"og:type\" content=\"article\" \/>\n<meta property=\"og:title\" content=\"Hybrid Pro Salt - Aquaforest\" \/>\n<meta property=\"og:description\" content=\"La formula pi\u00f9 avanzata di sale per acquari: Hybrid Pro Salt combina i vantaggi dell&#039;acqua di mare naturale e del sale puro di laboratorio. Arricchito con batteri probiotici, offre condizioni ottimali per gli acquari moderni e i delicati organismi marini.\" \/>\n<meta property=\"og:url\" content=\"https:\/\/aquaforest.eu\/it\/products\/seawater\/marine-salts\/hybrid-pro-salt\/\" \/>\n<meta property=\"og:site_name\" content=\"Aquaforest\" \/>\n<meta property=\"article:publisher\" content=\"https:\/\/www.facebook.com\/Aquaforest\/\" \/>\n<meta property=\"article:modified_time\" content=\"2026-05-04T13:26:23+00:00\" \/>\n<meta property=\"og:image\" content=\"https:\/\/aquaforest.eu\/wp-content\/uploads\/2024\/06\/Hybrid-Pro-Salt-22kg.png\" \/>\n\t<meta property=\"og:image:width\" content=\"1800\" \/>\n\t<meta property=\"og:image:height\" content=\"1800\" \/>\n\t<meta property=\"og:image:type\" content=\"image\/png\" \/>\n<meta name=\"twitter:card\" content=\"summary_large_image\" \/>\n<meta name=\"twitter:label1\" content=\"Tempo di lettura stimato\" \/>\n\t<meta name=\"twitter:data1\" content=\"5 minuti\" \/>\n<script type=\"application\/ld+json\" class=\"yoast-schema-graph\">{\"@context\":\"https:\/\/schema.org\",\"@graph\":[{\"@type\":\"WebPage\",\"@id\":\"https:\/\/aquaforest.eu\/it\/products\/seawater\/marine-salts\/hybrid-pro-salt\/\",\"url\":\"https:\/\/aquaforest.eu\/it\/products\/seawater\/marine-salts\/hybrid-pro-salt\/\",\"name\":\"Hybrid Pro Salt - Aquaforest\",\"isPartOf\":{\"@id\":\"https:\/\/aquaforest.eu\/it\/#website\"},\"primaryImageOfPage\":{\"@id\":\"https:\/\/aquaforest.eu\/it\/products\/seawater\/marine-salts\/hybrid-pro-salt\/#primaryimage\"},\"image\":{\"@id\":\"https:\/\/aquaforest.eu\/it\/products\/seawater\/marine-salts\/hybrid-pro-salt\/#primaryimage\"},\"thumbnailUrl\":\"https:\/\/aquaforest.eu\/wp-content\/uploads\/2024\/06\/Hybrid-Pro-Salt-22kg.png\",\"datePublished\":\"2024-06-26T22:21:57+00:00\",\"dateModified\":\"2026-05-04T13:26:23+00:00\",\"description\":\"La formula pi\u00f9 avanzata di sale per acquari: Hybrid Pro Salt combina i vantaggi dell'acqua di mare naturale e del sale puro di laboratorio. Arricchito con batteri probiotici, offre condizioni ottimali per gli acquari moderni e i delicati organismi marini.\",\"breadcrumb\":{\"@id\":\"https:\/\/aquaforest.eu\/it\/products\/seawater\/marine-salts\/hybrid-pro-salt\/#breadcrumb\"},\"inLanguage\":\"it-IT\",\"potentialAction\":[{\"@type\":\"ReadAction\",\"target\":[\"https:\/\/aquaforest.eu\/it\/products\/seawater\/marine-salts\/hybrid-pro-salt\/\"]}]},{\"@type\":\"ImageObject\",\"inLanguage\":\"it-IT\",\"@id\":\"https:\/\/aquaforest.eu\/it\/products\/seawater\/marine-salts\/hybrid-pro-salt\/#primaryimage\",\"url\":\"https:\/\/aquaforest.eu\/wp-content\/uploads\/2024\/06\/Hybrid-Pro-Salt-22kg.png\",\"contentUrl\":\"https:\/\/aquaforest.eu\/wp-content\/uploads\/2024\/06\/Hybrid-Pro-Salt-22kg.png\",\"width\":1800,\"height\":1800},{\"@type\":\"BreadcrumbList\",\"@id\":\"https:\/\/aquaforest.eu\/it\/products\/seawater\/marine-salts\/hybrid-pro-salt\/#breadcrumb\",\"itemListElement\":[{\"@type\":\"ListItem\",\"position\":1,\"name\":\"Home\",\"item\":\"https:\/\/aquaforest.eu\/it\/\"},{\"@type\":\"ListItem\",\"position\":2,\"name\":\"Prodotti\",\"item\":\"https:\/\/aquaforest.eu\/it\/products\/\"},{\"@type\":\"ListItem\",\"position\":3,\"name\":\"Hybrid Pro Salt\"}]},{\"@type\":\"WebSite\",\"@id\":\"https:\/\/aquaforest.eu\/it\/#website\",\"url\":\"https:\/\/aquaforest.eu\/it\/\",\"name\":\"Aquaforest\",\"description\":\"\",\"publisher\":{\"@id\":\"https:\/\/aquaforest.eu\/it\/#organization\"},\"potentialAction\":[{\"@type\":\"SearchAction\",\"target\":{\"@type\":\"EntryPoint\",\"urlTemplate\":\"https:\/\/aquaforest.eu\/it\/?s={search_term_string}\"},\"query-input\":{\"@type\":\"PropertyValueSpecification\",\"valueRequired\":true,\"valueName\":\"search_term_string\"}}],\"inLanguage\":\"it-IT\"},{\"@type\":\"Organization\",\"@id\":\"https:\/\/aquaforest.eu\/it\/#organization\",\"name\":\"Aquaforest\",\"url\":\"https:\/\/aquaforest.eu\/it\/\",\"logo\":{\"@type\":\"ImageObject\",\"inLanguage\":\"it-IT\",\"@id\":\"https:\/\/aquaforest.eu\/it\/#\/schema\/logo\/image\/\",\"url\":\"https:\/\/aquaforest.eu\/wp-content\/uploads\/2024\/05\/logotyp-aquaforest.svg\",\"contentUrl\":\"https:\/\/aquaforest.eu\/wp-content\/uploads\/2024\/05\/logotyp-aquaforest.svg\",\"width\":170,\"height\":22,\"caption\":\"Aquaforest\"},\"image\":{\"@id\":\"https:\/\/aquaforest.eu\/it\/#\/schema\/logo\/image\/\"},\"sameAs\":[\"https:\/\/www.facebook.com\/Aquaforest\/\",\"https:\/\/www.instagram.com\/aquaforest.eu\/\"]}]}<\/script>\n<!-- \/ Yoast SEO plugin. -->","yoast_head_json":{"title":"Hybrid Pro Salt - Aquaforest","description":"La formula pi\u00f9 avanzata di sale per acquari: Hybrid Pro Salt combina i vantaggi dell'acqua di mare naturale e del sale puro di laboratorio. Arricchito con batteri probiotici, offre condizioni ottimali per gli acquari moderni e i delicati organismi marini.","robots":{"index":"index","follow":"follow","max-snippet":"max-snippet:-1","max-image-preview":"max-image-preview:large","max-video-preview":"max-video-preview:-1"},"canonical":"https:\/\/aquaforest.eu\/it\/products\/seawater\/marine-salts\/hybrid-pro-salt\/","og_locale":"it_IT","og_type":"article","og_title":"Hybrid Pro Salt - Aquaforest","og_description":"La formula pi\u00f9 avanzata di sale per acquari: Hybrid Pro Salt combina i vantaggi dell'acqua di mare naturale e del sale puro di laboratorio. Arricchito con batteri probiotici, offre condizioni ottimali per gli acquari moderni e i delicati organismi marini.","og_url":"https:\/\/aquaforest.eu\/it\/products\/seawater\/marine-salts\/hybrid-pro-salt\/","og_site_name":"Aquaforest","article_publisher":"https:\/\/www.facebook.com\/Aquaforest\/","article_modified_time":"2026-05-04T13:26:23+00:00","og_image":[{"width":1800,"height":1800,"url":"https:\/\/aquaforest.eu\/wp-content\/uploads\/2024\/06\/Hybrid-Pro-Salt-22kg.png","type":"image\/png"}],"twitter_card":"summary_large_image","twitter_misc":{"Tempo di lettura stimato":"5 minuti"},"schema":{"@context":"https:\/\/schema.org","@graph":[{"@type":"WebPage","@id":"https:\/\/aquaforest.eu\/it\/products\/seawater\/marine-salts\/hybrid-pro-salt\/","url":"https:\/\/aquaforest.eu\/it\/products\/seawater\/marine-salts\/hybrid-pro-salt\/","name":"Hybrid Pro Salt - Aquaforest","isPartOf":{"@id":"https:\/\/aquaforest.eu\/it\/#website"},"primaryImageOfPage":{"@id":"https:\/\/aquaforest.eu\/it\/products\/seawater\/marine-salts\/hybrid-pro-salt\/#primaryimage"},"image":{"@id":"https:\/\/aquaforest.eu\/it\/products\/seawater\/marine-salts\/hybrid-pro-salt\/#primaryimage"},"thumbnailUrl":"https:\/\/aquaforest.eu\/wp-content\/uploads\/2024\/06\/Hybrid-Pro-Salt-22kg.png","datePublished":"2024-06-26T22:21:57+00:00","dateModified":"2026-05-04T13:26:23+00:00","description":"La formula pi\u00f9 avanzata di sale per acquari: Hybrid Pro Salt combina i vantaggi dell'acqua di mare naturale e del sale puro di laboratorio. Arricchito con batteri probiotici, offre condizioni ottimali per gli acquari moderni e i delicati organismi marini.","breadcrumb":{"@id":"https:\/\/aquaforest.eu\/it\/products\/seawater\/marine-salts\/hybrid-pro-salt\/#breadcrumb"},"inLanguage":"it-IT","potentialAction":[{"@type":"ReadAction","target":["https:\/\/aquaforest.eu\/it\/products\/seawater\/marine-salts\/hybrid-pro-salt\/"]}]},{"@type":"ImageObject","inLanguage":"it-IT","@id":"https:\/\/aquaforest.eu\/it\/products\/seawater\/marine-salts\/hybrid-pro-salt\/#primaryimage","url":"https:\/\/aquaforest.eu\/wp-content\/uploads\/2024\/06\/Hybrid-Pro-Salt-22kg.png","contentUrl":"https:\/\/aquaforest.eu\/wp-content\/uploads\/2024\/06\/Hybrid-Pro-Salt-22kg.png","width":1800,"height":1800},{"@type":"BreadcrumbList","@id":"https:\/\/aquaforest.eu\/it\/products\/seawater\/marine-salts\/hybrid-pro-salt\/#breadcrumb","itemListElement":[{"@type":"ListItem","position":1,"name":"Home","item":"https:\/\/aquaforest.eu\/it\/"},{"@type":"ListItem","position":2,"name":"Prodotti","item":"https:\/\/aquaforest.eu\/it\/products\/"},{"@type":"ListItem","position":3,"name":"Hybrid Pro Salt"}]},{"@type":"WebSite","@id":"https:\/\/aquaforest.eu\/it\/#website","url":"https:\/\/aquaforest.eu\/it\/","name":"Aquaforest","description":"","publisher":{"@id":"https:\/\/aquaforest.eu\/it\/#organization"},"potentialAction":[{"@type":"SearchAction","target":{"@type":"EntryPoint","urlTemplate":"https:\/\/aquaforest.eu\/it\/?s={search_term_string}"},"query-input":{"@type":"PropertyValueSpecification","valueRequired":true,"valueName":"search_term_string"}}],"inLanguage":"it-IT"},{"@type":"Organization","@id":"https:\/\/aquaforest.eu\/it\/#organization","name":"Aquaforest","url":"https:\/\/aquaforest.eu\/it\/","logo":{"@type":"ImageObject","inLanguage":"it-IT","@id":"https:\/\/aquaforest.eu\/it\/#\/schema\/logo\/image\/","url":"https:\/\/aquaforest.eu\/wp-content\/uploads\/2024\/05\/logotyp-aquaforest.svg","contentUrl":"https:\/\/aquaforest.eu\/wp-content\/uploads\/2024\/05\/logotyp-aquaforest.svg","width":170,"height":22,"caption":"Aquaforest"},"image":{"@id":"https:\/\/aquaforest.eu\/it\/#\/schema\/logo\/image\/"},"sameAs":["https:\/\/www.facebook.com\/Aquaforest\/","https:\/\/www.instagram.com\/aquaforest.eu\/"]}]}},"_links":{"self":[{"href":"https:\/\/aquaforest.eu\/it\/wp-json\/wp\/v2\/product\/27595","targetHints":{"allow":["GET"]}}],"collection":[{"href":"https:\/\/aquaforest.eu\/it\/wp-json\/wp\/v2\/product"}],"about":[{"href":"https:\/\/aquaforest.eu\/it\/wp-json\/wp\/v2\/types\/product"}],"version-history":[{"count":3,"href":"https:\/\/aquaforest.eu\/it\/wp-json\/wp\/v2\/product\/27595\/revisions"}],"predecessor-version":[{"id":31527,"href":"https:\/\/aquaforest.eu\/it\/wp-json\/wp\/v2\/product\/27595\/revisions\/31527"}],"wp:featuredmedia":[{"embeddable":true,"href":"https:\/\/aquaforest.eu\/it\/wp-json\/wp\/v2\/media\/27599"}],"wp:attachment":[{"href":"https:\/\/aquaforest.eu\/it\/wp-json\/wp\/v2\/media?parent=27595"}],"wp:term":[{"taxonomy":"product_brand","embeddable":true,"href":"https:\/\/aquaforest.eu\/it\/wp-json\/wp\/v2\/product_brand?post=27595"},{"taxonomy":"product_cat","embeddable":true,"href":"https:\/\/aquaforest.eu\/it\/wp-json\/wp\/v2\/product_cat?post=27595"},{"taxonomy":"product_tag","embeddable":true,"href":"https:\/\/aquaforest.eu\/it\/wp-json\/wp\/v2\/product_tag?post=27595"}],"curies":[{"name":"wp","href":"https:\/\/api.w.org\/{rel}","templated":true}]}}