{"id":27609,"date":"2024-06-27T01:37:03","date_gmt":"2024-06-26T23:37:03","guid":{"rendered":"https:\/\/aquaforest.eu\/products\/senza-categoria\/sea-salt\/"},"modified":"2024-06-27T01:37:03","modified_gmt":"2024-06-26T23:37:03","slug":"sea-salt","status":"publish","type":"product","link":"https:\/\/aquaforest.eu\/it\/products\/seawater\/marine-salts\/sea-salt\/","title":{"rendered":"Sea Salt"},"content":{"rendered":"<h1 class=\"fusion-responsive-typography-calculated\" data-fontsize=\"22\" data-lineheight=\"27.5px\"><span style=\"color: #000000;\">Sale marino prodotto in laboratorio per acquari con pesci e coralli e invertebrati meno delicati<\/span><\/h1>\n<p><span style=\"font-weight: 400; color: #000000;\">Aquaforest Sea Salt \u00e8 un prodotto di qualit\u00e0 premium progettato per fornire condizioni di vita ottimali a pesci, coralli e altri invertebrati nel tuo acquario. La formula del sale \u00e8 stata sviluppata sulla base di anni di ricerca ed esperienza, nonch\u00e9 dell\u2019analisi dell\u2019acqua di mare naturale, in modo da assomigliare il pi\u00f9 possibile all\u2019habitat naturale della flora sottomarina. Aquaforest Sea Salt \u00e8 sicuro per i pesci e per i coralli meno esigenti, come i coralli molli. \u00c8 facile da sciogliere e da preparare. \u00c8 ideale per i cosiddetti acquari fish-only, ossia acquari in cui vengono allevati solo pesci.    <\/span><\/p>\n<p>&nbsp;<\/p>\n<hr>\n<h4 class=\"fusion-responsive-typography-calculated\" data-fontsize=\"22\" data-lineheight=\"27.5px\"><\/h4>\n<h3><span style=\"color: #000000;\"><strong>Come usare Aquaforest Sea Salt<\/strong><\/span><\/h3>\n<ol>\n<li><span style=\"font-weight: 400; color: #000000;\"> Inizia con acqua RODI, che dovrebbe avere una temperatura di circa 24\u00b0C (75\u00b0F). <\/span><\/li>\n<li><span style=\"font-weight: 400; color: #000000;\"> Per una salinit\u00e0 di 30 ppt (1.022 S.G.), aggiungi circa 345 g (12,17 oz) di sale a 10 L (2,7 US gal) d\u2019acqua. <\/span><\/li>\n<\/ol>\n<p><span style=\"font-weight: 400; color: #000000;\">Mescola energicamente per circa 15 minuti fino a quando il sale non si sar\u00e0 completamente sciolto e l\u2019acqua sar\u00e0 chiara.<\/span><\/p>\n<ol start=\"4\">\n<li><span style=\"font-weight: 400; color: #000000;\"> Controlla la salinit\u00e0 risultante con un rifrattometro prima dell\u2019uso. <\/span><\/li>\n<li><span style=\"font-weight: 400; color: #000000;\"> Fatto! L\u2019acqua salata \u00e8 pronta per l\u2019uso.  <\/span><\/li>\n<\/ol>\n<p>&nbsp;<\/p>\n<p><span style=\"font-weight: 400; color: #000000;\">Ricorda di conservare il sale in un luogo asciutto e buio.<\/span><\/p>\n<p><span style=\"font-weight: 400; color: #000000;\">Dopo la dissoluzione, il sale deve essere utilizzato entro 3 giorni. <\/span><\/p>\n<p><span style=\"font-weight: 400; color: #000000;\">L\u2019evaporazione pu\u00f2 modificare i parametri dell\u2019acqua, quindi conserva l\u2019acqua salata appena preparata in un contenitore ben chiuso se non la utilizzi subito. <\/span><\/p>\n<p><span style=\"font-weight: 400; color: #000000;\">Se conservi l\u2019acqua per diversi giorni, ricontrolla la salinit\u00e0 prima dell\u2019uso.<\/span><\/p>\n<p><span style=\"font-weight: 400; color: #000000;\">Scheda di sicurezza disponibile su richiesta.<\/span><\/p>\n<p>&nbsp;<\/p>\n<hr>\n<h4 data-fontsize=\"22\" data-lineheight=\"27.5px\"><\/h4>\n<h4 class=\"fusion-responsive-typography-calculated\" data-fontsize=\"22\" data-lineheight=\"27.5px\"><span style=\"color: #000000;\">Buono a sapersi<\/span><\/h4>\n<p><span style=\"font-weight: 400; color: #000000;\">Il sale \u00e8 prodotto nell\u2019UE sotto stretto controllo di laboratorio per rispettare i pi\u00f9 alti standard di qualit\u00e0. La nuova formula del prodotto garantisce una qualit\u00e0 ancora maggiore. Per produrre il sale vengono utilizzati ingredienti di altissima qualit\u00e0, privi di qualsiasi contaminante, il che garantisce la sicurezza dei tuoi animali. Ogni lotto di sale viene analizzato rigorosamente su due spettrometri ICP-OES \u2013 uno per i macronutrienti e uno per i micronutrienti \u2013 offrendo cos\u00ec un\u2019incredibile coerenza di composizione, qualit\u00e0 e sicurezza. I risultati delle analisi sono disponibili online per ogni cliente.     <\/span><\/p>\n<p>&nbsp;<\/p>\n<p><span style=\"font-weight: 400; color: #000000;\">Il sale \u00e8 ideale per acquari con pesci, coralli semplici e invertebrati, fornendo loro condizioni ottimali di vita e crescita. Scegliendo Aquaforest Sea Salt, offri ai tuoi animali condizioni sane e confortevoli e a te stesso un acquario bello e in salute.  <\/span><\/p>\n<p>&nbsp;<\/p>\n<hr>\n<h4 data-fontsize=\"22\" data-lineheight=\"27.5px\"><\/h4>\n<h3 class=\"fusion-responsive-typography-calculated\" data-fontsize=\"22\" data-lineheight=\"27.5px\"><span style=\"color: #000000;\">Come testiamo la nostra gamma di sali marini?<\/span><\/h3>\n<p><span style=\"font-weight: 400;\">Mescoliamo il sale e preleviamo 3 campioni da ogni lotto da 600 kg da testare. Ciascuno di questi campioni viene disciolto in 15 litri di acqua RO. Il nostro team verifica con l\u2019analisi ICP-OES che la composizione sia uniforme ed esente da contaminanti indesiderati. L\u2019affidabilit\u00e0 dei risultati \u00e8 garantita da due spettrometri di altissima qualit\u00e0, calibrati singolarmente.   <\/span><\/p>\n<p><span style=\"font-weight: 400;\">I risultati dei test per ogni sale sono immediatamente disponibili sul nostro sito web qui.<\/span> <span style=\"font-weight: 400;\"><a href=\"https:\/\/aquaforest.eu\/it\/check-your-salt\/\">here<\/a><\/span><span style=\"font-weight: 400;\">.<\/span><\/p>\n<p>&nbsp;<\/p>\n<hr>\n<p>&nbsp;<\/p>\n<p><strong><span style=\"color: #000000;\">Salinit\u00e0 raccomandata per diversi tipi di acquario:<\/span><br \/>\n<\/strong><\/p>\n<p>&nbsp;<\/p>\n<p><img fetchpriority=\"high\" decoding=\"async\" class=\"alignnone wp-image-3481 size-full\" src=\"https:\/\/aquaforest.eu\/wp-content\/uploads\/2024\/06\/SS_aquarium-types.png\" alt=\"\" width=\"709\" height=\"202\" srcset=\"https:\/\/aquaforest.eu\/wp-content\/uploads\/2024\/06\/SS_aquarium-types.png 709w, https:\/\/aquaforest.eu\/wp-content\/uploads\/2024\/06\/SS_aquarium-types-300x85.png 300w, https:\/\/aquaforest.eu\/wp-content\/uploads\/2024\/06\/SS_aquarium-types-600x171.png 600w\" sizes=\"(max-width: 709px) 100vw, 709px\" \/><\/p>\n<p>&nbsp;<\/p>\n<p><strong><span style=\"color: #000000;\">Macro e microelementi nell\u2019acqua hanno livelli diversi a seconda della salinit\u00e0:<\/span><br \/>\n<\/strong><\/p>\n<p>&nbsp;<\/p>\n<p><img decoding=\"async\" class=\"alignnone wp-image-3480 size-full\" src=\"https:\/\/aquaforest.eu\/wp-content\/uploads\/2024\/06\/SS_micromacro.png\" alt=\"\" width=\"709\" height=\"202\" srcset=\"https:\/\/aquaforest.eu\/wp-content\/uploads\/2024\/06\/SS_micromacro.png 709w, https:\/\/aquaforest.eu\/wp-content\/uploads\/2024\/06\/SS_micromacro-300x85.png 300w, https:\/\/aquaforest.eu\/wp-content\/uploads\/2024\/06\/SS_micromacro-600x171.png 600w\" sizes=\"(max-width: 709px) 100vw, 709px\" \/><\/p>\n","protected":false},"excerpt":{"rendered":"<p>Sale marino di base perfetto per acquari con pesci e coralli e invertebrati meno delicati.<\/p>\n","protected":false},"featured_media":27612,"template":"","meta":{"_acf_changed":false,"content-type":""},"product_brand":[],"product_cat":[1935],"product_tag":[1920,2000,1928,1915],"class_list":{"0":"post-27609","1":"product","2":"type-product","3":"status-publish","4":"has-post-thumbnail","6":"product_cat-marine-salts","7":"product_tag-aquaforest","8":"product_tag-sali-marini","9":"product_tag-seawater-aquatic","10":"product_tag-variable","12":"first","13":"instock","14":"taxable","15":"shipping-taxable","16":"purchasable","17":"product-type-variable","18":"has-default-attributes"},"acf":[],"yoast_head":"<!-- This site is optimized with the Yoast SEO plugin v27.1.1 - https:\/\/yoast.com\/product\/yoast-seo-wordpress\/ -->\n<title>Sea Salt - Aquaforest<\/title>\n<meta name=\"description\" content=\"Aquaforest Sea Salt: prodotto di altissima qualit\u00e0, ideale per acquari con pesci, coralli e invertebrati. Garantisce condizioni marine eccellenti e consente di utilizzare immediatamente acqua appena preparata per i cambi d&#039;acqua.\" \/>\n<meta name=\"robots\" content=\"index, follow, max-snippet:-1, max-image-preview:large, max-video-preview:-1\" \/>\n<link rel=\"canonical\" href=\"https:\/\/aquaforest.eu\/it\/products\/seawater\/marine-salts\/sea-salt\/\" \/>\n<meta property=\"og:locale\" content=\"it_IT\" \/>\n<meta property=\"og:type\" content=\"article\" \/>\n<meta property=\"og:title\" content=\"Sea Salt - Aquaforest\" \/>\n<meta property=\"og:description\" content=\"Aquaforest Sea Salt: prodotto di altissima qualit\u00e0, ideale per acquari con pesci, coralli e invertebrati. Garantisce condizioni marine eccellenti e consente di utilizzare immediatamente acqua appena preparata per i cambi d&#039;acqua.\" \/>\n<meta property=\"og:url\" content=\"https:\/\/aquaforest.eu\/it\/products\/seawater\/marine-salts\/sea-salt\/\" \/>\n<meta property=\"og:site_name\" content=\"Aquaforest\" \/>\n<meta property=\"article:publisher\" content=\"https:\/\/www.facebook.com\/Aquaforest\/\" \/>\n<meta property=\"og:image\" content=\"https:\/\/aquaforest.eu\/wp-content\/uploads\/2024\/06\/Sea-Salt-7.5kg.png\" \/>\n\t<meta property=\"og:image:width\" content=\"1800\" \/>\n\t<meta property=\"og:image:height\" content=\"1800\" \/>\n\t<meta property=\"og:image:type\" content=\"image\/png\" \/>\n<meta name=\"twitter:card\" content=\"summary_large_image\" \/>\n<meta name=\"twitter:label1\" content=\"Tempo di lettura stimato\" \/>\n\t<meta name=\"twitter:data1\" content=\"2 minuti\" \/>\n<script type=\"application\/ld+json\" class=\"yoast-schema-graph\">{\"@context\":\"https:\/\/schema.org\",\"@graph\":[{\"@type\":\"WebPage\",\"@id\":\"https:\/\/aquaforest.eu\/it\/products\/seawater\/marine-salts\/sea-salt\/\",\"url\":\"https:\/\/aquaforest.eu\/it\/products\/seawater\/marine-salts\/sea-salt\/\",\"name\":\"Sea Salt - Aquaforest\",\"isPartOf\":{\"@id\":\"https:\/\/aquaforest.eu\/it\/#website\"},\"primaryImageOfPage\":{\"@id\":\"https:\/\/aquaforest.eu\/it\/products\/seawater\/marine-salts\/sea-salt\/#primaryimage\"},\"image\":{\"@id\":\"https:\/\/aquaforest.eu\/it\/products\/seawater\/marine-salts\/sea-salt\/#primaryimage\"},\"thumbnailUrl\":\"https:\/\/aquaforest.eu\/wp-content\/uploads\/2024\/06\/Sea-Salt-7.5kg.png\",\"datePublished\":\"2024-06-26T23:37:03+00:00\",\"description\":\"Aquaforest Sea Salt: prodotto di altissima qualit\u00e0, ideale per acquari con pesci, coralli e invertebrati. Garantisce condizioni marine eccellenti e consente di utilizzare immediatamente acqua appena preparata per i cambi d'acqua.\",\"breadcrumb\":{\"@id\":\"https:\/\/aquaforest.eu\/it\/products\/seawater\/marine-salts\/sea-salt\/#breadcrumb\"},\"inLanguage\":\"it-IT\",\"potentialAction\":[{\"@type\":\"ReadAction\",\"target\":[\"https:\/\/aquaforest.eu\/it\/products\/seawater\/marine-salts\/sea-salt\/\"]}]},{\"@type\":\"ImageObject\",\"inLanguage\":\"it-IT\",\"@id\":\"https:\/\/aquaforest.eu\/it\/products\/seawater\/marine-salts\/sea-salt\/#primaryimage\",\"url\":\"https:\/\/aquaforest.eu\/wp-content\/uploads\/2024\/06\/Sea-Salt-7.5kg.png\",\"contentUrl\":\"https:\/\/aquaforest.eu\/wp-content\/uploads\/2024\/06\/Sea-Salt-7.5kg.png\",\"width\":1800,\"height\":1800},{\"@type\":\"BreadcrumbList\",\"@id\":\"https:\/\/aquaforest.eu\/it\/products\/seawater\/marine-salts\/sea-salt\/#breadcrumb\",\"itemListElement\":[{\"@type\":\"ListItem\",\"position\":1,\"name\":\"Home\",\"item\":\"https:\/\/aquaforest.eu\/it\/\"},{\"@type\":\"ListItem\",\"position\":2,\"name\":\"Prodotti\",\"item\":\"https:\/\/aquaforest.eu\/it\/products\/\"},{\"@type\":\"ListItem\",\"position\":3,\"name\":\"Sea Salt\"}]},{\"@type\":\"WebSite\",\"@id\":\"https:\/\/aquaforest.eu\/it\/#website\",\"url\":\"https:\/\/aquaforest.eu\/it\/\",\"name\":\"Aquaforest\",\"description\":\"\",\"publisher\":{\"@id\":\"https:\/\/aquaforest.eu\/it\/#organization\"},\"potentialAction\":[{\"@type\":\"SearchAction\",\"target\":{\"@type\":\"EntryPoint\",\"urlTemplate\":\"https:\/\/aquaforest.eu\/it\/?s={search_term_string}\"},\"query-input\":{\"@type\":\"PropertyValueSpecification\",\"valueRequired\":true,\"valueName\":\"search_term_string\"}}],\"inLanguage\":\"it-IT\"},{\"@type\":\"Organization\",\"@id\":\"https:\/\/aquaforest.eu\/it\/#organization\",\"name\":\"Aquaforest\",\"url\":\"https:\/\/aquaforest.eu\/it\/\",\"logo\":{\"@type\":\"ImageObject\",\"inLanguage\":\"it-IT\",\"@id\":\"https:\/\/aquaforest.eu\/it\/#\/schema\/logo\/image\/\",\"url\":\"https:\/\/aquaforest.eu\/wp-content\/uploads\/2024\/05\/logotyp-aquaforest.svg\",\"contentUrl\":\"https:\/\/aquaforest.eu\/wp-content\/uploads\/2024\/05\/logotyp-aquaforest.svg\",\"width\":170,\"height\":22,\"caption\":\"Aquaforest\"},\"image\":{\"@id\":\"https:\/\/aquaforest.eu\/it\/#\/schema\/logo\/image\/\"},\"sameAs\":[\"https:\/\/www.facebook.com\/Aquaforest\/\",\"https:\/\/www.instagram.com\/aquaforest.eu\/\"]}]}<\/script>\n<!-- \/ Yoast SEO plugin. -->","yoast_head_json":{"title":"Sea Salt - Aquaforest","description":"Aquaforest Sea Salt: prodotto di altissima qualit\u00e0, ideale per acquari con pesci, coralli e invertebrati. Garantisce condizioni marine eccellenti e consente di utilizzare immediatamente acqua appena preparata per i cambi d'acqua.","robots":{"index":"index","follow":"follow","max-snippet":"max-snippet:-1","max-image-preview":"max-image-preview:large","max-video-preview":"max-video-preview:-1"},"canonical":"https:\/\/aquaforest.eu\/it\/products\/seawater\/marine-salts\/sea-salt\/","og_locale":"it_IT","og_type":"article","og_title":"Sea Salt - Aquaforest","og_description":"Aquaforest Sea Salt: prodotto di altissima qualit\u00e0, ideale per acquari con pesci, coralli e invertebrati. Garantisce condizioni marine eccellenti e consente di utilizzare immediatamente acqua appena preparata per i cambi d'acqua.","og_url":"https:\/\/aquaforest.eu\/it\/products\/seawater\/marine-salts\/sea-salt\/","og_site_name":"Aquaforest","article_publisher":"https:\/\/www.facebook.com\/Aquaforest\/","og_image":[{"width":1800,"height":1800,"url":"https:\/\/aquaforest.eu\/wp-content\/uploads\/2024\/06\/Sea-Salt-7.5kg.png","type":"image\/png"}],"twitter_card":"summary_large_image","twitter_misc":{"Tempo di lettura stimato":"2 minuti"},"schema":{"@context":"https:\/\/schema.org","@graph":[{"@type":"WebPage","@id":"https:\/\/aquaforest.eu\/it\/products\/seawater\/marine-salts\/sea-salt\/","url":"https:\/\/aquaforest.eu\/it\/products\/seawater\/marine-salts\/sea-salt\/","name":"Sea Salt - Aquaforest","isPartOf":{"@id":"https:\/\/aquaforest.eu\/it\/#website"},"primaryImageOfPage":{"@id":"https:\/\/aquaforest.eu\/it\/products\/seawater\/marine-salts\/sea-salt\/#primaryimage"},"image":{"@id":"https:\/\/aquaforest.eu\/it\/products\/seawater\/marine-salts\/sea-salt\/#primaryimage"},"thumbnailUrl":"https:\/\/aquaforest.eu\/wp-content\/uploads\/2024\/06\/Sea-Salt-7.5kg.png","datePublished":"2024-06-26T23:37:03+00:00","description":"Aquaforest Sea Salt: prodotto di altissima qualit\u00e0, ideale per acquari con pesci, coralli e invertebrati. Garantisce condizioni marine eccellenti e consente di utilizzare immediatamente acqua appena preparata per i cambi d'acqua.","breadcrumb":{"@id":"https:\/\/aquaforest.eu\/it\/products\/seawater\/marine-salts\/sea-salt\/#breadcrumb"},"inLanguage":"it-IT","potentialAction":[{"@type":"ReadAction","target":["https:\/\/aquaforest.eu\/it\/products\/seawater\/marine-salts\/sea-salt\/"]}]},{"@type":"ImageObject","inLanguage":"it-IT","@id":"https:\/\/aquaforest.eu\/it\/products\/seawater\/marine-salts\/sea-salt\/#primaryimage","url":"https:\/\/aquaforest.eu\/wp-content\/uploads\/2024\/06\/Sea-Salt-7.5kg.png","contentUrl":"https:\/\/aquaforest.eu\/wp-content\/uploads\/2024\/06\/Sea-Salt-7.5kg.png","width":1800,"height":1800},{"@type":"BreadcrumbList","@id":"https:\/\/aquaforest.eu\/it\/products\/seawater\/marine-salts\/sea-salt\/#breadcrumb","itemListElement":[{"@type":"ListItem","position":1,"name":"Home","item":"https:\/\/aquaforest.eu\/it\/"},{"@type":"ListItem","position":2,"name":"Prodotti","item":"https:\/\/aquaforest.eu\/it\/products\/"},{"@type":"ListItem","position":3,"name":"Sea Salt"}]},{"@type":"WebSite","@id":"https:\/\/aquaforest.eu\/it\/#website","url":"https:\/\/aquaforest.eu\/it\/","name":"Aquaforest","description":"","publisher":{"@id":"https:\/\/aquaforest.eu\/it\/#organization"},"potentialAction":[{"@type":"SearchAction","target":{"@type":"EntryPoint","urlTemplate":"https:\/\/aquaforest.eu\/it\/?s={search_term_string}"},"query-input":{"@type":"PropertyValueSpecification","valueRequired":true,"valueName":"search_term_string"}}],"inLanguage":"it-IT"},{"@type":"Organization","@id":"https:\/\/aquaforest.eu\/it\/#organization","name":"Aquaforest","url":"https:\/\/aquaforest.eu\/it\/","logo":{"@type":"ImageObject","inLanguage":"it-IT","@id":"https:\/\/aquaforest.eu\/it\/#\/schema\/logo\/image\/","url":"https:\/\/aquaforest.eu\/wp-content\/uploads\/2024\/05\/logotyp-aquaforest.svg","contentUrl":"https:\/\/aquaforest.eu\/wp-content\/uploads\/2024\/05\/logotyp-aquaforest.svg","width":170,"height":22,"caption":"Aquaforest"},"image":{"@id":"https:\/\/aquaforest.eu\/it\/#\/schema\/logo\/image\/"},"sameAs":["https:\/\/www.facebook.com\/Aquaforest\/","https:\/\/www.instagram.com\/aquaforest.eu\/"]}]}},"_links":{"self":[{"href":"https:\/\/aquaforest.eu\/it\/wp-json\/wp\/v2\/product\/27609","targetHints":{"allow":["GET"]}}],"collection":[{"href":"https:\/\/aquaforest.eu\/it\/wp-json\/wp\/v2\/product"}],"about":[{"href":"https:\/\/aquaforest.eu\/it\/wp-json\/wp\/v2\/types\/product"}],"version-history":[{"count":0,"href":"https:\/\/aquaforest.eu\/it\/wp-json\/wp\/v2\/product\/27609\/revisions"}],"wp:featuredmedia":[{"embeddable":true,"href":"https:\/\/aquaforest.eu\/it\/wp-json\/wp\/v2\/media\/27612"}],"wp:attachment":[{"href":"https:\/\/aquaforest.eu\/it\/wp-json\/wp\/v2\/media?parent=27609"}],"wp:term":[{"taxonomy":"product_brand","embeddable":true,"href":"https:\/\/aquaforest.eu\/it\/wp-json\/wp\/v2\/product_brand?post=27609"},{"taxonomy":"product_cat","embeddable":true,"href":"https:\/\/aquaforest.eu\/it\/wp-json\/wp\/v2\/product_cat?post=27609"},{"taxonomy":"product_tag","embeddable":true,"href":"https:\/\/aquaforest.eu\/it\/wp-json\/wp\/v2\/product_tag?post=27609"}],"curies":[{"name":"wp","href":"https:\/\/api.w.org\/{rel}","templated":true}]}}