{"id":27618,"date":"2024-06-27T01:56:13","date_gmt":"2024-06-26T23:56:13","guid":{"rendered":"https:\/\/aquaforest.eu\/products\/senza-categoria\/reef-mineral-salt\/"},"modified":"2024-06-27T01:56:13","modified_gmt":"2024-06-26T23:56:13","slug":"reef-mineral-salt","status":"publish","type":"product","link":"https:\/\/aquaforest.eu\/it\/products\/seawater\/water-treatment\/reef-mineral-salt\/","title":{"rendered":"Reef Mineral Salt"},"content":{"rendered":"<h4 class=\"fusion-responsive-typography-calculated\" data-fontsize=\"22\" data-lineheight=\"27.5px\"><span style=\"color: #000000;\">Un agente per mantenere livelli costanti di minerali negli acquari di barriera<\/span><\/h4>\n<p><span style=\"color: #000000;\">L\u2019utilizzo di Reef Mineral Salt \u00e8 uno degli elementi pi\u00f9 importanti durante l\u2019integrazione di cloruro di calcio e bicarbonato di sodio (cio\u00e8 il metodo Balling). La mancanza di supplementazione con Reef Mineral Salt porta a una pericolosa carenza di minerali. Carenze prolungate di micro e macronutrienti causano un forte rallentamento della crescita e una colorazione pallida e non corretta dei coralli.  <\/span><\/p>\n<p>&nbsp;<\/p>\n<hr>\n<p>&nbsp;<\/p>\n<p><span style=\"color: #000000;\"><strong>Dosaggio: <\/strong>Sciogliere 25 g in 1000 ml di acqua RODI. Per mantenere l\u2019equilibrio ionico, si consiglia di applicare anche: Calcio, KH Buffer e Magnesio, le cui dosi devono essere stabilite in base ai test dell\u2019acqua e al consumo quotidiano dei coralli. Reef Mineral Salt pu\u00f2 essere combinato in un\u2019unica soluzione con Calcio o Magnesio. <strong>La s<\/strong><strong>oluzione di Reef Mineral Salt deve essere dosata con la stessa quantit\u00e0 di liquido delle soluzioni di Calcio e KH Buffer.<\/strong>  <\/span><\/p>\n<p>&nbsp;<\/p>\n<hr>\n<p>&nbsp;<\/p>\n<p><span style=\"color: #000000;\"><strong>Vale la pena sapere: <\/strong>Il dosaggio di Reef Mineral Salt non pu\u00f2 essere considerato equivalente a importanti cambi d\u2019acqua, che restano comunque necessari.<\/span><\/p>\n<div><span style=\"color: #000000;\">Aquaforest Reef Mineral Salt \u00e8 un sale marino privo di NaCl. Contiene tutti gli altri componenti presenti nell\u2019acqua di mare naturale, come Magnesio, Calcio, Potassio, Bromo, Fluoro, Bario, Iodio e oligoelementi. <\/span><\/div>\n<div><span style=\"color: #000000;\">Il sale privo di NaCl \u00e8 uno degli elementi fondamentali del metodo Balling e svolge un ruolo cruciale quando si integrano Cloruro di Calcio e Bicarbonato di Sodio.<\/span><\/div>\n<div><\/div>\n<div><span style=\"color: #000000;\">Contrariamente a quanto molti acquariofili pensano, il suo compito principale non \u00e8 tanto quello di reintegrare gli oligoelementi, ma di mantenere l\u2019equilibrio ionico dell\u2019acqua dell\u2019acquario <\/span><\/div>\n<div><span style=\"color: #000000;\">Questa pratica si basa sulla scoperta di William Dittmar, che formul\u00f2 la \u201cregola delle proporzioni costanti\u201d: l\u2019acqua di mare mantiene la stessa composizione di elementi, anche se la salinit\u00e0 varia. <\/span><\/div>\n<div><span style=\"color: #000000;\">Qual \u00e8 il significato di aggiungere sale privo di NaCl quando si usano CaCl\u2082 e NaHCO\u2083? Molti organismi marini (es. coralli duri) necessitano di Carbonato di Calcio (CaCO\u2083) per sviluppare le loro strutture calcaree. Poich\u00e9 in acqua marina naturale questo composto \u00e8 insolubile, si utilizza Ca\u00b2\u207a e HCO\u2083\u207b sotto forma di Cloruro di Calcio (CaCl\u2082) e Bicarbonato di Sodio (NaHCO\u2083). Questa reazione genera per\u00f2 un eccesso indesiderato di NaCl:  <\/span><\/div>\n<div><\/div>\n<div><span style=\"color: #000000;\">CaCl2 + 2NaHCO3 = &gt; CaCO3 + 2NaCl +H2O +CO2<\/span><\/div>\n<div><\/div>\n<div><span style=\"color: #000000;\">Molti pensano che la presenza aggiuntiva di Cloruro di Sodio sia innocua, finch\u00e9 la salinit\u00e0 si mantiene al livello desiderato. La salinit\u00e0, tuttavia, non \u00e8 solo una misura del \u201csale da cucina\u201d in H\u2082O. Solfato di Magnesio, Solfato di Calcio, Solfato di Potassio, Cloruro di Magnesio, Cloruro di Calcio e Cloruro di Potassio sono anch\u2019essi sali, quindi quando i livelli di Sodio e Cloro aumentano, l\u2019equilibrio naturale dei principali elementi viene alterato. La salinit\u00e0 pu\u00f2 sembrare stabile, ma solo a causa dell\u2019eccessiva presenza di Cloruro di Sodio. In un ecosistema chiuso come l\u2019acquario, l\u2019accumulo di NaCl pu\u00f2 avere un impatto significativo.    <\/span><\/div>\n<div><\/div>\n<div><span style=\"color: #000000;\">Molti acquariofili credono erroneamente che questo problema possa essere facilmente corretto con i cambi d\u2019acqua regolari. Tuttavia, l\u2019unico modo per ripristinare i parametri originali dell\u2019acqua sarebbe un cambio del 100%, mentre quasi nessuno sostituisce pi\u00f9 del 10% a settimana. <\/span><\/div>\n<div><\/div>\n<div><span style=\"color: #000000;\">L\u2019uso del sale privo di NaCl \u00e8 oggi meno comune, e l\u2019applicazione del metodo Balling viene spesso limitata a 2 o talvolta 3 dei suoi componenti principali. Questo approccio probabilmente non causer\u00e0 problemi per alcune settimane o persino mesi, ma nel frattempo le reazioni chimiche che avvengono nell\u2019acquario marino porteranno a una carenza di oligoelementi. <\/span><\/div>\n<div><\/div>\n<div><span style=\"color: #000000;\">Il metodo Balling \u201ca due parti\u201d o \u201clight\u201d sta guadagnando popolarit\u00e0, ma la verit\u00e0 \u00e8 che il vecchio, rivoluzionario metodo originale \u00e8 molto pi\u00f9 efficace per mantenere stabili i parametri dell\u2019acqua. L\u2019uso regolare del sale privo di NaCl \u00e8 altamente raccomandato per affrontare a lungo termine i problemi di squilibrio ionico. <\/span><\/div>\n","protected":false},"excerpt":{"rendered":"<p>Sali minerali per garantire condizioni ottimali ed equilibrio ionico. Sale privo di Cloruro di Sodio (NaCl). <\/p>\n","protected":false},"featured_media":27619,"template":"","meta":{"_acf_changed":false,"content-type":""},"product_brand":[],"product_cat":[1938],"product_tag":[1920,1928,1915,1975],"class_list":{"0":"post-27618","1":"product","2":"type-product","3":"status-publish","4":"has-post-thumbnail","6":"product_cat-water-treatment","7":"product_tag-aquaforest","8":"product_tag-seawater-aquatic","9":"product_tag-variable","10":"product_tag-water-treatment","12":"first","13":"instock","14":"taxable","15":"shipping-taxable","16":"purchasable","17":"product-type-variable","18":"has-default-attributes"},"acf":[],"yoast_head":"<!-- This site is optimized with the Yoast SEO plugin v27.1.1 - https:\/\/yoast.com\/product\/yoast-seo-wordpress\/ -->\n<title>Reef Mineral Salt - Aquaforest<\/title>\n<meta name=\"description\" content=\"Reef Mineral Salt: essenziale per mantenere un livello costante di minerali negli acquari di barriera. Previene le carenze minerali e favorisce la crescita e la colorazione dei coralli, soprattutto se integrato con cloruro di calcio e bicarbonato di sodio.\" \/>\n<meta name=\"robots\" content=\"index, follow, max-snippet:-1, max-image-preview:large, max-video-preview:-1\" \/>\n<link rel=\"canonical\" href=\"https:\/\/aquaforest.eu\/it\/products\/seawater\/water-treatment\/reef-mineral-salt\/\" \/>\n<meta property=\"og:locale\" content=\"it_IT\" \/>\n<meta property=\"og:type\" content=\"article\" \/>\n<meta property=\"og:title\" content=\"Reef Mineral Salt - Aquaforest\" \/>\n<meta property=\"og:description\" content=\"Reef Mineral Salt: essenziale per mantenere un livello costante di minerali negli acquari di barriera. Previene le carenze minerali e favorisce la crescita e la colorazione dei coralli, soprattutto se integrato con cloruro di calcio e bicarbonato di sodio.\" \/>\n<meta property=\"og:url\" content=\"https:\/\/aquaforest.eu\/it\/products\/seawater\/water-treatment\/reef-mineral-salt\/\" \/>\n<meta property=\"og:site_name\" content=\"Aquaforest\" \/>\n<meta property=\"article:publisher\" content=\"https:\/\/www.facebook.com\/Aquaforest\/\" \/>\n<meta property=\"og:image\" content=\"https:\/\/aquaforest.eu\/wp-content\/uploads\/2024\/06\/Reef-Mineral-Salt-1-kg.png\" \/>\n\t<meta property=\"og:image:width\" content=\"431\" \/>\n\t<meta property=\"og:image:height\" content=\"600\" \/>\n\t<meta property=\"og:image:type\" content=\"image\/png\" \/>\n<meta name=\"twitter:card\" content=\"summary_large_image\" \/>\n<meta name=\"twitter:label1\" content=\"Tempo di lettura stimato\" \/>\n\t<meta name=\"twitter:data1\" content=\"3 minuti\" \/>\n<script type=\"application\/ld+json\" class=\"yoast-schema-graph\">{\"@context\":\"https:\/\/schema.org\",\"@graph\":[{\"@type\":\"WebPage\",\"@id\":\"https:\/\/aquaforest.eu\/it\/products\/seawater\/water-treatment\/reef-mineral-salt\/\",\"url\":\"https:\/\/aquaforest.eu\/it\/products\/seawater\/water-treatment\/reef-mineral-salt\/\",\"name\":\"Reef Mineral Salt - Aquaforest\",\"isPartOf\":{\"@id\":\"https:\/\/aquaforest.eu\/it\/#website\"},\"primaryImageOfPage\":{\"@id\":\"https:\/\/aquaforest.eu\/it\/products\/seawater\/water-treatment\/reef-mineral-salt\/#primaryimage\"},\"image\":{\"@id\":\"https:\/\/aquaforest.eu\/it\/products\/seawater\/water-treatment\/reef-mineral-salt\/#primaryimage\"},\"thumbnailUrl\":\"https:\/\/aquaforest.eu\/wp-content\/uploads\/2024\/06\/Reef-Mineral-Salt-1-kg.png\",\"datePublished\":\"2024-06-26T23:56:13+00:00\",\"description\":\"Reef Mineral Salt: essenziale per mantenere un livello costante di minerali negli acquari di barriera. Previene le carenze minerali e favorisce la crescita e la colorazione dei coralli, soprattutto se integrato con cloruro di calcio e bicarbonato di sodio.\",\"breadcrumb\":{\"@id\":\"https:\/\/aquaforest.eu\/it\/products\/seawater\/water-treatment\/reef-mineral-salt\/#breadcrumb\"},\"inLanguage\":\"it-IT\",\"potentialAction\":[{\"@type\":\"ReadAction\",\"target\":[\"https:\/\/aquaforest.eu\/it\/products\/seawater\/water-treatment\/reef-mineral-salt\/\"]}]},{\"@type\":\"ImageObject\",\"inLanguage\":\"it-IT\",\"@id\":\"https:\/\/aquaforest.eu\/it\/products\/seawater\/water-treatment\/reef-mineral-salt\/#primaryimage\",\"url\":\"https:\/\/aquaforest.eu\/wp-content\/uploads\/2024\/06\/Reef-Mineral-Salt-1-kg.png\",\"contentUrl\":\"https:\/\/aquaforest.eu\/wp-content\/uploads\/2024\/06\/Reef-Mineral-Salt-1-kg.png\",\"width\":431,\"height\":600},{\"@type\":\"BreadcrumbList\",\"@id\":\"https:\/\/aquaforest.eu\/it\/products\/seawater\/water-treatment\/reef-mineral-salt\/#breadcrumb\",\"itemListElement\":[{\"@type\":\"ListItem\",\"position\":1,\"name\":\"Home\",\"item\":\"https:\/\/aquaforest.eu\/it\/\"},{\"@type\":\"ListItem\",\"position\":2,\"name\":\"Prodotti\",\"item\":\"https:\/\/aquaforest.eu\/it\/products\/\"},{\"@type\":\"ListItem\",\"position\":3,\"name\":\"Reef Mineral Salt\"}]},{\"@type\":\"WebSite\",\"@id\":\"https:\/\/aquaforest.eu\/it\/#website\",\"url\":\"https:\/\/aquaforest.eu\/it\/\",\"name\":\"Aquaforest\",\"description\":\"\",\"publisher\":{\"@id\":\"https:\/\/aquaforest.eu\/it\/#organization\"},\"potentialAction\":[{\"@type\":\"SearchAction\",\"target\":{\"@type\":\"EntryPoint\",\"urlTemplate\":\"https:\/\/aquaforest.eu\/it\/?s={search_term_string}\"},\"query-input\":{\"@type\":\"PropertyValueSpecification\",\"valueRequired\":true,\"valueName\":\"search_term_string\"}}],\"inLanguage\":\"it-IT\"},{\"@type\":\"Organization\",\"@id\":\"https:\/\/aquaforest.eu\/it\/#organization\",\"name\":\"Aquaforest\",\"url\":\"https:\/\/aquaforest.eu\/it\/\",\"logo\":{\"@type\":\"ImageObject\",\"inLanguage\":\"it-IT\",\"@id\":\"https:\/\/aquaforest.eu\/it\/#\/schema\/logo\/image\/\",\"url\":\"https:\/\/aquaforest.eu\/wp-content\/uploads\/2024\/05\/logotyp-aquaforest.svg\",\"contentUrl\":\"https:\/\/aquaforest.eu\/wp-content\/uploads\/2024\/05\/logotyp-aquaforest.svg\",\"width\":170,\"height\":22,\"caption\":\"Aquaforest\"},\"image\":{\"@id\":\"https:\/\/aquaforest.eu\/it\/#\/schema\/logo\/image\/\"},\"sameAs\":[\"https:\/\/www.facebook.com\/Aquaforest\/\",\"https:\/\/www.instagram.com\/aquaforest.eu\/\"]}]}<\/script>\n<!-- \/ Yoast SEO plugin. -->","yoast_head_json":{"title":"Reef Mineral Salt - Aquaforest","description":"Reef Mineral Salt: essenziale per mantenere un livello costante di minerali negli acquari di barriera. Previene le carenze minerali e favorisce la crescita e la colorazione dei coralli, soprattutto se integrato con cloruro di calcio e bicarbonato di sodio.","robots":{"index":"index","follow":"follow","max-snippet":"max-snippet:-1","max-image-preview":"max-image-preview:large","max-video-preview":"max-video-preview:-1"},"canonical":"https:\/\/aquaforest.eu\/it\/products\/seawater\/water-treatment\/reef-mineral-salt\/","og_locale":"it_IT","og_type":"article","og_title":"Reef Mineral Salt - Aquaforest","og_description":"Reef Mineral Salt: essenziale per mantenere un livello costante di minerali negli acquari di barriera. Previene le carenze minerali e favorisce la crescita e la colorazione dei coralli, soprattutto se integrato con cloruro di calcio e bicarbonato di sodio.","og_url":"https:\/\/aquaforest.eu\/it\/products\/seawater\/water-treatment\/reef-mineral-salt\/","og_site_name":"Aquaforest","article_publisher":"https:\/\/www.facebook.com\/Aquaforest\/","og_image":[{"width":431,"height":600,"url":"https:\/\/aquaforest.eu\/wp-content\/uploads\/2024\/06\/Reef-Mineral-Salt-1-kg.png","type":"image\/png"}],"twitter_card":"summary_large_image","twitter_misc":{"Tempo di lettura stimato":"3 minuti"},"schema":{"@context":"https:\/\/schema.org","@graph":[{"@type":"WebPage","@id":"https:\/\/aquaforest.eu\/it\/products\/seawater\/water-treatment\/reef-mineral-salt\/","url":"https:\/\/aquaforest.eu\/it\/products\/seawater\/water-treatment\/reef-mineral-salt\/","name":"Reef Mineral Salt - Aquaforest","isPartOf":{"@id":"https:\/\/aquaforest.eu\/it\/#website"},"primaryImageOfPage":{"@id":"https:\/\/aquaforest.eu\/it\/products\/seawater\/water-treatment\/reef-mineral-salt\/#primaryimage"},"image":{"@id":"https:\/\/aquaforest.eu\/it\/products\/seawater\/water-treatment\/reef-mineral-salt\/#primaryimage"},"thumbnailUrl":"https:\/\/aquaforest.eu\/wp-content\/uploads\/2024\/06\/Reef-Mineral-Salt-1-kg.png","datePublished":"2024-06-26T23:56:13+00:00","description":"Reef Mineral Salt: essenziale per mantenere un livello costante di minerali negli acquari di barriera. Previene le carenze minerali e favorisce la crescita e la colorazione dei coralli, soprattutto se integrato con cloruro di calcio e bicarbonato di sodio.","breadcrumb":{"@id":"https:\/\/aquaforest.eu\/it\/products\/seawater\/water-treatment\/reef-mineral-salt\/#breadcrumb"},"inLanguage":"it-IT","potentialAction":[{"@type":"ReadAction","target":["https:\/\/aquaforest.eu\/it\/products\/seawater\/water-treatment\/reef-mineral-salt\/"]}]},{"@type":"ImageObject","inLanguage":"it-IT","@id":"https:\/\/aquaforest.eu\/it\/products\/seawater\/water-treatment\/reef-mineral-salt\/#primaryimage","url":"https:\/\/aquaforest.eu\/wp-content\/uploads\/2024\/06\/Reef-Mineral-Salt-1-kg.png","contentUrl":"https:\/\/aquaforest.eu\/wp-content\/uploads\/2024\/06\/Reef-Mineral-Salt-1-kg.png","width":431,"height":600},{"@type":"BreadcrumbList","@id":"https:\/\/aquaforest.eu\/it\/products\/seawater\/water-treatment\/reef-mineral-salt\/#breadcrumb","itemListElement":[{"@type":"ListItem","position":1,"name":"Home","item":"https:\/\/aquaforest.eu\/it\/"},{"@type":"ListItem","position":2,"name":"Prodotti","item":"https:\/\/aquaforest.eu\/it\/products\/"},{"@type":"ListItem","position":3,"name":"Reef Mineral Salt"}]},{"@type":"WebSite","@id":"https:\/\/aquaforest.eu\/it\/#website","url":"https:\/\/aquaforest.eu\/it\/","name":"Aquaforest","description":"","publisher":{"@id":"https:\/\/aquaforest.eu\/it\/#organization"},"potentialAction":[{"@type":"SearchAction","target":{"@type":"EntryPoint","urlTemplate":"https:\/\/aquaforest.eu\/it\/?s={search_term_string}"},"query-input":{"@type":"PropertyValueSpecification","valueRequired":true,"valueName":"search_term_string"}}],"inLanguage":"it-IT"},{"@type":"Organization","@id":"https:\/\/aquaforest.eu\/it\/#organization","name":"Aquaforest","url":"https:\/\/aquaforest.eu\/it\/","logo":{"@type":"ImageObject","inLanguage":"it-IT","@id":"https:\/\/aquaforest.eu\/it\/#\/schema\/logo\/image\/","url":"https:\/\/aquaforest.eu\/wp-content\/uploads\/2024\/05\/logotyp-aquaforest.svg","contentUrl":"https:\/\/aquaforest.eu\/wp-content\/uploads\/2024\/05\/logotyp-aquaforest.svg","width":170,"height":22,"caption":"Aquaforest"},"image":{"@id":"https:\/\/aquaforest.eu\/it\/#\/schema\/logo\/image\/"},"sameAs":["https:\/\/www.facebook.com\/Aquaforest\/","https:\/\/www.instagram.com\/aquaforest.eu\/"]}]}},"_links":{"self":[{"href":"https:\/\/aquaforest.eu\/it\/wp-json\/wp\/v2\/product\/27618","targetHints":{"allow":["GET"]}}],"collection":[{"href":"https:\/\/aquaforest.eu\/it\/wp-json\/wp\/v2\/product"}],"about":[{"href":"https:\/\/aquaforest.eu\/it\/wp-json\/wp\/v2\/types\/product"}],"version-history":[{"count":0,"href":"https:\/\/aquaforest.eu\/it\/wp-json\/wp\/v2\/product\/27618\/revisions"}],"wp:featuredmedia":[{"embeddable":true,"href":"https:\/\/aquaforest.eu\/it\/wp-json\/wp\/v2\/media\/27619"}],"wp:attachment":[{"href":"https:\/\/aquaforest.eu\/it\/wp-json\/wp\/v2\/media?parent=27618"}],"wp:term":[{"taxonomy":"product_brand","embeddable":true,"href":"https:\/\/aquaforest.eu\/it\/wp-json\/wp\/v2\/product_brand?post=27618"},{"taxonomy":"product_cat","embeddable":true,"href":"https:\/\/aquaforest.eu\/it\/wp-json\/wp\/v2\/product_cat?post=27618"},{"taxonomy":"product_tag","embeddable":true,"href":"https:\/\/aquaforest.eu\/it\/wp-json\/wp\/v2\/product_tag?post=27618"}],"curies":[{"name":"wp","href":"https:\/\/api.w.org\/{rel}","templated":true}]}}