{"id":27656,"date":"2024-06-27T02:14:22","date_gmt":"2024-06-27T00:14:22","guid":{"rendered":"https:\/\/aquaforest.eu\/products\/senza-categoria\/af-nitraphos-minus\/"},"modified":"2026-05-04T12:45:24","modified_gmt":"2026-05-04T10:45:24","slug":"af-nitraphos-minus","status":"publish","type":"product","link":"https:\/\/aquaforest.eu\/it\/products\/seawater\/probiotic-method\/af-nitraphos-minus\/","title":{"rendered":"AF Nitraphos Minus"},"content":{"rendered":"<h3 class=\"fusion-responsive-typography-calculated\" data-fontsize=\"22\" data-lineheight=\"27.5px\"><strong>Rimuovi l\u2019eccesso di nitrati, nitriti e fosfati dall\u2019acqua marina<\/strong><\/h3>\n<p>NitraPhos Minus \u00e8 una formula unica che mira a rimuovere biologicamente nitrati, nitriti e fosfati dall\u2019acquario. Attiva il metabolismo di vari tipi di batteri, responsabili della gestione e dell\u2019eliminazione dell\u2019eccesso di nutrienti<\/p>\n<h3 class=\"fusion-responsive-typography-calculated\" data-fontsize=\"22\" data-lineheight=\"27.5px\"><strong>Composizione speciale per una crescita potenziata dei coralli<\/strong><\/h3>\n<p>Grazie alla speciale composizione di pi\u00f9 forme di carbonio organico, amminoacidi e vitamine, tutti i cambiamenti biochimici avvengono senza problemi e i batteri assorbono facilmente i composti, convertendoli in biomassa. Questa biomassa diventa un alimento prezioso per i coralli, mentre l\u2019eccesso e i residui vengono rimossi dall\u2019acqua tramite filtro o schiumatoio.<br \/>\nNitraPhos Minus migliora le condizioni generali dei coralli, ne intensifica la colorazione e ne favorisce la crescita. Mantenendo l\u2019equilibrio biologico nella vasca, previene la formazione di indesiderate alghe verdi e lo sviluppo di cianobatteri.<\/p>\n<h3><strong>Caratteristiche del prodotto:<\/strong><\/h3>\n<ul>\n<li>Rimuove efficacemente l\u2019eccesso di nitrati e fosfati<\/li>\n<li>Mantiene l\u2019equilibrio chimico<\/li>\n<li>Riduce rapidamente le alghe indesiderate<\/li>\n<li>Migliora la colorazione e la crescita dei coralli<\/li>\n<\/ul>\n<h3 class=\"fusion-responsive-typography-calculated\" data-fontsize=\"22\" data-lineheight=\"27.5px\"><strong>Migliora la salute dei coralli e intensifica la loro colorazione<\/strong><\/h3>\n<h3><strong>Dosaggio:<\/strong><\/h3>\n<p>Si consiglia di iniziare NitraPhos Minus con met\u00e0 della dose raccomandata. \u00c8 consigliato monitorare la concentrazione di NO3 e PO4 una o due volte a settimana. La dose giornaliera raccomandata \u00e8 mostrata di seguito:<\/p>\n<p><img fetchpriority=\"high\" decoding=\"async\" class=\"alignnone wp-image-3512 size-full\" src=\"https:\/\/aquaforest.eu\/wp-content\/uploads\/2024\/06\/NPM_dosage-768x322-1-600x252-1.png\" alt=\"\" width=\"600\" height=\"252\" srcset=\"https:\/\/aquaforest.eu\/wp-content\/uploads\/2024\/06\/NPM_dosage-768x322-1-600x252-1.png 600w, https:\/\/aquaforest.eu\/wp-content\/uploads\/2024\/06\/NPM_dosage-768x322-1-600x252-1-300x126.png 300w\" sizes=\"(max-width: 600px) 100vw, 600px\" \/><\/p>\n<h3><strong>Da sapere:<\/strong><\/h3>\n<ul>\n<li>Bassi livelli di nitrati e fosfati richiedono una ricca integrazione per i coralli<\/li>\n<li>Una filtrazione inefficiente pu\u00f2 essere la causa di alti livelli di nitrati e fosfati<\/li>\n<li>Troppo cibo o supplementi possono anch\u2019essi causare livelli eccessivi di nitrati e fosfati<\/li>\n<li>Un calo brusco di nitrati e fosfati pu\u00f2 distruggere le zooxantelle e portare alla morte dei coralli<\/li>\n<li>NitraPhos Minus \u00e8 stato progettato per rimuovere rapidamente alti livelli di nitrati e fosfati. Pu\u00f2 essere utilizzato insieme a Pro Bio S. -NP Pro \u00e8 un nutrimento per i batteri e non \u00e8 necessario usarlo mentre si dosa NitraPhos Minus<\/li>\n<\/ul>\n","protected":false},"excerpt":{"rendered":"<p>Agente specialistico per ridurre i nutrienti. Rimuove biologicamente nitrati, nitriti e fosfati dall\u2019acquario.<\/p>\n","protected":false},"featured_media":27658,"template":"","meta":{"_acf_changed":false,"content-type":""},"product_brand":[],"product_cat":[1936],"product_tag":[1920,1974,1928,1915],"class_list":{"0":"post-27656","1":"product","2":"type-product","3":"status-publish","4":"has-post-thumbnail","6":"product_cat-probiotic-method","7":"product_tag-aquaforest","8":"product_tag-metodo-probiotico","9":"product_tag-seawater-aquatic","10":"product_tag-variable","12":"first","13":"instock","14":"taxable","15":"shipping-taxable","16":"purchasable","17":"product-type-variable","18":"has-default-attributes"},"acf":[],"yoast_head":"<!-- This site is optimized with the Yoast SEO plugin v27.1.1 - https:\/\/yoast.com\/product\/yoast-seo-wordpress\/ -->\n<title>AF Nitraphos Minus - Aquaforest<\/title>\n<meta name=\"description\" content=\"NitraPhos Minus: rimuove nitrati, nitriti e fosfati in eccesso dall&#039;acquario marino, favorisce la crescita dei coralli e previene la formazione di alghe.\" \/>\n<meta name=\"robots\" content=\"index, follow, max-snippet:-1, max-image-preview:large, max-video-preview:-1\" \/>\n<link rel=\"canonical\" href=\"https:\/\/aquaforest.eu\/it\/products\/seawater\/probiotic-method\/af-nitraphos-minus\/\" \/>\n<meta property=\"og:locale\" content=\"it_IT\" \/>\n<meta property=\"og:type\" content=\"article\" \/>\n<meta property=\"og:title\" content=\"AF Nitraphos Minus - Aquaforest\" \/>\n<meta property=\"og:description\" content=\"NitraPhos Minus: rimuove nitrati, nitriti e fosfati in eccesso dall&#039;acquario marino, favorisce la crescita dei coralli e previene la formazione di alghe.\" \/>\n<meta property=\"og:url\" content=\"https:\/\/aquaforest.eu\/it\/products\/seawater\/probiotic-method\/af-nitraphos-minus\/\" \/>\n<meta property=\"og:site_name\" content=\"Aquaforest\" \/>\n<meta property=\"article:publisher\" content=\"https:\/\/www.facebook.com\/Aquaforest\/\" \/>\n<meta property=\"article:modified_time\" content=\"2026-05-04T10:45:24+00:00\" \/>\n<meta property=\"og:image\" content=\"https:\/\/aquaforest.eu\/wp-content\/uploads\/2024\/06\/NitraPhos-Minus-250ml.png\" \/>\n\t<meta property=\"og:image:width\" content=\"368\" \/>\n\t<meta property=\"og:image:height\" content=\"600\" \/>\n\t<meta property=\"og:image:type\" content=\"image\/png\" \/>\n<meta name=\"twitter:card\" content=\"summary_large_image\" \/>\n<meta name=\"twitter:label1\" content=\"Tempo di lettura stimato\" \/>\n\t<meta name=\"twitter:data1\" content=\"2 minuti\" \/>\n<script type=\"application\/ld+json\" class=\"yoast-schema-graph\">{\"@context\":\"https:\/\/schema.org\",\"@graph\":[{\"@type\":\"WebPage\",\"@id\":\"https:\/\/aquaforest.eu\/it\/products\/seawater\/probiotic-method\/af-nitraphos-minus\/\",\"url\":\"https:\/\/aquaforest.eu\/it\/products\/seawater\/probiotic-method\/af-nitraphos-minus\/\",\"name\":\"AF Nitraphos Minus - Aquaforest\",\"isPartOf\":{\"@id\":\"https:\/\/aquaforest.eu\/it\/#website\"},\"primaryImageOfPage\":{\"@id\":\"https:\/\/aquaforest.eu\/it\/products\/seawater\/probiotic-method\/af-nitraphos-minus\/#primaryimage\"},\"image\":{\"@id\":\"https:\/\/aquaforest.eu\/it\/products\/seawater\/probiotic-method\/af-nitraphos-minus\/#primaryimage\"},\"thumbnailUrl\":\"https:\/\/aquaforest.eu\/wp-content\/uploads\/2024\/06\/NitraPhos-Minus-250ml.png\",\"datePublished\":\"2024-06-27T00:14:22+00:00\",\"dateModified\":\"2026-05-04T10:45:24+00:00\",\"description\":\"NitraPhos Minus: rimuove nitrati, nitriti e fosfati in eccesso dall'acquario marino, favorisce la crescita dei coralli e previene la formazione di alghe.\",\"breadcrumb\":{\"@id\":\"https:\/\/aquaforest.eu\/it\/products\/seawater\/probiotic-method\/af-nitraphos-minus\/#breadcrumb\"},\"inLanguage\":\"it-IT\",\"potentialAction\":[{\"@type\":\"ReadAction\",\"target\":[\"https:\/\/aquaforest.eu\/it\/products\/seawater\/probiotic-method\/af-nitraphos-minus\/\"]}]},{\"@type\":\"ImageObject\",\"inLanguage\":\"it-IT\",\"@id\":\"https:\/\/aquaforest.eu\/it\/products\/seawater\/probiotic-method\/af-nitraphos-minus\/#primaryimage\",\"url\":\"https:\/\/aquaforest.eu\/wp-content\/uploads\/2024\/06\/NitraPhos-Minus-250ml.png\",\"contentUrl\":\"https:\/\/aquaforest.eu\/wp-content\/uploads\/2024\/06\/NitraPhos-Minus-250ml.png\",\"width\":368,\"height\":600},{\"@type\":\"BreadcrumbList\",\"@id\":\"https:\/\/aquaforest.eu\/it\/products\/seawater\/probiotic-method\/af-nitraphos-minus\/#breadcrumb\",\"itemListElement\":[{\"@type\":\"ListItem\",\"position\":1,\"name\":\"Home\",\"item\":\"https:\/\/aquaforest.eu\/it\/\"},{\"@type\":\"ListItem\",\"position\":2,\"name\":\"Prodotti\",\"item\":\"https:\/\/aquaforest.eu\/it\/products\/\"},{\"@type\":\"ListItem\",\"position\":3,\"name\":\"AF Nitraphos Minus\"}]},{\"@type\":\"WebSite\",\"@id\":\"https:\/\/aquaforest.eu\/it\/#website\",\"url\":\"https:\/\/aquaforest.eu\/it\/\",\"name\":\"Aquaforest\",\"description\":\"\",\"publisher\":{\"@id\":\"https:\/\/aquaforest.eu\/it\/#organization\"},\"potentialAction\":[{\"@type\":\"SearchAction\",\"target\":{\"@type\":\"EntryPoint\",\"urlTemplate\":\"https:\/\/aquaforest.eu\/it\/?s={search_term_string}\"},\"query-input\":{\"@type\":\"PropertyValueSpecification\",\"valueRequired\":true,\"valueName\":\"search_term_string\"}}],\"inLanguage\":\"it-IT\"},{\"@type\":\"Organization\",\"@id\":\"https:\/\/aquaforest.eu\/it\/#organization\",\"name\":\"Aquaforest\",\"url\":\"https:\/\/aquaforest.eu\/it\/\",\"logo\":{\"@type\":\"ImageObject\",\"inLanguage\":\"it-IT\",\"@id\":\"https:\/\/aquaforest.eu\/it\/#\/schema\/logo\/image\/\",\"url\":\"https:\/\/aquaforest.eu\/wp-content\/uploads\/2024\/05\/logotyp-aquaforest.svg\",\"contentUrl\":\"https:\/\/aquaforest.eu\/wp-content\/uploads\/2024\/05\/logotyp-aquaforest.svg\",\"width\":170,\"height\":22,\"caption\":\"Aquaforest\"},\"image\":{\"@id\":\"https:\/\/aquaforest.eu\/it\/#\/schema\/logo\/image\/\"},\"sameAs\":[\"https:\/\/www.facebook.com\/Aquaforest\/\",\"https:\/\/www.instagram.com\/aquaforest.eu\/\"]}]}<\/script>\n<!-- \/ Yoast SEO plugin. -->","yoast_head_json":{"title":"AF Nitraphos Minus - Aquaforest","description":"NitraPhos Minus: rimuove nitrati, nitriti e fosfati in eccesso dall'acquario marino, favorisce la crescita dei coralli e previene la formazione di alghe.","robots":{"index":"index","follow":"follow","max-snippet":"max-snippet:-1","max-image-preview":"max-image-preview:large","max-video-preview":"max-video-preview:-1"},"canonical":"https:\/\/aquaforest.eu\/it\/products\/seawater\/probiotic-method\/af-nitraphos-minus\/","og_locale":"it_IT","og_type":"article","og_title":"AF Nitraphos Minus - Aquaforest","og_description":"NitraPhos Minus: rimuove nitrati, nitriti e fosfati in eccesso dall'acquario marino, favorisce la crescita dei coralli e previene la formazione di alghe.","og_url":"https:\/\/aquaforest.eu\/it\/products\/seawater\/probiotic-method\/af-nitraphos-minus\/","og_site_name":"Aquaforest","article_publisher":"https:\/\/www.facebook.com\/Aquaforest\/","article_modified_time":"2026-05-04T10:45:24+00:00","og_image":[{"width":368,"height":600,"url":"https:\/\/aquaforest.eu\/wp-content\/uploads\/2024\/06\/NitraPhos-Minus-250ml.png","type":"image\/png"}],"twitter_card":"summary_large_image","twitter_misc":{"Tempo di lettura stimato":"2 minuti"},"schema":{"@context":"https:\/\/schema.org","@graph":[{"@type":"WebPage","@id":"https:\/\/aquaforest.eu\/it\/products\/seawater\/probiotic-method\/af-nitraphos-minus\/","url":"https:\/\/aquaforest.eu\/it\/products\/seawater\/probiotic-method\/af-nitraphos-minus\/","name":"AF Nitraphos Minus - Aquaforest","isPartOf":{"@id":"https:\/\/aquaforest.eu\/it\/#website"},"primaryImageOfPage":{"@id":"https:\/\/aquaforest.eu\/it\/products\/seawater\/probiotic-method\/af-nitraphos-minus\/#primaryimage"},"image":{"@id":"https:\/\/aquaforest.eu\/it\/products\/seawater\/probiotic-method\/af-nitraphos-minus\/#primaryimage"},"thumbnailUrl":"https:\/\/aquaforest.eu\/wp-content\/uploads\/2024\/06\/NitraPhos-Minus-250ml.png","datePublished":"2024-06-27T00:14:22+00:00","dateModified":"2026-05-04T10:45:24+00:00","description":"NitraPhos Minus: rimuove nitrati, nitriti e fosfati in eccesso dall'acquario marino, favorisce la crescita dei coralli e previene la formazione di alghe.","breadcrumb":{"@id":"https:\/\/aquaforest.eu\/it\/products\/seawater\/probiotic-method\/af-nitraphos-minus\/#breadcrumb"},"inLanguage":"it-IT","potentialAction":[{"@type":"ReadAction","target":["https:\/\/aquaforest.eu\/it\/products\/seawater\/probiotic-method\/af-nitraphos-minus\/"]}]},{"@type":"ImageObject","inLanguage":"it-IT","@id":"https:\/\/aquaforest.eu\/it\/products\/seawater\/probiotic-method\/af-nitraphos-minus\/#primaryimage","url":"https:\/\/aquaforest.eu\/wp-content\/uploads\/2024\/06\/NitraPhos-Minus-250ml.png","contentUrl":"https:\/\/aquaforest.eu\/wp-content\/uploads\/2024\/06\/NitraPhos-Minus-250ml.png","width":368,"height":600},{"@type":"BreadcrumbList","@id":"https:\/\/aquaforest.eu\/it\/products\/seawater\/probiotic-method\/af-nitraphos-minus\/#breadcrumb","itemListElement":[{"@type":"ListItem","position":1,"name":"Home","item":"https:\/\/aquaforest.eu\/it\/"},{"@type":"ListItem","position":2,"name":"Prodotti","item":"https:\/\/aquaforest.eu\/it\/products\/"},{"@type":"ListItem","position":3,"name":"AF Nitraphos Minus"}]},{"@type":"WebSite","@id":"https:\/\/aquaforest.eu\/it\/#website","url":"https:\/\/aquaforest.eu\/it\/","name":"Aquaforest","description":"","publisher":{"@id":"https:\/\/aquaforest.eu\/it\/#organization"},"potentialAction":[{"@type":"SearchAction","target":{"@type":"EntryPoint","urlTemplate":"https:\/\/aquaforest.eu\/it\/?s={search_term_string}"},"query-input":{"@type":"PropertyValueSpecification","valueRequired":true,"valueName":"search_term_string"}}],"inLanguage":"it-IT"},{"@type":"Organization","@id":"https:\/\/aquaforest.eu\/it\/#organization","name":"Aquaforest","url":"https:\/\/aquaforest.eu\/it\/","logo":{"@type":"ImageObject","inLanguage":"it-IT","@id":"https:\/\/aquaforest.eu\/it\/#\/schema\/logo\/image\/","url":"https:\/\/aquaforest.eu\/wp-content\/uploads\/2024\/05\/logotyp-aquaforest.svg","contentUrl":"https:\/\/aquaforest.eu\/wp-content\/uploads\/2024\/05\/logotyp-aquaforest.svg","width":170,"height":22,"caption":"Aquaforest"},"image":{"@id":"https:\/\/aquaforest.eu\/it\/#\/schema\/logo\/image\/"},"sameAs":["https:\/\/www.facebook.com\/Aquaforest\/","https:\/\/www.instagram.com\/aquaforest.eu\/"]}]}},"_links":{"self":[{"href":"https:\/\/aquaforest.eu\/it\/wp-json\/wp\/v2\/product\/27656","targetHints":{"allow":["GET"]}}],"collection":[{"href":"https:\/\/aquaforest.eu\/it\/wp-json\/wp\/v2\/product"}],"about":[{"href":"https:\/\/aquaforest.eu\/it\/wp-json\/wp\/v2\/types\/product"}],"version-history":[{"count":1,"href":"https:\/\/aquaforest.eu\/it\/wp-json\/wp\/v2\/product\/27656\/revisions"}],"predecessor-version":[{"id":31449,"href":"https:\/\/aquaforest.eu\/it\/wp-json\/wp\/v2\/product\/27656\/revisions\/31449"}],"wp:featuredmedia":[{"embeddable":true,"href":"https:\/\/aquaforest.eu\/it\/wp-json\/wp\/v2\/media\/27658"}],"wp:attachment":[{"href":"https:\/\/aquaforest.eu\/it\/wp-json\/wp\/v2\/media?parent=27656"}],"wp:term":[{"taxonomy":"product_brand","embeddable":true,"href":"https:\/\/aquaforest.eu\/it\/wp-json\/wp\/v2\/product_brand?post=27656"},{"taxonomy":"product_cat","embeddable":true,"href":"https:\/\/aquaforest.eu\/it\/wp-json\/wp\/v2\/product_cat?post=27656"},{"taxonomy":"product_tag","embeddable":true,"href":"https:\/\/aquaforest.eu\/it\/wp-json\/wp\/v2\/product_tag?post=27656"}],"curies":[{"name":"wp","href":"https:\/\/api.w.org\/{rel}","templated":true}]}}