{"id":27697,"date":"2024-06-27T02:40:10","date_gmt":"2024-06-27T00:40:10","guid":{"rendered":"https:\/\/aquaforest.eu\/products\/senza-categoria\/fish-v\/"},"modified":"2026-05-04T11:50:27","modified_gmt":"2026-05-04T09:50:27","slug":"fish-v","status":"publish","type":"product","link":"https:\/\/aquaforest.eu\/it\/products\/seawater\/foods-and-supplementation\/fish-v\/","title":{"rendered":"Fish V"},"content":{"rendered":"<h3><strong>Supporto vitaminico avanzato<\/strong><\/h3>\n<p>Fish V \u00e8 una formula multivitaminica specialistica progettata per rafforzare l\u2019immunit\u00e0 di tutti i pesci ornamentali, sia d\u2019acqua dolce che marina, garantendo una cura completa.<\/p>\n<p>A base di vitamine del gruppo B, Fish V ha un impatto positivo sulla vitalit\u00e0 dei pesci, aumenta la resistenza allo stress e regola il funzionamento del sistema nervoso. Le vitamine del gruppo B svolgono un ruolo cruciale nella prevenzione della perdita di pelle e squame, nella regolazione delle funzioni delle mucose e nel miglioramento della salute generale dei pesci.<\/p>\n<p>Contiene vitamina C, che accelera il processo di guarigione delle ferite e la rigenerazione del corpo dei pesci, fondamentale in caso di lesioni o piccoli danni. La vitamina K \u00e8 particolarmente utile durante la convalescenza, poich\u00e9 \u00e8 responsabile della corretta coagulazione del sangue.<\/p>\n<p>Fish V \u00e8 inoltre arricchito con vitamina E, che ha un effetto positivo sulle pareti dei vasi sanguigni.<\/p>\n<p>\u00c8 particolarmente indicato per l\u2019uso con cibi congelati, che spesso non contengono abbastanza vitamine essenziali. Fish V rappresenta un eccellente complemento alla dieta dei pesci, curandone la salute generale e lo stato durante situazioni di stress.<\/p>\n<p>La composizione unica influisce positivamente sul gusto e aumenta l\u2019appetito dei pesci.<\/p>\n<hr \/>\n<h3><strong>Cosa rende questo prodotto unico:<\/strong><\/h3>\n<ul>\n<li>Integratore alimentare per tutti i pesci ornamentali (sia marini che d\u2019acqua dolce).<\/li>\n<li>Composizione multivitaminica unica che rafforza l\u2019immunit\u00e0 dei pesci d\u2019acquario.<\/li>\n<li>Migliora la vitalit\u00e0, aumenta la resistenza allo stress e regola il sistema nervoso.<\/li>\n<li>Previene la perdita di epidermide e squame, regola le funzioni delle mucose.<\/li>\n<li>Accelera la guarigione delle ferite e la rigenerazione del corpo.<\/li>\n<li>Particolarmente raccomandato durante la convalescenza.<\/li>\n<li>Rafforza le pareti dei vasi sanguigni.<\/li>\n<li>Ideale come integratore alimentare in caso di utilizzo di cibi congelati.<\/li>\n<\/ul>\n<p><strong>Dosaggio:<\/strong> 1 goccia per cubetto di cibo congelato. Una volta aperto, conservare in frigorifero se la temperatura supera i 24\u00b0C.<\/p>\n","protected":false},"excerpt":{"rendered":"<p>Formula multivitaminica progettata per rafforzare l\u2019immunit\u00e0 di tutti i pesci ornamentali, sia d\u2019acqua dolce che marina, offrendo una cura completa.<\/p>\n","protected":false},"featured_media":27670,"template":"","meta":{"_acf_changed":false,"content-type":""},"product_brand":[],"product_cat":[1934],"product_tag":[1965,1920,1928,1915],"class_list":{"0":"post-27697","1":"product","2":"type-product","3":"status-publish","4":"has-post-thumbnail","6":"product_cat-foods-and-supplementation","7":"product_tag-alimentazione-e-integrazione","8":"product_tag-aquaforest","9":"product_tag-seawater-aquatic","10":"product_tag-variable","12":"first","13":"instock","14":"taxable","15":"shipping-taxable","16":"purchasable","17":"product-type-variable","18":"has-default-attributes"},"acf":[],"yoast_head":"<!-- This site is optimized with the Yoast SEO plugin v27.1.1 - https:\/\/yoast.com\/product\/yoast-seo-wordpress\/ -->\n<title>Fish V - Aquaforest<\/title>\n<meta name=\"description\" content=\"Fish V di Aquaforest: miscela unica di vitamine per pesci, che ne migliora la salute, la forma e il colore. Integratore affidabile per la vitalit\u00e0 e la longevit\u00e0 degli abitanti dell&#039;acquario.\" \/>\n<meta name=\"robots\" content=\"index, follow, max-snippet:-1, max-image-preview:large, max-video-preview:-1\" \/>\n<link rel=\"canonical\" href=\"https:\/\/aquaforest.eu\/it\/products\/seawater\/foods-and-supplementation\/fish-v\/\" \/>\n<meta property=\"og:locale\" content=\"it_IT\" \/>\n<meta property=\"og:type\" content=\"article\" \/>\n<meta property=\"og:title\" content=\"Fish V - Aquaforest\" \/>\n<meta property=\"og:description\" content=\"Fish V di Aquaforest: miscela unica di vitamine per pesci, che ne migliora la salute, la forma e il colore. Integratore affidabile per la vitalit\u00e0 e la longevit\u00e0 degli abitanti dell&#039;acquario.\" \/>\n<meta property=\"og:url\" content=\"https:\/\/aquaforest.eu\/it\/products\/seawater\/foods-and-supplementation\/fish-v\/\" \/>\n<meta property=\"og:site_name\" content=\"Aquaforest\" \/>\n<meta property=\"article:publisher\" content=\"https:\/\/www.facebook.com\/Aquaforest\/\" \/>\n<meta property=\"article:modified_time\" content=\"2026-05-04T09:50:27+00:00\" \/>\n<meta property=\"og:image\" content=\"https:\/\/aquaforest.eu\/wp-content\/uploads\/2024\/06\/Fish-V-10-ml.png\" \/>\n\t<meta property=\"og:image:width\" content=\"277\" \/>\n\t<meta property=\"og:image:height\" content=\"600\" \/>\n\t<meta property=\"og:image:type\" content=\"image\/png\" \/>\n<meta name=\"twitter:card\" content=\"summary_large_image\" \/>\n<meta name=\"twitter:label1\" content=\"Tempo di lettura stimato\" \/>\n\t<meta name=\"twitter:data1\" content=\"2 minuti\" \/>\n<script type=\"application\/ld+json\" class=\"yoast-schema-graph\">{\"@context\":\"https:\/\/schema.org\",\"@graph\":[{\"@type\":\"WebPage\",\"@id\":\"https:\/\/aquaforest.eu\/it\/products\/seawater\/foods-and-supplementation\/fish-v\/\",\"url\":\"https:\/\/aquaforest.eu\/it\/products\/seawater\/foods-and-supplementation\/fish-v\/\",\"name\":\"Fish V - Aquaforest\",\"isPartOf\":{\"@id\":\"https:\/\/aquaforest.eu\/it\/#website\"},\"primaryImageOfPage\":{\"@id\":\"https:\/\/aquaforest.eu\/it\/products\/seawater\/foods-and-supplementation\/fish-v\/#primaryimage\"},\"image\":{\"@id\":\"https:\/\/aquaforest.eu\/it\/products\/seawater\/foods-and-supplementation\/fish-v\/#primaryimage\"},\"thumbnailUrl\":\"https:\/\/aquaforest.eu\/wp-content\/uploads\/2024\/06\/Fish-V-10-ml.png\",\"datePublished\":\"2024-06-27T00:40:10+00:00\",\"dateModified\":\"2026-05-04T09:50:27+00:00\",\"description\":\"Fish V di Aquaforest: miscela unica di vitamine per pesci, che ne migliora la salute, la forma e il colore. Integratore affidabile per la vitalit\u00e0 e la longevit\u00e0 degli abitanti dell'acquario.\",\"breadcrumb\":{\"@id\":\"https:\/\/aquaforest.eu\/it\/products\/seawater\/foods-and-supplementation\/fish-v\/#breadcrumb\"},\"inLanguage\":\"it-IT\",\"potentialAction\":[{\"@type\":\"ReadAction\",\"target\":[\"https:\/\/aquaforest.eu\/it\/products\/seawater\/foods-and-supplementation\/fish-v\/\"]}]},{\"@type\":\"ImageObject\",\"inLanguage\":\"it-IT\",\"@id\":\"https:\/\/aquaforest.eu\/it\/products\/seawater\/foods-and-supplementation\/fish-v\/#primaryimage\",\"url\":\"https:\/\/aquaforest.eu\/wp-content\/uploads\/2024\/06\/Fish-V-10-ml.png\",\"contentUrl\":\"https:\/\/aquaforest.eu\/wp-content\/uploads\/2024\/06\/Fish-V-10-ml.png\",\"width\":277,\"height\":600},{\"@type\":\"BreadcrumbList\",\"@id\":\"https:\/\/aquaforest.eu\/it\/products\/seawater\/foods-and-supplementation\/fish-v\/#breadcrumb\",\"itemListElement\":[{\"@type\":\"ListItem\",\"position\":1,\"name\":\"Home\",\"item\":\"https:\/\/aquaforest.eu\/it\/\"},{\"@type\":\"ListItem\",\"position\":2,\"name\":\"Prodotti\",\"item\":\"https:\/\/aquaforest.eu\/it\/products\/\"},{\"@type\":\"ListItem\",\"position\":3,\"name\":\"Fish V\"}]},{\"@type\":\"WebSite\",\"@id\":\"https:\/\/aquaforest.eu\/it\/#website\",\"url\":\"https:\/\/aquaforest.eu\/it\/\",\"name\":\"Aquaforest\",\"description\":\"\",\"publisher\":{\"@id\":\"https:\/\/aquaforest.eu\/it\/#organization\"},\"potentialAction\":[{\"@type\":\"SearchAction\",\"target\":{\"@type\":\"EntryPoint\",\"urlTemplate\":\"https:\/\/aquaforest.eu\/it\/?s={search_term_string}\"},\"query-input\":{\"@type\":\"PropertyValueSpecification\",\"valueRequired\":true,\"valueName\":\"search_term_string\"}}],\"inLanguage\":\"it-IT\"},{\"@type\":\"Organization\",\"@id\":\"https:\/\/aquaforest.eu\/it\/#organization\",\"name\":\"Aquaforest\",\"url\":\"https:\/\/aquaforest.eu\/it\/\",\"logo\":{\"@type\":\"ImageObject\",\"inLanguage\":\"it-IT\",\"@id\":\"https:\/\/aquaforest.eu\/it\/#\/schema\/logo\/image\/\",\"url\":\"https:\/\/aquaforest.eu\/wp-content\/uploads\/2024\/05\/logotyp-aquaforest.svg\",\"contentUrl\":\"https:\/\/aquaforest.eu\/wp-content\/uploads\/2024\/05\/logotyp-aquaforest.svg\",\"width\":170,\"height\":22,\"caption\":\"Aquaforest\"},\"image\":{\"@id\":\"https:\/\/aquaforest.eu\/it\/#\/schema\/logo\/image\/\"},\"sameAs\":[\"https:\/\/www.facebook.com\/Aquaforest\/\",\"https:\/\/www.instagram.com\/aquaforest.eu\/\"]}]}<\/script>\n<!-- \/ Yoast SEO plugin. -->","yoast_head_json":{"title":"Fish V - Aquaforest","description":"Fish V di Aquaforest: miscela unica di vitamine per pesci, che ne migliora la salute, la forma e il colore. Integratore affidabile per la vitalit\u00e0 e la longevit\u00e0 degli abitanti dell'acquario.","robots":{"index":"index","follow":"follow","max-snippet":"max-snippet:-1","max-image-preview":"max-image-preview:large","max-video-preview":"max-video-preview:-1"},"canonical":"https:\/\/aquaforest.eu\/it\/products\/seawater\/foods-and-supplementation\/fish-v\/","og_locale":"it_IT","og_type":"article","og_title":"Fish V - Aquaforest","og_description":"Fish V di Aquaforest: miscela unica di vitamine per pesci, che ne migliora la salute, la forma e il colore. Integratore affidabile per la vitalit\u00e0 e la longevit\u00e0 degli abitanti dell'acquario.","og_url":"https:\/\/aquaforest.eu\/it\/products\/seawater\/foods-and-supplementation\/fish-v\/","og_site_name":"Aquaforest","article_publisher":"https:\/\/www.facebook.com\/Aquaforest\/","article_modified_time":"2026-05-04T09:50:27+00:00","og_image":[{"width":277,"height":600,"url":"https:\/\/aquaforest.eu\/wp-content\/uploads\/2024\/06\/Fish-V-10-ml.png","type":"image\/png"}],"twitter_card":"summary_large_image","twitter_misc":{"Tempo di lettura stimato":"2 minuti"},"schema":{"@context":"https:\/\/schema.org","@graph":[{"@type":"WebPage","@id":"https:\/\/aquaforest.eu\/it\/products\/seawater\/foods-and-supplementation\/fish-v\/","url":"https:\/\/aquaforest.eu\/it\/products\/seawater\/foods-and-supplementation\/fish-v\/","name":"Fish V - Aquaforest","isPartOf":{"@id":"https:\/\/aquaforest.eu\/it\/#website"},"primaryImageOfPage":{"@id":"https:\/\/aquaforest.eu\/it\/products\/seawater\/foods-and-supplementation\/fish-v\/#primaryimage"},"image":{"@id":"https:\/\/aquaforest.eu\/it\/products\/seawater\/foods-and-supplementation\/fish-v\/#primaryimage"},"thumbnailUrl":"https:\/\/aquaforest.eu\/wp-content\/uploads\/2024\/06\/Fish-V-10-ml.png","datePublished":"2024-06-27T00:40:10+00:00","dateModified":"2026-05-04T09:50:27+00:00","description":"Fish V di Aquaforest: miscela unica di vitamine per pesci, che ne migliora la salute, la forma e il colore. Integratore affidabile per la vitalit\u00e0 e la longevit\u00e0 degli abitanti dell'acquario.","breadcrumb":{"@id":"https:\/\/aquaforest.eu\/it\/products\/seawater\/foods-and-supplementation\/fish-v\/#breadcrumb"},"inLanguage":"it-IT","potentialAction":[{"@type":"ReadAction","target":["https:\/\/aquaforest.eu\/it\/products\/seawater\/foods-and-supplementation\/fish-v\/"]}]},{"@type":"ImageObject","inLanguage":"it-IT","@id":"https:\/\/aquaforest.eu\/it\/products\/seawater\/foods-and-supplementation\/fish-v\/#primaryimage","url":"https:\/\/aquaforest.eu\/wp-content\/uploads\/2024\/06\/Fish-V-10-ml.png","contentUrl":"https:\/\/aquaforest.eu\/wp-content\/uploads\/2024\/06\/Fish-V-10-ml.png","width":277,"height":600},{"@type":"BreadcrumbList","@id":"https:\/\/aquaforest.eu\/it\/products\/seawater\/foods-and-supplementation\/fish-v\/#breadcrumb","itemListElement":[{"@type":"ListItem","position":1,"name":"Home","item":"https:\/\/aquaforest.eu\/it\/"},{"@type":"ListItem","position":2,"name":"Prodotti","item":"https:\/\/aquaforest.eu\/it\/products\/"},{"@type":"ListItem","position":3,"name":"Fish V"}]},{"@type":"WebSite","@id":"https:\/\/aquaforest.eu\/it\/#website","url":"https:\/\/aquaforest.eu\/it\/","name":"Aquaforest","description":"","publisher":{"@id":"https:\/\/aquaforest.eu\/it\/#organization"},"potentialAction":[{"@type":"SearchAction","target":{"@type":"EntryPoint","urlTemplate":"https:\/\/aquaforest.eu\/it\/?s={search_term_string}"},"query-input":{"@type":"PropertyValueSpecification","valueRequired":true,"valueName":"search_term_string"}}],"inLanguage":"it-IT"},{"@type":"Organization","@id":"https:\/\/aquaforest.eu\/it\/#organization","name":"Aquaforest","url":"https:\/\/aquaforest.eu\/it\/","logo":{"@type":"ImageObject","inLanguage":"it-IT","@id":"https:\/\/aquaforest.eu\/it\/#\/schema\/logo\/image\/","url":"https:\/\/aquaforest.eu\/wp-content\/uploads\/2024\/05\/logotyp-aquaforest.svg","contentUrl":"https:\/\/aquaforest.eu\/wp-content\/uploads\/2024\/05\/logotyp-aquaforest.svg","width":170,"height":22,"caption":"Aquaforest"},"image":{"@id":"https:\/\/aquaforest.eu\/it\/#\/schema\/logo\/image\/"},"sameAs":["https:\/\/www.facebook.com\/Aquaforest\/","https:\/\/www.instagram.com\/aquaforest.eu\/"]}]}},"_links":{"self":[{"href":"https:\/\/aquaforest.eu\/it\/wp-json\/wp\/v2\/product\/27697","targetHints":{"allow":["GET"]}}],"collection":[{"href":"https:\/\/aquaforest.eu\/it\/wp-json\/wp\/v2\/product"}],"about":[{"href":"https:\/\/aquaforest.eu\/it\/wp-json\/wp\/v2\/types\/product"}],"version-history":[{"count":1,"href":"https:\/\/aquaforest.eu\/it\/wp-json\/wp\/v2\/product\/27697\/revisions"}],"predecessor-version":[{"id":31410,"href":"https:\/\/aquaforest.eu\/it\/wp-json\/wp\/v2\/product\/27697\/revisions\/31410"}],"wp:featuredmedia":[{"embeddable":true,"href":"https:\/\/aquaforest.eu\/it\/wp-json\/wp\/v2\/media\/27670"}],"wp:attachment":[{"href":"https:\/\/aquaforest.eu\/it\/wp-json\/wp\/v2\/media?parent=27697"}],"wp:term":[{"taxonomy":"product_brand","embeddable":true,"href":"https:\/\/aquaforest.eu\/it\/wp-json\/wp\/v2\/product_brand?post=27697"},{"taxonomy":"product_cat","embeddable":true,"href":"https:\/\/aquaforest.eu\/it\/wp-json\/wp\/v2\/product_cat?post=27697"},{"taxonomy":"product_tag","embeddable":true,"href":"https:\/\/aquaforest.eu\/it\/wp-json\/wp\/v2\/product_tag?post=27697"}],"curies":[{"name":"wp","href":"https:\/\/api.w.org\/{rel}","templated":true}]}}