{"id":27757,"date":"2024-06-27T03:14:22","date_gmt":"2024-06-27T01:14:22","guid":{"rendered":"https:\/\/aquaforest.eu\/products\/senza-categoria\/af-vitality\/"},"modified":"2024-06-27T03:14:22","modified_gmt":"2024-06-27T01:14:22","slug":"af-vitality","status":"publish","type":"product","link":"https:\/\/aquaforest.eu\/it\/products\/seawater\/foods-and-supplementation\/af-vitality\/","title":{"rendered":"AF Vitality"},"content":{"rendered":"<h4 class=\"fusion-responsive-typography-calculated\" data-fontsize=\"22\" data-lineheight=\"27.5px\"><span style=\"color: #000000;\">Miscela unica di vitamine per i tuoi coralli<\/span><\/h4>\n<p><span style=\"color: #000000;\">Integratore contenente vitamine concentrate per coralli. L\u2019uso di ozonizzatori, carboni attivi e potenti skimmer pu\u00f2 portare alla sterilizzazione dell\u2019acqua e, di conseguenza, a carenze vitaminiche. AF Vitality arricchisce l\u2019acqua con tutte le vitamine necessarie che vengono rimosse dal sistema di filtrazione in un acquario chiuso. Per fornire i componenti pi\u00f9 importanti per il corretto sviluppo dei coralli, la formula unica \u00e8 basata sulle vitamine del gruppo B.   <\/span><\/p>\n<p>&nbsp;<\/p>\n<hr>\n<h4 data-fontsize=\"22\" data-lineheight=\"27.5px\"><\/h4>\n<h4 class=\"fusion-responsive-typography-calculated\" data-fontsize=\"22\" data-lineheight=\"27.5px\"><span style=\"color: #000000;\">Esalta la colorazione e la crescita dei coralli<\/span><\/h4>\n<p><span style=\"color: #000000;\">AF Vitality \u00e8 uno speciale complesso di vitamine studiato per ottenere la migliore colorazione dei coralli. Intensifica i colori e garantisce agli abitanti dell\u2019acquario un apporto costante di vitamine che migliorano le condizioni generali dei coralli. Il prodotto contiene le vitamine: A, B1, B2, B6, B12, C, D3, E e K3. Grazie alla sua composizione unica, crea un ambiente ottimale con parametri stabili, fornendo ai coralli condizioni ideali per lo sviluppo e una colorazione straordinaria. AF Vitality arricchisce l\u2019acqua con vitamine indispensabili per la crescita sana dei coralli, garantendo loro robustezza e un\u2019elevata resistenza.    <\/span><\/p>\n<p>&nbsp;<\/p>\n<hr>\n<h4 data-fontsize=\"22\" data-lineheight=\"27.5px\"><\/h4>\n<h4 class=\"fusion-responsive-typography-calculated\" data-fontsize=\"22\" data-lineheight=\"27.5px\"><span style=\"color: #000000;\">AF Vitality \u2013 supporto per lo sviluppo sano dei coralli<\/span><\/h4>\n<p><span style=\"color: #000000;\"><strong>Dosaggio: <\/strong>1 goccia ogni 100 litri (27 US gal) d\u2019acqua a giorni alterni dopo lo spegnimento delle luci. Non diluire. Non mescolare con altri prodotti nello stesso contenitore. Il prodotto pu\u00f2 essere dosato tramite pompa dosometrica, purch\u00e9 eroghi gocce. Una volta aperto, conservare in frigorifero se la temperatura supera i 24\u00b0C (75\u00b0F).    <\/span><\/p>\n<p><span style=\"color: #000000;\"><strong>Da sapere: <\/strong>tutti gli integratori per coralli hanno un dosaggio raccomandato di 1 goccia per 100 litri d\u2019acqua, tuttavia ogni acquario \u00e8 diverso e il dosaggio pu\u00f2 variare in base alla popolazione di coralli. Si consiglia di iniziare a somministrare alimenti e integratori con met\u00e0 dose (anche \u00bc) e osservare i coralli e le loro reazioni. In assenza di segni di sovradosaggio, \u00e8 possibile aumentare gradualmente fino alla dose completa. Per facilitare l\u2019assorbimento del cibo, gli SPS e LPS dovrebbero essere alimentati dopo lo spegnimento delle luci. Coralli come Zoanthus, Ricordea e altri coralli molli dovrebbero invece essere nutriti durante il giorno. Per garantire il miglior assorbimento dei nutrienti, tutti gli integratori e alimenti per coralli dovrebbero essere somministrati direttamente in acquario. Durante l\u2019alimentazione si consiglia di spegnere lo skimmer per circa un\u2019ora. La formazione di sedimenti \u00e8 naturale e non influisce sulla qualit\u00e0 del prodotto. Agitare prima dell\u2019uso.        <\/span><\/p>\n","protected":false},"excerpt":{"rendered":"<p>Integratore che supporta la salute dei coralli. Speciale complesso di vitamine studiato per ottenere la migliore colorazione dei coralli. <\/p>\n","protected":false},"featured_media":27742,"template":"","meta":{"_acf_changed":false,"content-type":""},"product_brand":[],"product_cat":[1934],"product_tag":[1965,1920,1928,1915],"class_list":{"0":"post-27757","1":"product","2":"type-product","3":"status-publish","4":"has-post-thumbnail","6":"product_cat-foods-and-supplementation","7":"product_tag-alimentazione-e-integrazione","8":"product_tag-aquaforest","9":"product_tag-seawater-aquatic","10":"product_tag-variable","12":"first","13":"instock","14":"taxable","15":"shipping-taxable","16":"purchasable","17":"product-type-variable","18":"has-default-attributes"},"acf":[],"yoast_head":"<!-- This site is optimized with the Yoast SEO plugin v27.1.1 - https:\/\/yoast.com\/product\/yoast-seo-wordpress\/ -->\n<title>AF Vitality - Aquaforest<\/title>\n<meta name=\"description\" content=\"AF Vitality di Aquaforest: integratore completo per la salute dei coralli. Formula affidabile arricchita con vitamine e minerali per uno sviluppo e un&#039;immunit\u00e0 ottimali.\" \/>\n<meta name=\"robots\" content=\"index, follow, max-snippet:-1, max-image-preview:large, max-video-preview:-1\" \/>\n<link rel=\"canonical\" href=\"https:\/\/aquaforest.eu\/it\/products\/seawater\/foods-and-supplementation\/af-vitality\/\" \/>\n<meta property=\"og:locale\" content=\"it_IT\" \/>\n<meta property=\"og:type\" content=\"article\" \/>\n<meta property=\"og:title\" content=\"AF Vitality - Aquaforest\" \/>\n<meta property=\"og:description\" content=\"AF Vitality di Aquaforest: integratore completo per la salute dei coralli. Formula affidabile arricchita con vitamine e minerali per uno sviluppo e un&#039;immunit\u00e0 ottimali.\" \/>\n<meta property=\"og:url\" content=\"https:\/\/aquaforest.eu\/it\/products\/seawater\/foods-and-supplementation\/af-vitality\/\" \/>\n<meta property=\"og:site_name\" content=\"Aquaforest\" \/>\n<meta property=\"article:publisher\" content=\"https:\/\/www.facebook.com\/Aquaforest\/\" \/>\n<meta property=\"og:image\" content=\"https:\/\/aquaforest.eu\/wp-content\/uploads\/2024\/06\/AF-Vitality-10-ml.png\" \/>\n\t<meta property=\"og:image:width\" content=\"277\" \/>\n\t<meta property=\"og:image:height\" content=\"600\" \/>\n\t<meta property=\"og:image:type\" content=\"image\/png\" \/>\n<meta name=\"twitter:card\" content=\"summary_large_image\" \/>\n<meta name=\"twitter:label1\" content=\"Tempo di lettura stimato\" \/>\n\t<meta name=\"twitter:data1\" content=\"2 minuti\" \/>\n<script type=\"application\/ld+json\" class=\"yoast-schema-graph\">{\"@context\":\"https:\/\/schema.org\",\"@graph\":[{\"@type\":\"WebPage\",\"@id\":\"https:\/\/aquaforest.eu\/it\/products\/seawater\/foods-and-supplementation\/af-vitality\/\",\"url\":\"https:\/\/aquaforest.eu\/it\/products\/seawater\/foods-and-supplementation\/af-vitality\/\",\"name\":\"AF Vitality - Aquaforest\",\"isPartOf\":{\"@id\":\"https:\/\/aquaforest.eu\/it\/#website\"},\"primaryImageOfPage\":{\"@id\":\"https:\/\/aquaforest.eu\/it\/products\/seawater\/foods-and-supplementation\/af-vitality\/#primaryimage\"},\"image\":{\"@id\":\"https:\/\/aquaforest.eu\/it\/products\/seawater\/foods-and-supplementation\/af-vitality\/#primaryimage\"},\"thumbnailUrl\":\"https:\/\/aquaforest.eu\/wp-content\/uploads\/2024\/06\/AF-Vitality-10-ml.png\",\"datePublished\":\"2024-06-27T01:14:22+00:00\",\"description\":\"AF Vitality di Aquaforest: integratore completo per la salute dei coralli. Formula affidabile arricchita con vitamine e minerali per uno sviluppo e un'immunit\u00e0 ottimali.\",\"breadcrumb\":{\"@id\":\"https:\/\/aquaforest.eu\/it\/products\/seawater\/foods-and-supplementation\/af-vitality\/#breadcrumb\"},\"inLanguage\":\"it-IT\",\"potentialAction\":[{\"@type\":\"ReadAction\",\"target\":[\"https:\/\/aquaforest.eu\/it\/products\/seawater\/foods-and-supplementation\/af-vitality\/\"]}]},{\"@type\":\"ImageObject\",\"inLanguage\":\"it-IT\",\"@id\":\"https:\/\/aquaforest.eu\/it\/products\/seawater\/foods-and-supplementation\/af-vitality\/#primaryimage\",\"url\":\"https:\/\/aquaforest.eu\/wp-content\/uploads\/2024\/06\/AF-Vitality-10-ml.png\",\"contentUrl\":\"https:\/\/aquaforest.eu\/wp-content\/uploads\/2024\/06\/AF-Vitality-10-ml.png\",\"width\":277,\"height\":600},{\"@type\":\"BreadcrumbList\",\"@id\":\"https:\/\/aquaforest.eu\/it\/products\/seawater\/foods-and-supplementation\/af-vitality\/#breadcrumb\",\"itemListElement\":[{\"@type\":\"ListItem\",\"position\":1,\"name\":\"Home\",\"item\":\"https:\/\/aquaforest.eu\/it\/\"},{\"@type\":\"ListItem\",\"position\":2,\"name\":\"Prodotti\",\"item\":\"https:\/\/aquaforest.eu\/it\/products\/\"},{\"@type\":\"ListItem\",\"position\":3,\"name\":\"AF Vitality\"}]},{\"@type\":\"WebSite\",\"@id\":\"https:\/\/aquaforest.eu\/it\/#website\",\"url\":\"https:\/\/aquaforest.eu\/it\/\",\"name\":\"Aquaforest\",\"description\":\"\",\"publisher\":{\"@id\":\"https:\/\/aquaforest.eu\/it\/#organization\"},\"potentialAction\":[{\"@type\":\"SearchAction\",\"target\":{\"@type\":\"EntryPoint\",\"urlTemplate\":\"https:\/\/aquaforest.eu\/it\/?s={search_term_string}\"},\"query-input\":{\"@type\":\"PropertyValueSpecification\",\"valueRequired\":true,\"valueName\":\"search_term_string\"}}],\"inLanguage\":\"it-IT\"},{\"@type\":\"Organization\",\"@id\":\"https:\/\/aquaforest.eu\/it\/#organization\",\"name\":\"Aquaforest\",\"url\":\"https:\/\/aquaforest.eu\/it\/\",\"logo\":{\"@type\":\"ImageObject\",\"inLanguage\":\"it-IT\",\"@id\":\"https:\/\/aquaforest.eu\/it\/#\/schema\/logo\/image\/\",\"url\":\"https:\/\/aquaforest.eu\/wp-content\/uploads\/2024\/05\/logotyp-aquaforest.svg\",\"contentUrl\":\"https:\/\/aquaforest.eu\/wp-content\/uploads\/2024\/05\/logotyp-aquaforest.svg\",\"width\":170,\"height\":22,\"caption\":\"Aquaforest\"},\"image\":{\"@id\":\"https:\/\/aquaforest.eu\/it\/#\/schema\/logo\/image\/\"},\"sameAs\":[\"https:\/\/www.facebook.com\/Aquaforest\/\",\"https:\/\/www.instagram.com\/aquaforest.eu\/\"]}]}<\/script>\n<!-- \/ Yoast SEO plugin. -->","yoast_head_json":{"title":"AF Vitality - Aquaforest","description":"AF Vitality di Aquaforest: integratore completo per la salute dei coralli. Formula affidabile arricchita con vitamine e minerali per uno sviluppo e un'immunit\u00e0 ottimali.","robots":{"index":"index","follow":"follow","max-snippet":"max-snippet:-1","max-image-preview":"max-image-preview:large","max-video-preview":"max-video-preview:-1"},"canonical":"https:\/\/aquaforest.eu\/it\/products\/seawater\/foods-and-supplementation\/af-vitality\/","og_locale":"it_IT","og_type":"article","og_title":"AF Vitality - Aquaforest","og_description":"AF Vitality di Aquaforest: integratore completo per la salute dei coralli. Formula affidabile arricchita con vitamine e minerali per uno sviluppo e un'immunit\u00e0 ottimali.","og_url":"https:\/\/aquaforest.eu\/it\/products\/seawater\/foods-and-supplementation\/af-vitality\/","og_site_name":"Aquaforest","article_publisher":"https:\/\/www.facebook.com\/Aquaforest\/","og_image":[{"width":277,"height":600,"url":"https:\/\/aquaforest.eu\/wp-content\/uploads\/2024\/06\/AF-Vitality-10-ml.png","type":"image\/png"}],"twitter_card":"summary_large_image","twitter_misc":{"Tempo di lettura stimato":"2 minuti"},"schema":{"@context":"https:\/\/schema.org","@graph":[{"@type":"WebPage","@id":"https:\/\/aquaforest.eu\/it\/products\/seawater\/foods-and-supplementation\/af-vitality\/","url":"https:\/\/aquaforest.eu\/it\/products\/seawater\/foods-and-supplementation\/af-vitality\/","name":"AF Vitality - Aquaforest","isPartOf":{"@id":"https:\/\/aquaforest.eu\/it\/#website"},"primaryImageOfPage":{"@id":"https:\/\/aquaforest.eu\/it\/products\/seawater\/foods-and-supplementation\/af-vitality\/#primaryimage"},"image":{"@id":"https:\/\/aquaforest.eu\/it\/products\/seawater\/foods-and-supplementation\/af-vitality\/#primaryimage"},"thumbnailUrl":"https:\/\/aquaforest.eu\/wp-content\/uploads\/2024\/06\/AF-Vitality-10-ml.png","datePublished":"2024-06-27T01:14:22+00:00","description":"AF Vitality di Aquaforest: integratore completo per la salute dei coralli. Formula affidabile arricchita con vitamine e minerali per uno sviluppo e un'immunit\u00e0 ottimali.","breadcrumb":{"@id":"https:\/\/aquaforest.eu\/it\/products\/seawater\/foods-and-supplementation\/af-vitality\/#breadcrumb"},"inLanguage":"it-IT","potentialAction":[{"@type":"ReadAction","target":["https:\/\/aquaforest.eu\/it\/products\/seawater\/foods-and-supplementation\/af-vitality\/"]}]},{"@type":"ImageObject","inLanguage":"it-IT","@id":"https:\/\/aquaforest.eu\/it\/products\/seawater\/foods-and-supplementation\/af-vitality\/#primaryimage","url":"https:\/\/aquaforest.eu\/wp-content\/uploads\/2024\/06\/AF-Vitality-10-ml.png","contentUrl":"https:\/\/aquaforest.eu\/wp-content\/uploads\/2024\/06\/AF-Vitality-10-ml.png","width":277,"height":600},{"@type":"BreadcrumbList","@id":"https:\/\/aquaforest.eu\/it\/products\/seawater\/foods-and-supplementation\/af-vitality\/#breadcrumb","itemListElement":[{"@type":"ListItem","position":1,"name":"Home","item":"https:\/\/aquaforest.eu\/it\/"},{"@type":"ListItem","position":2,"name":"Prodotti","item":"https:\/\/aquaforest.eu\/it\/products\/"},{"@type":"ListItem","position":3,"name":"AF Vitality"}]},{"@type":"WebSite","@id":"https:\/\/aquaforest.eu\/it\/#website","url":"https:\/\/aquaforest.eu\/it\/","name":"Aquaforest","description":"","publisher":{"@id":"https:\/\/aquaforest.eu\/it\/#organization"},"potentialAction":[{"@type":"SearchAction","target":{"@type":"EntryPoint","urlTemplate":"https:\/\/aquaforest.eu\/it\/?s={search_term_string}"},"query-input":{"@type":"PropertyValueSpecification","valueRequired":true,"valueName":"search_term_string"}}],"inLanguage":"it-IT"},{"@type":"Organization","@id":"https:\/\/aquaforest.eu\/it\/#organization","name":"Aquaforest","url":"https:\/\/aquaforest.eu\/it\/","logo":{"@type":"ImageObject","inLanguage":"it-IT","@id":"https:\/\/aquaforest.eu\/it\/#\/schema\/logo\/image\/","url":"https:\/\/aquaforest.eu\/wp-content\/uploads\/2024\/05\/logotyp-aquaforest.svg","contentUrl":"https:\/\/aquaforest.eu\/wp-content\/uploads\/2024\/05\/logotyp-aquaforest.svg","width":170,"height":22,"caption":"Aquaforest"},"image":{"@id":"https:\/\/aquaforest.eu\/it\/#\/schema\/logo\/image\/"},"sameAs":["https:\/\/www.facebook.com\/Aquaforest\/","https:\/\/www.instagram.com\/aquaforest.eu\/"]}]}},"_links":{"self":[{"href":"https:\/\/aquaforest.eu\/it\/wp-json\/wp\/v2\/product\/27757","targetHints":{"allow":["GET"]}}],"collection":[{"href":"https:\/\/aquaforest.eu\/it\/wp-json\/wp\/v2\/product"}],"about":[{"href":"https:\/\/aquaforest.eu\/it\/wp-json\/wp\/v2\/types\/product"}],"version-history":[{"count":0,"href":"https:\/\/aquaforest.eu\/it\/wp-json\/wp\/v2\/product\/27757\/revisions"}],"wp:featuredmedia":[{"embeddable":true,"href":"https:\/\/aquaforest.eu\/it\/wp-json\/wp\/v2\/media\/27742"}],"wp:attachment":[{"href":"https:\/\/aquaforest.eu\/it\/wp-json\/wp\/v2\/media?parent=27757"}],"wp:term":[{"taxonomy":"product_brand","embeddable":true,"href":"https:\/\/aquaforest.eu\/it\/wp-json\/wp\/v2\/product_brand?post=27757"},{"taxonomy":"product_cat","embeddable":true,"href":"https:\/\/aquaforest.eu\/it\/wp-json\/wp\/v2\/product_cat?post=27757"},{"taxonomy":"product_tag","embeddable":true,"href":"https:\/\/aquaforest.eu\/it\/wp-json\/wp\/v2\/product_tag?post=27757"}],"curies":[{"name":"wp","href":"https:\/\/api.w.org\/{rel}","templated":true}]}}