{"id":27782,"date":"2024-06-27T03:22:39","date_gmt":"2024-06-27T01:22:39","guid":{"rendered":"https:\/\/aquaforest.eu\/products\/senza-categoria\/af-build\/"},"modified":"2026-04-30T14:38:33","modified_gmt":"2026-04-30T12:38:33","slug":"af-build","status":"publish","type":"product","link":"https:\/\/aquaforest.eu\/it\/products\/seawater\/foods-and-supplementation\/af-build\/","title":{"rendered":"AF Build"},"content":{"rendered":"<h3 class=\"fusion-responsive-typography-calculated\" data-fontsize=\"22\" data-lineheight=\"27.5px\"><strong><span style=\"color: #000000;\">pH stabile e migliore crescita dei coralli negli acquari di barriera<\/span><\/strong><\/h3>\n<p><span style=\"color: #000000;\">AF Build accelera l\u2019assorbimento di calcio e carbonati, elementi cruciali per lo sviluppo dei coralli duri. Fornendo tutti gli ingredienti necessari, facilita e velocizza la calcificazione, favorendo un tasso di crescita pi\u00f9 elevato. Inoltre, AF Build aumenta il livello di pH negli acquari di barriera. Mantenere un pH corretto e costante promuove ulteriormente la crescita dei coralli. Variazioni a lungo termine del pH portano a una calcificazione pi\u00f9 lenta, all\u2019inibizione della crescita delle alghe calcaree e, nei casi estremi, all\u2019arresto totale del processo di calcificazione.<\/span><\/p>\n<hr \/>\n<h3 class=\"fusion-responsive-typography-calculated\" data-fontsize=\"22\" data-lineheight=\"27.5px\"><strong><span style=\"color: #000000;\">AF Build \u2013 accelera la calcificazione<\/span><\/strong><\/h3>\n<p><span style=\"color: #000000;\">L\u2019uso regolare di AF Build previene le oscillazioni sfavorevoli del pH e, bilanciando i parametri dell\u2019acquario, migliora la chiarezza dell\u2019acqua e sostiene la crescita dei coralli. Grazie alle sue propriet\u00e0 uniche, AF Build riduce la quantit\u00e0 di alghe inferiori e inibisce la proliferazione di cianobatteri patogeni. La decomposizione del cibo pu\u00f2 essere una delle cause della diminuzione del pH, pertanto AF Build dovrebbe essere usato durante l\u2019alimentazione intensiva dei coralli, soprattutto in combinazione con l\u2019integratore altamente nutriente AF Energy.<br \/>\nContiene: ioduri, carbonato di calcio. <\/span><\/p>\n<hr \/>\n<h3><span style=\"color: #000000;\"><strong>Dosaggio: <\/strong><\/span><\/h3>\n<p><span style=\"color: #000000;\">1 goccia ogni 100 l (27 US gal) d\u2019acqua a giorni alterni, dopo lo spegnimento delle luci. Non diluire. Non mescolare con altri prodotti nello stesso contenitore. Pu\u00f2 essere dosato con una pompa dosometrica, purch\u00e9 eroghi goccia a goccia. Dopo l\u2019apertura, conservare in frigorifero se la temperatura supera i 24\u00b0C (75\u00b0F). <\/span><\/p>\n<hr \/>\n<h3><span style=\"color: #000000;\"><strong>Da sapere: <\/strong><\/span><\/h3>\n<p><span style=\"color: #000000;\">Tutti i supplementi per coralli hanno un dosaggio raccomandato di 1 goccia per<\/span><span style=\"color: #000000;\"> 100 l d\u2019acqua, ma ogni acquario \u00e8 diverso e la dose pu\u00f2 variare in base alla popolazione di coralli. Si consiglia di iniziare con met\u00e0 della dose raccomandata (o anche \u00bc) e osservare la reazione dei coralli. In assenza di segni di sovradosaggio, aumentare gradualmente fino alla dose completa.<br \/>\nPer favorire l\u2019assorbimento dei nutrienti, i coralli SPS e LPS dovrebbero essere alimentati dopo lo spegnimento delle luci, mentre coralli come Zoanthus, Ricordea e altri coralli molli vanno alimentati durante il giorno. Tutti gli integratori e i mangimi vanno somministrati direttamente in acquario. Durante l\u2019alimentazione si consiglia di spegnere lo skimmer per circa un\u2019ora. Non serrare eccessivamente il tappo, altrimenti il coperchio potrebbe danneggiarsi. <\/span><\/p>\n","protected":false},"excerpt":{"rendered":"<p>Integratore che accelera l\u2019assorbimento di calcio e carbonati, fondamentali per lo sviluppo dei coralli duri.<\/p>\n","protected":false},"featured_media":27773,"template":"","meta":{"_acf_changed":false,"content-type":""},"product_brand":[],"product_cat":[1934],"product_tag":[1965,1920,1928,1915],"class_list":{"0":"post-27782","1":"product","2":"type-product","3":"status-publish","4":"has-post-thumbnail","6":"product_cat-foods-and-supplementation","7":"product_tag-alimentazione-e-integrazione","8":"product_tag-aquaforest","9":"product_tag-seawater-aquatic","10":"product_tag-variable","12":"first","13":"instock","14":"taxable","15":"shipping-taxable","16":"purchasable","17":"product-type-variable","18":"has-default-attributes"},"acf":[],"yoast_head":"<!-- This site is optimized with the Yoast SEO plugin v27.1.1 - https:\/\/yoast.com\/product\/yoast-seo-wordpress\/ -->\n<title>AF Build - Aquaforest<\/title>\n<meta name=\"description\" content=\"AF Build: preparato avanzato che supporta la costruzione degli scheletri dei coralli. Accelera la crescita e favorisce la calcificazione.\" \/>\n<meta name=\"robots\" content=\"index, follow, max-snippet:-1, max-image-preview:large, max-video-preview:-1\" \/>\n<link rel=\"canonical\" href=\"https:\/\/aquaforest.eu\/it\/products\/seawater\/foods-and-supplementation\/af-build\/\" \/>\n<meta property=\"og:locale\" content=\"it_IT\" \/>\n<meta property=\"og:type\" content=\"article\" \/>\n<meta property=\"og:title\" content=\"AF Build - Aquaforest\" \/>\n<meta property=\"og:description\" content=\"AF Build: preparato avanzato che supporta la costruzione degli scheletri dei coralli. Accelera la crescita e favorisce la calcificazione.\" \/>\n<meta property=\"og:url\" content=\"https:\/\/aquaforest.eu\/it\/products\/seawater\/foods-and-supplementation\/af-build\/\" \/>\n<meta property=\"og:site_name\" content=\"Aquaforest\" \/>\n<meta property=\"article:publisher\" content=\"https:\/\/www.facebook.com\/Aquaforest\/\" \/>\n<meta property=\"article:modified_time\" content=\"2026-04-30T12:38:33+00:00\" \/>\n<meta property=\"og:image\" content=\"https:\/\/aquaforest.eu\/wp-content\/uploads\/2024\/06\/AF-Build-10-ml.png\" \/>\n\t<meta property=\"og:image:width\" content=\"277\" \/>\n\t<meta property=\"og:image:height\" content=\"600\" \/>\n\t<meta property=\"og:image:type\" content=\"image\/png\" \/>\n<meta name=\"twitter:card\" content=\"summary_large_image\" \/>\n<meta name=\"twitter:label1\" content=\"Tempo di lettura stimato\" \/>\n\t<meta name=\"twitter:data1\" content=\"2 minuti\" \/>\n<script type=\"application\/ld+json\" class=\"yoast-schema-graph\">{\"@context\":\"https:\/\/schema.org\",\"@graph\":[{\"@type\":\"WebPage\",\"@id\":\"https:\/\/aquaforest.eu\/it\/products\/seawater\/foods-and-supplementation\/af-build\/\",\"url\":\"https:\/\/aquaforest.eu\/it\/products\/seawater\/foods-and-supplementation\/af-build\/\",\"name\":\"AF Build - Aquaforest\",\"isPartOf\":{\"@id\":\"https:\/\/aquaforest.eu\/it\/#website\"},\"primaryImageOfPage\":{\"@id\":\"https:\/\/aquaforest.eu\/it\/products\/seawater\/foods-and-supplementation\/af-build\/#primaryimage\"},\"image\":{\"@id\":\"https:\/\/aquaforest.eu\/it\/products\/seawater\/foods-and-supplementation\/af-build\/#primaryimage\"},\"thumbnailUrl\":\"https:\/\/aquaforest.eu\/wp-content\/uploads\/2024\/06\/AF-Build-10-ml.png\",\"datePublished\":\"2024-06-27T01:22:39+00:00\",\"dateModified\":\"2026-04-30T12:38:33+00:00\",\"description\":\"AF Build: preparato avanzato che supporta la costruzione degli scheletri dei coralli. Accelera la crescita e favorisce la calcificazione.\",\"breadcrumb\":{\"@id\":\"https:\/\/aquaforest.eu\/it\/products\/seawater\/foods-and-supplementation\/af-build\/#breadcrumb\"},\"inLanguage\":\"it-IT\",\"potentialAction\":[{\"@type\":\"ReadAction\",\"target\":[\"https:\/\/aquaforest.eu\/it\/products\/seawater\/foods-and-supplementation\/af-build\/\"]}]},{\"@type\":\"ImageObject\",\"inLanguage\":\"it-IT\",\"@id\":\"https:\/\/aquaforest.eu\/it\/products\/seawater\/foods-and-supplementation\/af-build\/#primaryimage\",\"url\":\"https:\/\/aquaforest.eu\/wp-content\/uploads\/2024\/06\/AF-Build-10-ml.png\",\"contentUrl\":\"https:\/\/aquaforest.eu\/wp-content\/uploads\/2024\/06\/AF-Build-10-ml.png\",\"width\":277,\"height\":600},{\"@type\":\"BreadcrumbList\",\"@id\":\"https:\/\/aquaforest.eu\/it\/products\/seawater\/foods-and-supplementation\/af-build\/#breadcrumb\",\"itemListElement\":[{\"@type\":\"ListItem\",\"position\":1,\"name\":\"Home\",\"item\":\"https:\/\/aquaforest.eu\/it\/\"},{\"@type\":\"ListItem\",\"position\":2,\"name\":\"Prodotti\",\"item\":\"https:\/\/aquaforest.eu\/it\/products\/\"},{\"@type\":\"ListItem\",\"position\":3,\"name\":\"AF Build\"}]},{\"@type\":\"WebSite\",\"@id\":\"https:\/\/aquaforest.eu\/it\/#website\",\"url\":\"https:\/\/aquaforest.eu\/it\/\",\"name\":\"Aquaforest\",\"description\":\"\",\"publisher\":{\"@id\":\"https:\/\/aquaforest.eu\/it\/#organization\"},\"potentialAction\":[{\"@type\":\"SearchAction\",\"target\":{\"@type\":\"EntryPoint\",\"urlTemplate\":\"https:\/\/aquaforest.eu\/it\/?s={search_term_string}\"},\"query-input\":{\"@type\":\"PropertyValueSpecification\",\"valueRequired\":true,\"valueName\":\"search_term_string\"}}],\"inLanguage\":\"it-IT\"},{\"@type\":\"Organization\",\"@id\":\"https:\/\/aquaforest.eu\/it\/#organization\",\"name\":\"Aquaforest\",\"url\":\"https:\/\/aquaforest.eu\/it\/\",\"logo\":{\"@type\":\"ImageObject\",\"inLanguage\":\"it-IT\",\"@id\":\"https:\/\/aquaforest.eu\/it\/#\/schema\/logo\/image\/\",\"url\":\"https:\/\/aquaforest.eu\/wp-content\/uploads\/2024\/05\/logotyp-aquaforest.svg\",\"contentUrl\":\"https:\/\/aquaforest.eu\/wp-content\/uploads\/2024\/05\/logotyp-aquaforest.svg\",\"width\":170,\"height\":22,\"caption\":\"Aquaforest\"},\"image\":{\"@id\":\"https:\/\/aquaforest.eu\/it\/#\/schema\/logo\/image\/\"},\"sameAs\":[\"https:\/\/www.facebook.com\/Aquaforest\/\",\"https:\/\/www.instagram.com\/aquaforest.eu\/\"]}]}<\/script>\n<!-- \/ Yoast SEO plugin. -->","yoast_head_json":{"title":"AF Build - Aquaforest","description":"AF Build: preparato avanzato che supporta la costruzione degli scheletri dei coralli. Accelera la crescita e favorisce la calcificazione.","robots":{"index":"index","follow":"follow","max-snippet":"max-snippet:-1","max-image-preview":"max-image-preview:large","max-video-preview":"max-video-preview:-1"},"canonical":"https:\/\/aquaforest.eu\/it\/products\/seawater\/foods-and-supplementation\/af-build\/","og_locale":"it_IT","og_type":"article","og_title":"AF Build - Aquaforest","og_description":"AF Build: preparato avanzato che supporta la costruzione degli scheletri dei coralli. Accelera la crescita e favorisce la calcificazione.","og_url":"https:\/\/aquaforest.eu\/it\/products\/seawater\/foods-and-supplementation\/af-build\/","og_site_name":"Aquaforest","article_publisher":"https:\/\/www.facebook.com\/Aquaforest\/","article_modified_time":"2026-04-30T12:38:33+00:00","og_image":[{"width":277,"height":600,"url":"https:\/\/aquaforest.eu\/wp-content\/uploads\/2024\/06\/AF-Build-10-ml.png","type":"image\/png"}],"twitter_card":"summary_large_image","twitter_misc":{"Tempo di lettura stimato":"2 minuti"},"schema":{"@context":"https:\/\/schema.org","@graph":[{"@type":"WebPage","@id":"https:\/\/aquaforest.eu\/it\/products\/seawater\/foods-and-supplementation\/af-build\/","url":"https:\/\/aquaforest.eu\/it\/products\/seawater\/foods-and-supplementation\/af-build\/","name":"AF Build - Aquaforest","isPartOf":{"@id":"https:\/\/aquaforest.eu\/it\/#website"},"primaryImageOfPage":{"@id":"https:\/\/aquaforest.eu\/it\/products\/seawater\/foods-and-supplementation\/af-build\/#primaryimage"},"image":{"@id":"https:\/\/aquaforest.eu\/it\/products\/seawater\/foods-and-supplementation\/af-build\/#primaryimage"},"thumbnailUrl":"https:\/\/aquaforest.eu\/wp-content\/uploads\/2024\/06\/AF-Build-10-ml.png","datePublished":"2024-06-27T01:22:39+00:00","dateModified":"2026-04-30T12:38:33+00:00","description":"AF Build: preparato avanzato che supporta la costruzione degli scheletri dei coralli. Accelera la crescita e favorisce la calcificazione.","breadcrumb":{"@id":"https:\/\/aquaforest.eu\/it\/products\/seawater\/foods-and-supplementation\/af-build\/#breadcrumb"},"inLanguage":"it-IT","potentialAction":[{"@type":"ReadAction","target":["https:\/\/aquaforest.eu\/it\/products\/seawater\/foods-and-supplementation\/af-build\/"]}]},{"@type":"ImageObject","inLanguage":"it-IT","@id":"https:\/\/aquaforest.eu\/it\/products\/seawater\/foods-and-supplementation\/af-build\/#primaryimage","url":"https:\/\/aquaforest.eu\/wp-content\/uploads\/2024\/06\/AF-Build-10-ml.png","contentUrl":"https:\/\/aquaforest.eu\/wp-content\/uploads\/2024\/06\/AF-Build-10-ml.png","width":277,"height":600},{"@type":"BreadcrumbList","@id":"https:\/\/aquaforest.eu\/it\/products\/seawater\/foods-and-supplementation\/af-build\/#breadcrumb","itemListElement":[{"@type":"ListItem","position":1,"name":"Home","item":"https:\/\/aquaforest.eu\/it\/"},{"@type":"ListItem","position":2,"name":"Prodotti","item":"https:\/\/aquaforest.eu\/it\/products\/"},{"@type":"ListItem","position":3,"name":"AF Build"}]},{"@type":"WebSite","@id":"https:\/\/aquaforest.eu\/it\/#website","url":"https:\/\/aquaforest.eu\/it\/","name":"Aquaforest","description":"","publisher":{"@id":"https:\/\/aquaforest.eu\/it\/#organization"},"potentialAction":[{"@type":"SearchAction","target":{"@type":"EntryPoint","urlTemplate":"https:\/\/aquaforest.eu\/it\/?s={search_term_string}"},"query-input":{"@type":"PropertyValueSpecification","valueRequired":true,"valueName":"search_term_string"}}],"inLanguage":"it-IT"},{"@type":"Organization","@id":"https:\/\/aquaforest.eu\/it\/#organization","name":"Aquaforest","url":"https:\/\/aquaforest.eu\/it\/","logo":{"@type":"ImageObject","inLanguage":"it-IT","@id":"https:\/\/aquaforest.eu\/it\/#\/schema\/logo\/image\/","url":"https:\/\/aquaforest.eu\/wp-content\/uploads\/2024\/05\/logotyp-aquaforest.svg","contentUrl":"https:\/\/aquaforest.eu\/wp-content\/uploads\/2024\/05\/logotyp-aquaforest.svg","width":170,"height":22,"caption":"Aquaforest"},"image":{"@id":"https:\/\/aquaforest.eu\/it\/#\/schema\/logo\/image\/"},"sameAs":["https:\/\/www.facebook.com\/Aquaforest\/","https:\/\/www.instagram.com\/aquaforest.eu\/"]}]}},"_links":{"self":[{"href":"https:\/\/aquaforest.eu\/it\/wp-json\/wp\/v2\/product\/27782","targetHints":{"allow":["GET"]}}],"collection":[{"href":"https:\/\/aquaforest.eu\/it\/wp-json\/wp\/v2\/product"}],"about":[{"href":"https:\/\/aquaforest.eu\/it\/wp-json\/wp\/v2\/types\/product"}],"version-history":[{"count":2,"href":"https:\/\/aquaforest.eu\/it\/wp-json\/wp\/v2\/product\/27782\/revisions"}],"predecessor-version":[{"id":31380,"href":"https:\/\/aquaforest.eu\/it\/wp-json\/wp\/v2\/product\/27782\/revisions\/31380"}],"wp:featuredmedia":[{"embeddable":true,"href":"https:\/\/aquaforest.eu\/it\/wp-json\/wp\/v2\/media\/27773"}],"wp:attachment":[{"href":"https:\/\/aquaforest.eu\/it\/wp-json\/wp\/v2\/media?parent=27782"}],"wp:term":[{"taxonomy":"product_brand","embeddable":true,"href":"https:\/\/aquaforest.eu\/it\/wp-json\/wp\/v2\/product_brand?post=27782"},{"taxonomy":"product_cat","embeddable":true,"href":"https:\/\/aquaforest.eu\/it\/wp-json\/wp\/v2\/product_cat?post=27782"},{"taxonomy":"product_tag","embeddable":true,"href":"https:\/\/aquaforest.eu\/it\/wp-json\/wp\/v2\/product_tag?post=27782"}],"curies":[{"name":"wp","href":"https:\/\/api.w.org\/{rel}","templated":true}]}}