{"id":27804,"date":"2024-07-02T01:34:44","date_gmt":"2024-07-01T23:34:44","guid":{"rendered":"https:\/\/aquaforest.eu\/products\/senza-categoria\/af-oceanguard-605\/"},"modified":"2025-12-05T09:13:14","modified_gmt":"2025-12-05T08:13:14","slug":"af-oceanguard-605","status":"publish","type":"product","link":"https:\/\/aquaforest.eu\/it\/products\/oceanguard\/af-oceanguard-605\/","title":{"rendered":"AF OceanGuard 605 Aquarium"},"content":{"rendered":"<div data-desktop-col=\"one\" data-tablet-col=\"tablet-one\" data-mobile-col=\"mobile-one\">\n<div>\n<div>\n<div>\n<h3>SPECIFICHE PRINCIPALI DELL\u2019ACQUARIO AF OCEANGUARD 605 <br \/><\/h3>\n<\/div>\n<\/div>\n<\/div>\n<\/div>\n<div data-desktop-col=\"one-second\" data-tablet-col=\"tablet-one-second\" data-mobile-col=\"mobile-one\">\n<div>\n<div>\n<div>\n<div>\n<p>Le moderne tecnologie, unite a molti anni di esperienza, ci hanno permesso di sviluppare AF Aquariums. Ogni elemento di questo set \u00e8 stato progettato per rispettare i pi\u00f9 alti standard di qualit\u00e0. \u00c8 il risultato della collaborazione tra i migliori ingegneri e acquariofili, con cui abbiamo realizzato le migliori soluzioni per reef avanzati.  <\/p>\n<p>Per garantire massima trasparenza e sicurezza, abbiamo scelto il vetro Optiwhite\u2122 e silicone nero, studiati appositamente per acquari marini. Il vetro extrachiaro non distorce i colori, \u00e8 pi\u00f9 resistente ai graffi e facile da pulire. Pilkington Optiwhite\u2122, vetro a basso contenuto di ferro privo della tipica tonalit\u00e0 verdognola, \u00e8 fondamentale soprattutto negli acquari con spessori importanti. La superficie uniforme, ottenuta grazie a processi produttivi di altissima precisione, elimina le distorsioni visive, offrendo una visione perfetta dei coralli. Il box di tracimazione, il fondo e il vetro posteriore neri donano eleganza e nascondono le attrezzature. La griglia removibile si pulisce facilmente e, grazie al coperchio insonorizzante, il flusso d\u2019acqua \u00e8 praticamente impercettibile. La speciale schiuma protettiva garantisce sicurezza e facilita l\u2019installazione sul mobile. Lo spessore del vetro consente di avere un acquario rimless, con eccellente trasmissione della luce e massima affidabilit\u00e0.       <\/p>\n<\/div>\n<\/div>\n<\/div>\n<div>\n<div>\n<div>\n<hr>\n<h4><\/h4>\n<h4>COSA CI RENDE UNICI?<\/h4>\n<h6>SICUREZZA GARANTITA<\/h6>\n<ul>\n<li>Nessun compromesso: tecnologia derivata dalla costruzione di yacht marini<\/li>\n<li>Mobile in compensato di legno duro consegnato assemblato, testato e pronto all\u2019uso<\/li>\n<li>Connessioni, viti e cerniere ad alta resistenza<\/li>\n<li>Solo materiali impermeabili \u2013 nessuna deformazione o flessione<\/li>\n<li>Silicone e spessori vetro pensati per acquari reef<\/li>\n<li>10 volte pi\u00f9 durevole rispetto agli standard comuni<\/li>\n<li>Garanzia di 4 anni<\/li>\n<\/ul>\n<p>&nbsp;<\/p>\n<hr>\n<h6><\/h6>\n<h6>SOLUZIONI BASATE SULL\u2019ESPERIENZA PER CORALLI IN SALUTE<\/h6>\n<ul>\n<li>Progettato dai migliori acquariofili, con esperienza pratica<\/li>\n<li>Filtrazione efficiente grazie a diametri delle tubazioni adeguati<\/li>\n<li>Valvola di regolazione di alta qualit\u00e0 per il livello dell\u2019acqua<\/li>\n<li>Camere a cascata intelligenti per ottimizzare i processi di filtraggio<\/li>\n<li>Facile da mantenere e pulire<\/li>\n<li>Habitat ideale anche per i coralli pi\u00f9 esigenti<\/li>\n<li>Valvola di non ritorno per protezione in caso di blackout<\/li>\n<\/ul>\n<p>&nbsp;<\/p>\n<hr>\n<h6><\/h6>\n<h6>ULTRA SILENZIOSO PER IL MASSIMO COMFORT<\/h6>\n<ul>\n<li>Schiuma antivibrazione sotto sump e vasca principale<\/li>\n<li>Scarico autolivellante con coperchio insonorizzante<\/li>\n<li>Camere sump progettate per ridurre i rumori di flusso<\/li>\n<li>Regolazione precisa e silenziosa grazie alla gate valve<\/li>\n<\/ul>\n<p><a href=\"https:\/\/aquaforest.eu\/wp-content\/uploads\/2024\/07\/AF605120_UNBOXING-MANUAL_DRUK_230321_ZMIANY.pdf\">Manual &#8211; AF OceanGuard 605 &#8211; Download<\/a><\/p>\n<\/div>\n<\/div>\n<\/div>\n<\/div>\n<\/div>\n","protected":false},"excerpt":{"rendered":"<p>Sistema acquario 605 L | 160 US GAL. Vetro ultra trasparente a basso contenuto di ferro &amp; filtrazione efficiente <\/p>\n","protected":false},"featured_media":27819,"template":"","meta":{"_acf_changed":false,"content-type":""},"product_brand":[],"product_cat":[1933],"product_tag":[2025],"class_list":{"0":"post-27804","1":"product","2":"type-product","3":"status-publish","4":"has-post-thumbnail","6":"product_cat-oceanguard","7":"product_tag-oceanguard","9":"first","10":"outofstock","11":"taxable","12":"shipping-taxable","13":"purchasable","14":"product-type-simple"},"acf":[],"yoast_head":"<!-- This site is optimized with the Yoast SEO plugin v27.1.1 - https:\/\/yoast.com\/product\/yoast-seo-wordpress\/ -->\n<title>AF OceanGuard 605 Aquarium - Aquaforest<\/title>\n<meta name=\"description\" content=\"Set acquario AF605 con vetro a bassissimo contenuto di ferro. Sistema di filtraggio ad alta efficienza.\" \/>\n<meta name=\"robots\" content=\"index, follow, max-snippet:-1, max-image-preview:large, max-video-preview:-1\" \/>\n<link rel=\"canonical\" href=\"https:\/\/aquaforest.eu\/it\/products\/oceanguard\/af-oceanguard-605\/\" \/>\n<meta property=\"og:locale\" content=\"it_IT\" \/>\n<meta property=\"og:type\" content=\"article\" \/>\n<meta property=\"og:title\" content=\"AF OceanGuard 605 Aquarium - Aquaforest\" \/>\n<meta property=\"og:description\" content=\"Set acquario AF605 con vetro a bassissimo contenuto di ferro. Sistema di filtraggio ad alta efficienza.\" \/>\n<meta property=\"og:url\" content=\"https:\/\/aquaforest.eu\/it\/products\/oceanguard\/af-oceanguard-605\/\" \/>\n<meta property=\"og:site_name\" content=\"Aquaforest\" \/>\n<meta property=\"article:publisher\" content=\"https:\/\/www.facebook.com\/Aquaforest\/\" \/>\n<meta property=\"article:modified_time\" content=\"2025-12-05T08:13:14+00:00\" \/>\n<meta property=\"og:image\" content=\"https:\/\/aquaforest.eu\/wp-content\/uploads\/2024\/07\/OceanGuard-6051.jpg\" \/>\n\t<meta property=\"og:image:width\" content=\"1322\" \/>\n\t<meta property=\"og:image:height\" content=\"1322\" \/>\n\t<meta property=\"og:image:type\" content=\"image\/jpeg\" \/>\n<meta name=\"twitter:card\" content=\"summary_large_image\" \/>\n<meta name=\"twitter:label1\" content=\"Tempo di lettura stimato\" \/>\n\t<meta name=\"twitter:data1\" content=\"2 minuti\" \/>\n<script type=\"application\/ld+json\" class=\"yoast-schema-graph\">{\"@context\":\"https:\/\/schema.org\",\"@graph\":[{\"@type\":\"WebPage\",\"@id\":\"https:\/\/aquaforest.eu\/it\/products\/oceanguard\/af-oceanguard-605\/\",\"url\":\"https:\/\/aquaforest.eu\/it\/products\/oceanguard\/af-oceanguard-605\/\",\"name\":\"AF OceanGuard 605 Aquarium - Aquaforest\",\"isPartOf\":{\"@id\":\"https:\/\/aquaforest.eu\/it\/#website\"},\"primaryImageOfPage\":{\"@id\":\"https:\/\/aquaforest.eu\/it\/products\/oceanguard\/af-oceanguard-605\/#primaryimage\"},\"image\":{\"@id\":\"https:\/\/aquaforest.eu\/it\/products\/oceanguard\/af-oceanguard-605\/#primaryimage\"},\"thumbnailUrl\":\"https:\/\/aquaforest.eu\/wp-content\/uploads\/2024\/07\/OceanGuard-6051.jpg\",\"datePublished\":\"2024-07-01T23:34:44+00:00\",\"dateModified\":\"2025-12-05T08:13:14+00:00\",\"description\":\"Set acquario AF605 con vetro a bassissimo contenuto di ferro. Sistema di filtraggio ad alta efficienza.\",\"breadcrumb\":{\"@id\":\"https:\/\/aquaforest.eu\/it\/products\/oceanguard\/af-oceanguard-605\/#breadcrumb\"},\"inLanguage\":\"it-IT\",\"potentialAction\":[{\"@type\":\"ReadAction\",\"target\":[\"https:\/\/aquaforest.eu\/it\/products\/oceanguard\/af-oceanguard-605\/\"]}]},{\"@type\":\"ImageObject\",\"inLanguage\":\"it-IT\",\"@id\":\"https:\/\/aquaforest.eu\/it\/products\/oceanguard\/af-oceanguard-605\/#primaryimage\",\"url\":\"https:\/\/aquaforest.eu\/wp-content\/uploads\/2024\/07\/OceanGuard-6051.jpg\",\"contentUrl\":\"https:\/\/aquaforest.eu\/wp-content\/uploads\/2024\/07\/OceanGuard-6051.jpg\",\"width\":1322,\"height\":1322},{\"@type\":\"BreadcrumbList\",\"@id\":\"https:\/\/aquaforest.eu\/it\/products\/oceanguard\/af-oceanguard-605\/#breadcrumb\",\"itemListElement\":[{\"@type\":\"ListItem\",\"position\":1,\"name\":\"Home\",\"item\":\"https:\/\/aquaforest.eu\/it\/\"},{\"@type\":\"ListItem\",\"position\":2,\"name\":\"Prodotti\",\"item\":\"https:\/\/aquaforest.eu\/it\/products\/\"},{\"@type\":\"ListItem\",\"position\":3,\"name\":\"AF OceanGuard 605 Aquarium\"}]},{\"@type\":\"WebSite\",\"@id\":\"https:\/\/aquaforest.eu\/it\/#website\",\"url\":\"https:\/\/aquaforest.eu\/it\/\",\"name\":\"Aquaforest\",\"description\":\"\",\"publisher\":{\"@id\":\"https:\/\/aquaforest.eu\/it\/#organization\"},\"potentialAction\":[{\"@type\":\"SearchAction\",\"target\":{\"@type\":\"EntryPoint\",\"urlTemplate\":\"https:\/\/aquaforest.eu\/it\/?s={search_term_string}\"},\"query-input\":{\"@type\":\"PropertyValueSpecification\",\"valueRequired\":true,\"valueName\":\"search_term_string\"}}],\"inLanguage\":\"it-IT\"},{\"@type\":\"Organization\",\"@id\":\"https:\/\/aquaforest.eu\/it\/#organization\",\"name\":\"Aquaforest\",\"url\":\"https:\/\/aquaforest.eu\/it\/\",\"logo\":{\"@type\":\"ImageObject\",\"inLanguage\":\"it-IT\",\"@id\":\"https:\/\/aquaforest.eu\/it\/#\/schema\/logo\/image\/\",\"url\":\"https:\/\/aquaforest.eu\/wp-content\/uploads\/2024\/05\/logotyp-aquaforest.svg\",\"contentUrl\":\"https:\/\/aquaforest.eu\/wp-content\/uploads\/2024\/05\/logotyp-aquaforest.svg\",\"width\":170,\"height\":22,\"caption\":\"Aquaforest\"},\"image\":{\"@id\":\"https:\/\/aquaforest.eu\/it\/#\/schema\/logo\/image\/\"},\"sameAs\":[\"https:\/\/www.facebook.com\/Aquaforest\/\",\"https:\/\/www.instagram.com\/aquaforest.eu\/\"]}]}<\/script>\n<!-- \/ Yoast SEO plugin. -->","yoast_head_json":{"title":"AF OceanGuard 605 Aquarium - Aquaforest","description":"Set acquario AF605 con vetro a bassissimo contenuto di ferro. Sistema di filtraggio ad alta efficienza.","robots":{"index":"index","follow":"follow","max-snippet":"max-snippet:-1","max-image-preview":"max-image-preview:large","max-video-preview":"max-video-preview:-1"},"canonical":"https:\/\/aquaforest.eu\/it\/products\/oceanguard\/af-oceanguard-605\/","og_locale":"it_IT","og_type":"article","og_title":"AF OceanGuard 605 Aquarium - Aquaforest","og_description":"Set acquario AF605 con vetro a bassissimo contenuto di ferro. Sistema di filtraggio ad alta efficienza.","og_url":"https:\/\/aquaforest.eu\/it\/products\/oceanguard\/af-oceanguard-605\/","og_site_name":"Aquaforest","article_publisher":"https:\/\/www.facebook.com\/Aquaforest\/","article_modified_time":"2025-12-05T08:13:14+00:00","og_image":[{"width":1322,"height":1322,"url":"https:\/\/aquaforest.eu\/wp-content\/uploads\/2024\/07\/OceanGuard-6051.jpg","type":"image\/jpeg"}],"twitter_card":"summary_large_image","twitter_misc":{"Tempo di lettura stimato":"2 minuti"},"schema":{"@context":"https:\/\/schema.org","@graph":[{"@type":"WebPage","@id":"https:\/\/aquaforest.eu\/it\/products\/oceanguard\/af-oceanguard-605\/","url":"https:\/\/aquaforest.eu\/it\/products\/oceanguard\/af-oceanguard-605\/","name":"AF OceanGuard 605 Aquarium - Aquaforest","isPartOf":{"@id":"https:\/\/aquaforest.eu\/it\/#website"},"primaryImageOfPage":{"@id":"https:\/\/aquaforest.eu\/it\/products\/oceanguard\/af-oceanguard-605\/#primaryimage"},"image":{"@id":"https:\/\/aquaforest.eu\/it\/products\/oceanguard\/af-oceanguard-605\/#primaryimage"},"thumbnailUrl":"https:\/\/aquaforest.eu\/wp-content\/uploads\/2024\/07\/OceanGuard-6051.jpg","datePublished":"2024-07-01T23:34:44+00:00","dateModified":"2025-12-05T08:13:14+00:00","description":"Set acquario AF605 con vetro a bassissimo contenuto di ferro. Sistema di filtraggio ad alta efficienza.","breadcrumb":{"@id":"https:\/\/aquaforest.eu\/it\/products\/oceanguard\/af-oceanguard-605\/#breadcrumb"},"inLanguage":"it-IT","potentialAction":[{"@type":"ReadAction","target":["https:\/\/aquaforest.eu\/it\/products\/oceanguard\/af-oceanguard-605\/"]}]},{"@type":"ImageObject","inLanguage":"it-IT","@id":"https:\/\/aquaforest.eu\/it\/products\/oceanguard\/af-oceanguard-605\/#primaryimage","url":"https:\/\/aquaforest.eu\/wp-content\/uploads\/2024\/07\/OceanGuard-6051.jpg","contentUrl":"https:\/\/aquaforest.eu\/wp-content\/uploads\/2024\/07\/OceanGuard-6051.jpg","width":1322,"height":1322},{"@type":"BreadcrumbList","@id":"https:\/\/aquaforest.eu\/it\/products\/oceanguard\/af-oceanguard-605\/#breadcrumb","itemListElement":[{"@type":"ListItem","position":1,"name":"Home","item":"https:\/\/aquaforest.eu\/it\/"},{"@type":"ListItem","position":2,"name":"Prodotti","item":"https:\/\/aquaforest.eu\/it\/products\/"},{"@type":"ListItem","position":3,"name":"AF OceanGuard 605 Aquarium"}]},{"@type":"WebSite","@id":"https:\/\/aquaforest.eu\/it\/#website","url":"https:\/\/aquaforest.eu\/it\/","name":"Aquaforest","description":"","publisher":{"@id":"https:\/\/aquaforest.eu\/it\/#organization"},"potentialAction":[{"@type":"SearchAction","target":{"@type":"EntryPoint","urlTemplate":"https:\/\/aquaforest.eu\/it\/?s={search_term_string}"},"query-input":{"@type":"PropertyValueSpecification","valueRequired":true,"valueName":"search_term_string"}}],"inLanguage":"it-IT"},{"@type":"Organization","@id":"https:\/\/aquaforest.eu\/it\/#organization","name":"Aquaforest","url":"https:\/\/aquaforest.eu\/it\/","logo":{"@type":"ImageObject","inLanguage":"it-IT","@id":"https:\/\/aquaforest.eu\/it\/#\/schema\/logo\/image\/","url":"https:\/\/aquaforest.eu\/wp-content\/uploads\/2024\/05\/logotyp-aquaforest.svg","contentUrl":"https:\/\/aquaforest.eu\/wp-content\/uploads\/2024\/05\/logotyp-aquaforest.svg","width":170,"height":22,"caption":"Aquaforest"},"image":{"@id":"https:\/\/aquaforest.eu\/it\/#\/schema\/logo\/image\/"},"sameAs":["https:\/\/www.facebook.com\/Aquaforest\/","https:\/\/www.instagram.com\/aquaforest.eu\/"]}]}},"_links":{"self":[{"href":"https:\/\/aquaforest.eu\/it\/wp-json\/wp\/v2\/product\/27804","targetHints":{"allow":["GET"]}}],"collection":[{"href":"https:\/\/aquaforest.eu\/it\/wp-json\/wp\/v2\/product"}],"about":[{"href":"https:\/\/aquaforest.eu\/it\/wp-json\/wp\/v2\/types\/product"}],"version-history":[{"count":1,"href":"https:\/\/aquaforest.eu\/it\/wp-json\/wp\/v2\/product\/27804\/revisions"}],"predecessor-version":[{"id":27818,"href":"https:\/\/aquaforest.eu\/it\/wp-json\/wp\/v2\/product\/27804\/revisions\/27818"}],"wp:featuredmedia":[{"embeddable":true,"href":"https:\/\/aquaforest.eu\/it\/wp-json\/wp\/v2\/media\/27819"}],"wp:attachment":[{"href":"https:\/\/aquaforest.eu\/it\/wp-json\/wp\/v2\/media?parent=27804"}],"wp:term":[{"taxonomy":"product_brand","embeddable":true,"href":"https:\/\/aquaforest.eu\/it\/wp-json\/wp\/v2\/product_brand?post=27804"},{"taxonomy":"product_cat","embeddable":true,"href":"https:\/\/aquaforest.eu\/it\/wp-json\/wp\/v2\/product_cat?post=27804"},{"taxonomy":"product_tag","embeddable":true,"href":"https:\/\/aquaforest.eu\/it\/wp-json\/wp\/v2\/product_tag?post=27804"}],"curies":[{"name":"wp","href":"https:\/\/api.w.org\/{rel}","templated":true}]}}