{"id":29267,"date":"2026-03-24T12:36:50","date_gmt":"2026-03-24T11:36:50","guid":{"rendered":"https:\/\/aquaforest.eu\/?post_type=product&#038;p=29267"},"modified":"2026-04-30T01:17:24","modified_gmt":"2026-04-29T23:17:24","slug":"all-in-skim-150","status":"publish","type":"product","link":"https:\/\/aquaforest.eu\/it\/products\/seawater\/aquarium-equipment\/all-in-skim-150\/","title":{"rendered":"All-in Skim 150"},"content":{"rendered":"<h3 data-start=\"0\" data-end=\"318\"><strong>Nuovo livello di filtrazione<\/strong><\/h3>\n<p data-start=\"0\" data-end=\"318\">All-in Skim \u2013 il primo sistema di filtrazione sul mercato che combina uno skimmer di proteine ad alte prestazioni con filtrazione CO\u2082 integrata. Ideale per acquari marini, semplifica l\u2019installazione delle attrezzature, risparmia spazio e risolve molteplici problemi in un unico dispositivo intelligente e compatto.<\/p>\n<p data-start=\"320\" data-end=\"491\">All-in Skim \u00e8 un dispositivo innovativo 4-in-1 che integra le funzioni di skimmer di proteine, filtro dell\u2019aria, filtro CO\u2082 e filtro biologico in un unico design compatto.<\/p>\n<hr data-start=\"493\" data-end=\"496\" \/>\n<h3 data-section-id=\"16julw6\" data-start=\"498\" data-end=\"565\"><strong>Stabilizzazione del pH e migliori condizioni per la vita marina<\/strong><\/h3>\n<p data-start=\"567\" data-end=\"933\">Grazie ai filtri aria e CO\u2082 integrati, il dispositivo stabilizza attivamente i livelli di pH riducendo la quantit\u00e0 di anidride carbonica dannosa, migliorando cos\u00ec le condizioni di vita degli organismi marini. La possibilit\u00e0 di operare in modalit\u00e0 semi-aperta o chiusa aumenta ulteriormente l\u2019efficienza della filtrazione e prolunga la durata dei materiali filtranti.<\/p>\n<hr data-start=\"935\" data-end=\"938\" \/>\n<h3 data-section-id=\"fpdctc\" data-start=\"940\" data-end=\"993\"><strong>Maggiore efficienza nella purificazione dell\u2019aria<\/strong><\/h3>\n<p data-start=\"995\" data-end=\"1305\">L\u2019utilizzo di un connettore Venturi con ingressi multipli consente il collegamento parallelo di pi\u00f9 filtri CO\u2082, aumentando l\u2019efficacia della purificazione dell\u2019aria. Ci\u00f2 significa che aria meglio filtrata viene fornita all\u2019acquario, migliorando la stabilit\u00e0 dell\u2019ecosistema e riducendo lo stress degli animali.<\/p>\n<hr data-start=\"1307\" data-end=\"1310\" \/>\n<h3 data-section-id=\"7aq014\" data-start=\"1312\" data-end=\"1346\"><strong>Filtrazione biologica avanzata<\/strong><\/h3>\n<p data-start=\"1348\" data-end=\"1659\">Il dispositivo include anche una camera biologica che favorisce la crescita di batteri nitrificanti responsabili della decomposizione dei composti nocivi di azoto e fosforo. Il tempo di contatto prolungato tra acqua e materiale biologico migliora l\u2019efficacia della filtrazione biologica e la qualit\u00e0 dell\u2019acqua.<\/p>\n<hr data-start=\"1661\" data-end=\"1664\" \/>\n<h3 data-section-id=\"qd1bzx\" data-start=\"1666\" data-end=\"1702\"><strong>Riduzione degli odori sgradevoli<\/strong><\/h3>\n<p data-start=\"1704\" data-end=\"1909\">Un ulteriore filtro dell\u2019aria con carbone attivo, posizionato sopra il bicchiere dello skimmer, aiuta a ridurre l\u2019emissione di odori sgradevoli, migliorando notevolmente il comfort nell\u2019ambiente domestico.<\/p>\n<hr data-start=\"1911\" data-end=\"1914\" \/>\n<h3 data-section-id=\"t0mwy6\" data-start=\"1916\" data-end=\"1963\"><strong>Design della pompa flessibile ed efficiente<\/strong><\/h3>\n<p data-start=\"1965\" data-end=\"2275\">La pompa ad alta efficienza energetica offre elevate prestazioni, controllo preciso e la possibilit\u00e0 di collegamento a controller esterni e sensori di livello, semplificando il funzionamento e l\u2019automazione. Inoltre, la pompa funziona in modo estremamente silenzioso, preservando la tranquillit\u00e0 dell\u2019ambiente.<\/p>\n<hr data-start=\"2277\" data-end=\"2280\" \/>\n<h3 data-section-id=\"18lbzxx\" data-start=\"2282\" data-end=\"2340\"><strong>Supporto completo per condizioni stabili dell\u2019acquario<\/strong><\/h3>\n<p data-start=\"2342\" data-end=\"2569\">Combinando le funzioni di skimmer con filtrazione meccanica, chimica e biologica, insieme al controllo di CO\u2082 e degli odori, il dispositivo fornisce una soluzione completa per mantenere condizioni stabili in un acquario marino.<\/p>\n<hr data-start=\"2571\" data-end=\"2574\" \/>\n<h3 data-section-id=\"l1u3zw\" data-start=\"2576\" data-end=\"2597\"><strong>Pompa &amp; Controller<\/strong><\/h3>\n<p data-start=\"2599\" data-end=\"3448\"><strong data-start=\"2599\" data-end=\"2631\">Controllo preciso del flusso<\/strong> \u2013 potenza regolabile con precisione dell\u20191%; garantisce condizioni biologiche stabili e una vita dell\u2019acquario pi\u00f9 sana.<br data-start=\"2752\" data-end=\"2755\" \/><strong data-start=\"2755\" data-end=\"2782\">Automazione &amp; sicurezza<\/strong> \u2013 compatibile con controller esterni e valvole a galleggiante; sensori integrati proteggono da funzionamento a secco, surriscaldamento e malfunzionamenti, con codici di errore per una diagnosi rapida e un funzionamento senza preoccupazioni.<br data-start=\"3023\" data-end=\"3026\" \/><strong data-start=\"3026\" data-end=\"3053\">Silenziosa &amp; efficiente<\/strong> \u2013 basso consumo energetico e funzionamento silenzioso; comfort per l\u2019acquariofilo e gli abitanti dell\u2019acquario.<br data-start=\"3165\" data-end=\"3168\" \/><strong data-start=\"3168\" data-end=\"3194\">Modalit\u00e0 alimentazione<\/strong> \u2013 programmabile fino a 3 intervalli di alimentazione; riduce temporaneamente la potenza dello skimmer per preservare i nutrienti ed evitare traboccamenti.<br data-start=\"3349\" data-end=\"3352\" \/><strong data-start=\"3352\" data-end=\"3377\">Manutenzione semplice<\/strong> \u2013 pulizia e assistenza semplificate; pi\u00f9 tempo per godersi l\u2019acquario.<\/p>\n<hr data-start=\"3450\" data-end=\"3453\" \/>\n<h3 data-section-id=\"158991c\" data-start=\"3455\" data-end=\"3484\"><strong>Contenuto della confezione<\/strong><\/h3>\n<ul data-start=\"3486\" data-end=\"3700\">\n<li data-section-id=\"1j0k51x\" data-start=\"3486\" data-end=\"3524\">Sistema di filtrazione All-in Skim<\/li>\n<li data-section-id=\"1lb9htg\" data-start=\"3525\" data-end=\"3562\">Pompa Reeflow 2300 con controller<\/li>\n<li data-section-id=\"ah29dm\" data-start=\"3563\" data-end=\"3601\">Set di tubi flessibili in silicone<\/li>\n<li data-section-id=\"1d3cy1c\" data-start=\"3602\" data-end=\"3624\">5 spugne filtranti<\/li>\n<li data-section-id=\"12k391\" data-start=\"3625\" data-end=\"3650\">Scrubber Media 800 ml<\/li>\n<li data-section-id=\"5swdx6\" data-start=\"3651\" data-end=\"3676\">Carbone attivo 400 ml<\/li>\n<li data-section-id=\"486bng\" data-start=\"3677\" data-end=\"3700\">Life Bio Fil 400 ml<\/li>\n<\/ul>\n<hr data-start=\"3702\" data-end=\"3705\" \/>\n<h3 data-section-id=\"tcwv77\" data-start=\"3707\" data-end=\"3729\"><strong>Specifiche tecniche<\/strong><\/h3>\n<p data-start=\"3731\" data-end=\"3761\"><strong data-start=\"3731\" data-end=\"3743\">Modello:<\/strong> All in Skim 150<\/p>\n<p data-start=\"3763\" data-end=\"3976\"><strong data-start=\"3763\" data-end=\"3783\">Dimensioni base:<\/strong> 186 \u00d7 182 mm (7,32 \u00d7 7,17 in)<br data-start=\"3813\" data-end=\"3816\" \/><strong data-start=\"3816\" data-end=\"3854\">Diametro della camera di reazione:<\/strong> 150 mm (5,91 in)<br data-start=\"3871\" data-end=\"3874\" \/><strong data-start=\"3874\" data-end=\"3884\">Pompa:<\/strong> Reeflow 2300<br data-start=\"3897\" data-end=\"3900\" \/><strong data-start=\"3900\" data-end=\"3921\">Iniezione d\u2019aria:<\/strong> fino a 620 l\/h<br data-start=\"3936\" data-end=\"3939\" \/><strong data-start=\"3939\" data-end=\"3962\">Consumo energetico:<\/strong> fino a 28 W<\/p>\n<p data-start=\"3978\" data-end=\"4197\"><strong data-start=\"3978\" data-end=\"4027\">Capacit\u00e0 acquario \u2013 carico biologico elevato:<\/strong> fino a 300 L (80 gal)<br data-start=\"4049\" data-end=\"4052\" \/><strong data-start=\"4052\" data-end=\"4099\">Capacit\u00e0 acquario \u2013 carico biologico medio:<\/strong> fino a 500 L (130 gal)<br data-start=\"4122\" data-end=\"4125\" \/><strong data-start=\"4125\" data-end=\"4172\">Capacit\u00e0 acquario \u2013 carico biologico basso:<\/strong> fino a 750 L (185 gal)<\/p>\n<p data-start=\"4199\" data-end=\"4344\" data-is-last-node=\"\" data-is-only-node=\"\"><strong data-start=\"4199\" data-end=\"4226\">Livello acqua \u2013 minimo:<\/strong> 160 mm (6 1\/3 in)<br data-start=\"4244\" data-end=\"4247\" \/><strong data-start=\"4247\" data-end=\"4275\">Livello acqua \u2013 massimo:<\/strong> 210 mm (8 1\/4 in)<br data-start=\"4293\" data-end=\"4296\" \/><strong data-start=\"4296\" data-end=\"4326\">Livello acqua consigliato:<\/strong> 185 mm (7 1\/4 in)<\/p>\n","protected":false},"excerpt":{"rendered":"<p>Nuovo livello di filtrazione All-in Skim \u2013 il primo sistema di filtrazione sul mercato che combina uno skimmer di proteine ad alte prestazioni con filtrazione CO\u2082 integrata. Ideale per acquari marini, semplifica l\u2019installazione delle attrezzature, risparmia spazio e risolve molteplici problemi in un unico dispositivo intelligente e compatto. All-in Skim \u00e8 un dispositivo innovativo 4-in-1 [&hellip;]<\/p>\n","protected":false},"featured_media":31118,"template":"","meta":{"_acf_changed":false,"content-type":""},"product_brand":[],"product_cat":[1654,1715],"product_tag":[],"class_list":{"0":"post-29267","1":"product","2":"type-product","3":"status-publish","4":"has-post-thumbnail","6":"product_cat-seawater-pt","7":"product_cat-aquarium-equipment","9":"first","10":"instock","11":"taxable","12":"shipping-taxable","13":"purchasable","14":"product-type-variable"},"acf":[],"yoast_head":"<!-- This site is optimized with the Yoast SEO plugin v27.1.1 - https:\/\/yoast.com\/product\/yoast-seo-wordpress\/ -->\n<title>All-in Skim 150 - Aquaforest<\/title>\n<meta name=\"robots\" content=\"index, follow, max-snippet:-1, max-image-preview:large, max-video-preview:-1\" \/>\n<link rel=\"canonical\" href=\"https:\/\/aquaforest.eu\/it\/products\/seawater\/aquarium-equipment\/all-in-skim-150\/\" \/>\n<meta property=\"og:locale\" content=\"it_IT\" \/>\n<meta property=\"og:type\" content=\"article\" \/>\n<meta property=\"og:title\" content=\"All-in Skim 150 - Aquaforest\" \/>\n<meta property=\"og:description\" content=\"Nuovo livello di filtrazione All-in Skim \u2013 il primo sistema di filtrazione sul mercato che combina uno skimmer di proteine ad alte prestazioni con filtrazione CO\u2082 integrata. Ideale per acquari marini, semplifica l\u2019installazione delle attrezzature, risparmia spazio e risolve molteplici problemi in un unico dispositivo intelligente e compatto. All-in Skim \u00e8 un dispositivo innovativo 4-in-1 [&hellip;]\" \/>\n<meta property=\"og:url\" content=\"https:\/\/aquaforest.eu\/it\/products\/seawater\/aquarium-equipment\/all-in-skim-150\/\" \/>\n<meta property=\"og:site_name\" content=\"Aquaforest\" \/>\n<meta property=\"article:publisher\" content=\"https:\/\/www.facebook.com\/Aquaforest\/\" \/>\n<meta property=\"article:modified_time\" content=\"2026-04-29T23:17:24+00:00\" \/>\n<meta property=\"og:image\" content=\"https:\/\/aquaforest.eu\/wp-content\/uploads\/2026\/03\/All-in-skim-1.png\" \/>\n\t<meta property=\"og:image:width\" content=\"2110\" \/>\n\t<meta property=\"og:image:height\" content=\"1584\" \/>\n\t<meta property=\"og:image:type\" content=\"image\/png\" \/>\n<meta name=\"twitter:card\" content=\"summary_large_image\" \/>\n<meta name=\"twitter:label1\" content=\"Tempo di lettura stimato\" \/>\n\t<meta name=\"twitter:data1\" content=\"3 minuti\" \/>\n<script type=\"application\/ld+json\" class=\"yoast-schema-graph\">{\"@context\":\"https:\/\/schema.org\",\"@graph\":[{\"@type\":\"WebPage\",\"@id\":\"https:\/\/aquaforest.eu\/it\/products\/seawater\/aquarium-equipment\/all-in-skim-150\/\",\"url\":\"https:\/\/aquaforest.eu\/it\/products\/seawater\/aquarium-equipment\/all-in-skim-150\/\",\"name\":\"All-in Skim 150 - Aquaforest\",\"isPartOf\":{\"@id\":\"https:\/\/aquaforest.eu\/it\/#website\"},\"primaryImageOfPage\":{\"@id\":\"https:\/\/aquaforest.eu\/it\/products\/seawater\/aquarium-equipment\/all-in-skim-150\/#primaryimage\"},\"image\":{\"@id\":\"https:\/\/aquaforest.eu\/it\/products\/seawater\/aquarium-equipment\/all-in-skim-150\/#primaryimage\"},\"thumbnailUrl\":\"https:\/\/aquaforest.eu\/wp-content\/uploads\/2026\/03\/All-in-skim-1.png\",\"datePublished\":\"2026-03-24T11:36:50+00:00\",\"dateModified\":\"2026-04-29T23:17:24+00:00\",\"breadcrumb\":{\"@id\":\"https:\/\/aquaforest.eu\/it\/products\/seawater\/aquarium-equipment\/all-in-skim-150\/#breadcrumb\"},\"inLanguage\":\"it-IT\",\"potentialAction\":[{\"@type\":\"ReadAction\",\"target\":[\"https:\/\/aquaforest.eu\/it\/products\/seawater\/aquarium-equipment\/all-in-skim-150\/\"]}]},{\"@type\":\"ImageObject\",\"inLanguage\":\"it-IT\",\"@id\":\"https:\/\/aquaforest.eu\/it\/products\/seawater\/aquarium-equipment\/all-in-skim-150\/#primaryimage\",\"url\":\"https:\/\/aquaforest.eu\/wp-content\/uploads\/2026\/03\/All-in-skim-1.png\",\"contentUrl\":\"https:\/\/aquaforest.eu\/wp-content\/uploads\/2026\/03\/All-in-skim-1.png\",\"width\":2110,\"height\":1584},{\"@type\":\"BreadcrumbList\",\"@id\":\"https:\/\/aquaforest.eu\/it\/products\/seawater\/aquarium-equipment\/all-in-skim-150\/#breadcrumb\",\"itemListElement\":[{\"@type\":\"ListItem\",\"position\":1,\"name\":\"Home\",\"item\":\"https:\/\/aquaforest.eu\/it\/\"},{\"@type\":\"ListItem\",\"position\":2,\"name\":\"Prodotti\",\"item\":\"https:\/\/aquaforest.eu\/it\/products\/\"},{\"@type\":\"ListItem\",\"position\":3,\"name\":\"All-in Skim 150\"}]},{\"@type\":\"WebSite\",\"@id\":\"https:\/\/aquaforest.eu\/it\/#website\",\"url\":\"https:\/\/aquaforest.eu\/it\/\",\"name\":\"Aquaforest\",\"description\":\"\",\"publisher\":{\"@id\":\"https:\/\/aquaforest.eu\/it\/#organization\"},\"potentialAction\":[{\"@type\":\"SearchAction\",\"target\":{\"@type\":\"EntryPoint\",\"urlTemplate\":\"https:\/\/aquaforest.eu\/it\/?s={search_term_string}\"},\"query-input\":{\"@type\":\"PropertyValueSpecification\",\"valueRequired\":true,\"valueName\":\"search_term_string\"}}],\"inLanguage\":\"it-IT\"},{\"@type\":\"Organization\",\"@id\":\"https:\/\/aquaforest.eu\/it\/#organization\",\"name\":\"Aquaforest\",\"url\":\"https:\/\/aquaforest.eu\/it\/\",\"logo\":{\"@type\":\"ImageObject\",\"inLanguage\":\"it-IT\",\"@id\":\"https:\/\/aquaforest.eu\/it\/#\/schema\/logo\/image\/\",\"url\":\"https:\/\/aquaforest.eu\/wp-content\/uploads\/2024\/05\/logotyp-aquaforest.svg\",\"contentUrl\":\"https:\/\/aquaforest.eu\/wp-content\/uploads\/2024\/05\/logotyp-aquaforest.svg\",\"width\":170,\"height\":22,\"caption\":\"Aquaforest\"},\"image\":{\"@id\":\"https:\/\/aquaforest.eu\/it\/#\/schema\/logo\/image\/\"},\"sameAs\":[\"https:\/\/www.facebook.com\/Aquaforest\/\",\"https:\/\/www.instagram.com\/aquaforest.eu\/\"]}]}<\/script>\n<!-- \/ Yoast SEO plugin. -->","yoast_head_json":{"title":"All-in Skim 150 - Aquaforest","robots":{"index":"index","follow":"follow","max-snippet":"max-snippet:-1","max-image-preview":"max-image-preview:large","max-video-preview":"max-video-preview:-1"},"canonical":"https:\/\/aquaforest.eu\/it\/products\/seawater\/aquarium-equipment\/all-in-skim-150\/","og_locale":"it_IT","og_type":"article","og_title":"All-in Skim 150 - Aquaforest","og_description":"Nuovo livello di filtrazione All-in Skim \u2013 il primo sistema di filtrazione sul mercato che combina uno skimmer di proteine ad alte prestazioni con filtrazione CO\u2082 integrata. Ideale per acquari marini, semplifica l\u2019installazione delle attrezzature, risparmia spazio e risolve molteplici problemi in un unico dispositivo intelligente e compatto. All-in Skim \u00e8 un dispositivo innovativo 4-in-1 [&hellip;]","og_url":"https:\/\/aquaforest.eu\/it\/products\/seawater\/aquarium-equipment\/all-in-skim-150\/","og_site_name":"Aquaforest","article_publisher":"https:\/\/www.facebook.com\/Aquaforest\/","article_modified_time":"2026-04-29T23:17:24+00:00","og_image":[{"width":2110,"height":1584,"url":"https:\/\/aquaforest.eu\/wp-content\/uploads\/2026\/03\/All-in-skim-1.png","type":"image\/png"}],"twitter_card":"summary_large_image","twitter_misc":{"Tempo di lettura stimato":"3 minuti"},"schema":{"@context":"https:\/\/schema.org","@graph":[{"@type":"WebPage","@id":"https:\/\/aquaforest.eu\/it\/products\/seawater\/aquarium-equipment\/all-in-skim-150\/","url":"https:\/\/aquaforest.eu\/it\/products\/seawater\/aquarium-equipment\/all-in-skim-150\/","name":"All-in Skim 150 - Aquaforest","isPartOf":{"@id":"https:\/\/aquaforest.eu\/it\/#website"},"primaryImageOfPage":{"@id":"https:\/\/aquaforest.eu\/it\/products\/seawater\/aquarium-equipment\/all-in-skim-150\/#primaryimage"},"image":{"@id":"https:\/\/aquaforest.eu\/it\/products\/seawater\/aquarium-equipment\/all-in-skim-150\/#primaryimage"},"thumbnailUrl":"https:\/\/aquaforest.eu\/wp-content\/uploads\/2026\/03\/All-in-skim-1.png","datePublished":"2026-03-24T11:36:50+00:00","dateModified":"2026-04-29T23:17:24+00:00","breadcrumb":{"@id":"https:\/\/aquaforest.eu\/it\/products\/seawater\/aquarium-equipment\/all-in-skim-150\/#breadcrumb"},"inLanguage":"it-IT","potentialAction":[{"@type":"ReadAction","target":["https:\/\/aquaforest.eu\/it\/products\/seawater\/aquarium-equipment\/all-in-skim-150\/"]}]},{"@type":"ImageObject","inLanguage":"it-IT","@id":"https:\/\/aquaforest.eu\/it\/products\/seawater\/aquarium-equipment\/all-in-skim-150\/#primaryimage","url":"https:\/\/aquaforest.eu\/wp-content\/uploads\/2026\/03\/All-in-skim-1.png","contentUrl":"https:\/\/aquaforest.eu\/wp-content\/uploads\/2026\/03\/All-in-skim-1.png","width":2110,"height":1584},{"@type":"BreadcrumbList","@id":"https:\/\/aquaforest.eu\/it\/products\/seawater\/aquarium-equipment\/all-in-skim-150\/#breadcrumb","itemListElement":[{"@type":"ListItem","position":1,"name":"Home","item":"https:\/\/aquaforest.eu\/it\/"},{"@type":"ListItem","position":2,"name":"Prodotti","item":"https:\/\/aquaforest.eu\/it\/products\/"},{"@type":"ListItem","position":3,"name":"All-in Skim 150"}]},{"@type":"WebSite","@id":"https:\/\/aquaforest.eu\/it\/#website","url":"https:\/\/aquaforest.eu\/it\/","name":"Aquaforest","description":"","publisher":{"@id":"https:\/\/aquaforest.eu\/it\/#organization"},"potentialAction":[{"@type":"SearchAction","target":{"@type":"EntryPoint","urlTemplate":"https:\/\/aquaforest.eu\/it\/?s={search_term_string}"},"query-input":{"@type":"PropertyValueSpecification","valueRequired":true,"valueName":"search_term_string"}}],"inLanguage":"it-IT"},{"@type":"Organization","@id":"https:\/\/aquaforest.eu\/it\/#organization","name":"Aquaforest","url":"https:\/\/aquaforest.eu\/it\/","logo":{"@type":"ImageObject","inLanguage":"it-IT","@id":"https:\/\/aquaforest.eu\/it\/#\/schema\/logo\/image\/","url":"https:\/\/aquaforest.eu\/wp-content\/uploads\/2024\/05\/logotyp-aquaforest.svg","contentUrl":"https:\/\/aquaforest.eu\/wp-content\/uploads\/2024\/05\/logotyp-aquaforest.svg","width":170,"height":22,"caption":"Aquaforest"},"image":{"@id":"https:\/\/aquaforest.eu\/it\/#\/schema\/logo\/image\/"},"sameAs":["https:\/\/www.facebook.com\/Aquaforest\/","https:\/\/www.instagram.com\/aquaforest.eu\/"]}]}},"_links":{"self":[{"href":"https:\/\/aquaforest.eu\/it\/wp-json\/wp\/v2\/product\/29267","targetHints":{"allow":["GET"]}}],"collection":[{"href":"https:\/\/aquaforest.eu\/it\/wp-json\/wp\/v2\/product"}],"about":[{"href":"https:\/\/aquaforest.eu\/it\/wp-json\/wp\/v2\/types\/product"}],"version-history":[{"count":5,"href":"https:\/\/aquaforest.eu\/it\/wp-json\/wp\/v2\/product\/29267\/revisions"}],"predecessor-version":[{"id":31216,"href":"https:\/\/aquaforest.eu\/it\/wp-json\/wp\/v2\/product\/29267\/revisions\/31216"}],"wp:featuredmedia":[{"embeddable":true,"href":"https:\/\/aquaforest.eu\/it\/wp-json\/wp\/v2\/media\/31118"}],"wp:attachment":[{"href":"https:\/\/aquaforest.eu\/it\/wp-json\/wp\/v2\/media?parent=29267"}],"wp:term":[{"taxonomy":"product_brand","embeddable":true,"href":"https:\/\/aquaforest.eu\/it\/wp-json\/wp\/v2\/product_brand?post=29267"},{"taxonomy":"product_cat","embeddable":true,"href":"https:\/\/aquaforest.eu\/it\/wp-json\/wp\/v2\/product_cat?post=29267"},{"taxonomy":"product_tag","embeddable":true,"href":"https:\/\/aquaforest.eu\/it\/wp-json\/wp\/v2\/product_tag?post=29267"}],"curies":[{"name":"wp","href":"https:\/\/api.w.org\/{rel}","templated":true}]}}