{"id":29549,"date":"2026-03-30T14:32:46","date_gmt":"2026-03-30T12:32:46","guid":{"rendered":"https:\/\/aquaforest.eu\/?post_type=product&#038;p=29549"},"modified":"2026-04-28T11:13:52","modified_gmt":"2026-04-28T09:13:52","slug":"phosphate-minus-2","status":"publish","type":"product","link":"https:\/\/aquaforest.eu\/it\/products\/pond\/materiali-filtranti\/phosphate-minus-2\/","title":{"rendered":"Phosphate Minus"},"content":{"rendered":"<h3 data-start=\"78\" data-end=\"214\"><strong>Un prodotto per il controllo del livello di fosfati nei laghetti<\/strong><\/h3>\n<p data-start=\"78\" data-end=\"214\">AF Phosphate Minus Pond \u00e8 un preparato efficace progettato per ridurre i fosfati nei laghetti ornamentali e negli stagni decorativi.<\/p>\n<p data-start=\"216\" data-end=\"480\">Uno squilibrio tra fosfati e nitrati favorisce lo sviluppo di cianobatteri e fastidiose alghe rosse. Grazie alla sua formula unica, il prodotto lega i fosfati disciolti senza alterare il livello di vitamine e microelementi essenziali per gli abitanti del laghetto.<\/p>\n<p data-start=\"482\" data-end=\"752\">L\u2019uso regolare del preparato aiuta a mantenere l\u2019acqua cristallina e crea condizioni ideali per la crescita delle piante acquatiche. \u00c8 particolarmente consigliato nei laghetti con alta densit\u00e0 di pesci e poche piante, dove il rischio di eccesso di fosfati \u00e8 pi\u00f9 elevato.<\/p>\n<p data-start=\"754\" data-end=\"949\">Il prodotto \u00e8 ideale anche prima e dopo l\u2019inverno, quando i livelli di fosfati sono generalmente pi\u00f9 alti \u2014 aiuta a ristabilire l\u2019equilibrio biologico e a prevenire la proliferazione delle alghe.<\/p>\n<h3 data-section-id=\"xtjjdt\" data-start=\"951\" data-end=\"988\"><strong>Cosa rende questo prodotto unico?<\/strong><\/h3>\n<ul>\n<li data-start=\"989\" data-end=\"1463\">Lega e riduce efficacemente i fosfati, una delle principali cause della crescita eccessiva delle alghe<\/li>\n<li data-start=\"989\" data-end=\"1463\">Limita lo sviluppo di alghe e cianobatteri, aiutando a mantenere condizioni stabili<\/li>\n<li data-start=\"989\" data-end=\"1463\">Riduce la torbidit\u00e0 dell\u2019acqua e migliora la limpidezza naturale<\/li>\n<li data-start=\"989\" data-end=\"1463\">Aiuta a mantenere l\u2019equilibrio biologico, soprattutto nei laghetti con alta densit\u00e0 di pesci<\/li>\n<li data-start=\"989\" data-end=\"1463\">Sicuro per piante e organismi acquatici \u2014 riduce i fosfati in eccesso senza alterare vitamine e microelementi<\/li>\n<\/ul>\n<h3 data-section-id=\"83m1qx\" data-start=\"1465\" data-end=\"1477\"><strong>Dosaggio<\/strong><\/h3>\n<p data-start=\"1478\" data-end=\"1568\">Posizionare il prodotto nel cestello del filtro utilizzando 1 kg per 10.000 l d\u2019acqua.<\/p>\n<h3 data-section-id=\"1isdole\" data-start=\"1570\" data-end=\"1597\"><strong>Informazioni importanti<\/strong><\/h3>\n<p data-start=\"1598\" data-end=\"1738\" data-is-last-node=\"\" data-is-only-node=\"\">Prodotto destinato esclusivamente ai laghetti ornamentali. Non ingerire. Tenere fuori dalla portata dei bambini. Conservare in luogo fresco.<\/p>\n","protected":false},"excerpt":{"rendered":"<p>Prepara\u00e7\u00e3o para reduzir fosfatos e limitar o crescimento de algas no lago ornamental.<\/p>\n","protected":false},"featured_media":30102,"template":"","meta":{"_acf_changed":false,"content-type":""},"product_brand":[],"product_cat":[2060,2049],"product_tag":[1915],"class_list":{"0":"post-29549","1":"product","2":"type-product","3":"status-publish","4":"has-post-thumbnail","6":"product_cat-materiali-filtranti","7":"product_cat-pond","8":"product_tag-variable","10":"first","11":"instock","12":"taxable","13":"shipping-taxable","14":"purchasable","15":"product-type-variable"},"acf":[],"yoast_head":"<!-- This site is optimized with the Yoast SEO plugin v27.1.1 - https:\/\/yoast.com\/product\/yoast-seo-wordpress\/ -->\n<title>Phosphate Minus - Aquaforest<\/title>\n<meta name=\"robots\" content=\"index, follow, max-snippet:-1, max-image-preview:large, max-video-preview:-1\" \/>\n<link rel=\"canonical\" href=\"https:\/\/aquaforest.eu\/it\/products\/pond\/materiali-filtranti\/phosphate-minus-2\/\" \/>\n<meta property=\"og:locale\" content=\"it_IT\" \/>\n<meta property=\"og:type\" content=\"article\" \/>\n<meta property=\"og:title\" content=\"Phosphate Minus - Aquaforest\" \/>\n<meta property=\"og:description\" content=\"Prepara\u00e7\u00e3o para reduzir fosfatos e limitar o crescimento de algas no lago ornamental.\" \/>\n<meta property=\"og:url\" content=\"https:\/\/aquaforest.eu\/it\/products\/pond\/materiali-filtranti\/phosphate-minus-2\/\" \/>\n<meta property=\"og:site_name\" content=\"Aquaforest\" \/>\n<meta property=\"article:publisher\" content=\"https:\/\/www.facebook.com\/Aquaforest\/\" \/>\n<meta property=\"article:modified_time\" content=\"2026-04-28T09:13:52+00:00\" \/>\n<meta property=\"og:image\" content=\"https:\/\/aquaforest.eu\/wp-content\/uploads\/2026\/03\/Phosphate-Minus-1L.png\" \/>\n\t<meta property=\"og:image:width\" content=\"2336\" \/>\n\t<meta property=\"og:image:height\" content=\"2336\" \/>\n\t<meta property=\"og:image:type\" content=\"image\/png\" \/>\n<meta name=\"twitter:card\" content=\"summary_large_image\" \/>\n<meta name=\"twitter:label1\" content=\"Tempo di lettura stimato\" \/>\n\t<meta name=\"twitter:data1\" content=\"2 minuti\" \/>\n<script type=\"application\/ld+json\" class=\"yoast-schema-graph\">{\"@context\":\"https:\/\/schema.org\",\"@graph\":[{\"@type\":\"WebPage\",\"@id\":\"https:\/\/aquaforest.eu\/it\/products\/pond\/materiali-filtranti\/phosphate-minus-2\/\",\"url\":\"https:\/\/aquaforest.eu\/it\/products\/pond\/materiali-filtranti\/phosphate-minus-2\/\",\"name\":\"Phosphate Minus - Aquaforest\",\"isPartOf\":{\"@id\":\"https:\/\/aquaforest.eu\/it\/#website\"},\"primaryImageOfPage\":{\"@id\":\"https:\/\/aquaforest.eu\/it\/products\/pond\/materiali-filtranti\/phosphate-minus-2\/#primaryimage\"},\"image\":{\"@id\":\"https:\/\/aquaforest.eu\/it\/products\/pond\/materiali-filtranti\/phosphate-minus-2\/#primaryimage\"},\"thumbnailUrl\":\"https:\/\/aquaforest.eu\/wp-content\/uploads\/2026\/03\/Phosphate-Minus-1L.png\",\"datePublished\":\"2026-03-30T12:32:46+00:00\",\"dateModified\":\"2026-04-28T09:13:52+00:00\",\"breadcrumb\":{\"@id\":\"https:\/\/aquaforest.eu\/it\/products\/pond\/materiali-filtranti\/phosphate-minus-2\/#breadcrumb\"},\"inLanguage\":\"it-IT\",\"potentialAction\":[{\"@type\":\"ReadAction\",\"target\":[\"https:\/\/aquaforest.eu\/it\/products\/pond\/materiali-filtranti\/phosphate-minus-2\/\"]}]},{\"@type\":\"ImageObject\",\"inLanguage\":\"it-IT\",\"@id\":\"https:\/\/aquaforest.eu\/it\/products\/pond\/materiali-filtranti\/phosphate-minus-2\/#primaryimage\",\"url\":\"https:\/\/aquaforest.eu\/wp-content\/uploads\/2026\/03\/Phosphate-Minus-1L.png\",\"contentUrl\":\"https:\/\/aquaforest.eu\/wp-content\/uploads\/2026\/03\/Phosphate-Minus-1L.png\",\"width\":2336,\"height\":2336},{\"@type\":\"BreadcrumbList\",\"@id\":\"https:\/\/aquaforest.eu\/it\/products\/pond\/materiali-filtranti\/phosphate-minus-2\/#breadcrumb\",\"itemListElement\":[{\"@type\":\"ListItem\",\"position\":1,\"name\":\"Home\",\"item\":\"https:\/\/aquaforest.eu\/it\/\"},{\"@type\":\"ListItem\",\"position\":2,\"name\":\"Prodotti\",\"item\":\"https:\/\/aquaforest.eu\/it\/products\/\"},{\"@type\":\"ListItem\",\"position\":3,\"name\":\"Phosphate Minus\"}]},{\"@type\":\"WebSite\",\"@id\":\"https:\/\/aquaforest.eu\/it\/#website\",\"url\":\"https:\/\/aquaforest.eu\/it\/\",\"name\":\"Aquaforest\",\"description\":\"\",\"publisher\":{\"@id\":\"https:\/\/aquaforest.eu\/it\/#organization\"},\"potentialAction\":[{\"@type\":\"SearchAction\",\"target\":{\"@type\":\"EntryPoint\",\"urlTemplate\":\"https:\/\/aquaforest.eu\/it\/?s={search_term_string}\"},\"query-input\":{\"@type\":\"PropertyValueSpecification\",\"valueRequired\":true,\"valueName\":\"search_term_string\"}}],\"inLanguage\":\"it-IT\"},{\"@type\":\"Organization\",\"@id\":\"https:\/\/aquaforest.eu\/it\/#organization\",\"name\":\"Aquaforest\",\"url\":\"https:\/\/aquaforest.eu\/it\/\",\"logo\":{\"@type\":\"ImageObject\",\"inLanguage\":\"it-IT\",\"@id\":\"https:\/\/aquaforest.eu\/it\/#\/schema\/logo\/image\/\",\"url\":\"https:\/\/aquaforest.eu\/wp-content\/uploads\/2024\/05\/logotyp-aquaforest.svg\",\"contentUrl\":\"https:\/\/aquaforest.eu\/wp-content\/uploads\/2024\/05\/logotyp-aquaforest.svg\",\"width\":170,\"height\":22,\"caption\":\"Aquaforest\"},\"image\":{\"@id\":\"https:\/\/aquaforest.eu\/it\/#\/schema\/logo\/image\/\"},\"sameAs\":[\"https:\/\/www.facebook.com\/Aquaforest\/\",\"https:\/\/www.instagram.com\/aquaforest.eu\/\"]}]}<\/script>\n<!-- \/ Yoast SEO plugin. -->","yoast_head_json":{"title":"Phosphate Minus - Aquaforest","robots":{"index":"index","follow":"follow","max-snippet":"max-snippet:-1","max-image-preview":"max-image-preview:large","max-video-preview":"max-video-preview:-1"},"canonical":"https:\/\/aquaforest.eu\/it\/products\/pond\/materiali-filtranti\/phosphate-minus-2\/","og_locale":"it_IT","og_type":"article","og_title":"Phosphate Minus - Aquaforest","og_description":"Prepara\u00e7\u00e3o para reduzir fosfatos e limitar o crescimento de algas no lago ornamental.","og_url":"https:\/\/aquaforest.eu\/it\/products\/pond\/materiali-filtranti\/phosphate-minus-2\/","og_site_name":"Aquaforest","article_publisher":"https:\/\/www.facebook.com\/Aquaforest\/","article_modified_time":"2026-04-28T09:13:52+00:00","og_image":[{"width":2336,"height":2336,"url":"https:\/\/aquaforest.eu\/wp-content\/uploads\/2026\/03\/Phosphate-Minus-1L.png","type":"image\/png"}],"twitter_card":"summary_large_image","twitter_misc":{"Tempo di lettura stimato":"2 minuti"},"schema":{"@context":"https:\/\/schema.org","@graph":[{"@type":"WebPage","@id":"https:\/\/aquaforest.eu\/it\/products\/pond\/materiali-filtranti\/phosphate-minus-2\/","url":"https:\/\/aquaforest.eu\/it\/products\/pond\/materiali-filtranti\/phosphate-minus-2\/","name":"Phosphate Minus - Aquaforest","isPartOf":{"@id":"https:\/\/aquaforest.eu\/it\/#website"},"primaryImageOfPage":{"@id":"https:\/\/aquaforest.eu\/it\/products\/pond\/materiali-filtranti\/phosphate-minus-2\/#primaryimage"},"image":{"@id":"https:\/\/aquaforest.eu\/it\/products\/pond\/materiali-filtranti\/phosphate-minus-2\/#primaryimage"},"thumbnailUrl":"https:\/\/aquaforest.eu\/wp-content\/uploads\/2026\/03\/Phosphate-Minus-1L.png","datePublished":"2026-03-30T12:32:46+00:00","dateModified":"2026-04-28T09:13:52+00:00","breadcrumb":{"@id":"https:\/\/aquaforest.eu\/it\/products\/pond\/materiali-filtranti\/phosphate-minus-2\/#breadcrumb"},"inLanguage":"it-IT","potentialAction":[{"@type":"ReadAction","target":["https:\/\/aquaforest.eu\/it\/products\/pond\/materiali-filtranti\/phosphate-minus-2\/"]}]},{"@type":"ImageObject","inLanguage":"it-IT","@id":"https:\/\/aquaforest.eu\/it\/products\/pond\/materiali-filtranti\/phosphate-minus-2\/#primaryimage","url":"https:\/\/aquaforest.eu\/wp-content\/uploads\/2026\/03\/Phosphate-Minus-1L.png","contentUrl":"https:\/\/aquaforest.eu\/wp-content\/uploads\/2026\/03\/Phosphate-Minus-1L.png","width":2336,"height":2336},{"@type":"BreadcrumbList","@id":"https:\/\/aquaforest.eu\/it\/products\/pond\/materiali-filtranti\/phosphate-minus-2\/#breadcrumb","itemListElement":[{"@type":"ListItem","position":1,"name":"Home","item":"https:\/\/aquaforest.eu\/it\/"},{"@type":"ListItem","position":2,"name":"Prodotti","item":"https:\/\/aquaforest.eu\/it\/products\/"},{"@type":"ListItem","position":3,"name":"Phosphate Minus"}]},{"@type":"WebSite","@id":"https:\/\/aquaforest.eu\/it\/#website","url":"https:\/\/aquaforest.eu\/it\/","name":"Aquaforest","description":"","publisher":{"@id":"https:\/\/aquaforest.eu\/it\/#organization"},"potentialAction":[{"@type":"SearchAction","target":{"@type":"EntryPoint","urlTemplate":"https:\/\/aquaforest.eu\/it\/?s={search_term_string}"},"query-input":{"@type":"PropertyValueSpecification","valueRequired":true,"valueName":"search_term_string"}}],"inLanguage":"it-IT"},{"@type":"Organization","@id":"https:\/\/aquaforest.eu\/it\/#organization","name":"Aquaforest","url":"https:\/\/aquaforest.eu\/it\/","logo":{"@type":"ImageObject","inLanguage":"it-IT","@id":"https:\/\/aquaforest.eu\/it\/#\/schema\/logo\/image\/","url":"https:\/\/aquaforest.eu\/wp-content\/uploads\/2024\/05\/logotyp-aquaforest.svg","contentUrl":"https:\/\/aquaforest.eu\/wp-content\/uploads\/2024\/05\/logotyp-aquaforest.svg","width":170,"height":22,"caption":"Aquaforest"},"image":{"@id":"https:\/\/aquaforest.eu\/it\/#\/schema\/logo\/image\/"},"sameAs":["https:\/\/www.facebook.com\/Aquaforest\/","https:\/\/www.instagram.com\/aquaforest.eu\/"]}]}},"_links":{"self":[{"href":"https:\/\/aquaforest.eu\/it\/wp-json\/wp\/v2\/product\/29549","targetHints":{"allow":["GET"]}}],"collection":[{"href":"https:\/\/aquaforest.eu\/it\/wp-json\/wp\/v2\/product"}],"about":[{"href":"https:\/\/aquaforest.eu\/it\/wp-json\/wp\/v2\/types\/product"}],"version-history":[{"count":5,"href":"https:\/\/aquaforest.eu\/it\/wp-json\/wp\/v2\/product\/29549\/revisions"}],"predecessor-version":[{"id":31017,"href":"https:\/\/aquaforest.eu\/it\/wp-json\/wp\/v2\/product\/29549\/revisions\/31017"}],"wp:featuredmedia":[{"embeddable":true,"href":"https:\/\/aquaforest.eu\/it\/wp-json\/wp\/v2\/media\/30102"}],"wp:attachment":[{"href":"https:\/\/aquaforest.eu\/it\/wp-json\/wp\/v2\/media?parent=29549"}],"wp:term":[{"taxonomy":"product_brand","embeddable":true,"href":"https:\/\/aquaforest.eu\/it\/wp-json\/wp\/v2\/product_brand?post=29549"},{"taxonomy":"product_cat","embeddable":true,"href":"https:\/\/aquaforest.eu\/it\/wp-json\/wp\/v2\/product_cat?post=29549"},{"taxonomy":"product_tag","embeddable":true,"href":"https:\/\/aquaforest.eu\/it\/wp-json\/wp\/v2\/product_tag?post=29549"}],"curies":[{"name":"wp","href":"https:\/\/api.w.org\/{rel}","templated":true}]}}