{"id":29637,"date":"2026-03-30T14:32:53","date_gmt":"2026-03-30T12:32:53","guid":{"rendered":"https:\/\/aquaforest.eu\/?post_type=product&#038;p=29637"},"modified":"2026-03-31T14:36:19","modified_gmt":"2026-03-31T12:36:19","slug":"purify-pond","status":"publish","type":"product","link":"https:\/\/aquaforest.eu\/it\/products\/pond\/soluzioni-ai-problemi\/purify-pond\/","title":{"rendered":"Purify Pond"},"content":{"rendered":"<p data-start=\"69\" data-end=\"361\">La malattia dei puntini bianchi \u00e8 una delle patologie pi\u00f9 comuni nei pesci da laghetto. Il nostro preparato specializzato \u00e8 stato sviluppato per supportare efficacemente i pesci nella lotta contro <strong data-start=\"266\" data-end=\"298\">Ichthyophthirius multifiliis<\/strong>, il parassita responsabile della malattia dei puntini bianchi.<\/p>\n<p data-start=\"363\" data-end=\"551\">Il prodotto \u00e8 ideale anche durante il periodo di convalescenza dopo infezioni fungine e altre infezioni cutanee, accelerando il processo di guarigione e supportando il sistema immunitario.<\/p>\n<p data-start=\"553\" data-end=\"802\">Grazie a ingredienti accuratamente selezionati, il preparato migliora l\u2019appetito dei pesci e supporta i loro naturali meccanismi di rigenerazione. L\u2019uso regolare aiuta a ripristinare pi\u00f9 rapidamente salute, vitalit\u00e0 e un aspetto attraente dei pesci.<\/p>\n<h3 data-section-id=\"xtjjdt\" data-start=\"804\" data-end=\"841\">Cosa rende questo prodotto unico?<\/h3>\n<p data-start=\"842\" data-end=\"1373\">\u2022 Supporta i pesci nella lotta contro infezioni cutanee, inclusa la malattia dei puntini bianchi<br data-start=\"938\" data-end=\"941\" \/>\u2022 Favorisce l\u2019immunit\u00e0, la rigenerazione e il recupero dopo infezioni batteriche, fungine e parassitarie<br data-start=\"1045\" data-end=\"1048\" \/>\u2022 Migliora l\u2019appetito, la vitalit\u00e0 e la condizione generale dei pesci<br data-start=\"1117\" data-end=\"1120\" \/>\u2022 Aiuta a ridurre lo stress legato alla malattia e alla convalescenza<br data-start=\"1189\" data-end=\"1192\" \/>\u2022 Pu\u00f2 essere utilizzato sia in vasche di quarantena sia direttamente nel laghetto, in piccoli e grandi sistemi<br data-start=\"1302\" data-end=\"1305\" \/>\u2022 Sicuro per l\u2019ecosistema del laghetto se utilizzato correttamente<\/p>\n<h3 data-section-id=\"83m1qx\" data-start=\"1375\" data-end=\"1387\">Dosaggio<\/h3>\n<p data-start=\"1388\" data-end=\"1559\">Se possibile, si consiglia di isolare i pesci malati in una vasca di quarantena separata. Questa soluzione facilita il trattamento e previene la diffusione della malattia.<\/p>\n<p data-start=\"1561\" data-end=\"1603\">\u2022 <strong data-start=\"1563\" data-end=\"1601\">Vasca di quarantena (consigliata):<\/strong><\/p>\n<ul data-start=\"1604\" data-end=\"1802\">\n<li data-section-id=\"zkdq9e\" data-start=\"1604\" data-end=\"1643\">1 ml \/ 10 l d\u2019acqua per 7\u201314 giorni<\/li>\n<li data-section-id=\"1qq7t6x\" data-start=\"1644\" data-end=\"1729\">Dopo 3 giorni, sostituire il 20% dell\u2019acqua e reintegrare la dose \u2013 0,5 ml \/ 10 l<\/li>\n<li data-section-id=\"buo0k7\" data-start=\"1730\" data-end=\"1765\">Ripetere il ciclo altre 2 volte<\/li>\n<li data-section-id=\"m2ys8i\" data-start=\"1766\" data-end=\"1802\">Temperatura consigliata: 27\u201330\u00b0C<\/li>\n<\/ul>\n<p data-start=\"1804\" data-end=\"1857\">\u2022 <strong data-start=\"1806\" data-end=\"1827\">Senza quarantena:<\/strong><br data-start=\"1827\" data-end=\"1830\" \/>500 ml \/ 10.000 l d\u2019acqua<\/p>\n<p data-start=\"1859\" data-end=\"1968\">Durante l\u2019utilizzo \u00e8 importante garantire una buona aerazione dell\u2019acqua. Non mescolare con cloro o ossigeno.<\/p>\n<h3 data-section-id=\"1isdole\" data-start=\"1970\" data-end=\"1997\">Informazioni importanti<\/h3>\n<p data-start=\"1998\" data-end=\"2179\" data-is-last-node=\"\" data-is-only-node=\"\">Prodotto destinato ai laghetti ornamentali. Non ingerire. Conservare in luogo fresco, fuori dalla portata dei bambini. Pu\u00f2 macchiare decorazioni, ghiaia e attrezzature del laghetto.<\/p>\n","protected":false},"excerpt":{"rendered":"<p>Preparato che supporta i pesci nella lotta contro la malattia dei puntini bianchi e le infezioni cutanee.<\/p>\n","protected":false},"featured_media":29303,"template":"","meta":{"_acf_changed":false,"content-type":""},"product_brand":[],"product_cat":[2049,2064],"product_tag":[],"class_list":{"0":"post-29637","1":"product","2":"type-product","3":"status-publish","4":"has-post-thumbnail","6":"product_cat-pond","7":"product_cat-soluzioni-ai-problemi","9":"first","10":"instock","11":"taxable","12":"shipping-taxable","13":"purchasable","14":"product-type-variable"},"acf":[],"yoast_head":"<!-- This site is optimized with the Yoast SEO plugin v27.1.1 - https:\/\/yoast.com\/product\/yoast-seo-wordpress\/ -->\n<title>Purify Pond - Aquaforest<\/title>\n<meta name=\"robots\" content=\"index, follow, max-snippet:-1, max-image-preview:large, max-video-preview:-1\" \/>\n<link rel=\"canonical\" href=\"https:\/\/aquaforest.eu\/it\/products\/pond\/soluzioni-ai-problemi\/purify-pond\/\" \/>\n<meta property=\"og:locale\" content=\"it_IT\" \/>\n<meta property=\"og:type\" content=\"article\" \/>\n<meta property=\"og:title\" content=\"Purify Pond - Aquaforest\" \/>\n<meta property=\"og:description\" content=\"Preparato che supporta i pesci nella lotta contro la malattia dei puntini bianchi e le infezioni cutanee.\" \/>\n<meta property=\"og:url\" content=\"https:\/\/aquaforest.eu\/it\/products\/pond\/soluzioni-ai-problemi\/purify-pond\/\" \/>\n<meta property=\"og:site_name\" content=\"Aquaforest\" \/>\n<meta property=\"article:publisher\" content=\"https:\/\/www.facebook.com\/Aquaforest\/\" \/>\n<meta property=\"article:modified_time\" content=\"2026-03-31T12:36:19+00:00\" \/>\n<meta property=\"og:image\" content=\"https:\/\/aquaforest.eu\/wp-content\/uploads\/2026\/03\/Purify-Pond-500ml-scaled.png\" \/>\n\t<meta property=\"og:image:width\" content=\"1920\" \/>\n\t<meta property=\"og:image:height\" content=\"2560\" \/>\n\t<meta property=\"og:image:type\" content=\"image\/png\" \/>\n<meta name=\"twitter:card\" content=\"summary_large_image\" \/>\n<meta name=\"twitter:label1\" content=\"Tempo di lettura stimato\" \/>\n\t<meta name=\"twitter:data1\" content=\"2 minuti\" \/>\n<script type=\"application\/ld+json\" class=\"yoast-schema-graph\">{\"@context\":\"https:\/\/schema.org\",\"@graph\":[{\"@type\":\"WebPage\",\"@id\":\"https:\/\/aquaforest.eu\/it\/products\/pond\/soluzioni-ai-problemi\/purify-pond\/\",\"url\":\"https:\/\/aquaforest.eu\/it\/products\/pond\/soluzioni-ai-problemi\/purify-pond\/\",\"name\":\"Purify Pond - Aquaforest\",\"isPartOf\":{\"@id\":\"https:\/\/aquaforest.eu\/it\/#website\"},\"primaryImageOfPage\":{\"@id\":\"https:\/\/aquaforest.eu\/it\/products\/pond\/soluzioni-ai-problemi\/purify-pond\/#primaryimage\"},\"image\":{\"@id\":\"https:\/\/aquaforest.eu\/it\/products\/pond\/soluzioni-ai-problemi\/purify-pond\/#primaryimage\"},\"thumbnailUrl\":\"https:\/\/aquaforest.eu\/wp-content\/uploads\/2026\/03\/Purify-Pond-500ml-scaled.png\",\"datePublished\":\"2026-03-30T12:32:53+00:00\",\"dateModified\":\"2026-03-31T12:36:19+00:00\",\"breadcrumb\":{\"@id\":\"https:\/\/aquaforest.eu\/it\/products\/pond\/soluzioni-ai-problemi\/purify-pond\/#breadcrumb\"},\"inLanguage\":\"it-IT\",\"potentialAction\":[{\"@type\":\"ReadAction\",\"target\":[\"https:\/\/aquaforest.eu\/it\/products\/pond\/soluzioni-ai-problemi\/purify-pond\/\"]}]},{\"@type\":\"ImageObject\",\"inLanguage\":\"it-IT\",\"@id\":\"https:\/\/aquaforest.eu\/it\/products\/pond\/soluzioni-ai-problemi\/purify-pond\/#primaryimage\",\"url\":\"https:\/\/aquaforest.eu\/wp-content\/uploads\/2026\/03\/Purify-Pond-500ml-scaled.png\",\"contentUrl\":\"https:\/\/aquaforest.eu\/wp-content\/uploads\/2026\/03\/Purify-Pond-500ml-scaled.png\",\"width\":1920,\"height\":2560},{\"@type\":\"BreadcrumbList\",\"@id\":\"https:\/\/aquaforest.eu\/it\/products\/pond\/soluzioni-ai-problemi\/purify-pond\/#breadcrumb\",\"itemListElement\":[{\"@type\":\"ListItem\",\"position\":1,\"name\":\"Home\",\"item\":\"https:\/\/aquaforest.eu\/it\/\"},{\"@type\":\"ListItem\",\"position\":2,\"name\":\"Prodotti\",\"item\":\"https:\/\/aquaforest.eu\/it\/products\/\"},{\"@type\":\"ListItem\",\"position\":3,\"name\":\"Purify Pond\"}]},{\"@type\":\"WebSite\",\"@id\":\"https:\/\/aquaforest.eu\/it\/#website\",\"url\":\"https:\/\/aquaforest.eu\/it\/\",\"name\":\"Aquaforest\",\"description\":\"\",\"publisher\":{\"@id\":\"https:\/\/aquaforest.eu\/it\/#organization\"},\"potentialAction\":[{\"@type\":\"SearchAction\",\"target\":{\"@type\":\"EntryPoint\",\"urlTemplate\":\"https:\/\/aquaforest.eu\/it\/?s={search_term_string}\"},\"query-input\":{\"@type\":\"PropertyValueSpecification\",\"valueRequired\":true,\"valueName\":\"search_term_string\"}}],\"inLanguage\":\"it-IT\"},{\"@type\":\"Organization\",\"@id\":\"https:\/\/aquaforest.eu\/it\/#organization\",\"name\":\"Aquaforest\",\"url\":\"https:\/\/aquaforest.eu\/it\/\",\"logo\":{\"@type\":\"ImageObject\",\"inLanguage\":\"it-IT\",\"@id\":\"https:\/\/aquaforest.eu\/it\/#\/schema\/logo\/image\/\",\"url\":\"https:\/\/aquaforest.eu\/wp-content\/uploads\/2024\/05\/logotyp-aquaforest.svg\",\"contentUrl\":\"https:\/\/aquaforest.eu\/wp-content\/uploads\/2024\/05\/logotyp-aquaforest.svg\",\"width\":170,\"height\":22,\"caption\":\"Aquaforest\"},\"image\":{\"@id\":\"https:\/\/aquaforest.eu\/it\/#\/schema\/logo\/image\/\"},\"sameAs\":[\"https:\/\/www.facebook.com\/Aquaforest\/\",\"https:\/\/www.instagram.com\/aquaforest.eu\/\"]}]}<\/script>\n<!-- \/ Yoast SEO plugin. -->","yoast_head_json":{"title":"Purify Pond - Aquaforest","robots":{"index":"index","follow":"follow","max-snippet":"max-snippet:-1","max-image-preview":"max-image-preview:large","max-video-preview":"max-video-preview:-1"},"canonical":"https:\/\/aquaforest.eu\/it\/products\/pond\/soluzioni-ai-problemi\/purify-pond\/","og_locale":"it_IT","og_type":"article","og_title":"Purify Pond - Aquaforest","og_description":"Preparato che supporta i pesci nella lotta contro la malattia dei puntini bianchi e le infezioni cutanee.","og_url":"https:\/\/aquaforest.eu\/it\/products\/pond\/soluzioni-ai-problemi\/purify-pond\/","og_site_name":"Aquaforest","article_publisher":"https:\/\/www.facebook.com\/Aquaforest\/","article_modified_time":"2026-03-31T12:36:19+00:00","og_image":[{"width":1920,"height":2560,"url":"https:\/\/aquaforest.eu\/wp-content\/uploads\/2026\/03\/Purify-Pond-500ml-scaled.png","type":"image\/png"}],"twitter_card":"summary_large_image","twitter_misc":{"Tempo di lettura stimato":"2 minuti"},"schema":{"@context":"https:\/\/schema.org","@graph":[{"@type":"WebPage","@id":"https:\/\/aquaforest.eu\/it\/products\/pond\/soluzioni-ai-problemi\/purify-pond\/","url":"https:\/\/aquaforest.eu\/it\/products\/pond\/soluzioni-ai-problemi\/purify-pond\/","name":"Purify Pond - Aquaforest","isPartOf":{"@id":"https:\/\/aquaforest.eu\/it\/#website"},"primaryImageOfPage":{"@id":"https:\/\/aquaforest.eu\/it\/products\/pond\/soluzioni-ai-problemi\/purify-pond\/#primaryimage"},"image":{"@id":"https:\/\/aquaforest.eu\/it\/products\/pond\/soluzioni-ai-problemi\/purify-pond\/#primaryimage"},"thumbnailUrl":"https:\/\/aquaforest.eu\/wp-content\/uploads\/2026\/03\/Purify-Pond-500ml-scaled.png","datePublished":"2026-03-30T12:32:53+00:00","dateModified":"2026-03-31T12:36:19+00:00","breadcrumb":{"@id":"https:\/\/aquaforest.eu\/it\/products\/pond\/soluzioni-ai-problemi\/purify-pond\/#breadcrumb"},"inLanguage":"it-IT","potentialAction":[{"@type":"ReadAction","target":["https:\/\/aquaforest.eu\/it\/products\/pond\/soluzioni-ai-problemi\/purify-pond\/"]}]},{"@type":"ImageObject","inLanguage":"it-IT","@id":"https:\/\/aquaforest.eu\/it\/products\/pond\/soluzioni-ai-problemi\/purify-pond\/#primaryimage","url":"https:\/\/aquaforest.eu\/wp-content\/uploads\/2026\/03\/Purify-Pond-500ml-scaled.png","contentUrl":"https:\/\/aquaforest.eu\/wp-content\/uploads\/2026\/03\/Purify-Pond-500ml-scaled.png","width":1920,"height":2560},{"@type":"BreadcrumbList","@id":"https:\/\/aquaforest.eu\/it\/products\/pond\/soluzioni-ai-problemi\/purify-pond\/#breadcrumb","itemListElement":[{"@type":"ListItem","position":1,"name":"Home","item":"https:\/\/aquaforest.eu\/it\/"},{"@type":"ListItem","position":2,"name":"Prodotti","item":"https:\/\/aquaforest.eu\/it\/products\/"},{"@type":"ListItem","position":3,"name":"Purify Pond"}]},{"@type":"WebSite","@id":"https:\/\/aquaforest.eu\/it\/#website","url":"https:\/\/aquaforest.eu\/it\/","name":"Aquaforest","description":"","publisher":{"@id":"https:\/\/aquaforest.eu\/it\/#organization"},"potentialAction":[{"@type":"SearchAction","target":{"@type":"EntryPoint","urlTemplate":"https:\/\/aquaforest.eu\/it\/?s={search_term_string}"},"query-input":{"@type":"PropertyValueSpecification","valueRequired":true,"valueName":"search_term_string"}}],"inLanguage":"it-IT"},{"@type":"Organization","@id":"https:\/\/aquaforest.eu\/it\/#organization","name":"Aquaforest","url":"https:\/\/aquaforest.eu\/it\/","logo":{"@type":"ImageObject","inLanguage":"it-IT","@id":"https:\/\/aquaforest.eu\/it\/#\/schema\/logo\/image\/","url":"https:\/\/aquaforest.eu\/wp-content\/uploads\/2024\/05\/logotyp-aquaforest.svg","contentUrl":"https:\/\/aquaforest.eu\/wp-content\/uploads\/2024\/05\/logotyp-aquaforest.svg","width":170,"height":22,"caption":"Aquaforest"},"image":{"@id":"https:\/\/aquaforest.eu\/it\/#\/schema\/logo\/image\/"},"sameAs":["https:\/\/www.facebook.com\/Aquaforest\/","https:\/\/www.instagram.com\/aquaforest.eu\/"]}]}},"_links":{"self":[{"href":"https:\/\/aquaforest.eu\/it\/wp-json\/wp\/v2\/product\/29637","targetHints":{"allow":["GET"]}}],"collection":[{"href":"https:\/\/aquaforest.eu\/it\/wp-json\/wp\/v2\/product"}],"about":[{"href":"https:\/\/aquaforest.eu\/it\/wp-json\/wp\/v2\/types\/product"}],"version-history":[{"count":3,"href":"https:\/\/aquaforest.eu\/it\/wp-json\/wp\/v2\/product\/29637\/revisions"}],"predecessor-version":[{"id":30036,"href":"https:\/\/aquaforest.eu\/it\/wp-json\/wp\/v2\/product\/29637\/revisions\/30036"}],"wp:featuredmedia":[{"embeddable":true,"href":"https:\/\/aquaforest.eu\/it\/wp-json\/wp\/v2\/media\/29303"}],"wp:attachment":[{"href":"https:\/\/aquaforest.eu\/it\/wp-json\/wp\/v2\/media?parent=29637"}],"wp:term":[{"taxonomy":"product_brand","embeddable":true,"href":"https:\/\/aquaforest.eu\/it\/wp-json\/wp\/v2\/product_brand?post=29637"},{"taxonomy":"product_cat","embeddable":true,"href":"https:\/\/aquaforest.eu\/it\/wp-json\/wp\/v2\/product_cat?post=29637"},{"taxonomy":"product_tag","embeddable":true,"href":"https:\/\/aquaforest.eu\/it\/wp-json\/wp\/v2\/product_tag?post=29637"}],"curies":[{"name":"wp","href":"https:\/\/api.w.org\/{rel}","templated":true}]}}