{"id":29824,"date":"2026-04-07T13:01:55","date_gmt":"2026-04-07T11:01:55","guid":{"rendered":"https:\/\/aquaforest.eu\/?post_type=product&#038;p=29824"},"modified":"2026-04-07T13:01:56","modified_gmt":"2026-04-07T11:01:56","slug":"new-chromium","status":"publish","type":"product","link":"https:\/\/aquaforest.eu\/it\/products\/lab\/microelements\/new-chromium\/","title":{"rendered":"NEW Chromium"},"content":{"rendered":"<p>Integratore contenente cromo concentrato. \u00c8 un composto naturale dell\u2019acqua marina. In un sistema chiuso di acquario viene rapidamente consumato dagli organismi marini, quindi dovrebbe essere regolarmente integrato. Per mantenere parametri stabili, la concentrazione di cromo dovrebbe essere monitorata sistematicamente.<\/p>\n<p>&nbsp;<\/p>\n<hr \/>\n<p>&nbsp;<\/p>\n<p><strong>Dosaggio<\/strong><\/p>\n<p>Integratore contenente cromo concentrato. 1 ml di prodotto aumenta il livello di cromo di 0.001 mg\/l (ppm) in 100 litri di acqua. I livelli consigliati di\u00a0 cromo in acquario sono di 0.0001 \u2013 0.0004 mg\/l (ppm). Si ricorda che la dose massima sicura giornaliera \u00e8 1 ml per 100 litri d\u2019acqua. Se \u00e8 necessaria una dose pi\u00f9 alta, suddividerla in pi\u00f9 giorni. Il dosaggio dovrebbe basarsi sul consumo di microelementi. Nota che ogni acquario \u00e8 diverso e il dosaggio finale dipende dalla popolazione di coralli e dalle esigenze individuali dell\u2019acquario. Sia la carenza che l\u2019eccesso di micronutrienti influenzeranno gli abitanti dell\u2019acquario, pertanto il dosaggio dovrebbe essere scelto e modificato sulla base di regolari test dell\u2019acqua Aquaforest Lab.<\/p>\n","protected":false},"excerpt":{"rendered":"<p>Integratore preciso di cromo. Composto naturale dell\u2019acqua marina. Viene rapidamente consumato dagli organismi marini, quindi dovrebbe essere regolarmente integrato.<\/p>\n","protected":false},"featured_media":29726,"template":"","meta":{"_acf_changed":false,"content-type":""},"product_brand":[],"product_cat":[1930,1916],"product_tag":[],"class_list":{"0":"post-29824","1":"product","2":"type-product","3":"status-publish","4":"has-post-thumbnail","6":"product_cat-lab","7":"product_cat-microelements","9":"first","10":"instock","11":"taxable","12":"shipping-taxable","13":"purchasable","14":"product-type-simple"},"acf":[],"yoast_head":"<!-- This site is optimized with the Yoast SEO plugin v27.1.1 - https:\/\/yoast.com\/product\/yoast-seo-wordpress\/ -->\n<title>NEW Chromium - Aquaforest<\/title>\n<meta name=\"robots\" content=\"index, follow, max-snippet:-1, max-image-preview:large, max-video-preview:-1\" \/>\n<link rel=\"canonical\" href=\"https:\/\/aquaforest.eu\/it\/products\/lab\/microelements\/new-chromium\/\" \/>\n<meta property=\"og:locale\" content=\"it_IT\" \/>\n<meta property=\"og:type\" content=\"article\" \/>\n<meta property=\"og:title\" content=\"NEW Chromium - Aquaforest\" \/>\n<meta property=\"og:description\" content=\"Integratore preciso di cromo. Composto naturale dell\u2019acqua marina. Viene rapidamente consumato dagli organismi marini, quindi dovrebbe essere regolarmente integrato.\" \/>\n<meta property=\"og:url\" content=\"https:\/\/aquaforest.eu\/it\/products\/lab\/microelements\/new-chromium\/\" \/>\n<meta property=\"og:site_name\" content=\"Aquaforest\" \/>\n<meta property=\"article:publisher\" content=\"https:\/\/www.facebook.com\/Aquaforest\/\" \/>\n<meta property=\"article:modified_time\" content=\"2026-04-07T11:01:56+00:00\" \/>\n<meta property=\"og:image\" content=\"https:\/\/aquaforest.eu\/wp-content\/uploads\/2026\/03\/chromium-200.png\" \/>\n\t<meta property=\"og:image:width\" content=\"269\" \/>\n\t<meta property=\"og:image:height\" content=\"600\" \/>\n\t<meta property=\"og:image:type\" content=\"image\/png\" \/>\n<meta name=\"twitter:card\" content=\"summary_large_image\" \/>\n<meta name=\"twitter:label1\" content=\"Tempo di lettura stimato\" \/>\n\t<meta name=\"twitter:data1\" content=\"1 minuto\" \/>\n<script type=\"application\/ld+json\" class=\"yoast-schema-graph\">{\"@context\":\"https:\/\/schema.org\",\"@graph\":[{\"@type\":\"WebPage\",\"@id\":\"https:\/\/aquaforest.eu\/it\/products\/lab\/microelements\/new-chromium\/\",\"url\":\"https:\/\/aquaforest.eu\/it\/products\/lab\/microelements\/new-chromium\/\",\"name\":\"NEW Chromium - Aquaforest\",\"isPartOf\":{\"@id\":\"https:\/\/aquaforest.eu\/it\/#website\"},\"primaryImageOfPage\":{\"@id\":\"https:\/\/aquaforest.eu\/it\/products\/lab\/microelements\/new-chromium\/#primaryimage\"},\"image\":{\"@id\":\"https:\/\/aquaforest.eu\/it\/products\/lab\/microelements\/new-chromium\/#primaryimage\"},\"thumbnailUrl\":\"https:\/\/aquaforest.eu\/wp-content\/uploads\/2026\/03\/chromium-200.png\",\"datePublished\":\"2026-04-07T11:01:55+00:00\",\"dateModified\":\"2026-04-07T11:01:56+00:00\",\"breadcrumb\":{\"@id\":\"https:\/\/aquaforest.eu\/it\/products\/lab\/microelements\/new-chromium\/#breadcrumb\"},\"inLanguage\":\"it-IT\",\"potentialAction\":[{\"@type\":\"ReadAction\",\"target\":[\"https:\/\/aquaforest.eu\/it\/products\/lab\/microelements\/new-chromium\/\"]}]},{\"@type\":\"ImageObject\",\"inLanguage\":\"it-IT\",\"@id\":\"https:\/\/aquaforest.eu\/it\/products\/lab\/microelements\/new-chromium\/#primaryimage\",\"url\":\"https:\/\/aquaforest.eu\/wp-content\/uploads\/2026\/03\/chromium-200.png\",\"contentUrl\":\"https:\/\/aquaforest.eu\/wp-content\/uploads\/2026\/03\/chromium-200.png\",\"width\":269,\"height\":600},{\"@type\":\"BreadcrumbList\",\"@id\":\"https:\/\/aquaforest.eu\/it\/products\/lab\/microelements\/new-chromium\/#breadcrumb\",\"itemListElement\":[{\"@type\":\"ListItem\",\"position\":1,\"name\":\"Home\",\"item\":\"https:\/\/aquaforest.eu\/it\/\"},{\"@type\":\"ListItem\",\"position\":2,\"name\":\"Prodotti\",\"item\":\"https:\/\/aquaforest.eu\/it\/products\/\"},{\"@type\":\"ListItem\",\"position\":3,\"name\":\"NEW Chromium\"}]},{\"@type\":\"WebSite\",\"@id\":\"https:\/\/aquaforest.eu\/it\/#website\",\"url\":\"https:\/\/aquaforest.eu\/it\/\",\"name\":\"Aquaforest\",\"description\":\"\",\"publisher\":{\"@id\":\"https:\/\/aquaforest.eu\/it\/#organization\"},\"potentialAction\":[{\"@type\":\"SearchAction\",\"target\":{\"@type\":\"EntryPoint\",\"urlTemplate\":\"https:\/\/aquaforest.eu\/it\/?s={search_term_string}\"},\"query-input\":{\"@type\":\"PropertyValueSpecification\",\"valueRequired\":true,\"valueName\":\"search_term_string\"}}],\"inLanguage\":\"it-IT\"},{\"@type\":\"Organization\",\"@id\":\"https:\/\/aquaforest.eu\/it\/#organization\",\"name\":\"Aquaforest\",\"url\":\"https:\/\/aquaforest.eu\/it\/\",\"logo\":{\"@type\":\"ImageObject\",\"inLanguage\":\"it-IT\",\"@id\":\"https:\/\/aquaforest.eu\/it\/#\/schema\/logo\/image\/\",\"url\":\"https:\/\/aquaforest.eu\/wp-content\/uploads\/2024\/05\/logotyp-aquaforest.svg\",\"contentUrl\":\"https:\/\/aquaforest.eu\/wp-content\/uploads\/2024\/05\/logotyp-aquaforest.svg\",\"width\":170,\"height\":22,\"caption\":\"Aquaforest\"},\"image\":{\"@id\":\"https:\/\/aquaforest.eu\/it\/#\/schema\/logo\/image\/\"},\"sameAs\":[\"https:\/\/www.facebook.com\/Aquaforest\/\",\"https:\/\/www.instagram.com\/aquaforest.eu\/\"]}]}<\/script>\n<!-- \/ Yoast SEO plugin. -->","yoast_head_json":{"title":"NEW Chromium - Aquaforest","robots":{"index":"index","follow":"follow","max-snippet":"max-snippet:-1","max-image-preview":"max-image-preview:large","max-video-preview":"max-video-preview:-1"},"canonical":"https:\/\/aquaforest.eu\/it\/products\/lab\/microelements\/new-chromium\/","og_locale":"it_IT","og_type":"article","og_title":"NEW Chromium - Aquaforest","og_description":"Integratore preciso di cromo. Composto naturale dell\u2019acqua marina. Viene rapidamente consumato dagli organismi marini, quindi dovrebbe essere regolarmente integrato.","og_url":"https:\/\/aquaforest.eu\/it\/products\/lab\/microelements\/new-chromium\/","og_site_name":"Aquaforest","article_publisher":"https:\/\/www.facebook.com\/Aquaforest\/","article_modified_time":"2026-04-07T11:01:56+00:00","og_image":[{"width":269,"height":600,"url":"https:\/\/aquaforest.eu\/wp-content\/uploads\/2026\/03\/chromium-200.png","type":"image\/png"}],"twitter_card":"summary_large_image","twitter_misc":{"Tempo di lettura stimato":"1 minuto"},"schema":{"@context":"https:\/\/schema.org","@graph":[{"@type":"WebPage","@id":"https:\/\/aquaforest.eu\/it\/products\/lab\/microelements\/new-chromium\/","url":"https:\/\/aquaforest.eu\/it\/products\/lab\/microelements\/new-chromium\/","name":"NEW Chromium - Aquaforest","isPartOf":{"@id":"https:\/\/aquaforest.eu\/it\/#website"},"primaryImageOfPage":{"@id":"https:\/\/aquaforest.eu\/it\/products\/lab\/microelements\/new-chromium\/#primaryimage"},"image":{"@id":"https:\/\/aquaforest.eu\/it\/products\/lab\/microelements\/new-chromium\/#primaryimage"},"thumbnailUrl":"https:\/\/aquaforest.eu\/wp-content\/uploads\/2026\/03\/chromium-200.png","datePublished":"2026-04-07T11:01:55+00:00","dateModified":"2026-04-07T11:01:56+00:00","breadcrumb":{"@id":"https:\/\/aquaforest.eu\/it\/products\/lab\/microelements\/new-chromium\/#breadcrumb"},"inLanguage":"it-IT","potentialAction":[{"@type":"ReadAction","target":["https:\/\/aquaforest.eu\/it\/products\/lab\/microelements\/new-chromium\/"]}]},{"@type":"ImageObject","inLanguage":"it-IT","@id":"https:\/\/aquaforest.eu\/it\/products\/lab\/microelements\/new-chromium\/#primaryimage","url":"https:\/\/aquaforest.eu\/wp-content\/uploads\/2026\/03\/chromium-200.png","contentUrl":"https:\/\/aquaforest.eu\/wp-content\/uploads\/2026\/03\/chromium-200.png","width":269,"height":600},{"@type":"BreadcrumbList","@id":"https:\/\/aquaforest.eu\/it\/products\/lab\/microelements\/new-chromium\/#breadcrumb","itemListElement":[{"@type":"ListItem","position":1,"name":"Home","item":"https:\/\/aquaforest.eu\/it\/"},{"@type":"ListItem","position":2,"name":"Prodotti","item":"https:\/\/aquaforest.eu\/it\/products\/"},{"@type":"ListItem","position":3,"name":"NEW Chromium"}]},{"@type":"WebSite","@id":"https:\/\/aquaforest.eu\/it\/#website","url":"https:\/\/aquaforest.eu\/it\/","name":"Aquaforest","description":"","publisher":{"@id":"https:\/\/aquaforest.eu\/it\/#organization"},"potentialAction":[{"@type":"SearchAction","target":{"@type":"EntryPoint","urlTemplate":"https:\/\/aquaforest.eu\/it\/?s={search_term_string}"},"query-input":{"@type":"PropertyValueSpecification","valueRequired":true,"valueName":"search_term_string"}}],"inLanguage":"it-IT"},{"@type":"Organization","@id":"https:\/\/aquaforest.eu\/it\/#organization","name":"Aquaforest","url":"https:\/\/aquaforest.eu\/it\/","logo":{"@type":"ImageObject","inLanguage":"it-IT","@id":"https:\/\/aquaforest.eu\/it\/#\/schema\/logo\/image\/","url":"https:\/\/aquaforest.eu\/wp-content\/uploads\/2024\/05\/logotyp-aquaforest.svg","contentUrl":"https:\/\/aquaforest.eu\/wp-content\/uploads\/2024\/05\/logotyp-aquaforest.svg","width":170,"height":22,"caption":"Aquaforest"},"image":{"@id":"https:\/\/aquaforest.eu\/it\/#\/schema\/logo\/image\/"},"sameAs":["https:\/\/www.facebook.com\/Aquaforest\/","https:\/\/www.instagram.com\/aquaforest.eu\/"]}]}},"_links":{"self":[{"href":"https:\/\/aquaforest.eu\/it\/wp-json\/wp\/v2\/product\/29824","targetHints":{"allow":["GET"]}}],"collection":[{"href":"https:\/\/aquaforest.eu\/it\/wp-json\/wp\/v2\/product"}],"about":[{"href":"https:\/\/aquaforest.eu\/it\/wp-json\/wp\/v2\/types\/product"}],"version-history":[{"count":2,"href":"https:\/\/aquaforest.eu\/it\/wp-json\/wp\/v2\/product\/29824\/revisions"}],"predecessor-version":[{"id":29832,"href":"https:\/\/aquaforest.eu\/it\/wp-json\/wp\/v2\/product\/29824\/revisions\/29832"}],"wp:featuredmedia":[{"embeddable":true,"href":"https:\/\/aquaforest.eu\/it\/wp-json\/wp\/v2\/media\/29726"}],"wp:attachment":[{"href":"https:\/\/aquaforest.eu\/it\/wp-json\/wp\/v2\/media?parent=29824"}],"wp:term":[{"taxonomy":"product_brand","embeddable":true,"href":"https:\/\/aquaforest.eu\/it\/wp-json\/wp\/v2\/product_brand?post=29824"},{"taxonomy":"product_cat","embeddable":true,"href":"https:\/\/aquaforest.eu\/it\/wp-json\/wp\/v2\/product_cat?post=29824"},{"taxonomy":"product_tag","embeddable":true,"href":"https:\/\/aquaforest.eu\/it\/wp-json\/wp\/v2\/product_tag?post=29824"}],"curies":[{"name":"wp","href":"https:\/\/api.w.org\/{rel}","templated":true}]}}