{"id":11139,"date":"2024-06-27T03:22:55","date_gmt":"2024-06-27T01:22:55","guid":{"rendered":"https:\/\/aquaforest.eu\/products\/bez-kategorii\/af-amino-mix\/"},"modified":"2024-10-24T13:14:09","modified_gmt":"2024-10-24T11:14:09","slug":"af-amino-mix","status":"publish","type":"product","link":"https:\/\/aquaforest.eu\/pl\/produkty\/seawater\/pokarmy-i-suplementacja\/af-amino-mix\/","title":{"rendered":"AF Amino Mix"},"content":{"rendered":"<h4 class=\"fusion-responsive-typography-calculated\" data-fontsize=\"22\" data-lineheight=\"27.5px\"><span style=\"color: #000000;\">Aminokwasy dla koralowc\u00f3w<\/span><\/h4>\n<p><span style=\"color: #000000;\">Suplement zawieraj\u0105cy skoncentrowane aminokwasy niezb\u0119dne koralowcom do prawid\u0142owego rozwoju.<\/span><br \/>\n<span style=\"color: #000000;\">Stosowanie silnych odpieniaczy bia\u0142ek w akwariach morskich bardzo cz\u0119sto prowadzi do niedobor\u00f3w aminokwas\u00f3w i wyja\u0142owienia z nich wody. Niska zawarto\u015b\u0107 substancji od\u017cywczych prowadzi do zmniejszenia wybarwienia, a nawet bielenia koralowc\u00f3w.<\/span><\/p>\n<p>&nbsp;<\/p>\n<hr \/>\n<h4 data-fontsize=\"22\" data-lineheight=\"27.5px\"><\/h4>\n<h4 class=\"fusion-responsive-typography-calculated\" data-fontsize=\"22\" data-lineheight=\"27.5px\"><span style=\"color: #000000;\">Zapobiegaj bieleniu koralowc\u00f3w \u2013 <span style=\"font-size: 16px;\">unikalna mieszanka aminokwas\u00f3w<\/span><\/span><\/h4>\n<p><span style=\"color: #000000;\">AF Amino Mix uzupe\u0142nia wod\u0119 we wszystkie niezb\u0119dne aminokwasy, dzi\u0119ki czemu zapobiega bieleniu koralowc\u00f3w i podkre\u015bla intensywno\u015b\u0107 ich barw. Unikalna kompozycja AF Amino Mix zawiera m.in. biotyn\u0119, alanin\u0119, glutamin\u0119, leucyn\u0119, lizyn\u0119 i seryn\u0119. Odpowiednio dobrany zestaw aminokwas\u00f3w zwi\u0119ksza ilo\u015b\u0107 zooksantelli i wspomaga produkcj\u0119 barwnik\u00f3w fotosyntetycznych m.in. chlorofilu. Wp\u0142ywa to pozytywnie nie tylko na wybarwienie korali, ale tak\u017ce podnosi jako\u015b\u0107 procesu fotosyntezy. Czerpi\u0105ce ze \u015bwiat\u0142a wi\u0119cej energii koralowce pozostaj\u0105 w \u015bwietnej kondycji i rosn\u0105 szybciej. Regularne stosowanie preparatu poprawia odporno\u015b\u0107 i zauwa\u017calnie przyspiesza wzrost koralowc\u00f3w.<\/span><\/p>\n<p>&nbsp;<\/p>\n<hr \/>\n<h4 data-fontsize=\"22\" data-lineheight=\"27.5px\"><\/h4>\n<h4 class=\"fusion-responsive-typography-calculated\" data-fontsize=\"22\" data-lineheight=\"27.5px\"><span style=\"color: #000000;\">Popraw wybarwienie i wzrost koralowc\u00f3w z AF Amino Mix<\/span><\/h4>\n<p><span style=\"color: #000000;\"><strong>Dozowanie<\/strong>: 1 kropla na 100 l (27 US gal) wody co drugi dzie\u0144 po zgaszeniu o\u015bwietlenia. Nie rozcie\u0144cza\u0107. Nie miesza\u0107 razem z innymi produktami w jednym pojemniku. Produkt mo\u017ce by\u0107 podawany za pomoc\u0105 pompy dozuj\u0105cej pod warunkiem, \u017ce dozuje ona kroplami. Po otwarciu przechowywa\u0107 w lod\u00f3wce, je\u017celi temperatura przekracza 24\u00b0C.<\/span><\/p>\n<p>&nbsp;<\/p>\n<hr \/>\n<p><span style=\"color: #000000;\"><strong>Warto wiedzie\u0107<\/strong>: Wszystkie suplementy dla koralowc\u00f3w maj\u0105 zalecane dawkowanie 1 kropla na 100 l wody, nale\u017cy jednak pami\u0119ta\u0107, \u017ce ka\u017cde akwarium jest inne i dawkowanie r\u00f3wnie\u017c mo\u017ce by\u0107 inne w zale\u017cno\u015bci od obsady koralowc\u00f3w. Zalecamy rozpocz\u0119cie stosowania suplement\u00f3w i pokarm\u00f3w od po\u0142owy dawki (nawet 1\/4) oraz obserwacj\u0119 koralowc\u00f3w i ich reakcji na podawany pokarm. W momencie, kiedy koralowce b\u0119d\u0105 dobrze reagowa\u0107, a w akwarium nie b\u0119dzie wida\u0107 oznak przedawkowania, zalecamy zwi\u0119kszanie dawki do dawki docelowej. Koralowce takie jak Zoanthusy, Ricordee i inne grzybowie\u0144ce nale\u017cy karmi\u0107 w ci\u0105gu dnia. Aby u\u0142atwi\u0107 pobieranie podanego pokarmu, koralowce SPS i LPS zalecamy karmi\u0107 noc\u0105 i przy zgaszonym \u015bwietle. W celu zapewnienia najwy\u017cszej przyswajalno\u015bci wszystkie suplementy i pokarmy dla koralowc\u00f3w nale\u017cy dozowa\u0107 bezpo\u015brednio do akwarium, a w porze karmienia zalecamy wy\u0142\u0105czy\u0107 odpieniacz na oko\u0142o godzin\u0119. Nakr\u0119tek nie nale\u017cy dokr\u0119ca\u0107 zbyt mocno, mo\u017ce to skutkowa\u0107 p\u0119kni\u0119ciem lub uszkodzeniem opakowania.<\/span><\/p>\n","protected":false},"excerpt":{"rendered":"<p>Kompleksowy suplement aminokwasowy. Zapobiega bieleniu koralowc\u00f3w i wzmacnia ich kolory.<\/p>\n","protected":false},"featured_media":11127,"template":"","meta":{"_acf_changed":false,"content-type":""},"product_brand":[],"product_cat":[1151],"product_tag":[967,1569,1568,1422],"class_list":{"0":"post-11139","1":"product","2":"type-product","3":"status-publish","4":"has-post-thumbnail","6":"product_cat-pokarmy-i-suplementacja","7":"product_tag-aquaforest-pl","8":"product_tag-foods-and-supplementation-pl","9":"product_tag-seawater-aquatic-pl","10":"product_tag-variable-pl","12":"first","13":"instock","14":"taxable","15":"shipping-taxable","16":"product-type-variable","17":"has-default-attributes"},"acf":[],"yoast_head":"<!-- This site is optimized with the Yoast SEO plugin v27.1.1 - https:\/\/yoast.com\/product\/yoast-seo-wordpress\/ -->\n<title>AF Amino Mix - Aquaforest<\/title>\n<meta name=\"description\" content=\"AF Amino Mix: Kompleksowy suplement aminokwasowy wspomagaj\u0105cy wzrost i wybarwienie koralowc\u00f3w.\" \/>\n<meta name=\"robots\" content=\"index, follow, max-snippet:-1, max-image-preview:large, max-video-preview:-1\" \/>\n<link rel=\"canonical\" href=\"https:\/\/aquaforest.eu\/pl\/produkty\/seawater\/pokarmy-i-suplementacja\/af-amino-mix\/\" \/>\n<meta property=\"og:locale\" content=\"pl_PL\" \/>\n<meta property=\"og:type\" content=\"article\" \/>\n<meta property=\"og:title\" content=\"AF Amino Mix - Aquaforest\" \/>\n<meta property=\"og:description\" content=\"AF Amino Mix: Kompleksowy suplement aminokwasowy wspomagaj\u0105cy wzrost i wybarwienie koralowc\u00f3w.\" \/>\n<meta property=\"og:url\" content=\"https:\/\/aquaforest.eu\/pl\/produkty\/seawater\/pokarmy-i-suplementacja\/af-amino-mix\/\" \/>\n<meta property=\"og:site_name\" content=\"Aquaforest\" \/>\n<meta property=\"article:publisher\" content=\"https:\/\/www.facebook.com\/Aquaforest\/\" \/>\n<meta property=\"article:modified_time\" content=\"2024-10-24T11:14:09+00:00\" \/>\n<meta property=\"og:image\" content=\"https:\/\/aquaforest.eu\/wp-content\/uploads\/2024\/06\/AF-Amino-Mix-10-ml.png\" \/>\n\t<meta property=\"og:image:width\" content=\"277\" \/>\n\t<meta property=\"og:image:height\" content=\"600\" \/>\n\t<meta property=\"og:image:type\" content=\"image\/png\" \/>\n<meta name=\"twitter:card\" content=\"summary_large_image\" \/>\n<meta name=\"twitter:label1\" content=\"Szacowany czas czytania\" \/>\n\t<meta name=\"twitter:data1\" content=\"2 minuty\" \/>\n<script type=\"application\/ld+json\" class=\"yoast-schema-graph\">{\"@context\":\"https:\/\/schema.org\",\"@graph\":[{\"@type\":\"WebPage\",\"@id\":\"https:\/\/aquaforest.eu\/pl\/produkty\/seawater\/pokarmy-i-suplementacja\/af-amino-mix\/\",\"url\":\"https:\/\/aquaforest.eu\/pl\/produkty\/seawater\/pokarmy-i-suplementacja\/af-amino-mix\/\",\"name\":\"AF Amino Mix - Aquaforest\",\"isPartOf\":{\"@id\":\"https:\/\/aquaforest.eu\/pl\/#website\"},\"primaryImageOfPage\":{\"@id\":\"https:\/\/aquaforest.eu\/pl\/produkty\/seawater\/pokarmy-i-suplementacja\/af-amino-mix\/#primaryimage\"},\"image\":{\"@id\":\"https:\/\/aquaforest.eu\/pl\/produkty\/seawater\/pokarmy-i-suplementacja\/af-amino-mix\/#primaryimage\"},\"thumbnailUrl\":\"https:\/\/aquaforest.eu\/wp-content\/uploads\/2024\/06\/AF-Amino-Mix-10-ml.png\",\"datePublished\":\"2024-06-27T01:22:55+00:00\",\"dateModified\":\"2024-10-24T11:14:09+00:00\",\"description\":\"AF Amino Mix: Kompleksowy suplement aminokwasowy wspomagaj\u0105cy wzrost i wybarwienie koralowc\u00f3w.\",\"breadcrumb\":{\"@id\":\"https:\/\/aquaforest.eu\/pl\/produkty\/seawater\/pokarmy-i-suplementacja\/af-amino-mix\/#breadcrumb\"},\"inLanguage\":\"pl-PL\",\"potentialAction\":[{\"@type\":\"ReadAction\",\"target\":[\"https:\/\/aquaforest.eu\/pl\/produkty\/seawater\/pokarmy-i-suplementacja\/af-amino-mix\/\"]}]},{\"@type\":\"ImageObject\",\"inLanguage\":\"pl-PL\",\"@id\":\"https:\/\/aquaforest.eu\/pl\/produkty\/seawater\/pokarmy-i-suplementacja\/af-amino-mix\/#primaryimage\",\"url\":\"https:\/\/aquaforest.eu\/wp-content\/uploads\/2024\/06\/AF-Amino-Mix-10-ml.png\",\"contentUrl\":\"https:\/\/aquaforest.eu\/wp-content\/uploads\/2024\/06\/AF-Amino-Mix-10-ml.png\",\"width\":277,\"height\":600},{\"@type\":\"BreadcrumbList\",\"@id\":\"https:\/\/aquaforest.eu\/pl\/produkty\/seawater\/pokarmy-i-suplementacja\/af-amino-mix\/#breadcrumb\",\"itemListElement\":[{\"@type\":\"ListItem\",\"position\":1,\"name\":\"Home\",\"item\":\"https:\/\/aquaforest.eu\/pl\/\"},{\"@type\":\"ListItem\",\"position\":2,\"name\":\"Produkty\",\"item\":\"https:\/\/aquaforest.eu\/pl\/produkty\/\"},{\"@type\":\"ListItem\",\"position\":3,\"name\":\"AF Amino Mix\"}]},{\"@type\":\"WebSite\",\"@id\":\"https:\/\/aquaforest.eu\/pl\/#website\",\"url\":\"https:\/\/aquaforest.eu\/pl\/\",\"name\":\"Aquaforest\",\"description\":\"\",\"publisher\":{\"@id\":\"https:\/\/aquaforest.eu\/pl\/#organization\"},\"potentialAction\":[{\"@type\":\"SearchAction\",\"target\":{\"@type\":\"EntryPoint\",\"urlTemplate\":\"https:\/\/aquaforest.eu\/pl\/?s={search_term_string}\"},\"query-input\":{\"@type\":\"PropertyValueSpecification\",\"valueRequired\":true,\"valueName\":\"search_term_string\"}}],\"inLanguage\":\"pl-PL\"},{\"@type\":\"Organization\",\"@id\":\"https:\/\/aquaforest.eu\/pl\/#organization\",\"name\":\"Aquaforest\",\"url\":\"https:\/\/aquaforest.eu\/pl\/\",\"logo\":{\"@type\":\"ImageObject\",\"inLanguage\":\"pl-PL\",\"@id\":\"https:\/\/aquaforest.eu\/pl\/#\/schema\/logo\/image\/\",\"url\":\"https:\/\/aquaforest.eu\/wp-content\/uploads\/2024\/05\/logotyp-aquaforest.svg\",\"contentUrl\":\"https:\/\/aquaforest.eu\/wp-content\/uploads\/2024\/05\/logotyp-aquaforest.svg\",\"width\":170,\"height\":22,\"caption\":\"Aquaforest\"},\"image\":{\"@id\":\"https:\/\/aquaforest.eu\/pl\/#\/schema\/logo\/image\/\"},\"sameAs\":[\"https:\/\/www.facebook.com\/Aquaforest\/\",\"https:\/\/www.instagram.com\/aquaforest.eu\/\"]}]}<\/script>\n<!-- \/ Yoast SEO plugin. -->","yoast_head_json":{"title":"AF Amino Mix - Aquaforest","description":"AF Amino Mix: Kompleksowy suplement aminokwasowy wspomagaj\u0105cy wzrost i wybarwienie koralowc\u00f3w.","robots":{"index":"index","follow":"follow","max-snippet":"max-snippet:-1","max-image-preview":"max-image-preview:large","max-video-preview":"max-video-preview:-1"},"canonical":"https:\/\/aquaforest.eu\/pl\/produkty\/seawater\/pokarmy-i-suplementacja\/af-amino-mix\/","og_locale":"pl_PL","og_type":"article","og_title":"AF Amino Mix - Aquaforest","og_description":"AF Amino Mix: Kompleksowy suplement aminokwasowy wspomagaj\u0105cy wzrost i wybarwienie koralowc\u00f3w.","og_url":"https:\/\/aquaforest.eu\/pl\/produkty\/seawater\/pokarmy-i-suplementacja\/af-amino-mix\/","og_site_name":"Aquaforest","article_publisher":"https:\/\/www.facebook.com\/Aquaforest\/","article_modified_time":"2024-10-24T11:14:09+00:00","og_image":[{"width":277,"height":600,"url":"https:\/\/aquaforest.eu\/wp-content\/uploads\/2024\/06\/AF-Amino-Mix-10-ml.png","type":"image\/png"}],"twitter_card":"summary_large_image","twitter_misc":{"Szacowany czas czytania":"2 minuty"},"schema":{"@context":"https:\/\/schema.org","@graph":[{"@type":"WebPage","@id":"https:\/\/aquaforest.eu\/pl\/produkty\/seawater\/pokarmy-i-suplementacja\/af-amino-mix\/","url":"https:\/\/aquaforest.eu\/pl\/produkty\/seawater\/pokarmy-i-suplementacja\/af-amino-mix\/","name":"AF Amino Mix - Aquaforest","isPartOf":{"@id":"https:\/\/aquaforest.eu\/pl\/#website"},"primaryImageOfPage":{"@id":"https:\/\/aquaforest.eu\/pl\/produkty\/seawater\/pokarmy-i-suplementacja\/af-amino-mix\/#primaryimage"},"image":{"@id":"https:\/\/aquaforest.eu\/pl\/produkty\/seawater\/pokarmy-i-suplementacja\/af-amino-mix\/#primaryimage"},"thumbnailUrl":"https:\/\/aquaforest.eu\/wp-content\/uploads\/2024\/06\/AF-Amino-Mix-10-ml.png","datePublished":"2024-06-27T01:22:55+00:00","dateModified":"2024-10-24T11:14:09+00:00","description":"AF Amino Mix: Kompleksowy suplement aminokwasowy wspomagaj\u0105cy wzrost i wybarwienie koralowc\u00f3w.","breadcrumb":{"@id":"https:\/\/aquaforest.eu\/pl\/produkty\/seawater\/pokarmy-i-suplementacja\/af-amino-mix\/#breadcrumb"},"inLanguage":"pl-PL","potentialAction":[{"@type":"ReadAction","target":["https:\/\/aquaforest.eu\/pl\/produkty\/seawater\/pokarmy-i-suplementacja\/af-amino-mix\/"]}]},{"@type":"ImageObject","inLanguage":"pl-PL","@id":"https:\/\/aquaforest.eu\/pl\/produkty\/seawater\/pokarmy-i-suplementacja\/af-amino-mix\/#primaryimage","url":"https:\/\/aquaforest.eu\/wp-content\/uploads\/2024\/06\/AF-Amino-Mix-10-ml.png","contentUrl":"https:\/\/aquaforest.eu\/wp-content\/uploads\/2024\/06\/AF-Amino-Mix-10-ml.png","width":277,"height":600},{"@type":"BreadcrumbList","@id":"https:\/\/aquaforest.eu\/pl\/produkty\/seawater\/pokarmy-i-suplementacja\/af-amino-mix\/#breadcrumb","itemListElement":[{"@type":"ListItem","position":1,"name":"Home","item":"https:\/\/aquaforest.eu\/pl\/"},{"@type":"ListItem","position":2,"name":"Produkty","item":"https:\/\/aquaforest.eu\/pl\/produkty\/"},{"@type":"ListItem","position":3,"name":"AF Amino Mix"}]},{"@type":"WebSite","@id":"https:\/\/aquaforest.eu\/pl\/#website","url":"https:\/\/aquaforest.eu\/pl\/","name":"Aquaforest","description":"","publisher":{"@id":"https:\/\/aquaforest.eu\/pl\/#organization"},"potentialAction":[{"@type":"SearchAction","target":{"@type":"EntryPoint","urlTemplate":"https:\/\/aquaforest.eu\/pl\/?s={search_term_string}"},"query-input":{"@type":"PropertyValueSpecification","valueRequired":true,"valueName":"search_term_string"}}],"inLanguage":"pl-PL"},{"@type":"Organization","@id":"https:\/\/aquaforest.eu\/pl\/#organization","name":"Aquaforest","url":"https:\/\/aquaforest.eu\/pl\/","logo":{"@type":"ImageObject","inLanguage":"pl-PL","@id":"https:\/\/aquaforest.eu\/pl\/#\/schema\/logo\/image\/","url":"https:\/\/aquaforest.eu\/wp-content\/uploads\/2024\/05\/logotyp-aquaforest.svg","contentUrl":"https:\/\/aquaforest.eu\/wp-content\/uploads\/2024\/05\/logotyp-aquaforest.svg","width":170,"height":22,"caption":"Aquaforest"},"image":{"@id":"https:\/\/aquaforest.eu\/pl\/#\/schema\/logo\/image\/"},"sameAs":["https:\/\/www.facebook.com\/Aquaforest\/","https:\/\/www.instagram.com\/aquaforest.eu\/"]}]}},"_links":{"self":[{"href":"https:\/\/aquaforest.eu\/pl\/wp-json\/wp\/v2\/product\/11139","targetHints":{"allow":["GET"]}}],"collection":[{"href":"https:\/\/aquaforest.eu\/pl\/wp-json\/wp\/v2\/product"}],"about":[{"href":"https:\/\/aquaforest.eu\/pl\/wp-json\/wp\/v2\/types\/product"}],"version-history":[{"count":0,"href":"https:\/\/aquaforest.eu\/pl\/wp-json\/wp\/v2\/product\/11139\/revisions"}],"wp:featuredmedia":[{"embeddable":true,"href":"https:\/\/aquaforest.eu\/pl\/wp-json\/wp\/v2\/media\/11127"}],"wp:attachment":[{"href":"https:\/\/aquaforest.eu\/pl\/wp-json\/wp\/v2\/media?parent=11139"}],"wp:term":[{"taxonomy":"product_brand","embeddable":true,"href":"https:\/\/aquaforest.eu\/pl\/wp-json\/wp\/v2\/product_brand?post=11139"},{"taxonomy":"product_cat","embeddable":true,"href":"https:\/\/aquaforest.eu\/pl\/wp-json\/wp\/v2\/product_cat?post=11139"},{"taxonomy":"product_tag","embeddable":true,"href":"https:\/\/aquaforest.eu\/pl\/wp-json\/wp\/v2\/product_tag?post=11139"}],"curies":[{"name":"wp","href":"https:\/\/api.w.org\/{rel}","templated":true}]}}