{"id":11142,"date":"2024-06-27T03:11:26","date_gmt":"2024-06-27T01:11:26","guid":{"rendered":"https:\/\/aquaforest.eu\/products\/bez-kategorii\/af-frag-rocks\/"},"modified":"2024-10-24T12:20:16","modified_gmt":"2024-10-24T10:20:16","slug":"af-frag-rocks","status":"publish","type":"product","link":"https:\/\/aquaforest.eu\/pl\/produkty\/seawater\/aquascaping\/af-frag-rocks\/","title":{"rendered":"AF Frag Rocks"},"content":{"rendered":"<p>Wysokiej jako\u015bci biologicznie neutralne podstawki stworzone z my\u015bl\u0105 o \u0142atwym szczepieniu koralowc\u00f3w. Stworzone z najwy\u017cszej jako\u015bci materia\u0142\u00f3w o wysokiej porowato\u015bci zapewniaj\u0105 szybkie osiedlanie si\u0119 po\u017cytecznych mikroorganizm\u00f3w. AF Frag Rocks tworz\u0105 sprzyjaj\u0105ce \u015brodowisko do rozwoju alg wapiennych, dzi\u0119ki czemu szybko wtapiaj\u0105 si\u0119 w krajobraz akwarium tworz\u0105c naturaln\u0105 kompozycj\u0119. Unikalne w\u0142a\u015bciwo\u015bci zastosowanych materia\u0142\u00f3w czyni\u0105 AF Frag Rocks doskona\u0142ym medium filtracyjnym, a dodatek dolomitu pomaga w stabilizacji kluczowych dla akwarium morskiego parametr\u00f3w takich jak pH i KH. Wykorzystanie naturalnych materia\u0142\u00f3w gwarantuje stworzenie idealnych warunk\u00f3w do rozwoju nowego \u017cycia, jakim s\u0105 szczepki koralowc\u00f3w. Mo\u017cna je z \u0142atwo\u015bci\u0105 ci\u0105\u0107 i \u0142\u0105czy\u0107, a tak\u017ce umie\u015bci\u0107 w dowolnym miejscu na skale lub piasku. Porowata struktura gwarantuje zwi\u0119kszenie powierzchni filtracyjnej i maksymalnie upodabnia AF Frag Rocks do naturalnej ska\u0142y. Specjalne wg\u0142\u0119bienie pozwala na zastosowanie minimalnych ilo\u015bci kleju oraz \u0142atwe osadzenie szczepki w po\u017c\u0105danym miejscu, a p\u0142aska podstawa umo\u017cliwia stabilne umieszczenie na skale b\u0105d\u017a kratce rastrowej.<\/p>\n<p>&nbsp;<\/p>\n<hr \/>\n<p>&nbsp;<\/p>\n<p><strong>Wymiary: <\/strong> \u015arednica: 43 mm Wysoko\u015b\u0107: 20-22 mm<\/p>\n","protected":false},"excerpt":{"rendered":"<p>Kamienie \u015bredniej wielko\u015bci, zapewniaj\u0105ce bezpieczne i stabilne mocowanie szczepek koralowc\u00f3w. Dost\u0119pny w trzech kolorach.<\/p>\n","protected":false},"featured_media":11184,"template":"","meta":{"_acf_changed":false,"content-type":""},"product_brand":[],"product_cat":[1150],"product_tag":[967,1098,1568,1422],"class_list":{"0":"post-11142","1":"product","2":"type-product","3":"status-publish","4":"has-post-thumbnail","6":"product_cat-aquascaping","7":"product_tag-aquaforest-pl","8":"product_tag-aquascaping-pl","9":"product_tag-seawater-aquatic-pl","10":"product_tag-variable-pl","12":"first","13":"instock","14":"taxable","15":"shipping-taxable","16":"product-type-variable","17":"has-default-attributes"},"acf":[],"yoast_head":"<!-- This site is optimized with the Yoast SEO plugin v27.1.1 - https:\/\/yoast.com\/product\/yoast-seo-wordpress\/ -->\n<title>AF Frag Rocks - Aquaforest<\/title>\n<meta name=\"description\" content=\"AF Frag Rocks firmy Aquaforest: specjalistyczne ska\u0142y do bezpiecznego i stabilnego mocowania przeszczep\u00f3w koralowc\u00f3w. Niezawodna formu\u0142a zapewniaj\u0105ca zdrowy wzrost i estetyczne aran\u017cacje.\" \/>\n<meta name=\"robots\" content=\"index, follow, max-snippet:-1, max-image-preview:large, max-video-preview:-1\" \/>\n<link rel=\"canonical\" href=\"https:\/\/aquaforest.eu\/pl\/produkty\/seawater\/aquascaping\/af-frag-rocks\/\" \/>\n<meta property=\"og:locale\" content=\"pl_PL\" \/>\n<meta property=\"og:type\" content=\"article\" \/>\n<meta property=\"og:title\" content=\"AF Frag Rocks - Aquaforest\" \/>\n<meta property=\"og:description\" content=\"AF Frag Rocks firmy Aquaforest: specjalistyczne ska\u0142y do bezpiecznego i stabilnego mocowania przeszczep\u00f3w koralowc\u00f3w. Niezawodna formu\u0142a zapewniaj\u0105ca zdrowy wzrost i estetyczne aran\u017cacje.\" \/>\n<meta property=\"og:url\" content=\"https:\/\/aquaforest.eu\/pl\/produkty\/seawater\/aquascaping\/af-frag-rocks\/\" \/>\n<meta property=\"og:site_name\" content=\"Aquaforest\" \/>\n<meta property=\"article:publisher\" content=\"https:\/\/www.facebook.com\/Aquaforest\/\" \/>\n<meta property=\"article:modified_time\" content=\"2024-10-24T10:20:16+00:00\" \/>\n<meta property=\"og:image\" content=\"https:\/\/aquaforest.eu\/wp-content\/uploads\/2024\/06\/AF_Frag-Rocks_WHITE.png\" \/>\n\t<meta property=\"og:image:width\" content=\"471\" \/>\n\t<meta property=\"og:image:height\" content=\"600\" \/>\n\t<meta property=\"og:image:type\" content=\"image\/png\" \/>\n<meta name=\"twitter:card\" content=\"summary_large_image\" \/>\n<meta name=\"twitter:label1\" content=\"Szacowany czas czytania\" \/>\n\t<meta name=\"twitter:data1\" content=\"1 minuta\" \/>\n<script type=\"application\/ld+json\" class=\"yoast-schema-graph\">{\"@context\":\"https:\/\/schema.org\",\"@graph\":[{\"@type\":\"WebPage\",\"@id\":\"https:\/\/aquaforest.eu\/pl\/produkty\/seawater\/aquascaping\/af-frag-rocks\/\",\"url\":\"https:\/\/aquaforest.eu\/pl\/produkty\/seawater\/aquascaping\/af-frag-rocks\/\",\"name\":\"AF Frag Rocks - Aquaforest\",\"isPartOf\":{\"@id\":\"https:\/\/aquaforest.eu\/pl\/#website\"},\"primaryImageOfPage\":{\"@id\":\"https:\/\/aquaforest.eu\/pl\/produkty\/seawater\/aquascaping\/af-frag-rocks\/#primaryimage\"},\"image\":{\"@id\":\"https:\/\/aquaforest.eu\/pl\/produkty\/seawater\/aquascaping\/af-frag-rocks\/#primaryimage\"},\"thumbnailUrl\":\"https:\/\/aquaforest.eu\/wp-content\/uploads\/2024\/06\/AF_Frag-Rocks_WHITE.png\",\"datePublished\":\"2024-06-27T01:11:26+00:00\",\"dateModified\":\"2024-10-24T10:20:16+00:00\",\"description\":\"AF Frag Rocks firmy Aquaforest: specjalistyczne ska\u0142y do bezpiecznego i stabilnego mocowania przeszczep\u00f3w koralowc\u00f3w. Niezawodna formu\u0142a zapewniaj\u0105ca zdrowy wzrost i estetyczne aran\u017cacje.\",\"breadcrumb\":{\"@id\":\"https:\/\/aquaforest.eu\/pl\/produkty\/seawater\/aquascaping\/af-frag-rocks\/#breadcrumb\"},\"inLanguage\":\"pl-PL\",\"potentialAction\":[{\"@type\":\"ReadAction\",\"target\":[\"https:\/\/aquaforest.eu\/pl\/produkty\/seawater\/aquascaping\/af-frag-rocks\/\"]}]},{\"@type\":\"ImageObject\",\"inLanguage\":\"pl-PL\",\"@id\":\"https:\/\/aquaforest.eu\/pl\/produkty\/seawater\/aquascaping\/af-frag-rocks\/#primaryimage\",\"url\":\"https:\/\/aquaforest.eu\/wp-content\/uploads\/2024\/06\/AF_Frag-Rocks_WHITE.png\",\"contentUrl\":\"https:\/\/aquaforest.eu\/wp-content\/uploads\/2024\/06\/AF_Frag-Rocks_WHITE.png\",\"width\":471,\"height\":600},{\"@type\":\"BreadcrumbList\",\"@id\":\"https:\/\/aquaforest.eu\/pl\/produkty\/seawater\/aquascaping\/af-frag-rocks\/#breadcrumb\",\"itemListElement\":[{\"@type\":\"ListItem\",\"position\":1,\"name\":\"Home\",\"item\":\"https:\/\/aquaforest.eu\/pl\/\"},{\"@type\":\"ListItem\",\"position\":2,\"name\":\"Produkty\",\"item\":\"https:\/\/aquaforest.eu\/pl\/produkty\/\"},{\"@type\":\"ListItem\",\"position\":3,\"name\":\"AF Frag Rocks\"}]},{\"@type\":\"WebSite\",\"@id\":\"https:\/\/aquaforest.eu\/pl\/#website\",\"url\":\"https:\/\/aquaforest.eu\/pl\/\",\"name\":\"Aquaforest\",\"description\":\"\",\"publisher\":{\"@id\":\"https:\/\/aquaforest.eu\/pl\/#organization\"},\"potentialAction\":[{\"@type\":\"SearchAction\",\"target\":{\"@type\":\"EntryPoint\",\"urlTemplate\":\"https:\/\/aquaforest.eu\/pl\/?s={search_term_string}\"},\"query-input\":{\"@type\":\"PropertyValueSpecification\",\"valueRequired\":true,\"valueName\":\"search_term_string\"}}],\"inLanguage\":\"pl-PL\"},{\"@type\":\"Organization\",\"@id\":\"https:\/\/aquaforest.eu\/pl\/#organization\",\"name\":\"Aquaforest\",\"url\":\"https:\/\/aquaforest.eu\/pl\/\",\"logo\":{\"@type\":\"ImageObject\",\"inLanguage\":\"pl-PL\",\"@id\":\"https:\/\/aquaforest.eu\/pl\/#\/schema\/logo\/image\/\",\"url\":\"https:\/\/aquaforest.eu\/wp-content\/uploads\/2024\/05\/logotyp-aquaforest.svg\",\"contentUrl\":\"https:\/\/aquaforest.eu\/wp-content\/uploads\/2024\/05\/logotyp-aquaforest.svg\",\"width\":170,\"height\":22,\"caption\":\"Aquaforest\"},\"image\":{\"@id\":\"https:\/\/aquaforest.eu\/pl\/#\/schema\/logo\/image\/\"},\"sameAs\":[\"https:\/\/www.facebook.com\/Aquaforest\/\",\"https:\/\/www.instagram.com\/aquaforest.eu\/\"]}]}<\/script>\n<!-- \/ Yoast SEO plugin. -->","yoast_head_json":{"title":"AF Frag Rocks - Aquaforest","description":"AF Frag Rocks firmy Aquaforest: specjalistyczne ska\u0142y do bezpiecznego i stabilnego mocowania przeszczep\u00f3w koralowc\u00f3w. Niezawodna formu\u0142a zapewniaj\u0105ca zdrowy wzrost i estetyczne aran\u017cacje.","robots":{"index":"index","follow":"follow","max-snippet":"max-snippet:-1","max-image-preview":"max-image-preview:large","max-video-preview":"max-video-preview:-1"},"canonical":"https:\/\/aquaforest.eu\/pl\/produkty\/seawater\/aquascaping\/af-frag-rocks\/","og_locale":"pl_PL","og_type":"article","og_title":"AF Frag Rocks - Aquaforest","og_description":"AF Frag Rocks firmy Aquaforest: specjalistyczne ska\u0142y do bezpiecznego i stabilnego mocowania przeszczep\u00f3w koralowc\u00f3w. Niezawodna formu\u0142a zapewniaj\u0105ca zdrowy wzrost i estetyczne aran\u017cacje.","og_url":"https:\/\/aquaforest.eu\/pl\/produkty\/seawater\/aquascaping\/af-frag-rocks\/","og_site_name":"Aquaforest","article_publisher":"https:\/\/www.facebook.com\/Aquaforest\/","article_modified_time":"2024-10-24T10:20:16+00:00","og_image":[{"width":471,"height":600,"url":"https:\/\/aquaforest.eu\/wp-content\/uploads\/2024\/06\/AF_Frag-Rocks_WHITE.png","type":"image\/png"}],"twitter_card":"summary_large_image","twitter_misc":{"Szacowany czas czytania":"1 minuta"},"schema":{"@context":"https:\/\/schema.org","@graph":[{"@type":"WebPage","@id":"https:\/\/aquaforest.eu\/pl\/produkty\/seawater\/aquascaping\/af-frag-rocks\/","url":"https:\/\/aquaforest.eu\/pl\/produkty\/seawater\/aquascaping\/af-frag-rocks\/","name":"AF Frag Rocks - Aquaforest","isPartOf":{"@id":"https:\/\/aquaforest.eu\/pl\/#website"},"primaryImageOfPage":{"@id":"https:\/\/aquaforest.eu\/pl\/produkty\/seawater\/aquascaping\/af-frag-rocks\/#primaryimage"},"image":{"@id":"https:\/\/aquaforest.eu\/pl\/produkty\/seawater\/aquascaping\/af-frag-rocks\/#primaryimage"},"thumbnailUrl":"https:\/\/aquaforest.eu\/wp-content\/uploads\/2024\/06\/AF_Frag-Rocks_WHITE.png","datePublished":"2024-06-27T01:11:26+00:00","dateModified":"2024-10-24T10:20:16+00:00","description":"AF Frag Rocks firmy Aquaforest: specjalistyczne ska\u0142y do bezpiecznego i stabilnego mocowania przeszczep\u00f3w koralowc\u00f3w. Niezawodna formu\u0142a zapewniaj\u0105ca zdrowy wzrost i estetyczne aran\u017cacje.","breadcrumb":{"@id":"https:\/\/aquaforest.eu\/pl\/produkty\/seawater\/aquascaping\/af-frag-rocks\/#breadcrumb"},"inLanguage":"pl-PL","potentialAction":[{"@type":"ReadAction","target":["https:\/\/aquaforest.eu\/pl\/produkty\/seawater\/aquascaping\/af-frag-rocks\/"]}]},{"@type":"ImageObject","inLanguage":"pl-PL","@id":"https:\/\/aquaforest.eu\/pl\/produkty\/seawater\/aquascaping\/af-frag-rocks\/#primaryimage","url":"https:\/\/aquaforest.eu\/wp-content\/uploads\/2024\/06\/AF_Frag-Rocks_WHITE.png","contentUrl":"https:\/\/aquaforest.eu\/wp-content\/uploads\/2024\/06\/AF_Frag-Rocks_WHITE.png","width":471,"height":600},{"@type":"BreadcrumbList","@id":"https:\/\/aquaforest.eu\/pl\/produkty\/seawater\/aquascaping\/af-frag-rocks\/#breadcrumb","itemListElement":[{"@type":"ListItem","position":1,"name":"Home","item":"https:\/\/aquaforest.eu\/pl\/"},{"@type":"ListItem","position":2,"name":"Produkty","item":"https:\/\/aquaforest.eu\/pl\/produkty\/"},{"@type":"ListItem","position":3,"name":"AF Frag Rocks"}]},{"@type":"WebSite","@id":"https:\/\/aquaforest.eu\/pl\/#website","url":"https:\/\/aquaforest.eu\/pl\/","name":"Aquaforest","description":"","publisher":{"@id":"https:\/\/aquaforest.eu\/pl\/#organization"},"potentialAction":[{"@type":"SearchAction","target":{"@type":"EntryPoint","urlTemplate":"https:\/\/aquaforest.eu\/pl\/?s={search_term_string}"},"query-input":{"@type":"PropertyValueSpecification","valueRequired":true,"valueName":"search_term_string"}}],"inLanguage":"pl-PL"},{"@type":"Organization","@id":"https:\/\/aquaforest.eu\/pl\/#organization","name":"Aquaforest","url":"https:\/\/aquaforest.eu\/pl\/","logo":{"@type":"ImageObject","inLanguage":"pl-PL","@id":"https:\/\/aquaforest.eu\/pl\/#\/schema\/logo\/image\/","url":"https:\/\/aquaforest.eu\/wp-content\/uploads\/2024\/05\/logotyp-aquaforest.svg","contentUrl":"https:\/\/aquaforest.eu\/wp-content\/uploads\/2024\/05\/logotyp-aquaforest.svg","width":170,"height":22,"caption":"Aquaforest"},"image":{"@id":"https:\/\/aquaforest.eu\/pl\/#\/schema\/logo\/image\/"},"sameAs":["https:\/\/www.facebook.com\/Aquaforest\/","https:\/\/www.instagram.com\/aquaforest.eu\/"]}]}},"_links":{"self":[{"href":"https:\/\/aquaforest.eu\/pl\/wp-json\/wp\/v2\/product\/11142","targetHints":{"allow":["GET"]}}],"collection":[{"href":"https:\/\/aquaforest.eu\/pl\/wp-json\/wp\/v2\/product"}],"about":[{"href":"https:\/\/aquaforest.eu\/pl\/wp-json\/wp\/v2\/types\/product"}],"version-history":[{"count":0,"href":"https:\/\/aquaforest.eu\/pl\/wp-json\/wp\/v2\/product\/11142\/revisions"}],"wp:featuredmedia":[{"embeddable":true,"href":"https:\/\/aquaforest.eu\/pl\/wp-json\/wp\/v2\/media\/11184"}],"wp:attachment":[{"href":"https:\/\/aquaforest.eu\/pl\/wp-json\/wp\/v2\/media?parent=11142"}],"wp:term":[{"taxonomy":"product_brand","embeddable":true,"href":"https:\/\/aquaforest.eu\/pl\/wp-json\/wp\/v2\/product_brand?post=11142"},{"taxonomy":"product_cat","embeddable":true,"href":"https:\/\/aquaforest.eu\/pl\/wp-json\/wp\/v2\/product_cat?post=11142"},{"taxonomy":"product_tag","embeddable":true,"href":"https:\/\/aquaforest.eu\/pl\/wp-json\/wp\/v2\/product_tag?post=11142"}],"curies":[{"name":"wp","href":"https:\/\/api.w.org\/{rel}","templated":true}]}}