{"id":11146,"date":"2024-06-27T03:14:22","date_gmt":"2024-06-27T01:14:22","guid":{"rendered":"https:\/\/aquaforest.eu\/products\/bez-kategorii\/af-vitality\/"},"modified":"2024-11-12T15:30:26","modified_gmt":"2024-11-12T14:30:26","slug":"af-vitality","status":"publish","type":"product","link":"https:\/\/aquaforest.eu\/pl\/produkty\/seawater\/pokarmy-i-suplementacja\/af-vitality\/","title":{"rendered":"AF Vitality"},"content":{"rendered":"<h4 class=\"fusion-responsive-typography-calculated\" data-fontsize=\"22\" data-lineheight=\"27.5px\">Unikalna mieszanka witamin dla Twoich koralowc\u00f3w<\/h4>\n<p>Suplement zawieraj\u0105cy skoncentrowane witaminy dla koralowc\u00f3w. Stosowanie w akwarium ozonator\u00f3w, wk\u0142ad\u00f3w z w\u0119gla aktywnego oraz silnych odpieniaczy bia\u0142ek mo\u017ce doprowadzi\u0107 do wyja\u0142owienia wody, a w efekcie do niedobor\u00f3w witamin. AF Vitality uzupe\u0142nia wod\u0119 we wszystkie niezb\u0119dne witaminy, kt\u00f3re w zamkni\u0119tym systemie akwariowym s\u0105 usuwane przez system filtracji. W celu dostarczenia najistotniejszych dla prawid\u0142owego rozwoju sk\u0142adnik\u00f3w, unikaln\u0105 kompozycj\u0119 preparatu oparto na witaminach z grupy B.<\/p>\n<p>&nbsp;<\/p>\n<hr \/>\n<h4 data-fontsize=\"22\" data-lineheight=\"27.5px\"><\/h4>\n<h4 class=\"fusion-responsive-typography-calculated\" data-fontsize=\"22\" data-lineheight=\"27.5px\">Popraw wybarwienie i wzrost koralowc\u00f3w<\/h4>\n<p>AF Vitality to specjalny zestaw witamin stworzony z my\u015bl\u0105 o uzyskaniu jak najlepszego wybarwienia koralowc\u00f3w. Podkre\u015bla intensywno\u015b\u0107 barw, a zapewniaj\u0105c mieszka\u0144com akwarium ci\u0105g\u0142y dost\u0119p do witamin poprawia ich kondycj\u0119. Preparat zawiera witaminy: A, B1, B2, B6, B12, C, D3, E i K3. Dzi\u0119ki swojej unikalnej kompozycji tworzy koralowcom optymalne \u015brodowisko o sta\u0142ych parametrach, zapewniaj\u0105c im idealne warunki rozwoju i wspania\u0142e wybarwienie. AF Vitality uzupe\u0142nia wod\u0119 w niezb\u0119dne do rozwoju koralowc\u00f3w witaminy gwarantuj\u0105c im zdrowy wzrost i wysok\u0105 odporno\u015b\u0107.<\/p>\n<p>&nbsp;<\/p>\n<hr \/>\n<h4 data-fontsize=\"22\" data-lineheight=\"27.5px\"><\/h4>\n<h4 class=\"fusion-responsive-typography-calculated\" data-fontsize=\"22\" data-lineheight=\"27.5px\">AF Vitality \u2013 wsparcie dla zdrowego rozwoju koralowc\u00f3w<\/h4>\n<p><strong>Dozowanie<\/strong>: 1 kropla na 100 l (27 US gal) wody co drugi dzie\u0144 po zgaszeniu o\u015bwietlenia. Nie rozcie\u0144cza\u0107. Nie miesza\u0107 razem z innymi produktami w jednym pojemniku. Produkt mo\u017ce by\u0107 podawany za pomoc\u0105 pompy dozuj\u0105cej pod warunkiem, \u017ce dozuje ona kroplami. Po otwarciu przechowywa\u0107 w lod\u00f3wce, je\u017celi temperatura przekracza 24\u00b0C.<br \/>\n<strong>Warto wiedzie\u0107<\/strong>: Wszystkie suplementy dla koralowc\u00f3w maj\u0105 zalecane dawkowanie 1 kropla na 100 l wody, nale\u017cy jednak pami\u0119ta\u0107, \u017ce ka\u017cde akwarium jest inne i dawkowanie r\u00f3wnie\u017c mo\u017ce by\u0107 inne w zale\u017cno\u015bci od obsady koralowc\u00f3w. Zalecamy rozpocz\u0119cie stosowania suplement\u00f3w i pokarm\u00f3w od po\u0142owy dawki (nawet 1\/4) oraz obserwacj\u0119 koralowc\u00f3w i ich reakcji na podawany pokarm. W momencie, kiedy koralowce b\u0119d\u0105 dobrze reagowa\u0107, a w akwarium nie b\u0119dzie wida\u0107 oznak przedawkowania, zalecamy zwi\u0119kszanie dawki do dawki docelowej. Koralowce takie jak Zoanthusy, Ricordee i inne grzybowie\u0144ce nale\u017cy karmi\u0107 w ci\u0105gu dnia. Aby u\u0142atwi\u0107 pobieranie podanego pokarmu, koralowce SPS i LPS zalecamy karmi\u0107 noc\u0105 i przy zgaszonym \u015bwietle. W celu zapewnienia najwy\u017cszej przyswajalno\u015bci wszystkie suplementy i pokarmy dla koralowc\u00f3w nale\u017cy dozowa\u0107 bezpo\u015brednio do akwarium, a w porze karmienia zalecamy wy\u0142\u0105czy\u0107 odpieniacz na oko\u0142o godzin\u0119. Tworz\u0105cy si\u0119 osad jest zjawiskiem naturalnym i nie ma wp\u0142ywu na jako\u015b\u0107 produktu. Wstrz\u0105sn\u0105\u0107 przed u\u017cyciem.<\/p>\n","protected":false},"excerpt":{"rendered":"<p>Suplement wspieraj\u0105cy zdrowie koralowc\u00f3w. Specjalny zestaw witamin opracowany w celu uzyskania najlepszego wybarwienia koralowc\u00f3w.<\/p>\n","protected":false},"featured_media":11186,"template":"","meta":{"_acf_changed":false,"content-type":""},"product_brand":[],"product_cat":[1151],"product_tag":[967,1569,1568,1422],"class_list":{"0":"post-11146","1":"product","2":"type-product","3":"status-publish","4":"has-post-thumbnail","6":"product_cat-pokarmy-i-suplementacja","7":"product_tag-aquaforest-pl","8":"product_tag-foods-and-supplementation-pl","9":"product_tag-seawater-aquatic-pl","10":"product_tag-variable-pl","12":"first","13":"instock","14":"taxable","15":"shipping-taxable","16":"product-type-variable","17":"has-default-attributes"},"acf":[],"yoast_head":"<!-- This site is optimized with the Yoast SEO plugin v27.1.1 - https:\/\/yoast.com\/product\/yoast-seo-wordpress\/ -->\n<title>AF Vitality - Aquaforest<\/title>\n<meta name=\"description\" content=\"AF Vitality by Aquaforest: kompleksowy suplement wspieraj\u0105cy zdrowie koralowc\u00f3w. Niezawodna formu\u0142a wzbogacona witaminami i minera\u0142ami dla optymalnego rozwoju i odporno\u015bci.\" \/>\n<meta name=\"robots\" content=\"index, follow, max-snippet:-1, max-image-preview:large, max-video-preview:-1\" \/>\n<link rel=\"canonical\" href=\"https:\/\/aquaforest.eu\/pl\/produkty\/seawater\/pokarmy-i-suplementacja\/af-vitality\/\" \/>\n<meta property=\"og:locale\" content=\"pl_PL\" \/>\n<meta property=\"og:type\" content=\"article\" \/>\n<meta property=\"og:title\" content=\"AF Vitality - Aquaforest\" \/>\n<meta property=\"og:description\" content=\"AF Vitality by Aquaforest: kompleksowy suplement wspieraj\u0105cy zdrowie koralowc\u00f3w. Niezawodna formu\u0142a wzbogacona witaminami i minera\u0142ami dla optymalnego rozwoju i odporno\u015bci.\" \/>\n<meta property=\"og:url\" content=\"https:\/\/aquaforest.eu\/pl\/produkty\/seawater\/pokarmy-i-suplementacja\/af-vitality\/\" \/>\n<meta property=\"og:site_name\" content=\"Aquaforest\" \/>\n<meta property=\"article:publisher\" content=\"https:\/\/www.facebook.com\/Aquaforest\/\" \/>\n<meta property=\"article:modified_time\" content=\"2024-11-12T14:30:26+00:00\" \/>\n<meta property=\"og:image\" content=\"https:\/\/aquaforest.eu\/wp-content\/uploads\/2024\/06\/AF-Vitality-10-ml.png\" \/>\n\t<meta property=\"og:image:width\" content=\"277\" \/>\n\t<meta property=\"og:image:height\" content=\"600\" \/>\n\t<meta property=\"og:image:type\" content=\"image\/png\" \/>\n<meta name=\"twitter:card\" content=\"summary_large_image\" \/>\n<meta name=\"twitter:label1\" content=\"Szacowany czas czytania\" \/>\n\t<meta name=\"twitter:data1\" content=\"2 minuty\" \/>\n<script type=\"application\/ld+json\" class=\"yoast-schema-graph\">{\"@context\":\"https:\/\/schema.org\",\"@graph\":[{\"@type\":\"WebPage\",\"@id\":\"https:\/\/aquaforest.eu\/pl\/produkty\/seawater\/pokarmy-i-suplementacja\/af-vitality\/\",\"url\":\"https:\/\/aquaforest.eu\/pl\/produkty\/seawater\/pokarmy-i-suplementacja\/af-vitality\/\",\"name\":\"AF Vitality - Aquaforest\",\"isPartOf\":{\"@id\":\"https:\/\/aquaforest.eu\/pl\/#website\"},\"primaryImageOfPage\":{\"@id\":\"https:\/\/aquaforest.eu\/pl\/produkty\/seawater\/pokarmy-i-suplementacja\/af-vitality\/#primaryimage\"},\"image\":{\"@id\":\"https:\/\/aquaforest.eu\/pl\/produkty\/seawater\/pokarmy-i-suplementacja\/af-vitality\/#primaryimage\"},\"thumbnailUrl\":\"https:\/\/aquaforest.eu\/wp-content\/uploads\/2024\/06\/AF-Vitality-10-ml.png\",\"datePublished\":\"2024-06-27T01:14:22+00:00\",\"dateModified\":\"2024-11-12T14:30:26+00:00\",\"description\":\"AF Vitality by Aquaforest: kompleksowy suplement wspieraj\u0105cy zdrowie koralowc\u00f3w. Niezawodna formu\u0142a wzbogacona witaminami i minera\u0142ami dla optymalnego rozwoju i odporno\u015bci.\",\"breadcrumb\":{\"@id\":\"https:\/\/aquaforest.eu\/pl\/produkty\/seawater\/pokarmy-i-suplementacja\/af-vitality\/#breadcrumb\"},\"inLanguage\":\"pl-PL\",\"potentialAction\":[{\"@type\":\"ReadAction\",\"target\":[\"https:\/\/aquaforest.eu\/pl\/produkty\/seawater\/pokarmy-i-suplementacja\/af-vitality\/\"]}]},{\"@type\":\"ImageObject\",\"inLanguage\":\"pl-PL\",\"@id\":\"https:\/\/aquaforest.eu\/pl\/produkty\/seawater\/pokarmy-i-suplementacja\/af-vitality\/#primaryimage\",\"url\":\"https:\/\/aquaforest.eu\/wp-content\/uploads\/2024\/06\/AF-Vitality-10-ml.png\",\"contentUrl\":\"https:\/\/aquaforest.eu\/wp-content\/uploads\/2024\/06\/AF-Vitality-10-ml.png\",\"width\":277,\"height\":600},{\"@type\":\"BreadcrumbList\",\"@id\":\"https:\/\/aquaforest.eu\/pl\/produkty\/seawater\/pokarmy-i-suplementacja\/af-vitality\/#breadcrumb\",\"itemListElement\":[{\"@type\":\"ListItem\",\"position\":1,\"name\":\"Home\",\"item\":\"https:\/\/aquaforest.eu\/pl\/\"},{\"@type\":\"ListItem\",\"position\":2,\"name\":\"Produkty\",\"item\":\"https:\/\/aquaforest.eu\/pl\/produkty\/\"},{\"@type\":\"ListItem\",\"position\":3,\"name\":\"AF Vitality\"}]},{\"@type\":\"WebSite\",\"@id\":\"https:\/\/aquaforest.eu\/pl\/#website\",\"url\":\"https:\/\/aquaforest.eu\/pl\/\",\"name\":\"Aquaforest\",\"description\":\"\",\"publisher\":{\"@id\":\"https:\/\/aquaforest.eu\/pl\/#organization\"},\"potentialAction\":[{\"@type\":\"SearchAction\",\"target\":{\"@type\":\"EntryPoint\",\"urlTemplate\":\"https:\/\/aquaforest.eu\/pl\/?s={search_term_string}\"},\"query-input\":{\"@type\":\"PropertyValueSpecification\",\"valueRequired\":true,\"valueName\":\"search_term_string\"}}],\"inLanguage\":\"pl-PL\"},{\"@type\":\"Organization\",\"@id\":\"https:\/\/aquaforest.eu\/pl\/#organization\",\"name\":\"Aquaforest\",\"url\":\"https:\/\/aquaforest.eu\/pl\/\",\"logo\":{\"@type\":\"ImageObject\",\"inLanguage\":\"pl-PL\",\"@id\":\"https:\/\/aquaforest.eu\/pl\/#\/schema\/logo\/image\/\",\"url\":\"https:\/\/aquaforest.eu\/wp-content\/uploads\/2024\/05\/logotyp-aquaforest.svg\",\"contentUrl\":\"https:\/\/aquaforest.eu\/wp-content\/uploads\/2024\/05\/logotyp-aquaforest.svg\",\"width\":170,\"height\":22,\"caption\":\"Aquaforest\"},\"image\":{\"@id\":\"https:\/\/aquaforest.eu\/pl\/#\/schema\/logo\/image\/\"},\"sameAs\":[\"https:\/\/www.facebook.com\/Aquaforest\/\",\"https:\/\/www.instagram.com\/aquaforest.eu\/\"]}]}<\/script>\n<!-- \/ Yoast SEO plugin. -->","yoast_head_json":{"title":"AF Vitality - Aquaforest","description":"AF Vitality by Aquaforest: kompleksowy suplement wspieraj\u0105cy zdrowie koralowc\u00f3w. Niezawodna formu\u0142a wzbogacona witaminami i minera\u0142ami dla optymalnego rozwoju i odporno\u015bci.","robots":{"index":"index","follow":"follow","max-snippet":"max-snippet:-1","max-image-preview":"max-image-preview:large","max-video-preview":"max-video-preview:-1"},"canonical":"https:\/\/aquaforest.eu\/pl\/produkty\/seawater\/pokarmy-i-suplementacja\/af-vitality\/","og_locale":"pl_PL","og_type":"article","og_title":"AF Vitality - Aquaforest","og_description":"AF Vitality by Aquaforest: kompleksowy suplement wspieraj\u0105cy zdrowie koralowc\u00f3w. Niezawodna formu\u0142a wzbogacona witaminami i minera\u0142ami dla optymalnego rozwoju i odporno\u015bci.","og_url":"https:\/\/aquaforest.eu\/pl\/produkty\/seawater\/pokarmy-i-suplementacja\/af-vitality\/","og_site_name":"Aquaforest","article_publisher":"https:\/\/www.facebook.com\/Aquaforest\/","article_modified_time":"2024-11-12T14:30:26+00:00","og_image":[{"width":277,"height":600,"url":"https:\/\/aquaforest.eu\/wp-content\/uploads\/2024\/06\/AF-Vitality-10-ml.png","type":"image\/png"}],"twitter_card":"summary_large_image","twitter_misc":{"Szacowany czas czytania":"2 minuty"},"schema":{"@context":"https:\/\/schema.org","@graph":[{"@type":"WebPage","@id":"https:\/\/aquaforest.eu\/pl\/produkty\/seawater\/pokarmy-i-suplementacja\/af-vitality\/","url":"https:\/\/aquaforest.eu\/pl\/produkty\/seawater\/pokarmy-i-suplementacja\/af-vitality\/","name":"AF Vitality - Aquaforest","isPartOf":{"@id":"https:\/\/aquaforest.eu\/pl\/#website"},"primaryImageOfPage":{"@id":"https:\/\/aquaforest.eu\/pl\/produkty\/seawater\/pokarmy-i-suplementacja\/af-vitality\/#primaryimage"},"image":{"@id":"https:\/\/aquaforest.eu\/pl\/produkty\/seawater\/pokarmy-i-suplementacja\/af-vitality\/#primaryimage"},"thumbnailUrl":"https:\/\/aquaforest.eu\/wp-content\/uploads\/2024\/06\/AF-Vitality-10-ml.png","datePublished":"2024-06-27T01:14:22+00:00","dateModified":"2024-11-12T14:30:26+00:00","description":"AF Vitality by Aquaforest: kompleksowy suplement wspieraj\u0105cy zdrowie koralowc\u00f3w. Niezawodna formu\u0142a wzbogacona witaminami i minera\u0142ami dla optymalnego rozwoju i odporno\u015bci.","breadcrumb":{"@id":"https:\/\/aquaforest.eu\/pl\/produkty\/seawater\/pokarmy-i-suplementacja\/af-vitality\/#breadcrumb"},"inLanguage":"pl-PL","potentialAction":[{"@type":"ReadAction","target":["https:\/\/aquaforest.eu\/pl\/produkty\/seawater\/pokarmy-i-suplementacja\/af-vitality\/"]}]},{"@type":"ImageObject","inLanguage":"pl-PL","@id":"https:\/\/aquaforest.eu\/pl\/produkty\/seawater\/pokarmy-i-suplementacja\/af-vitality\/#primaryimage","url":"https:\/\/aquaforest.eu\/wp-content\/uploads\/2024\/06\/AF-Vitality-10-ml.png","contentUrl":"https:\/\/aquaforest.eu\/wp-content\/uploads\/2024\/06\/AF-Vitality-10-ml.png","width":277,"height":600},{"@type":"BreadcrumbList","@id":"https:\/\/aquaforest.eu\/pl\/produkty\/seawater\/pokarmy-i-suplementacja\/af-vitality\/#breadcrumb","itemListElement":[{"@type":"ListItem","position":1,"name":"Home","item":"https:\/\/aquaforest.eu\/pl\/"},{"@type":"ListItem","position":2,"name":"Produkty","item":"https:\/\/aquaforest.eu\/pl\/produkty\/"},{"@type":"ListItem","position":3,"name":"AF Vitality"}]},{"@type":"WebSite","@id":"https:\/\/aquaforest.eu\/pl\/#website","url":"https:\/\/aquaforest.eu\/pl\/","name":"Aquaforest","description":"","publisher":{"@id":"https:\/\/aquaforest.eu\/pl\/#organization"},"potentialAction":[{"@type":"SearchAction","target":{"@type":"EntryPoint","urlTemplate":"https:\/\/aquaforest.eu\/pl\/?s={search_term_string}"},"query-input":{"@type":"PropertyValueSpecification","valueRequired":true,"valueName":"search_term_string"}}],"inLanguage":"pl-PL"},{"@type":"Organization","@id":"https:\/\/aquaforest.eu\/pl\/#organization","name":"Aquaforest","url":"https:\/\/aquaforest.eu\/pl\/","logo":{"@type":"ImageObject","inLanguage":"pl-PL","@id":"https:\/\/aquaforest.eu\/pl\/#\/schema\/logo\/image\/","url":"https:\/\/aquaforest.eu\/wp-content\/uploads\/2024\/05\/logotyp-aquaforest.svg","contentUrl":"https:\/\/aquaforest.eu\/wp-content\/uploads\/2024\/05\/logotyp-aquaforest.svg","width":170,"height":22,"caption":"Aquaforest"},"image":{"@id":"https:\/\/aquaforest.eu\/pl\/#\/schema\/logo\/image\/"},"sameAs":["https:\/\/www.facebook.com\/Aquaforest\/","https:\/\/www.instagram.com\/aquaforest.eu\/"]}]}},"_links":{"self":[{"href":"https:\/\/aquaforest.eu\/pl\/wp-json\/wp\/v2\/product\/11146","targetHints":{"allow":["GET"]}}],"collection":[{"href":"https:\/\/aquaforest.eu\/pl\/wp-json\/wp\/v2\/product"}],"about":[{"href":"https:\/\/aquaforest.eu\/pl\/wp-json\/wp\/v2\/types\/product"}],"version-history":[{"count":0,"href":"https:\/\/aquaforest.eu\/pl\/wp-json\/wp\/v2\/product\/11146\/revisions"}],"wp:featuredmedia":[{"embeddable":true,"href":"https:\/\/aquaforest.eu\/pl\/wp-json\/wp\/v2\/media\/11186"}],"wp:attachment":[{"href":"https:\/\/aquaforest.eu\/pl\/wp-json\/wp\/v2\/media?parent=11146"}],"wp:term":[{"taxonomy":"product_brand","embeddable":true,"href":"https:\/\/aquaforest.eu\/pl\/wp-json\/wp\/v2\/product_brand?post=11146"},{"taxonomy":"product_cat","embeddable":true,"href":"https:\/\/aquaforest.eu\/pl\/wp-json\/wp\/v2\/product_cat?post=11146"},{"taxonomy":"product_tag","embeddable":true,"href":"https:\/\/aquaforest.eu\/pl\/wp-json\/wp\/v2\/product_tag?post=11146"}],"curies":[{"name":"wp","href":"https:\/\/api.w.org\/{rel}","templated":true}]}}