{"id":11149,"date":"2024-06-27T03:16:19","date_gmt":"2024-06-27T01:16:19","guid":{"rendered":"https:\/\/aquaforest.eu\/products\/bez-kategorii\/af-protect-dip\/"},"modified":"2026-01-27T13:47:13","modified_gmt":"2026-01-27T12:47:13","slug":"af-protect-dip","status":"publish","type":"product","link":"https:\/\/aquaforest.eu\/pl\/produkty\/seawater\/parametry-wody\/af-protect-dip\/","title":{"rendered":"AF Protect Dip"},"content":{"rendered":"<h4 class=\"fusion-responsive-typography-calculated\" data-fontsize=\"22\" data-lineheight=\"27.5px\"><span style=\"color: #000000;\">Profilaktyczna ochrona koralowc\u00f3w<\/span><\/h4>\n<p>Preparat profilaktyczny s\u0142u\u017c\u0105cy do przeprowadzania k\u0105pieli koralowc\u00f3w. Dok\u0142adnie oczyszcza powierzchni\u0119 koralowc\u00f3w. Zmniejsza ryzyko rozwoju wielu chor\u00f3b m.in. martwicy tkanek, bielenia koralowc\u00f3w, grzybicy, AEFW, Brown Jelly Syndrome.<\/p>\n<p>&nbsp;<\/p>\n<hr \/>\n<h4 data-fontsize=\"22\" data-lineheight=\"27.5px\"><\/h4>\n<h4 class=\"fusion-responsive-typography-calculated\" data-fontsize=\"22\" data-lineheight=\"27.5px\"><span style=\"color: #000000;\">Zapobiegaj chorobom koralowc\u00f3w z AF Protect Dip<\/span><\/h4>\n<p>Preparat doskonale sprawdza si\u0119 przy wprowadzaniu nowych koralowc\u00f3w do zbiornika oraz w przeprowadzaniu kwarantanny. Przeprowadzany zabieg k\u0105pieli gwarantuje zdrowy wygl\u0105d, wzrost i rozw\u00f3j koralowc\u00f3w. Ponadto produkt jest bezpieczny dla koralowc\u00f3w, nie zawiera jodu i zwi\u0105zk\u00f3w utleniaj\u0105cych.<\/p>\n<p>&nbsp;<\/p>\n<hr \/>\n<h4 data-fontsize=\"22\" data-lineheight=\"27.5px\"><\/h4>\n<h4 class=\"fusion-responsive-typography-calculated\" data-fontsize=\"22\" data-lineheight=\"27.5px\"><span style=\"color: #000000;\">Bezpieczna k\u0105piel dla zdrowych koralowc\u00f3w<\/span><\/h4>\n<p><strong>Dozowanie<\/strong>: K\u0105piel nale\u017cy przeprowadzi\u0107 poza zbiornikiem. Przed u\u017cyciem wstrz\u0105sn\u0105\u0107. Rozpu\u015bci\u0107 2,5 ml AF Protect Dip w 5 L wody pobranej bezpo\u015brednio z akwarium. Nast\u0119pnie zanurzy\u0107 koralowca w przygotowanym roztworze i delikatnie oczy\u015bci\u0107 jego powierzchni\u0119 poprzez op\u0142ukiwanie wod\u0105, b\u0105d\u017a przy u\u017cyciu szczoteczki. K\u0105piel prowadzi\u0107 do 5 minut, po czym w celu wyp\u0142ukania prze\u0142o\u017cy\u0107 koralowca pojemnika z now\u0105 porcj\u0105 wody akwariowej. Tak oczyszczonego koralowca umie\u015bci\u0107 ponownie w akwarium. Zu\u017cyty roztw\u00f3r nie nadaje si\u0119 do ponownego u\u017cycia. Nie nale\u017cy wlewa\u0107 roztworu do akwarium.<\/p>\n<p>&nbsp;<\/p>\n<hr \/>\n<p>&nbsp;<\/p>\n<p><strong>Warto wiedzie\u0107:<\/strong> Produkt przeznaczony wy\u0142\u0105cznie do u\u017cycia poza akwarium. Nie do spo\u017cycia przez ludzi.<\/p>\n","protected":false},"excerpt":{"rendered":"<p>Preparat profilaktyczny s\u0142u\u017c\u0105cy do p\u0142ukania koralowc\u00f3w. Chroni\u0105cy przed paso\u017cytami i infekcjami. Dok\u0142adnie oczyszcza powierzchni\u0119 koralowca.<\/p>\n","protected":false},"featured_media":11187,"template":"","meta":{"_acf_changed":false,"content-type":""},"product_brand":[],"product_cat":[1157],"product_tag":[967,1096,1568,1422],"class_list":{"0":"post-11149","1":"product","2":"type-product","3":"status-publish","4":"has-post-thumbnail","6":"product_cat-parametry-wody","7":"product_tag-aquaforest-pl","8":"product_tag-chemia-wody","9":"product_tag-seawater-aquatic-pl","10":"product_tag-variable-pl","12":"first","13":"instock","14":"taxable","15":"shipping-taxable","16":"product-type-variable","17":"has-default-attributes"},"acf":[],"yoast_head":"<!-- This site is optimized with the Yoast SEO plugin v27.1.1 - https:\/\/yoast.com\/product\/yoast-seo-wordpress\/ -->\n<title>AF Protect Dip - Aquaforest<\/title>\n<meta name=\"description\" content=\"AF Protect Dip: skuteczny preparat do p\u0142ukania koralowc\u00f3w, chroni\u0105cy przed paso\u017cytami i infekcjami. Unikalna formu\u0142a dla zdrowia i bezpiecze\u0144stwa mieszka\u0144c\u00f3w akwarium.\" \/>\n<meta name=\"robots\" content=\"index, follow, max-snippet:-1, max-image-preview:large, max-video-preview:-1\" \/>\n<link rel=\"canonical\" href=\"https:\/\/aquaforest.eu\/pl\/produkty\/seawater\/parametry-wody\/af-protect-dip\/\" \/>\n<meta property=\"og:locale\" content=\"pl_PL\" \/>\n<meta property=\"og:type\" content=\"article\" \/>\n<meta property=\"og:title\" content=\"AF Protect Dip - Aquaforest\" \/>\n<meta property=\"og:description\" content=\"AF Protect Dip: skuteczny preparat do p\u0142ukania koralowc\u00f3w, chroni\u0105cy przed paso\u017cytami i infekcjami. Unikalna formu\u0142a dla zdrowia i bezpiecze\u0144stwa mieszka\u0144c\u00f3w akwarium.\" \/>\n<meta property=\"og:url\" content=\"https:\/\/aquaforest.eu\/pl\/produkty\/seawater\/parametry-wody\/af-protect-dip\/\" \/>\n<meta property=\"og:site_name\" content=\"Aquaforest\" \/>\n<meta property=\"article:publisher\" content=\"https:\/\/www.facebook.com\/Aquaforest\/\" \/>\n<meta property=\"article:modified_time\" content=\"2026-01-27T12:47:13+00:00\" \/>\n<meta property=\"og:image\" content=\"https:\/\/aquaforest.eu\/wp-content\/uploads\/2024\/06\/AF-Protect-Dip-10-ml.png\" \/>\n\t<meta property=\"og:image:width\" content=\"340\" \/>\n\t<meta property=\"og:image:height\" content=\"600\" \/>\n\t<meta property=\"og:image:type\" content=\"image\/png\" \/>\n<meta name=\"twitter:card\" content=\"summary_large_image\" \/>\n<meta name=\"twitter:label1\" content=\"Szacowany czas czytania\" \/>\n\t<meta name=\"twitter:data1\" content=\"1 minuta\" \/>\n<script type=\"application\/ld+json\" class=\"yoast-schema-graph\">{\"@context\":\"https:\/\/schema.org\",\"@graph\":[{\"@type\":\"WebPage\",\"@id\":\"https:\/\/aquaforest.eu\/pl\/produkty\/seawater\/parametry-wody\/af-protect-dip\/\",\"url\":\"https:\/\/aquaforest.eu\/pl\/produkty\/seawater\/parametry-wody\/af-protect-dip\/\",\"name\":\"AF Protect Dip - Aquaforest\",\"isPartOf\":{\"@id\":\"https:\/\/aquaforest.eu\/pl\/#website\"},\"primaryImageOfPage\":{\"@id\":\"https:\/\/aquaforest.eu\/pl\/produkty\/seawater\/parametry-wody\/af-protect-dip\/#primaryimage\"},\"image\":{\"@id\":\"https:\/\/aquaforest.eu\/pl\/produkty\/seawater\/parametry-wody\/af-protect-dip\/#primaryimage\"},\"thumbnailUrl\":\"https:\/\/aquaforest.eu\/wp-content\/uploads\/2024\/06\/AF-Protect-Dip-10-ml.png\",\"datePublished\":\"2024-06-27T01:16:19+00:00\",\"dateModified\":\"2026-01-27T12:47:13+00:00\",\"description\":\"AF Protect Dip: skuteczny preparat do p\u0142ukania koralowc\u00f3w, chroni\u0105cy przed paso\u017cytami i infekcjami. Unikalna formu\u0142a dla zdrowia i bezpiecze\u0144stwa mieszka\u0144c\u00f3w akwarium.\",\"breadcrumb\":{\"@id\":\"https:\/\/aquaforest.eu\/pl\/produkty\/seawater\/parametry-wody\/af-protect-dip\/#breadcrumb\"},\"inLanguage\":\"pl-PL\",\"potentialAction\":[{\"@type\":\"ReadAction\",\"target\":[\"https:\/\/aquaforest.eu\/pl\/produkty\/seawater\/parametry-wody\/af-protect-dip\/\"]}]},{\"@type\":\"ImageObject\",\"inLanguage\":\"pl-PL\",\"@id\":\"https:\/\/aquaforest.eu\/pl\/produkty\/seawater\/parametry-wody\/af-protect-dip\/#primaryimage\",\"url\":\"https:\/\/aquaforest.eu\/wp-content\/uploads\/2024\/06\/AF-Protect-Dip-10-ml.png\",\"contentUrl\":\"https:\/\/aquaforest.eu\/wp-content\/uploads\/2024\/06\/AF-Protect-Dip-10-ml.png\",\"width\":340,\"height\":600},{\"@type\":\"BreadcrumbList\",\"@id\":\"https:\/\/aquaforest.eu\/pl\/produkty\/seawater\/parametry-wody\/af-protect-dip\/#breadcrumb\",\"itemListElement\":[{\"@type\":\"ListItem\",\"position\":1,\"name\":\"Home\",\"item\":\"https:\/\/aquaforest.eu\/pl\/\"},{\"@type\":\"ListItem\",\"position\":2,\"name\":\"Produkty\",\"item\":\"https:\/\/aquaforest.eu\/pl\/produkty\/\"},{\"@type\":\"ListItem\",\"position\":3,\"name\":\"AF Protect Dip\"}]},{\"@type\":\"WebSite\",\"@id\":\"https:\/\/aquaforest.eu\/pl\/#website\",\"url\":\"https:\/\/aquaforest.eu\/pl\/\",\"name\":\"Aquaforest\",\"description\":\"\",\"publisher\":{\"@id\":\"https:\/\/aquaforest.eu\/pl\/#organization\"},\"potentialAction\":[{\"@type\":\"SearchAction\",\"target\":{\"@type\":\"EntryPoint\",\"urlTemplate\":\"https:\/\/aquaforest.eu\/pl\/?s={search_term_string}\"},\"query-input\":{\"@type\":\"PropertyValueSpecification\",\"valueRequired\":true,\"valueName\":\"search_term_string\"}}],\"inLanguage\":\"pl-PL\"},{\"@type\":\"Organization\",\"@id\":\"https:\/\/aquaforest.eu\/pl\/#organization\",\"name\":\"Aquaforest\",\"url\":\"https:\/\/aquaforest.eu\/pl\/\",\"logo\":{\"@type\":\"ImageObject\",\"inLanguage\":\"pl-PL\",\"@id\":\"https:\/\/aquaforest.eu\/pl\/#\/schema\/logo\/image\/\",\"url\":\"https:\/\/aquaforest.eu\/wp-content\/uploads\/2024\/05\/logotyp-aquaforest.svg\",\"contentUrl\":\"https:\/\/aquaforest.eu\/wp-content\/uploads\/2024\/05\/logotyp-aquaforest.svg\",\"width\":170,\"height\":22,\"caption\":\"Aquaforest\"},\"image\":{\"@id\":\"https:\/\/aquaforest.eu\/pl\/#\/schema\/logo\/image\/\"},\"sameAs\":[\"https:\/\/www.facebook.com\/Aquaforest\/\",\"https:\/\/www.instagram.com\/aquaforest.eu\/\"]}]}<\/script>\n<!-- \/ Yoast SEO plugin. -->","yoast_head_json":{"title":"AF Protect Dip - Aquaforest","description":"AF Protect Dip: skuteczny preparat do p\u0142ukania koralowc\u00f3w, chroni\u0105cy przed paso\u017cytami i infekcjami. Unikalna formu\u0142a dla zdrowia i bezpiecze\u0144stwa mieszka\u0144c\u00f3w akwarium.","robots":{"index":"index","follow":"follow","max-snippet":"max-snippet:-1","max-image-preview":"max-image-preview:large","max-video-preview":"max-video-preview:-1"},"canonical":"https:\/\/aquaforest.eu\/pl\/produkty\/seawater\/parametry-wody\/af-protect-dip\/","og_locale":"pl_PL","og_type":"article","og_title":"AF Protect Dip - Aquaforest","og_description":"AF Protect Dip: skuteczny preparat do p\u0142ukania koralowc\u00f3w, chroni\u0105cy przed paso\u017cytami i infekcjami. Unikalna formu\u0142a dla zdrowia i bezpiecze\u0144stwa mieszka\u0144c\u00f3w akwarium.","og_url":"https:\/\/aquaforest.eu\/pl\/produkty\/seawater\/parametry-wody\/af-protect-dip\/","og_site_name":"Aquaforest","article_publisher":"https:\/\/www.facebook.com\/Aquaforest\/","article_modified_time":"2026-01-27T12:47:13+00:00","og_image":[{"width":340,"height":600,"url":"https:\/\/aquaforest.eu\/wp-content\/uploads\/2024\/06\/AF-Protect-Dip-10-ml.png","type":"image\/png"}],"twitter_card":"summary_large_image","twitter_misc":{"Szacowany czas czytania":"1 minuta"},"schema":{"@context":"https:\/\/schema.org","@graph":[{"@type":"WebPage","@id":"https:\/\/aquaforest.eu\/pl\/produkty\/seawater\/parametry-wody\/af-protect-dip\/","url":"https:\/\/aquaforest.eu\/pl\/produkty\/seawater\/parametry-wody\/af-protect-dip\/","name":"AF Protect Dip - Aquaforest","isPartOf":{"@id":"https:\/\/aquaforest.eu\/pl\/#website"},"primaryImageOfPage":{"@id":"https:\/\/aquaforest.eu\/pl\/produkty\/seawater\/parametry-wody\/af-protect-dip\/#primaryimage"},"image":{"@id":"https:\/\/aquaforest.eu\/pl\/produkty\/seawater\/parametry-wody\/af-protect-dip\/#primaryimage"},"thumbnailUrl":"https:\/\/aquaforest.eu\/wp-content\/uploads\/2024\/06\/AF-Protect-Dip-10-ml.png","datePublished":"2024-06-27T01:16:19+00:00","dateModified":"2026-01-27T12:47:13+00:00","description":"AF Protect Dip: skuteczny preparat do p\u0142ukania koralowc\u00f3w, chroni\u0105cy przed paso\u017cytami i infekcjami. Unikalna formu\u0142a dla zdrowia i bezpiecze\u0144stwa mieszka\u0144c\u00f3w akwarium.","breadcrumb":{"@id":"https:\/\/aquaforest.eu\/pl\/produkty\/seawater\/parametry-wody\/af-protect-dip\/#breadcrumb"},"inLanguage":"pl-PL","potentialAction":[{"@type":"ReadAction","target":["https:\/\/aquaforest.eu\/pl\/produkty\/seawater\/parametry-wody\/af-protect-dip\/"]}]},{"@type":"ImageObject","inLanguage":"pl-PL","@id":"https:\/\/aquaforest.eu\/pl\/produkty\/seawater\/parametry-wody\/af-protect-dip\/#primaryimage","url":"https:\/\/aquaforest.eu\/wp-content\/uploads\/2024\/06\/AF-Protect-Dip-10-ml.png","contentUrl":"https:\/\/aquaforest.eu\/wp-content\/uploads\/2024\/06\/AF-Protect-Dip-10-ml.png","width":340,"height":600},{"@type":"BreadcrumbList","@id":"https:\/\/aquaforest.eu\/pl\/produkty\/seawater\/parametry-wody\/af-protect-dip\/#breadcrumb","itemListElement":[{"@type":"ListItem","position":1,"name":"Home","item":"https:\/\/aquaforest.eu\/pl\/"},{"@type":"ListItem","position":2,"name":"Produkty","item":"https:\/\/aquaforest.eu\/pl\/produkty\/"},{"@type":"ListItem","position":3,"name":"AF Protect Dip"}]},{"@type":"WebSite","@id":"https:\/\/aquaforest.eu\/pl\/#website","url":"https:\/\/aquaforest.eu\/pl\/","name":"Aquaforest","description":"","publisher":{"@id":"https:\/\/aquaforest.eu\/pl\/#organization"},"potentialAction":[{"@type":"SearchAction","target":{"@type":"EntryPoint","urlTemplate":"https:\/\/aquaforest.eu\/pl\/?s={search_term_string}"},"query-input":{"@type":"PropertyValueSpecification","valueRequired":true,"valueName":"search_term_string"}}],"inLanguage":"pl-PL"},{"@type":"Organization","@id":"https:\/\/aquaforest.eu\/pl\/#organization","name":"Aquaforest","url":"https:\/\/aquaforest.eu\/pl\/","logo":{"@type":"ImageObject","inLanguage":"pl-PL","@id":"https:\/\/aquaforest.eu\/pl\/#\/schema\/logo\/image\/","url":"https:\/\/aquaforest.eu\/wp-content\/uploads\/2024\/05\/logotyp-aquaforest.svg","contentUrl":"https:\/\/aquaforest.eu\/wp-content\/uploads\/2024\/05\/logotyp-aquaforest.svg","width":170,"height":22,"caption":"Aquaforest"},"image":{"@id":"https:\/\/aquaforest.eu\/pl\/#\/schema\/logo\/image\/"},"sameAs":["https:\/\/www.facebook.com\/Aquaforest\/","https:\/\/www.instagram.com\/aquaforest.eu\/"]}]}},"_links":{"self":[{"href":"https:\/\/aquaforest.eu\/pl\/wp-json\/wp\/v2\/product\/11149","targetHints":{"allow":["GET"]}}],"collection":[{"href":"https:\/\/aquaforest.eu\/pl\/wp-json\/wp\/v2\/product"}],"about":[{"href":"https:\/\/aquaforest.eu\/pl\/wp-json\/wp\/v2\/types\/product"}],"version-history":[{"count":2,"href":"https:\/\/aquaforest.eu\/pl\/wp-json\/wp\/v2\/product\/11149\/revisions"}],"predecessor-version":[{"id":28389,"href":"https:\/\/aquaforest.eu\/pl\/wp-json\/wp\/v2\/product\/11149\/revisions\/28389"}],"wp:featuredmedia":[{"embeddable":true,"href":"https:\/\/aquaforest.eu\/pl\/wp-json\/wp\/v2\/media\/11187"}],"wp:attachment":[{"href":"https:\/\/aquaforest.eu\/pl\/wp-json\/wp\/v2\/media?parent=11149"}],"wp:term":[{"taxonomy":"product_brand","embeddable":true,"href":"https:\/\/aquaforest.eu\/pl\/wp-json\/wp\/v2\/product_brand?post=11149"},{"taxonomy":"product_cat","embeddable":true,"href":"https:\/\/aquaforest.eu\/pl\/wp-json\/wp\/v2\/product_cat?post=11149"},{"taxonomy":"product_tag","embeddable":true,"href":"https:\/\/aquaforest.eu\/pl\/wp-json\/wp\/v2\/product_tag?post=11149"}],"curies":[{"name":"wp","href":"https:\/\/api.w.org\/{rel}","templated":true}]}}