{"id":11152,"date":"2024-06-27T03:19:48","date_gmt":"2024-06-27T01:19:48","guid":{"rendered":"https:\/\/aquaforest.eu\/products\/bez-kategorii\/af-life-source\/"},"modified":"2024-09-17T15:34:12","modified_gmt":"2024-09-17T13:34:12","slug":"af-life-source","status":"publish","type":"product","link":"https:\/\/aquaforest.eu\/pl\/produkty\/seawater\/parametry-wody\/af-life-source\/","title":{"rendered":"AF Life Source"},"content":{"rendered":"<h4 class=\"fusion-responsive-typography-calculated\" data-fontsize=\"22\" data-lineheight=\"27.5px\"><span style=\"color: #000000;\">AF Life Source \u2013 naturalna stabilizacja biologiczna akwarium morskiego<\/span><\/h4>\n<p>AF Life Source jest to 100% naturalne z\u0142o\u017ce pozyskiwane z najczystszych w\u00f3d Pacyfiku \u2013 z Fiji. Doskonale sprawdza si\u0119 jako bufor w celu zwi\u0119kszenia mikrobiologii w akwarium morskim. Stabilizacja biologiczna jest kluczowym elementem w hodowli koralowc\u00f3w. Dzi\u0119ki stosowaniu AF Life Source koralowce maj\u0105 dost\u0119p do sk\u0142adnik\u00f3w pochodz\u0105cych z naturalnego \u015brodowiska. Produkt jest doskona\u0142ym uzupe\u0142nieniem i od\u015bwie\u017ceniem flory w refugium oraz DSB.<\/p>\n<p>&nbsp;<\/p>\n<hr \/>\n<h4 data-fontsize=\"22\" data-lineheight=\"27.5px\"><\/h4>\n<h4 class=\"fusion-responsive-typography-calculated\" data-fontsize=\"22\" data-lineheight=\"27.5px\"><span style=\"color: #000000;\">Wykorzystaj potencja\u0142 naturalnej biologii zawartej w AF Life Source dla doskona\u0142ego zdrowia Twojego akwarium<\/span><\/h4>\n<p><strong>Dozowanie<\/strong>: Zalecamy stosowa\u0107 minimum raz w tygodniu podaj\u0105c 10ml\/ 100L akwarium. Substrat mo\u017cna r\u00f3wnie\u017c umie\u015bci\u0107 w dobrym przep\u0142ywie wody aby zawarte w nim cenne minera\u0142y i substancje od\u017cywcze by\u0142y stale uwalniane do akwarium. Mo\u017cliwe zm\u0119tnienie wody jest naturalne i bezpieczne dla zwierz\u0105t rafowych. Ze wzgl\u0119du na swoje naturalne pochodzenie produkt mo\u017ce zawiera\u0107 kawa\u0142ki rafy koralowej, kamienie i inne niewielkie zanieczyszczenia ze \u015brodowiska naturalnego.<\/p>\n","protected":false},"excerpt":{"rendered":"<p>Wzbogacaj\u0105ce biologicznie z\u0142o\u017ce pozyskiwane z najczystszych w\u00f3d Fid\u017ci. Doskona\u0142e jako bufor wspomagaj\u0105cy mikrobiologi\u0119 w akwariach morskich.<\/p>\n","protected":false},"featured_media":11175,"template":"","meta":{"_acf_changed":false,"content-type":""},"product_brand":[],"product_cat":[1157],"product_tag":[967,1096,1568,1422],"class_list":{"0":"post-11152","1":"product","2":"type-product","3":"status-publish","4":"has-post-thumbnail","6":"product_cat-parametry-wody","7":"product_tag-aquaforest-pl","8":"product_tag-chemia-wody","9":"product_tag-seawater-aquatic-pl","10":"product_tag-variable-pl","12":"first","13":"instock","14":"taxable","15":"shipping-taxable","16":"product-type-variable","17":"has-default-attributes"},"acf":[],"yoast_head":"<!-- This site is optimized with the Yoast SEO plugin v27.1.1 - https:\/\/yoast.com\/product\/yoast-seo-wordpress\/ -->\n<title>AF Life Source - Aquaforest<\/title>\n<meta name=\"description\" content=\"AF Life Source by Aquaforest: zaawansowany suplement dla koralowc\u00f3w. Wzbogacenie biologii akwarium przy u\u017cyciu b\u0142ota z najczystszych w\u00f3d Fid\u017ci.\" \/>\n<meta name=\"robots\" content=\"index, follow, max-snippet:-1, max-image-preview:large, max-video-preview:-1\" \/>\n<link rel=\"canonical\" href=\"https:\/\/aquaforest.eu\/pl\/produkty\/seawater\/parametry-wody\/af-life-source\/\" \/>\n<meta property=\"og:locale\" content=\"pl_PL\" \/>\n<meta property=\"og:type\" content=\"article\" \/>\n<meta property=\"og:title\" content=\"AF Life Source - Aquaforest\" \/>\n<meta property=\"og:description\" content=\"AF Life Source by Aquaforest: zaawansowany suplement dla koralowc\u00f3w. Wzbogacenie biologii akwarium przy u\u017cyciu b\u0142ota z najczystszych w\u00f3d Fid\u017ci.\" \/>\n<meta property=\"og:url\" content=\"https:\/\/aquaforest.eu\/pl\/produkty\/seawater\/parametry-wody\/af-life-source\/\" \/>\n<meta property=\"og:site_name\" content=\"Aquaforest\" \/>\n<meta property=\"article:publisher\" content=\"https:\/\/www.facebook.com\/Aquaforest\/\" \/>\n<meta property=\"article:modified_time\" content=\"2024-09-17T13:34:12+00:00\" \/>\n<meta property=\"og:image\" content=\"https:\/\/aquaforest.eu\/wp-content\/uploads\/2024\/06\/AF-Life-Source_1-kg.png\" \/>\n\t<meta property=\"og:image:width\" content=\"431\" \/>\n\t<meta property=\"og:image:height\" content=\"600\" \/>\n\t<meta property=\"og:image:type\" content=\"image\/png\" \/>\n<meta name=\"twitter:card\" content=\"summary_large_image\" \/>\n<meta name=\"twitter:label1\" content=\"Szacowany czas czytania\" \/>\n\t<meta name=\"twitter:data1\" content=\"1 minuta\" \/>\n<script type=\"application\/ld+json\" class=\"yoast-schema-graph\">{\"@context\":\"https:\/\/schema.org\",\"@graph\":[{\"@type\":\"WebPage\",\"@id\":\"https:\/\/aquaforest.eu\/pl\/produkty\/seawater\/parametry-wody\/af-life-source\/\",\"url\":\"https:\/\/aquaforest.eu\/pl\/produkty\/seawater\/parametry-wody\/af-life-source\/\",\"name\":\"AF Life Source - Aquaforest\",\"isPartOf\":{\"@id\":\"https:\/\/aquaforest.eu\/pl\/#website\"},\"primaryImageOfPage\":{\"@id\":\"https:\/\/aquaforest.eu\/pl\/produkty\/seawater\/parametry-wody\/af-life-source\/#primaryimage\"},\"image\":{\"@id\":\"https:\/\/aquaforest.eu\/pl\/produkty\/seawater\/parametry-wody\/af-life-source\/#primaryimage\"},\"thumbnailUrl\":\"https:\/\/aquaforest.eu\/wp-content\/uploads\/2024\/06\/AF-Life-Source_1-kg.png\",\"datePublished\":\"2024-06-27T01:19:48+00:00\",\"dateModified\":\"2024-09-17T13:34:12+00:00\",\"description\":\"AF Life Source by Aquaforest: zaawansowany suplement dla koralowc\u00f3w. Wzbogacenie biologii akwarium przy u\u017cyciu b\u0142ota z najczystszych w\u00f3d Fid\u017ci.\",\"breadcrumb\":{\"@id\":\"https:\/\/aquaforest.eu\/pl\/produkty\/seawater\/parametry-wody\/af-life-source\/#breadcrumb\"},\"inLanguage\":\"pl-PL\",\"potentialAction\":[{\"@type\":\"ReadAction\",\"target\":[\"https:\/\/aquaforest.eu\/pl\/produkty\/seawater\/parametry-wody\/af-life-source\/\"]}]},{\"@type\":\"ImageObject\",\"inLanguage\":\"pl-PL\",\"@id\":\"https:\/\/aquaforest.eu\/pl\/produkty\/seawater\/parametry-wody\/af-life-source\/#primaryimage\",\"url\":\"https:\/\/aquaforest.eu\/wp-content\/uploads\/2024\/06\/AF-Life-Source_1-kg.png\",\"contentUrl\":\"https:\/\/aquaforest.eu\/wp-content\/uploads\/2024\/06\/AF-Life-Source_1-kg.png\",\"width\":431,\"height\":600},{\"@type\":\"BreadcrumbList\",\"@id\":\"https:\/\/aquaforest.eu\/pl\/produkty\/seawater\/parametry-wody\/af-life-source\/#breadcrumb\",\"itemListElement\":[{\"@type\":\"ListItem\",\"position\":1,\"name\":\"Home\",\"item\":\"https:\/\/aquaforest.eu\/pl\/\"},{\"@type\":\"ListItem\",\"position\":2,\"name\":\"Produkty\",\"item\":\"https:\/\/aquaforest.eu\/pl\/produkty\/\"},{\"@type\":\"ListItem\",\"position\":3,\"name\":\"AF Life Source\"}]},{\"@type\":\"WebSite\",\"@id\":\"https:\/\/aquaforest.eu\/pl\/#website\",\"url\":\"https:\/\/aquaforest.eu\/pl\/\",\"name\":\"Aquaforest\",\"description\":\"\",\"publisher\":{\"@id\":\"https:\/\/aquaforest.eu\/pl\/#organization\"},\"potentialAction\":[{\"@type\":\"SearchAction\",\"target\":{\"@type\":\"EntryPoint\",\"urlTemplate\":\"https:\/\/aquaforest.eu\/pl\/?s={search_term_string}\"},\"query-input\":{\"@type\":\"PropertyValueSpecification\",\"valueRequired\":true,\"valueName\":\"search_term_string\"}}],\"inLanguage\":\"pl-PL\"},{\"@type\":\"Organization\",\"@id\":\"https:\/\/aquaforest.eu\/pl\/#organization\",\"name\":\"Aquaforest\",\"url\":\"https:\/\/aquaforest.eu\/pl\/\",\"logo\":{\"@type\":\"ImageObject\",\"inLanguage\":\"pl-PL\",\"@id\":\"https:\/\/aquaforest.eu\/pl\/#\/schema\/logo\/image\/\",\"url\":\"https:\/\/aquaforest.eu\/wp-content\/uploads\/2024\/05\/logotyp-aquaforest.svg\",\"contentUrl\":\"https:\/\/aquaforest.eu\/wp-content\/uploads\/2024\/05\/logotyp-aquaforest.svg\",\"width\":170,\"height\":22,\"caption\":\"Aquaforest\"},\"image\":{\"@id\":\"https:\/\/aquaforest.eu\/pl\/#\/schema\/logo\/image\/\"},\"sameAs\":[\"https:\/\/www.facebook.com\/Aquaforest\/\",\"https:\/\/www.instagram.com\/aquaforest.eu\/\"]}]}<\/script>\n<!-- \/ Yoast SEO plugin. -->","yoast_head_json":{"title":"AF Life Source - Aquaforest","description":"AF Life Source by Aquaforest: zaawansowany suplement dla koralowc\u00f3w. Wzbogacenie biologii akwarium przy u\u017cyciu b\u0142ota z najczystszych w\u00f3d Fid\u017ci.","robots":{"index":"index","follow":"follow","max-snippet":"max-snippet:-1","max-image-preview":"max-image-preview:large","max-video-preview":"max-video-preview:-1"},"canonical":"https:\/\/aquaforest.eu\/pl\/produkty\/seawater\/parametry-wody\/af-life-source\/","og_locale":"pl_PL","og_type":"article","og_title":"AF Life Source - Aquaforest","og_description":"AF Life Source by Aquaforest: zaawansowany suplement dla koralowc\u00f3w. Wzbogacenie biologii akwarium przy u\u017cyciu b\u0142ota z najczystszych w\u00f3d Fid\u017ci.","og_url":"https:\/\/aquaforest.eu\/pl\/produkty\/seawater\/parametry-wody\/af-life-source\/","og_site_name":"Aquaforest","article_publisher":"https:\/\/www.facebook.com\/Aquaforest\/","article_modified_time":"2024-09-17T13:34:12+00:00","og_image":[{"width":431,"height":600,"url":"https:\/\/aquaforest.eu\/wp-content\/uploads\/2024\/06\/AF-Life-Source_1-kg.png","type":"image\/png"}],"twitter_card":"summary_large_image","twitter_misc":{"Szacowany czas czytania":"1 minuta"},"schema":{"@context":"https:\/\/schema.org","@graph":[{"@type":"WebPage","@id":"https:\/\/aquaforest.eu\/pl\/produkty\/seawater\/parametry-wody\/af-life-source\/","url":"https:\/\/aquaforest.eu\/pl\/produkty\/seawater\/parametry-wody\/af-life-source\/","name":"AF Life Source - Aquaforest","isPartOf":{"@id":"https:\/\/aquaforest.eu\/pl\/#website"},"primaryImageOfPage":{"@id":"https:\/\/aquaforest.eu\/pl\/produkty\/seawater\/parametry-wody\/af-life-source\/#primaryimage"},"image":{"@id":"https:\/\/aquaforest.eu\/pl\/produkty\/seawater\/parametry-wody\/af-life-source\/#primaryimage"},"thumbnailUrl":"https:\/\/aquaforest.eu\/wp-content\/uploads\/2024\/06\/AF-Life-Source_1-kg.png","datePublished":"2024-06-27T01:19:48+00:00","dateModified":"2024-09-17T13:34:12+00:00","description":"AF Life Source by Aquaforest: zaawansowany suplement dla koralowc\u00f3w. Wzbogacenie biologii akwarium przy u\u017cyciu b\u0142ota z najczystszych w\u00f3d Fid\u017ci.","breadcrumb":{"@id":"https:\/\/aquaforest.eu\/pl\/produkty\/seawater\/parametry-wody\/af-life-source\/#breadcrumb"},"inLanguage":"pl-PL","potentialAction":[{"@type":"ReadAction","target":["https:\/\/aquaforest.eu\/pl\/produkty\/seawater\/parametry-wody\/af-life-source\/"]}]},{"@type":"ImageObject","inLanguage":"pl-PL","@id":"https:\/\/aquaforest.eu\/pl\/produkty\/seawater\/parametry-wody\/af-life-source\/#primaryimage","url":"https:\/\/aquaforest.eu\/wp-content\/uploads\/2024\/06\/AF-Life-Source_1-kg.png","contentUrl":"https:\/\/aquaforest.eu\/wp-content\/uploads\/2024\/06\/AF-Life-Source_1-kg.png","width":431,"height":600},{"@type":"BreadcrumbList","@id":"https:\/\/aquaforest.eu\/pl\/produkty\/seawater\/parametry-wody\/af-life-source\/#breadcrumb","itemListElement":[{"@type":"ListItem","position":1,"name":"Home","item":"https:\/\/aquaforest.eu\/pl\/"},{"@type":"ListItem","position":2,"name":"Produkty","item":"https:\/\/aquaforest.eu\/pl\/produkty\/"},{"@type":"ListItem","position":3,"name":"AF Life Source"}]},{"@type":"WebSite","@id":"https:\/\/aquaforest.eu\/pl\/#website","url":"https:\/\/aquaforest.eu\/pl\/","name":"Aquaforest","description":"","publisher":{"@id":"https:\/\/aquaforest.eu\/pl\/#organization"},"potentialAction":[{"@type":"SearchAction","target":{"@type":"EntryPoint","urlTemplate":"https:\/\/aquaforest.eu\/pl\/?s={search_term_string}"},"query-input":{"@type":"PropertyValueSpecification","valueRequired":true,"valueName":"search_term_string"}}],"inLanguage":"pl-PL"},{"@type":"Organization","@id":"https:\/\/aquaforest.eu\/pl\/#organization","name":"Aquaforest","url":"https:\/\/aquaforest.eu\/pl\/","logo":{"@type":"ImageObject","inLanguage":"pl-PL","@id":"https:\/\/aquaforest.eu\/pl\/#\/schema\/logo\/image\/","url":"https:\/\/aquaforest.eu\/wp-content\/uploads\/2024\/05\/logotyp-aquaforest.svg","contentUrl":"https:\/\/aquaforest.eu\/wp-content\/uploads\/2024\/05\/logotyp-aquaforest.svg","width":170,"height":22,"caption":"Aquaforest"},"image":{"@id":"https:\/\/aquaforest.eu\/pl\/#\/schema\/logo\/image\/"},"sameAs":["https:\/\/www.facebook.com\/Aquaforest\/","https:\/\/www.instagram.com\/aquaforest.eu\/"]}]}},"_links":{"self":[{"href":"https:\/\/aquaforest.eu\/pl\/wp-json\/wp\/v2\/product\/11152","targetHints":{"allow":["GET"]}}],"collection":[{"href":"https:\/\/aquaforest.eu\/pl\/wp-json\/wp\/v2\/product"}],"about":[{"href":"https:\/\/aquaforest.eu\/pl\/wp-json\/wp\/v2\/types\/product"}],"version-history":[{"count":0,"href":"https:\/\/aquaforest.eu\/pl\/wp-json\/wp\/v2\/product\/11152\/revisions"}],"wp:featuredmedia":[{"embeddable":true,"href":"https:\/\/aquaforest.eu\/pl\/wp-json\/wp\/v2\/media\/11175"}],"wp:attachment":[{"href":"https:\/\/aquaforest.eu\/pl\/wp-json\/wp\/v2\/media?parent=11152"}],"wp:term":[{"taxonomy":"product_brand","embeddable":true,"href":"https:\/\/aquaforest.eu\/pl\/wp-json\/wp\/v2\/product_brand?post=11152"},{"taxonomy":"product_cat","embeddable":true,"href":"https:\/\/aquaforest.eu\/pl\/wp-json\/wp\/v2\/product_cat?post=11152"},{"taxonomy":"product_tag","embeddable":true,"href":"https:\/\/aquaforest.eu\/pl\/wp-json\/wp\/v2\/product_tag?post=11152"}],"curies":[{"name":"wp","href":"https:\/\/api.w.org\/{rel}","templated":true}]}}