{"id":11155,"date":"2024-06-27T03:18:13","date_gmt":"2024-06-27T01:18:13","guid":{"rendered":"https:\/\/aquaforest.eu\/products\/bez-kategorii\/af-power-elixir\/"},"modified":"2025-06-18T10:17:27","modified_gmt":"2025-06-18T08:17:27","slug":"af-power-elixir","status":"publish","type":"product","link":"https:\/\/aquaforest.eu\/pl\/produkty\/seawater\/pokarmy-i-suplementacja\/af-power-elixir\/","title":{"rendered":"AF Power Elixir"},"content":{"rendered":"<h3 class=\"fusion-responsive-typography-calculated\" data-fontsize=\"22\" data-lineheight=\"27.5px\"><span style=\"color: #f1005d;\">Kompleksowa formu\u0142a dla wymagaj\u0105cych koralowc\u00f3w<\/span><\/h3>\n<p><span style=\"color: #000000;\">AF Power Elixir to kompleksowa formu\u0142a stworzona z my\u015bl\u0105 o zaspokojeniu potrzeb najbardziej wymagaj\u0105cych koralowc\u00f3w. Opracowana na bazie wieloletnich akwarystycznych do\u015bwiadcze\u0144 receptura gwarantuje idealn\u0105 r\u00f3wnowag\u0119 pomi\u0119dzy aminokwasami a warto\u015bciowymi witaminami. Produkt dedykowany jest do pomp dozuj\u0105cych, a dzi\u0119ki zastosowaniu najwy\u017cszej jako\u015bci sk\u0142adnik\u00f3w nie wymaga rozcie\u0144czania, wstrz\u0105sania ani przechowywania w lod\u00f3wce. Nie zawiera szkodliwych substancji, a ze wzgl\u0119du na bogaty sk\u0142ad zauwa\u017calnie przyspiesza wzrost koralowc\u00f3w. Zawiera m.in. biotyn\u0119, alanin\u0119, glutamin\u0119, leucyn\u0119, lizyn\u0119 i seryn\u0119. Podnosi jako\u015b\u0107 procesu fotosyntezy, u\u0142atwiaj\u0105c koralowcom od\u017cywianie gwarantuje im \u015bwietn\u0105 kondycj\u0119. Wzbogacenie formu\u0142y o zestaw specjalnie dobranych witamin pozwala na uzyskanie intensywnych barw koralowc\u00f3w, a zapewniaj\u0105c mieszka\u0144com akwarium ci\u0105g\u0142y dost\u0119p do najwy\u017cszej jako\u015bci sk\u0142adnik\u00f3w od\u017cywczych, gwarantuje im zdrowe funkcjonowanie. Dzi\u0119ki swojej unikalnej kompozycji dostarcza koralowcom optymalnej dawki substancji od\u017cywczych, zapewniaj\u0105c im idealne warunki rozwoju.<\/span><\/p>\n<p>&nbsp;<\/p>\n<hr \/>\n<h4 data-fontsize=\"22\" data-lineheight=\"27.5px\"><\/h4>\n<h3 class=\"fusion-responsive-typography-calculated\" data-fontsize=\"22\" data-lineheight=\"27.5px\"><span style=\"color: #f1005d;\">Dlaczego to takie wa\u017cne?<\/span><\/h3>\n<p><span style=\"color: #000000;\">Aminokwasy s\u0105 materia\u0142em budulcowym bia\u0142ek. Oznacza to, \u017ce bez nich, budowanie tkanek przez koralowce jest niemo\u017cliwe. Do zdrowego wzrostu i prawid\u0142owego funkcjonowania kom\u00f3rek potrzebne jest zatem dostarczanie odpowiedniej ilo\u015bci aminokwas\u00f3w. Dzi\u0119ki nim koralowce uzyskaj\u0105 intensywniejsze wybarwienie przy jednoczesnym mocniejszym polipowaniu.<\/span><\/p>\n<ul>\n<li aria-level=\"1\"><span style=\"color: #000000;\">W naturalnym \u015brodowisku koralowce czerpi\u0105 je z pokarmu, podobnie w zamkni\u0119tym systemie akwariowym, aminokwas\u00f3w powinni\u015bmy dostarcza\u0107 z po\u017cywieniem.<\/span><\/li>\n<li aria-level=\"1\"><span style=\"color: #000000;\">Regularne dozowanie odpowiedniej mieszanki aminokwas\u00f3w i witamin gwarantuje utrzymanie koralowc\u00f3w w \u015bwietnej kondycji.<\/span><\/li>\n<li aria-level=\"1\"><span style=\"color: #000000;\">Wspiera fotosyntez\u0119 i naturalne wzorce wzrostu koralowc\u00f3w<\/span><\/li>\n<li aria-level=\"1\"><span style=\"color: #000000;\">Zaprojektowany, aby przewy\u017cszy\u0107 potrzeby nawet najbardziej wymagaj\u0105cych i wra\u017cliwych koralowc\u00f3w<\/span><\/li>\n<\/ul>\n<p>&nbsp;<\/p>\n<hr \/>\n<p>&nbsp;<\/p>\n<h3><span style=\"color: #f1005d;\">Dlaczego warto kupi\u0107 AF Power Elixir?<\/span><\/h3>\n<ul>\n<li aria-level=\"1\"><span style=\"color: #000000;\">Naukowo przetestowany i udowodniony, \u017ce znacznie przyspiesza wzrost koralowc\u00f3w<\/span><\/li>\n<li aria-level=\"1\"><span style=\"color: #000000;\">Zaprojektowany do pod\u0142\u0105czenia do pompy dozuj\u0105cej<\/span><\/li>\n<li aria-level=\"1\"><span style=\"color: #000000;\">Nie wymaga ch\u0142odzenia, rozcie\u0144czania ani wstrz\u0105sania<\/span><\/li>\n<li aria-level=\"1\"><span style=\"color: #000000;\">Nie zawiera szkodliwych substancji, kt\u00f3re mog\u0105 zak\u0142\u00f3ci\u0107 chemi\u0119 zbiornika<\/span><\/li>\n<\/ul>\n<p>&nbsp;<\/p>\n<hr \/>\n<p>&nbsp;<\/p>\n<p><span style=\"color: #000000;\"><span style=\"color: #f1005d;\"><strong>Dozowanie<\/strong>:<\/span> 4 ml\/100 l wody w akwarium przy \u015bredniej obsadzie koralowc\u00f3w. Nie wymaga wcze\u015bniejszego przygotowania, po otwarciu produkt wystarczy pod\u0142\u0105czy\u0107 po pomp\u0119 dozuj\u0105c\u0105. W przypadku manualnego dozowania produktu, rekomendowan\u0105 dawk\u0119 w ca\u0142o\u015bci wla\u0107 do akwarium. Po otwarciu przechowywa\u0107 w temperaturze pokojowej do 30 dni. Dla pompy dozuj\u0105cej zalecamy odmierzenie miesi\u0119cznej porcji i przelanie jej do pojemnika, z kt\u00f3rego b\u0119dzie dozowana. Pozosta\u0142\u0105 cz\u0119\u015b\u0107 produktu nale\u017cy przechowywa\u0107 zamkni\u0119t\u0105 w lod\u00f3wce i zu\u017cy\u0107 w ci\u0105gu 6 miesi\u0119cy. Nale\u017cy pami\u0119ta\u0107, \u017ce ka\u017cde akwarium jest inne i dawkowanie r\u00f3wnie\u017c mo\u017ce by\u0107 inne w zale\u017cno\u015bci od obsady koralowc\u00f3w. Zalecamy rozpocz\u0119cie stosowania suplement\u00f3w i pokarm\u00f3w od po\u0142owy dawki (nawet 1\/4) oraz obserwacj\u0119 koralowc\u00f3w i ich reakcji na podawany pokarm. W momencie, kiedy koralowce b\u0119d\u0105 dobrze reagowa\u0107, a w akwarium nie b\u0119dzie wida\u0107 oznak przedawkowania, zalecamy zwi\u0119kszanie karmienia do dawki docelowej.<\/span><\/p>\n<p>&nbsp;<\/p>\n<p>Sprawd\u017a nasz film z dozowania <span style=\"color: #f1005d;\"><a style=\"color: #f1005d;\" href=\"https:\/\/aquaforest.eu\/pl\/produkty\/seawater\/pokarmy-i-suplementacja\/af-amino-mix\/\">ABEV<\/a><\/span> i AF Power Elixir <span style=\"color: #f1005d;\"><a style=\"color: #f1005d;\" href=\"https:\/\/www.youtube.com\/shorts\/WcMbcvLLGPM\">tutaj<\/a><\/span>!<\/p>\n","protected":false},"excerpt":{"rendered":"<p>Zaawansowany suplement idealny do pomp dozuj\u0105cych. Wspomaga wybarwienie zooksantelli koralowc\u00f3w poprzez sta\u0142y dost\u0119p do najwy\u017cszej jako\u015bci sk\u0142adnik\u00f3w od\u017cywczych.<\/p>\n","protected":false},"featured_media":11172,"template":"","meta":{"_acf_changed":false,"content-type":""},"product_brand":[],"product_cat":[1151],"product_tag":[1638,967,1569,1568,1422],"class_list":{"0":"post-11155","1":"product","2":"type-product","3":"status-publish","4":"has-post-thumbnail","6":"product_cat-pokarmy-i-suplementacja","7":"product_tag-af-power-elixir","8":"product_tag-aquaforest-pl","9":"product_tag-foods-and-supplementation-pl","10":"product_tag-seawater-aquatic-pl","11":"product_tag-variable-pl","13":"first","14":"instock","15":"taxable","16":"shipping-taxable","17":"product-type-variable","18":"has-default-attributes"},"acf":[],"yoast_head":"<!-- This site is optimized with the Yoast SEO plugin v27.1.1 - https:\/\/yoast.com\/product\/yoast-seo-wordpress\/ -->\n<title>AF Power Elixir - Aquaforest<\/title>\n<meta name=\"description\" content=\"AF Power Elixir to zaawansowany suplement idealny do pomp dozuj\u0105cych. Wspomaga wybarwienie zooksantelli koralowc\u00f3w, dzi\u0119ki dost\u0119powi do aminokwas\u00f3w.\" \/>\n<meta name=\"robots\" content=\"index, follow, max-snippet:-1, max-image-preview:large, max-video-preview:-1\" \/>\n<link rel=\"canonical\" href=\"https:\/\/aquaforest.eu\/pl\/produkty\/seawater\/pokarmy-i-suplementacja\/af-power-elixir\/\" \/>\n<meta property=\"og:locale\" content=\"pl_PL\" \/>\n<meta property=\"og:type\" content=\"article\" \/>\n<meta property=\"og:title\" content=\"AF Power Elixir - Aquaforest\" \/>\n<meta property=\"og:description\" content=\"AF Power Elixir to zaawansowany suplement idealny do pomp dozuj\u0105cych. Wspomaga wybarwienie zooksantelli koralowc\u00f3w, dzi\u0119ki dost\u0119powi do aminokwas\u00f3w.\" \/>\n<meta property=\"og:url\" content=\"https:\/\/aquaforest.eu\/pl\/produkty\/seawater\/pokarmy-i-suplementacja\/af-power-elixir\/\" \/>\n<meta property=\"og:site_name\" content=\"Aquaforest\" \/>\n<meta property=\"article:publisher\" content=\"https:\/\/www.facebook.com\/Aquaforest\/\" \/>\n<meta property=\"article:modified_time\" content=\"2025-06-18T08:17:27+00:00\" \/>\n<meta property=\"og:image\" content=\"https:\/\/aquaforest.eu\/wp-content\/uploads\/2024\/06\/AF-Power-Elixir_200-ml.png\" \/>\n\t<meta property=\"og:image:width\" content=\"330\" \/>\n\t<meta property=\"og:image:height\" content=\"600\" \/>\n\t<meta property=\"og:image:type\" content=\"image\/png\" \/>\n<meta name=\"twitter:card\" content=\"summary_large_image\" \/>\n<meta name=\"twitter:label1\" content=\"Szacowany czas czytania\" \/>\n\t<meta name=\"twitter:data1\" content=\"2 minuty\" \/>\n<script type=\"application\/ld+json\" class=\"yoast-schema-graph\">{\"@context\":\"https:\/\/schema.org\",\"@graph\":[{\"@type\":\"WebPage\",\"@id\":\"https:\/\/aquaforest.eu\/pl\/produkty\/seawater\/pokarmy-i-suplementacja\/af-power-elixir\/\",\"url\":\"https:\/\/aquaforest.eu\/pl\/produkty\/seawater\/pokarmy-i-suplementacja\/af-power-elixir\/\",\"name\":\"AF Power Elixir - Aquaforest\",\"isPartOf\":{\"@id\":\"https:\/\/aquaforest.eu\/pl\/#website\"},\"primaryImageOfPage\":{\"@id\":\"https:\/\/aquaforest.eu\/pl\/produkty\/seawater\/pokarmy-i-suplementacja\/af-power-elixir\/#primaryimage\"},\"image\":{\"@id\":\"https:\/\/aquaforest.eu\/pl\/produkty\/seawater\/pokarmy-i-suplementacja\/af-power-elixir\/#primaryimage\"},\"thumbnailUrl\":\"https:\/\/aquaforest.eu\/wp-content\/uploads\/2024\/06\/AF-Power-Elixir_200-ml.png\",\"datePublished\":\"2024-06-27T01:18:13+00:00\",\"dateModified\":\"2025-06-18T08:17:27+00:00\",\"description\":\"AF Power Elixir to zaawansowany suplement idealny do pomp dozuj\u0105cych. Wspomaga wybarwienie zooksantelli koralowc\u00f3w, dzi\u0119ki dost\u0119powi do aminokwas\u00f3w.\",\"breadcrumb\":{\"@id\":\"https:\/\/aquaforest.eu\/pl\/produkty\/seawater\/pokarmy-i-suplementacja\/af-power-elixir\/#breadcrumb\"},\"inLanguage\":\"pl-PL\",\"potentialAction\":[{\"@type\":\"ReadAction\",\"target\":[\"https:\/\/aquaforest.eu\/pl\/produkty\/seawater\/pokarmy-i-suplementacja\/af-power-elixir\/\"]}]},{\"@type\":\"ImageObject\",\"inLanguage\":\"pl-PL\",\"@id\":\"https:\/\/aquaforest.eu\/pl\/produkty\/seawater\/pokarmy-i-suplementacja\/af-power-elixir\/#primaryimage\",\"url\":\"https:\/\/aquaforest.eu\/wp-content\/uploads\/2024\/06\/AF-Power-Elixir_200-ml.png\",\"contentUrl\":\"https:\/\/aquaforest.eu\/wp-content\/uploads\/2024\/06\/AF-Power-Elixir_200-ml.png\",\"width\":330,\"height\":600,\"caption\":\"AF Power Elixir 200ml\"},{\"@type\":\"BreadcrumbList\",\"@id\":\"https:\/\/aquaforest.eu\/pl\/produkty\/seawater\/pokarmy-i-suplementacja\/af-power-elixir\/#breadcrumb\",\"itemListElement\":[{\"@type\":\"ListItem\",\"position\":1,\"name\":\"Home\",\"item\":\"https:\/\/aquaforest.eu\/pl\/\"},{\"@type\":\"ListItem\",\"position\":2,\"name\":\"Produkty\",\"item\":\"https:\/\/aquaforest.eu\/pl\/produkty\/\"},{\"@type\":\"ListItem\",\"position\":3,\"name\":\"AF Power Elixir\"}]},{\"@type\":\"WebSite\",\"@id\":\"https:\/\/aquaforest.eu\/pl\/#website\",\"url\":\"https:\/\/aquaforest.eu\/pl\/\",\"name\":\"Aquaforest\",\"description\":\"\",\"publisher\":{\"@id\":\"https:\/\/aquaforest.eu\/pl\/#organization\"},\"potentialAction\":[{\"@type\":\"SearchAction\",\"target\":{\"@type\":\"EntryPoint\",\"urlTemplate\":\"https:\/\/aquaforest.eu\/pl\/?s={search_term_string}\"},\"query-input\":{\"@type\":\"PropertyValueSpecification\",\"valueRequired\":true,\"valueName\":\"search_term_string\"}}],\"inLanguage\":\"pl-PL\"},{\"@type\":\"Organization\",\"@id\":\"https:\/\/aquaforest.eu\/pl\/#organization\",\"name\":\"Aquaforest\",\"url\":\"https:\/\/aquaforest.eu\/pl\/\",\"logo\":{\"@type\":\"ImageObject\",\"inLanguage\":\"pl-PL\",\"@id\":\"https:\/\/aquaforest.eu\/pl\/#\/schema\/logo\/image\/\",\"url\":\"https:\/\/aquaforest.eu\/wp-content\/uploads\/2024\/05\/logotyp-aquaforest.svg\",\"contentUrl\":\"https:\/\/aquaforest.eu\/wp-content\/uploads\/2024\/05\/logotyp-aquaforest.svg\",\"width\":170,\"height\":22,\"caption\":\"Aquaforest\"},\"image\":{\"@id\":\"https:\/\/aquaforest.eu\/pl\/#\/schema\/logo\/image\/\"},\"sameAs\":[\"https:\/\/www.facebook.com\/Aquaforest\/\",\"https:\/\/www.instagram.com\/aquaforest.eu\/\"]}]}<\/script>\n<!-- \/ Yoast SEO plugin. -->","yoast_head_json":{"title":"AF Power Elixir - Aquaforest","description":"AF Power Elixir to zaawansowany suplement idealny do pomp dozuj\u0105cych. Wspomaga wybarwienie zooksantelli koralowc\u00f3w, dzi\u0119ki dost\u0119powi do aminokwas\u00f3w.","robots":{"index":"index","follow":"follow","max-snippet":"max-snippet:-1","max-image-preview":"max-image-preview:large","max-video-preview":"max-video-preview:-1"},"canonical":"https:\/\/aquaforest.eu\/pl\/produkty\/seawater\/pokarmy-i-suplementacja\/af-power-elixir\/","og_locale":"pl_PL","og_type":"article","og_title":"AF Power Elixir - Aquaforest","og_description":"AF Power Elixir to zaawansowany suplement idealny do pomp dozuj\u0105cych. Wspomaga wybarwienie zooksantelli koralowc\u00f3w, dzi\u0119ki dost\u0119powi do aminokwas\u00f3w.","og_url":"https:\/\/aquaforest.eu\/pl\/produkty\/seawater\/pokarmy-i-suplementacja\/af-power-elixir\/","og_site_name":"Aquaforest","article_publisher":"https:\/\/www.facebook.com\/Aquaforest\/","article_modified_time":"2025-06-18T08:17:27+00:00","og_image":[{"width":330,"height":600,"url":"https:\/\/aquaforest.eu\/wp-content\/uploads\/2024\/06\/AF-Power-Elixir_200-ml.png","type":"image\/png"}],"twitter_card":"summary_large_image","twitter_misc":{"Szacowany czas czytania":"2 minuty"},"schema":{"@context":"https:\/\/schema.org","@graph":[{"@type":"WebPage","@id":"https:\/\/aquaforest.eu\/pl\/produkty\/seawater\/pokarmy-i-suplementacja\/af-power-elixir\/","url":"https:\/\/aquaforest.eu\/pl\/produkty\/seawater\/pokarmy-i-suplementacja\/af-power-elixir\/","name":"AF Power Elixir - Aquaforest","isPartOf":{"@id":"https:\/\/aquaforest.eu\/pl\/#website"},"primaryImageOfPage":{"@id":"https:\/\/aquaforest.eu\/pl\/produkty\/seawater\/pokarmy-i-suplementacja\/af-power-elixir\/#primaryimage"},"image":{"@id":"https:\/\/aquaforest.eu\/pl\/produkty\/seawater\/pokarmy-i-suplementacja\/af-power-elixir\/#primaryimage"},"thumbnailUrl":"https:\/\/aquaforest.eu\/wp-content\/uploads\/2024\/06\/AF-Power-Elixir_200-ml.png","datePublished":"2024-06-27T01:18:13+00:00","dateModified":"2025-06-18T08:17:27+00:00","description":"AF Power Elixir to zaawansowany suplement idealny do pomp dozuj\u0105cych. Wspomaga wybarwienie zooksantelli koralowc\u00f3w, dzi\u0119ki dost\u0119powi do aminokwas\u00f3w.","breadcrumb":{"@id":"https:\/\/aquaforest.eu\/pl\/produkty\/seawater\/pokarmy-i-suplementacja\/af-power-elixir\/#breadcrumb"},"inLanguage":"pl-PL","potentialAction":[{"@type":"ReadAction","target":["https:\/\/aquaforest.eu\/pl\/produkty\/seawater\/pokarmy-i-suplementacja\/af-power-elixir\/"]}]},{"@type":"ImageObject","inLanguage":"pl-PL","@id":"https:\/\/aquaforest.eu\/pl\/produkty\/seawater\/pokarmy-i-suplementacja\/af-power-elixir\/#primaryimage","url":"https:\/\/aquaforest.eu\/wp-content\/uploads\/2024\/06\/AF-Power-Elixir_200-ml.png","contentUrl":"https:\/\/aquaforest.eu\/wp-content\/uploads\/2024\/06\/AF-Power-Elixir_200-ml.png","width":330,"height":600,"caption":"AF Power Elixir 200ml"},{"@type":"BreadcrumbList","@id":"https:\/\/aquaforest.eu\/pl\/produkty\/seawater\/pokarmy-i-suplementacja\/af-power-elixir\/#breadcrumb","itemListElement":[{"@type":"ListItem","position":1,"name":"Home","item":"https:\/\/aquaforest.eu\/pl\/"},{"@type":"ListItem","position":2,"name":"Produkty","item":"https:\/\/aquaforest.eu\/pl\/produkty\/"},{"@type":"ListItem","position":3,"name":"AF Power Elixir"}]},{"@type":"WebSite","@id":"https:\/\/aquaforest.eu\/pl\/#website","url":"https:\/\/aquaforest.eu\/pl\/","name":"Aquaforest","description":"","publisher":{"@id":"https:\/\/aquaforest.eu\/pl\/#organization"},"potentialAction":[{"@type":"SearchAction","target":{"@type":"EntryPoint","urlTemplate":"https:\/\/aquaforest.eu\/pl\/?s={search_term_string}"},"query-input":{"@type":"PropertyValueSpecification","valueRequired":true,"valueName":"search_term_string"}}],"inLanguage":"pl-PL"},{"@type":"Organization","@id":"https:\/\/aquaforest.eu\/pl\/#organization","name":"Aquaforest","url":"https:\/\/aquaforest.eu\/pl\/","logo":{"@type":"ImageObject","inLanguage":"pl-PL","@id":"https:\/\/aquaforest.eu\/pl\/#\/schema\/logo\/image\/","url":"https:\/\/aquaforest.eu\/wp-content\/uploads\/2024\/05\/logotyp-aquaforest.svg","contentUrl":"https:\/\/aquaforest.eu\/wp-content\/uploads\/2024\/05\/logotyp-aquaforest.svg","width":170,"height":22,"caption":"Aquaforest"},"image":{"@id":"https:\/\/aquaforest.eu\/pl\/#\/schema\/logo\/image\/"},"sameAs":["https:\/\/www.facebook.com\/Aquaforest\/","https:\/\/www.instagram.com\/aquaforest.eu\/"]}]}},"_links":{"self":[{"href":"https:\/\/aquaforest.eu\/pl\/wp-json\/wp\/v2\/product\/11155","targetHints":{"allow":["GET"]}}],"collection":[{"href":"https:\/\/aquaforest.eu\/pl\/wp-json\/wp\/v2\/product"}],"about":[{"href":"https:\/\/aquaforest.eu\/pl\/wp-json\/wp\/v2\/types\/product"}],"version-history":[{"count":2,"href":"https:\/\/aquaforest.eu\/pl\/wp-json\/wp\/v2\/product\/11155\/revisions"}],"predecessor-version":[{"id":21171,"href":"https:\/\/aquaforest.eu\/pl\/wp-json\/wp\/v2\/product\/11155\/revisions\/21171"}],"wp:featuredmedia":[{"embeddable":true,"href":"https:\/\/aquaforest.eu\/pl\/wp-json\/wp\/v2\/media\/11172"}],"wp:attachment":[{"href":"https:\/\/aquaforest.eu\/pl\/wp-json\/wp\/v2\/media?parent=11155"}],"wp:term":[{"taxonomy":"product_brand","embeddable":true,"href":"https:\/\/aquaforest.eu\/pl\/wp-json\/wp\/v2\/product_brand?post=11155"},{"taxonomy":"product_cat","embeddable":true,"href":"https:\/\/aquaforest.eu\/pl\/wp-json\/wp\/v2\/product_cat?post=11155"},{"taxonomy":"product_tag","embeddable":true,"href":"https:\/\/aquaforest.eu\/pl\/wp-json\/wp\/v2\/product_tag?post=11155"}],"curies":[{"name":"wp","href":"https:\/\/api.w.org\/{rel}","templated":true}]}}