{"id":11160,"date":"2024-06-27T03:24:54","date_gmt":"2024-06-27T01:24:54","guid":{"rendered":"https:\/\/aquaforest.eu\/products\/bez-kategorii\/np-pro\/"},"modified":"2026-04-30T13:11:06","modified_gmt":"2026-04-30T11:11:06","slug":"np-pro","status":"publish","type":"product","link":"https:\/\/aquaforest.eu\/pl\/produkty\/seawater\/metoda-probiotyczna\/np-pro\/","title":{"rendered":"-NP Pro"},"content":{"rendered":"<h3 data-fontsize=\"22\" data-lineheight=\"27.5px\"><strong>-NP Pro \u2013 po\u017cywka dla bakterii probiotycznych<\/strong><\/h3>\n<p>-NP Pro to po\u017cywka dla bakterii probiotycznych przeznaczona do akwari\u00f3w rafowych (Pro Bio S). Produkt zawiera biodegradowalne p\u0142ynne polimery, kt\u00f3re s\u0105 doskona\u0142ym \u017ar\u00f3d\u0142em w\u0119gla dla bakterii probiotycznych. -NP Pro pozytywnie wp\u0142ywa na rozk\u0142ad masy organicznej i redukuje niepo\u017c\u0105dane NO3 i PO4 w wodzie akwariowej. W przeciwie\u0144stwie do typowych polimer\u00f3w, -NP Pro jako jedyny preparat dost\u0119pny na rynku nie wymaga stosowania specjalistycznych filtr\u00f3w przep\u0142ywowych.<\/p>\n<h3 data-fontsize=\"22\" data-lineheight=\"27.5px\"><strong>Zredukuj szkodliwe substancje dla optymalnych warunk\u00f3w \u017cycia koralowc\u00f3w<\/strong><\/h3>\n<p>-NP Pro przyspiesza rozw\u00f3j i rozmna\u017canie po\u017cytecznych bakterii probiotycznych, co w efekcie prowadzi do usuwania z wody szkodliwych zwi\u0105zk\u00f3w, takich jak azotany i fosforany. W wyniku wysokiego poziomu NO3 koralowce trac\u0105 kolor lub br\u0105zowiej\u0105. Regularne stosowanie -NP Pro pozwala zredukowa\u0107 ilo\u015b\u0107 azotan\u00f3w do niewykrywalnego poziomu, zapewniaj\u0105c koralowcom optymalne warunki \u017cycia i doskona\u0142e wybarwienie. Niew\u0142a\u015bciwy stosunek azotan\u00f3w i fosforan\u00f3w w wodzie prowadzi r\u00f3wnie\u017c do rozwoju niepo\u017c\u0105danych glon\u00f3w i sinic, dlatego stosowanie -NP Pro jest zalecane szczeg\u00f3lnie w przypadku zdiagnozowania wysokich warto\u015bci obu zwi\u0105zk\u00f3w. W po\u0142\u0105czeniu z Pro Bio S, -NP Pro przekszta\u0142ca niechciane w akwarium NO3 i PO4 w cenne bakterie, kt\u00f3re s\u0105 nast\u0119pnie wch\u0142aniane przez koralowce, zapewniaj\u0105c im naturalny pokarm.<\/p>\n<h3><strong>Dawkowanie: <\/strong><\/h3>\n<p>1 kropla na 100 litr\u00f3w (27 gal US) dziennie. Aby uzyska\u0107 najlepsz\u0105 skuteczno\u015b\u0107, zalecamy dozowanie razem z Pro Bio S. Po otwarciu przechowywa\u0107 w lod\u00f3wce, je\u015bli temperatura przekracza 24\u00b0C (75\u00b0F). Dla pomp dozuj\u0105cych (pojemnik 2000ml) : 5ml\/100l (US: 1 \u0142y\u017ceczka\/27 US gal. wody) dziennie.<\/p>\n<h3><strong>Warto wiedzie\u0107: <\/strong><\/h3>\n<p>Nie dokr\u0119ca\u0107 \u015bruby zbyt mocno, w przeciwnym razie mo\u017ce doj\u015b\u0107 do uszkodzenia pokrywy.<\/p>\n","protected":false},"excerpt":{"rendered":"<p data-fontsize=\"22\" data-lineheight=\"27.5px\">Aquaforest -NP Pro do skutecznego zarz\u0105dzania NO3 i PO4 w akwarium rafowym.<\/p>\n","protected":false},"featured_media":11133,"template":"","meta":{"_acf_changed":false,"content-type":""},"product_brand":[],"product_cat":[1155],"product_tag":[967,1109,1568,1422],"class_list":{"0":"post-11160","1":"product","2":"type-product","3":"status-publish","4":"has-post-thumbnail","6":"product_cat-metoda-probiotyczna","7":"product_tag-aquaforest-pl","8":"product_tag-metoda-probiotyczna","9":"product_tag-seawater-aquatic-pl","10":"product_tag-variable-pl","12":"first","13":"instock","14":"taxable","15":"shipping-taxable","16":"product-type-variable","17":"has-default-attributes"},"acf":[],"yoast_head":"<!-- This site is optimized with the Yoast SEO plugin v27.1.1 - https:\/\/yoast.com\/product\/yoast-seo-wordpress\/ -->\n<title>-NP Pro - Aquaforest<\/title>\n<meta name=\"description\" content=\"NP Pro: Sk\u0142adnik od\u017cywczy dla bakterii probiotycznych gwarantuj\u0105cy redukcj\u0119 azotan\u00f3w i fosforan\u00f3w w akwarium.\" \/>\n<meta name=\"robots\" content=\"index, follow, max-snippet:-1, max-image-preview:large, max-video-preview:-1\" \/>\n<link rel=\"canonical\" href=\"https:\/\/aquaforest.eu\/pl\/produkty\/seawater\/metoda-probiotyczna\/np-pro\/\" \/>\n<meta property=\"og:locale\" content=\"pl_PL\" \/>\n<meta property=\"og:type\" content=\"article\" \/>\n<meta property=\"og:title\" content=\"-NP Pro - Aquaforest\" \/>\n<meta property=\"og:description\" content=\"NP Pro: Sk\u0142adnik od\u017cywczy dla bakterii probiotycznych gwarantuj\u0105cy redukcj\u0119 azotan\u00f3w i fosforan\u00f3w w akwarium.\" \/>\n<meta property=\"og:url\" content=\"https:\/\/aquaforest.eu\/pl\/produkty\/seawater\/metoda-probiotyczna\/np-pro\/\" \/>\n<meta property=\"og:site_name\" content=\"Aquaforest\" \/>\n<meta property=\"article:publisher\" content=\"https:\/\/www.facebook.com\/Aquaforest\/\" \/>\n<meta property=\"article:modified_time\" content=\"2026-04-30T11:11:06+00:00\" \/>\n<meta property=\"og:image\" content=\"https:\/\/aquaforest.eu\/wp-content\/uploads\/2024\/06\/Minus-NP-Pro_10-ml.png\" \/>\n\t<meta property=\"og:image:width\" content=\"277\" \/>\n\t<meta property=\"og:image:height\" content=\"600\" \/>\n\t<meta property=\"og:image:type\" content=\"image\/png\" \/>\n<meta name=\"twitter:card\" content=\"summary_large_image\" \/>\n<meta name=\"twitter:label1\" content=\"Szacowany czas czytania\" \/>\n\t<meta name=\"twitter:data1\" content=\"2 minuty\" \/>\n<script type=\"application\/ld+json\" class=\"yoast-schema-graph\">{\"@context\":\"https:\/\/schema.org\",\"@graph\":[{\"@type\":\"WebPage\",\"@id\":\"https:\/\/aquaforest.eu\/pl\/produkty\/seawater\/metoda-probiotyczna\/np-pro\/\",\"url\":\"https:\/\/aquaforest.eu\/pl\/produkty\/seawater\/metoda-probiotyczna\/np-pro\/\",\"name\":\"-NP Pro - Aquaforest\",\"isPartOf\":{\"@id\":\"https:\/\/aquaforest.eu\/pl\/#website\"},\"primaryImageOfPage\":{\"@id\":\"https:\/\/aquaforest.eu\/pl\/produkty\/seawater\/metoda-probiotyczna\/np-pro\/#primaryimage\"},\"image\":{\"@id\":\"https:\/\/aquaforest.eu\/pl\/produkty\/seawater\/metoda-probiotyczna\/np-pro\/#primaryimage\"},\"thumbnailUrl\":\"https:\/\/aquaforest.eu\/wp-content\/uploads\/2024\/06\/Minus-NP-Pro_10-ml.png\",\"datePublished\":\"2024-06-27T01:24:54+00:00\",\"dateModified\":\"2026-04-30T11:11:06+00:00\",\"description\":\"NP Pro: Sk\u0142adnik od\u017cywczy dla bakterii probiotycznych gwarantuj\u0105cy redukcj\u0119 azotan\u00f3w i fosforan\u00f3w w akwarium.\",\"breadcrumb\":{\"@id\":\"https:\/\/aquaforest.eu\/pl\/produkty\/seawater\/metoda-probiotyczna\/np-pro\/#breadcrumb\"},\"inLanguage\":\"pl-PL\",\"potentialAction\":[{\"@type\":\"ReadAction\",\"target\":[\"https:\/\/aquaforest.eu\/pl\/produkty\/seawater\/metoda-probiotyczna\/np-pro\/\"]}]},{\"@type\":\"ImageObject\",\"inLanguage\":\"pl-PL\",\"@id\":\"https:\/\/aquaforest.eu\/pl\/produkty\/seawater\/metoda-probiotyczna\/np-pro\/#primaryimage\",\"url\":\"https:\/\/aquaforest.eu\/wp-content\/uploads\/2024\/06\/Minus-NP-Pro_10-ml.png\",\"contentUrl\":\"https:\/\/aquaforest.eu\/wp-content\/uploads\/2024\/06\/Minus-NP-Pro_10-ml.png\",\"width\":277,\"height\":600},{\"@type\":\"BreadcrumbList\",\"@id\":\"https:\/\/aquaforest.eu\/pl\/produkty\/seawater\/metoda-probiotyczna\/np-pro\/#breadcrumb\",\"itemListElement\":[{\"@type\":\"ListItem\",\"position\":1,\"name\":\"Home\",\"item\":\"https:\/\/aquaforest.eu\/pl\/\"},{\"@type\":\"ListItem\",\"position\":2,\"name\":\"Produkty\",\"item\":\"https:\/\/aquaforest.eu\/pl\/produkty\/\"},{\"@type\":\"ListItem\",\"position\":3,\"name\":\"-NP Pro\"}]},{\"@type\":\"WebSite\",\"@id\":\"https:\/\/aquaforest.eu\/pl\/#website\",\"url\":\"https:\/\/aquaforest.eu\/pl\/\",\"name\":\"Aquaforest\",\"description\":\"\",\"publisher\":{\"@id\":\"https:\/\/aquaforest.eu\/pl\/#organization\"},\"potentialAction\":[{\"@type\":\"SearchAction\",\"target\":{\"@type\":\"EntryPoint\",\"urlTemplate\":\"https:\/\/aquaforest.eu\/pl\/?s={search_term_string}\"},\"query-input\":{\"@type\":\"PropertyValueSpecification\",\"valueRequired\":true,\"valueName\":\"search_term_string\"}}],\"inLanguage\":\"pl-PL\"},{\"@type\":\"Organization\",\"@id\":\"https:\/\/aquaforest.eu\/pl\/#organization\",\"name\":\"Aquaforest\",\"url\":\"https:\/\/aquaforest.eu\/pl\/\",\"logo\":{\"@type\":\"ImageObject\",\"inLanguage\":\"pl-PL\",\"@id\":\"https:\/\/aquaforest.eu\/pl\/#\/schema\/logo\/image\/\",\"url\":\"https:\/\/aquaforest.eu\/wp-content\/uploads\/2024\/05\/logotyp-aquaforest.svg\",\"contentUrl\":\"https:\/\/aquaforest.eu\/wp-content\/uploads\/2024\/05\/logotyp-aquaforest.svg\",\"width\":170,\"height\":22,\"caption\":\"Aquaforest\"},\"image\":{\"@id\":\"https:\/\/aquaforest.eu\/pl\/#\/schema\/logo\/image\/\"},\"sameAs\":[\"https:\/\/www.facebook.com\/Aquaforest\/\",\"https:\/\/www.instagram.com\/aquaforest.eu\/\"]}]}<\/script>\n<!-- \/ Yoast SEO plugin. -->","yoast_head_json":{"title":"-NP Pro - Aquaforest","description":"NP Pro: Sk\u0142adnik od\u017cywczy dla bakterii probiotycznych gwarantuj\u0105cy redukcj\u0119 azotan\u00f3w i fosforan\u00f3w w akwarium.","robots":{"index":"index","follow":"follow","max-snippet":"max-snippet:-1","max-image-preview":"max-image-preview:large","max-video-preview":"max-video-preview:-1"},"canonical":"https:\/\/aquaforest.eu\/pl\/produkty\/seawater\/metoda-probiotyczna\/np-pro\/","og_locale":"pl_PL","og_type":"article","og_title":"-NP Pro - Aquaforest","og_description":"NP Pro: Sk\u0142adnik od\u017cywczy dla bakterii probiotycznych gwarantuj\u0105cy redukcj\u0119 azotan\u00f3w i fosforan\u00f3w w akwarium.","og_url":"https:\/\/aquaforest.eu\/pl\/produkty\/seawater\/metoda-probiotyczna\/np-pro\/","og_site_name":"Aquaforest","article_publisher":"https:\/\/www.facebook.com\/Aquaforest\/","article_modified_time":"2026-04-30T11:11:06+00:00","og_image":[{"width":277,"height":600,"url":"https:\/\/aquaforest.eu\/wp-content\/uploads\/2024\/06\/Minus-NP-Pro_10-ml.png","type":"image\/png"}],"twitter_card":"summary_large_image","twitter_misc":{"Szacowany czas czytania":"2 minuty"},"schema":{"@context":"https:\/\/schema.org","@graph":[{"@type":"WebPage","@id":"https:\/\/aquaforest.eu\/pl\/produkty\/seawater\/metoda-probiotyczna\/np-pro\/","url":"https:\/\/aquaforest.eu\/pl\/produkty\/seawater\/metoda-probiotyczna\/np-pro\/","name":"-NP Pro - Aquaforest","isPartOf":{"@id":"https:\/\/aquaforest.eu\/pl\/#website"},"primaryImageOfPage":{"@id":"https:\/\/aquaforest.eu\/pl\/produkty\/seawater\/metoda-probiotyczna\/np-pro\/#primaryimage"},"image":{"@id":"https:\/\/aquaforest.eu\/pl\/produkty\/seawater\/metoda-probiotyczna\/np-pro\/#primaryimage"},"thumbnailUrl":"https:\/\/aquaforest.eu\/wp-content\/uploads\/2024\/06\/Minus-NP-Pro_10-ml.png","datePublished":"2024-06-27T01:24:54+00:00","dateModified":"2026-04-30T11:11:06+00:00","description":"NP Pro: Sk\u0142adnik od\u017cywczy dla bakterii probiotycznych gwarantuj\u0105cy redukcj\u0119 azotan\u00f3w i fosforan\u00f3w w akwarium.","breadcrumb":{"@id":"https:\/\/aquaforest.eu\/pl\/produkty\/seawater\/metoda-probiotyczna\/np-pro\/#breadcrumb"},"inLanguage":"pl-PL","potentialAction":[{"@type":"ReadAction","target":["https:\/\/aquaforest.eu\/pl\/produkty\/seawater\/metoda-probiotyczna\/np-pro\/"]}]},{"@type":"ImageObject","inLanguage":"pl-PL","@id":"https:\/\/aquaforest.eu\/pl\/produkty\/seawater\/metoda-probiotyczna\/np-pro\/#primaryimage","url":"https:\/\/aquaforest.eu\/wp-content\/uploads\/2024\/06\/Minus-NP-Pro_10-ml.png","contentUrl":"https:\/\/aquaforest.eu\/wp-content\/uploads\/2024\/06\/Minus-NP-Pro_10-ml.png","width":277,"height":600},{"@type":"BreadcrumbList","@id":"https:\/\/aquaforest.eu\/pl\/produkty\/seawater\/metoda-probiotyczna\/np-pro\/#breadcrumb","itemListElement":[{"@type":"ListItem","position":1,"name":"Home","item":"https:\/\/aquaforest.eu\/pl\/"},{"@type":"ListItem","position":2,"name":"Produkty","item":"https:\/\/aquaforest.eu\/pl\/produkty\/"},{"@type":"ListItem","position":3,"name":"-NP Pro"}]},{"@type":"WebSite","@id":"https:\/\/aquaforest.eu\/pl\/#website","url":"https:\/\/aquaforest.eu\/pl\/","name":"Aquaforest","description":"","publisher":{"@id":"https:\/\/aquaforest.eu\/pl\/#organization"},"potentialAction":[{"@type":"SearchAction","target":{"@type":"EntryPoint","urlTemplate":"https:\/\/aquaforest.eu\/pl\/?s={search_term_string}"},"query-input":{"@type":"PropertyValueSpecification","valueRequired":true,"valueName":"search_term_string"}}],"inLanguage":"pl-PL"},{"@type":"Organization","@id":"https:\/\/aquaforest.eu\/pl\/#organization","name":"Aquaforest","url":"https:\/\/aquaforest.eu\/pl\/","logo":{"@type":"ImageObject","inLanguage":"pl-PL","@id":"https:\/\/aquaforest.eu\/pl\/#\/schema\/logo\/image\/","url":"https:\/\/aquaforest.eu\/wp-content\/uploads\/2024\/05\/logotyp-aquaforest.svg","contentUrl":"https:\/\/aquaforest.eu\/wp-content\/uploads\/2024\/05\/logotyp-aquaforest.svg","width":170,"height":22,"caption":"Aquaforest"},"image":{"@id":"https:\/\/aquaforest.eu\/pl\/#\/schema\/logo\/image\/"},"sameAs":["https:\/\/www.facebook.com\/Aquaforest\/","https:\/\/www.instagram.com\/aquaforest.eu\/"]}]}},"_links":{"self":[{"href":"https:\/\/aquaforest.eu\/pl\/wp-json\/wp\/v2\/product\/11160","targetHints":{"allow":["GET"]}}],"collection":[{"href":"https:\/\/aquaforest.eu\/pl\/wp-json\/wp\/v2\/product"}],"about":[{"href":"https:\/\/aquaforest.eu\/pl\/wp-json\/wp\/v2\/types\/product"}],"version-history":[{"count":1,"href":"https:\/\/aquaforest.eu\/pl\/wp-json\/wp\/v2\/product\/11160\/revisions"}],"predecessor-version":[{"id":31293,"href":"https:\/\/aquaforest.eu\/pl\/wp-json\/wp\/v2\/product\/11160\/revisions\/31293"}],"wp:featuredmedia":[{"embeddable":true,"href":"https:\/\/aquaforest.eu\/pl\/wp-json\/wp\/v2\/media\/11133"}],"wp:attachment":[{"href":"https:\/\/aquaforest.eu\/pl\/wp-json\/wp\/v2\/media?parent=11160"}],"wp:term":[{"taxonomy":"product_brand","embeddable":true,"href":"https:\/\/aquaforest.eu\/pl\/wp-json\/wp\/v2\/product_brand?post=11160"},{"taxonomy":"product_cat","embeddable":true,"href":"https:\/\/aquaforest.eu\/pl\/wp-json\/wp\/v2\/product_cat?post=11160"},{"taxonomy":"product_tag","embeddable":true,"href":"https:\/\/aquaforest.eu\/pl\/wp-json\/wp\/v2\/product_tag?post=11160"}],"curies":[{"name":"wp","href":"https:\/\/api.w.org\/{rel}","templated":true}]}}