{"id":11325,"date":"2024-06-27T02:42:24","date_gmt":"2024-06-27T00:42:24","guid":{"rendered":"https:\/\/aquaforest.eu\/products\/bez-kategorii\/mocne-komponenty\/"},"modified":"2024-10-23T00:56:30","modified_gmt":"2024-10-22T22:56:30","slug":"components-strong","status":"publish","type":"product","link":"https:\/\/aquaforest.eu\/pl\/produkty\/seawater\/parametry-wody\/components-strong\/","title":{"rendered":"Components Strong"},"content":{"rendered":"<h4 class=\"fusion-responsive-typography-calculated\" data-fontsize=\"22\" data-lineheight=\"27.5px\"><span style=\"color: #000000;\">Skoncentrowane mikroelementy dla akwari\u00f3w rafowych<\/span><\/h4>\n<p><span style=\"color: #000000;\">Components Strong zawiera skoncentrowane mikroelementy przeznaczone do stosowania w akwariach rafowych. Components Strong w po\u0142\u0105czeniu z Calcium, Magnesium, KH Buffer i Reef Mineral Salt stanowi\u0105 kompletny zestaw przeznaczony do utrzymania akwarium rafowego metod\u0105 proponowan\u0105 przez H. W. Ballinga, dlatego produkty te nale\u017cy stosowa\u0107 r\u00f3wnolegle. Z uwagi na to, \u017ce mikroelementy w akwarium konsumowane s\u0105 w odpowiedniej proporcji z makroelementami, st\u0119\u017cenia Components Strong zosta\u0142y opracowane w oparciu o pozosta\u0142e warto\u015bci. Jedynie stosowanie ca\u0142ej gamy produkt\u00f3w Aquaforest zapewnia skuteczno\u015b\u0107 i gwarantuje utrzymanie r\u00f3wnowagi chemicznej w akwarium. Ilo\u015b\u0107 podawanych mikroelement\u00f3w jest uzale\u017cniona od indywidualnego zapotrzebowania akwarium na magnez i wap\u0144.<\/span><br \/>\n<span style=\"color: #000000;\">Components Strong to zestaw produkt\u00f3w, dlatego nie jest mo\u017cliwy zakup pojedynczych komponent\u00f3w.<\/span><\/p>\n<p>&nbsp;<\/p>\n<hr \/>\n<h4 data-fontsize=\"22\" data-lineheight=\"27.5px\"><\/h4>\n<h4 class=\"fusion-responsive-typography-calculated\" data-fontsize=\"22\" data-lineheight=\"27.5px\"><span style=\"color: #000000;\">Sk\u0142ad zestawu<\/span><\/h4>\n<h4 class=\"fusion-responsive-typography-calculated\" data-fontsize=\"16.38\" data-lineheight=\"27.846px\"><span style=\"color: #000000;\">Strong A \u2013 skoncentrowany stront i bar<\/span><\/h4>\n<p><span style=\"color: #000000;\">Strong A zawiera skoncentrowany stront i bar. Stront wspomaga budow\u0119 tkanki szkieletowej koralowc\u00f3w twardych i znacz\u0105co poprawia przyswajanie przez nie wapnia oraz wzrost koralowc\u00f3w mi\u0119kkich. 5 ml Strong A powinno by\u0107 dodane do 1 l roztworu Calcium. Poziom strontu w akwarium rafowym powinien si\u0119 waha\u0107 w okolicy mi\u0119dzy 5 ppm a 15 ppm.<\/span><\/p>\n<p>&nbsp;<\/p>\n<hr \/>\n<h4 data-fontsize=\"16.38\" data-lineheight=\"27.846px\"><\/h4>\n<h4 class=\"fusion-responsive-typography-calculated\" data-fontsize=\"16.38\" data-lineheight=\"27.846px\"><span style=\"color: #000000;\">Strong B \u2013 skoncentrowane metale ci\u0119\u017ckie<\/span><\/h4>\n<p><span style=\"color: #000000;\">Strong B zawiera skoncentrowane metale ci\u0119\u017ckie niezb\u0119dne do prawid\u0142owego przebiegu proces\u00f3w biologicznych u mieszka\u0144c\u00f3w akwarium. Uzupe\u0142nia wod\u0119 w akwarium w pierwiastki naturalnie wyst\u0119puj\u0105ce w wodzie morskiej. 5 ml Strong B powinno by\u0107 dodane do 1 l roztworu Calcium.<\/span><\/p>\n<p>&nbsp;<\/p>\n<hr \/>\n<h4 data-fontsize=\"16.38\" data-lineheight=\"27.846px\"><\/h4>\n<h4 class=\"fusion-responsive-typography-calculated\" data-fontsize=\"16.38\" data-lineheight=\"27.846px\"><span style=\"color: #000000;\">Strong C \u2013 skoncentrowany jod i fluor<\/span><\/h4>\n<p><span style=\"color: #000000;\">Strong C zawiera skoncentrowany jod i fluor. Jod zwi\u0119ksza intensywno\u015b\u0107 koloru ciemnoniebieskiego oraz fioletowego u koralowc\u00f3w twardych, a jego odpowiednia zawarto\u015b\u0107 w wodzie morskiej wspomaga linienie krewetek. Fluor uczestniczy w procesie kalcyfikacji oraz wspomaga budow\u0119 tkanki szkieletowej koralowc\u00f3w. 5 ml Strong C powinno by\u0107 dodane do 1 l roztworu KH Buffer. Zalecane poziomy obu pierwiastk\u00f3w w akwarium rafowym to: jod ok. 0,06 ppm i fluor ok. 1,3 ppm.<\/span><\/p>\n<p>&nbsp;<\/p>\n<hr \/>\n<h4 data-fontsize=\"16.38\" data-lineheight=\"27.846px\"><\/h4>\n<h4 class=\"fusion-responsive-typography-calculated\" data-fontsize=\"16.38\" data-lineheight=\"27.846px\"><span style=\"color: #000000;\">Strong K \u2013 skoncentrowany potas<\/span><\/h4>\n<p><span style=\"color: #000000;\">Strong K zawiera skoncentrowany potas. Potas odgrywa istotn\u0105 rol\u0119 w procesach metabolicznych koralowc\u00f3w, bierze udzia\u0142 w transporcie sk\u0142adnik\u00f3w od\u017cywczych, a u koralowc\u00f3w SPS potas odpowiada za wybarwienie r\u00f3\u017cowe i czerwone. 5 ml Strong K powinno by\u0107 dodane do 1 l roztworu Reef Mineral Salt + Magnesium. Zalecany poziom potasu w akwarium rafowym wynosi 360-380 mg\/l.<\/span><\/p>\n","protected":false},"excerpt":{"rendered":"<p>Zawiera skoncentrowane pierwiastki \u015bladowe przeznaczone do stosowania w akwariach rafowych.<\/p>\n","protected":false},"featured_media":11357,"template":"","meta":{"_acf_changed":false,"content-type":""},"product_brand":[],"product_cat":[1157],"product_tag":[967,1096,1568,1422],"class_list":{"0":"post-11325","1":"product","2":"type-product","3":"status-publish","4":"has-post-thumbnail","6":"product_cat-parametry-wody","7":"product_tag-aquaforest-pl","8":"product_tag-chemia-wody","9":"product_tag-seawater-aquatic-pl","10":"product_tag-variable-pl","12":"first","13":"instock","14":"taxable","15":"shipping-taxable","16":"product-type-variable","17":"has-default-attributes"},"acf":[],"yoast_head":"<!-- This site is optimized with the Yoast SEO plugin v27.1.1 - https:\/\/yoast.com\/product\/yoast-seo-wordpress\/ -->\n<title>Components Strong - Aquaforest<\/title>\n<meta name=\"description\" content=\"Components Strong by Aquaforest: zaawansowany zestaw sk\u0142adnik\u00f3w do precyzyjnego zarz\u0105dzania poziomem wapnia, magnezu i twardo\u015bci w\u0119glanowej w akwarium. Unikalna formu\u0142a dla zdrowych koralowc\u00f3w i stabilnych warunk\u00f3w wodnych.\" \/>\n<meta name=\"robots\" content=\"index, follow, max-snippet:-1, max-image-preview:large, max-video-preview:-1\" \/>\n<link rel=\"canonical\" href=\"https:\/\/aquaforest.eu\/pl\/produkty\/seawater\/parametry-wody\/components-strong\/\" \/>\n<meta property=\"og:locale\" content=\"pl_PL\" \/>\n<meta property=\"og:type\" content=\"article\" \/>\n<meta property=\"og:title\" content=\"Components Strong - Aquaforest\" \/>\n<meta property=\"og:description\" content=\"Components Strong by Aquaforest: zaawansowany zestaw sk\u0142adnik\u00f3w do precyzyjnego zarz\u0105dzania poziomem wapnia, magnezu i twardo\u015bci w\u0119glanowej w akwarium. Unikalna formu\u0142a dla zdrowych koralowc\u00f3w i stabilnych warunk\u00f3w wodnych.\" \/>\n<meta property=\"og:url\" content=\"https:\/\/aquaforest.eu\/pl\/produkty\/seawater\/parametry-wody\/components-strong\/\" \/>\n<meta property=\"og:site_name\" content=\"Aquaforest\" \/>\n<meta property=\"article:publisher\" content=\"https:\/\/www.facebook.com\/Aquaforest\/\" \/>\n<meta property=\"article:modified_time\" content=\"2024-10-22T22:56:30+00:00\" \/>\n<meta property=\"og:image\" content=\"https:\/\/aquaforest.eu\/wp-content\/uploads\/2024\/06\/Components-Strong_4x75-ml.png\" \/>\n\t<meta property=\"og:image:width\" content=\"520\" \/>\n\t<meta property=\"og:image:height\" content=\"600\" \/>\n\t<meta property=\"og:image:type\" content=\"image\/png\" \/>\n<meta name=\"twitter:card\" content=\"summary_large_image\" \/>\n<meta name=\"twitter:label1\" content=\"Szacowany czas czytania\" \/>\n\t<meta name=\"twitter:data1\" content=\"2 minuty\" \/>\n<script type=\"application\/ld+json\" class=\"yoast-schema-graph\">{\"@context\":\"https:\/\/schema.org\",\"@graph\":[{\"@type\":\"WebPage\",\"@id\":\"https:\/\/aquaforest.eu\/pl\/produkty\/seawater\/parametry-wody\/components-strong\/\",\"url\":\"https:\/\/aquaforest.eu\/pl\/produkty\/seawater\/parametry-wody\/components-strong\/\",\"name\":\"Components Strong - Aquaforest\",\"isPartOf\":{\"@id\":\"https:\/\/aquaforest.eu\/pl\/#website\"},\"primaryImageOfPage\":{\"@id\":\"https:\/\/aquaforest.eu\/pl\/produkty\/seawater\/parametry-wody\/components-strong\/#primaryimage\"},\"image\":{\"@id\":\"https:\/\/aquaforest.eu\/pl\/produkty\/seawater\/parametry-wody\/components-strong\/#primaryimage\"},\"thumbnailUrl\":\"https:\/\/aquaforest.eu\/wp-content\/uploads\/2024\/06\/Components-Strong_4x75-ml.png\",\"datePublished\":\"2024-06-27T00:42:24+00:00\",\"dateModified\":\"2024-10-22T22:56:30+00:00\",\"description\":\"Components Strong by Aquaforest: zaawansowany zestaw sk\u0142adnik\u00f3w do precyzyjnego zarz\u0105dzania poziomem wapnia, magnezu i twardo\u015bci w\u0119glanowej w akwarium. Unikalna formu\u0142a dla zdrowych koralowc\u00f3w i stabilnych warunk\u00f3w wodnych.\",\"breadcrumb\":{\"@id\":\"https:\/\/aquaforest.eu\/pl\/produkty\/seawater\/parametry-wody\/components-strong\/#breadcrumb\"},\"inLanguage\":\"pl-PL\",\"potentialAction\":[{\"@type\":\"ReadAction\",\"target\":[\"https:\/\/aquaforest.eu\/pl\/produkty\/seawater\/parametry-wody\/components-strong\/\"]}]},{\"@type\":\"ImageObject\",\"inLanguage\":\"pl-PL\",\"@id\":\"https:\/\/aquaforest.eu\/pl\/produkty\/seawater\/parametry-wody\/components-strong\/#primaryimage\",\"url\":\"https:\/\/aquaforest.eu\/wp-content\/uploads\/2024\/06\/Components-Strong_4x75-ml.png\",\"contentUrl\":\"https:\/\/aquaforest.eu\/wp-content\/uploads\/2024\/06\/Components-Strong_4x75-ml.png\",\"width\":520,\"height\":600,\"caption\":\"Aquaforest product, Component 1+2+3+. Developed based on the Balling Method\"},{\"@type\":\"BreadcrumbList\",\"@id\":\"https:\/\/aquaforest.eu\/pl\/produkty\/seawater\/parametry-wody\/components-strong\/#breadcrumb\",\"itemListElement\":[{\"@type\":\"ListItem\",\"position\":1,\"name\":\"Home\",\"item\":\"https:\/\/aquaforest.eu\/pl\/\"},{\"@type\":\"ListItem\",\"position\":2,\"name\":\"Produkty\",\"item\":\"https:\/\/aquaforest.eu\/pl\/produkty\/\"},{\"@type\":\"ListItem\",\"position\":3,\"name\":\"Components Strong\"}]},{\"@type\":\"WebSite\",\"@id\":\"https:\/\/aquaforest.eu\/pl\/#website\",\"url\":\"https:\/\/aquaforest.eu\/pl\/\",\"name\":\"Aquaforest\",\"description\":\"\",\"publisher\":{\"@id\":\"https:\/\/aquaforest.eu\/pl\/#organization\"},\"potentialAction\":[{\"@type\":\"SearchAction\",\"target\":{\"@type\":\"EntryPoint\",\"urlTemplate\":\"https:\/\/aquaforest.eu\/pl\/?s={search_term_string}\"},\"query-input\":{\"@type\":\"PropertyValueSpecification\",\"valueRequired\":true,\"valueName\":\"search_term_string\"}}],\"inLanguage\":\"pl-PL\"},{\"@type\":\"Organization\",\"@id\":\"https:\/\/aquaforest.eu\/pl\/#organization\",\"name\":\"Aquaforest\",\"url\":\"https:\/\/aquaforest.eu\/pl\/\",\"logo\":{\"@type\":\"ImageObject\",\"inLanguage\":\"pl-PL\",\"@id\":\"https:\/\/aquaforest.eu\/pl\/#\/schema\/logo\/image\/\",\"url\":\"https:\/\/aquaforest.eu\/wp-content\/uploads\/2024\/05\/logotyp-aquaforest.svg\",\"contentUrl\":\"https:\/\/aquaforest.eu\/wp-content\/uploads\/2024\/05\/logotyp-aquaforest.svg\",\"width\":170,\"height\":22,\"caption\":\"Aquaforest\"},\"image\":{\"@id\":\"https:\/\/aquaforest.eu\/pl\/#\/schema\/logo\/image\/\"},\"sameAs\":[\"https:\/\/www.facebook.com\/Aquaforest\/\",\"https:\/\/www.instagram.com\/aquaforest.eu\/\"]}]}<\/script>\n<!-- \/ Yoast SEO plugin. -->","yoast_head_json":{"title":"Components Strong - Aquaforest","description":"Components Strong by Aquaforest: zaawansowany zestaw sk\u0142adnik\u00f3w do precyzyjnego zarz\u0105dzania poziomem wapnia, magnezu i twardo\u015bci w\u0119glanowej w akwarium. Unikalna formu\u0142a dla zdrowych koralowc\u00f3w i stabilnych warunk\u00f3w wodnych.","robots":{"index":"index","follow":"follow","max-snippet":"max-snippet:-1","max-image-preview":"max-image-preview:large","max-video-preview":"max-video-preview:-1"},"canonical":"https:\/\/aquaforest.eu\/pl\/produkty\/seawater\/parametry-wody\/components-strong\/","og_locale":"pl_PL","og_type":"article","og_title":"Components Strong - Aquaforest","og_description":"Components Strong by Aquaforest: zaawansowany zestaw sk\u0142adnik\u00f3w do precyzyjnego zarz\u0105dzania poziomem wapnia, magnezu i twardo\u015bci w\u0119glanowej w akwarium. Unikalna formu\u0142a dla zdrowych koralowc\u00f3w i stabilnych warunk\u00f3w wodnych.","og_url":"https:\/\/aquaforest.eu\/pl\/produkty\/seawater\/parametry-wody\/components-strong\/","og_site_name":"Aquaforest","article_publisher":"https:\/\/www.facebook.com\/Aquaforest\/","article_modified_time":"2024-10-22T22:56:30+00:00","og_image":[{"width":520,"height":600,"url":"https:\/\/aquaforest.eu\/wp-content\/uploads\/2024\/06\/Components-Strong_4x75-ml.png","type":"image\/png"}],"twitter_card":"summary_large_image","twitter_misc":{"Szacowany czas czytania":"2 minuty"},"schema":{"@context":"https:\/\/schema.org","@graph":[{"@type":"WebPage","@id":"https:\/\/aquaforest.eu\/pl\/produkty\/seawater\/parametry-wody\/components-strong\/","url":"https:\/\/aquaforest.eu\/pl\/produkty\/seawater\/parametry-wody\/components-strong\/","name":"Components Strong - Aquaforest","isPartOf":{"@id":"https:\/\/aquaforest.eu\/pl\/#website"},"primaryImageOfPage":{"@id":"https:\/\/aquaforest.eu\/pl\/produkty\/seawater\/parametry-wody\/components-strong\/#primaryimage"},"image":{"@id":"https:\/\/aquaforest.eu\/pl\/produkty\/seawater\/parametry-wody\/components-strong\/#primaryimage"},"thumbnailUrl":"https:\/\/aquaforest.eu\/wp-content\/uploads\/2024\/06\/Components-Strong_4x75-ml.png","datePublished":"2024-06-27T00:42:24+00:00","dateModified":"2024-10-22T22:56:30+00:00","description":"Components Strong by Aquaforest: zaawansowany zestaw sk\u0142adnik\u00f3w do precyzyjnego zarz\u0105dzania poziomem wapnia, magnezu i twardo\u015bci w\u0119glanowej w akwarium. Unikalna formu\u0142a dla zdrowych koralowc\u00f3w i stabilnych warunk\u00f3w wodnych.","breadcrumb":{"@id":"https:\/\/aquaforest.eu\/pl\/produkty\/seawater\/parametry-wody\/components-strong\/#breadcrumb"},"inLanguage":"pl-PL","potentialAction":[{"@type":"ReadAction","target":["https:\/\/aquaforest.eu\/pl\/produkty\/seawater\/parametry-wody\/components-strong\/"]}]},{"@type":"ImageObject","inLanguage":"pl-PL","@id":"https:\/\/aquaforest.eu\/pl\/produkty\/seawater\/parametry-wody\/components-strong\/#primaryimage","url":"https:\/\/aquaforest.eu\/wp-content\/uploads\/2024\/06\/Components-Strong_4x75-ml.png","contentUrl":"https:\/\/aquaforest.eu\/wp-content\/uploads\/2024\/06\/Components-Strong_4x75-ml.png","width":520,"height":600,"caption":"Aquaforest product, Component 1+2+3+. Developed based on the Balling Method"},{"@type":"BreadcrumbList","@id":"https:\/\/aquaforest.eu\/pl\/produkty\/seawater\/parametry-wody\/components-strong\/#breadcrumb","itemListElement":[{"@type":"ListItem","position":1,"name":"Home","item":"https:\/\/aquaforest.eu\/pl\/"},{"@type":"ListItem","position":2,"name":"Produkty","item":"https:\/\/aquaforest.eu\/pl\/produkty\/"},{"@type":"ListItem","position":3,"name":"Components Strong"}]},{"@type":"WebSite","@id":"https:\/\/aquaforest.eu\/pl\/#website","url":"https:\/\/aquaforest.eu\/pl\/","name":"Aquaforest","description":"","publisher":{"@id":"https:\/\/aquaforest.eu\/pl\/#organization"},"potentialAction":[{"@type":"SearchAction","target":{"@type":"EntryPoint","urlTemplate":"https:\/\/aquaforest.eu\/pl\/?s={search_term_string}"},"query-input":{"@type":"PropertyValueSpecification","valueRequired":true,"valueName":"search_term_string"}}],"inLanguage":"pl-PL"},{"@type":"Organization","@id":"https:\/\/aquaforest.eu\/pl\/#organization","name":"Aquaforest","url":"https:\/\/aquaforest.eu\/pl\/","logo":{"@type":"ImageObject","inLanguage":"pl-PL","@id":"https:\/\/aquaforest.eu\/pl\/#\/schema\/logo\/image\/","url":"https:\/\/aquaforest.eu\/wp-content\/uploads\/2024\/05\/logotyp-aquaforest.svg","contentUrl":"https:\/\/aquaforest.eu\/wp-content\/uploads\/2024\/05\/logotyp-aquaforest.svg","width":170,"height":22,"caption":"Aquaforest"},"image":{"@id":"https:\/\/aquaforest.eu\/pl\/#\/schema\/logo\/image\/"},"sameAs":["https:\/\/www.facebook.com\/Aquaforest\/","https:\/\/www.instagram.com\/aquaforest.eu\/"]}]}},"_links":{"self":[{"href":"https:\/\/aquaforest.eu\/pl\/wp-json\/wp\/v2\/product\/11325","targetHints":{"allow":["GET"]}}],"collection":[{"href":"https:\/\/aquaforest.eu\/pl\/wp-json\/wp\/v2\/product"}],"about":[{"href":"https:\/\/aquaforest.eu\/pl\/wp-json\/wp\/v2\/types\/product"}],"version-history":[{"count":0,"href":"https:\/\/aquaforest.eu\/pl\/wp-json\/wp\/v2\/product\/11325\/revisions"}],"wp:featuredmedia":[{"embeddable":true,"href":"https:\/\/aquaforest.eu\/pl\/wp-json\/wp\/v2\/media\/11357"}],"wp:attachment":[{"href":"https:\/\/aquaforest.eu\/pl\/wp-json\/wp\/v2\/media?parent=11325"}],"wp:term":[{"taxonomy":"product_brand","embeddable":true,"href":"https:\/\/aquaforest.eu\/pl\/wp-json\/wp\/v2\/product_brand?post=11325"},{"taxonomy":"product_cat","embeddable":true,"href":"https:\/\/aquaforest.eu\/pl\/wp-json\/wp\/v2\/product_cat?post=11325"},{"taxonomy":"product_tag","embeddable":true,"href":"https:\/\/aquaforest.eu\/pl\/wp-json\/wp\/v2\/product_tag?post=11325"}],"curies":[{"name":"wp","href":"https:\/\/api.w.org\/{rel}","templated":true}]}}