{"id":11331,"date":"2024-06-27T02:46:13","date_gmt":"2024-06-27T00:46:13","guid":{"rendered":"https:\/\/aquaforest.eu\/products\/bez-kategorii\/komponent-b\/"},"modified":"2024-10-23T00:55:58","modified_gmt":"2024-10-22T22:55:58","slug":"component-b","status":"publish","type":"product","link":"https:\/\/aquaforest.eu\/pl\/produkty\/seawater\/parametry-wody\/component-b\/","title":{"rendered":"Component B"},"content":{"rendered":"<p>Component B przeznaczony jest do uzupe\u0142niania niewielkich niedobor\u00f3w metali ci\u0119\u017ckich w akwarium morskim. Zawiera: kobalt, mied\u017a, chrom, mangan, cynk, nikiel, \u017celazo. W zamkni\u0119tym systemie akwariowym odpieniacz i media filtracyjne usuwaj\u0105 z wody pierwiastki \u015bladowe, dlatego konieczna jest ich suplementacja. Unikalna kompozycja preparatu pozwala uzupe\u0142ni\u0107 wod\u0119 w niezb\u0119dne w akwarium rafowym metale ci\u0119\u017ckie. Zawarto\u015b\u0107 i proporcje pierwiastk\u00f3w zosta\u0142y okre\u015blone w opraciu o sk\u0142ad naturalnej wody morskiej. Dzi\u0119ki pierwiastkom \u015bladowym koralowce pozostan\u0105 w \u015bwietnej kondycji i b\u0119d\u0105 si\u0119 cieszy\u0107 intensywnym wybarwieniem. Bezpieczne st\u0119\u017cenie preparatu minimalizuje szanse na przedawkowanie mikroelement\u00f3w, dzi\u0119ki czemu Component B mog\u0105 stosowa\u0107 r\u00f3wnie\u017c pocz\u0105tkuj\u0105cy akwary\u015bci.<\/p>\n<p>&nbsp;<\/p>\n<hr \/>\n<p>&nbsp;<\/p>\n<p><strong>Dozowanie<\/strong>: W akwariach z obsad\u0105 mieszan\u0105 5 ml na 100 l wody raz w tygodniu. Wielko\u015b\u0107 dawki mo\u017cna r\u00f3wnie\u017c dostosowa\u0107 do konsumpcji wapnia w akwarium \u2013 1 ml na ka\u017cde 20 ppm\/100 l wody. W przypadku prowadzenia akwarium metod\u0105 Ballinga \u2013 20 ml\/1 l roztworu Calcium. Stosuj\u0105c Component A, B, C nale\u017cy zachowa\u0107 5-minutow\u0105 przerw\u0119 pomi\u0119dzy poszczeg\u00f3lnymi dawkami. Nie miesza\u0107 i nie przechowywa\u0107 komponent\u00f3w w jednym pojemniku. Nakr\u0119tek nie nale\u017cy dokr\u0119ca\u0107 zbyt mocno, mo\u017ce to skutkowa\u0107 p\u0119kni\u0119ciem lub uszkodzeniem opakowania.<\/p>\n","protected":false},"excerpt":{"rendered":"<p>Suplement zawieraj\u0105cy metale ci\u0119\u017ckie do akwarium morskiego. Zawiera: kobalt, mied\u017a, chrom, mangan, cynk, nikiel, \u017celazo.<\/p>\n","protected":false},"featured_media":11354,"template":"","meta":{"_acf_changed":false,"content-type":""},"product_brand":[],"product_cat":[1157],"product_tag":[967,1096,1568,1422],"class_list":{"0":"post-11331","1":"product","2":"type-product","3":"status-publish","4":"has-post-thumbnail","6":"product_cat-parametry-wody","7":"product_tag-aquaforest-pl","8":"product_tag-chemia-wody","9":"product_tag-seawater-aquatic-pl","10":"product_tag-variable-pl","12":"first","13":"instock","14":"taxable","15":"shipping-taxable","16":"product-type-variable","17":"has-default-attributes"},"acf":[],"yoast_head":"<!-- This site is optimized with the Yoast SEO plugin v27.1.1 - https:\/\/yoast.com\/product\/yoast-seo-wordpress\/ -->\n<title>Component B - Aquaforest<\/title>\n<meta name=\"description\" content=\"Component B firmy Aquaforest: kluczowy suplement do precyzyjnego zarz\u0105dzania poziomem wapnia w akwarium. Unikalna formu\u0142a dla zdrowych koralowc\u00f3w i stabilnych warunk\u00f3w wodnych.\" \/>\n<meta name=\"robots\" content=\"index, follow, max-snippet:-1, max-image-preview:large, max-video-preview:-1\" \/>\n<link rel=\"canonical\" href=\"https:\/\/aquaforest.eu\/pl\/produkty\/seawater\/parametry-wody\/component-b\/\" \/>\n<meta property=\"og:locale\" content=\"pl_PL\" \/>\n<meta property=\"og:type\" content=\"article\" \/>\n<meta property=\"og:title\" content=\"Component B - Aquaforest\" \/>\n<meta property=\"og:description\" content=\"Component B firmy Aquaforest: kluczowy suplement do precyzyjnego zarz\u0105dzania poziomem wapnia w akwarium. Unikalna formu\u0142a dla zdrowych koralowc\u00f3w i stabilnych warunk\u00f3w wodnych.\" \/>\n<meta property=\"og:url\" content=\"https:\/\/aquaforest.eu\/pl\/produkty\/seawater\/parametry-wody\/component-b\/\" \/>\n<meta property=\"og:site_name\" content=\"Aquaforest\" \/>\n<meta property=\"article:publisher\" content=\"https:\/\/www.facebook.com\/Aquaforest\/\" \/>\n<meta property=\"article:modified_time\" content=\"2024-10-22T22:55:58+00:00\" \/>\n<meta property=\"og:image\" content=\"https:\/\/aquaforest.eu\/wp-content\/uploads\/2024\/06\/Component-B-250ml.png\" \/>\n\t<meta property=\"og:image:width\" content=\"384\" \/>\n\t<meta property=\"og:image:height\" content=\"600\" \/>\n\t<meta property=\"og:image:type\" content=\"image\/png\" \/>\n<meta name=\"twitter:card\" content=\"summary_large_image\" \/>\n<meta name=\"twitter:label1\" content=\"Szacowany czas czytania\" \/>\n\t<meta name=\"twitter:data1\" content=\"1 minuta\" \/>\n<script type=\"application\/ld+json\" class=\"yoast-schema-graph\">{\"@context\":\"https:\/\/schema.org\",\"@graph\":[{\"@type\":\"WebPage\",\"@id\":\"https:\/\/aquaforest.eu\/pl\/produkty\/seawater\/parametry-wody\/component-b\/\",\"url\":\"https:\/\/aquaforest.eu\/pl\/produkty\/seawater\/parametry-wody\/component-b\/\",\"name\":\"Component B - Aquaforest\",\"isPartOf\":{\"@id\":\"https:\/\/aquaforest.eu\/pl\/#website\"},\"primaryImageOfPage\":{\"@id\":\"https:\/\/aquaforest.eu\/pl\/produkty\/seawater\/parametry-wody\/component-b\/#primaryimage\"},\"image\":{\"@id\":\"https:\/\/aquaforest.eu\/pl\/produkty\/seawater\/parametry-wody\/component-b\/#primaryimage\"},\"thumbnailUrl\":\"https:\/\/aquaforest.eu\/wp-content\/uploads\/2024\/06\/Component-B-250ml.png\",\"datePublished\":\"2024-06-27T00:46:13+00:00\",\"dateModified\":\"2024-10-22T22:55:58+00:00\",\"description\":\"Component B firmy Aquaforest: kluczowy suplement do precyzyjnego zarz\u0105dzania poziomem wapnia w akwarium. Unikalna formu\u0142a dla zdrowych koralowc\u00f3w i stabilnych warunk\u00f3w wodnych.\",\"breadcrumb\":{\"@id\":\"https:\/\/aquaforest.eu\/pl\/produkty\/seawater\/parametry-wody\/component-b\/#breadcrumb\"},\"inLanguage\":\"pl-PL\",\"potentialAction\":[{\"@type\":\"ReadAction\",\"target\":[\"https:\/\/aquaforest.eu\/pl\/produkty\/seawater\/parametry-wody\/component-b\/\"]}]},{\"@type\":\"ImageObject\",\"inLanguage\":\"pl-PL\",\"@id\":\"https:\/\/aquaforest.eu\/pl\/produkty\/seawater\/parametry-wody\/component-b\/#primaryimage\",\"url\":\"https:\/\/aquaforest.eu\/wp-content\/uploads\/2024\/06\/Component-B-250ml.png\",\"contentUrl\":\"https:\/\/aquaforest.eu\/wp-content\/uploads\/2024\/06\/Component-B-250ml.png\",\"width\":384,\"height\":600},{\"@type\":\"BreadcrumbList\",\"@id\":\"https:\/\/aquaforest.eu\/pl\/produkty\/seawater\/parametry-wody\/component-b\/#breadcrumb\",\"itemListElement\":[{\"@type\":\"ListItem\",\"position\":1,\"name\":\"Home\",\"item\":\"https:\/\/aquaforest.eu\/pl\/\"},{\"@type\":\"ListItem\",\"position\":2,\"name\":\"Produkty\",\"item\":\"https:\/\/aquaforest.eu\/pl\/produkty\/\"},{\"@type\":\"ListItem\",\"position\":3,\"name\":\"Component B\"}]},{\"@type\":\"WebSite\",\"@id\":\"https:\/\/aquaforest.eu\/pl\/#website\",\"url\":\"https:\/\/aquaforest.eu\/pl\/\",\"name\":\"Aquaforest\",\"description\":\"\",\"publisher\":{\"@id\":\"https:\/\/aquaforest.eu\/pl\/#organization\"},\"potentialAction\":[{\"@type\":\"SearchAction\",\"target\":{\"@type\":\"EntryPoint\",\"urlTemplate\":\"https:\/\/aquaforest.eu\/pl\/?s={search_term_string}\"},\"query-input\":{\"@type\":\"PropertyValueSpecification\",\"valueRequired\":true,\"valueName\":\"search_term_string\"}}],\"inLanguage\":\"pl-PL\"},{\"@type\":\"Organization\",\"@id\":\"https:\/\/aquaforest.eu\/pl\/#organization\",\"name\":\"Aquaforest\",\"url\":\"https:\/\/aquaforest.eu\/pl\/\",\"logo\":{\"@type\":\"ImageObject\",\"inLanguage\":\"pl-PL\",\"@id\":\"https:\/\/aquaforest.eu\/pl\/#\/schema\/logo\/image\/\",\"url\":\"https:\/\/aquaforest.eu\/wp-content\/uploads\/2024\/05\/logotyp-aquaforest.svg\",\"contentUrl\":\"https:\/\/aquaforest.eu\/wp-content\/uploads\/2024\/05\/logotyp-aquaforest.svg\",\"width\":170,\"height\":22,\"caption\":\"Aquaforest\"},\"image\":{\"@id\":\"https:\/\/aquaforest.eu\/pl\/#\/schema\/logo\/image\/\"},\"sameAs\":[\"https:\/\/www.facebook.com\/Aquaforest\/\",\"https:\/\/www.instagram.com\/aquaforest.eu\/\"]}]}<\/script>\n<!-- \/ Yoast SEO plugin. -->","yoast_head_json":{"title":"Component B - Aquaforest","description":"Component B firmy Aquaforest: kluczowy suplement do precyzyjnego zarz\u0105dzania poziomem wapnia w akwarium. Unikalna formu\u0142a dla zdrowych koralowc\u00f3w i stabilnych warunk\u00f3w wodnych.","robots":{"index":"index","follow":"follow","max-snippet":"max-snippet:-1","max-image-preview":"max-image-preview:large","max-video-preview":"max-video-preview:-1"},"canonical":"https:\/\/aquaforest.eu\/pl\/produkty\/seawater\/parametry-wody\/component-b\/","og_locale":"pl_PL","og_type":"article","og_title":"Component B - Aquaforest","og_description":"Component B firmy Aquaforest: kluczowy suplement do precyzyjnego zarz\u0105dzania poziomem wapnia w akwarium. Unikalna formu\u0142a dla zdrowych koralowc\u00f3w i stabilnych warunk\u00f3w wodnych.","og_url":"https:\/\/aquaforest.eu\/pl\/produkty\/seawater\/parametry-wody\/component-b\/","og_site_name":"Aquaforest","article_publisher":"https:\/\/www.facebook.com\/Aquaforest\/","article_modified_time":"2024-10-22T22:55:58+00:00","og_image":[{"width":384,"height":600,"url":"https:\/\/aquaforest.eu\/wp-content\/uploads\/2024\/06\/Component-B-250ml.png","type":"image\/png"}],"twitter_card":"summary_large_image","twitter_misc":{"Szacowany czas czytania":"1 minuta"},"schema":{"@context":"https:\/\/schema.org","@graph":[{"@type":"WebPage","@id":"https:\/\/aquaforest.eu\/pl\/produkty\/seawater\/parametry-wody\/component-b\/","url":"https:\/\/aquaforest.eu\/pl\/produkty\/seawater\/parametry-wody\/component-b\/","name":"Component B - Aquaforest","isPartOf":{"@id":"https:\/\/aquaforest.eu\/pl\/#website"},"primaryImageOfPage":{"@id":"https:\/\/aquaforest.eu\/pl\/produkty\/seawater\/parametry-wody\/component-b\/#primaryimage"},"image":{"@id":"https:\/\/aquaforest.eu\/pl\/produkty\/seawater\/parametry-wody\/component-b\/#primaryimage"},"thumbnailUrl":"https:\/\/aquaforest.eu\/wp-content\/uploads\/2024\/06\/Component-B-250ml.png","datePublished":"2024-06-27T00:46:13+00:00","dateModified":"2024-10-22T22:55:58+00:00","description":"Component B firmy Aquaforest: kluczowy suplement do precyzyjnego zarz\u0105dzania poziomem wapnia w akwarium. Unikalna formu\u0142a dla zdrowych koralowc\u00f3w i stabilnych warunk\u00f3w wodnych.","breadcrumb":{"@id":"https:\/\/aquaforest.eu\/pl\/produkty\/seawater\/parametry-wody\/component-b\/#breadcrumb"},"inLanguage":"pl-PL","potentialAction":[{"@type":"ReadAction","target":["https:\/\/aquaforest.eu\/pl\/produkty\/seawater\/parametry-wody\/component-b\/"]}]},{"@type":"ImageObject","inLanguage":"pl-PL","@id":"https:\/\/aquaforest.eu\/pl\/produkty\/seawater\/parametry-wody\/component-b\/#primaryimage","url":"https:\/\/aquaforest.eu\/wp-content\/uploads\/2024\/06\/Component-B-250ml.png","contentUrl":"https:\/\/aquaforest.eu\/wp-content\/uploads\/2024\/06\/Component-B-250ml.png","width":384,"height":600},{"@type":"BreadcrumbList","@id":"https:\/\/aquaforest.eu\/pl\/produkty\/seawater\/parametry-wody\/component-b\/#breadcrumb","itemListElement":[{"@type":"ListItem","position":1,"name":"Home","item":"https:\/\/aquaforest.eu\/pl\/"},{"@type":"ListItem","position":2,"name":"Produkty","item":"https:\/\/aquaforest.eu\/pl\/produkty\/"},{"@type":"ListItem","position":3,"name":"Component B"}]},{"@type":"WebSite","@id":"https:\/\/aquaforest.eu\/pl\/#website","url":"https:\/\/aquaforest.eu\/pl\/","name":"Aquaforest","description":"","publisher":{"@id":"https:\/\/aquaforest.eu\/pl\/#organization"},"potentialAction":[{"@type":"SearchAction","target":{"@type":"EntryPoint","urlTemplate":"https:\/\/aquaforest.eu\/pl\/?s={search_term_string}"},"query-input":{"@type":"PropertyValueSpecification","valueRequired":true,"valueName":"search_term_string"}}],"inLanguage":"pl-PL"},{"@type":"Organization","@id":"https:\/\/aquaforest.eu\/pl\/#organization","name":"Aquaforest","url":"https:\/\/aquaforest.eu\/pl\/","logo":{"@type":"ImageObject","inLanguage":"pl-PL","@id":"https:\/\/aquaforest.eu\/pl\/#\/schema\/logo\/image\/","url":"https:\/\/aquaforest.eu\/wp-content\/uploads\/2024\/05\/logotyp-aquaforest.svg","contentUrl":"https:\/\/aquaforest.eu\/wp-content\/uploads\/2024\/05\/logotyp-aquaforest.svg","width":170,"height":22,"caption":"Aquaforest"},"image":{"@id":"https:\/\/aquaforest.eu\/pl\/#\/schema\/logo\/image\/"},"sameAs":["https:\/\/www.facebook.com\/Aquaforest\/","https:\/\/www.instagram.com\/aquaforest.eu\/"]}]}},"_links":{"self":[{"href":"https:\/\/aquaforest.eu\/pl\/wp-json\/wp\/v2\/product\/11331","targetHints":{"allow":["GET"]}}],"collection":[{"href":"https:\/\/aquaforest.eu\/pl\/wp-json\/wp\/v2\/product"}],"about":[{"href":"https:\/\/aquaforest.eu\/pl\/wp-json\/wp\/v2\/types\/product"}],"version-history":[{"count":0,"href":"https:\/\/aquaforest.eu\/pl\/wp-json\/wp\/v2\/product\/11331\/revisions"}],"wp:featuredmedia":[{"embeddable":true,"href":"https:\/\/aquaforest.eu\/pl\/wp-json\/wp\/v2\/media\/11354"}],"wp:attachment":[{"href":"https:\/\/aquaforest.eu\/pl\/wp-json\/wp\/v2\/media?parent=11331"}],"wp:term":[{"taxonomy":"product_brand","embeddable":true,"href":"https:\/\/aquaforest.eu\/pl\/wp-json\/wp\/v2\/product_brand?post=11331"},{"taxonomy":"product_cat","embeddable":true,"href":"https:\/\/aquaforest.eu\/pl\/wp-json\/wp\/v2\/product_cat?post=11331"},{"taxonomy":"product_tag","embeddable":true,"href":"https:\/\/aquaforest.eu\/pl\/wp-json\/wp\/v2\/product_tag?post=11331"}],"curies":[{"name":"wp","href":"https:\/\/api.w.org\/{rel}","templated":true}]}}