{"id":11360,"date":"2024-06-27T02:37:17","date_gmt":"2024-06-27T00:37:17","guid":{"rendered":"https:\/\/aquaforest.eu\/products\/bez-kategorii\/esencja-czosnkowa\/"},"modified":"2026-05-04T12:00:33","modified_gmt":"2026-05-04T10:00:33","slug":"garlic-essence","status":"publish","type":"product","link":"https:\/\/aquaforest.eu\/pl\/produkty\/seawater\/pokarmy-i-suplementacja\/garlic-essence\/","title":{"rendered":"Garlic Essence"},"content":{"rendered":"<h3><strong>Kompleksowe wsparcie odporno\u015bci<\/strong><\/h3>\n<p>Garlic Essence to pokarm uzupe\u0142niaj\u0105cy, \u0142\u0105cz\u0105cy w sobie witaminy, kwasy omega-3 oraz naturalny wyci\u0105g z czosnku, tworz\u0105c kompleksowe wsparcie uk\u0142adu odporno\u015bciowego ryb akwariowych. Stanowi skuteczne narz\u0119dzie zar\u00f3wno do codziennego wspomagania diety ryb, jak i w trakcie kuracji, rekonwalescencji czy okresie kwarantanny.<br \/>\nDzi\u0119ki unikalnej formule opartej na naturalnych sk\u0142adnikach, Garlic Essence wspiera profilaktyk\u0119 zdrowia, wspomagaj\u0105c ich og\u00f3ln\u0105 kondycj\u0119. Jego sk\u0142adniki od\u017cywcze, w tym witaminy i kwasy omega-3, pe\u0142ni\u0105 istotn\u0105 rol\u0119 w utrzymaniu zdrowego rozwoju ryb.<br \/>\nSk\u0142adniki tego produktu, takie jak wyci\u0105g z czosnku, oleje ro\u015blinne i tran, podkre\u015blaj\u0105 jego naturalne podej\u015bcie do wspierania zdrowia ryb akwariowych.<br \/>\nGarlic Essence to kompleksowy suplement, kt\u00f3ry nie tylko zaspokaja codzienne potrzeby ryb, ale tak\u017ce mo\u017ce pe\u0142ni\u0107 kluczow\u0105 rol\u0119 w dbaniu o ich zdrowie. Oferuje kompleksowe wsparcie, zgodne z naturalnymi potrzebami ryb akwariowych.<\/p>\n<hr \/>\n<h3><strong>Co sprawia, \u017ce produkt ten jest wyj\u0105tkowy?<\/strong><\/h3>\n<ul>\n<li>\u015arodek zawieraj\u0105cy witaminy, kwasy omega-3 oraz naturalny wyci\u0105g z czosnku.<\/li>\n<li>Wzbogaca codzienn\u0105 diety ryb.<\/li>\n<li>Skuteczny w okresie kwarantanny.<\/li>\n<li>Sk\u0142adniki to wyci\u0105g z czosnku, oleje ro\u015blinne i tran.<\/li>\n<li>Pozytywnie wp\u0142ywa na uk\u0142ad krwiono\u015bny.<\/li>\n<li>Poprawia tempo regeneracji i gojenia si\u0119 ran.<\/li>\n<\/ul>\n","protected":false},"excerpt":{"rendered":"<p>Naturalny suplement z ekstraktu z czosnku. Zawiera witaminy, kwas omega-3, olej rybny i naturalny wyci\u0105g z czosnku.<\/p>\n","protected":false},"featured_media":11341,"template":"","meta":{"_acf_changed":false,"content-type":""},"product_brand":[],"product_cat":[1151],"product_tag":[967,1569,1568,1422],"class_list":{"0":"post-11360","1":"product","2":"type-product","3":"status-publish","4":"has-post-thumbnail","6":"product_cat-pokarmy-i-suplementacja","7":"product_tag-aquaforest-pl","8":"product_tag-foods-and-supplementation-pl","9":"product_tag-seawater-aquatic-pl","10":"product_tag-variable-pl","12":"first","13":"instock","14":"taxable","15":"shipping-taxable","16":"product-type-variable","17":"has-default-attributes"},"acf":[],"yoast_head":"<!-- This site is optimized with the Yoast SEO plugin v27.1.1 - https:\/\/yoast.com\/product\/yoast-seo-wordpress\/ -->\n<title>Garlic Essence - Aquaforest<\/title>\n<meta name=\"description\" content=\"Garlic Essence by Aquaforest: unikalny ekstrakt z czosnku, kt\u00f3ry poprawia apetyt, wzmacnia odporno\u015b\u0107 i naturalnie odstrasza paso\u017cyty. Unikalna formu\u0142a dla zdrowia ryb i koralowc\u00f3w.\" \/>\n<meta name=\"robots\" content=\"index, follow, max-snippet:-1, max-image-preview:large, max-video-preview:-1\" \/>\n<link rel=\"canonical\" href=\"https:\/\/aquaforest.eu\/pl\/produkty\/seawater\/pokarmy-i-suplementacja\/garlic-essence\/\" \/>\n<meta property=\"og:locale\" content=\"pl_PL\" \/>\n<meta property=\"og:type\" content=\"article\" \/>\n<meta property=\"og:title\" content=\"Garlic Essence - Aquaforest\" \/>\n<meta property=\"og:description\" content=\"Garlic Essence by Aquaforest: unikalny ekstrakt z czosnku, kt\u00f3ry poprawia apetyt, wzmacnia odporno\u015b\u0107 i naturalnie odstrasza paso\u017cyty. Unikalna formu\u0142a dla zdrowia ryb i koralowc\u00f3w.\" \/>\n<meta property=\"og:url\" content=\"https:\/\/aquaforest.eu\/pl\/produkty\/seawater\/pokarmy-i-suplementacja\/garlic-essence\/\" \/>\n<meta property=\"og:site_name\" content=\"Aquaforest\" \/>\n<meta property=\"article:publisher\" content=\"https:\/\/www.facebook.com\/Aquaforest\/\" \/>\n<meta property=\"article:modified_time\" content=\"2026-05-04T10:00:33+00:00\" \/>\n<meta property=\"og:image\" content=\"https:\/\/aquaforest.eu\/wp-content\/uploads\/2024\/06\/Garlic_Essence_50ml.png\" \/>\n\t<meta property=\"og:image:width\" content=\"767\" \/>\n\t<meta property=\"og:image:height\" content=\"1423\" \/>\n\t<meta property=\"og:image:type\" content=\"image\/png\" \/>\n<meta name=\"twitter:card\" content=\"summary_large_image\" \/>\n<meta name=\"twitter:label1\" content=\"Szacowany czas czytania\" \/>\n\t<meta name=\"twitter:data1\" content=\"1 minuta\" \/>\n<script type=\"application\/ld+json\" class=\"yoast-schema-graph\">{\"@context\":\"https:\/\/schema.org\",\"@graph\":[{\"@type\":\"WebPage\",\"@id\":\"https:\/\/aquaforest.eu\/pl\/produkty\/seawater\/pokarmy-i-suplementacja\/garlic-essence\/\",\"url\":\"https:\/\/aquaforest.eu\/pl\/produkty\/seawater\/pokarmy-i-suplementacja\/garlic-essence\/\",\"name\":\"Garlic Essence - Aquaforest\",\"isPartOf\":{\"@id\":\"https:\/\/aquaforest.eu\/pl\/#website\"},\"primaryImageOfPage\":{\"@id\":\"https:\/\/aquaforest.eu\/pl\/produkty\/seawater\/pokarmy-i-suplementacja\/garlic-essence\/#primaryimage\"},\"image\":{\"@id\":\"https:\/\/aquaforest.eu\/pl\/produkty\/seawater\/pokarmy-i-suplementacja\/garlic-essence\/#primaryimage\"},\"thumbnailUrl\":\"https:\/\/aquaforest.eu\/wp-content\/uploads\/2024\/06\/Garlic_Essence_50ml.png\",\"datePublished\":\"2024-06-27T00:37:17+00:00\",\"dateModified\":\"2026-05-04T10:00:33+00:00\",\"description\":\"Garlic Essence by Aquaforest: unikalny ekstrakt z czosnku, kt\u00f3ry poprawia apetyt, wzmacnia odporno\u015b\u0107 i naturalnie odstrasza paso\u017cyty. Unikalna formu\u0142a dla zdrowia ryb i koralowc\u00f3w.\",\"breadcrumb\":{\"@id\":\"https:\/\/aquaforest.eu\/pl\/produkty\/seawater\/pokarmy-i-suplementacja\/garlic-essence\/#breadcrumb\"},\"inLanguage\":\"pl-PL\",\"potentialAction\":[{\"@type\":\"ReadAction\",\"target\":[\"https:\/\/aquaforest.eu\/pl\/produkty\/seawater\/pokarmy-i-suplementacja\/garlic-essence\/\"]}]},{\"@type\":\"ImageObject\",\"inLanguage\":\"pl-PL\",\"@id\":\"https:\/\/aquaforest.eu\/pl\/produkty\/seawater\/pokarmy-i-suplementacja\/garlic-essence\/#primaryimage\",\"url\":\"https:\/\/aquaforest.eu\/wp-content\/uploads\/2024\/06\/Garlic_Essence_50ml.png\",\"contentUrl\":\"https:\/\/aquaforest.eu\/wp-content\/uploads\/2024\/06\/Garlic_Essence_50ml.png\",\"width\":767,\"height\":1423},{\"@type\":\"BreadcrumbList\",\"@id\":\"https:\/\/aquaforest.eu\/pl\/produkty\/seawater\/pokarmy-i-suplementacja\/garlic-essence\/#breadcrumb\",\"itemListElement\":[{\"@type\":\"ListItem\",\"position\":1,\"name\":\"Home\",\"item\":\"https:\/\/aquaforest.eu\/pl\/\"},{\"@type\":\"ListItem\",\"position\":2,\"name\":\"Produkty\",\"item\":\"https:\/\/aquaforest.eu\/pl\/produkty\/\"},{\"@type\":\"ListItem\",\"position\":3,\"name\":\"Garlic Essence\"}]},{\"@type\":\"WebSite\",\"@id\":\"https:\/\/aquaforest.eu\/pl\/#website\",\"url\":\"https:\/\/aquaforest.eu\/pl\/\",\"name\":\"Aquaforest\",\"description\":\"\",\"publisher\":{\"@id\":\"https:\/\/aquaforest.eu\/pl\/#organization\"},\"potentialAction\":[{\"@type\":\"SearchAction\",\"target\":{\"@type\":\"EntryPoint\",\"urlTemplate\":\"https:\/\/aquaforest.eu\/pl\/?s={search_term_string}\"},\"query-input\":{\"@type\":\"PropertyValueSpecification\",\"valueRequired\":true,\"valueName\":\"search_term_string\"}}],\"inLanguage\":\"pl-PL\"},{\"@type\":\"Organization\",\"@id\":\"https:\/\/aquaforest.eu\/pl\/#organization\",\"name\":\"Aquaforest\",\"url\":\"https:\/\/aquaforest.eu\/pl\/\",\"logo\":{\"@type\":\"ImageObject\",\"inLanguage\":\"pl-PL\",\"@id\":\"https:\/\/aquaforest.eu\/pl\/#\/schema\/logo\/image\/\",\"url\":\"https:\/\/aquaforest.eu\/wp-content\/uploads\/2024\/05\/logotyp-aquaforest.svg\",\"contentUrl\":\"https:\/\/aquaforest.eu\/wp-content\/uploads\/2024\/05\/logotyp-aquaforest.svg\",\"width\":170,\"height\":22,\"caption\":\"Aquaforest\"},\"image\":{\"@id\":\"https:\/\/aquaforest.eu\/pl\/#\/schema\/logo\/image\/\"},\"sameAs\":[\"https:\/\/www.facebook.com\/Aquaforest\/\",\"https:\/\/www.instagram.com\/aquaforest.eu\/\"]}]}<\/script>\n<!-- \/ Yoast SEO plugin. -->","yoast_head_json":{"title":"Garlic Essence - Aquaforest","description":"Garlic Essence by Aquaforest: unikalny ekstrakt z czosnku, kt\u00f3ry poprawia apetyt, wzmacnia odporno\u015b\u0107 i naturalnie odstrasza paso\u017cyty. Unikalna formu\u0142a dla zdrowia ryb i koralowc\u00f3w.","robots":{"index":"index","follow":"follow","max-snippet":"max-snippet:-1","max-image-preview":"max-image-preview:large","max-video-preview":"max-video-preview:-1"},"canonical":"https:\/\/aquaforest.eu\/pl\/produkty\/seawater\/pokarmy-i-suplementacja\/garlic-essence\/","og_locale":"pl_PL","og_type":"article","og_title":"Garlic Essence - Aquaforest","og_description":"Garlic Essence by Aquaforest: unikalny ekstrakt z czosnku, kt\u00f3ry poprawia apetyt, wzmacnia odporno\u015b\u0107 i naturalnie odstrasza paso\u017cyty. Unikalna formu\u0142a dla zdrowia ryb i koralowc\u00f3w.","og_url":"https:\/\/aquaforest.eu\/pl\/produkty\/seawater\/pokarmy-i-suplementacja\/garlic-essence\/","og_site_name":"Aquaforest","article_publisher":"https:\/\/www.facebook.com\/Aquaforest\/","article_modified_time":"2026-05-04T10:00:33+00:00","og_image":[{"width":767,"height":1423,"url":"https:\/\/aquaforest.eu\/wp-content\/uploads\/2024\/06\/Garlic_Essence_50ml.png","type":"image\/png"}],"twitter_card":"summary_large_image","twitter_misc":{"Szacowany czas czytania":"1 minuta"},"schema":{"@context":"https:\/\/schema.org","@graph":[{"@type":"WebPage","@id":"https:\/\/aquaforest.eu\/pl\/produkty\/seawater\/pokarmy-i-suplementacja\/garlic-essence\/","url":"https:\/\/aquaforest.eu\/pl\/produkty\/seawater\/pokarmy-i-suplementacja\/garlic-essence\/","name":"Garlic Essence - Aquaforest","isPartOf":{"@id":"https:\/\/aquaforest.eu\/pl\/#website"},"primaryImageOfPage":{"@id":"https:\/\/aquaforest.eu\/pl\/produkty\/seawater\/pokarmy-i-suplementacja\/garlic-essence\/#primaryimage"},"image":{"@id":"https:\/\/aquaforest.eu\/pl\/produkty\/seawater\/pokarmy-i-suplementacja\/garlic-essence\/#primaryimage"},"thumbnailUrl":"https:\/\/aquaforest.eu\/wp-content\/uploads\/2024\/06\/Garlic_Essence_50ml.png","datePublished":"2024-06-27T00:37:17+00:00","dateModified":"2026-05-04T10:00:33+00:00","description":"Garlic Essence by Aquaforest: unikalny ekstrakt z czosnku, kt\u00f3ry poprawia apetyt, wzmacnia odporno\u015b\u0107 i naturalnie odstrasza paso\u017cyty. Unikalna formu\u0142a dla zdrowia ryb i koralowc\u00f3w.","breadcrumb":{"@id":"https:\/\/aquaforest.eu\/pl\/produkty\/seawater\/pokarmy-i-suplementacja\/garlic-essence\/#breadcrumb"},"inLanguage":"pl-PL","potentialAction":[{"@type":"ReadAction","target":["https:\/\/aquaforest.eu\/pl\/produkty\/seawater\/pokarmy-i-suplementacja\/garlic-essence\/"]}]},{"@type":"ImageObject","inLanguage":"pl-PL","@id":"https:\/\/aquaforest.eu\/pl\/produkty\/seawater\/pokarmy-i-suplementacja\/garlic-essence\/#primaryimage","url":"https:\/\/aquaforest.eu\/wp-content\/uploads\/2024\/06\/Garlic_Essence_50ml.png","contentUrl":"https:\/\/aquaforest.eu\/wp-content\/uploads\/2024\/06\/Garlic_Essence_50ml.png","width":767,"height":1423},{"@type":"BreadcrumbList","@id":"https:\/\/aquaforest.eu\/pl\/produkty\/seawater\/pokarmy-i-suplementacja\/garlic-essence\/#breadcrumb","itemListElement":[{"@type":"ListItem","position":1,"name":"Home","item":"https:\/\/aquaforest.eu\/pl\/"},{"@type":"ListItem","position":2,"name":"Produkty","item":"https:\/\/aquaforest.eu\/pl\/produkty\/"},{"@type":"ListItem","position":3,"name":"Garlic Essence"}]},{"@type":"WebSite","@id":"https:\/\/aquaforest.eu\/pl\/#website","url":"https:\/\/aquaforest.eu\/pl\/","name":"Aquaforest","description":"","publisher":{"@id":"https:\/\/aquaforest.eu\/pl\/#organization"},"potentialAction":[{"@type":"SearchAction","target":{"@type":"EntryPoint","urlTemplate":"https:\/\/aquaforest.eu\/pl\/?s={search_term_string}"},"query-input":{"@type":"PropertyValueSpecification","valueRequired":true,"valueName":"search_term_string"}}],"inLanguage":"pl-PL"},{"@type":"Organization","@id":"https:\/\/aquaforest.eu\/pl\/#organization","name":"Aquaforest","url":"https:\/\/aquaforest.eu\/pl\/","logo":{"@type":"ImageObject","inLanguage":"pl-PL","@id":"https:\/\/aquaforest.eu\/pl\/#\/schema\/logo\/image\/","url":"https:\/\/aquaforest.eu\/wp-content\/uploads\/2024\/05\/logotyp-aquaforest.svg","contentUrl":"https:\/\/aquaforest.eu\/wp-content\/uploads\/2024\/05\/logotyp-aquaforest.svg","width":170,"height":22,"caption":"Aquaforest"},"image":{"@id":"https:\/\/aquaforest.eu\/pl\/#\/schema\/logo\/image\/"},"sameAs":["https:\/\/www.facebook.com\/Aquaforest\/","https:\/\/www.instagram.com\/aquaforest.eu\/"]}]}},"_links":{"self":[{"href":"https:\/\/aquaforest.eu\/pl\/wp-json\/wp\/v2\/product\/11360","targetHints":{"allow":["GET"]}}],"collection":[{"href":"https:\/\/aquaforest.eu\/pl\/wp-json\/wp\/v2\/product"}],"about":[{"href":"https:\/\/aquaforest.eu\/pl\/wp-json\/wp\/v2\/types\/product"}],"version-history":[{"count":4,"href":"https:\/\/aquaforest.eu\/pl\/wp-json\/wp\/v2\/product\/11360\/revisions"}],"predecessor-version":[{"id":31421,"href":"https:\/\/aquaforest.eu\/pl\/wp-json\/wp\/v2\/product\/11360\/revisions\/31421"}],"wp:featuredmedia":[{"embeddable":true,"href":"https:\/\/aquaforest.eu\/pl\/wp-json\/wp\/v2\/media\/11341"}],"wp:attachment":[{"href":"https:\/\/aquaforest.eu\/pl\/wp-json\/wp\/v2\/media?parent=11360"}],"wp:term":[{"taxonomy":"product_brand","embeddable":true,"href":"https:\/\/aquaforest.eu\/pl\/wp-json\/wp\/v2\/product_brand?post=11360"},{"taxonomy":"product_cat","embeddable":true,"href":"https:\/\/aquaforest.eu\/pl\/wp-json\/wp\/v2\/product_cat?post=11360"},{"taxonomy":"product_tag","embeddable":true,"href":"https:\/\/aquaforest.eu\/pl\/wp-json\/wp\/v2\/product_tag?post=11360"}],"curies":[{"name":"wp","href":"https:\/\/api.w.org\/{rel}","templated":true}]}}