{"id":11370,"date":"2024-06-27T02:08:51","date_gmt":"2024-06-27T00:08:51","guid":{"rendered":"https:\/\/aquaforest.eu\/products\/bez-kategorii\/bio-s\/"},"modified":"2025-06-17T10:11:38","modified_gmt":"2025-06-17T08:11:38","slug":"bio-s","status":"publish","type":"product","link":"https:\/\/aquaforest.eu\/pl\/produkty\/seawater\/metoda-probiotyczna\/bio-s\/","title":{"rendered":"Bio S"},"content":{"rendered":"<h4 class=\"fusion-responsive-typography-calculated\" data-fontsize=\"22\" data-lineheight=\"27.5px\"><span style=\"color: #000000;\">Szybka i skuteczna eliminacja zwi\u0105zk\u00f3w amoniaku i azotu z akwarium<\/span><\/h4>\n<p><span style=\"color: #000000;\">Specjalistyczna formu\u0142a opracowana w celu szybkiej i skutecznej eliminacji zwi\u0105zk\u00f3w amoniaku i azotu z akwarium. Bio S zawiera specjalnie dobrane szczepy bakterii tworz\u0105cych \u015brodowisko idealne do namna\u017cania odpowiedzialnych za cykl azotowy bakterii z rodziny Nitrospirae oraz Nitrobacteraceae.<\/span><\/p>\n<h4 class=\"fusion-responsive-typography-calculated\" data-fontsize=\"22\" data-lineheight=\"27.5px\"><span style=\"color: #000000;\">Przyspiesz proces nitryfikacji<\/span><\/h4>\n<p><span style=\"color: #000000;\">W procesie nitryfikacji bakterie usuwaj\u0105 z wody toksyczne dla ryb substancje takie jak amoniak i azotyny. Bio S jest zalecany szczeg\u00f3lnie w pierwszych dniach po za\u0142o\u017ceniu akwarium w celu rozpocz\u0119cia i przyspieszenia procesu nitryfikacji. Bio S doskonale sprawdza si\u0119 jako \u015brodek do zasiedlania medi\u00f3w filtracyjnych w nowo za\u0142o\u017conych akwariach. W dojrza\u0142ych akwariach przyspiesza rozk\u0142ad resztek pokarmu, a tak\u017ce innych zwi\u0105zk\u00f3w organicznych oraz osad\u00f3w. Poprawia klarowno\u015b\u0107 wody i sprzyja oczyszczaniu pod\u0142o\u017ca. Bio S mo\u017cna z powodzeniem stosowa\u0107 r\u00f3wnie\u017c w zbiornikach, w kt\u00f3rych system filtracji oparty jest na bakteriach probiotycznych.<\/span><\/p>\n<h4 class=\"fusion-responsive-typography-calculated\" data-fontsize=\"22\" data-lineheight=\"27.5px\"><span style=\"color: #000000;\">Popraw klarowno\u015b\u0107 wody<\/span><\/h4>\n<p><span style=\"color: #000000;\"><strong>Dozowanie<\/strong>: 1 kropla na 100 l wody codziennie przez pierwsze 2 tygodnie. W funkcjonuj\u0105cym akwarium Bio S mo\u017cna stosowa\u0107 po podmianach wody. Wstrz\u0105sn\u0105\u0107 przed u\u017cyciem. Nakr\u0119tek nie nale\u017cy dokr\u0119ca\u0107 zbyt mocno, mo\u017ce to skutkowa\u0107 p\u0119kni\u0119ciem lub uszkodzeniem opakowania.<\/span><\/p>\n","protected":false},"excerpt":{"rendered":"<p>Bakterie nitryfikacyjne przyspieszaj\u0105ce dojrzewanie. Zawiera specjalnie wyselekcjonowane szczepy bakterii.<\/p>\n","protected":false},"featured_media":11403,"template":"","meta":{"_acf_changed":false,"content-type":""},"product_brand":[],"product_cat":[1155],"product_tag":[967,1109,1568,1422],"class_list":{"0":"post-11370","1":"product","2":"type-product","3":"status-publish","4":"has-post-thumbnail","6":"product_cat-metoda-probiotyczna","7":"product_tag-aquaforest-pl","8":"product_tag-metoda-probiotyczna","9":"product_tag-seawater-aquatic-pl","10":"product_tag-variable-pl","12":"first","13":"instock","14":"taxable","15":"shipping-taxable","16":"product-type-variable","17":"has-default-attributes"},"acf":[],"yoast_head":"<!-- This site is optimized with the Yoast SEO plugin v27.1.1 - https:\/\/yoast.com\/product\/yoast-seo-wordpress\/ -->\n<title>Bio S - Aquaforest<\/title>\n<meta name=\"description\" content=\"Bio S: specjalistyczny preparat do szybkiej i skutecznej eliminacji amoniaku i azotu z akwarium. Zawiera szczepy bakterii Nitrospirae i Nitrobacteraceae, wspomagaj\u0105ce cykl azotowy.\" \/>\n<meta name=\"robots\" content=\"index, follow, max-snippet:-1, max-image-preview:large, max-video-preview:-1\" \/>\n<link rel=\"canonical\" href=\"https:\/\/aquaforest.eu\/pl\/produkty\/seawater\/metoda-probiotyczna\/bio-s\/\" \/>\n<meta property=\"og:locale\" content=\"pl_PL\" \/>\n<meta property=\"og:type\" content=\"article\" \/>\n<meta property=\"og:title\" content=\"Bio S - Aquaforest\" \/>\n<meta property=\"og:description\" content=\"Bio S: specjalistyczny preparat do szybkiej i skutecznej eliminacji amoniaku i azotu z akwarium. Zawiera szczepy bakterii Nitrospirae i Nitrobacteraceae, wspomagaj\u0105ce cykl azotowy.\" \/>\n<meta property=\"og:url\" content=\"https:\/\/aquaforest.eu\/pl\/produkty\/seawater\/metoda-probiotyczna\/bio-s\/\" \/>\n<meta property=\"og:site_name\" content=\"Aquaforest\" \/>\n<meta property=\"article:publisher\" content=\"https:\/\/www.facebook.com\/Aquaforest\/\" \/>\n<meta property=\"article:modified_time\" content=\"2025-06-17T08:11:38+00:00\" \/>\n<meta property=\"og:image\" content=\"https:\/\/aquaforest.eu\/wp-content\/uploads\/2024\/06\/Bio-S-10-ml.png\" \/>\n\t<meta property=\"og:image:width\" content=\"277\" \/>\n\t<meta property=\"og:image:height\" content=\"600\" \/>\n\t<meta property=\"og:image:type\" content=\"image\/png\" \/>\n<meta name=\"twitter:card\" content=\"summary_large_image\" \/>\n<meta name=\"twitter:label1\" content=\"Szacowany czas czytania\" \/>\n\t<meta name=\"twitter:data1\" content=\"1 minuta\" \/>\n<script type=\"application\/ld+json\" class=\"yoast-schema-graph\">{\"@context\":\"https:\/\/schema.org\",\"@graph\":[{\"@type\":\"WebPage\",\"@id\":\"https:\/\/aquaforest.eu\/pl\/produkty\/seawater\/metoda-probiotyczna\/bio-s\/\",\"url\":\"https:\/\/aquaforest.eu\/pl\/produkty\/seawater\/metoda-probiotyczna\/bio-s\/\",\"name\":\"Bio S - Aquaforest\",\"isPartOf\":{\"@id\":\"https:\/\/aquaforest.eu\/pl\/#website\"},\"primaryImageOfPage\":{\"@id\":\"https:\/\/aquaforest.eu\/pl\/produkty\/seawater\/metoda-probiotyczna\/bio-s\/#primaryimage\"},\"image\":{\"@id\":\"https:\/\/aquaforest.eu\/pl\/produkty\/seawater\/metoda-probiotyczna\/bio-s\/#primaryimage\"},\"thumbnailUrl\":\"https:\/\/aquaforest.eu\/wp-content\/uploads\/2024\/06\/Bio-S-10-ml.png\",\"datePublished\":\"2024-06-27T00:08:51+00:00\",\"dateModified\":\"2025-06-17T08:11:38+00:00\",\"description\":\"Bio S: specjalistyczny preparat do szybkiej i skutecznej eliminacji amoniaku i azotu z akwarium. Zawiera szczepy bakterii Nitrospirae i Nitrobacteraceae, wspomagaj\u0105ce cykl azotowy.\",\"breadcrumb\":{\"@id\":\"https:\/\/aquaforest.eu\/pl\/produkty\/seawater\/metoda-probiotyczna\/bio-s\/#breadcrumb\"},\"inLanguage\":\"pl-PL\",\"potentialAction\":[{\"@type\":\"ReadAction\",\"target\":[\"https:\/\/aquaforest.eu\/pl\/produkty\/seawater\/metoda-probiotyczna\/bio-s\/\"]}]},{\"@type\":\"ImageObject\",\"inLanguage\":\"pl-PL\",\"@id\":\"https:\/\/aquaforest.eu\/pl\/produkty\/seawater\/metoda-probiotyczna\/bio-s\/#primaryimage\",\"url\":\"https:\/\/aquaforest.eu\/wp-content\/uploads\/2024\/06\/Bio-S-10-ml.png\",\"contentUrl\":\"https:\/\/aquaforest.eu\/wp-content\/uploads\/2024\/06\/Bio-S-10-ml.png\",\"width\":277,\"height\":600},{\"@type\":\"BreadcrumbList\",\"@id\":\"https:\/\/aquaforest.eu\/pl\/produkty\/seawater\/metoda-probiotyczna\/bio-s\/#breadcrumb\",\"itemListElement\":[{\"@type\":\"ListItem\",\"position\":1,\"name\":\"Home\",\"item\":\"https:\/\/aquaforest.eu\/pl\/\"},{\"@type\":\"ListItem\",\"position\":2,\"name\":\"Produkty\",\"item\":\"https:\/\/aquaforest.eu\/pl\/produkty\/\"},{\"@type\":\"ListItem\",\"position\":3,\"name\":\"Bio S\"}]},{\"@type\":\"WebSite\",\"@id\":\"https:\/\/aquaforest.eu\/pl\/#website\",\"url\":\"https:\/\/aquaforest.eu\/pl\/\",\"name\":\"Aquaforest\",\"description\":\"\",\"publisher\":{\"@id\":\"https:\/\/aquaforest.eu\/pl\/#organization\"},\"potentialAction\":[{\"@type\":\"SearchAction\",\"target\":{\"@type\":\"EntryPoint\",\"urlTemplate\":\"https:\/\/aquaforest.eu\/pl\/?s={search_term_string}\"},\"query-input\":{\"@type\":\"PropertyValueSpecification\",\"valueRequired\":true,\"valueName\":\"search_term_string\"}}],\"inLanguage\":\"pl-PL\"},{\"@type\":\"Organization\",\"@id\":\"https:\/\/aquaforest.eu\/pl\/#organization\",\"name\":\"Aquaforest\",\"url\":\"https:\/\/aquaforest.eu\/pl\/\",\"logo\":{\"@type\":\"ImageObject\",\"inLanguage\":\"pl-PL\",\"@id\":\"https:\/\/aquaforest.eu\/pl\/#\/schema\/logo\/image\/\",\"url\":\"https:\/\/aquaforest.eu\/wp-content\/uploads\/2024\/05\/logotyp-aquaforest.svg\",\"contentUrl\":\"https:\/\/aquaforest.eu\/wp-content\/uploads\/2024\/05\/logotyp-aquaforest.svg\",\"width\":170,\"height\":22,\"caption\":\"Aquaforest\"},\"image\":{\"@id\":\"https:\/\/aquaforest.eu\/pl\/#\/schema\/logo\/image\/\"},\"sameAs\":[\"https:\/\/www.facebook.com\/Aquaforest\/\",\"https:\/\/www.instagram.com\/aquaforest.eu\/\"]}]}<\/script>\n<!-- \/ Yoast SEO plugin. -->","yoast_head_json":{"title":"Bio S - Aquaforest","description":"Bio S: specjalistyczny preparat do szybkiej i skutecznej eliminacji amoniaku i azotu z akwarium. Zawiera szczepy bakterii Nitrospirae i Nitrobacteraceae, wspomagaj\u0105ce cykl azotowy.","robots":{"index":"index","follow":"follow","max-snippet":"max-snippet:-1","max-image-preview":"max-image-preview:large","max-video-preview":"max-video-preview:-1"},"canonical":"https:\/\/aquaforest.eu\/pl\/produkty\/seawater\/metoda-probiotyczna\/bio-s\/","og_locale":"pl_PL","og_type":"article","og_title":"Bio S - Aquaforest","og_description":"Bio S: specjalistyczny preparat do szybkiej i skutecznej eliminacji amoniaku i azotu z akwarium. Zawiera szczepy bakterii Nitrospirae i Nitrobacteraceae, wspomagaj\u0105ce cykl azotowy.","og_url":"https:\/\/aquaforest.eu\/pl\/produkty\/seawater\/metoda-probiotyczna\/bio-s\/","og_site_name":"Aquaforest","article_publisher":"https:\/\/www.facebook.com\/Aquaforest\/","article_modified_time":"2025-06-17T08:11:38+00:00","og_image":[{"width":277,"height":600,"url":"https:\/\/aquaforest.eu\/wp-content\/uploads\/2024\/06\/Bio-S-10-ml.png","type":"image\/png"}],"twitter_card":"summary_large_image","twitter_misc":{"Szacowany czas czytania":"1 minuta"},"schema":{"@context":"https:\/\/schema.org","@graph":[{"@type":"WebPage","@id":"https:\/\/aquaforest.eu\/pl\/produkty\/seawater\/metoda-probiotyczna\/bio-s\/","url":"https:\/\/aquaforest.eu\/pl\/produkty\/seawater\/metoda-probiotyczna\/bio-s\/","name":"Bio S - Aquaforest","isPartOf":{"@id":"https:\/\/aquaforest.eu\/pl\/#website"},"primaryImageOfPage":{"@id":"https:\/\/aquaforest.eu\/pl\/produkty\/seawater\/metoda-probiotyczna\/bio-s\/#primaryimage"},"image":{"@id":"https:\/\/aquaforest.eu\/pl\/produkty\/seawater\/metoda-probiotyczna\/bio-s\/#primaryimage"},"thumbnailUrl":"https:\/\/aquaforest.eu\/wp-content\/uploads\/2024\/06\/Bio-S-10-ml.png","datePublished":"2024-06-27T00:08:51+00:00","dateModified":"2025-06-17T08:11:38+00:00","description":"Bio S: specjalistyczny preparat do szybkiej i skutecznej eliminacji amoniaku i azotu z akwarium. Zawiera szczepy bakterii Nitrospirae i Nitrobacteraceae, wspomagaj\u0105ce cykl azotowy.","breadcrumb":{"@id":"https:\/\/aquaforest.eu\/pl\/produkty\/seawater\/metoda-probiotyczna\/bio-s\/#breadcrumb"},"inLanguage":"pl-PL","potentialAction":[{"@type":"ReadAction","target":["https:\/\/aquaforest.eu\/pl\/produkty\/seawater\/metoda-probiotyczna\/bio-s\/"]}]},{"@type":"ImageObject","inLanguage":"pl-PL","@id":"https:\/\/aquaforest.eu\/pl\/produkty\/seawater\/metoda-probiotyczna\/bio-s\/#primaryimage","url":"https:\/\/aquaforest.eu\/wp-content\/uploads\/2024\/06\/Bio-S-10-ml.png","contentUrl":"https:\/\/aquaforest.eu\/wp-content\/uploads\/2024\/06\/Bio-S-10-ml.png","width":277,"height":600},{"@type":"BreadcrumbList","@id":"https:\/\/aquaforest.eu\/pl\/produkty\/seawater\/metoda-probiotyczna\/bio-s\/#breadcrumb","itemListElement":[{"@type":"ListItem","position":1,"name":"Home","item":"https:\/\/aquaforest.eu\/pl\/"},{"@type":"ListItem","position":2,"name":"Produkty","item":"https:\/\/aquaforest.eu\/pl\/produkty\/"},{"@type":"ListItem","position":3,"name":"Bio S"}]},{"@type":"WebSite","@id":"https:\/\/aquaforest.eu\/pl\/#website","url":"https:\/\/aquaforest.eu\/pl\/","name":"Aquaforest","description":"","publisher":{"@id":"https:\/\/aquaforest.eu\/pl\/#organization"},"potentialAction":[{"@type":"SearchAction","target":{"@type":"EntryPoint","urlTemplate":"https:\/\/aquaforest.eu\/pl\/?s={search_term_string}"},"query-input":{"@type":"PropertyValueSpecification","valueRequired":true,"valueName":"search_term_string"}}],"inLanguage":"pl-PL"},{"@type":"Organization","@id":"https:\/\/aquaforest.eu\/pl\/#organization","name":"Aquaforest","url":"https:\/\/aquaforest.eu\/pl\/","logo":{"@type":"ImageObject","inLanguage":"pl-PL","@id":"https:\/\/aquaforest.eu\/pl\/#\/schema\/logo\/image\/","url":"https:\/\/aquaforest.eu\/wp-content\/uploads\/2024\/05\/logotyp-aquaforest.svg","contentUrl":"https:\/\/aquaforest.eu\/wp-content\/uploads\/2024\/05\/logotyp-aquaforest.svg","width":170,"height":22,"caption":"Aquaforest"},"image":{"@id":"https:\/\/aquaforest.eu\/pl\/#\/schema\/logo\/image\/"},"sameAs":["https:\/\/www.facebook.com\/Aquaforest\/","https:\/\/www.instagram.com\/aquaforest.eu\/"]}]}},"_links":{"self":[{"href":"https:\/\/aquaforest.eu\/pl\/wp-json\/wp\/v2\/product\/11370","targetHints":{"allow":["GET"]}}],"collection":[{"href":"https:\/\/aquaforest.eu\/pl\/wp-json\/wp\/v2\/product"}],"about":[{"href":"https:\/\/aquaforest.eu\/pl\/wp-json\/wp\/v2\/types\/product"}],"version-history":[{"count":1,"href":"https:\/\/aquaforest.eu\/pl\/wp-json\/wp\/v2\/product\/11370\/revisions"}],"predecessor-version":[{"id":22787,"href":"https:\/\/aquaforest.eu\/pl\/wp-json\/wp\/v2\/product\/11370\/revisions\/22787"}],"wp:featuredmedia":[{"embeddable":true,"href":"https:\/\/aquaforest.eu\/pl\/wp-json\/wp\/v2\/media\/11403"}],"wp:attachment":[{"href":"https:\/\/aquaforest.eu\/pl\/wp-json\/wp\/v2\/media?parent=11370"}],"wp:term":[{"taxonomy":"product_brand","embeddable":true,"href":"https:\/\/aquaforest.eu\/pl\/wp-json\/wp\/v2\/product_brand?post=11370"},{"taxonomy":"product_cat","embeddable":true,"href":"https:\/\/aquaforest.eu\/pl\/wp-json\/wp\/v2\/product_cat?post=11370"},{"taxonomy":"product_tag","embeddable":true,"href":"https:\/\/aquaforest.eu\/pl\/wp-json\/wp\/v2\/product_tag?post=11370"}],"curies":[{"name":"wp","href":"https:\/\/api.w.org\/{rel}","templated":true}]}}