{"id":11373,"date":"2024-06-27T02:14:22","date_gmt":"2024-06-27T00:14:22","guid":{"rendered":"https:\/\/aquaforest.eu\/products\/bez-kategorii\/af-nitraphos-minus\/"},"modified":"2026-05-04T12:47:37","modified_gmt":"2026-05-04T10:47:37","slug":"af-nitraphos-minus","status":"publish","type":"product","link":"https:\/\/aquaforest.eu\/pl\/produkty\/seawater\/metoda-probiotyczna\/af-nitraphos-minus\/","title":{"rendered":"AF Nitraphos Minus"},"content":{"rendered":"<h3 class=\"fusion-responsive-typography-calculated\" data-fontsize=\"22\" data-lineheight=\"27.5px\"><strong>Usu\u0144 nadmiar azotan\u00f3w, azotyn\u00f3w i fosforan\u00f3w z akwarium morskiego<\/strong><\/h3>\n<p>NitraPhos Minus to unikalna kompozycja opracowana w celu biologicznego usuwania nadmiaru azotan\u00f3w, azotyn\u00f3w i fosforan\u00f3w z akwarium morskiego. Preparat uruchamia procesy metaboliczne i podzia\u0142y kom\u00f3rkowe wielu gatunk\u00f3w bakterii, kt\u00f3re odpowiedzialne s\u0105 za usuwanie z wody niekorzystnych dla koralowc\u00f3w nutrient\u00f3w.<\/p>\n<h3 class=\"fusion-responsive-typography-calculated\" data-fontsize=\"22\" data-lineheight=\"27.5px\"><strong>Specjalna kompozycja dla lepszego wzrostu koralowc\u00f3w<\/strong><\/h3>\n<p>Dzi\u0119ki specjalnej kompozycji r\u00f3\u017cnych form w\u0119gla organicznego, aminokwas\u00f3w i witamin, wszystkie szlaki przemian biochemicznych zachodz\u0105 bez utrudnie\u0144, a bakterie z \u0142atwo\u015bci\u0105 absorbuj\u0105 zwi\u0105zki i przekszta\u0142caj\u0105 je w biomas\u0119, kt\u00f3ra staje si\u0119 warto\u015bciowym pokarmem dla koralowc\u00f3w. Nadmiar i pozosta\u0142o\u015bci biomasy wychwytywane s\u0105 przez odpieniacz lub filtr. NitraPhos Minus poprawia og\u00f3ln\u0105 kondycj\u0119 koralowc\u00f3w, wzmacnia wybarwienie i sprzyja ich wzrostowi. Dodatkowo zapobiega powstawaniu niepo\u017c\u0105danych glon\u00f3w oraz rozwojowi cyjanobakterii.<\/p>\n<h3><strong>Cechy produktu:<\/strong><\/h3>\n<ul>\n<li>Usuwa nadmiar azotan\u00f3w i fosforan\u00f3w z wody<\/li>\n<li>Przywraca r\u00f3wnowag\u0119 chemiczn\u0105<\/li>\n<li>Szybko eliminuje niechciane glony<\/li>\n<li>Poprawia wybarwienie i wzrost koralowc\u00f3w<\/li>\n<\/ul>\n<h3 class=\"fusion-responsive-typography-calculated\" data-fontsize=\"22\" data-lineheight=\"27.5px\">Popraw kondycj\u0119 koralowc\u00f3w i wzmocnij ich wybarwienie<\/h3>\n<h3><strong>Dozowanie<\/strong>:<\/h3>\n<p>NitraPhos Minus nale\u017cy rozpocz\u0105\u0107 od po\u0142owy zalecanej dawki. Nale\u017cy prowadzi\u0107 monitoring st\u0119\u017cenia parametr\u00f3w NO3 i PO4 (raz lub dwa razy w tygodniu), a dawka dzienna powinna by\u0107 dostosowana odpowiednio do poziomu NO3, PO4: <img class=\"alignnone wp-image-3512 size-full\" alt=\"\" width=\"\" height=\"\" \/><\/p>\n<h3><strong>Warto wiedzie\u0107:<\/strong><\/h3>\n<ul>\n<li>Preparat nale\u017cy stosowa\u0107 zgodnie z za\u0142\u0105czon\u0105 instrukcj\u0105.<br \/>\nNie nale\u017cy \u0142\u0105czy\u0107 metod i preparat\u00f3w o podobnym zastosowaniu.<\/li>\n<li>NitraPhos Minus mo\u017ce by\u0107 u\u017cywany w po\u0142\u0105czeniu z metod\u0105 probiotyczn\u0105 Aquaforest. Aby dzia\u0142anie produktu by\u0142o jeszcze bardziej efektywne, zalecamy stosowa\u0107 baterie probiotyczne Aquaforest Pro Bio S.<br \/>\nNale\u017cy pami\u0119ta\u0107, \u017ce adsorbery jak Phosphate Minus, Carbon, Zeo Mix mog\u0105 zmniejsza\u0107 wydajno\u015b\u0107 produktu poprzez wysokie zdolno\u015bci adsorpcyjne, dlatego zaleca si\u0119 monitorowanie parametr\u00f3w i dostosowywanie dawek do oczekiwanych poziom\u00f3w.<\/li>\n<li>Zaleca si\u0119 r\u00f3wnoleg\u0142e stosowanie z preparatami AF Vitality i AF Amino Mix. W przypadku pomini\u0119cia dziennej dawki nie nale\u017cy zwi\u0119ksza\u0107 obj\u0119to\u015bci w nast\u0119pnym\/kolejnym dniu.<\/li>\n<li>Je\u015bli wyst\u0105pi zm\u0119tnienie lub osad nale\u017cy zmniejszy\u0107 dawkowanie co najmniej o po\u0142ow\u0119.<br \/>\nZe wzgl\u0119du na wzrost aktywno\u015bci baterii nale\u017cy zapewni\u0107 odpowiednie natlenienie, a tak\u017ce w\u0142\u0105czy\u0107 odpieniacz.<\/li>\n<li>Nie nale\u017cy dozowa\u0107 preparatu bezpo\u015brednio na sk\u00f3r\u0119 ryb i powierzchni\u0119 koralowc\u00f3w \u2013 wysoko skoncentrowane sk\u0142adniki mog\u0105 spowodowa\u0107 uszkodzenia tkanek.<br \/>\nZaleca si\u0119 dozowanie produktu do sumpa lub panelu.<br \/>\nPreparat mo\u017cna dozowa\u0107 za pomoc\u0105 pompy.<\/li>\n<\/ul>\n","protected":false},"excerpt":{"rendered":"<p>\u0179r\u00f3d\u0142o w\u0119gla skutecznie obni\u017caj\u0105ce poziom sk\u0142adnik\u00f3w od\u017cywczych. Biologicznie usuwa azotany, azotyny i fosforany z akwarium.<\/p>\n","protected":false},"featured_media":11377,"template":"","meta":{"_acf_changed":false,"content-type":""},"product_brand":[],"product_cat":[1155],"product_tag":[967,1109,1568,1422],"class_list":{"0":"post-11373","1":"product","2":"type-product","3":"status-publish","4":"has-post-thumbnail","6":"product_cat-metoda-probiotyczna","7":"product_tag-aquaforest-pl","8":"product_tag-metoda-probiotyczna","9":"product_tag-seawater-aquatic-pl","10":"product_tag-variable-pl","12":"first","13":"instock","14":"taxable","15":"shipping-taxable","16":"product-type-variable","17":"has-default-attributes"},"acf":[],"yoast_head":"<!-- This site is optimized with the Yoast SEO plugin v27.1.1 - https:\/\/yoast.com\/product\/yoast-seo-wordpress\/ -->\n<title>AF Nitraphos Minus - Aquaforest<\/title>\n<meta name=\"description\" content=\"NitraPhos Minus: usuwa nadmiar azotan\u00f3w, azotyn\u00f3w i fosforan\u00f3w z akwarium morskiego, wspomaga wzrost koralowc\u00f3w i zapobiega powstawaniu glon\u00f3w.\" \/>\n<meta name=\"robots\" content=\"index, follow, max-snippet:-1, max-image-preview:large, max-video-preview:-1\" \/>\n<link rel=\"canonical\" href=\"https:\/\/aquaforest.eu\/pl\/produkty\/seawater\/metoda-probiotyczna\/af-nitraphos-minus\/\" \/>\n<meta property=\"og:locale\" content=\"pl_PL\" \/>\n<meta property=\"og:type\" content=\"article\" \/>\n<meta property=\"og:title\" content=\"AF Nitraphos Minus - Aquaforest\" \/>\n<meta property=\"og:description\" content=\"NitraPhos Minus: usuwa nadmiar azotan\u00f3w, azotyn\u00f3w i fosforan\u00f3w z akwarium morskiego, wspomaga wzrost koralowc\u00f3w i zapobiega powstawaniu glon\u00f3w.\" \/>\n<meta property=\"og:url\" content=\"https:\/\/aquaforest.eu\/pl\/produkty\/seawater\/metoda-probiotyczna\/af-nitraphos-minus\/\" \/>\n<meta property=\"og:site_name\" content=\"Aquaforest\" \/>\n<meta property=\"article:publisher\" content=\"https:\/\/www.facebook.com\/Aquaforest\/\" \/>\n<meta property=\"article:modified_time\" content=\"2026-05-04T10:47:37+00:00\" \/>\n<meta property=\"og:image\" content=\"https:\/\/aquaforest.eu\/wp-content\/uploads\/2024\/06\/NitraPhos-Minus-250ml.png\" \/>\n\t<meta property=\"og:image:width\" content=\"368\" \/>\n\t<meta property=\"og:image:height\" content=\"600\" \/>\n\t<meta property=\"og:image:type\" content=\"image\/png\" \/>\n<meta name=\"twitter:card\" content=\"summary_large_image\" \/>\n<meta name=\"twitter:label1\" content=\"Szacowany czas czytania\" \/>\n\t<meta name=\"twitter:data1\" content=\"2 minuty\" \/>\n<script type=\"application\/ld+json\" class=\"yoast-schema-graph\">{\"@context\":\"https:\/\/schema.org\",\"@graph\":[{\"@type\":\"WebPage\",\"@id\":\"https:\/\/aquaforest.eu\/pl\/produkty\/seawater\/metoda-probiotyczna\/af-nitraphos-minus\/\",\"url\":\"https:\/\/aquaforest.eu\/pl\/produkty\/seawater\/metoda-probiotyczna\/af-nitraphos-minus\/\",\"name\":\"AF Nitraphos Minus - Aquaforest\",\"isPartOf\":{\"@id\":\"https:\/\/aquaforest.eu\/pl\/#website\"},\"primaryImageOfPage\":{\"@id\":\"https:\/\/aquaforest.eu\/pl\/produkty\/seawater\/metoda-probiotyczna\/af-nitraphos-minus\/#primaryimage\"},\"image\":{\"@id\":\"https:\/\/aquaforest.eu\/pl\/produkty\/seawater\/metoda-probiotyczna\/af-nitraphos-minus\/#primaryimage\"},\"thumbnailUrl\":\"https:\/\/aquaforest.eu\/wp-content\/uploads\/2024\/06\/NitraPhos-Minus-250ml.png\",\"datePublished\":\"2024-06-27T00:14:22+00:00\",\"dateModified\":\"2026-05-04T10:47:37+00:00\",\"description\":\"NitraPhos Minus: usuwa nadmiar azotan\u00f3w, azotyn\u00f3w i fosforan\u00f3w z akwarium morskiego, wspomaga wzrost koralowc\u00f3w i zapobiega powstawaniu glon\u00f3w.\",\"breadcrumb\":{\"@id\":\"https:\/\/aquaforest.eu\/pl\/produkty\/seawater\/metoda-probiotyczna\/af-nitraphos-minus\/#breadcrumb\"},\"inLanguage\":\"pl-PL\",\"potentialAction\":[{\"@type\":\"ReadAction\",\"target\":[\"https:\/\/aquaforest.eu\/pl\/produkty\/seawater\/metoda-probiotyczna\/af-nitraphos-minus\/\"]}]},{\"@type\":\"ImageObject\",\"inLanguage\":\"pl-PL\",\"@id\":\"https:\/\/aquaforest.eu\/pl\/produkty\/seawater\/metoda-probiotyczna\/af-nitraphos-minus\/#primaryimage\",\"url\":\"https:\/\/aquaforest.eu\/wp-content\/uploads\/2024\/06\/NitraPhos-Minus-250ml.png\",\"contentUrl\":\"https:\/\/aquaforest.eu\/wp-content\/uploads\/2024\/06\/NitraPhos-Minus-250ml.png\",\"width\":368,\"height\":600},{\"@type\":\"BreadcrumbList\",\"@id\":\"https:\/\/aquaforest.eu\/pl\/produkty\/seawater\/metoda-probiotyczna\/af-nitraphos-minus\/#breadcrumb\",\"itemListElement\":[{\"@type\":\"ListItem\",\"position\":1,\"name\":\"Home\",\"item\":\"https:\/\/aquaforest.eu\/pl\/\"},{\"@type\":\"ListItem\",\"position\":2,\"name\":\"Produkty\",\"item\":\"https:\/\/aquaforest.eu\/pl\/produkty\/\"},{\"@type\":\"ListItem\",\"position\":3,\"name\":\"AF Nitraphos Minus\"}]},{\"@type\":\"WebSite\",\"@id\":\"https:\/\/aquaforest.eu\/pl\/#website\",\"url\":\"https:\/\/aquaforest.eu\/pl\/\",\"name\":\"Aquaforest\",\"description\":\"\",\"publisher\":{\"@id\":\"https:\/\/aquaforest.eu\/pl\/#organization\"},\"potentialAction\":[{\"@type\":\"SearchAction\",\"target\":{\"@type\":\"EntryPoint\",\"urlTemplate\":\"https:\/\/aquaforest.eu\/pl\/?s={search_term_string}\"},\"query-input\":{\"@type\":\"PropertyValueSpecification\",\"valueRequired\":true,\"valueName\":\"search_term_string\"}}],\"inLanguage\":\"pl-PL\"},{\"@type\":\"Organization\",\"@id\":\"https:\/\/aquaforest.eu\/pl\/#organization\",\"name\":\"Aquaforest\",\"url\":\"https:\/\/aquaforest.eu\/pl\/\",\"logo\":{\"@type\":\"ImageObject\",\"inLanguage\":\"pl-PL\",\"@id\":\"https:\/\/aquaforest.eu\/pl\/#\/schema\/logo\/image\/\",\"url\":\"https:\/\/aquaforest.eu\/wp-content\/uploads\/2024\/05\/logotyp-aquaforest.svg\",\"contentUrl\":\"https:\/\/aquaforest.eu\/wp-content\/uploads\/2024\/05\/logotyp-aquaforest.svg\",\"width\":170,\"height\":22,\"caption\":\"Aquaforest\"},\"image\":{\"@id\":\"https:\/\/aquaforest.eu\/pl\/#\/schema\/logo\/image\/\"},\"sameAs\":[\"https:\/\/www.facebook.com\/Aquaforest\/\",\"https:\/\/www.instagram.com\/aquaforest.eu\/\"]}]}<\/script>\n<!-- \/ Yoast SEO plugin. -->","yoast_head_json":{"title":"AF Nitraphos Minus - Aquaforest","description":"NitraPhos Minus: usuwa nadmiar azotan\u00f3w, azotyn\u00f3w i fosforan\u00f3w z akwarium morskiego, wspomaga wzrost koralowc\u00f3w i zapobiega powstawaniu glon\u00f3w.","robots":{"index":"index","follow":"follow","max-snippet":"max-snippet:-1","max-image-preview":"max-image-preview:large","max-video-preview":"max-video-preview:-1"},"canonical":"https:\/\/aquaforest.eu\/pl\/produkty\/seawater\/metoda-probiotyczna\/af-nitraphos-minus\/","og_locale":"pl_PL","og_type":"article","og_title":"AF Nitraphos Minus - Aquaforest","og_description":"NitraPhos Minus: usuwa nadmiar azotan\u00f3w, azotyn\u00f3w i fosforan\u00f3w z akwarium morskiego, wspomaga wzrost koralowc\u00f3w i zapobiega powstawaniu glon\u00f3w.","og_url":"https:\/\/aquaforest.eu\/pl\/produkty\/seawater\/metoda-probiotyczna\/af-nitraphos-minus\/","og_site_name":"Aquaforest","article_publisher":"https:\/\/www.facebook.com\/Aquaforest\/","article_modified_time":"2026-05-04T10:47:37+00:00","og_image":[{"width":368,"height":600,"url":"https:\/\/aquaforest.eu\/wp-content\/uploads\/2024\/06\/NitraPhos-Minus-250ml.png","type":"image\/png"}],"twitter_card":"summary_large_image","twitter_misc":{"Szacowany czas czytania":"2 minuty"},"schema":{"@context":"https:\/\/schema.org","@graph":[{"@type":"WebPage","@id":"https:\/\/aquaforest.eu\/pl\/produkty\/seawater\/metoda-probiotyczna\/af-nitraphos-minus\/","url":"https:\/\/aquaforest.eu\/pl\/produkty\/seawater\/metoda-probiotyczna\/af-nitraphos-minus\/","name":"AF Nitraphos Minus - Aquaforest","isPartOf":{"@id":"https:\/\/aquaforest.eu\/pl\/#website"},"primaryImageOfPage":{"@id":"https:\/\/aquaforest.eu\/pl\/produkty\/seawater\/metoda-probiotyczna\/af-nitraphos-minus\/#primaryimage"},"image":{"@id":"https:\/\/aquaforest.eu\/pl\/produkty\/seawater\/metoda-probiotyczna\/af-nitraphos-minus\/#primaryimage"},"thumbnailUrl":"https:\/\/aquaforest.eu\/wp-content\/uploads\/2024\/06\/NitraPhos-Minus-250ml.png","datePublished":"2024-06-27T00:14:22+00:00","dateModified":"2026-05-04T10:47:37+00:00","description":"NitraPhos Minus: usuwa nadmiar azotan\u00f3w, azotyn\u00f3w i fosforan\u00f3w z akwarium morskiego, wspomaga wzrost koralowc\u00f3w i zapobiega powstawaniu glon\u00f3w.","breadcrumb":{"@id":"https:\/\/aquaforest.eu\/pl\/produkty\/seawater\/metoda-probiotyczna\/af-nitraphos-minus\/#breadcrumb"},"inLanguage":"pl-PL","potentialAction":[{"@type":"ReadAction","target":["https:\/\/aquaforest.eu\/pl\/produkty\/seawater\/metoda-probiotyczna\/af-nitraphos-minus\/"]}]},{"@type":"ImageObject","inLanguage":"pl-PL","@id":"https:\/\/aquaforest.eu\/pl\/produkty\/seawater\/metoda-probiotyczna\/af-nitraphos-minus\/#primaryimage","url":"https:\/\/aquaforest.eu\/wp-content\/uploads\/2024\/06\/NitraPhos-Minus-250ml.png","contentUrl":"https:\/\/aquaforest.eu\/wp-content\/uploads\/2024\/06\/NitraPhos-Minus-250ml.png","width":368,"height":600},{"@type":"BreadcrumbList","@id":"https:\/\/aquaforest.eu\/pl\/produkty\/seawater\/metoda-probiotyczna\/af-nitraphos-minus\/#breadcrumb","itemListElement":[{"@type":"ListItem","position":1,"name":"Home","item":"https:\/\/aquaforest.eu\/pl\/"},{"@type":"ListItem","position":2,"name":"Produkty","item":"https:\/\/aquaforest.eu\/pl\/produkty\/"},{"@type":"ListItem","position":3,"name":"AF Nitraphos Minus"}]},{"@type":"WebSite","@id":"https:\/\/aquaforest.eu\/pl\/#website","url":"https:\/\/aquaforest.eu\/pl\/","name":"Aquaforest","description":"","publisher":{"@id":"https:\/\/aquaforest.eu\/pl\/#organization"},"potentialAction":[{"@type":"SearchAction","target":{"@type":"EntryPoint","urlTemplate":"https:\/\/aquaforest.eu\/pl\/?s={search_term_string}"},"query-input":{"@type":"PropertyValueSpecification","valueRequired":true,"valueName":"search_term_string"}}],"inLanguage":"pl-PL"},{"@type":"Organization","@id":"https:\/\/aquaforest.eu\/pl\/#organization","name":"Aquaforest","url":"https:\/\/aquaforest.eu\/pl\/","logo":{"@type":"ImageObject","inLanguage":"pl-PL","@id":"https:\/\/aquaforest.eu\/pl\/#\/schema\/logo\/image\/","url":"https:\/\/aquaforest.eu\/wp-content\/uploads\/2024\/05\/logotyp-aquaforest.svg","contentUrl":"https:\/\/aquaforest.eu\/wp-content\/uploads\/2024\/05\/logotyp-aquaforest.svg","width":170,"height":22,"caption":"Aquaforest"},"image":{"@id":"https:\/\/aquaforest.eu\/pl\/#\/schema\/logo\/image\/"},"sameAs":["https:\/\/www.facebook.com\/Aquaforest\/","https:\/\/www.instagram.com\/aquaforest.eu\/"]}]}},"_links":{"self":[{"href":"https:\/\/aquaforest.eu\/pl\/wp-json\/wp\/v2\/product\/11373","targetHints":{"allow":["GET"]}}],"collection":[{"href":"https:\/\/aquaforest.eu\/pl\/wp-json\/wp\/v2\/product"}],"about":[{"href":"https:\/\/aquaforest.eu\/pl\/wp-json\/wp\/v2\/types\/product"}],"version-history":[{"count":2,"href":"https:\/\/aquaforest.eu\/pl\/wp-json\/wp\/v2\/product\/11373\/revisions"}],"predecessor-version":[{"id":31451,"href":"https:\/\/aquaforest.eu\/pl\/wp-json\/wp\/v2\/product\/11373\/revisions\/31451"}],"wp:featuredmedia":[{"embeddable":true,"href":"https:\/\/aquaforest.eu\/pl\/wp-json\/wp\/v2\/media\/11377"}],"wp:attachment":[{"href":"https:\/\/aquaforest.eu\/pl\/wp-json\/wp\/v2\/media?parent=11373"}],"wp:term":[{"taxonomy":"product_brand","embeddable":true,"href":"https:\/\/aquaforest.eu\/pl\/wp-json\/wp\/v2\/product_brand?post=11373"},{"taxonomy":"product_cat","embeddable":true,"href":"https:\/\/aquaforest.eu\/pl\/wp-json\/wp\/v2\/product_cat?post=11373"},{"taxonomy":"product_tag","embeddable":true,"href":"https:\/\/aquaforest.eu\/pl\/wp-json\/wp\/v2\/product_tag?post=11373"}],"curies":[{"name":"wp","href":"https:\/\/api.w.org\/{rel}","templated":true}]}}