{"id":11383,"date":"2024-06-27T01:37:03","date_gmt":"2024-06-26T23:37:03","guid":{"rendered":"https:\/\/aquaforest.eu\/products\/bez-kategorii\/sea-salt\/"},"modified":"2025-11-14T16:10:27","modified_gmt":"2025-11-14T15:10:27","slug":"sea-salt","status":"publish","type":"product","link":"https:\/\/aquaforest.eu\/pl\/produkty\/seawater\/sole-morskie\/sea-salt\/","title":{"rendered":"Sea Salt"},"content":{"rendered":"<h1 class=\"fusion-responsive-typography-calculated\" data-fontsize=\"22\" data-lineheight=\"27.5px\"><span style=\"color: #000000;\">Syntetyczna s\u00f3l morska przeznaczona do akwari\u00f3w z obsad\u0105 rybn\u0105<\/span><\/h1>\n<p><span style=\"font-weight: 400; color: #000000;\">Aquaforest Sea Salt to produkt najwy\u017cszej jako\u015bci, stworzony z my\u015bl\u0105 o zapewnieniu optymalnych warunk\u00f3w \u017cycia dla ryb, koralowc\u00f3w i innych bezkr\u0119gowc\u00f3w w Twoim akwarium. Formu\u0142a soli zosta\u0142a opracowana na bazie wieloletnich bada\u0144 i do\u015bwiadcze\u0144, a tak\u017ce analiz naturalnej wody morskiej, tak aby jak najbardziej przypomina\u0142a naturalne \u015brodowisko \u017cycia podwodnej flory. Aquaforest Sea Salt jest bezpieczna dla ryb i mniej wymagaj\u0105cych koralowc\u00f3w, takich jak np. koralowce mi\u0119kkie. Jest \u0142atwa w rozpuszczaniu i przygotowaniu. Idealnie sprawdza si\u0119 w tzw. akwariach fish-only, czyli akwariach, w kt\u00f3rych hodowane s\u0105 wy\u0142\u0105cznie ryby. <\/span><\/p>\n<p>&nbsp;<\/p>\n<hr \/>\n<h4 data-fontsize=\"22\" data-lineheight=\"27.5px\"><\/h4>\n<h3><span style=\"color: #000000;\"><strong>Spos\u00f3b u\u017cycia soli Aquaforest Sea Salt<\/strong><\/span><\/h3>\n<ol>\n<li><span style=\"font-weight: 400; color: #000000;\"> Zacznij od wody RODI, kt\u00f3ra powinna mie\u0107 temperatur\u0119 oko\u0142o 24\u00b0C (75\u00b0F).\u00a0<\/span><\/li>\n<li><span style=\"font-weight: 400; color: #000000;\"> Dla zasolenia 30 ppt (1,022 S.G.), dodaj oko\u0142o 345 g (12,17 oz.) soli do 10 l (2,7 US gal) wody.\u00a0<\/span><\/li>\n<li><span style=\"font-weight: 400; color: #000000;\"> Energicznie mieszaj przez oko\u0142o 15 minut, a\u017c s\u00f3l ca\u0142kowicie si\u0119 rozpu\u015bci i woda stanie si\u0119 klarowna.<\/span><\/li>\n<li><span style=\"font-weight: 400; color: #000000;\"> Przed u\u017cyciem sprawd\u017a uzyskane zasolenie z pomoc\u0105 refraktometru.\u00a0\u00a0<\/span><\/li>\n<li><span style=\"font-weight: 400; color: #000000;\"> Gotowe! S\u0142ona woda jest gotowa do u\u017cycia.\u00a0<\/span><\/li>\n<\/ol>\n<h4 class=\"fusion-responsive-typography-calculated\" data-fontsize=\"22\" data-lineheight=\"27.5px\"><\/h4>\n<p><span style=\"font-weight: 400; color: #000000;\">Pami\u0119taj o przechowywaniu soli w suchym i ciemnym miejscu.<\/span><\/p>\n<p><span style=\"font-weight: 400; color: #000000;\">Po rozpuszczeniu s\u00f3l nale\u017cy zu\u017cy\u0107 w ci\u0105gu 3 dni.\u00a0<\/span><\/p>\n<p><span style=\"font-weight: 400; color: #000000;\">Parowanie mo\u017ce zmieni\u0107 parametry wody, dlatego przechowuj \u015bwie\u017co zmieszan\u0105 s\u0142on\u0105 wod\u0119 w szczelnie zamkni\u0119tym pojemniku, je\u015bli nie u\u017cywasz jej od razu.\u00a0<\/span><\/p>\n<p><span style=\"font-weight: 400; color: #000000;\">Je\u015bli przechowujesz s\u00f3l przez kilka dni, przed u\u017cyciem ponownie sprawd\u017a jej zasolenie.<\/span><\/p>\n<p><span style=\"font-weight: 400; color: #000000;\">Karta charakterystyki dost\u0119pna na \u017c\u0105danie.<\/span><\/p>\n<p>&nbsp;<\/p>\n<hr \/>\n<h4 data-fontsize=\"22\" data-lineheight=\"27.5px\"><\/h4>\n<h4 class=\"fusion-responsive-typography-calculated\" data-fontsize=\"22\" data-lineheight=\"27.5px\"><span style=\"color: #000000;\">Warto wiedzie\u0107<\/span><\/h4>\n<p><span style=\"font-weight: 400; color: #000000;\">Produkcja soli odbywa si\u0119 w UE pod \u015bcis\u0142ym nadzorem laboratoryjnym w celu spe\u0142nienia najwy\u017cszych standard\u00f3w jako\u015bci. Nowa formu\u0142a produktu zapewnia jeszcze wy\u017csz\u0105 jego jako\u015b\u0107. Do wytworzenia soli stosowane s\u0105 najwy\u017cszej jako\u015bci sk\u0142adniki, wolne od jakichkolwiek zanieczyszcze\u0144, co gwarantuje bezpiecze\u0144stwo Twoich zwierz\u0105t. Ka\u017cda partia soli jest poddawana rygorystycznej analizie na dw\u00f3ch spektrometrach ICP-OES &#8211; jeden do badania makroelement\u00f3w, drugi do badania mikroelement\u00f3w. Oferuj\u0105c przez to niespotykan\u0105 dot\u0105d sp\u00f3jno\u015b\u0107 sk\u0142adu, jako\u015b\u0107 i bezpiecze\u0144stwo. Wyniki analizy s\u0105 dost\u0119pne online dla ka\u017cdego klienta.<\/span><\/p>\n<p>&nbsp;<\/p>\n<p><span style=\"font-weight: 400; color: #000000;\">S\u00f3l jest idealna do akwari\u00f3w z rybami, prostymi koralowcami i bezkr\u0119gowcami, zapewniaj\u0105c im optymalne warunki do \u017cycia i rozwoju. Wybieraj\u0105c Aquaforest Sea Salt, zapewniasz swoim podopiecznym zdrowe i komfortowe warunki \u017cycia, a sobie &#8211; pi\u0119kne i zdrowe akwarium. <\/span><\/p>\n<p>&nbsp;<\/p>\n<hr \/>\n<h4 data-fontsize=\"22\" data-lineheight=\"27.5px\"><\/h4>\n<h3 class=\"fusion-responsive-typography-calculated\" data-fontsize=\"22\" data-lineheight=\"27.5px\"><span style=\"color: #000000;\">Jak badana jest s\u00f3l morska?<\/span><\/h3>\n<p><span style=\"font-weight: 400;\">Mieszamy nasz\u0105 s\u00f3l i pobieramy 3 pr\u00f3bki z ka\u017cdej 600 kilowej partii. Ka\u017cda z tych pr\u00f3bek jest rozpuszczana w 15 litrach wody RO. Nasz zesp\u00f3\u0142 sprawdza, czy sk\u0142ad jest jednolity i wyklucza niepo\u017c\u0105dane zanieczyszczenia za pomoc\u0105 analizy ICP-OES. Wiarygodno\u015b\u0107 wynik\u00f3w zapewniaj\u0105 dwa indywidualnie kalibrowane spektrometry najwy\u017cszej klasy.<\/span><span style=\"font-weight: 400;\"><br \/>\n<\/span><span style=\"font-weight: 400;\"><br \/>\n<\/span><span style=\"font-weight: 400;\">Wyniki ka\u017cdej naszej partii soli s\u0105 od razu dost\u0119pne na naszej stronie, <\/span><a href=\"https:\/\/aquaforest.eu\/pl\/sprawdz-sol\/\"><span style=\"font-weight: 400;\">tutaj<\/span><\/a><span style=\"font-weight: 400;\">.<\/span><\/p>\n<p>&nbsp;<\/p>\n<hr \/>\n<p>&nbsp;<\/p>\n<p><strong>Zalecane zasolenie dla r\u00f3\u017cnych typ\u00f3w akwari\u00f3w:<\/strong><\/p>\n<p>&nbsp;<\/p>\n<p><img fetchpriority=\"high\" decoding=\"async\" class=\"alignnone wp-image-3481 size-full\" src=\"https:\/\/aquaforest.eu\/wp-content\/uploads\/2024\/06\/SS_aquarium-types.png\" alt=\"\" width=\"709\" height=\"202\" srcset=\"https:\/\/aquaforest.eu\/wp-content\/uploads\/2024\/06\/SS_aquarium-types.png 709w, https:\/\/aquaforest.eu\/wp-content\/uploads\/2024\/06\/SS_aquarium-types-300x85.png 300w, https:\/\/aquaforest.eu\/wp-content\/uploads\/2024\/06\/SS_aquarium-types-600x171.png 600w\" sizes=\"(max-width: 709px) 100vw, 709px\" \/><\/p>\n<p>&nbsp;<\/p>\n<p><span style=\"color: #000000;\"><strong>Makro i mikroelementy w wodzie maj\u0105 r\u00f3\u017cne poziomy w zale\u017cno\u015bci od zasolenia:<\/strong><\/span><\/p>\n<p>&nbsp;<\/p>\n<p><img decoding=\"async\" class=\"alignnone wp-image-3480 size-full\" src=\"https:\/\/newaquaforest.stronazen.pl\/wp-content\/uploads\/2024\/06\/SS_micromacro.png\" alt=\"\" width=\"709\" height=\"202\" srcset=\"https:\/\/aquaforest.eu\/wp-content\/uploads\/2024\/06\/SS_micromacro.png 709w, https:\/\/aquaforest.eu\/wp-content\/uploads\/2024\/06\/SS_micromacro-300x85.png 300w, https:\/\/aquaforest.eu\/wp-content\/uploads\/2024\/06\/SS_micromacro-600x171.png 600w\" sizes=\"(max-width: 709px) 100vw, 709px\" \/><\/p>\n<p>&nbsp;<\/p>\n","protected":false},"excerpt":{"rendered":"<p>Podstawowa s\u00f3l morska, idealna do akwari\u00f3w z rybami oraz mniej delikatnymi koralowcami i bezkr\u0119gowcami.<\/p>\n","protected":false},"featured_media":16862,"template":"","meta":{"_acf_changed":false,"content-type":""},"product_brand":[],"product_cat":[1153],"product_tag":[967,1568,1105,1422],"class_list":{"0":"post-11383","1":"product","2":"type-product","3":"status-publish","4":"has-post-thumbnail","6":"product_cat-sole-morskie","7":"product_tag-aquaforest-pl","8":"product_tag-seawater-aquatic-pl","9":"product_tag-sole-morskie","10":"product_tag-variable-pl","12":"first","13":"instock","14":"taxable","15":"shipping-taxable","16":"product-type-variable","17":"has-default-attributes"},"acf":[],"yoast_head":"<!-- This site is optimized with the Yoast SEO plugin v27.1.1 - https:\/\/yoast.com\/product\/yoast-seo-wordpress\/ -->\n<title>Sea Salt - Aquaforest<\/title>\n<meta name=\"description\" content=\"S\u00f3l morska Aquaforest: produkt najwy\u017cszej jako\u015bci, idealny do akwari\u00f3w z rybami, koralowcami i bezkr\u0119gowcami. Gwarantuje doskona\u0142e warunki morskie, a \u015bwie\u017co przygotowan\u0105 wod\u0119 mo\u017cna natychmiast wykorzysta\u0107 do podmian wody.\" \/>\n<meta name=\"robots\" content=\"index, follow, max-snippet:-1, max-image-preview:large, max-video-preview:-1\" \/>\n<link rel=\"canonical\" href=\"https:\/\/aquaforest.eu\/pl\/produkty\/seawater\/sole-morskie\/sea-salt\/\" \/>\n<meta property=\"og:locale\" content=\"pl_PL\" \/>\n<meta property=\"og:type\" content=\"article\" \/>\n<meta property=\"og:title\" content=\"Sea Salt - Aquaforest\" \/>\n<meta property=\"og:description\" content=\"S\u00f3l morska Aquaforest: produkt najwy\u017cszej jako\u015bci, idealny do akwari\u00f3w z rybami, koralowcami i bezkr\u0119gowcami. Gwarantuje doskona\u0142e warunki morskie, a \u015bwie\u017co przygotowan\u0105 wod\u0119 mo\u017cna natychmiast wykorzysta\u0107 do podmian wody.\" \/>\n<meta property=\"og:url\" content=\"https:\/\/aquaforest.eu\/pl\/produkty\/seawater\/sole-morskie\/sea-salt\/\" \/>\n<meta property=\"og:site_name\" content=\"Aquaforest\" \/>\n<meta property=\"article:publisher\" content=\"https:\/\/www.facebook.com\/Aquaforest\/\" \/>\n<meta property=\"article:modified_time\" content=\"2025-11-14T15:10:27+00:00\" \/>\n<meta property=\"og:image\" content=\"https:\/\/aquaforest.eu\/wp-content\/uploads\/2024\/06\/Sea-Salt-7.5kg.png\" \/>\n\t<meta property=\"og:image:width\" content=\"1800\" \/>\n\t<meta property=\"og:image:height\" content=\"1800\" \/>\n\t<meta property=\"og:image:type\" content=\"image\/png\" \/>\n<meta name=\"twitter:card\" content=\"summary_large_image\" \/>\n<meta name=\"twitter:label1\" content=\"Szacowany czas czytania\" \/>\n\t<meta name=\"twitter:data1\" content=\"3 minuty\" \/>\n<script type=\"application\/ld+json\" class=\"yoast-schema-graph\">{\"@context\":\"https:\/\/schema.org\",\"@graph\":[{\"@type\":\"WebPage\",\"@id\":\"https:\/\/aquaforest.eu\/pl\/produkty\/seawater\/sole-morskie\/sea-salt\/\",\"url\":\"https:\/\/aquaforest.eu\/pl\/produkty\/seawater\/sole-morskie\/sea-salt\/\",\"name\":\"Sea Salt - Aquaforest\",\"isPartOf\":{\"@id\":\"https:\/\/aquaforest.eu\/pl\/#website\"},\"primaryImageOfPage\":{\"@id\":\"https:\/\/aquaforest.eu\/pl\/produkty\/seawater\/sole-morskie\/sea-salt\/#primaryimage\"},\"image\":{\"@id\":\"https:\/\/aquaforest.eu\/pl\/produkty\/seawater\/sole-morskie\/sea-salt\/#primaryimage\"},\"thumbnailUrl\":\"https:\/\/aquaforest.eu\/wp-content\/uploads\/2024\/06\/Sea-Salt-7.5kg.png\",\"datePublished\":\"2024-06-26T23:37:03+00:00\",\"dateModified\":\"2025-11-14T15:10:27+00:00\",\"description\":\"S\u00f3l morska Aquaforest: produkt najwy\u017cszej jako\u015bci, idealny do akwari\u00f3w z rybami, koralowcami i bezkr\u0119gowcami. Gwarantuje doskona\u0142e warunki morskie, a \u015bwie\u017co przygotowan\u0105 wod\u0119 mo\u017cna natychmiast wykorzysta\u0107 do podmian wody.\",\"breadcrumb\":{\"@id\":\"https:\/\/aquaforest.eu\/pl\/produkty\/seawater\/sole-morskie\/sea-salt\/#breadcrumb\"},\"inLanguage\":\"pl-PL\",\"potentialAction\":[{\"@type\":\"ReadAction\",\"target\":[\"https:\/\/aquaforest.eu\/pl\/produkty\/seawater\/sole-morskie\/sea-salt\/\"]}]},{\"@type\":\"ImageObject\",\"inLanguage\":\"pl-PL\",\"@id\":\"https:\/\/aquaforest.eu\/pl\/produkty\/seawater\/sole-morskie\/sea-salt\/#primaryimage\",\"url\":\"https:\/\/aquaforest.eu\/wp-content\/uploads\/2024\/06\/Sea-Salt-7.5kg.png\",\"contentUrl\":\"https:\/\/aquaforest.eu\/wp-content\/uploads\/2024\/06\/Sea-Salt-7.5kg.png\",\"width\":1800,\"height\":1800},{\"@type\":\"BreadcrumbList\",\"@id\":\"https:\/\/aquaforest.eu\/pl\/produkty\/seawater\/sole-morskie\/sea-salt\/#breadcrumb\",\"itemListElement\":[{\"@type\":\"ListItem\",\"position\":1,\"name\":\"Home\",\"item\":\"https:\/\/aquaforest.eu\/pl\/\"},{\"@type\":\"ListItem\",\"position\":2,\"name\":\"Produkty\",\"item\":\"https:\/\/aquaforest.eu\/pl\/produkty\/\"},{\"@type\":\"ListItem\",\"position\":3,\"name\":\"Sea Salt\"}]},{\"@type\":\"WebSite\",\"@id\":\"https:\/\/aquaforest.eu\/pl\/#website\",\"url\":\"https:\/\/aquaforest.eu\/pl\/\",\"name\":\"Aquaforest\",\"description\":\"\",\"publisher\":{\"@id\":\"https:\/\/aquaforest.eu\/pl\/#organization\"},\"potentialAction\":[{\"@type\":\"SearchAction\",\"target\":{\"@type\":\"EntryPoint\",\"urlTemplate\":\"https:\/\/aquaforest.eu\/pl\/?s={search_term_string}\"},\"query-input\":{\"@type\":\"PropertyValueSpecification\",\"valueRequired\":true,\"valueName\":\"search_term_string\"}}],\"inLanguage\":\"pl-PL\"},{\"@type\":\"Organization\",\"@id\":\"https:\/\/aquaforest.eu\/pl\/#organization\",\"name\":\"Aquaforest\",\"url\":\"https:\/\/aquaforest.eu\/pl\/\",\"logo\":{\"@type\":\"ImageObject\",\"inLanguage\":\"pl-PL\",\"@id\":\"https:\/\/aquaforest.eu\/pl\/#\/schema\/logo\/image\/\",\"url\":\"https:\/\/aquaforest.eu\/wp-content\/uploads\/2024\/05\/logotyp-aquaforest.svg\",\"contentUrl\":\"https:\/\/aquaforest.eu\/wp-content\/uploads\/2024\/05\/logotyp-aquaforest.svg\",\"width\":170,\"height\":22,\"caption\":\"Aquaforest\"},\"image\":{\"@id\":\"https:\/\/aquaforest.eu\/pl\/#\/schema\/logo\/image\/\"},\"sameAs\":[\"https:\/\/www.facebook.com\/Aquaforest\/\",\"https:\/\/www.instagram.com\/aquaforest.eu\/\"]}]}<\/script>\n<!-- \/ Yoast SEO plugin. -->","yoast_head_json":{"title":"Sea Salt - Aquaforest","description":"S\u00f3l morska Aquaforest: produkt najwy\u017cszej jako\u015bci, idealny do akwari\u00f3w z rybami, koralowcami i bezkr\u0119gowcami. Gwarantuje doskona\u0142e warunki morskie, a \u015bwie\u017co przygotowan\u0105 wod\u0119 mo\u017cna natychmiast wykorzysta\u0107 do podmian wody.","robots":{"index":"index","follow":"follow","max-snippet":"max-snippet:-1","max-image-preview":"max-image-preview:large","max-video-preview":"max-video-preview:-1"},"canonical":"https:\/\/aquaforest.eu\/pl\/produkty\/seawater\/sole-morskie\/sea-salt\/","og_locale":"pl_PL","og_type":"article","og_title":"Sea Salt - Aquaforest","og_description":"S\u00f3l morska Aquaforest: produkt najwy\u017cszej jako\u015bci, idealny do akwari\u00f3w z rybami, koralowcami i bezkr\u0119gowcami. Gwarantuje doskona\u0142e warunki morskie, a \u015bwie\u017co przygotowan\u0105 wod\u0119 mo\u017cna natychmiast wykorzysta\u0107 do podmian wody.","og_url":"https:\/\/aquaforest.eu\/pl\/produkty\/seawater\/sole-morskie\/sea-salt\/","og_site_name":"Aquaforest","article_publisher":"https:\/\/www.facebook.com\/Aquaforest\/","article_modified_time":"2025-11-14T15:10:27+00:00","og_image":[{"width":1800,"height":1800,"url":"https:\/\/aquaforest.eu\/wp-content\/uploads\/2024\/06\/Sea-Salt-7.5kg.png","type":"image\/png"}],"twitter_card":"summary_large_image","twitter_misc":{"Szacowany czas czytania":"3 minuty"},"schema":{"@context":"https:\/\/schema.org","@graph":[{"@type":"WebPage","@id":"https:\/\/aquaforest.eu\/pl\/produkty\/seawater\/sole-morskie\/sea-salt\/","url":"https:\/\/aquaforest.eu\/pl\/produkty\/seawater\/sole-morskie\/sea-salt\/","name":"Sea Salt - Aquaforest","isPartOf":{"@id":"https:\/\/aquaforest.eu\/pl\/#website"},"primaryImageOfPage":{"@id":"https:\/\/aquaforest.eu\/pl\/produkty\/seawater\/sole-morskie\/sea-salt\/#primaryimage"},"image":{"@id":"https:\/\/aquaforest.eu\/pl\/produkty\/seawater\/sole-morskie\/sea-salt\/#primaryimage"},"thumbnailUrl":"https:\/\/aquaforest.eu\/wp-content\/uploads\/2024\/06\/Sea-Salt-7.5kg.png","datePublished":"2024-06-26T23:37:03+00:00","dateModified":"2025-11-14T15:10:27+00:00","description":"S\u00f3l morska Aquaforest: produkt najwy\u017cszej jako\u015bci, idealny do akwari\u00f3w z rybami, koralowcami i bezkr\u0119gowcami. Gwarantuje doskona\u0142e warunki morskie, a \u015bwie\u017co przygotowan\u0105 wod\u0119 mo\u017cna natychmiast wykorzysta\u0107 do podmian wody.","breadcrumb":{"@id":"https:\/\/aquaforest.eu\/pl\/produkty\/seawater\/sole-morskie\/sea-salt\/#breadcrumb"},"inLanguage":"pl-PL","potentialAction":[{"@type":"ReadAction","target":["https:\/\/aquaforest.eu\/pl\/produkty\/seawater\/sole-morskie\/sea-salt\/"]}]},{"@type":"ImageObject","inLanguage":"pl-PL","@id":"https:\/\/aquaforest.eu\/pl\/produkty\/seawater\/sole-morskie\/sea-salt\/#primaryimage","url":"https:\/\/aquaforest.eu\/wp-content\/uploads\/2024\/06\/Sea-Salt-7.5kg.png","contentUrl":"https:\/\/aquaforest.eu\/wp-content\/uploads\/2024\/06\/Sea-Salt-7.5kg.png","width":1800,"height":1800},{"@type":"BreadcrumbList","@id":"https:\/\/aquaforest.eu\/pl\/produkty\/seawater\/sole-morskie\/sea-salt\/#breadcrumb","itemListElement":[{"@type":"ListItem","position":1,"name":"Home","item":"https:\/\/aquaforest.eu\/pl\/"},{"@type":"ListItem","position":2,"name":"Produkty","item":"https:\/\/aquaforest.eu\/pl\/produkty\/"},{"@type":"ListItem","position":3,"name":"Sea Salt"}]},{"@type":"WebSite","@id":"https:\/\/aquaforest.eu\/pl\/#website","url":"https:\/\/aquaforest.eu\/pl\/","name":"Aquaforest","description":"","publisher":{"@id":"https:\/\/aquaforest.eu\/pl\/#organization"},"potentialAction":[{"@type":"SearchAction","target":{"@type":"EntryPoint","urlTemplate":"https:\/\/aquaforest.eu\/pl\/?s={search_term_string}"},"query-input":{"@type":"PropertyValueSpecification","valueRequired":true,"valueName":"search_term_string"}}],"inLanguage":"pl-PL"},{"@type":"Organization","@id":"https:\/\/aquaforest.eu\/pl\/#organization","name":"Aquaforest","url":"https:\/\/aquaforest.eu\/pl\/","logo":{"@type":"ImageObject","inLanguage":"pl-PL","@id":"https:\/\/aquaforest.eu\/pl\/#\/schema\/logo\/image\/","url":"https:\/\/aquaforest.eu\/wp-content\/uploads\/2024\/05\/logotyp-aquaforest.svg","contentUrl":"https:\/\/aquaforest.eu\/wp-content\/uploads\/2024\/05\/logotyp-aquaforest.svg","width":170,"height":22,"caption":"Aquaforest"},"image":{"@id":"https:\/\/aquaforest.eu\/pl\/#\/schema\/logo\/image\/"},"sameAs":["https:\/\/www.facebook.com\/Aquaforest\/","https:\/\/www.instagram.com\/aquaforest.eu\/"]}]}},"_links":{"self":[{"href":"https:\/\/aquaforest.eu\/pl\/wp-json\/wp\/v2\/product\/11383","targetHints":{"allow":["GET"]}}],"collection":[{"href":"https:\/\/aquaforest.eu\/pl\/wp-json\/wp\/v2\/product"}],"about":[{"href":"https:\/\/aquaforest.eu\/pl\/wp-json\/wp\/v2\/types\/product"}],"version-history":[{"count":5,"href":"https:\/\/aquaforest.eu\/pl\/wp-json\/wp\/v2\/product\/11383\/revisions"}],"predecessor-version":[{"id":26809,"href":"https:\/\/aquaforest.eu\/pl\/wp-json\/wp\/v2\/product\/11383\/revisions\/26809"}],"wp:featuredmedia":[{"embeddable":true,"href":"https:\/\/aquaforest.eu\/pl\/wp-json\/wp\/v2\/media\/16862"}],"wp:attachment":[{"href":"https:\/\/aquaforest.eu\/pl\/wp-json\/wp\/v2\/media?parent=11383"}],"wp:term":[{"taxonomy":"product_brand","embeddable":true,"href":"https:\/\/aquaforest.eu\/pl\/wp-json\/wp\/v2\/product_brand?post=11383"},{"taxonomy":"product_cat","embeddable":true,"href":"https:\/\/aquaforest.eu\/pl\/wp-json\/wp\/v2\/product_cat?post=11383"},{"taxonomy":"product_tag","embeddable":true,"href":"https:\/\/aquaforest.eu\/pl\/wp-json\/wp\/v2\/product_tag?post=11383"}],"curies":[{"name":"wp","href":"https:\/\/api.w.org\/{rel}","templated":true}]}}