{"id":11414,"date":"2024-06-27T01:40:32","date_gmt":"2024-06-26T23:40:32","guid":{"rendered":"https:\/\/aquaforest.eu\/products\/bez-kategorii\/reef-salt\/"},"modified":"2026-01-29T15:55:18","modified_gmt":"2026-01-29T14:55:18","slug":"reef-salt","status":"publish","type":"product","link":"https:\/\/aquaforest.eu\/pl\/produkty\/seawater\/sole-morskie\/reef-salt\/","title":{"rendered":"Reef Salt"},"content":{"rendered":"<h1 class=\"fusion-responsive-typography-calculated\" data-fontsize=\"22\" data-lineheight=\"27.5px\"><span style=\"color: #000000;\">Najwy\u017cszej jako\u015bci s\u00f3l morska dla koralowc\u00f3w SPS i LPS<\/span><\/h1>\n<p><span style=\"font-weight: 400; color: #000000;\">Aquaforest Reef Salt to s\u00f3l morska najwy\u017cszej jako\u015bci, stworzona z my\u015bl\u0105 o wszystkich akwariach rafowych, nawet tych najbardziej wymagaj\u0105cych.\u00a0<\/span><\/p>\n<p><span style=\"font-weight: 400; color: #000000;\">Dopracowywana latami kompozycja mikro- i makroelement\u00f3w zapewnia optymalne warunki dla podwodnego \u017cycia. Doskonale sprawdzi si\u0119 zar\u00f3wno w wymagaj\u0105cych akwariach z przewag\u0105 koralowc\u00f3w SPS, jak i w hodowli mniej wymagaj\u0105cych koralowc\u00f3w mi\u0119kkich, czy LPS. Reef Salt oferuje teraz jeszcze lepszy sk\u0142ad i ulepszon\u0105 formu\u0142\u0119. Zosta\u0142 wzbogacony o unikalne sk\u0142adniki, kt\u00f3re wspieraj\u0105 zdrowie i wzrost koralowc\u00f3w. Zawiera aminokwasy, kt\u00f3re odgrywaj\u0105 znacz\u0105c\u0105 rol\u0119 w rozwoju i polipowaniu koralowc\u00f3w. Dodatek witaminy C, natomiast korzystnie wp\u0142ywa na odporno\u015b\u0107 i og\u00f3ln\u0105 kondycj\u0119 wszystkich mieszka\u0144c\u00f3w akwarium. Niew\u0105tpliwym atutem Aquaforest Reef Salt jest jego rozpuszczalno\u015b\u0107, co znacznie u\u0142atwia i przyspiesza przygotowanie wody morskiej. Ju\u017c po kilku minutach solanka przygotowana przy u\u017cyciu Reef Salt jest gotowa do u\u017cycia w akwarium.\u00a0<\/span><\/p>\n<p><span style=\"font-weight: 400; color: #000000;\">Aquaforest Reef Salt to najlepszy wyb\u00f3r dla pasjonat\u00f3w akwarystyki morskiej, ceni\u0105cych wysok\u0105 jako\u015b\u0107 oraz sp\u00f3jny sk\u0142ad soli morskiej. Nasz do\u015bwiadczony zesp\u00f3\u0142 profesjonalist\u00f3w przeprowadza analiz\u0119, ka\u017cdej partii produktu za pomoc\u0105 dw\u00f3ch spektrometr\u00f3w ICP-OES. Jeden do badania zawarto\u015bci mikroelement\u00f3w, drugi do badania zawarto\u015bci makroelement\u00f3w. To wszystko, aby zweryfikowa\u0107, czy sk\u0142ad chemiczny mie\u015bci si\u0119 w sta\u0142ym zakresie i jednocze\u015bnie wykluczy\u0107 obecno\u015b\u0107 niepo\u017c\u0105danych zanieczyszcze\u0144. Wyniki bada\u0144 s\u0105 dost\u0119pne online dla ka\u017cdego klienta, gwarantuj\u0105c najwy\u017csz\u0105 jako\u015b\u0107 i sp\u00f3jno\u015b\u0107 produktu. Wybieraj\u0105c Aquaforest masz pewno\u015b\u0107, \u017ce u\u017cyte do produkcji sk\u0142adniki pochodz\u0105 z pewnych \u017ar\u00f3de\u0142 i s\u0105 bezpieczne do stosowania w akwariach morskich. Produkty Aquaforest s\u0105 wytwarzane w UE pod \u015bcis\u0142ym nadzorem laboratoryjnym w celu spe\u0142nienia najwy\u017cszych standard\u00f3w jako\u015bci. Ka\u017cdy produkt jest przygotowywany ze starannie wyselekcjonowanych surowych sk\u0142adnik\u00f3w w ilo\u015bciach zapewniaj\u0105cych sta\u0142y sk\u0142ad.<\/span><\/p>\n<p>&nbsp;<\/p>\n<hr \/>\n<p>&nbsp;<\/p>\n<h3>Spos\u00f3b u\u017cycia soli Aquaforest Reef Salt<\/h3>\n<ol>\n<li><span style=\"font-weight: 400; color: #000000;\"> Zacznij od wody RODI, kt\u00f3ra powinna mie\u0107 temperatur\u0119 oko\u0142o 24\u00b0C (75\u00b0F).\u00a0<\/span><\/li>\n<li><span style=\"font-weight: 400; color: #000000;\"> Dla zasolenia 33 ppt (1,025 S.G.), dodaj oko\u0142o 390 g (13,75 oz.) soli do 10 l (2,7 US gal) wody.\u00a0<\/span><\/li>\n<li><span style=\"font-weight: 400; color: #000000;\"> Energicznie mieszaj przez oko\u0142o 15 minut, a\u017c s\u00f3l ca\u0142kowicie si\u0119 rozpu\u015bci i woda stanie si\u0119 klarowna.<\/span><\/li>\n<li><span style=\"font-weight: 400; color: #000000;\"> Przed u\u017cyciem sprawd\u017a uzyskane zasolenie z pomoc\u0105 refraktometru.\u00a0\u00a0<\/span><\/li>\n<li><span style=\"font-weight: 400; color: #000000;\"> Gotowe! S\u0142ona woda jest gotowa do u\u017cycia.\u00a0<\/span><\/li>\n<\/ol>\n<h4 class=\"fusion-responsive-typography-calculated\" data-fontsize=\"22\" data-lineheight=\"27.5px\"><\/h4>\n<p><span style=\"font-weight: 400; color: #000000;\">Pami\u0119taj o przechowywaniu soli w suchym i ciemnym miejscu.<\/span><\/p>\n<p><span style=\"font-weight: 400; color: #000000;\">Po rozpuszczeniu s\u00f3l nale\u017cy zu\u017cy\u0107 w ci\u0105gu 3 dni.\u00a0<\/span><\/p>\n<p><span style=\"font-weight: 400; color: #000000;\">Parowanie mo\u017ce zmieni\u0107 parametry wody, dlatego przechowuj \u015bwie\u017co zmieszan\u0105 s\u0142on\u0105 wod\u0119 w szczelnie zamkni\u0119tym pojemniku, je\u015bli nie u\u017cywasz jej od razu.\u00a0<\/span><\/p>\n<p><span style=\"font-weight: 400; color: #000000;\">Je\u015bli przechowujesz s\u00f3l przez kilka dni, przed u\u017cyciem ponownie sprawd\u017a jej zasolenie.<\/span><\/p>\n<p><span style=\"font-weight: 400; color: #000000;\">Karta charakterystyki dost\u0119pna na \u017c\u0105danie<\/span><\/p>\n<p>&nbsp;<\/p>\n<hr \/>\n<h4 data-fontsize=\"22\" data-lineheight=\"27.5px\"><\/h4>\n<h4 class=\"fusion-responsive-typography-calculated\" data-fontsize=\"22\" data-lineheight=\"27.5px\"><span style=\"color: #000000;\">Dok\u0142adne testy i kontrola jako\u015bci naszej gamy soli morskiej<\/span><\/h4>\n<p><span style=\"color: #000000;\"><strong>Warto wiedzie\u0107:<\/strong> Produkty Aquaforest s\u0105 wytwarzane w UE pod \u015bcis\u0142ym nadzorem laboratoryjnym w celu spe\u0142nienia najwy\u017cszych standard\u00f3w jako\u015bci.<\/span><br \/>\n<span style=\"color: #000000;\">Ka\u017cdy produkt jest przygotowywany ze starannie wyselekcjonowanych surowych sk\u0142adnik\u00f3w w ilo\u015bciach zapewniaj\u0105cych sta\u0142y sk\u0142ad.<\/span><\/p>\n<h4 data-fontsize=\"16.38\" data-lineheight=\"27.846px\"><\/h4>\n<hr \/>\n<h4 data-fontsize=\"16.38\" data-lineheight=\"27.846px\"><\/h4>\n<h3><span style=\"color: #000000;\"><strong>Jak testowana jest nasza gama produkt\u00f3w Marine Salt?<\/strong><\/span><\/h3>\n<p class=\"fusion-responsive-typography-calculated\" data-fontsize=\"16.38\" data-lineheight=\"27.846px\"><span style=\"font-weight: 400;\">Mieszamy nasz\u0105 s\u00f3l i pobieramy 3 pr\u00f3bki z ka\u017cdej 600 kilowej partii. Ka\u017cda z tych pr\u00f3bek jest rozpuszczana w 15 litrach wody RO. Nasz zesp\u00f3\u0142 sprawdza, czy sk\u0142ad jest jednolity i wyklucza niepo\u017c\u0105dane zanieczyszczenia za pomoc\u0105 analizy ICP-OES. Wiarygodno\u015b\u0107 wynik\u00f3w zapewniaj\u0105 dwa indywidualnie kalibrowane spektrometry najwy\u017cszej klasy.<\/span><span style=\"font-weight: 400;\"><br \/>\n<\/span><span style=\"font-weight: 400;\"><br \/>\n<\/span><span style=\"font-weight: 400;\">Wyniki ka\u017cdej naszej partii soli s\u0105 od razu dost\u0119pne na naszej stronie, <\/span><a href=\"https:\/\/aquaforest.eu\/pl\/sprawdz-sol\/\"><span style=\"font-weight: 400;\">tutaj<\/span><\/a><span style=\"font-weight: 400;\">.<\/span><\/p>\n<p>&nbsp;<\/p>\n<hr \/>\n<h2 class=\"fusion-responsive-typography-calculated\" data-fontsize=\"22\" data-lineheight=\"27.5px\"><\/h2>\n<h4 class=\"fusion-responsive-typography-calculated\" data-fontsize=\"16.38\" data-lineheight=\"27.846px\"><span style=\"color: #000000;\">Zalecane zasolenie dla r\u00f3\u017cnych typ\u00f3w akwari\u00f3w:<\/span><\/h4>\n<p><img fetchpriority=\"high\" decoding=\"async\" class=\"alignnone wp-image-3489 size-full\" src=\"https:\/\/aquaforest.eu\/wp-content\/uploads\/2024\/06\/RS_aquarium-types.png\" alt=\"\" width=\"709\" height=\"202\" srcset=\"https:\/\/aquaforest.eu\/wp-content\/uploads\/2024\/06\/RS_aquarium-types.png 709w, https:\/\/aquaforest.eu\/wp-content\/uploads\/2024\/06\/RS_aquarium-types-300x85.png 300w, https:\/\/aquaforest.eu\/wp-content\/uploads\/2024\/06\/RS_aquarium-types-600x171.png 600w\" sizes=\"(max-width: 709px) 100vw, 709px\" \/><\/p>\n<h4 class=\"fusion-responsive-typography-calculated\" data-fontsize=\"16.38\" data-lineheight=\"27.846px\"><span style=\"color: #000000;\">Makro i mikroelementy w wodzie maj\u0105 r\u00f3\u017cne poziomy<br \/>\nw zale\u017cno\u015bci od zasolenia:<\/span><\/h4>\n<p><img decoding=\"async\" class=\"alignnone wp-image-3488 size-full\" src=\"https:\/\/aquaforest.eu\/wp-content\/uploads\/2024\/06\/RS_micromacro.png\" alt=\"\" width=\"709\" height=\"202\" srcset=\"https:\/\/aquaforest.eu\/wp-content\/uploads\/2024\/06\/RS_micromacro.png 709w, https:\/\/aquaforest.eu\/wp-content\/uploads\/2024\/06\/RS_micromacro-300x85.png 300w, https:\/\/aquaforest.eu\/wp-content\/uploads\/2024\/06\/RS_micromacro-600x171.png 600w\" sizes=\"(max-width: 709px) 100vw, 709px\" \/><\/p>\n","protected":false},"excerpt":{"rendered":"<p>Najbardziej wszechstronna s\u00f3l dedykowana zar\u00f3wno dla raf mieszanych, jak i SPS. Mieszanka soli jest wzbogacona o aminokwasy i witamin\u0119 C.<\/p>\n","protected":false},"featured_media":16844,"template":"","meta":{"_acf_changed":false,"content-type":""},"product_brand":[],"product_cat":[1153],"product_tag":[967,1568,1105,1422],"class_list":{"0":"post-11414","1":"product","2":"type-product","3":"status-publish","4":"has-post-thumbnail","6":"product_cat-sole-morskie","7":"product_tag-aquaforest-pl","8":"product_tag-seawater-aquatic-pl","9":"product_tag-sole-morskie","10":"product_tag-variable-pl","12":"first","13":"instock","14":"taxable","15":"shipping-taxable","16":"product-type-variable","17":"has-default-attributes"},"acf":[],"yoast_head":"<!-- This site is optimized with the Yoast SEO plugin v27.1.1 - https:\/\/yoast.com\/product\/yoast-seo-wordpress\/ -->\n<title>Reef Salt - Aquaforest<\/title>\n<meta name=\"description\" content=\"Reef Salt to najlepsza s\u00f3l morska dla koralowc\u00f3w: syntetyczna s\u00f3l stworzona z my\u015bl\u0105 o optymalnych warunkach dla koralowc\u00f3w.\" \/>\n<meta name=\"robots\" content=\"index, follow, max-snippet:-1, max-image-preview:large, max-video-preview:-1\" \/>\n<link rel=\"canonical\" href=\"https:\/\/aquaforest.eu\/pl\/produkty\/seawater\/sole-morskie\/reef-salt\/\" \/>\n<meta property=\"og:locale\" content=\"pl_PL\" \/>\n<meta property=\"og:type\" content=\"article\" \/>\n<meta property=\"og:title\" content=\"Reef Salt - Aquaforest\" \/>\n<meta property=\"og:description\" content=\"Reef Salt to najlepsza s\u00f3l morska dla koralowc\u00f3w: syntetyczna s\u00f3l stworzona z my\u015bl\u0105 o optymalnych warunkach dla koralowc\u00f3w.\" \/>\n<meta property=\"og:url\" content=\"https:\/\/aquaforest.eu\/pl\/produkty\/seawater\/sole-morskie\/reef-salt\/\" \/>\n<meta property=\"og:site_name\" content=\"Aquaforest\" \/>\n<meta property=\"article:publisher\" content=\"https:\/\/www.facebook.com\/Aquaforest\/\" \/>\n<meta property=\"article:modified_time\" content=\"2026-01-29T14:55:18+00:00\" \/>\n<meta property=\"og:image\" content=\"https:\/\/aquaforest.eu\/wp-content\/uploads\/2024\/06\/Reef-Salt-2kg.png\" \/>\n\t<meta property=\"og:image:width\" content=\"1800\" \/>\n\t<meta property=\"og:image:height\" content=\"1800\" \/>\n\t<meta property=\"og:image:type\" content=\"image\/png\" \/>\n<meta name=\"twitter:card\" content=\"summary_large_image\" \/>\n<meta name=\"twitter:label1\" content=\"Szacowany czas czytania\" \/>\n\t<meta name=\"twitter:data1\" content=\"3 minuty\" \/>\n<script type=\"application\/ld+json\" class=\"yoast-schema-graph\">{\"@context\":\"https:\/\/schema.org\",\"@graph\":[{\"@type\":\"WebPage\",\"@id\":\"https:\/\/aquaforest.eu\/pl\/produkty\/seawater\/sole-morskie\/reef-salt\/\",\"url\":\"https:\/\/aquaforest.eu\/pl\/produkty\/seawater\/sole-morskie\/reef-salt\/\",\"name\":\"Reef Salt - Aquaforest\",\"isPartOf\":{\"@id\":\"https:\/\/aquaforest.eu\/pl\/#website\"},\"primaryImageOfPage\":{\"@id\":\"https:\/\/aquaforest.eu\/pl\/produkty\/seawater\/sole-morskie\/reef-salt\/#primaryimage\"},\"image\":{\"@id\":\"https:\/\/aquaforest.eu\/pl\/produkty\/seawater\/sole-morskie\/reef-salt\/#primaryimage\"},\"thumbnailUrl\":\"https:\/\/aquaforest.eu\/wp-content\/uploads\/2024\/06\/Reef-Salt-2kg.png\",\"datePublished\":\"2024-06-26T23:40:32+00:00\",\"dateModified\":\"2026-01-29T14:55:18+00:00\",\"description\":\"Reef Salt to najlepsza s\u00f3l morska dla koralowc\u00f3w: syntetyczna s\u00f3l stworzona z my\u015bl\u0105 o optymalnych warunkach dla koralowc\u00f3w.\",\"breadcrumb\":{\"@id\":\"https:\/\/aquaforest.eu\/pl\/produkty\/seawater\/sole-morskie\/reef-salt\/#breadcrumb\"},\"inLanguage\":\"pl-PL\",\"potentialAction\":[{\"@type\":\"ReadAction\",\"target\":[\"https:\/\/aquaforest.eu\/pl\/produkty\/seawater\/sole-morskie\/reef-salt\/\"]}]},{\"@type\":\"ImageObject\",\"inLanguage\":\"pl-PL\",\"@id\":\"https:\/\/aquaforest.eu\/pl\/produkty\/seawater\/sole-morskie\/reef-salt\/#primaryimage\",\"url\":\"https:\/\/aquaforest.eu\/wp-content\/uploads\/2024\/06\/Reef-Salt-2kg.png\",\"contentUrl\":\"https:\/\/aquaforest.eu\/wp-content\/uploads\/2024\/06\/Reef-Salt-2kg.png\",\"width\":1800,\"height\":1800},{\"@type\":\"BreadcrumbList\",\"@id\":\"https:\/\/aquaforest.eu\/pl\/produkty\/seawater\/sole-morskie\/reef-salt\/#breadcrumb\",\"itemListElement\":[{\"@type\":\"ListItem\",\"position\":1,\"name\":\"Home\",\"item\":\"https:\/\/aquaforest.eu\/pl\/\"},{\"@type\":\"ListItem\",\"position\":2,\"name\":\"Produkty\",\"item\":\"https:\/\/aquaforest.eu\/pl\/produkty\/\"},{\"@type\":\"ListItem\",\"position\":3,\"name\":\"Reef Salt\"}]},{\"@type\":\"WebSite\",\"@id\":\"https:\/\/aquaforest.eu\/pl\/#website\",\"url\":\"https:\/\/aquaforest.eu\/pl\/\",\"name\":\"Aquaforest\",\"description\":\"\",\"publisher\":{\"@id\":\"https:\/\/aquaforest.eu\/pl\/#organization\"},\"potentialAction\":[{\"@type\":\"SearchAction\",\"target\":{\"@type\":\"EntryPoint\",\"urlTemplate\":\"https:\/\/aquaforest.eu\/pl\/?s={search_term_string}\"},\"query-input\":{\"@type\":\"PropertyValueSpecification\",\"valueRequired\":true,\"valueName\":\"search_term_string\"}}],\"inLanguage\":\"pl-PL\"},{\"@type\":\"Organization\",\"@id\":\"https:\/\/aquaforest.eu\/pl\/#organization\",\"name\":\"Aquaforest\",\"url\":\"https:\/\/aquaforest.eu\/pl\/\",\"logo\":{\"@type\":\"ImageObject\",\"inLanguage\":\"pl-PL\",\"@id\":\"https:\/\/aquaforest.eu\/pl\/#\/schema\/logo\/image\/\",\"url\":\"https:\/\/aquaforest.eu\/wp-content\/uploads\/2024\/05\/logotyp-aquaforest.svg\",\"contentUrl\":\"https:\/\/aquaforest.eu\/wp-content\/uploads\/2024\/05\/logotyp-aquaforest.svg\",\"width\":170,\"height\":22,\"caption\":\"Aquaforest\"},\"image\":{\"@id\":\"https:\/\/aquaforest.eu\/pl\/#\/schema\/logo\/image\/\"},\"sameAs\":[\"https:\/\/www.facebook.com\/Aquaforest\/\",\"https:\/\/www.instagram.com\/aquaforest.eu\/\"]}]}<\/script>\n<!-- \/ Yoast SEO plugin. -->","yoast_head_json":{"title":"Reef Salt - Aquaforest","description":"Reef Salt to najlepsza s\u00f3l morska dla koralowc\u00f3w: syntetyczna s\u00f3l stworzona z my\u015bl\u0105 o optymalnych warunkach dla koralowc\u00f3w.","robots":{"index":"index","follow":"follow","max-snippet":"max-snippet:-1","max-image-preview":"max-image-preview:large","max-video-preview":"max-video-preview:-1"},"canonical":"https:\/\/aquaforest.eu\/pl\/produkty\/seawater\/sole-morskie\/reef-salt\/","og_locale":"pl_PL","og_type":"article","og_title":"Reef Salt - Aquaforest","og_description":"Reef Salt to najlepsza s\u00f3l morska dla koralowc\u00f3w: syntetyczna s\u00f3l stworzona z my\u015bl\u0105 o optymalnych warunkach dla koralowc\u00f3w.","og_url":"https:\/\/aquaforest.eu\/pl\/produkty\/seawater\/sole-morskie\/reef-salt\/","og_site_name":"Aquaforest","article_publisher":"https:\/\/www.facebook.com\/Aquaforest\/","article_modified_time":"2026-01-29T14:55:18+00:00","og_image":[{"width":1800,"height":1800,"url":"https:\/\/aquaforest.eu\/wp-content\/uploads\/2024\/06\/Reef-Salt-2kg.png","type":"image\/png"}],"twitter_card":"summary_large_image","twitter_misc":{"Szacowany czas czytania":"3 minuty"},"schema":{"@context":"https:\/\/schema.org","@graph":[{"@type":"WebPage","@id":"https:\/\/aquaforest.eu\/pl\/produkty\/seawater\/sole-morskie\/reef-salt\/","url":"https:\/\/aquaforest.eu\/pl\/produkty\/seawater\/sole-morskie\/reef-salt\/","name":"Reef Salt - Aquaforest","isPartOf":{"@id":"https:\/\/aquaforest.eu\/pl\/#website"},"primaryImageOfPage":{"@id":"https:\/\/aquaforest.eu\/pl\/produkty\/seawater\/sole-morskie\/reef-salt\/#primaryimage"},"image":{"@id":"https:\/\/aquaforest.eu\/pl\/produkty\/seawater\/sole-morskie\/reef-salt\/#primaryimage"},"thumbnailUrl":"https:\/\/aquaforest.eu\/wp-content\/uploads\/2024\/06\/Reef-Salt-2kg.png","datePublished":"2024-06-26T23:40:32+00:00","dateModified":"2026-01-29T14:55:18+00:00","description":"Reef Salt to najlepsza s\u00f3l morska dla koralowc\u00f3w: syntetyczna s\u00f3l stworzona z my\u015bl\u0105 o optymalnych warunkach dla koralowc\u00f3w.","breadcrumb":{"@id":"https:\/\/aquaforest.eu\/pl\/produkty\/seawater\/sole-morskie\/reef-salt\/#breadcrumb"},"inLanguage":"pl-PL","potentialAction":[{"@type":"ReadAction","target":["https:\/\/aquaforest.eu\/pl\/produkty\/seawater\/sole-morskie\/reef-salt\/"]}]},{"@type":"ImageObject","inLanguage":"pl-PL","@id":"https:\/\/aquaforest.eu\/pl\/produkty\/seawater\/sole-morskie\/reef-salt\/#primaryimage","url":"https:\/\/aquaforest.eu\/wp-content\/uploads\/2024\/06\/Reef-Salt-2kg.png","contentUrl":"https:\/\/aquaforest.eu\/wp-content\/uploads\/2024\/06\/Reef-Salt-2kg.png","width":1800,"height":1800},{"@type":"BreadcrumbList","@id":"https:\/\/aquaforest.eu\/pl\/produkty\/seawater\/sole-morskie\/reef-salt\/#breadcrumb","itemListElement":[{"@type":"ListItem","position":1,"name":"Home","item":"https:\/\/aquaforest.eu\/pl\/"},{"@type":"ListItem","position":2,"name":"Produkty","item":"https:\/\/aquaforest.eu\/pl\/produkty\/"},{"@type":"ListItem","position":3,"name":"Reef Salt"}]},{"@type":"WebSite","@id":"https:\/\/aquaforest.eu\/pl\/#website","url":"https:\/\/aquaforest.eu\/pl\/","name":"Aquaforest","description":"","publisher":{"@id":"https:\/\/aquaforest.eu\/pl\/#organization"},"potentialAction":[{"@type":"SearchAction","target":{"@type":"EntryPoint","urlTemplate":"https:\/\/aquaforest.eu\/pl\/?s={search_term_string}"},"query-input":{"@type":"PropertyValueSpecification","valueRequired":true,"valueName":"search_term_string"}}],"inLanguage":"pl-PL"},{"@type":"Organization","@id":"https:\/\/aquaforest.eu\/pl\/#organization","name":"Aquaforest","url":"https:\/\/aquaforest.eu\/pl\/","logo":{"@type":"ImageObject","inLanguage":"pl-PL","@id":"https:\/\/aquaforest.eu\/pl\/#\/schema\/logo\/image\/","url":"https:\/\/aquaforest.eu\/wp-content\/uploads\/2024\/05\/logotyp-aquaforest.svg","contentUrl":"https:\/\/aquaforest.eu\/wp-content\/uploads\/2024\/05\/logotyp-aquaforest.svg","width":170,"height":22,"caption":"Aquaforest"},"image":{"@id":"https:\/\/aquaforest.eu\/pl\/#\/schema\/logo\/image\/"},"sameAs":["https:\/\/www.facebook.com\/Aquaforest\/","https:\/\/www.instagram.com\/aquaforest.eu\/"]}]}},"_links":{"self":[{"href":"https:\/\/aquaforest.eu\/pl\/wp-json\/wp\/v2\/product\/11414","targetHints":{"allow":["GET"]}}],"collection":[{"href":"https:\/\/aquaforest.eu\/pl\/wp-json\/wp\/v2\/product"}],"about":[{"href":"https:\/\/aquaforest.eu\/pl\/wp-json\/wp\/v2\/types\/product"}],"version-history":[{"count":10,"href":"https:\/\/aquaforest.eu\/pl\/wp-json\/wp\/v2\/product\/11414\/revisions"}],"predecessor-version":[{"id":28394,"href":"https:\/\/aquaforest.eu\/pl\/wp-json\/wp\/v2\/product\/11414\/revisions\/28394"}],"wp:featuredmedia":[{"embeddable":true,"href":"https:\/\/aquaforest.eu\/pl\/wp-json\/wp\/v2\/media\/16844"}],"wp:attachment":[{"href":"https:\/\/aquaforest.eu\/pl\/wp-json\/wp\/v2\/media?parent=11414"}],"wp:term":[{"taxonomy":"product_brand","embeddable":true,"href":"https:\/\/aquaforest.eu\/pl\/wp-json\/wp\/v2\/product_brand?post=11414"},{"taxonomy":"product_cat","embeddable":true,"href":"https:\/\/aquaforest.eu\/pl\/wp-json\/wp\/v2\/product_cat?post=11414"},{"taxonomy":"product_tag","embeddable":true,"href":"https:\/\/aquaforest.eu\/pl\/wp-json\/wp\/v2\/product_tag?post=11414"}],"curies":[{"name":"wp","href":"https:\/\/api.w.org\/{rel}","templated":true}]}}