{"id":11422,"date":"2024-06-27T01:39:17","date_gmt":"2024-06-26T23:39:17","guid":{"rendered":"https:\/\/aquaforest.eu\/products\/bez-kategorii\/sol-rafowa-plus\/"},"modified":"2025-03-26T11:16:34","modified_gmt":"2025-03-26T10:16:34","slug":"reef-salt-plus","status":"publish","type":"product","link":"https:\/\/aquaforest.eu\/pl\/produkty\/seawater\/sole-morskie\/reef-salt-plus\/","title":{"rendered":"Reef Salt Plus"},"content":{"rendered":"<p><span style=\"font-weight: 400; color: #000000;\">Reef Salt Plus to rewolucja w \u015bwiecie soli akwarystycznych, stworzona z my\u015bl\u0105 o najbardziej wymagaj\u0105cych akwarystach. To produkt najwy\u017cszej jako\u015bci, kt\u00f3ry powsta\u0142 w wyniku wieloletnich bada\u0144 nad wzrostem koralowc\u00f3w. Wyr\u00f3\u017cnia si\u0119 wysoce skoncentrowanym sk\u0142adem, kt\u00f3ry zawiera idealnie zbilansowane st\u0119\u017cenie makro- i mikroelement\u00f3w,\u00a0 kluczowych dla rozwoju i wybarwienia koralowc\u00f3w. To w\u0142a\u015bnie wy\u017csze st\u0119\u017cenie sk\u0142adnik\u00f3w od\u017cywczych w Reef Salt Plus\u00a0 zapewnia koralowcom optymalne warunki do wzrostu i rozwoju.<\/span><\/p>\n<p><span style=\"font-weight: 400; color: #000000;\">W odr\u00f3\u017cnieniu od \u015brodowiska naturalnego, akwarium to zamkni\u0119ty ekosystem, w kt\u00f3rym pok\u0142ady cennych sk\u0142adnik\u00f3w stale ulegaj\u0105 zu\u017cywaniu. Zapewnienie ci\u0105g\u0142ego dost\u0119pu do makroelement\u00f3w jest kluczowe dla prowadzenia zbiornika rafowego.\u00a0 Reef Salt Plus\u00a0 zawiera podwy\u017cszone st\u0119\u017cenia makroelement\u00f3w w idealnych proporcjach, dzi\u0119ki czemu regularne podmiany wody z jego zastosowaniem dostarczaj\u0105 mikroelement\u00f3w cennych dla wzrostu i wybarwienia koralowc\u00f3w oraz pomagaj\u0105 w utrzymaniu odpowiedniej r\u00f3wnowagi kluczowych pierwiastk\u00f3w.<\/span><\/p>\n<p>&nbsp;<\/p>\n<hr \/>\n<p>&nbsp;<\/p>\n<h3><span style=\"color: #000000;\"><strong>Co sprawia, \u017ce Reef Salt+ jest wyj\u0105tkowa?<\/strong><\/span><\/h3>\n<p><span style=\"color: #000000;\">Unikaln\u0105 formu\u0142\u0119 Reef Salt+ opracowali\u015bmy w toku wieloletnich bada\u0144 nad wzrostem koralowc\u00f3w. W wyniku naszych obserwacji stworzyli\u015bmy produkt, kt\u00f3ry niemal w pe\u0142ni zaspokaja potrzeby organizm\u00f3w morskich.<\/span><\/p>\n<ul>\n<li><span style=\"color: #000000;\">Stworzona do akwari\u00f3w mocno obsadzonych koralowcami LPS i SPS<\/span><\/li>\n<li><span style=\"color: #000000;\">Podwy\u017cszone poziomy KH, wapnia i magnezu<\/span><\/li>\n<li><span style=\"color: #000000;\">Bogaty sk\u0142ad pozwala na ograniczenie dodatkowej suplementacji w celu korekty parametr\u00f3w<\/span><\/li>\n<\/ul>\n<p><span style=\"font-weight: 400; color: #000000;\">Regularne podmiany wody z u\u017cyciem Reef Salt Plus dostarczaj\u0105 koralowcom niezb\u0119dne mikroelementy, co przek\u0142ada si\u0119 na ich zdrowy wzrost i pi\u0119kny wygl\u0105d.\u00a0 Bogaty sk\u0142ad soli pozwala na ograniczenie dodatkowej suplementacji, co znacznie upraszcza piel\u0119gnacj\u0119 akwarium.\u00a0<\/span><\/p>\n<p><span style=\"font-weight: 400; color: #000000;\">Reef Salt Plus to nie tylko gwarancja zdrowych i pi\u0119knych koralowc\u00f3w, ale r\u00f3wnie\u017c stabilnych parametr\u00f3w wody. Tworzy optymalne warunki dla rozwoju koralowc\u00f3w, wspiera budow\u0119 szkielet\u00f3w, u\u0142atwia wybarwianie i wspomaga proces fotosyntezy.<\/span><\/p>\n<p><span style=\"font-weight: 400; color: #000000;\">Aby zapewni\u0107 najwy\u017csz\u0105 jako\u015b\u0107 i precyzj\u0119, ka\u017cda partia Reef Salt Plus jest testowana na dw\u00f3ch spektrometrach ICP-OES. Jeden spektrometr bada st\u0119\u017cenie mikroelement\u00f3w, a drugi \u2014 st\u0119\u017cenie makroelement\u00f3w. Wyniki analiz s\u0105 dost\u0119pne online dla ka\u017cdego klienta, co gwarantuje pe\u0142n\u0105 transparentno\u015b\u0107 i\u00a0 sp\u00f3jny sk\u0142ad.\u00a0<\/span><\/p>\n<p>&nbsp;<\/p>\n<hr \/>\n<p>&nbsp;<\/p>\n<h3><span style=\"color: #000000;\"><strong>Spos\u00f3b u\u017cycia soli Aquaforest Reef Salt Plus<\/strong><\/span><\/h3>\n<ol>\n<li><span style=\"font-weight: 400; color: #000000;\"> Zacznij od wody RODI, kt\u00f3ra powinna mie\u0107 temperatur\u0119 oko\u0142o 24\u00b0C (75\u00b0F).\u00a0<\/span><\/li>\n<li><span style=\"font-weight: 400; color: #000000;\"> Dla zasolenia 33 ppt (1,025 S.G.), dodaj oko\u0142o 390 g (13,75 oz.) soli do 10 l (2,7 US gal) wody.\u00a0<\/span><\/li>\n<li><span style=\"font-weight: 400; color: #000000;\"> Energicznie mieszaj przez oko\u0142o 15 minut, a\u017c s\u00f3l ca\u0142kowicie si\u0119 rozpu\u015bci i woda stanie si\u0119 klarowna.<\/span><\/li>\n<li><span style=\"font-weight: 400; color: #000000;\"> Przed u\u017cyciem sprawd\u017a uzyskane zasolenie z pomoc\u0105 refraktometru.\u00a0\u00a0<\/span><\/li>\n<li><span style=\"font-weight: 400; color: #000000;\"> Gotowe! S\u0142ona woda jest gotowa do u\u017cycia.\u00a0<\/span><\/li>\n<\/ol>\n<p>&nbsp;<\/p>\n<p><span style=\"font-weight: 400; color: #000000;\">Pami\u0119taj o przechowywaniu soli w suchym i ciemnym miejscu.<\/span><\/p>\n<p><span style=\"font-weight: 400; color: #000000;\">Po rozpuszczeniu s\u00f3l nale\u017cy zu\u017cy\u0107 w ci\u0105gu 3 dni.\u00a0<\/span><\/p>\n<p><span style=\"font-weight: 400; color: #000000;\">Parowanie mo\u017ce zmieni\u0107 parametry wody, dlatego przechowuj \u015bwie\u017co zmieszan\u0105 s\u0142on\u0105 wod\u0119 w szczelnie zamkni\u0119tym pojemniku, je\u015bli nie u\u017cywasz jej od razu.\u00a0<\/span><\/p>\n<p><span style=\"font-weight: 400; color: #000000;\">Je\u015bli przechowujesz s\u00f3l przez kilka dni, przed u\u017cyciem ponownie sprawd\u017a jej zasolenie.<\/span><\/p>\n<p><span style=\"font-weight: 400; color: #000000;\">Karta charakterystyki dost\u0119pna na \u017c\u0105danie<\/span><\/p>\n<h4><strong>Jak sprawdzamy nasz\u0105 s\u00f3l?<\/strong><\/h4>\n<p><span style=\"font-weight: 400;\">Mieszamy nasz\u0105 s\u00f3l i pobieramy 3 pr\u00f3bki z ka\u017cdej 600 kilowej partii. Ka\u017cda z tych pr\u00f3bek jest rozpuszczana w 15 litrach wody RO. Nasz zesp\u00f3\u0142 sprawdza, czy sk\u0142ad jest jednolity i wyklucza niepo\u017c\u0105dane zanieczyszczenia za pomoc\u0105 analizy ICP-OES. Wiarygodno\u015b\u0107 wynik\u00f3w zapewniaj\u0105 dwa indywidualnie kalibrowane spektrometry najwy\u017cszej klasy.<\/span><span style=\"font-weight: 400;\"><br \/>\n<\/span><span style=\"font-weight: 400;\"><br \/>\n<\/span><span style=\"font-weight: 400;\">Wyniki ka\u017cdej naszej partii soli s\u0105 od razu dost\u0119pne na naszej stronie, <\/span><a href=\"http:\/\/aquaforest.eu\/icp-oes\"><span style=\"font-weight: 400;\">tutaj<\/span><\/a><span style=\"font-weight: 400;\">.<\/span><\/p>\n<p>&nbsp;<\/p>\n<hr \/>\n<p>&nbsp;<\/p>\n<p><strong>Zalecane zasolenie dla r\u00f3\u017cnych typ\u00f3w akwari\u00f3w:<\/strong><\/p>\n<p><img fetchpriority=\"high\" decoding=\"async\" class=\"alignnone wp-image-3485 size-full\" src=\"https:\/\/newaquaforest.stronazen.pl\/wp-content\/uploads\/2024\/06\/Reef-Salt_tabelka_1_709x200.png\" alt=\"\" width=\"709\" height=\"218\" srcset=\"https:\/\/aquaforest.eu\/wp-content\/uploads\/2024\/06\/Reef-Salt_tabelka_1_709x200.png 709w, https:\/\/aquaforest.eu\/wp-content\/uploads\/2024\/06\/Reef-Salt_tabelka_1_709x200-300x92.png 300w, https:\/\/aquaforest.eu\/wp-content\/uploads\/2024\/06\/Reef-Salt_tabelka_1_709x200-600x184.png 600w\" sizes=\"(max-width: 709px) 100vw, 709px\" \/><\/p>\n<p>&nbsp;<\/p>\n<p><strong>Makro i mikroelementy w wodzie maj\u0105 r\u00f3\u017cne poziomy w zale\u017cno\u015bci od zasolenia:<\/strong><img decoding=\"async\" class=\"alignnone wp-image-3484 size-full\" src=\"https:\/\/newaquaforest.stronazen.pl\/wp-content\/uploads\/2024\/06\/Reef-Salt_tabelka_2_709x200.png\" alt=\"\" width=\"709\" height=\"218\" srcset=\"https:\/\/aquaforest.eu\/wp-content\/uploads\/2024\/06\/Reef-Salt_tabelka_2_709x200.png 709w, https:\/\/aquaforest.eu\/wp-content\/uploads\/2024\/06\/Reef-Salt_tabelka_2_709x200-300x92.png 300w, https:\/\/aquaforest.eu\/wp-content\/uploads\/2024\/06\/Reef-Salt_tabelka_2_709x200-600x184.png 600w\" sizes=\"(max-width: 709px) 100vw, 709px\" \/><\/p>\n<p>&nbsp;<\/p>\n<p><strong>Por\u00f3wnanie<\/strong><\/p>\n<p><img decoding=\"async\" class=\"alignnone wp-image-3486 size-full\" src=\"https:\/\/newaquaforest.stronazen.pl\/wp-content\/uploads\/2024\/06\/tabelka-nowe-sole-768x268-1.png\" alt=\"\" width=\"768\" height=\"268\" srcset=\"https:\/\/aquaforest.eu\/wp-content\/uploads\/2024\/06\/tabelka-nowe-sole-768x268-1.png 768w, https:\/\/aquaforest.eu\/wp-content\/uploads\/2024\/06\/tabelka-nowe-sole-768x268-1-300x105.png 300w, https:\/\/aquaforest.eu\/wp-content\/uploads\/2024\/06\/tabelka-nowe-sole-768x268-1-600x209.png 600w\" sizes=\"(max-width: 768px) 100vw, 768px\" \/><\/p>\n","protected":false},"excerpt":{"rendered":"<p>S\u00f3l o podwy\u017cszonym poziomie kluczowych makroelement\u00f3w. Idealna s\u00f3l do akwari\u00f3w mocno obsadzonych koralowcami LPS i SPS.<\/p>\n","protected":false},"featured_media":16848,"template":"","meta":{"_acf_changed":false,"content-type":""},"product_brand":[],"product_cat":[1153],"product_tag":[967,1568,1105,1422],"class_list":{"0":"post-11422","1":"product","2":"type-product","3":"status-publish","4":"has-post-thumbnail","6":"product_cat-sole-morskie","7":"product_tag-aquaforest-pl","8":"product_tag-seawater-aquatic-pl","9":"product_tag-sole-morskie","10":"product_tag-variable-pl","12":"first","13":"instock","14":"taxable","15":"shipping-taxable","16":"product-type-variable","17":"has-default-attributes"},"acf":[],"yoast_head":"<!-- This site is optimized with the Yoast SEO plugin v27.1.1 - https:\/\/yoast.com\/product\/yoast-seo-wordpress\/ -->\n<title>Reef Salt Plus - Aquaforest<\/title>\n<meta name=\"description\" content=\"Reef Salt+: najwy\u017cszej jako\u015bci s\u00f3l do akwari\u00f3w koralowych, zapewniaj\u0105ca idealne st\u0119\u017cenie makroelement\u00f3w dla szybkiego wzrostu kolonii.\" \/>\n<meta name=\"robots\" content=\"index, follow, max-snippet:-1, max-image-preview:large, max-video-preview:-1\" \/>\n<link rel=\"canonical\" href=\"https:\/\/aquaforest.eu\/pl\/produkty\/seawater\/sole-morskie\/reef-salt-plus\/\" \/>\n<meta property=\"og:locale\" content=\"pl_PL\" \/>\n<meta property=\"og:type\" content=\"article\" \/>\n<meta property=\"og:title\" content=\"Reef Salt Plus - Aquaforest\" \/>\n<meta property=\"og:description\" content=\"Reef Salt+: najwy\u017cszej jako\u015bci s\u00f3l do akwari\u00f3w koralowych, zapewniaj\u0105ca idealne st\u0119\u017cenie makroelement\u00f3w dla szybkiego wzrostu kolonii.\" \/>\n<meta property=\"og:url\" content=\"https:\/\/aquaforest.eu\/pl\/produkty\/seawater\/sole-morskie\/reef-salt-plus\/\" \/>\n<meta property=\"og:site_name\" content=\"Aquaforest\" \/>\n<meta property=\"article:publisher\" content=\"https:\/\/www.facebook.com\/Aquaforest\/\" \/>\n<meta property=\"article:modified_time\" content=\"2025-03-26T10:16:34+00:00\" \/>\n<meta property=\"og:image\" content=\"https:\/\/aquaforest.eu\/wp-content\/uploads\/2024\/06\/Reef-Salt-22kg-1.png\" \/>\n\t<meta property=\"og:image:width\" content=\"1800\" \/>\n\t<meta property=\"og:image:height\" content=\"1800\" \/>\n\t<meta property=\"og:image:type\" content=\"image\/png\" \/>\n<meta name=\"twitter:card\" content=\"summary_large_image\" \/>\n<meta name=\"twitter:label1\" content=\"Szacowany czas czytania\" \/>\n\t<meta name=\"twitter:data1\" content=\"3 minuty\" \/>\n<script type=\"application\/ld+json\" class=\"yoast-schema-graph\">{\"@context\":\"https:\/\/schema.org\",\"@graph\":[{\"@type\":\"WebPage\",\"@id\":\"https:\/\/aquaforest.eu\/pl\/produkty\/seawater\/sole-morskie\/reef-salt-plus\/\",\"url\":\"https:\/\/aquaforest.eu\/pl\/produkty\/seawater\/sole-morskie\/reef-salt-plus\/\",\"name\":\"Reef Salt Plus - Aquaforest\",\"isPartOf\":{\"@id\":\"https:\/\/aquaforest.eu\/pl\/#website\"},\"primaryImageOfPage\":{\"@id\":\"https:\/\/aquaforest.eu\/pl\/produkty\/seawater\/sole-morskie\/reef-salt-plus\/#primaryimage\"},\"image\":{\"@id\":\"https:\/\/aquaforest.eu\/pl\/produkty\/seawater\/sole-morskie\/reef-salt-plus\/#primaryimage\"},\"thumbnailUrl\":\"https:\/\/aquaforest.eu\/wp-content\/uploads\/2024\/06\/Reef-Salt-22kg-1.png\",\"datePublished\":\"2024-06-26T23:39:17+00:00\",\"dateModified\":\"2025-03-26T10:16:34+00:00\",\"description\":\"Reef Salt+: najwy\u017cszej jako\u015bci s\u00f3l do akwari\u00f3w koralowych, zapewniaj\u0105ca idealne st\u0119\u017cenie makroelement\u00f3w dla szybkiego wzrostu kolonii.\",\"breadcrumb\":{\"@id\":\"https:\/\/aquaforest.eu\/pl\/produkty\/seawater\/sole-morskie\/reef-salt-plus\/#breadcrumb\"},\"inLanguage\":\"pl-PL\",\"potentialAction\":[{\"@type\":\"ReadAction\",\"target\":[\"https:\/\/aquaforest.eu\/pl\/produkty\/seawater\/sole-morskie\/reef-salt-plus\/\"]}]},{\"@type\":\"ImageObject\",\"inLanguage\":\"pl-PL\",\"@id\":\"https:\/\/aquaforest.eu\/pl\/produkty\/seawater\/sole-morskie\/reef-salt-plus\/#primaryimage\",\"url\":\"https:\/\/aquaforest.eu\/wp-content\/uploads\/2024\/06\/Reef-Salt-22kg-1.png\",\"contentUrl\":\"https:\/\/aquaforest.eu\/wp-content\/uploads\/2024\/06\/Reef-Salt-22kg-1.png\",\"width\":1800,\"height\":1800},{\"@type\":\"BreadcrumbList\",\"@id\":\"https:\/\/aquaforest.eu\/pl\/produkty\/seawater\/sole-morskie\/reef-salt-plus\/#breadcrumb\",\"itemListElement\":[{\"@type\":\"ListItem\",\"position\":1,\"name\":\"Home\",\"item\":\"https:\/\/aquaforest.eu\/pl\/\"},{\"@type\":\"ListItem\",\"position\":2,\"name\":\"Produkty\",\"item\":\"https:\/\/aquaforest.eu\/pl\/produkty\/\"},{\"@type\":\"ListItem\",\"position\":3,\"name\":\"Reef Salt Plus\"}]},{\"@type\":\"WebSite\",\"@id\":\"https:\/\/aquaforest.eu\/pl\/#website\",\"url\":\"https:\/\/aquaforest.eu\/pl\/\",\"name\":\"Aquaforest\",\"description\":\"\",\"publisher\":{\"@id\":\"https:\/\/aquaforest.eu\/pl\/#organization\"},\"potentialAction\":[{\"@type\":\"SearchAction\",\"target\":{\"@type\":\"EntryPoint\",\"urlTemplate\":\"https:\/\/aquaforest.eu\/pl\/?s={search_term_string}\"},\"query-input\":{\"@type\":\"PropertyValueSpecification\",\"valueRequired\":true,\"valueName\":\"search_term_string\"}}],\"inLanguage\":\"pl-PL\"},{\"@type\":\"Organization\",\"@id\":\"https:\/\/aquaforest.eu\/pl\/#organization\",\"name\":\"Aquaforest\",\"url\":\"https:\/\/aquaforest.eu\/pl\/\",\"logo\":{\"@type\":\"ImageObject\",\"inLanguage\":\"pl-PL\",\"@id\":\"https:\/\/aquaforest.eu\/pl\/#\/schema\/logo\/image\/\",\"url\":\"https:\/\/aquaforest.eu\/wp-content\/uploads\/2024\/05\/logotyp-aquaforest.svg\",\"contentUrl\":\"https:\/\/aquaforest.eu\/wp-content\/uploads\/2024\/05\/logotyp-aquaforest.svg\",\"width\":170,\"height\":22,\"caption\":\"Aquaforest\"},\"image\":{\"@id\":\"https:\/\/aquaforest.eu\/pl\/#\/schema\/logo\/image\/\"},\"sameAs\":[\"https:\/\/www.facebook.com\/Aquaforest\/\",\"https:\/\/www.instagram.com\/aquaforest.eu\/\"]}]}<\/script>\n<!-- \/ Yoast SEO plugin. -->","yoast_head_json":{"title":"Reef Salt Plus - Aquaforest","description":"Reef Salt+: najwy\u017cszej jako\u015bci s\u00f3l do akwari\u00f3w koralowych, zapewniaj\u0105ca idealne st\u0119\u017cenie makroelement\u00f3w dla szybkiego wzrostu kolonii.","robots":{"index":"index","follow":"follow","max-snippet":"max-snippet:-1","max-image-preview":"max-image-preview:large","max-video-preview":"max-video-preview:-1"},"canonical":"https:\/\/aquaforest.eu\/pl\/produkty\/seawater\/sole-morskie\/reef-salt-plus\/","og_locale":"pl_PL","og_type":"article","og_title":"Reef Salt Plus - Aquaforest","og_description":"Reef Salt+: najwy\u017cszej jako\u015bci s\u00f3l do akwari\u00f3w koralowych, zapewniaj\u0105ca idealne st\u0119\u017cenie makroelement\u00f3w dla szybkiego wzrostu kolonii.","og_url":"https:\/\/aquaforest.eu\/pl\/produkty\/seawater\/sole-morskie\/reef-salt-plus\/","og_site_name":"Aquaforest","article_publisher":"https:\/\/www.facebook.com\/Aquaforest\/","article_modified_time":"2025-03-26T10:16:34+00:00","og_image":[{"width":1800,"height":1800,"url":"https:\/\/aquaforest.eu\/wp-content\/uploads\/2024\/06\/Reef-Salt-22kg-1.png","type":"image\/png"}],"twitter_card":"summary_large_image","twitter_misc":{"Szacowany czas czytania":"3 minuty"},"schema":{"@context":"https:\/\/schema.org","@graph":[{"@type":"WebPage","@id":"https:\/\/aquaforest.eu\/pl\/produkty\/seawater\/sole-morskie\/reef-salt-plus\/","url":"https:\/\/aquaforest.eu\/pl\/produkty\/seawater\/sole-morskie\/reef-salt-plus\/","name":"Reef Salt Plus - Aquaforest","isPartOf":{"@id":"https:\/\/aquaforest.eu\/pl\/#website"},"primaryImageOfPage":{"@id":"https:\/\/aquaforest.eu\/pl\/produkty\/seawater\/sole-morskie\/reef-salt-plus\/#primaryimage"},"image":{"@id":"https:\/\/aquaforest.eu\/pl\/produkty\/seawater\/sole-morskie\/reef-salt-plus\/#primaryimage"},"thumbnailUrl":"https:\/\/aquaforest.eu\/wp-content\/uploads\/2024\/06\/Reef-Salt-22kg-1.png","datePublished":"2024-06-26T23:39:17+00:00","dateModified":"2025-03-26T10:16:34+00:00","description":"Reef Salt+: najwy\u017cszej jako\u015bci s\u00f3l do akwari\u00f3w koralowych, zapewniaj\u0105ca idealne st\u0119\u017cenie makroelement\u00f3w dla szybkiego wzrostu kolonii.","breadcrumb":{"@id":"https:\/\/aquaforest.eu\/pl\/produkty\/seawater\/sole-morskie\/reef-salt-plus\/#breadcrumb"},"inLanguage":"pl-PL","potentialAction":[{"@type":"ReadAction","target":["https:\/\/aquaforest.eu\/pl\/produkty\/seawater\/sole-morskie\/reef-salt-plus\/"]}]},{"@type":"ImageObject","inLanguage":"pl-PL","@id":"https:\/\/aquaforest.eu\/pl\/produkty\/seawater\/sole-morskie\/reef-salt-plus\/#primaryimage","url":"https:\/\/aquaforest.eu\/wp-content\/uploads\/2024\/06\/Reef-Salt-22kg-1.png","contentUrl":"https:\/\/aquaforest.eu\/wp-content\/uploads\/2024\/06\/Reef-Salt-22kg-1.png","width":1800,"height":1800},{"@type":"BreadcrumbList","@id":"https:\/\/aquaforest.eu\/pl\/produkty\/seawater\/sole-morskie\/reef-salt-plus\/#breadcrumb","itemListElement":[{"@type":"ListItem","position":1,"name":"Home","item":"https:\/\/aquaforest.eu\/pl\/"},{"@type":"ListItem","position":2,"name":"Produkty","item":"https:\/\/aquaforest.eu\/pl\/produkty\/"},{"@type":"ListItem","position":3,"name":"Reef Salt Plus"}]},{"@type":"WebSite","@id":"https:\/\/aquaforest.eu\/pl\/#website","url":"https:\/\/aquaforest.eu\/pl\/","name":"Aquaforest","description":"","publisher":{"@id":"https:\/\/aquaforest.eu\/pl\/#organization"},"potentialAction":[{"@type":"SearchAction","target":{"@type":"EntryPoint","urlTemplate":"https:\/\/aquaforest.eu\/pl\/?s={search_term_string}"},"query-input":{"@type":"PropertyValueSpecification","valueRequired":true,"valueName":"search_term_string"}}],"inLanguage":"pl-PL"},{"@type":"Organization","@id":"https:\/\/aquaforest.eu\/pl\/#organization","name":"Aquaforest","url":"https:\/\/aquaforest.eu\/pl\/","logo":{"@type":"ImageObject","inLanguage":"pl-PL","@id":"https:\/\/aquaforest.eu\/pl\/#\/schema\/logo\/image\/","url":"https:\/\/aquaforest.eu\/wp-content\/uploads\/2024\/05\/logotyp-aquaforest.svg","contentUrl":"https:\/\/aquaforest.eu\/wp-content\/uploads\/2024\/05\/logotyp-aquaforest.svg","width":170,"height":22,"caption":"Aquaforest"},"image":{"@id":"https:\/\/aquaforest.eu\/pl\/#\/schema\/logo\/image\/"},"sameAs":["https:\/\/www.facebook.com\/Aquaforest\/","https:\/\/www.instagram.com\/aquaforest.eu\/"]}]}},"_links":{"self":[{"href":"https:\/\/aquaforest.eu\/pl\/wp-json\/wp\/v2\/product\/11422","targetHints":{"allow":["GET"]}}],"collection":[{"href":"https:\/\/aquaforest.eu\/pl\/wp-json\/wp\/v2\/product"}],"about":[{"href":"https:\/\/aquaforest.eu\/pl\/wp-json\/wp\/v2\/types\/product"}],"version-history":[{"count":3,"href":"https:\/\/aquaforest.eu\/pl\/wp-json\/wp\/v2\/product\/11422\/revisions"}],"predecessor-version":[{"id":22141,"href":"https:\/\/aquaforest.eu\/pl\/wp-json\/wp\/v2\/product\/11422\/revisions\/22141"}],"wp:featuredmedia":[{"embeddable":true,"href":"https:\/\/aquaforest.eu\/pl\/wp-json\/wp\/v2\/media\/16848"}],"wp:attachment":[{"href":"https:\/\/aquaforest.eu\/pl\/wp-json\/wp\/v2\/media?parent=11422"}],"wp:term":[{"taxonomy":"product_brand","embeddable":true,"href":"https:\/\/aquaforest.eu\/pl\/wp-json\/wp\/v2\/product_brand?post=11422"},{"taxonomy":"product_cat","embeddable":true,"href":"https:\/\/aquaforest.eu\/pl\/wp-json\/wp\/v2\/product_cat?post=11422"},{"taxonomy":"product_tag","embeddable":true,"href":"https:\/\/aquaforest.eu\/pl\/wp-json\/wp\/v2\/product_tag?post=11422"}],"curies":[{"name":"wp","href":"https:\/\/api.w.org\/{rel}","templated":true}]}}