{"id":11479,"date":"2024-06-27T00:21:57","date_gmt":"2024-06-26T22:21:57","guid":{"rendered":"https:\/\/aquaforest.eu\/products\/bez-kategorii\/testpro-pack\/"},"modified":"2026-05-04T13:49:56","modified_gmt":"2026-05-04T11:49:56","slug":"testpro-pack","status":"publish","type":"product","link":"https:\/\/aquaforest.eu\/pl\/produkty\/seawater\/testy-wody\/testpro-pack\/","title":{"rendered":"Testpro Pack"},"content":{"rendered":"<h3><strong>Zestaw test\u00f3w kropelkowych do okre\u015blania poziom\u00f3w najwa\u017cniejszych parametr\u00f3w takich jak Ca, KH oraz Mg.<\/strong><\/h3>\n<ul>\n<li><span class=\"hiddenSpellError\">Aquaforest TestPro Calcium<\/span> przeznaczony jest do szybkiego pomiaru st\u0119\u017cenia wapnia w akwarium morskim. Wap\u0144 odgrywa istotn\u0105 rol\u0119 w procesach biologicznych zapewniaj\u0105c zr\u00f3wnowa\u017cony wzrost i rozw\u00f3j organizm\u00f3w. W akwarium morskim bardzo wa\u017cne jest sta\u0142e monitorowanie st\u0119\u017cenia wapnia, magnezu i twardo\u015bci w\u0119glanowej (inaczej zasadowo\u015bci). St\u0119\u017cenie wapnia w naturalnej wodzie morskiej mo\u017ce wynosi\u0107 400-450 mg\/l (ppm). Test wystarczy na wykonanie 55-65 oznacze\u0144 st\u0119\u017cenia wapnia w akwarium.<\/li>\n<li>Aquaforest TestPro Alkalinity przeznaczony jest do szybkiego pomiaru twardo\u015bci w\u0119glanowej, inaczej zasadowo\u015bci w akwarium morskim. W akwarium morskim bardzo wa\u017cne jest sta\u0142e monitorowanie st\u0119\u017cenia wapnia, magnezu i twardo\u015bci w\u0119glanowej (inaczej zasadowo\u015bci). Zalecany poziom KH w akwarium morskim to 6.5 \u2013 8.0 dKH. Test wystarczy na wykonanie 78-100 oznacze\u0144 twardo\u015bci w\u0119glanowej w akwarium.<\/li>\n<li>Aquaforest TestPro Magnesium przeznaczony jest do szybkiego pomiaru st\u0119\u017cenia magnezu w akwarium morskim. Magnez odgrywa istotn\u0105 rol\u0119 w procesach biologicznych, bior\u0105c udzia\u0142 w budowie szkieletu korali twardych oraz chemicznych zapewniaj\u0105c pojemno\u015b\u0107 buforow\u0105 i zapobiegaj\u0105c nadmiernemu wytr\u0105caniu si\u0119 wapnia oraz wodorow\u0119glan\u00f3w w wodzie. W akwarium morskim bardzo wa\u017cne jest sta\u0142e monitorowanie st\u0119\u017cenia wapnia, magnezu i twardo\u015bci w\u0119glanowej. St\u0119\u017cenie magnezu w naturalnej wodzie morskiej mo\u017ce wynosi\u0107 1260-1460 mg\/l (ppm). Test wystarczy na wykonanie 55-60 oznacze\u0144 st\u0119\u017cenia magnezu w akwarium, w zakresie zaznaczonym w tabeli.<\/li>\n<\/ul>\n<p>Trzyma\u0107 z dala od dzieci. Produkt wy\u0142\u0105cznie do u\u017cytku w akwariach. Nie nadaje si\u0119 do spo\u017cycia przez ludzi. Przechowywa\u0107 w ch\u0142odnym, suchym miejscu z dala od bezpo\u015bredniego \u015bwiat\u0142a.<\/p>\n","protected":false},"excerpt":{"rendered":"<p>Wielopak test\u00f3w kropelkowych do okre\u015blania poziom\u00f3w najwa\u017cniejszych parametr\u00f3w, takich jak Ca, KH i Mg.<\/p>\n","protected":false},"featured_media":11505,"template":"","meta":{"_acf_changed":false,"content-type":""},"product_brand":[],"product_cat":[1564],"product_tag":[967,1568,1421,1567],"class_list":{"0":"post-11479","1":"product","2":"type-product","3":"status-publish","4":"has-post-thumbnail","6":"product_cat-testy-wody","7":"product_tag-aquaforest-pl","8":"product_tag-seawater-aquatic-pl","9":"product_tag-simple-pl","10":"product_tag-testy-wody","12":"first","13":"instock","14":"taxable","15":"shipping-taxable","16":"purchasable","17":"product-type-simple"},"acf":[],"yoast_head":"<!-- This site is optimized with the Yoast SEO plugin v27.1.1 - https:\/\/yoast.com\/product\/yoast-seo-wordpress\/ -->\n<title>Testpro Pack - Aquaforest<\/title>\n<meta name=\"description\" content=\"Kontroluj i koryguj parametry za pomoc\u0105 najlepszych test\u00f3w wody akwariowej Aquaforest. \u0141atwe w u\u017cyciu i bardzo dok\u0142adne testy. W zestawie p\u0142yny referencyjne i certyfikat jako\u015bci.\" \/>\n<meta name=\"robots\" content=\"index, follow, max-snippet:-1, max-image-preview:large, max-video-preview:-1\" \/>\n<link rel=\"canonical\" href=\"https:\/\/aquaforest.eu\/pl\/produkty\/seawater\/testy-wody\/testpro-pack\/\" \/>\n<meta property=\"og:locale\" content=\"pl_PL\" \/>\n<meta property=\"og:type\" content=\"article\" \/>\n<meta property=\"og:title\" content=\"Testpro Pack - Aquaforest\" \/>\n<meta property=\"og:description\" content=\"Kontroluj i koryguj parametry za pomoc\u0105 najlepszych test\u00f3w wody akwariowej Aquaforest. \u0141atwe w u\u017cyciu i bardzo dok\u0142adne testy. W zestawie p\u0142yny referencyjne i certyfikat jako\u015bci.\" \/>\n<meta property=\"og:url\" content=\"https:\/\/aquaforest.eu\/pl\/produkty\/seawater\/testy-wody\/testpro-pack\/\" \/>\n<meta property=\"og:site_name\" content=\"Aquaforest\" \/>\n<meta property=\"article:publisher\" content=\"https:\/\/www.facebook.com\/Aquaforest\/\" \/>\n<meta property=\"article:modified_time\" content=\"2026-05-04T11:49:56+00:00\" \/>\n<meta property=\"og:image\" content=\"https:\/\/aquaforest.eu\/wp-content\/uploads\/2024\/06\/AF-TestPro.png\" \/>\n\t<meta property=\"og:image:width\" content=\"417\" \/>\n\t<meta property=\"og:image:height\" content=\"600\" \/>\n\t<meta property=\"og:image:type\" content=\"image\/png\" \/>\n<meta name=\"twitter:card\" content=\"summary_large_image\" \/>\n<meta name=\"twitter:label1\" content=\"Szacowany czas czytania\" \/>\n\t<meta name=\"twitter:data1\" content=\"2 minuty\" \/>\n<script type=\"application\/ld+json\" class=\"yoast-schema-graph\">{\"@context\":\"https:\/\/schema.org\",\"@graph\":[{\"@type\":\"WebPage\",\"@id\":\"https:\/\/aquaforest.eu\/pl\/produkty\/seawater\/testy-wody\/testpro-pack\/\",\"url\":\"https:\/\/aquaforest.eu\/pl\/produkty\/seawater\/testy-wody\/testpro-pack\/\",\"name\":\"Testpro Pack - Aquaforest\",\"isPartOf\":{\"@id\":\"https:\/\/aquaforest.eu\/pl\/#website\"},\"primaryImageOfPage\":{\"@id\":\"https:\/\/aquaforest.eu\/pl\/produkty\/seawater\/testy-wody\/testpro-pack\/#primaryimage\"},\"image\":{\"@id\":\"https:\/\/aquaforest.eu\/pl\/produkty\/seawater\/testy-wody\/testpro-pack\/#primaryimage\"},\"thumbnailUrl\":\"https:\/\/aquaforest.eu\/wp-content\/uploads\/2024\/06\/AF-TestPro.png\",\"datePublished\":\"2024-06-26T22:21:57+00:00\",\"dateModified\":\"2026-05-04T11:49:56+00:00\",\"description\":\"Kontroluj i koryguj parametry za pomoc\u0105 najlepszych test\u00f3w wody akwariowej Aquaforest. \u0141atwe w u\u017cyciu i bardzo dok\u0142adne testy. W zestawie p\u0142yny referencyjne i certyfikat jako\u015bci.\",\"breadcrumb\":{\"@id\":\"https:\/\/aquaforest.eu\/pl\/produkty\/seawater\/testy-wody\/testpro-pack\/#breadcrumb\"},\"inLanguage\":\"pl-PL\",\"potentialAction\":[{\"@type\":\"ReadAction\",\"target\":[\"https:\/\/aquaforest.eu\/pl\/produkty\/seawater\/testy-wody\/testpro-pack\/\"]}]},{\"@type\":\"ImageObject\",\"inLanguage\":\"pl-PL\",\"@id\":\"https:\/\/aquaforest.eu\/pl\/produkty\/seawater\/testy-wody\/testpro-pack\/#primaryimage\",\"url\":\"https:\/\/aquaforest.eu\/wp-content\/uploads\/2024\/06\/AF-TestPro.png\",\"contentUrl\":\"https:\/\/aquaforest.eu\/wp-content\/uploads\/2024\/06\/AF-TestPro.png\",\"width\":417,\"height\":600},{\"@type\":\"BreadcrumbList\",\"@id\":\"https:\/\/aquaforest.eu\/pl\/produkty\/seawater\/testy-wody\/testpro-pack\/#breadcrumb\",\"itemListElement\":[{\"@type\":\"ListItem\",\"position\":1,\"name\":\"Home\",\"item\":\"https:\/\/aquaforest.eu\/pl\/\"},{\"@type\":\"ListItem\",\"position\":2,\"name\":\"Produkty\",\"item\":\"https:\/\/aquaforest.eu\/pl\/produkty\/\"},{\"@type\":\"ListItem\",\"position\":3,\"name\":\"Testpro Pack\"}]},{\"@type\":\"WebSite\",\"@id\":\"https:\/\/aquaforest.eu\/pl\/#website\",\"url\":\"https:\/\/aquaforest.eu\/pl\/\",\"name\":\"Aquaforest\",\"description\":\"\",\"publisher\":{\"@id\":\"https:\/\/aquaforest.eu\/pl\/#organization\"},\"potentialAction\":[{\"@type\":\"SearchAction\",\"target\":{\"@type\":\"EntryPoint\",\"urlTemplate\":\"https:\/\/aquaforest.eu\/pl\/?s={search_term_string}\"},\"query-input\":{\"@type\":\"PropertyValueSpecification\",\"valueRequired\":true,\"valueName\":\"search_term_string\"}}],\"inLanguage\":\"pl-PL\"},{\"@type\":\"Organization\",\"@id\":\"https:\/\/aquaforest.eu\/pl\/#organization\",\"name\":\"Aquaforest\",\"url\":\"https:\/\/aquaforest.eu\/pl\/\",\"logo\":{\"@type\":\"ImageObject\",\"inLanguage\":\"pl-PL\",\"@id\":\"https:\/\/aquaforest.eu\/pl\/#\/schema\/logo\/image\/\",\"url\":\"https:\/\/aquaforest.eu\/wp-content\/uploads\/2024\/05\/logotyp-aquaforest.svg\",\"contentUrl\":\"https:\/\/aquaforest.eu\/wp-content\/uploads\/2024\/05\/logotyp-aquaforest.svg\",\"width\":170,\"height\":22,\"caption\":\"Aquaforest\"},\"image\":{\"@id\":\"https:\/\/aquaforest.eu\/pl\/#\/schema\/logo\/image\/\"},\"sameAs\":[\"https:\/\/www.facebook.com\/Aquaforest\/\",\"https:\/\/www.instagram.com\/aquaforest.eu\/\"]}]}<\/script>\n<!-- \/ Yoast SEO plugin. -->","yoast_head_json":{"title":"Testpro Pack - Aquaforest","description":"Kontroluj i koryguj parametry za pomoc\u0105 najlepszych test\u00f3w wody akwariowej Aquaforest. \u0141atwe w u\u017cyciu i bardzo dok\u0142adne testy. W zestawie p\u0142yny referencyjne i certyfikat jako\u015bci.","robots":{"index":"index","follow":"follow","max-snippet":"max-snippet:-1","max-image-preview":"max-image-preview:large","max-video-preview":"max-video-preview:-1"},"canonical":"https:\/\/aquaforest.eu\/pl\/produkty\/seawater\/testy-wody\/testpro-pack\/","og_locale":"pl_PL","og_type":"article","og_title":"Testpro Pack - Aquaforest","og_description":"Kontroluj i koryguj parametry za pomoc\u0105 najlepszych test\u00f3w wody akwariowej Aquaforest. \u0141atwe w u\u017cyciu i bardzo dok\u0142adne testy. W zestawie p\u0142yny referencyjne i certyfikat jako\u015bci.","og_url":"https:\/\/aquaforest.eu\/pl\/produkty\/seawater\/testy-wody\/testpro-pack\/","og_site_name":"Aquaforest","article_publisher":"https:\/\/www.facebook.com\/Aquaforest\/","article_modified_time":"2026-05-04T11:49:56+00:00","og_image":[{"width":417,"height":600,"url":"https:\/\/aquaforest.eu\/wp-content\/uploads\/2024\/06\/AF-TestPro.png","type":"image\/png"}],"twitter_card":"summary_large_image","twitter_misc":{"Szacowany czas czytania":"2 minuty"},"schema":{"@context":"https:\/\/schema.org","@graph":[{"@type":"WebPage","@id":"https:\/\/aquaforest.eu\/pl\/produkty\/seawater\/testy-wody\/testpro-pack\/","url":"https:\/\/aquaforest.eu\/pl\/produkty\/seawater\/testy-wody\/testpro-pack\/","name":"Testpro Pack - Aquaforest","isPartOf":{"@id":"https:\/\/aquaforest.eu\/pl\/#website"},"primaryImageOfPage":{"@id":"https:\/\/aquaforest.eu\/pl\/produkty\/seawater\/testy-wody\/testpro-pack\/#primaryimage"},"image":{"@id":"https:\/\/aquaforest.eu\/pl\/produkty\/seawater\/testy-wody\/testpro-pack\/#primaryimage"},"thumbnailUrl":"https:\/\/aquaforest.eu\/wp-content\/uploads\/2024\/06\/AF-TestPro.png","datePublished":"2024-06-26T22:21:57+00:00","dateModified":"2026-05-04T11:49:56+00:00","description":"Kontroluj i koryguj parametry za pomoc\u0105 najlepszych test\u00f3w wody akwariowej Aquaforest. \u0141atwe w u\u017cyciu i bardzo dok\u0142adne testy. W zestawie p\u0142yny referencyjne i certyfikat jako\u015bci.","breadcrumb":{"@id":"https:\/\/aquaforest.eu\/pl\/produkty\/seawater\/testy-wody\/testpro-pack\/#breadcrumb"},"inLanguage":"pl-PL","potentialAction":[{"@type":"ReadAction","target":["https:\/\/aquaforest.eu\/pl\/produkty\/seawater\/testy-wody\/testpro-pack\/"]}]},{"@type":"ImageObject","inLanguage":"pl-PL","@id":"https:\/\/aquaforest.eu\/pl\/produkty\/seawater\/testy-wody\/testpro-pack\/#primaryimage","url":"https:\/\/aquaforest.eu\/wp-content\/uploads\/2024\/06\/AF-TestPro.png","contentUrl":"https:\/\/aquaforest.eu\/wp-content\/uploads\/2024\/06\/AF-TestPro.png","width":417,"height":600},{"@type":"BreadcrumbList","@id":"https:\/\/aquaforest.eu\/pl\/produkty\/seawater\/testy-wody\/testpro-pack\/#breadcrumb","itemListElement":[{"@type":"ListItem","position":1,"name":"Home","item":"https:\/\/aquaforest.eu\/pl\/"},{"@type":"ListItem","position":2,"name":"Produkty","item":"https:\/\/aquaforest.eu\/pl\/produkty\/"},{"@type":"ListItem","position":3,"name":"Testpro Pack"}]},{"@type":"WebSite","@id":"https:\/\/aquaforest.eu\/pl\/#website","url":"https:\/\/aquaforest.eu\/pl\/","name":"Aquaforest","description":"","publisher":{"@id":"https:\/\/aquaforest.eu\/pl\/#organization"},"potentialAction":[{"@type":"SearchAction","target":{"@type":"EntryPoint","urlTemplate":"https:\/\/aquaforest.eu\/pl\/?s={search_term_string}"},"query-input":{"@type":"PropertyValueSpecification","valueRequired":true,"valueName":"search_term_string"}}],"inLanguage":"pl-PL"},{"@type":"Organization","@id":"https:\/\/aquaforest.eu\/pl\/#organization","name":"Aquaforest","url":"https:\/\/aquaforest.eu\/pl\/","logo":{"@type":"ImageObject","inLanguage":"pl-PL","@id":"https:\/\/aquaforest.eu\/pl\/#\/schema\/logo\/image\/","url":"https:\/\/aquaforest.eu\/wp-content\/uploads\/2024\/05\/logotyp-aquaforest.svg","contentUrl":"https:\/\/aquaforest.eu\/wp-content\/uploads\/2024\/05\/logotyp-aquaforest.svg","width":170,"height":22,"caption":"Aquaforest"},"image":{"@id":"https:\/\/aquaforest.eu\/pl\/#\/schema\/logo\/image\/"},"sameAs":["https:\/\/www.facebook.com\/Aquaforest\/","https:\/\/www.instagram.com\/aquaforest.eu\/"]}]}},"_links":{"self":[{"href":"https:\/\/aquaforest.eu\/pl\/wp-json\/wp\/v2\/product\/11479","targetHints":{"allow":["GET"]}}],"collection":[{"href":"https:\/\/aquaforest.eu\/pl\/wp-json\/wp\/v2\/product"}],"about":[{"href":"https:\/\/aquaforest.eu\/pl\/wp-json\/wp\/v2\/types\/product"}],"version-history":[{"count":1,"href":"https:\/\/aquaforest.eu\/pl\/wp-json\/wp\/v2\/product\/11479\/revisions"}],"predecessor-version":[{"id":31511,"href":"https:\/\/aquaforest.eu\/pl\/wp-json\/wp\/v2\/product\/11479\/revisions\/31511"}],"wp:featuredmedia":[{"embeddable":true,"href":"https:\/\/aquaforest.eu\/pl\/wp-json\/wp\/v2\/media\/11505"}],"wp:attachment":[{"href":"https:\/\/aquaforest.eu\/pl\/wp-json\/wp\/v2\/media?parent=11479"}],"wp:term":[{"taxonomy":"product_brand","embeddable":true,"href":"https:\/\/aquaforest.eu\/pl\/wp-json\/wp\/v2\/product_brand?post=11479"},{"taxonomy":"product_cat","embeddable":true,"href":"https:\/\/aquaforest.eu\/pl\/wp-json\/wp\/v2\/product_cat?post=11479"},{"taxonomy":"product_tag","embeddable":true,"href":"https:\/\/aquaforest.eu\/pl\/wp-json\/wp\/v2\/product_tag?post=11479"}],"curies":[{"name":"wp","href":"https:\/\/api.w.org\/{rel}","templated":true}]}}