{"id":11486,"date":"2024-06-26T02:18:25","date_gmt":"2024-06-26T00:18:25","guid":{"rendered":"https:\/\/aquaforest.eu\/products\/bez-kategorii\/di-resin\/"},"modified":"2024-10-03T15:17:31","modified_gmt":"2024-10-03T13:17:31","slug":"di-resin","status":"publish","type":"product","link":"https:\/\/aquaforest.eu\/pl\/produkty\/seawater\/parametry-wody\/di-resin\/","title":{"rendered":"Di Resin"},"content":{"rendered":"<p>Gotowa do u\u017cytku wysokiej jako\u015bci \u017cywica przeznaczona do demineralizacji wody. Stworzona do stosowania w filtrach odwr\u00f3conej osmozy g\u0142\u00f3wnie jako ostatni etap oczyszczania wody kranowej. Demineralization Resin jest idealna do produkcji ca\u0142kowicie zdemineralizowanej wody. Gwarantuje wod\u0119 woln\u0105 od krzemian\u00f3w, dwutlenku w\u0119gla oraz innych zanieczyszcze\u0144.<\/p>\n<p>&nbsp;<\/p>\n<hr \/>\n<p>&nbsp;<\/p>\n<p><strong>Dozowanie<\/strong>: \u017bywic\u0119 umie\u015bci\u0107 w korpusie filtra jako ostatni stopie\u0144 filtracji. \u017bywic\u0119 nale\u017cy wymienia\u0107, kiedy TDS zaczyna wskazywa\u0107 wi\u0119cej ni\u017c 001.<\/p>\n<p>&nbsp;<\/p>\n<hr \/>\n<p>&nbsp;<\/p>\n<p><strong>Warto wiedzie\u0107<\/strong>: Dzia\u0142a dra\u017cni\u0105co na oczy. Dok\u0142adnie umy\u0107 r\u0119ce po u\u017cyciu. Stosowa\u0107 r\u0119kawice ochronne\/odzie\u017c ochronn\u0105\/ ochron\u0119 oczu\/ochron\u0119 twarzy. W PRZYPADKU DOSTANIA SI\u0118 DO OCZU: Ostro\u017cnie p\u0142uka\u0107 wod\u0105 przez kilka minut. Wyj\u0105\u0107 soczewki kontaktowe, je\u017celi s\u0105 i mo\u017cna je \u0142atwo usun\u0105\u0107. Nadal p\u0142uka\u0107. W przypadku utrzymywania si\u0119 dzia\u0142ania dra\u017cni\u0105cego na oczy: Zasi\u0119gn\u0105\u0107 porady\/zg\u0142osi\u0107 si\u0119 pod opiek\u0119 lekarza.<\/p>\n","protected":false},"excerpt":{"rendered":"<p>\u017bywica do filtr\u00f3w RO. Stworzona specjalnie dla filtr\u00f3w odwr\u00f3conej osmozy, g\u0142\u00f3wnie jako ostatni etap oczyszczania wody wodoci\u0105gowej.<\/p>\n","protected":false},"featured_media":11520,"template":"","meta":{"_acf_changed":false,"content-type":""},"product_brand":[],"product_cat":[1157],"product_tag":[967,1096,1568,1421],"class_list":{"0":"post-11486","1":"product","2":"type-product","3":"status-publish","4":"has-post-thumbnail","6":"product_cat-parametry-wody","7":"product_tag-aquaforest-pl","8":"product_tag-chemia-wody","9":"product_tag-seawater-aquatic-pl","10":"product_tag-simple-pl","12":"first","13":"instock","14":"taxable","15":"shipping-taxable","16":"purchasable","17":"product-type-simple"},"acf":[],"yoast_head":"<!-- This site is optimized with the Yoast SEO plugin v27.1.1 - https:\/\/yoast.com\/product\/yoast-seo-wordpress\/ -->\n<title>Di Resin - Aquaforest<\/title>\n<meta name=\"description\" content=\"Gotowa do u\u017cycia \u017cywica najwy\u017cszej jako\u015bci do demineralizacji wody. Stworzona specjalnie do filtr\u00f3w odwr\u00f3conej osmozy, g\u0142\u00f3wnie jako ostatni etap oczyszczania wody wodoci\u0105gowej.\" \/>\n<meta name=\"robots\" content=\"index, follow, max-snippet:-1, max-image-preview:large, max-video-preview:-1\" \/>\n<link rel=\"canonical\" href=\"https:\/\/aquaforest.eu\/pl\/produkty\/seawater\/parametry-wody\/di-resin\/\" \/>\n<meta property=\"og:locale\" content=\"pl_PL\" \/>\n<meta property=\"og:type\" content=\"article\" \/>\n<meta property=\"og:title\" content=\"Di Resin - Aquaforest\" \/>\n<meta property=\"og:description\" content=\"Gotowa do u\u017cycia \u017cywica najwy\u017cszej jako\u015bci do demineralizacji wody. Stworzona specjalnie do filtr\u00f3w odwr\u00f3conej osmozy, g\u0142\u00f3wnie jako ostatni etap oczyszczania wody wodoci\u0105gowej.\" \/>\n<meta property=\"og:url\" content=\"https:\/\/aquaforest.eu\/pl\/produkty\/seawater\/parametry-wody\/di-resin\/\" \/>\n<meta property=\"og:site_name\" content=\"Aquaforest\" \/>\n<meta property=\"article:publisher\" content=\"https:\/\/www.facebook.com\/Aquaforest\/\" \/>\n<meta property=\"article:modified_time\" content=\"2024-10-03T13:17:31+00:00\" \/>\n<meta property=\"og:image\" content=\"https:\/\/aquaforest.eu\/wp-content\/uploads\/2024\/06\/Di-Resin.png\" \/>\n\t<meta property=\"og:image:width\" content=\"432\" \/>\n\t<meta property=\"og:image:height\" content=\"600\" \/>\n\t<meta property=\"og:image:type\" content=\"image\/png\" \/>\n<meta name=\"twitter:card\" content=\"summary_large_image\" \/>\n<meta name=\"twitter:label1\" content=\"Szacowany czas czytania\" \/>\n\t<meta name=\"twitter:data1\" content=\"1 minuta\" \/>\n<script type=\"application\/ld+json\" class=\"yoast-schema-graph\">{\"@context\":\"https:\/\/schema.org\",\"@graph\":[{\"@type\":\"WebPage\",\"@id\":\"https:\/\/aquaforest.eu\/pl\/produkty\/seawater\/parametry-wody\/di-resin\/\",\"url\":\"https:\/\/aquaforest.eu\/pl\/produkty\/seawater\/parametry-wody\/di-resin\/\",\"name\":\"Di Resin - Aquaforest\",\"isPartOf\":{\"@id\":\"https:\/\/aquaforest.eu\/pl\/#website\"},\"primaryImageOfPage\":{\"@id\":\"https:\/\/aquaforest.eu\/pl\/produkty\/seawater\/parametry-wody\/di-resin\/#primaryimage\"},\"image\":{\"@id\":\"https:\/\/aquaforest.eu\/pl\/produkty\/seawater\/parametry-wody\/di-resin\/#primaryimage\"},\"thumbnailUrl\":\"https:\/\/aquaforest.eu\/wp-content\/uploads\/2024\/06\/Di-Resin.png\",\"datePublished\":\"2024-06-26T00:18:25+00:00\",\"dateModified\":\"2024-10-03T13:17:31+00:00\",\"description\":\"Gotowa do u\u017cycia \u017cywica najwy\u017cszej jako\u015bci do demineralizacji wody. Stworzona specjalnie do filtr\u00f3w odwr\u00f3conej osmozy, g\u0142\u00f3wnie jako ostatni etap oczyszczania wody wodoci\u0105gowej.\",\"breadcrumb\":{\"@id\":\"https:\/\/aquaforest.eu\/pl\/produkty\/seawater\/parametry-wody\/di-resin\/#breadcrumb\"},\"inLanguage\":\"pl-PL\",\"potentialAction\":[{\"@type\":\"ReadAction\",\"target\":[\"https:\/\/aquaforest.eu\/pl\/produkty\/seawater\/parametry-wody\/di-resin\/\"]}]},{\"@type\":\"ImageObject\",\"inLanguage\":\"pl-PL\",\"@id\":\"https:\/\/aquaforest.eu\/pl\/produkty\/seawater\/parametry-wody\/di-resin\/#primaryimage\",\"url\":\"https:\/\/aquaforest.eu\/wp-content\/uploads\/2024\/06\/Di-Resin.png\",\"contentUrl\":\"https:\/\/aquaforest.eu\/wp-content\/uploads\/2024\/06\/Di-Resin.png\",\"width\":432,\"height\":600},{\"@type\":\"BreadcrumbList\",\"@id\":\"https:\/\/aquaforest.eu\/pl\/produkty\/seawater\/parametry-wody\/di-resin\/#breadcrumb\",\"itemListElement\":[{\"@type\":\"ListItem\",\"position\":1,\"name\":\"Home\",\"item\":\"https:\/\/aquaforest.eu\/pl\/\"},{\"@type\":\"ListItem\",\"position\":2,\"name\":\"Produkty\",\"item\":\"https:\/\/aquaforest.eu\/pl\/produkty\/\"},{\"@type\":\"ListItem\",\"position\":3,\"name\":\"Di Resin\"}]},{\"@type\":\"WebSite\",\"@id\":\"https:\/\/aquaforest.eu\/pl\/#website\",\"url\":\"https:\/\/aquaforest.eu\/pl\/\",\"name\":\"Aquaforest\",\"description\":\"\",\"publisher\":{\"@id\":\"https:\/\/aquaforest.eu\/pl\/#organization\"},\"potentialAction\":[{\"@type\":\"SearchAction\",\"target\":{\"@type\":\"EntryPoint\",\"urlTemplate\":\"https:\/\/aquaforest.eu\/pl\/?s={search_term_string}\"},\"query-input\":{\"@type\":\"PropertyValueSpecification\",\"valueRequired\":true,\"valueName\":\"search_term_string\"}}],\"inLanguage\":\"pl-PL\"},{\"@type\":\"Organization\",\"@id\":\"https:\/\/aquaforest.eu\/pl\/#organization\",\"name\":\"Aquaforest\",\"url\":\"https:\/\/aquaforest.eu\/pl\/\",\"logo\":{\"@type\":\"ImageObject\",\"inLanguage\":\"pl-PL\",\"@id\":\"https:\/\/aquaforest.eu\/pl\/#\/schema\/logo\/image\/\",\"url\":\"https:\/\/aquaforest.eu\/wp-content\/uploads\/2024\/05\/logotyp-aquaforest.svg\",\"contentUrl\":\"https:\/\/aquaforest.eu\/wp-content\/uploads\/2024\/05\/logotyp-aquaforest.svg\",\"width\":170,\"height\":22,\"caption\":\"Aquaforest\"},\"image\":{\"@id\":\"https:\/\/aquaforest.eu\/pl\/#\/schema\/logo\/image\/\"},\"sameAs\":[\"https:\/\/www.facebook.com\/Aquaforest\/\",\"https:\/\/www.instagram.com\/aquaforest.eu\/\"]}]}<\/script>\n<!-- \/ Yoast SEO plugin. -->","yoast_head_json":{"title":"Di Resin - Aquaforest","description":"Gotowa do u\u017cycia \u017cywica najwy\u017cszej jako\u015bci do demineralizacji wody. Stworzona specjalnie do filtr\u00f3w odwr\u00f3conej osmozy, g\u0142\u00f3wnie jako ostatni etap oczyszczania wody wodoci\u0105gowej.","robots":{"index":"index","follow":"follow","max-snippet":"max-snippet:-1","max-image-preview":"max-image-preview:large","max-video-preview":"max-video-preview:-1"},"canonical":"https:\/\/aquaforest.eu\/pl\/produkty\/seawater\/parametry-wody\/di-resin\/","og_locale":"pl_PL","og_type":"article","og_title":"Di Resin - Aquaforest","og_description":"Gotowa do u\u017cycia \u017cywica najwy\u017cszej jako\u015bci do demineralizacji wody. Stworzona specjalnie do filtr\u00f3w odwr\u00f3conej osmozy, g\u0142\u00f3wnie jako ostatni etap oczyszczania wody wodoci\u0105gowej.","og_url":"https:\/\/aquaforest.eu\/pl\/produkty\/seawater\/parametry-wody\/di-resin\/","og_site_name":"Aquaforest","article_publisher":"https:\/\/www.facebook.com\/Aquaforest\/","article_modified_time":"2024-10-03T13:17:31+00:00","og_image":[{"width":432,"height":600,"url":"https:\/\/aquaforest.eu\/wp-content\/uploads\/2024\/06\/Di-Resin.png","type":"image\/png"}],"twitter_card":"summary_large_image","twitter_misc":{"Szacowany czas czytania":"1 minuta"},"schema":{"@context":"https:\/\/schema.org","@graph":[{"@type":"WebPage","@id":"https:\/\/aquaforest.eu\/pl\/produkty\/seawater\/parametry-wody\/di-resin\/","url":"https:\/\/aquaforest.eu\/pl\/produkty\/seawater\/parametry-wody\/di-resin\/","name":"Di Resin - Aquaforest","isPartOf":{"@id":"https:\/\/aquaforest.eu\/pl\/#website"},"primaryImageOfPage":{"@id":"https:\/\/aquaforest.eu\/pl\/produkty\/seawater\/parametry-wody\/di-resin\/#primaryimage"},"image":{"@id":"https:\/\/aquaforest.eu\/pl\/produkty\/seawater\/parametry-wody\/di-resin\/#primaryimage"},"thumbnailUrl":"https:\/\/aquaforest.eu\/wp-content\/uploads\/2024\/06\/Di-Resin.png","datePublished":"2024-06-26T00:18:25+00:00","dateModified":"2024-10-03T13:17:31+00:00","description":"Gotowa do u\u017cycia \u017cywica najwy\u017cszej jako\u015bci do demineralizacji wody. Stworzona specjalnie do filtr\u00f3w odwr\u00f3conej osmozy, g\u0142\u00f3wnie jako ostatni etap oczyszczania wody wodoci\u0105gowej.","breadcrumb":{"@id":"https:\/\/aquaforest.eu\/pl\/produkty\/seawater\/parametry-wody\/di-resin\/#breadcrumb"},"inLanguage":"pl-PL","potentialAction":[{"@type":"ReadAction","target":["https:\/\/aquaforest.eu\/pl\/produkty\/seawater\/parametry-wody\/di-resin\/"]}]},{"@type":"ImageObject","inLanguage":"pl-PL","@id":"https:\/\/aquaforest.eu\/pl\/produkty\/seawater\/parametry-wody\/di-resin\/#primaryimage","url":"https:\/\/aquaforest.eu\/wp-content\/uploads\/2024\/06\/Di-Resin.png","contentUrl":"https:\/\/aquaforest.eu\/wp-content\/uploads\/2024\/06\/Di-Resin.png","width":432,"height":600},{"@type":"BreadcrumbList","@id":"https:\/\/aquaforest.eu\/pl\/produkty\/seawater\/parametry-wody\/di-resin\/#breadcrumb","itemListElement":[{"@type":"ListItem","position":1,"name":"Home","item":"https:\/\/aquaforest.eu\/pl\/"},{"@type":"ListItem","position":2,"name":"Produkty","item":"https:\/\/aquaforest.eu\/pl\/produkty\/"},{"@type":"ListItem","position":3,"name":"Di Resin"}]},{"@type":"WebSite","@id":"https:\/\/aquaforest.eu\/pl\/#website","url":"https:\/\/aquaforest.eu\/pl\/","name":"Aquaforest","description":"","publisher":{"@id":"https:\/\/aquaforest.eu\/pl\/#organization"},"potentialAction":[{"@type":"SearchAction","target":{"@type":"EntryPoint","urlTemplate":"https:\/\/aquaforest.eu\/pl\/?s={search_term_string}"},"query-input":{"@type":"PropertyValueSpecification","valueRequired":true,"valueName":"search_term_string"}}],"inLanguage":"pl-PL"},{"@type":"Organization","@id":"https:\/\/aquaforest.eu\/pl\/#organization","name":"Aquaforest","url":"https:\/\/aquaforest.eu\/pl\/","logo":{"@type":"ImageObject","inLanguage":"pl-PL","@id":"https:\/\/aquaforest.eu\/pl\/#\/schema\/logo\/image\/","url":"https:\/\/aquaforest.eu\/wp-content\/uploads\/2024\/05\/logotyp-aquaforest.svg","contentUrl":"https:\/\/aquaforest.eu\/wp-content\/uploads\/2024\/05\/logotyp-aquaforest.svg","width":170,"height":22,"caption":"Aquaforest"},"image":{"@id":"https:\/\/aquaforest.eu\/pl\/#\/schema\/logo\/image\/"},"sameAs":["https:\/\/www.facebook.com\/Aquaforest\/","https:\/\/www.instagram.com\/aquaforest.eu\/"]}]}},"_links":{"self":[{"href":"https:\/\/aquaforest.eu\/pl\/wp-json\/wp\/v2\/product\/11486","targetHints":{"allow":["GET"]}}],"collection":[{"href":"https:\/\/aquaforest.eu\/pl\/wp-json\/wp\/v2\/product"}],"about":[{"href":"https:\/\/aquaforest.eu\/pl\/wp-json\/wp\/v2\/types\/product"}],"version-history":[{"count":0,"href":"https:\/\/aquaforest.eu\/pl\/wp-json\/wp\/v2\/product\/11486\/revisions"}],"wp:featuredmedia":[{"embeddable":true,"href":"https:\/\/aquaforest.eu\/pl\/wp-json\/wp\/v2\/media\/11520"}],"wp:attachment":[{"href":"https:\/\/aquaforest.eu\/pl\/wp-json\/wp\/v2\/media?parent=11486"}],"wp:term":[{"taxonomy":"product_brand","embeddable":true,"href":"https:\/\/aquaforest.eu\/pl\/wp-json\/wp\/v2\/product_brand?post=11486"},{"taxonomy":"product_cat","embeddable":true,"href":"https:\/\/aquaforest.eu\/pl\/wp-json\/wp\/v2\/product_cat?post=11486"},{"taxonomy":"product_tag","embeddable":true,"href":"https:\/\/aquaforest.eu\/pl\/wp-json\/wp\/v2\/product_tag?post=11486"}],"curies":[{"name":"wp","href":"https:\/\/api.w.org\/{rel}","templated":true}]}}