{"id":11488,"date":"2024-06-27T00:21:55","date_gmt":"2024-06-26T22:21:55","guid":{"rendered":"https:\/\/aquaforest.eu\/products\/bez-kategorii\/af-rock\/"},"modified":"2026-05-04T15:37:29","modified_gmt":"2026-05-04T13:37:29","slug":"af-rock","status":"publish","type":"product","link":"https:\/\/aquaforest.eu\/pl\/produkty\/seawater\/aquascaping\/af-rock\/","title":{"rendered":"AF Rock"},"content":{"rendered":"<h3 class=\"fusion-responsive-typography-calculated\" data-fontsize=\"22\" data-lineheight=\"27.5px\"><strong><span style=\"color: #000000;\">AF Rock \u2013 doskona\u0142a estetyka, filtracja i bezpiecze\u0144stwo<\/span><\/strong><\/h3>\n<p><span style=\"color: #000000;\">Stworzona z w pe\u0142ni naturalnych sk\u0142adnik\u00f3w najwy\u017cszej jako\u015bci ska\u0142a przeznaczona do akwari\u00f3w morskich. Wysoka estetyka i r\u0119czne wykonanie powoduj\u0105, \u017ce AF Rock przypomina ska\u0142\u0119 naturalnie wyst\u0119puj\u0105c\u0105 w rafach koralowych. Dzi\u0119ki wysokiej porowato\u015bci u\u0142atwia osiedlanie si\u0119 bakterii i doskonale s\u0142u\u017cy jako medium filtracyjne. W odr\u00f3\u017cnieniu od ska\u0142 powszechnie wyst\u0119puj\u0105cych na rynku, AF Rock ma przede wszystkim zdolno\u015b\u0107 wydajnej filtracji. Zastosowanie najlepszych, ekologicznych i w pe\u0142ni bezpiecznych barwnik\u00f3w pozwoli\u0142o na stworzenie ska\u0142y o wysokich walorach dekoracyjnych. AF Rock nie niszczy \u015brodowiska i w odr\u00f3\u017cnieniu od \u017cywej ska\u0142y jest wolna od zanieczyszcze\u0144, niepo\u017c\u0105danych glon\u00f3w i paso\u017cyt\u00f3w. Sk\u0142ad ska\u0142y zapewnia optymalne warunki do rozwoju \u017cycia morskiego i jest w pe\u0142ni bezpieczny dla mieszka\u0144c\u00f3w akwarium. W przeciwie\u0144stwie do ska\u0142y \u017cywej, zastosowanie AF Rock gwarantuje, \u017ce nie wprowadzimy do zbiornika szkodliwych i inwazyjnych organizm\u00f3w, takich jak valonia, aiptasia, dinoflagellate, bryopsis, AEFW, niepo\u017c\u0105dane kraby. AF Rock jest idealnym medium do osiedlania si\u0119 bakterii, dzi\u0119ki czemu wspiera procesy biochemiczne i gwarantuje d\u0142ugofalow\u0105 r\u00f3wnowag\u0119 biologiczn\u0105 w zbiorniku. Ska\u0142a przez d\u0142ugi czas b\u0119dzie wspiera\u0142a procesy filtracyjne, stabilizowa\u0142a parametry oraz u\u0142atwia\u0142a rozw\u00f3j \u017cycia morskiego. Ska\u0142\u0119 mo\u017cna ci\u0105\u0107 i \u0142ama\u0107, a tak\u017ce dowolnie \u0142\u0105czy\u0107 stosuj\u0105c Stone Fix. R\u0119czne wykonanie AF Rock gwarantuje niepowtarzalno\u015b\u0107 ka\u017cdego z zestaw\u00f3w, a tak\u017ce zapewnia unikalny kszta\u0142t wszystkich element\u00f3w. Wysoka porowato\u015b\u0107 zapewnia nisk\u0105 wag\u0119 i doskona\u0142y stosunek masy do obj\u0119to\u015bci. Dzi\u0119ki temu AF Rock jest znacznie l\u017cejsza ni\u017c inne ska\u0142y dost\u0119pne na rynku.<\/span><\/p>\n<hr \/>\n<h3 class=\"fusion-responsive-typography-calculated\" data-fontsize=\"22\" data-lineheight=\"27.5px\"><strong><span style=\"color: #000000;\">Stabilizacja parametr\u00f3w i skr\u00f3cony czas dojrzewania dla zdrowego oraz pi\u0119knego akwarium<\/span><\/strong><\/h3>\n<p><span style=\"color: #000000;\">Produkt przebadany laboratoryjnie, nie uwalnia niechcianych substancji do wody. Stabilizuje pH i KH wody co znacznie u\u0142atwia kalcyfikacj\u0119 szkielet\u00f3w i pozwala na szybszy wzrost koralowc\u00f3w, kt\u00f3re w stabilnych parametrach buduj\u0105 twardsze i zdrowsze szkielety. U\u0142atwia zasiedlanie przez po\u017cyteczne mikroorganizmy oraz znacznie skraca proces dojrzewania akwarium, szczeg\u00f3lnie przy zastosowaniu bakterii Bio S. Szybko pokrywa si\u0119 po\u017c\u0105danymi w akwarium algami wapiennymi. W akwarium s\u0142odkowodnym AF Rock mo\u017cna stosowa\u0107 tylko w wodzie o pH powy\u017cej 7,0. Przed umieszczeniem w zbiorniku ska\u0142\u0119 wyp\u0142uka\u0107 w wodzie RO. Ze wzgl\u0119du na wysok\u0105 porowato\u015b\u0107 ska\u0142a mo\u017ce si\u0119 z\u0142ama\u0107 w trakcie transportu, fragmenty ska\u0142y nale\u017cy po\u0142\u0105czy\u0107 stosuj\u0105c Stone Fix.<\/span><\/p>\n<hr \/>\n<h4 data-fontsize=\"22\" data-lineheight=\"27.5px\"><img fetchpriority=\"high\" decoding=\"async\" class=\"alignnone wp-image-2815 size-large\" style=\"color: #000000; font-weight: 400;\" src=\"https:\/\/newaquaforest.stronazen.pl\/wp-content\/uploads\/2024\/06\/AF-Rock_grafika-B2B_2-scaled-1-1024x530.jpg\" alt=\"\" width=\"800\" height=\"414\" srcset=\"https:\/\/aquaforest.eu\/wp-content\/uploads\/2024\/06\/AF-Rock_grafika-B2B_2-scaled-1-1024x530.jpg 1024w, https:\/\/aquaforest.eu\/wp-content\/uploads\/2024\/06\/AF-Rock_grafika-B2B_2-scaled-1-300x155.jpg 300w, https:\/\/aquaforest.eu\/wp-content\/uploads\/2024\/06\/AF-Rock_grafika-B2B_2-scaled-1-768x398.jpg 768w, https:\/\/aquaforest.eu\/wp-content\/uploads\/2024\/06\/AF-Rock_grafika-B2B_2-scaled-1-1536x796.jpg 1536w, https:\/\/aquaforest.eu\/wp-content\/uploads\/2024\/06\/AF-Rock_grafika-B2B_2-scaled-1-2048x1061.jpg 2048w, https:\/\/aquaforest.eu\/wp-content\/uploads\/2024\/06\/AF-Rock_grafika-B2B_2-scaled-1-600x311.jpg 600w\" sizes=\"(max-width: 800px) 100vw, 800px\" \/><\/h4>\n<h3 class=\"fusion-responsive-typography-calculated\" data-fontsize=\"22\" data-lineheight=\"27.5px\"><strong><span style=\"color: #000000;\">R\u0119cznie wykonana ska\u0142a. Stworzona ze zwi\u0105zk\u00f3w o sk\u0142adzie podobnym do naturalnej, \u017cywej ska\u0142y<\/span><\/strong><\/h3>\n<ul>\n<li><span style=\"color: #000000;\">AF Rock jest dost\u0119pna w r\u00f3\u017cnych kszta\u0142tach lub tylko jako \u0142uk\/p\u00f3\u0142ka\/podstawa<\/span><\/li>\n<li><span style=\"color: #000000;\">Wysoka porowato\u015b\u0107 \u2013 wspomaga proces filtracji<\/span><\/li>\n<li><span style=\"color: #000000;\">Stworzona tylko z ekologicznych element\u00f3w<\/span><\/li>\n<li><span style=\"color: #000000;\">Naturalny wygl\u0105d<\/span><\/li>\n<li><span style=\"color: #000000;\">Wspiera wzrost organizm\u00f3w morskich<\/span><\/li>\n<li><span style=\"color: #000000;\">Du\u017ca powierzchnia filtracyjna<\/span><\/li>\n<li><span style=\"color: #000000;\">Idealny stosunek masy do obj\u0119to\u015bci<\/span><\/li>\n<li><span style=\"color: #000000;\">Szybsze dojrzewanie i dodawanie \u017cywego inwentarza<\/span><\/li>\n<li><span style=\"color: #000000;\">Idealne medium dla osiedlania si\u0119 bakterii<\/span><\/li>\n<li><span style=\"color: #000000;\">Bezpieczna dla Twojego akwarium \u2013 bez paso\u017cyt\u00f3w i plag<\/span><\/li>\n<li><span style=\"color: #000000;\">Stabilizuje pH i KH<\/span><\/li>\n<li><span style=\"color: #000000;\">Zastosowano tylko naturalne barwniki<\/span><\/li>\n<\/ul>\n<p>&nbsp;<\/p>\n","protected":false},"excerpt":{"rendered":"<p>Ska\u0142a do akwari\u00f3w morskich. Wysoka porowato\u015b\u0107 przyspiesza proces filtracji. Ska\u0142a jest bezpieczna dla rafy, wolna od plag i paso\u017cyt\u00f3w.<\/p>\n","protected":false},"featured_media":11504,"template":"","meta":{"_acf_changed":false,"content-type":""},"product_brand":[],"product_cat":[1150],"product_tag":[967,1098,1568,1422],"class_list":{"0":"post-11488","1":"product","2":"type-product","3":"status-publish","4":"has-post-thumbnail","6":"product_cat-aquascaping","7":"product_tag-aquaforest-pl","8":"product_tag-aquascaping-pl","9":"product_tag-seawater-aquatic-pl","10":"product_tag-variable-pl","12":"first","13":"instock","14":"taxable","15":"shipping-taxable","16":"product-type-variable","17":"has-default-attributes"},"acf":[],"yoast_head":"<!-- This site is optimized with the Yoast SEO plugin v27.1.1 - https:\/\/yoast.com\/product\/yoast-seo-wordpress\/ -->\n<title>AF Rock - Aquaforest<\/title>\n<meta name=\"description\" content=\"AF Rock firmy Aquaforest: naturalne i estetyczne ska\u0142y do aran\u017cacji akwari\u00f3w, kt\u00f3re tworz\u0105 stabilne i atrakcyjne \u015brodowisko dla koralowc\u00f3w i ryb. Naturalny i bezpieczny dla organizm\u00f3w morskich sk\u0142ad.\" \/>\n<meta name=\"robots\" content=\"index, follow, max-snippet:-1, max-image-preview:large, max-video-preview:-1\" \/>\n<link rel=\"canonical\" href=\"https:\/\/aquaforest.eu\/pl\/produkty\/seawater\/aquascaping\/af-rock\/\" \/>\n<meta property=\"og:locale\" content=\"pl_PL\" \/>\n<meta property=\"og:type\" content=\"article\" \/>\n<meta property=\"og:title\" content=\"AF Rock - Aquaforest\" \/>\n<meta property=\"og:description\" content=\"AF Rock firmy Aquaforest: naturalne i estetyczne ska\u0142y do aran\u017cacji akwari\u00f3w, kt\u00f3re tworz\u0105 stabilne i atrakcyjne \u015brodowisko dla koralowc\u00f3w i ryb. Naturalny i bezpieczny dla organizm\u00f3w morskich sk\u0142ad.\" \/>\n<meta property=\"og:url\" content=\"https:\/\/aquaforest.eu\/pl\/produkty\/seawater\/aquascaping\/af-rock\/\" \/>\n<meta property=\"og:site_name\" content=\"Aquaforest\" \/>\n<meta property=\"article:publisher\" content=\"https:\/\/www.facebook.com\/Aquaforest\/\" \/>\n<meta property=\"article:modified_time\" content=\"2026-05-04T13:37:29+00:00\" \/>\n<meta property=\"og:image\" content=\"https:\/\/aquaforest.eu\/wp-content\/uploads\/2024\/06\/AF-Rock-10.png\" \/>\n\t<meta property=\"og:image:width\" content=\"600\" \/>\n\t<meta property=\"og:image:height\" content=\"600\" \/>\n\t<meta property=\"og:image:type\" content=\"image\/png\" \/>\n<meta name=\"twitter:card\" content=\"summary_large_image\" \/>\n<meta name=\"twitter:label1\" content=\"Szacowany czas czytania\" \/>\n\t<meta name=\"twitter:data1\" content=\"3 minuty\" \/>\n<script type=\"application\/ld+json\" class=\"yoast-schema-graph\">{\"@context\":\"https:\/\/schema.org\",\"@graph\":[{\"@type\":\"WebPage\",\"@id\":\"https:\/\/aquaforest.eu\/pl\/produkty\/seawater\/aquascaping\/af-rock\/\",\"url\":\"https:\/\/aquaforest.eu\/pl\/produkty\/seawater\/aquascaping\/af-rock\/\",\"name\":\"AF Rock - Aquaforest\",\"isPartOf\":{\"@id\":\"https:\/\/aquaforest.eu\/pl\/#website\"},\"primaryImageOfPage\":{\"@id\":\"https:\/\/aquaforest.eu\/pl\/produkty\/seawater\/aquascaping\/af-rock\/#primaryimage\"},\"image\":{\"@id\":\"https:\/\/aquaforest.eu\/pl\/produkty\/seawater\/aquascaping\/af-rock\/#primaryimage\"},\"thumbnailUrl\":\"https:\/\/aquaforest.eu\/wp-content\/uploads\/2024\/06\/AF-Rock-10.png\",\"datePublished\":\"2024-06-26T22:21:55+00:00\",\"dateModified\":\"2026-05-04T13:37:29+00:00\",\"description\":\"AF Rock firmy Aquaforest: naturalne i estetyczne ska\u0142y do aran\u017cacji akwari\u00f3w, kt\u00f3re tworz\u0105 stabilne i atrakcyjne \u015brodowisko dla koralowc\u00f3w i ryb. Naturalny i bezpieczny dla organizm\u00f3w morskich sk\u0142ad.\",\"breadcrumb\":{\"@id\":\"https:\/\/aquaforest.eu\/pl\/produkty\/seawater\/aquascaping\/af-rock\/#breadcrumb\"},\"inLanguage\":\"pl-PL\",\"potentialAction\":[{\"@type\":\"ReadAction\",\"target\":[\"https:\/\/aquaforest.eu\/pl\/produkty\/seawater\/aquascaping\/af-rock\/\"]}]},{\"@type\":\"ImageObject\",\"inLanguage\":\"pl-PL\",\"@id\":\"https:\/\/aquaforest.eu\/pl\/produkty\/seawater\/aquascaping\/af-rock\/#primaryimage\",\"url\":\"https:\/\/aquaforest.eu\/wp-content\/uploads\/2024\/06\/AF-Rock-10.png\",\"contentUrl\":\"https:\/\/aquaforest.eu\/wp-content\/uploads\/2024\/06\/AF-Rock-10.png\",\"width\":600,\"height\":600,\"caption\":\"af rock product\"},{\"@type\":\"BreadcrumbList\",\"@id\":\"https:\/\/aquaforest.eu\/pl\/produkty\/seawater\/aquascaping\/af-rock\/#breadcrumb\",\"itemListElement\":[{\"@type\":\"ListItem\",\"position\":1,\"name\":\"Home\",\"item\":\"https:\/\/aquaforest.eu\/pl\/\"},{\"@type\":\"ListItem\",\"position\":2,\"name\":\"Produkty\",\"item\":\"https:\/\/aquaforest.eu\/pl\/produkty\/\"},{\"@type\":\"ListItem\",\"position\":3,\"name\":\"AF Rock\"}]},{\"@type\":\"WebSite\",\"@id\":\"https:\/\/aquaforest.eu\/pl\/#website\",\"url\":\"https:\/\/aquaforest.eu\/pl\/\",\"name\":\"Aquaforest\",\"description\":\"\",\"publisher\":{\"@id\":\"https:\/\/aquaforest.eu\/pl\/#organization\"},\"potentialAction\":[{\"@type\":\"SearchAction\",\"target\":{\"@type\":\"EntryPoint\",\"urlTemplate\":\"https:\/\/aquaforest.eu\/pl\/?s={search_term_string}\"},\"query-input\":{\"@type\":\"PropertyValueSpecification\",\"valueRequired\":true,\"valueName\":\"search_term_string\"}}],\"inLanguage\":\"pl-PL\"},{\"@type\":\"Organization\",\"@id\":\"https:\/\/aquaforest.eu\/pl\/#organization\",\"name\":\"Aquaforest\",\"url\":\"https:\/\/aquaforest.eu\/pl\/\",\"logo\":{\"@type\":\"ImageObject\",\"inLanguage\":\"pl-PL\",\"@id\":\"https:\/\/aquaforest.eu\/pl\/#\/schema\/logo\/image\/\",\"url\":\"https:\/\/aquaforest.eu\/wp-content\/uploads\/2024\/05\/logotyp-aquaforest.svg\",\"contentUrl\":\"https:\/\/aquaforest.eu\/wp-content\/uploads\/2024\/05\/logotyp-aquaforest.svg\",\"width\":170,\"height\":22,\"caption\":\"Aquaforest\"},\"image\":{\"@id\":\"https:\/\/aquaforest.eu\/pl\/#\/schema\/logo\/image\/\"},\"sameAs\":[\"https:\/\/www.facebook.com\/Aquaforest\/\",\"https:\/\/www.instagram.com\/aquaforest.eu\/\"]}]}<\/script>\n<!-- \/ Yoast SEO plugin. -->","yoast_head_json":{"title":"AF Rock - Aquaforest","description":"AF Rock firmy Aquaforest: naturalne i estetyczne ska\u0142y do aran\u017cacji akwari\u00f3w, kt\u00f3re tworz\u0105 stabilne i atrakcyjne \u015brodowisko dla koralowc\u00f3w i ryb. Naturalny i bezpieczny dla organizm\u00f3w morskich sk\u0142ad.","robots":{"index":"index","follow":"follow","max-snippet":"max-snippet:-1","max-image-preview":"max-image-preview:large","max-video-preview":"max-video-preview:-1"},"canonical":"https:\/\/aquaforest.eu\/pl\/produkty\/seawater\/aquascaping\/af-rock\/","og_locale":"pl_PL","og_type":"article","og_title":"AF Rock - Aquaforest","og_description":"AF Rock firmy Aquaforest: naturalne i estetyczne ska\u0142y do aran\u017cacji akwari\u00f3w, kt\u00f3re tworz\u0105 stabilne i atrakcyjne \u015brodowisko dla koralowc\u00f3w i ryb. Naturalny i bezpieczny dla organizm\u00f3w morskich sk\u0142ad.","og_url":"https:\/\/aquaforest.eu\/pl\/produkty\/seawater\/aquascaping\/af-rock\/","og_site_name":"Aquaforest","article_publisher":"https:\/\/www.facebook.com\/Aquaforest\/","article_modified_time":"2026-05-04T13:37:29+00:00","og_image":[{"width":600,"height":600,"url":"https:\/\/aquaforest.eu\/wp-content\/uploads\/2024\/06\/AF-Rock-10.png","type":"image\/png"}],"twitter_card":"summary_large_image","twitter_misc":{"Szacowany czas czytania":"3 minuty"},"schema":{"@context":"https:\/\/schema.org","@graph":[{"@type":"WebPage","@id":"https:\/\/aquaforest.eu\/pl\/produkty\/seawater\/aquascaping\/af-rock\/","url":"https:\/\/aquaforest.eu\/pl\/produkty\/seawater\/aquascaping\/af-rock\/","name":"AF Rock - Aquaforest","isPartOf":{"@id":"https:\/\/aquaforest.eu\/pl\/#website"},"primaryImageOfPage":{"@id":"https:\/\/aquaforest.eu\/pl\/produkty\/seawater\/aquascaping\/af-rock\/#primaryimage"},"image":{"@id":"https:\/\/aquaforest.eu\/pl\/produkty\/seawater\/aquascaping\/af-rock\/#primaryimage"},"thumbnailUrl":"https:\/\/aquaforest.eu\/wp-content\/uploads\/2024\/06\/AF-Rock-10.png","datePublished":"2024-06-26T22:21:55+00:00","dateModified":"2026-05-04T13:37:29+00:00","description":"AF Rock firmy Aquaforest: naturalne i estetyczne ska\u0142y do aran\u017cacji akwari\u00f3w, kt\u00f3re tworz\u0105 stabilne i atrakcyjne \u015brodowisko dla koralowc\u00f3w i ryb. Naturalny i bezpieczny dla organizm\u00f3w morskich sk\u0142ad.","breadcrumb":{"@id":"https:\/\/aquaforest.eu\/pl\/produkty\/seawater\/aquascaping\/af-rock\/#breadcrumb"},"inLanguage":"pl-PL","potentialAction":[{"@type":"ReadAction","target":["https:\/\/aquaforest.eu\/pl\/produkty\/seawater\/aquascaping\/af-rock\/"]}]},{"@type":"ImageObject","inLanguage":"pl-PL","@id":"https:\/\/aquaforest.eu\/pl\/produkty\/seawater\/aquascaping\/af-rock\/#primaryimage","url":"https:\/\/aquaforest.eu\/wp-content\/uploads\/2024\/06\/AF-Rock-10.png","contentUrl":"https:\/\/aquaforest.eu\/wp-content\/uploads\/2024\/06\/AF-Rock-10.png","width":600,"height":600,"caption":"af rock product"},{"@type":"BreadcrumbList","@id":"https:\/\/aquaforest.eu\/pl\/produkty\/seawater\/aquascaping\/af-rock\/#breadcrumb","itemListElement":[{"@type":"ListItem","position":1,"name":"Home","item":"https:\/\/aquaforest.eu\/pl\/"},{"@type":"ListItem","position":2,"name":"Produkty","item":"https:\/\/aquaforest.eu\/pl\/produkty\/"},{"@type":"ListItem","position":3,"name":"AF Rock"}]},{"@type":"WebSite","@id":"https:\/\/aquaforest.eu\/pl\/#website","url":"https:\/\/aquaforest.eu\/pl\/","name":"Aquaforest","description":"","publisher":{"@id":"https:\/\/aquaforest.eu\/pl\/#organization"},"potentialAction":[{"@type":"SearchAction","target":{"@type":"EntryPoint","urlTemplate":"https:\/\/aquaforest.eu\/pl\/?s={search_term_string}"},"query-input":{"@type":"PropertyValueSpecification","valueRequired":true,"valueName":"search_term_string"}}],"inLanguage":"pl-PL"},{"@type":"Organization","@id":"https:\/\/aquaforest.eu\/pl\/#organization","name":"Aquaforest","url":"https:\/\/aquaforest.eu\/pl\/","logo":{"@type":"ImageObject","inLanguage":"pl-PL","@id":"https:\/\/aquaforest.eu\/pl\/#\/schema\/logo\/image\/","url":"https:\/\/aquaforest.eu\/wp-content\/uploads\/2024\/05\/logotyp-aquaforest.svg","contentUrl":"https:\/\/aquaforest.eu\/wp-content\/uploads\/2024\/05\/logotyp-aquaforest.svg","width":170,"height":22,"caption":"Aquaforest"},"image":{"@id":"https:\/\/aquaforest.eu\/pl\/#\/schema\/logo\/image\/"},"sameAs":["https:\/\/www.facebook.com\/Aquaforest\/","https:\/\/www.instagram.com\/aquaforest.eu\/"]}]}},"_links":{"self":[{"href":"https:\/\/aquaforest.eu\/pl\/wp-json\/wp\/v2\/product\/11488","targetHints":{"allow":["GET"]}}],"collection":[{"href":"https:\/\/aquaforest.eu\/pl\/wp-json\/wp\/v2\/product"}],"about":[{"href":"https:\/\/aquaforest.eu\/pl\/wp-json\/wp\/v2\/types\/product"}],"version-history":[{"count":1,"href":"https:\/\/aquaforest.eu\/pl\/wp-json\/wp\/v2\/product\/11488\/revisions"}],"predecessor-version":[{"id":31539,"href":"https:\/\/aquaforest.eu\/pl\/wp-json\/wp\/v2\/product\/11488\/revisions\/31539"}],"wp:featuredmedia":[{"embeddable":true,"href":"https:\/\/aquaforest.eu\/pl\/wp-json\/wp\/v2\/media\/11504"}],"wp:attachment":[{"href":"https:\/\/aquaforest.eu\/pl\/wp-json\/wp\/v2\/media?parent=11488"}],"wp:term":[{"taxonomy":"product_brand","embeddable":true,"href":"https:\/\/aquaforest.eu\/pl\/wp-json\/wp\/v2\/product_brand?post=11488"},{"taxonomy":"product_cat","embeddable":true,"href":"https:\/\/aquaforest.eu\/pl\/wp-json\/wp\/v2\/product_cat?post=11488"},{"taxonomy":"product_tag","embeddable":true,"href":"https:\/\/aquaforest.eu\/pl\/wp-json\/wp\/v2\/product_tag?post=11488"}],"curies":[{"name":"wp","href":"https:\/\/api.w.org\/{rel}","templated":true}]}}