{"id":11492,"date":"2024-06-27T00:21:57","date_gmt":"2024-06-26T22:21:57","guid":{"rendered":"https:\/\/aquaforest.eu\/products\/bez-kategorii\/hybrid-pro-salt\/"},"modified":"2026-01-29T15:57:28","modified_gmt":"2026-01-29T14:57:28","slug":"hybrid-pro-salt","status":"publish","type":"product","link":"https:\/\/aquaforest.eu\/pl\/produkty\/seawater\/sole-morskie\/hybrid-pro-salt\/","title":{"rendered":"Hybrid Pro Salt"},"content":{"rendered":"<h1 class=\"fusion-responsive-typography-calculated\" data-fontsize=\"22\" data-lineheight=\"27.5px\"><span style=\"color: #000000;\">Najbardziej zaawansowana formu\u0142a soli akwarystycznej<\/span><\/h1>\n<p><span style=\"font-weight: 400;\">Aquaforest Hybrid Pro Salt to najbardziej zaawansowana s\u00f3l morska stworzona do zastosowania w najbardziej wymagaj\u0105cych akwariach morskich. Wyj\u0105tkowa formu\u0142a sprawia, \u017ce jest to produkt unikalny na rynku akwarystycznym. Hybrid Pro Salt powsta\u0142 na skutek inspiracji, kt\u00f3ra pojawi\u0142a si\u0119 po wieloletnich obserwacjach zar\u00f3wno akwari\u00f3w prowadzonych na naturalnej wodzie morskiej, jak i tych korzystaj\u0105cych z czystej chemicznie soli laboratoryjnej. Nie da si\u0119 jednoznacznie okre\u015bli\u0107, kt\u00f3ra metoda jest \u201et\u0105 lepsz\u0105\u201d, dlatego postanowili\u015bmy po\u0142\u0105czy\u0107 atuty jednej i drugiej w jednym produkcie \u2014 Aquaforest Hybrid Pro Salt. <\/span><\/p>\n<p>&nbsp;<\/p>\n<p><span style=\"font-weight: 400;\">Hybrid Pro Salt to najbardziej zaawansowana formu\u0142a soli akwarystycznej, kt\u00f3ra \u0142\u0105czy w sobie to, co najlepsze z obu \u015bwiat\u00f3w. Z jednej strony, korzystamy z najczystszej chemicznie soli laboratoryjnej, kt\u00f3ra gwarantuje stabilno\u015b\u0107 i przewidywalno\u015b\u0107 parametr\u00f3w wody. Z drugiej strony, dodajemy do niej p\u0142atki naturalnej soli pozyskanej z najczystszych w\u00f3d Atlantyku, aby zapewni\u0107 bogactwo mikroelement\u00f3w. Na dodatek s\u00f3l wzbogacona zosta\u0142a o bakterie probiotyczne. Te korzystne mikroorganizmy dbaj\u0105 o czysto\u015b\u0107 wody, kontroluj\u0105 poziom azotan\u00f3w i fosforan\u00f3w, co wp\u0142ywa na zdrowy wzrost koralowc\u00f3w i ich odpowiednie wybarwianie. Jest to szczeg\u00f3lnie istotne w hodowli najbardziej wymagaj\u0105cych koralowc\u00f3w SPS. Warto zaznaczy\u0107, \u017ce Hybrid Pro Salt to znacznie wi\u0119cej ni\u017c tylko s\u00f3l. To kompleksowa formu\u0142a, kt\u00f3ra dostarcza koralowcom wszystko, czego potrzebuj\u0105 do prawid\u0142owego rozwoju. Zawiera mikro- i makroelementy w odpowiednich ilo\u015bciach, a tak\u017ce aminokwasy oraz wspieraj\u0105c\u0105 zdrowie i kondycj\u0119 podwodnej fauny \u2014 witamin\u0119 C. <\/span><\/p>\n<p>&nbsp;<\/p>\n<hr \/>\n<h4 data-fontsize=\"22\" data-lineheight=\"27.5px\"><\/h4>\n<h3 class=\"fusion-responsive-typography-calculated\" data-fontsize=\"22\" data-lineheight=\"27.5px\"><span style=\"color: #000000;\">Unikalna hybrydowa formu\u0142a soli opracowana przez specjalist\u00f3w<\/span><\/h3>\n<p><span style=\"font-weight: 400;\">Hybrid Pro Salt to efekt wieloletnich bada\u0144 i do\u015bwiadcze\u0144. Pobrali\u015bmy, a nast\u0119pnie przebadali\u015bmy, pr\u00f3bki wody z raf koralowych w Egipcie, Kenii, Indonezji i na Fid\u017ci. Dzi\u0119ki temu zyskali\u015bmy pewno\u015b\u0107, \u017ce parametry uzyskane po przygotowaniu solanki idealnie odpowiadaj\u0105 potrzebom nawet najbardziej wymagaj\u0105cych koralowc\u00f3w. W odr\u00f3\u017cnieniu od oceanu akwarium jest zamkni\u0119tym systemem, w kt\u00f3rym konsumpcja wybranych pierwiastk\u00f3w odbywa si\u0119 znacznie szybciej, dlatego zdecydowali\u015bmy si\u0119 na podniesienie poziom\u00f3w najcz\u0119\u015bciej konsumowanych mikroelement\u00f3w takich jak stront i jod. To wszystko, aby stworzy\u0107 formu\u0142\u0119, kt\u00f3ra codziennie b\u0119dzie wspiera\u0107 zdrowy rozw\u00f3j ryb i koralowc\u00f3w. <\/span><\/p>\n<p>&nbsp;<\/p>\n<p><img fetchpriority=\"high\" decoding=\"async\" class=\"alignnone wp-image-2818 size-full\" src=\"https:\/\/aquaforest.eu\/wp-content\/uploads\/2024\/06\/tabelka-nowe-sole-600x210-1.png\" alt=\"\" width=\"600\" height=\"210\" srcset=\"https:\/\/aquaforest.eu\/wp-content\/uploads\/2024\/06\/tabelka-nowe-sole-600x210-1.png 600w, https:\/\/aquaforest.eu\/wp-content\/uploads\/2024\/06\/tabelka-nowe-sole-600x210-1-300x105.png 300w\" sizes=\"(max-width: 600px) 100vw, 600px\" \/><\/p>\n<p>&nbsp;<\/p>\n<hr \/>\n<h4 data-fontsize=\"22\" data-lineheight=\"27.5px\"><\/h4>\n<h3 class=\"fusion-responsive-typography-calculated\" data-fontsize=\"22\" data-lineheight=\"27.5px\"><span style=\"color: #000000;\">Co sprawia, \u017ce Hybrid Pro Salt jest wyj\u0105tkowa?<\/span><\/h3>\n<ul>\n<li>Po\u0142\u0105czenie najczystszej chemicznie soli wyprodukowanej laboratoryjnie z p\u0142atkami naturalnej soli pozyskanej z najczystszych w\u00f3d Atlantyku<\/li>\n<li>Gwarancja zwi\u0119kszonej kontroli nad poziomami azotan\u00f3w i fosforan\u00f3w, dzi\u0119ki specjalnie wyselekcjonowanym szczepom bakterii probiotycznych<\/li>\n<li>Formu\u0142a dostarczaj\u0105ca mikro i makroelement\u00f3w, wzbogacona o najwy\u017cszej jako\u015bci aminokwasy i dodatek witamin, odpowiedzialnych za doskona\u0142\u0105 kondycj\u0119 koralowc\u00f3w<\/li>\n<\/ul>\n<p><span style=\"font-weight: 400;\">Decyduj\u0105c si\u0119 na produkty Aquaforest mo\u017cesz by\u0107 pewien, \u017ce wybrana s\u00f3l b\u0119dzie bezpieczna dla Twojego akwarium, a uzyskane parametry nie odbiegaj\u0105 od deklarowanych. Ka\u017cda partia soil Aquaforest Hybrid Pro Salt jest testowana w specjalistycznym laboratorium. Do\u015bwiadczony zesp\u00f3\u0142 laborant\u00f3w przeprowadza dok\u0142adn\u0105 analiz\u0119 na dw\u00f3ch spektrometrach ICP-OES. Jeden do badania zawarto\u015bci mikroelement\u00f3w, drugi do badania zawarto\u015bci makroelement\u00f3w. Wyniki tych bada\u0144 s\u0105 dost\u0119pne w internecie. <\/span><\/p>\n<h4><strong>Jak testowana jest nasza s\u00f3l?<\/strong><\/h4>\n<p><span style=\"font-weight: 400;\">Mieszamy nasz\u0105 s\u00f3l i pobieramy 3 pr\u00f3bki z ka\u017cdej 600 kilowej partii. Ka\u017cda z tych pr\u00f3bek jest rozpuszczana w 15 litrach wody RO. Nasz zesp\u00f3\u0142 sprawdza, czy sk\u0142ad jest jednolity i wyklucza niepo\u017c\u0105dane zanieczyszczenia za pomoc\u0105 analizy ICP-OES. Wiarygodno\u015b\u0107 wynik\u00f3w zapewniaj\u0105 dwa indywidualnie kalibrowane spektrometry najwy\u017cszej klasy. <\/span><\/p>\n<p><span style=\"font-weight: 400;\">Wyniki ka\u017cdej naszej partii soli s\u0105 od razu dost\u0119pne na naszej stronie, <\/span><a href=\"https:\/\/aquaforest.eu\/pl\/sprawdz-sol\/\"><span style=\"font-weight: 400;\">tutaj<\/span><\/a><span style=\"font-weight: 400;\">.<\/span><\/p>\n<p>&nbsp;<\/p>\n<hr \/>\n<p>&nbsp;<\/p>\n<h3><strong>Spos\u00f3b u\u017cycia soli Aquaforest Hybrid Pro Salt<\/strong><\/h3>\n<h3><span style=\"font-weight: 400; font-size: 16px;\">1. <\/span><span style=\"font-weight: 400; font-size: 16px;\">Zacznij od wody RODI, kt\u00f3ra powinna mie\u0107 temperatur\u0119 oko\u0142o 24\u00b0C (75\u00b0F).<\/span><\/h3>\n<h3><span style=\"font-weight: 400; font-size: 16px;\">2.<\/span><span style=\"font-weight: 400; font-size: 16px;\">Dla zasolenia 33 ppt (1,025 S.G.), dodaj oko\u0142o 390 g (13,75 oz.) soli do 10 l (2,7 US gal) wody. <\/span><\/h3>\n<p>3. Energicznie mieszaj przez oko\u0142o 15 minut, a\u017c s\u00f3l ca\u0142kowicie si\u0119 rozpu\u015bci i woda stanie si\u0119 klarowna.<\/p>\n<p><span style=\"font-weight: 400;\">4. Przed u\u017cyciem sprawd\u017a uzyskane zasolenie z pomoc\u0105 refraktometru. <\/span><\/p>\n<p>5. Gotowe! S\u0142ona woda jest gotowa do u\u017cycia.<\/p>\n<p>&nbsp;<\/p>\n<p><span style=\"font-weight: 400;\">Pami\u0119taj o przechowywaniu soli w suchym i ciemnym miejscu.<\/span><\/p>\n<p><span style=\"font-weight: 400;\">Po rozpuszczeniu s\u00f3l nale\u017cy zu\u017cy\u0107 w ci\u0105gu 3 dni.<\/span><\/p>\n<p><span style=\"font-weight: 400;\">Parowanie mo\u017ce zmieni\u0107 parametry wody, dlatego przechowuj \u015bwie\u017co zmieszan\u0105 s\u0142on\u0105 wod\u0119 w szczelnie zamkni\u0119tym pojemniku, je\u015bli nie u\u017cywasz jej od razu. <\/span><\/p>\n<p><span style=\"font-weight: 400;\">Je\u015bli przechowujesz s\u00f3l przez kilka dni, przed u\u017cyciem ponownie sprawd\u017a jej zasolenie.<\/span><\/p>\n<p><span style=\"font-weight: 400;\">Karta charakterystyki dost\u0119pna na \u017c\u0105danie<\/span><\/p>\n<p>&nbsp;<\/p>\n<hr \/>\n<p>&nbsp;<\/p>\n<p><strong>Warto wiedzie\u0107<\/strong><\/p>\n<ul>\n<li>W celu u\u0142atwienia namna\u017cania bakterii probiotycznych zalecamy utrzymanie dKH na poziomie 7.5-8.5. Wy\u017cszy lub ni\u017cszy poziom mo\u017ce obni\u017ca\u0107 aktywno\u015b\u0107 bakterii<\/li>\n<li>Przy zak\u0142adaniu nowych akwari\u00f3w pierwsze zwierz\u0119ta zalecamy wpuszcza\u0107 nie wcze\u015bniej ni\u017c po 10-14 dniach od zalania zbiornika<\/li>\n<\/ul>\n<p>&nbsp;<\/p>\n<hr \/>\n<p>&nbsp;<\/p>\n<p><strong>Zalecane zasolenie dla r\u00f3\u017cnych typ\u00f3w akwari\u00f3w:<\/strong><\/p>\n<p>&nbsp;<\/p>\n<p><img decoding=\"async\" class=\"alignnone wp-image-2819 size-full\" src=\"https:\/\/aquaforest.eu\/wp-content\/uploads\/2024\/06\/Hybrid-Pro-Salt_tabelka_1_709x200.png\" alt=\"\" width=\"709\" height=\"218\" srcset=\"https:\/\/aquaforest.eu\/wp-content\/uploads\/2024\/06\/Hybrid-Pro-Salt_tabelka_1_709x200.png 709w, https:\/\/aquaforest.eu\/wp-content\/uploads\/2024\/06\/Hybrid-Pro-Salt_tabelka_1_709x200-300x92.png 300w, https:\/\/aquaforest.eu\/wp-content\/uploads\/2024\/06\/Hybrid-Pro-Salt_tabelka_1_709x200-600x184.png 600w\" sizes=\"(max-width: 709px) 100vw, 709px\" \/><\/p>\n<p>&nbsp;<\/p>\n<hr \/>\n<p>&nbsp;<\/p>\n<p><strong>Poziomy mikro i makro element\u00f3w zale\u017c\u0105 od zasolenia:<\/strong><\/p>\n<p>&nbsp;<\/p>\n<p><img decoding=\"async\" class=\"alignnone wp-image-2820 size-full\" src=\"https:\/\/aquaforest.eu\/wp-content\/uploads\/2024\/06\/Hybrid-Pro-Salt_tabelka_2_709x200.png\" alt=\"\" width=\"709\" height=\"218\" srcset=\"https:\/\/aquaforest.eu\/wp-content\/uploads\/2024\/06\/Hybrid-Pro-Salt_tabelka_2_709x200.png 709w, https:\/\/aquaforest.eu\/wp-content\/uploads\/2024\/06\/Hybrid-Pro-Salt_tabelka_2_709x200-300x92.png 300w, https:\/\/aquaforest.eu\/wp-content\/uploads\/2024\/06\/Hybrid-Pro-Salt_tabelka_2_709x200-600x184.png 600w\" sizes=\"(max-width: 709px) 100vw, 709px\" \/><\/p>\n","protected":false},"excerpt":{"rendered":"<p>S\u00f3l wzbogacona probiotykami w celu obni\u017cenia poziomu sk\u0142adnik\u00f3w od\u017cywczych. Chemicznie czysta, wyprodukowana w laboratorium s\u00f3l z naturalnymi p\u0142atkami soli morskiej.<\/p>\n","protected":false},"featured_media":16858,"template":"","meta":{"_acf_changed":false,"content-type":""},"product_brand":[],"product_cat":[1153,1155],"product_tag":[967,1568,1105,1422],"class_list":{"0":"post-11492","1":"product","2":"type-product","3":"status-publish","4":"has-post-thumbnail","6":"product_cat-sole-morskie","7":"product_cat-metoda-probiotyczna","8":"product_tag-aquaforest-pl","9":"product_tag-seawater-aquatic-pl","10":"product_tag-sole-morskie","11":"product_tag-variable-pl","13":"first","14":"instock","15":"taxable","16":"shipping-taxable","17":"product-type-variable","18":"has-default-attributes"},"acf":[],"yoast_head":"<!-- This site is optimized with the Yoast SEO plugin v27.1.1 - https:\/\/yoast.com\/product\/yoast-seo-wordpress\/ -->\n<title>Hybrid Pro Salt - Aquaforest<\/title>\n<meta name=\"description\" content=\"Najbardziej zaawansowana formu\u0142a soli akwariowej: Hybrid Pro Salt \u0142\u0105czy w sobie zalety naturalnej wody morskiej i czystej soli laboratoryjnej. Wzbogacona o bakterie probiotyczne, zapewnia optymalne warunki dla nowoczesnych akwari\u00f3w i delikatnych organizm\u00f3w morskich.\" \/>\n<meta name=\"robots\" content=\"index, follow, max-snippet:-1, max-image-preview:large, max-video-preview:-1\" \/>\n<link rel=\"canonical\" href=\"https:\/\/aquaforest.eu\/pl\/produkty\/seawater\/sole-morskie\/hybrid-pro-salt\/\" \/>\n<meta property=\"og:locale\" content=\"pl_PL\" \/>\n<meta property=\"og:type\" content=\"article\" \/>\n<meta property=\"og:title\" content=\"Hybrid Pro Salt - Aquaforest\" \/>\n<meta property=\"og:description\" content=\"Najbardziej zaawansowana formu\u0142a soli akwariowej: Hybrid Pro Salt \u0142\u0105czy w sobie zalety naturalnej wody morskiej i czystej soli laboratoryjnej. Wzbogacona o bakterie probiotyczne, zapewnia optymalne warunki dla nowoczesnych akwari\u00f3w i delikatnych organizm\u00f3w morskich.\" \/>\n<meta property=\"og:url\" content=\"https:\/\/aquaforest.eu\/pl\/produkty\/seawater\/sole-morskie\/hybrid-pro-salt\/\" \/>\n<meta property=\"og:site_name\" content=\"Aquaforest\" \/>\n<meta property=\"article:publisher\" content=\"https:\/\/www.facebook.com\/Aquaforest\/\" \/>\n<meta property=\"article:modified_time\" content=\"2026-01-29T14:57:28+00:00\" \/>\n<meta property=\"og:image\" content=\"https:\/\/aquaforest.eu\/wp-content\/uploads\/2024\/06\/Hybrid-Pro-Salt-22kg.png\" \/>\n\t<meta property=\"og:image:width\" content=\"1800\" \/>\n\t<meta property=\"og:image:height\" content=\"1800\" \/>\n\t<meta property=\"og:image:type\" content=\"image\/png\" \/>\n<meta name=\"twitter:card\" content=\"summary_large_image\" \/>\n<meta name=\"twitter:label1\" content=\"Szacowany czas czytania\" \/>\n\t<meta name=\"twitter:data1\" content=\"4 minuty\" \/>\n<script type=\"application\/ld+json\" class=\"yoast-schema-graph\">{\"@context\":\"https:\/\/schema.org\",\"@graph\":[{\"@type\":\"WebPage\",\"@id\":\"https:\/\/aquaforest.eu\/pl\/produkty\/seawater\/sole-morskie\/hybrid-pro-salt\/\",\"url\":\"https:\/\/aquaforest.eu\/pl\/produkty\/seawater\/sole-morskie\/hybrid-pro-salt\/\",\"name\":\"Hybrid Pro Salt - Aquaforest\",\"isPartOf\":{\"@id\":\"https:\/\/aquaforest.eu\/pl\/#website\"},\"primaryImageOfPage\":{\"@id\":\"https:\/\/aquaforest.eu\/pl\/produkty\/seawater\/sole-morskie\/hybrid-pro-salt\/#primaryimage\"},\"image\":{\"@id\":\"https:\/\/aquaforest.eu\/pl\/produkty\/seawater\/sole-morskie\/hybrid-pro-salt\/#primaryimage\"},\"thumbnailUrl\":\"https:\/\/aquaforest.eu\/wp-content\/uploads\/2024\/06\/Hybrid-Pro-Salt-22kg.png\",\"datePublished\":\"2024-06-26T22:21:57+00:00\",\"dateModified\":\"2026-01-29T14:57:28+00:00\",\"description\":\"Najbardziej zaawansowana formu\u0142a soli akwariowej: Hybrid Pro Salt \u0142\u0105czy w sobie zalety naturalnej wody morskiej i czystej soli laboratoryjnej. Wzbogacona o bakterie probiotyczne, zapewnia optymalne warunki dla nowoczesnych akwari\u00f3w i delikatnych organizm\u00f3w morskich.\",\"breadcrumb\":{\"@id\":\"https:\/\/aquaforest.eu\/pl\/produkty\/seawater\/sole-morskie\/hybrid-pro-salt\/#breadcrumb\"},\"inLanguage\":\"pl-PL\",\"potentialAction\":[{\"@type\":\"ReadAction\",\"target\":[\"https:\/\/aquaforest.eu\/pl\/produkty\/seawater\/sole-morskie\/hybrid-pro-salt\/\"]}]},{\"@type\":\"ImageObject\",\"inLanguage\":\"pl-PL\",\"@id\":\"https:\/\/aquaforest.eu\/pl\/produkty\/seawater\/sole-morskie\/hybrid-pro-salt\/#primaryimage\",\"url\":\"https:\/\/aquaforest.eu\/wp-content\/uploads\/2024\/06\/Hybrid-Pro-Salt-22kg.png\",\"contentUrl\":\"https:\/\/aquaforest.eu\/wp-content\/uploads\/2024\/06\/Hybrid-Pro-Salt-22kg.png\",\"width\":1800,\"height\":1800},{\"@type\":\"BreadcrumbList\",\"@id\":\"https:\/\/aquaforest.eu\/pl\/produkty\/seawater\/sole-morskie\/hybrid-pro-salt\/#breadcrumb\",\"itemListElement\":[{\"@type\":\"ListItem\",\"position\":1,\"name\":\"Home\",\"item\":\"https:\/\/aquaforest.eu\/pl\/\"},{\"@type\":\"ListItem\",\"position\":2,\"name\":\"Produkty\",\"item\":\"https:\/\/aquaforest.eu\/pl\/produkty\/\"},{\"@type\":\"ListItem\",\"position\":3,\"name\":\"Hybrid Pro Salt\"}]},{\"@type\":\"WebSite\",\"@id\":\"https:\/\/aquaforest.eu\/pl\/#website\",\"url\":\"https:\/\/aquaforest.eu\/pl\/\",\"name\":\"Aquaforest\",\"description\":\"\",\"publisher\":{\"@id\":\"https:\/\/aquaforest.eu\/pl\/#organization\"},\"potentialAction\":[{\"@type\":\"SearchAction\",\"target\":{\"@type\":\"EntryPoint\",\"urlTemplate\":\"https:\/\/aquaforest.eu\/pl\/?s={search_term_string}\"},\"query-input\":{\"@type\":\"PropertyValueSpecification\",\"valueRequired\":true,\"valueName\":\"search_term_string\"}}],\"inLanguage\":\"pl-PL\"},{\"@type\":\"Organization\",\"@id\":\"https:\/\/aquaforest.eu\/pl\/#organization\",\"name\":\"Aquaforest\",\"url\":\"https:\/\/aquaforest.eu\/pl\/\",\"logo\":{\"@type\":\"ImageObject\",\"inLanguage\":\"pl-PL\",\"@id\":\"https:\/\/aquaforest.eu\/pl\/#\/schema\/logo\/image\/\",\"url\":\"https:\/\/aquaforest.eu\/wp-content\/uploads\/2024\/05\/logotyp-aquaforest.svg\",\"contentUrl\":\"https:\/\/aquaforest.eu\/wp-content\/uploads\/2024\/05\/logotyp-aquaforest.svg\",\"width\":170,\"height\":22,\"caption\":\"Aquaforest\"},\"image\":{\"@id\":\"https:\/\/aquaforest.eu\/pl\/#\/schema\/logo\/image\/\"},\"sameAs\":[\"https:\/\/www.facebook.com\/Aquaforest\/\",\"https:\/\/www.instagram.com\/aquaforest.eu\/\"]}]}<\/script>\n<!-- \/ Yoast SEO plugin. -->","yoast_head_json":{"title":"Hybrid Pro Salt - Aquaforest","description":"Najbardziej zaawansowana formu\u0142a soli akwariowej: Hybrid Pro Salt \u0142\u0105czy w sobie zalety naturalnej wody morskiej i czystej soli laboratoryjnej. Wzbogacona o bakterie probiotyczne, zapewnia optymalne warunki dla nowoczesnych akwari\u00f3w i delikatnych organizm\u00f3w morskich.","robots":{"index":"index","follow":"follow","max-snippet":"max-snippet:-1","max-image-preview":"max-image-preview:large","max-video-preview":"max-video-preview:-1"},"canonical":"https:\/\/aquaforest.eu\/pl\/produkty\/seawater\/sole-morskie\/hybrid-pro-salt\/","og_locale":"pl_PL","og_type":"article","og_title":"Hybrid Pro Salt - Aquaforest","og_description":"Najbardziej zaawansowana formu\u0142a soli akwariowej: Hybrid Pro Salt \u0142\u0105czy w sobie zalety naturalnej wody morskiej i czystej soli laboratoryjnej. Wzbogacona o bakterie probiotyczne, zapewnia optymalne warunki dla nowoczesnych akwari\u00f3w i delikatnych organizm\u00f3w morskich.","og_url":"https:\/\/aquaforest.eu\/pl\/produkty\/seawater\/sole-morskie\/hybrid-pro-salt\/","og_site_name":"Aquaforest","article_publisher":"https:\/\/www.facebook.com\/Aquaforest\/","article_modified_time":"2026-01-29T14:57:28+00:00","og_image":[{"width":1800,"height":1800,"url":"https:\/\/aquaforest.eu\/wp-content\/uploads\/2024\/06\/Hybrid-Pro-Salt-22kg.png","type":"image\/png"}],"twitter_card":"summary_large_image","twitter_misc":{"Szacowany czas czytania":"4 minuty"},"schema":{"@context":"https:\/\/schema.org","@graph":[{"@type":"WebPage","@id":"https:\/\/aquaforest.eu\/pl\/produkty\/seawater\/sole-morskie\/hybrid-pro-salt\/","url":"https:\/\/aquaforest.eu\/pl\/produkty\/seawater\/sole-morskie\/hybrid-pro-salt\/","name":"Hybrid Pro Salt - Aquaforest","isPartOf":{"@id":"https:\/\/aquaforest.eu\/pl\/#website"},"primaryImageOfPage":{"@id":"https:\/\/aquaforest.eu\/pl\/produkty\/seawater\/sole-morskie\/hybrid-pro-salt\/#primaryimage"},"image":{"@id":"https:\/\/aquaforest.eu\/pl\/produkty\/seawater\/sole-morskie\/hybrid-pro-salt\/#primaryimage"},"thumbnailUrl":"https:\/\/aquaforest.eu\/wp-content\/uploads\/2024\/06\/Hybrid-Pro-Salt-22kg.png","datePublished":"2024-06-26T22:21:57+00:00","dateModified":"2026-01-29T14:57:28+00:00","description":"Najbardziej zaawansowana formu\u0142a soli akwariowej: Hybrid Pro Salt \u0142\u0105czy w sobie zalety naturalnej wody morskiej i czystej soli laboratoryjnej. Wzbogacona o bakterie probiotyczne, zapewnia optymalne warunki dla nowoczesnych akwari\u00f3w i delikatnych organizm\u00f3w morskich.","breadcrumb":{"@id":"https:\/\/aquaforest.eu\/pl\/produkty\/seawater\/sole-morskie\/hybrid-pro-salt\/#breadcrumb"},"inLanguage":"pl-PL","potentialAction":[{"@type":"ReadAction","target":["https:\/\/aquaforest.eu\/pl\/produkty\/seawater\/sole-morskie\/hybrid-pro-salt\/"]}]},{"@type":"ImageObject","inLanguage":"pl-PL","@id":"https:\/\/aquaforest.eu\/pl\/produkty\/seawater\/sole-morskie\/hybrid-pro-salt\/#primaryimage","url":"https:\/\/aquaforest.eu\/wp-content\/uploads\/2024\/06\/Hybrid-Pro-Salt-22kg.png","contentUrl":"https:\/\/aquaforest.eu\/wp-content\/uploads\/2024\/06\/Hybrid-Pro-Salt-22kg.png","width":1800,"height":1800},{"@type":"BreadcrumbList","@id":"https:\/\/aquaforest.eu\/pl\/produkty\/seawater\/sole-morskie\/hybrid-pro-salt\/#breadcrumb","itemListElement":[{"@type":"ListItem","position":1,"name":"Home","item":"https:\/\/aquaforest.eu\/pl\/"},{"@type":"ListItem","position":2,"name":"Produkty","item":"https:\/\/aquaforest.eu\/pl\/produkty\/"},{"@type":"ListItem","position":3,"name":"Hybrid Pro Salt"}]},{"@type":"WebSite","@id":"https:\/\/aquaforest.eu\/pl\/#website","url":"https:\/\/aquaforest.eu\/pl\/","name":"Aquaforest","description":"","publisher":{"@id":"https:\/\/aquaforest.eu\/pl\/#organization"},"potentialAction":[{"@type":"SearchAction","target":{"@type":"EntryPoint","urlTemplate":"https:\/\/aquaforest.eu\/pl\/?s={search_term_string}"},"query-input":{"@type":"PropertyValueSpecification","valueRequired":true,"valueName":"search_term_string"}}],"inLanguage":"pl-PL"},{"@type":"Organization","@id":"https:\/\/aquaforest.eu\/pl\/#organization","name":"Aquaforest","url":"https:\/\/aquaforest.eu\/pl\/","logo":{"@type":"ImageObject","inLanguage":"pl-PL","@id":"https:\/\/aquaforest.eu\/pl\/#\/schema\/logo\/image\/","url":"https:\/\/aquaforest.eu\/wp-content\/uploads\/2024\/05\/logotyp-aquaforest.svg","contentUrl":"https:\/\/aquaforest.eu\/wp-content\/uploads\/2024\/05\/logotyp-aquaforest.svg","width":170,"height":22,"caption":"Aquaforest"},"image":{"@id":"https:\/\/aquaforest.eu\/pl\/#\/schema\/logo\/image\/"},"sameAs":["https:\/\/www.facebook.com\/Aquaforest\/","https:\/\/www.instagram.com\/aquaforest.eu\/"]}]}},"_links":{"self":[{"href":"https:\/\/aquaforest.eu\/pl\/wp-json\/wp\/v2\/product\/11492","targetHints":{"allow":["GET"]}}],"collection":[{"href":"https:\/\/aquaforest.eu\/pl\/wp-json\/wp\/v2\/product"}],"about":[{"href":"https:\/\/aquaforest.eu\/pl\/wp-json\/wp\/v2\/types\/product"}],"version-history":[{"count":6,"href":"https:\/\/aquaforest.eu\/pl\/wp-json\/wp\/v2\/product\/11492\/revisions"}],"predecessor-version":[{"id":28398,"href":"https:\/\/aquaforest.eu\/pl\/wp-json\/wp\/v2\/product\/11492\/revisions\/28398"}],"wp:featuredmedia":[{"embeddable":true,"href":"https:\/\/aquaforest.eu\/pl\/wp-json\/wp\/v2\/media\/16858"}],"wp:attachment":[{"href":"https:\/\/aquaforest.eu\/pl\/wp-json\/wp\/v2\/media?parent=11492"}],"wp:term":[{"taxonomy":"product_brand","embeddable":true,"href":"https:\/\/aquaforest.eu\/pl\/wp-json\/wp\/v2\/product_brand?post=11492"},{"taxonomy":"product_cat","embeddable":true,"href":"https:\/\/aquaforest.eu\/pl\/wp-json\/wp\/v2\/product_cat?post=11492"},{"taxonomy":"product_tag","embeddable":true,"href":"https:\/\/aquaforest.eu\/pl\/wp-json\/wp\/v2\/product_tag?post=11492"}],"curies":[{"name":"wp","href":"https:\/\/api.w.org\/{rel}","templated":true}]}}