{"id":11499,"date":"2024-06-27T00:21:56","date_gmt":"2024-06-26T22:21:56","guid":{"rendered":"https:\/\/aquaforest.eu\/products\/bez-kategorii\/liquid-vege\/"},"modified":"2024-11-13T08:34:04","modified_gmt":"2024-11-13T07:34:04","slug":"liquid-vege","status":"publish","type":"product","link":"https:\/\/aquaforest.eu\/pl\/produkty\/seawater\/pokarmy-i-suplementacja\/liquid-vege\/","title":{"rendered":"Liquid Vege"},"content":{"rendered":"<p><span style=\"color: #000000;\">Liquid Vege to <b>ro\u015blinny pokarm z naturalnych sk\u0142adnik\u00f3w najwy\u017cszej jako\u015bci<\/b>, ten produkt to doskona\u0142y wyb\u00f3r dla akwariowych wegetarian. Jego <b>kompozycja oparta<\/b> jest g\u0142\u00f3wnie <b>na szpinaku i algach nori<\/b> stanowi niezr\u00f3wnane \u017ar\u00f3d\u0142o sk\u0142adnik\u00f3w od\u017cywczych.<\/span><br \/>\n<span style=\"color: #000000;\">Szpinak, jako g\u0142\u00f3wne <b>\u017ar\u00f3d\u0142o beta-karotenu oraz witamin (K, C, B1, B2, PP, B6, E, kwas foliowy)<\/b>, to naturalna bomba witaminowa. Dzia\u0142a nie tylko jako smaczna przek\u0105ska, ale r\u00f3wnie\u017c <b>wspiera zdrowy rozw\u00f3j<\/b> oraz og\u00f3ln\u0105 kondycj\u0119 ryb.<\/span><br \/>\n<span style=\"color: #000000;\">Algi nori, b\u0119d\u0105ce integraln\u0105 cz\u0119\u015bci\u0105 tej kompozycji, <b>dostarczaj\u0105 nie tylko unikalnego smaku, ale tak\u017ce istotnych sk\u0142adnik\u00f3w mineralnych, takich jak wap\u0144, magnez, fosfor, \u017celazo, potas, i jod<\/b>. Te pierwiastki s\u0105 niezb\u0119dne dla prawid\u0142owego funkcjonowania ryb i utrzymania ich zdrowia.<\/span><br \/>\n<span style=\"color: #000000;\"><b>Stworzony na bazie wieloletniego do\u015bwiadczenia akwaryst\u00f3w<\/b>, ten pokarm ro\u015blinny zosta\u0142 starannie opracowany, aby sprosta\u0107 potrzebom ryb akwariowych na ka\u017cdym etapie ich \u017cycia. Bogata formu\u0142a pokarmu skutecznie uzupe\u0142nia diet\u0119, co wp\u0142ywa na lepsze samopoczucie i aktywno\u015b\u0107 ryb.<\/span><br \/>\n<span style=\"color: #000000;\">Jednak to nie wszystko, co sprawia, \u017ce ten pokarm wyr\u00f3\u017cnia si\u0119 na tle innych. Pokarm nie wymaga rozmra\u017cania, a jego p\u0142ynna forma sprawia, \u017ce jest zawsze gotowy do u\u017cycia, oszcz\u0119dzaj\u0105c cenny czas podczas karmienia ryb. To praktyczne rozwi\u0105zanie, kt\u00f3re nie tylko u\u0142atwia proces karmienia, ale tak\u017ce <b>zachowuje pe\u0142ni\u0119 warto\u015bci od\u017cywczych<\/b> tego wyj\u0105tkowego pokarmu ro\u015blinnego.<\/span><br \/>\n<span style=\"color: #000000;\">W rezultacie, ten pokarm ten to nie tylko smaczne urozmaicenie diety ryb akwariowych, ale tak\u017ce kluczowy element dba\u0142o\u015bci o ich zdrowie i dobre samopoczucie.<\/span><\/p>\n<p>&nbsp;<\/p>\n<hr \/>\n<p>&nbsp;<\/p>\n<p><span style=\"color: #000000;\"><strong>Co sprawia, \u017ce ten produkt jest wyj\u0105tkowy:<\/strong><\/span><\/p>\n<ul>\n<li><span style=\"color: #000000;\">Ro\u015blinny pokarm z naturalnych sk\u0142adnik\u00f3w najwy\u017cszej jako\u015bci.<\/span><\/li>\n<li><span style=\"color: #000000;\">Szpinak jako doskona\u0142e \u017ar\u00f3d\u0142o beta-karotenu i witamin (K, C, B1, B2, PP, B6, E, kwas foliowy).<\/span><\/li>\n<li><span style=\"color: #000000;\">Algi nori dostarczaj\u0105 sk\u0142adniki mineralne: wap\u0144, magnez, fosfor, \u017celazo, potas, i jod.<\/span><\/li>\n<li><span style=\"color: #000000;\">Stworzony na bazie wieloletniego do\u015bwiadczenia akwaryst\u00f3w.<\/span><\/li>\n<li><span style=\"color: #000000;\">Bogata formu\u0142a pokarmu uzupe\u0142nia diet\u0119.<\/span><\/li>\n<li><span style=\"color: #000000;\">Nie wymaga rozmra\u017cania, w odr\u00f3\u017cnieniu od innych pokarm\u00f3w ro\u015blinnych.<br \/>\n<\/span><\/li>\n<\/ul>\n<p>&nbsp;<\/p>\n<hr \/>\n<h4 data-fontsize=\"16\" data-lineheight=\"24px\"><\/h4>\n<h4 class=\"fusion-tab-heading fusion-responsive-typography-calculated\" data-fontsize=\"16\" data-lineheight=\"24px\"><span style=\"color: #000000;\">Sk\u0142adniki i dawkowanie<\/span><\/h4>\n<p><span style=\"color: #000000;\"><strong>Dawkowanie:<\/strong> Podawa\u0107 w ma\u0142ych porcjach raz dziennie. Dobrze wstrz\u0105sn\u0105\u0107 przed u\u017cyciem. <\/span><span style=\"color: #000000;\">Po otwarciu przechowywa\u0107 w lod\u00f3wce. Pokarmy p\u0142ynne Aquaforest stanowi\u0105 doskona\u0142\u0105 alternatyw\u0119 dla pokarm\u00f3w mro\u017conych i powinny by\u0107 podawane w podobnych ilo\u015bciach. <\/span><span style=\"color: #000000;\">Wa\u017cne jest, aby ustali\u0107 dawkowanie w oparciu o potrzeby akwarium. <\/span><\/p>\n<p><span style=\"color: #000000;\"><strong>Sk\u0142ad:<\/strong> Szpinak, algi morskie, woda, s\u00f3l, przeciwutleniacz.<\/span><\/p>\n","protected":false},"excerpt":{"rendered":"<p>Pokarm ro\u015blinny wyprodukowany z najwy\u017cszej jako\u015bci naturalnych sk\u0142adnik\u00f3w, oparty na szpinaku i algach nori.<\/p>\n","protected":false},"featured_media":11509,"template":"","meta":{"_acf_changed":false,"content-type":""},"product_brand":[],"product_cat":[1151],"product_tag":[967,1569,1568,1421],"class_list":{"0":"post-11499","1":"product","2":"type-product","3":"status-publish","4":"has-post-thumbnail","6":"product_cat-pokarmy-i-suplementacja","7":"product_tag-aquaforest-pl","8":"product_tag-foods-and-supplementation-pl","9":"product_tag-seawater-aquatic-pl","10":"product_tag-simple-pl","12":"first","13":"instock","14":"taxable","15":"shipping-taxable","16":"purchasable","17":"product-type-simple"},"acf":[],"yoast_head":"<!-- This site is optimized with the Yoast SEO plugin v27.1.1 - https:\/\/yoast.com\/product\/yoast-seo-wordpress\/ -->\n<title>Liquid Vege - Aquaforest<\/title>\n<meta name=\"description\" content=\"Liquid Vege firmy Aquaforest: skoncentrowany naw\u00f3z dla ro\u015blin wodnych, wspomagaj\u0105cy ich zdrowy wzrost i intensywne wybarwienie. Zawiera niezb\u0119dne mikroelementy i witaminy.\" \/>\n<meta name=\"robots\" content=\"index, follow, max-snippet:-1, max-image-preview:large, max-video-preview:-1\" \/>\n<link rel=\"canonical\" href=\"https:\/\/aquaforest.eu\/pl\/produkty\/seawater\/pokarmy-i-suplementacja\/liquid-vege\/\" \/>\n<meta property=\"og:locale\" content=\"pl_PL\" \/>\n<meta property=\"og:type\" content=\"article\" \/>\n<meta property=\"og:title\" content=\"Liquid Vege - Aquaforest\" \/>\n<meta property=\"og:description\" content=\"Liquid Vege firmy Aquaforest: skoncentrowany naw\u00f3z dla ro\u015blin wodnych, wspomagaj\u0105cy ich zdrowy wzrost i intensywne wybarwienie. Zawiera niezb\u0119dne mikroelementy i witaminy.\" \/>\n<meta property=\"og:url\" content=\"https:\/\/aquaforest.eu\/pl\/produkty\/seawater\/pokarmy-i-suplementacja\/liquid-vege\/\" \/>\n<meta property=\"og:site_name\" content=\"Aquaforest\" \/>\n<meta property=\"article:publisher\" content=\"https:\/\/www.facebook.com\/Aquaforest\/\" \/>\n<meta property=\"article:modified_time\" content=\"2024-11-13T07:34:04+00:00\" \/>\n<meta property=\"og:image\" content=\"https:\/\/aquaforest.eu\/wp-content\/uploads\/2024\/06\/Liquid-Vege.png\" \/>\n\t<meta property=\"og:image:width\" content=\"238\" \/>\n\t<meta property=\"og:image:height\" content=\"600\" \/>\n\t<meta property=\"og:image:type\" content=\"image\/png\" \/>\n<meta name=\"twitter:card\" content=\"summary_large_image\" \/>\n<meta name=\"twitter:label1\" content=\"Szacowany czas czytania\" \/>\n\t<meta name=\"twitter:data1\" content=\"2 minuty\" \/>\n<script type=\"application\/ld+json\" class=\"yoast-schema-graph\">{\"@context\":\"https:\/\/schema.org\",\"@graph\":[{\"@type\":\"WebPage\",\"@id\":\"https:\/\/aquaforest.eu\/pl\/produkty\/seawater\/pokarmy-i-suplementacja\/liquid-vege\/\",\"url\":\"https:\/\/aquaforest.eu\/pl\/produkty\/seawater\/pokarmy-i-suplementacja\/liquid-vege\/\",\"name\":\"Liquid Vege - Aquaforest\",\"isPartOf\":{\"@id\":\"https:\/\/aquaforest.eu\/pl\/#website\"},\"primaryImageOfPage\":{\"@id\":\"https:\/\/aquaforest.eu\/pl\/produkty\/seawater\/pokarmy-i-suplementacja\/liquid-vege\/#primaryimage\"},\"image\":{\"@id\":\"https:\/\/aquaforest.eu\/pl\/produkty\/seawater\/pokarmy-i-suplementacja\/liquid-vege\/#primaryimage\"},\"thumbnailUrl\":\"https:\/\/aquaforest.eu\/wp-content\/uploads\/2024\/06\/Liquid-Vege.png\",\"datePublished\":\"2024-06-26T22:21:56+00:00\",\"dateModified\":\"2024-11-13T07:34:04+00:00\",\"description\":\"Liquid Vege firmy Aquaforest: skoncentrowany naw\u00f3z dla ro\u015blin wodnych, wspomagaj\u0105cy ich zdrowy wzrost i intensywne wybarwienie. Zawiera niezb\u0119dne mikroelementy i witaminy.\",\"breadcrumb\":{\"@id\":\"https:\/\/aquaforest.eu\/pl\/produkty\/seawater\/pokarmy-i-suplementacja\/liquid-vege\/#breadcrumb\"},\"inLanguage\":\"pl-PL\",\"potentialAction\":[{\"@type\":\"ReadAction\",\"target\":[\"https:\/\/aquaforest.eu\/pl\/produkty\/seawater\/pokarmy-i-suplementacja\/liquid-vege\/\"]}]},{\"@type\":\"ImageObject\",\"inLanguage\":\"pl-PL\",\"@id\":\"https:\/\/aquaforest.eu\/pl\/produkty\/seawater\/pokarmy-i-suplementacja\/liquid-vege\/#primaryimage\",\"url\":\"https:\/\/aquaforest.eu\/wp-content\/uploads\/2024\/06\/Liquid-Vege.png\",\"contentUrl\":\"https:\/\/aquaforest.eu\/wp-content\/uploads\/2024\/06\/Liquid-Vege.png\",\"width\":238,\"height\":600},{\"@type\":\"BreadcrumbList\",\"@id\":\"https:\/\/aquaforest.eu\/pl\/produkty\/seawater\/pokarmy-i-suplementacja\/liquid-vege\/#breadcrumb\",\"itemListElement\":[{\"@type\":\"ListItem\",\"position\":1,\"name\":\"Home\",\"item\":\"https:\/\/aquaforest.eu\/pl\/\"},{\"@type\":\"ListItem\",\"position\":2,\"name\":\"Produkty\",\"item\":\"https:\/\/aquaforest.eu\/pl\/produkty\/\"},{\"@type\":\"ListItem\",\"position\":3,\"name\":\"Liquid Vege\"}]},{\"@type\":\"WebSite\",\"@id\":\"https:\/\/aquaforest.eu\/pl\/#website\",\"url\":\"https:\/\/aquaforest.eu\/pl\/\",\"name\":\"Aquaforest\",\"description\":\"\",\"publisher\":{\"@id\":\"https:\/\/aquaforest.eu\/pl\/#organization\"},\"potentialAction\":[{\"@type\":\"SearchAction\",\"target\":{\"@type\":\"EntryPoint\",\"urlTemplate\":\"https:\/\/aquaforest.eu\/pl\/?s={search_term_string}\"},\"query-input\":{\"@type\":\"PropertyValueSpecification\",\"valueRequired\":true,\"valueName\":\"search_term_string\"}}],\"inLanguage\":\"pl-PL\"},{\"@type\":\"Organization\",\"@id\":\"https:\/\/aquaforest.eu\/pl\/#organization\",\"name\":\"Aquaforest\",\"url\":\"https:\/\/aquaforest.eu\/pl\/\",\"logo\":{\"@type\":\"ImageObject\",\"inLanguage\":\"pl-PL\",\"@id\":\"https:\/\/aquaforest.eu\/pl\/#\/schema\/logo\/image\/\",\"url\":\"https:\/\/aquaforest.eu\/wp-content\/uploads\/2024\/05\/logotyp-aquaforest.svg\",\"contentUrl\":\"https:\/\/aquaforest.eu\/wp-content\/uploads\/2024\/05\/logotyp-aquaforest.svg\",\"width\":170,\"height\":22,\"caption\":\"Aquaforest\"},\"image\":{\"@id\":\"https:\/\/aquaforest.eu\/pl\/#\/schema\/logo\/image\/\"},\"sameAs\":[\"https:\/\/www.facebook.com\/Aquaforest\/\",\"https:\/\/www.instagram.com\/aquaforest.eu\/\"]}]}<\/script>\n<!-- \/ Yoast SEO plugin. -->","yoast_head_json":{"title":"Liquid Vege - Aquaforest","description":"Liquid Vege firmy Aquaforest: skoncentrowany naw\u00f3z dla ro\u015blin wodnych, wspomagaj\u0105cy ich zdrowy wzrost i intensywne wybarwienie. Zawiera niezb\u0119dne mikroelementy i witaminy.","robots":{"index":"index","follow":"follow","max-snippet":"max-snippet:-1","max-image-preview":"max-image-preview:large","max-video-preview":"max-video-preview:-1"},"canonical":"https:\/\/aquaforest.eu\/pl\/produkty\/seawater\/pokarmy-i-suplementacja\/liquid-vege\/","og_locale":"pl_PL","og_type":"article","og_title":"Liquid Vege - Aquaforest","og_description":"Liquid Vege firmy Aquaforest: skoncentrowany naw\u00f3z dla ro\u015blin wodnych, wspomagaj\u0105cy ich zdrowy wzrost i intensywne wybarwienie. Zawiera niezb\u0119dne mikroelementy i witaminy.","og_url":"https:\/\/aquaforest.eu\/pl\/produkty\/seawater\/pokarmy-i-suplementacja\/liquid-vege\/","og_site_name":"Aquaforest","article_publisher":"https:\/\/www.facebook.com\/Aquaforest\/","article_modified_time":"2024-11-13T07:34:04+00:00","og_image":[{"width":238,"height":600,"url":"https:\/\/aquaforest.eu\/wp-content\/uploads\/2024\/06\/Liquid-Vege.png","type":"image\/png"}],"twitter_card":"summary_large_image","twitter_misc":{"Szacowany czas czytania":"2 minuty"},"schema":{"@context":"https:\/\/schema.org","@graph":[{"@type":"WebPage","@id":"https:\/\/aquaforest.eu\/pl\/produkty\/seawater\/pokarmy-i-suplementacja\/liquid-vege\/","url":"https:\/\/aquaforest.eu\/pl\/produkty\/seawater\/pokarmy-i-suplementacja\/liquid-vege\/","name":"Liquid Vege - Aquaforest","isPartOf":{"@id":"https:\/\/aquaforest.eu\/pl\/#website"},"primaryImageOfPage":{"@id":"https:\/\/aquaforest.eu\/pl\/produkty\/seawater\/pokarmy-i-suplementacja\/liquid-vege\/#primaryimage"},"image":{"@id":"https:\/\/aquaforest.eu\/pl\/produkty\/seawater\/pokarmy-i-suplementacja\/liquid-vege\/#primaryimage"},"thumbnailUrl":"https:\/\/aquaforest.eu\/wp-content\/uploads\/2024\/06\/Liquid-Vege.png","datePublished":"2024-06-26T22:21:56+00:00","dateModified":"2024-11-13T07:34:04+00:00","description":"Liquid Vege firmy Aquaforest: skoncentrowany naw\u00f3z dla ro\u015blin wodnych, wspomagaj\u0105cy ich zdrowy wzrost i intensywne wybarwienie. Zawiera niezb\u0119dne mikroelementy i witaminy.","breadcrumb":{"@id":"https:\/\/aquaforest.eu\/pl\/produkty\/seawater\/pokarmy-i-suplementacja\/liquid-vege\/#breadcrumb"},"inLanguage":"pl-PL","potentialAction":[{"@type":"ReadAction","target":["https:\/\/aquaforest.eu\/pl\/produkty\/seawater\/pokarmy-i-suplementacja\/liquid-vege\/"]}]},{"@type":"ImageObject","inLanguage":"pl-PL","@id":"https:\/\/aquaforest.eu\/pl\/produkty\/seawater\/pokarmy-i-suplementacja\/liquid-vege\/#primaryimage","url":"https:\/\/aquaforest.eu\/wp-content\/uploads\/2024\/06\/Liquid-Vege.png","contentUrl":"https:\/\/aquaforest.eu\/wp-content\/uploads\/2024\/06\/Liquid-Vege.png","width":238,"height":600},{"@type":"BreadcrumbList","@id":"https:\/\/aquaforest.eu\/pl\/produkty\/seawater\/pokarmy-i-suplementacja\/liquid-vege\/#breadcrumb","itemListElement":[{"@type":"ListItem","position":1,"name":"Home","item":"https:\/\/aquaforest.eu\/pl\/"},{"@type":"ListItem","position":2,"name":"Produkty","item":"https:\/\/aquaforest.eu\/pl\/produkty\/"},{"@type":"ListItem","position":3,"name":"Liquid Vege"}]},{"@type":"WebSite","@id":"https:\/\/aquaforest.eu\/pl\/#website","url":"https:\/\/aquaforest.eu\/pl\/","name":"Aquaforest","description":"","publisher":{"@id":"https:\/\/aquaforest.eu\/pl\/#organization"},"potentialAction":[{"@type":"SearchAction","target":{"@type":"EntryPoint","urlTemplate":"https:\/\/aquaforest.eu\/pl\/?s={search_term_string}"},"query-input":{"@type":"PropertyValueSpecification","valueRequired":true,"valueName":"search_term_string"}}],"inLanguage":"pl-PL"},{"@type":"Organization","@id":"https:\/\/aquaforest.eu\/pl\/#organization","name":"Aquaforest","url":"https:\/\/aquaforest.eu\/pl\/","logo":{"@type":"ImageObject","inLanguage":"pl-PL","@id":"https:\/\/aquaforest.eu\/pl\/#\/schema\/logo\/image\/","url":"https:\/\/aquaforest.eu\/wp-content\/uploads\/2024\/05\/logotyp-aquaforest.svg","contentUrl":"https:\/\/aquaforest.eu\/wp-content\/uploads\/2024\/05\/logotyp-aquaforest.svg","width":170,"height":22,"caption":"Aquaforest"},"image":{"@id":"https:\/\/aquaforest.eu\/pl\/#\/schema\/logo\/image\/"},"sameAs":["https:\/\/www.facebook.com\/Aquaforest\/","https:\/\/www.instagram.com\/aquaforest.eu\/"]}]}},"_links":{"self":[{"href":"https:\/\/aquaforest.eu\/pl\/wp-json\/wp\/v2\/product\/11499","targetHints":{"allow":["GET"]}}],"collection":[{"href":"https:\/\/aquaforest.eu\/pl\/wp-json\/wp\/v2\/product"}],"about":[{"href":"https:\/\/aquaforest.eu\/pl\/wp-json\/wp\/v2\/types\/product"}],"version-history":[{"count":0,"href":"https:\/\/aquaforest.eu\/pl\/wp-json\/wp\/v2\/product\/11499\/revisions"}],"wp:featuredmedia":[{"embeddable":true,"href":"https:\/\/aquaforest.eu\/pl\/wp-json\/wp\/v2\/media\/11509"}],"wp:attachment":[{"href":"https:\/\/aquaforest.eu\/pl\/wp-json\/wp\/v2\/media?parent=11499"}],"wp:term":[{"taxonomy":"product_brand","embeddable":true,"href":"https:\/\/aquaforest.eu\/pl\/wp-json\/wp\/v2\/product_brand?post=11499"},{"taxonomy":"product_cat","embeddable":true,"href":"https:\/\/aquaforest.eu\/pl\/wp-json\/wp\/v2\/product_cat?post=11499"},{"taxonomy":"product_tag","embeddable":true,"href":"https:\/\/aquaforest.eu\/pl\/wp-json\/wp\/v2\/product_tag?post=11499"}],"curies":[{"name":"wp","href":"https:\/\/api.w.org\/{rel}","templated":true}]}}