{"id":11501,"date":"2024-06-26T02:18:25","date_gmt":"2024-06-26T00:18:25","guid":{"rendered":"https:\/\/aquaforest.eu\/products\/bez-kategorii\/srodki-do-oczyszczania-powietrza-af\/"},"modified":"2026-05-04T15:50:16","modified_gmt":"2026-05-04T13:50:16","slug":"af-air-scrubber-media","status":"publish","type":"product","link":"https:\/\/aquaforest.eu\/pl\/produkty\/seawater\/parametry-wody\/af-air-scrubber-media\/","title":{"rendered":"AF Air Scrubber Media"},"content":{"rendered":"<p>Pe\u0142ne wra\u017cliwych organizm\u00f3w akwaria morskie do zdrowego rozwoju potrzebuj\u0105 przede wszystkim stabilnych parametr\u00f3w. Codzienne wahania poziomu dwutlenku w\u0119gla (CO2) w powietrzu spowodowane oddychaniem, zwierz\u0119tami domowymi i gotowaniem mog\u0105 wp\u0142ywa\u0107 na pH akwarium. Im wy\u017csze st\u0119\u017cenie CO2 w powietrzu dostaj\u0105cym si\u0119 do odpieniacza, tym wi\u0119ksze zakwaszenie wody, co cz\u0119sto skutkuje spadkiem pH, niestabilnym dKH i znacznym spowolnieniem kalcyfikacji koralowc\u00f3w. Z biegiem czasu mo\u017ce to prowadzi\u0107 do stresu koralowc\u00f3w, a nawet ich \u015bmierci. Do prawid\u0142owego rozwoju koralowce wymagaj\u0105 stabilnego pH w zakresie 8,1-8,4.<\/p>\n<hr \/>\n<p>Kiedy \u015bwiat\u0142a s\u0105 w\u0142\u0105czone, zachodzi proces fotosyntezy, kt\u00f3ra pomaga ustabilizowa\u0107 pH akwarium. W nocy pH spada wraz ze wzrostem zapotrzebowania na tlen. Jest to szczeg\u00f3lnie widoczne w okresie jesienno-zimowym, kiedy okna s\u0105 cz\u0119sto zamkni\u0119te, a pomieszczenia s\u0142abiej wentylowane. To idealny czas, aby zacz\u0105\u0107 u\u017cywa\u0107 Aquaforest Air Scrubber Medium do utrzymania stabilnego akwarium rafowego.<\/p>\n<hr \/>\n<p>AF Air Scrubber Medium pomaga zapobiega\u0107 szkodliwym wahaniom parametr\u00f3w spowodowanym niskim pH wody. Medium ma form\u0119 bia\u0142ego, suchego pelletu. Szczelnie wype\u0142nia komor\u0119 filtra, jednocze\u015bnie pozwalaj\u0105c na niezak\u0142\u00f3cony przep\u0142yw powietrza. Dzi\u0119ki temu wykazuje doskona\u0142e w\u0142a\u015bciwo\u015bci absorpcyjne dwutlenku w\u0119gla. U\u017cywany i wymieniany regularnie, jest gwarancj\u0105 odpowiedniego odczynu pH w naszym akwarium.<\/p>\n<hr \/>\n<p>Wed\u0142ug naszych test\u00f3w Aquaforest Air Scrubber Medium mo\u017ce podnie\u015b\u0107 pH o ~0,2 \u2013 0,4 stopnia i jego stabilizacj\u0119 w zakresie 8,0 \u2013 8,4. Zalecamy u\u017cywanie Aquaforest Air Scrubber Medium razem z filtrem Aquaforest Air Scrubber. Taka konfiguracja zapewnia najskuteczniejsze usuwanie CO2 z powietrza zasysanego przez odpieniacz. Wk\u0142ad zmienia kolor stopniowo, dzi\u0119ki czemu z \u0142atwo\u015bci\u0105 mo\u017cna okre\u015bli\u0107, kiedy nale\u017cy go wymieni\u0107. Zalecamy wymian\u0119 wk\u0142adu przed ca\u0142kowit\u0105 zmian\u0105 koloru. Medium przeznaczone jest do jednorazowego u\u017cytku, nie mo\u017cna go regenerowa\u0107 i ponownie wykorzysta\u0107. Nasycenie dwutlenkiem w\u0119gla mo\u017cna rozpozna\u0107 po kolorze peletu. Gdy wk\u0142ad zmienia kolor na fioletowy, oznacza to, \u017ce wch\u0142ania dwutlenek w\u0119gla. Tylko oryginalne wk\u0142ady filtruj\u0105ce CO2 zapewniaj\u0105 ich nieprzerwan\u0105 prac\u0119 i najwy\u017csz\u0105 wydajno\u015b\u0107. W celu uzyskania optymalnej i d\u0142ugotrwa\u0142ej filtracji zaleca si\u0119 stosowanie AF Air Scrubber Medium wraz z dedykowanym filtrem AF Air Scrubber.<br \/>\nProdukt wy\u0142\u0105cznie do u\u017cytku w akwarium.. Przechowywa\u0107 szczelnie zamkni\u0119ty w suchym i ch\u0142odnym miejscu. Trzyma\u0107 z dala od dzieci.<\/p>\n<hr \/>\n<h3><strong>Kluczowe cechy<\/strong><\/h3>\n<ul>\n<li>Doskona\u0142e w\u0142a\u015bciwo\u015bci poch\u0142aniania CO2<\/li>\n<li>Skutecznie podnosi poziom pH<\/li>\n<li>Wspomaga kondycj\u0119 i wzrost koralowc\u00f3w<\/li>\n<li>Zapobiega wahaniom pH w akwarium ze s\u0142on\u0105 wod\u0105<\/li>\n<li>Wska\u017anik stopnia zu\u017cycia<\/li>\n<li>\u0141atwy w u\u017cyciu<\/li>\n<li>Produkt najwy\u017cszej jako\u015bci, ca\u0142kowicie bezpieczny dla ryb i koralowc\u00f3w<\/li>\n<\/ul>\n<hr \/>\n<h3><strong>Wa\u017cne<\/strong><\/h3>\n<p>pH wody zmienia si\u0119 w rytmie dobowym, dlatego pomiar\u00f3w nale\u017cy zawsze dokonywa\u0107 o tej samej porze dnia<br \/>\nJe\u015bli zu\u017cyte medium pozostanie w reaktorze zbyt d\u0142ugo, mo\u017ce ponownie zmieni\u0107 kolor, ale nie b\u0119dzie ju\u017c skuteczne w usuwaniu CO2<br \/>\nWymieniaj\u0105c medium najlepiej za\u0142o\u017cy\u0107 r\u0119kawiczki i robi\u0107 to w dobrze wentylowanym pomieszczeniu<br \/>\nAF Air Scrubber Media mo\u017ce by\u0107 stosowany razem z Carbon<\/p>\n","protected":false},"excerpt":{"rendered":"<p>\u015arodek podnosz\u0105cy poziom pH. Pomaga zapobiega\u0107 szkodliwym wahaniom parametr\u00f3w spowodowanym niskim pH wody.<\/p>\n","protected":false},"featured_media":11737,"template":"","meta":{"_acf_changed":false,"content-type":""},"product_brand":[],"product_cat":[1157],"product_tag":[967,1096,1568,1421],"class_list":{"0":"post-11501","1":"product","2":"type-product","3":"status-publish","4":"has-post-thumbnail","6":"product_cat-parametry-wody","7":"product_tag-aquaforest-pl","8":"product_tag-chemia-wody","9":"product_tag-seawater-aquatic-pl","10":"product_tag-simple-pl","12":"first","13":"instock","14":"taxable","15":"shipping-taxable","16":"purchasable","17":"product-type-simple"},"acf":[],"yoast_head":"<!-- This site is optimized with the Yoast SEO plugin v27.1.1 - https:\/\/yoast.com\/product\/yoast-seo-wordpress\/ -->\n<title>AF Air Scrubber Media - Aquaforest<\/title>\n<meta name=\"description\" content=\"AF Air Scrubber Media: Skuteczne medium filtracyjne do stosowania w celu podniesienia pH wody.\" \/>\n<meta name=\"robots\" content=\"index, follow, max-snippet:-1, max-image-preview:large, max-video-preview:-1\" \/>\n<link rel=\"canonical\" href=\"https:\/\/aquaforest.eu\/pl\/produkty\/seawater\/parametry-wody\/af-air-scrubber-media\/\" \/>\n<meta property=\"og:locale\" content=\"pl_PL\" \/>\n<meta property=\"og:type\" content=\"article\" \/>\n<meta property=\"og:title\" content=\"AF Air Scrubber Media - Aquaforest\" \/>\n<meta property=\"og:description\" content=\"AF Air Scrubber Media: Skuteczne medium filtracyjne do stosowania w celu podniesienia pH wody.\" \/>\n<meta property=\"og:url\" content=\"https:\/\/aquaforest.eu\/pl\/produkty\/seawater\/parametry-wody\/af-air-scrubber-media\/\" \/>\n<meta property=\"og:site_name\" content=\"Aquaforest\" \/>\n<meta property=\"article:publisher\" content=\"https:\/\/www.facebook.com\/Aquaforest\/\" \/>\n<meta property=\"article:modified_time\" content=\"2026-05-04T13:50:16+00:00\" \/>\n<meta property=\"og:image\" content=\"https:\/\/aquaforest.eu\/wp-content\/uploads\/2024\/06\/AF-Air-Scrubber-Media.png\" \/>\n\t<meta property=\"og:image:width\" content=\"452\" \/>\n\t<meta property=\"og:image:height\" content=\"600\" \/>\n\t<meta property=\"og:image:type\" content=\"image\/png\" \/>\n<meta name=\"twitter:card\" content=\"summary_large_image\" \/>\n<meta name=\"twitter:label1\" content=\"Szacowany czas czytania\" \/>\n\t<meta name=\"twitter:data1\" content=\"3 minuty\" \/>\n<script type=\"application\/ld+json\" class=\"yoast-schema-graph\">{\"@context\":\"https:\/\/schema.org\",\"@graph\":[{\"@type\":\"WebPage\",\"@id\":\"https:\/\/aquaforest.eu\/pl\/produkty\/seawater\/parametry-wody\/af-air-scrubber-media\/\",\"url\":\"https:\/\/aquaforest.eu\/pl\/produkty\/seawater\/parametry-wody\/af-air-scrubber-media\/\",\"name\":\"AF Air Scrubber Media - Aquaforest\",\"isPartOf\":{\"@id\":\"https:\/\/aquaforest.eu\/pl\/#website\"},\"primaryImageOfPage\":{\"@id\":\"https:\/\/aquaforest.eu\/pl\/produkty\/seawater\/parametry-wody\/af-air-scrubber-media\/#primaryimage\"},\"image\":{\"@id\":\"https:\/\/aquaforest.eu\/pl\/produkty\/seawater\/parametry-wody\/af-air-scrubber-media\/#primaryimage\"},\"thumbnailUrl\":\"https:\/\/aquaforest.eu\/wp-content\/uploads\/2024\/06\/AF-Air-Scrubber-Media.png\",\"datePublished\":\"2024-06-26T00:18:25+00:00\",\"dateModified\":\"2026-05-04T13:50:16+00:00\",\"description\":\"AF Air Scrubber Media: Skuteczne medium filtracyjne do stosowania w celu podniesienia pH wody.\",\"breadcrumb\":{\"@id\":\"https:\/\/aquaforest.eu\/pl\/produkty\/seawater\/parametry-wody\/af-air-scrubber-media\/#breadcrumb\"},\"inLanguage\":\"pl-PL\",\"potentialAction\":[{\"@type\":\"ReadAction\",\"target\":[\"https:\/\/aquaforest.eu\/pl\/produkty\/seawater\/parametry-wody\/af-air-scrubber-media\/\"]}]},{\"@type\":\"ImageObject\",\"inLanguage\":\"pl-PL\",\"@id\":\"https:\/\/aquaforest.eu\/pl\/produkty\/seawater\/parametry-wody\/af-air-scrubber-media\/#primaryimage\",\"url\":\"https:\/\/aquaforest.eu\/wp-content\/uploads\/2024\/06\/AF-Air-Scrubber-Media.png\",\"contentUrl\":\"https:\/\/aquaforest.eu\/wp-content\/uploads\/2024\/06\/AF-Air-Scrubber-Media.png\",\"width\":452,\"height\":600},{\"@type\":\"BreadcrumbList\",\"@id\":\"https:\/\/aquaforest.eu\/pl\/produkty\/seawater\/parametry-wody\/af-air-scrubber-media\/#breadcrumb\",\"itemListElement\":[{\"@type\":\"ListItem\",\"position\":1,\"name\":\"Home\",\"item\":\"https:\/\/aquaforest.eu\/pl\/\"},{\"@type\":\"ListItem\",\"position\":2,\"name\":\"Produkty\",\"item\":\"https:\/\/aquaforest.eu\/pl\/produkty\/\"},{\"@type\":\"ListItem\",\"position\":3,\"name\":\"AF Air Scrubber Media\"}]},{\"@type\":\"WebSite\",\"@id\":\"https:\/\/aquaforest.eu\/pl\/#website\",\"url\":\"https:\/\/aquaforest.eu\/pl\/\",\"name\":\"Aquaforest\",\"description\":\"\",\"publisher\":{\"@id\":\"https:\/\/aquaforest.eu\/pl\/#organization\"},\"potentialAction\":[{\"@type\":\"SearchAction\",\"target\":{\"@type\":\"EntryPoint\",\"urlTemplate\":\"https:\/\/aquaforest.eu\/pl\/?s={search_term_string}\"},\"query-input\":{\"@type\":\"PropertyValueSpecification\",\"valueRequired\":true,\"valueName\":\"search_term_string\"}}],\"inLanguage\":\"pl-PL\"},{\"@type\":\"Organization\",\"@id\":\"https:\/\/aquaforest.eu\/pl\/#organization\",\"name\":\"Aquaforest\",\"url\":\"https:\/\/aquaforest.eu\/pl\/\",\"logo\":{\"@type\":\"ImageObject\",\"inLanguage\":\"pl-PL\",\"@id\":\"https:\/\/aquaforest.eu\/pl\/#\/schema\/logo\/image\/\",\"url\":\"https:\/\/aquaforest.eu\/wp-content\/uploads\/2024\/05\/logotyp-aquaforest.svg\",\"contentUrl\":\"https:\/\/aquaforest.eu\/wp-content\/uploads\/2024\/05\/logotyp-aquaforest.svg\",\"width\":170,\"height\":22,\"caption\":\"Aquaforest\"},\"image\":{\"@id\":\"https:\/\/aquaforest.eu\/pl\/#\/schema\/logo\/image\/\"},\"sameAs\":[\"https:\/\/www.facebook.com\/Aquaforest\/\",\"https:\/\/www.instagram.com\/aquaforest.eu\/\"]}]}<\/script>\n<!-- \/ Yoast SEO plugin. -->","yoast_head_json":{"title":"AF Air Scrubber Media - Aquaforest","description":"AF Air Scrubber Media: Skuteczne medium filtracyjne do stosowania w celu podniesienia pH wody.","robots":{"index":"index","follow":"follow","max-snippet":"max-snippet:-1","max-image-preview":"max-image-preview:large","max-video-preview":"max-video-preview:-1"},"canonical":"https:\/\/aquaforest.eu\/pl\/produkty\/seawater\/parametry-wody\/af-air-scrubber-media\/","og_locale":"pl_PL","og_type":"article","og_title":"AF Air Scrubber Media - Aquaforest","og_description":"AF Air Scrubber Media: Skuteczne medium filtracyjne do stosowania w celu podniesienia pH wody.","og_url":"https:\/\/aquaforest.eu\/pl\/produkty\/seawater\/parametry-wody\/af-air-scrubber-media\/","og_site_name":"Aquaforest","article_publisher":"https:\/\/www.facebook.com\/Aquaforest\/","article_modified_time":"2026-05-04T13:50:16+00:00","og_image":[{"width":452,"height":600,"url":"https:\/\/aquaforest.eu\/wp-content\/uploads\/2024\/06\/AF-Air-Scrubber-Media.png","type":"image\/png"}],"twitter_card":"summary_large_image","twitter_misc":{"Szacowany czas czytania":"3 minuty"},"schema":{"@context":"https:\/\/schema.org","@graph":[{"@type":"WebPage","@id":"https:\/\/aquaforest.eu\/pl\/produkty\/seawater\/parametry-wody\/af-air-scrubber-media\/","url":"https:\/\/aquaforest.eu\/pl\/produkty\/seawater\/parametry-wody\/af-air-scrubber-media\/","name":"AF Air Scrubber Media - Aquaforest","isPartOf":{"@id":"https:\/\/aquaforest.eu\/pl\/#website"},"primaryImageOfPage":{"@id":"https:\/\/aquaforest.eu\/pl\/produkty\/seawater\/parametry-wody\/af-air-scrubber-media\/#primaryimage"},"image":{"@id":"https:\/\/aquaforest.eu\/pl\/produkty\/seawater\/parametry-wody\/af-air-scrubber-media\/#primaryimage"},"thumbnailUrl":"https:\/\/aquaforest.eu\/wp-content\/uploads\/2024\/06\/AF-Air-Scrubber-Media.png","datePublished":"2024-06-26T00:18:25+00:00","dateModified":"2026-05-04T13:50:16+00:00","description":"AF Air Scrubber Media: Skuteczne medium filtracyjne do stosowania w celu podniesienia pH wody.","breadcrumb":{"@id":"https:\/\/aquaforest.eu\/pl\/produkty\/seawater\/parametry-wody\/af-air-scrubber-media\/#breadcrumb"},"inLanguage":"pl-PL","potentialAction":[{"@type":"ReadAction","target":["https:\/\/aquaforest.eu\/pl\/produkty\/seawater\/parametry-wody\/af-air-scrubber-media\/"]}]},{"@type":"ImageObject","inLanguage":"pl-PL","@id":"https:\/\/aquaforest.eu\/pl\/produkty\/seawater\/parametry-wody\/af-air-scrubber-media\/#primaryimage","url":"https:\/\/aquaforest.eu\/wp-content\/uploads\/2024\/06\/AF-Air-Scrubber-Media.png","contentUrl":"https:\/\/aquaforest.eu\/wp-content\/uploads\/2024\/06\/AF-Air-Scrubber-Media.png","width":452,"height":600},{"@type":"BreadcrumbList","@id":"https:\/\/aquaforest.eu\/pl\/produkty\/seawater\/parametry-wody\/af-air-scrubber-media\/#breadcrumb","itemListElement":[{"@type":"ListItem","position":1,"name":"Home","item":"https:\/\/aquaforest.eu\/pl\/"},{"@type":"ListItem","position":2,"name":"Produkty","item":"https:\/\/aquaforest.eu\/pl\/produkty\/"},{"@type":"ListItem","position":3,"name":"AF Air Scrubber Media"}]},{"@type":"WebSite","@id":"https:\/\/aquaforest.eu\/pl\/#website","url":"https:\/\/aquaforest.eu\/pl\/","name":"Aquaforest","description":"","publisher":{"@id":"https:\/\/aquaforest.eu\/pl\/#organization"},"potentialAction":[{"@type":"SearchAction","target":{"@type":"EntryPoint","urlTemplate":"https:\/\/aquaforest.eu\/pl\/?s={search_term_string}"},"query-input":{"@type":"PropertyValueSpecification","valueRequired":true,"valueName":"search_term_string"}}],"inLanguage":"pl-PL"},{"@type":"Organization","@id":"https:\/\/aquaforest.eu\/pl\/#organization","name":"Aquaforest","url":"https:\/\/aquaforest.eu\/pl\/","logo":{"@type":"ImageObject","inLanguage":"pl-PL","@id":"https:\/\/aquaforest.eu\/pl\/#\/schema\/logo\/image\/","url":"https:\/\/aquaforest.eu\/wp-content\/uploads\/2024\/05\/logotyp-aquaforest.svg","contentUrl":"https:\/\/aquaforest.eu\/wp-content\/uploads\/2024\/05\/logotyp-aquaforest.svg","width":170,"height":22,"caption":"Aquaforest"},"image":{"@id":"https:\/\/aquaforest.eu\/pl\/#\/schema\/logo\/image\/"},"sameAs":["https:\/\/www.facebook.com\/Aquaforest\/","https:\/\/www.instagram.com\/aquaforest.eu\/"]}]}},"_links":{"self":[{"href":"https:\/\/aquaforest.eu\/pl\/wp-json\/wp\/v2\/product\/11501","targetHints":{"allow":["GET"]}}],"collection":[{"href":"https:\/\/aquaforest.eu\/pl\/wp-json\/wp\/v2\/product"}],"about":[{"href":"https:\/\/aquaforest.eu\/pl\/wp-json\/wp\/v2\/types\/product"}],"version-history":[{"count":1,"href":"https:\/\/aquaforest.eu\/pl\/wp-json\/wp\/v2\/product\/11501\/revisions"}],"predecessor-version":[{"id":31550,"href":"https:\/\/aquaforest.eu\/pl\/wp-json\/wp\/v2\/product\/11501\/revisions\/31550"}],"wp:featuredmedia":[{"embeddable":true,"href":"https:\/\/aquaforest.eu\/pl\/wp-json\/wp\/v2\/media\/11737"}],"wp:attachment":[{"href":"https:\/\/aquaforest.eu\/pl\/wp-json\/wp\/v2\/media?parent=11501"}],"wp:term":[{"taxonomy":"product_brand","embeddable":true,"href":"https:\/\/aquaforest.eu\/pl\/wp-json\/wp\/v2\/product_brand?post=11501"},{"taxonomy":"product_cat","embeddable":true,"href":"https:\/\/aquaforest.eu\/pl\/wp-json\/wp\/v2\/product_cat?post=11501"},{"taxonomy":"product_tag","embeddable":true,"href":"https:\/\/aquaforest.eu\/pl\/wp-json\/wp\/v2\/product_tag?post=11501"}],"curies":[{"name":"wp","href":"https:\/\/api.w.org\/{rel}","templated":true}]}}