{"id":11524,"date":"2024-06-26T02:18:24","date_gmt":"2024-06-26T00:18:24","guid":{"rendered":"https:\/\/aquaforest.eu\/products\/bez-kategorii\/fluor\/"},"modified":"2024-10-23T01:06:03","modified_gmt":"2024-10-22T23:06:03","slug":"fluorine","status":"publish","type":"product","link":"https:\/\/aquaforest.eu\/pl\/produkty\/seawater\/parametry-wody\/fluorine\/","title":{"rendered":"Fluorine"},"content":{"rendered":"<p>Suplement zawieraj\u0105cy wysoko skoncentrowany fluor. Fluor jest jednym z g\u0142\u00f3wnych mikroelement\u00f3w zawartych w wodzie morskiej. W zamkni\u0119tym systemie akwariowym odpieniacz i media filtracyjne usuwaj\u0105 z wody pok\u0142ady fluoru, dlatego konieczna jest jego suplementacja. Fluor uczestniczy w procesie kalcyfikacji oraz wspomaga budow\u0119 tkanki szkieletowej. Fluorek sodu i fluorek wapnia s\u0105 budulcami szkielet\u00f3w koralowc\u00f3w, dlatego suplementacja fluoru jest w akwarium rafowym konieczna. Dzi\u0119ki zr\u00f3wnowa\u017conej suplementacji fluoru mo\u017cna skutecznie wzmocni\u0107 niebieskie i bia\u0142e wybarwienie koralowc\u00f3w SPS, a tak\u017ce podkre\u015bli\u0107 fluorescencj\u0119 wi\u0119kszo\u015bci koralowc\u00f3w. Zawiera \u015bladowe ilo\u015bci potasu i jodu.<\/p>\n<p>&nbsp;<\/p>\n<hr \/>\n<p><strong>Dozowanie<\/strong>: 1 kropla na 100 l wody dziennie. 1 ml Fluorine (~15 kropli) w 100 l wody podnosi poziom fluoru o 0,06 ppm i jodu o 0,015 mg\/l (ppm). Nale\u017cy pami\u0119ta\u0107, \u017ce ka\u017cde akwarium jest inne, a dawkowanie jest zale\u017cne od obsady koralowc\u00f3w i indywidualnego zapotrzebowania. Zalecany poziom fluoru w akwarium rafowym to oko\u0142o 1.3 mg\/l (ppm).<\/p>\n","protected":false},"excerpt":{"rendered":"<p>Zr\u00f3wnowa\u017cona suplementacja fluorem skutecznie wzmacnia niebieskie i bia\u0142e ubarwienie koralowc\u00f3w SPS.<\/p>\n","protected":false},"featured_media":11521,"template":"","meta":{"_acf_changed":false,"content-type":""},"product_brand":[],"product_cat":[1157],"product_tag":[967,1096,1568,1421],"class_list":{"0":"post-11524","1":"product","2":"type-product","3":"status-publish","4":"has-post-thumbnail","6":"product_cat-parametry-wody","7":"product_tag-aquaforest-pl","8":"product_tag-chemia-wody","9":"product_tag-seawater-aquatic-pl","10":"product_tag-simple-pl","12":"first","13":"instock","14":"taxable","15":"shipping-taxable","16":"purchasable","17":"product-type-simple"},"acf":[],"yoast_head":"<!-- This site is optimized with the Yoast SEO plugin v27.1.1 - https:\/\/yoast.com\/product\/yoast-seo-wordpress\/ -->\n<title>Fluorine - Aquaforest<\/title>\n<meta name=\"description\" content=\"Fluorine by Aquaforest: unikalny preparat podnosz\u0105cy poziom fluoru w akwarium, wspieraj\u0105cy zdrowie koralowc\u00f3w i intensywne kolory. Niezawodna formu\u0142a zapewniaj\u0105ca optymalne warunki wodne.\" \/>\n<meta name=\"robots\" content=\"index, follow, max-snippet:-1, max-image-preview:large, max-video-preview:-1\" \/>\n<link rel=\"canonical\" href=\"https:\/\/aquaforest.eu\/pl\/produkty\/seawater\/parametry-wody\/fluorine\/\" \/>\n<meta property=\"og:locale\" content=\"pl_PL\" \/>\n<meta property=\"og:type\" content=\"article\" \/>\n<meta property=\"og:title\" content=\"Fluorine - Aquaforest\" \/>\n<meta property=\"og:description\" content=\"Fluorine by Aquaforest: unikalny preparat podnosz\u0105cy poziom fluoru w akwarium, wspieraj\u0105cy zdrowie koralowc\u00f3w i intensywne kolory. Niezawodna formu\u0142a zapewniaj\u0105ca optymalne warunki wodne.\" \/>\n<meta property=\"og:url\" content=\"https:\/\/aquaforest.eu\/pl\/produkty\/seawater\/parametry-wody\/fluorine\/\" \/>\n<meta property=\"og:site_name\" content=\"Aquaforest\" \/>\n<meta property=\"article:publisher\" content=\"https:\/\/www.facebook.com\/Aquaforest\/\" \/>\n<meta property=\"article:modified_time\" content=\"2024-10-22T23:06:03+00:00\" \/>\n<meta property=\"og:image\" content=\"https:\/\/aquaforest.eu\/wp-content\/uploads\/2024\/06\/Fluorine.png\" \/>\n\t<meta property=\"og:image:width\" content=\"323\" \/>\n\t<meta property=\"og:image:height\" content=\"600\" \/>\n\t<meta property=\"og:image:type\" content=\"image\/png\" \/>\n<meta name=\"twitter:card\" content=\"summary_large_image\" \/>\n<meta name=\"twitter:label1\" content=\"Szacowany czas czytania\" \/>\n\t<meta name=\"twitter:data1\" content=\"1 minuta\" \/>\n<script type=\"application\/ld+json\" class=\"yoast-schema-graph\">{\"@context\":\"https:\/\/schema.org\",\"@graph\":[{\"@type\":\"WebPage\",\"@id\":\"https:\/\/aquaforest.eu\/pl\/produkty\/seawater\/parametry-wody\/fluorine\/\",\"url\":\"https:\/\/aquaforest.eu\/pl\/produkty\/seawater\/parametry-wody\/fluorine\/\",\"name\":\"Fluorine - Aquaforest\",\"isPartOf\":{\"@id\":\"https:\/\/aquaforest.eu\/pl\/#website\"},\"primaryImageOfPage\":{\"@id\":\"https:\/\/aquaforest.eu\/pl\/produkty\/seawater\/parametry-wody\/fluorine\/#primaryimage\"},\"image\":{\"@id\":\"https:\/\/aquaforest.eu\/pl\/produkty\/seawater\/parametry-wody\/fluorine\/#primaryimage\"},\"thumbnailUrl\":\"https:\/\/aquaforest.eu\/wp-content\/uploads\/2024\/06\/Fluorine.png\",\"datePublished\":\"2024-06-26T00:18:24+00:00\",\"dateModified\":\"2024-10-22T23:06:03+00:00\",\"description\":\"Fluorine by Aquaforest: unikalny preparat podnosz\u0105cy poziom fluoru w akwarium, wspieraj\u0105cy zdrowie koralowc\u00f3w i intensywne kolory. Niezawodna formu\u0142a zapewniaj\u0105ca optymalne warunki wodne.\",\"breadcrumb\":{\"@id\":\"https:\/\/aquaforest.eu\/pl\/produkty\/seawater\/parametry-wody\/fluorine\/#breadcrumb\"},\"inLanguage\":\"pl-PL\",\"potentialAction\":[{\"@type\":\"ReadAction\",\"target\":[\"https:\/\/aquaforest.eu\/pl\/produkty\/seawater\/parametry-wody\/fluorine\/\"]}]},{\"@type\":\"ImageObject\",\"inLanguage\":\"pl-PL\",\"@id\":\"https:\/\/aquaforest.eu\/pl\/produkty\/seawater\/parametry-wody\/fluorine\/#primaryimage\",\"url\":\"https:\/\/aquaforest.eu\/wp-content\/uploads\/2024\/06\/Fluorine.png\",\"contentUrl\":\"https:\/\/aquaforest.eu\/wp-content\/uploads\/2024\/06\/Fluorine.png\",\"width\":323,\"height\":600},{\"@type\":\"BreadcrumbList\",\"@id\":\"https:\/\/aquaforest.eu\/pl\/produkty\/seawater\/parametry-wody\/fluorine\/#breadcrumb\",\"itemListElement\":[{\"@type\":\"ListItem\",\"position\":1,\"name\":\"Home\",\"item\":\"https:\/\/aquaforest.eu\/pl\/\"},{\"@type\":\"ListItem\",\"position\":2,\"name\":\"Produkty\",\"item\":\"https:\/\/aquaforest.eu\/pl\/produkty\/\"},{\"@type\":\"ListItem\",\"position\":3,\"name\":\"Fluorine\"}]},{\"@type\":\"WebSite\",\"@id\":\"https:\/\/aquaforest.eu\/pl\/#website\",\"url\":\"https:\/\/aquaforest.eu\/pl\/\",\"name\":\"Aquaforest\",\"description\":\"\",\"publisher\":{\"@id\":\"https:\/\/aquaforest.eu\/pl\/#organization\"},\"potentialAction\":[{\"@type\":\"SearchAction\",\"target\":{\"@type\":\"EntryPoint\",\"urlTemplate\":\"https:\/\/aquaforest.eu\/pl\/?s={search_term_string}\"},\"query-input\":{\"@type\":\"PropertyValueSpecification\",\"valueRequired\":true,\"valueName\":\"search_term_string\"}}],\"inLanguage\":\"pl-PL\"},{\"@type\":\"Organization\",\"@id\":\"https:\/\/aquaforest.eu\/pl\/#organization\",\"name\":\"Aquaforest\",\"url\":\"https:\/\/aquaforest.eu\/pl\/\",\"logo\":{\"@type\":\"ImageObject\",\"inLanguage\":\"pl-PL\",\"@id\":\"https:\/\/aquaforest.eu\/pl\/#\/schema\/logo\/image\/\",\"url\":\"https:\/\/aquaforest.eu\/wp-content\/uploads\/2024\/05\/logotyp-aquaforest.svg\",\"contentUrl\":\"https:\/\/aquaforest.eu\/wp-content\/uploads\/2024\/05\/logotyp-aquaforest.svg\",\"width\":170,\"height\":22,\"caption\":\"Aquaforest\"},\"image\":{\"@id\":\"https:\/\/aquaforest.eu\/pl\/#\/schema\/logo\/image\/\"},\"sameAs\":[\"https:\/\/www.facebook.com\/Aquaforest\/\",\"https:\/\/www.instagram.com\/aquaforest.eu\/\"]}]}<\/script>\n<!-- \/ Yoast SEO plugin. -->","yoast_head_json":{"title":"Fluorine - Aquaforest","description":"Fluorine by Aquaforest: unikalny preparat podnosz\u0105cy poziom fluoru w akwarium, wspieraj\u0105cy zdrowie koralowc\u00f3w i intensywne kolory. Niezawodna formu\u0142a zapewniaj\u0105ca optymalne warunki wodne.","robots":{"index":"index","follow":"follow","max-snippet":"max-snippet:-1","max-image-preview":"max-image-preview:large","max-video-preview":"max-video-preview:-1"},"canonical":"https:\/\/aquaforest.eu\/pl\/produkty\/seawater\/parametry-wody\/fluorine\/","og_locale":"pl_PL","og_type":"article","og_title":"Fluorine - Aquaforest","og_description":"Fluorine by Aquaforest: unikalny preparat podnosz\u0105cy poziom fluoru w akwarium, wspieraj\u0105cy zdrowie koralowc\u00f3w i intensywne kolory. Niezawodna formu\u0142a zapewniaj\u0105ca optymalne warunki wodne.","og_url":"https:\/\/aquaforest.eu\/pl\/produkty\/seawater\/parametry-wody\/fluorine\/","og_site_name":"Aquaforest","article_publisher":"https:\/\/www.facebook.com\/Aquaforest\/","article_modified_time":"2024-10-22T23:06:03+00:00","og_image":[{"width":323,"height":600,"url":"https:\/\/aquaforest.eu\/wp-content\/uploads\/2024\/06\/Fluorine.png","type":"image\/png"}],"twitter_card":"summary_large_image","twitter_misc":{"Szacowany czas czytania":"1 minuta"},"schema":{"@context":"https:\/\/schema.org","@graph":[{"@type":"WebPage","@id":"https:\/\/aquaforest.eu\/pl\/produkty\/seawater\/parametry-wody\/fluorine\/","url":"https:\/\/aquaforest.eu\/pl\/produkty\/seawater\/parametry-wody\/fluorine\/","name":"Fluorine - Aquaforest","isPartOf":{"@id":"https:\/\/aquaforest.eu\/pl\/#website"},"primaryImageOfPage":{"@id":"https:\/\/aquaforest.eu\/pl\/produkty\/seawater\/parametry-wody\/fluorine\/#primaryimage"},"image":{"@id":"https:\/\/aquaforest.eu\/pl\/produkty\/seawater\/parametry-wody\/fluorine\/#primaryimage"},"thumbnailUrl":"https:\/\/aquaforest.eu\/wp-content\/uploads\/2024\/06\/Fluorine.png","datePublished":"2024-06-26T00:18:24+00:00","dateModified":"2024-10-22T23:06:03+00:00","description":"Fluorine by Aquaforest: unikalny preparat podnosz\u0105cy poziom fluoru w akwarium, wspieraj\u0105cy zdrowie koralowc\u00f3w i intensywne kolory. Niezawodna formu\u0142a zapewniaj\u0105ca optymalne warunki wodne.","breadcrumb":{"@id":"https:\/\/aquaforest.eu\/pl\/produkty\/seawater\/parametry-wody\/fluorine\/#breadcrumb"},"inLanguage":"pl-PL","potentialAction":[{"@type":"ReadAction","target":["https:\/\/aquaforest.eu\/pl\/produkty\/seawater\/parametry-wody\/fluorine\/"]}]},{"@type":"ImageObject","inLanguage":"pl-PL","@id":"https:\/\/aquaforest.eu\/pl\/produkty\/seawater\/parametry-wody\/fluorine\/#primaryimage","url":"https:\/\/aquaforest.eu\/wp-content\/uploads\/2024\/06\/Fluorine.png","contentUrl":"https:\/\/aquaforest.eu\/wp-content\/uploads\/2024\/06\/Fluorine.png","width":323,"height":600},{"@type":"BreadcrumbList","@id":"https:\/\/aquaforest.eu\/pl\/produkty\/seawater\/parametry-wody\/fluorine\/#breadcrumb","itemListElement":[{"@type":"ListItem","position":1,"name":"Home","item":"https:\/\/aquaforest.eu\/pl\/"},{"@type":"ListItem","position":2,"name":"Produkty","item":"https:\/\/aquaforest.eu\/pl\/produkty\/"},{"@type":"ListItem","position":3,"name":"Fluorine"}]},{"@type":"WebSite","@id":"https:\/\/aquaforest.eu\/pl\/#website","url":"https:\/\/aquaforest.eu\/pl\/","name":"Aquaforest","description":"","publisher":{"@id":"https:\/\/aquaforest.eu\/pl\/#organization"},"potentialAction":[{"@type":"SearchAction","target":{"@type":"EntryPoint","urlTemplate":"https:\/\/aquaforest.eu\/pl\/?s={search_term_string}"},"query-input":{"@type":"PropertyValueSpecification","valueRequired":true,"valueName":"search_term_string"}}],"inLanguage":"pl-PL"},{"@type":"Organization","@id":"https:\/\/aquaforest.eu\/pl\/#organization","name":"Aquaforest","url":"https:\/\/aquaforest.eu\/pl\/","logo":{"@type":"ImageObject","inLanguage":"pl-PL","@id":"https:\/\/aquaforest.eu\/pl\/#\/schema\/logo\/image\/","url":"https:\/\/aquaforest.eu\/wp-content\/uploads\/2024\/05\/logotyp-aquaforest.svg","contentUrl":"https:\/\/aquaforest.eu\/wp-content\/uploads\/2024\/05\/logotyp-aquaforest.svg","width":170,"height":22,"caption":"Aquaforest"},"image":{"@id":"https:\/\/aquaforest.eu\/pl\/#\/schema\/logo\/image\/"},"sameAs":["https:\/\/www.facebook.com\/Aquaforest\/","https:\/\/www.instagram.com\/aquaforest.eu\/"]}]}},"_links":{"self":[{"href":"https:\/\/aquaforest.eu\/pl\/wp-json\/wp\/v2\/product\/11524","targetHints":{"allow":["GET"]}}],"collection":[{"href":"https:\/\/aquaforest.eu\/pl\/wp-json\/wp\/v2\/product"}],"about":[{"href":"https:\/\/aquaforest.eu\/pl\/wp-json\/wp\/v2\/types\/product"}],"version-history":[{"count":0,"href":"https:\/\/aquaforest.eu\/pl\/wp-json\/wp\/v2\/product\/11524\/revisions"}],"wp:featuredmedia":[{"embeddable":true,"href":"https:\/\/aquaforest.eu\/pl\/wp-json\/wp\/v2\/media\/11521"}],"wp:attachment":[{"href":"https:\/\/aquaforest.eu\/pl\/wp-json\/wp\/v2\/media?parent=11524"}],"wp:term":[{"taxonomy":"product_brand","embeddable":true,"href":"https:\/\/aquaforest.eu\/pl\/wp-json\/wp\/v2\/product_brand?post=11524"},{"taxonomy":"product_cat","embeddable":true,"href":"https:\/\/aquaforest.eu\/pl\/wp-json\/wp\/v2\/product_cat?post=11524"},{"taxonomy":"product_tag","embeddable":true,"href":"https:\/\/aquaforest.eu\/pl\/wp-json\/wp\/v2\/product_tag?post=11524"}],"curies":[{"name":"wp","href":"https:\/\/api.w.org\/{rel}","templated":true}]}}