{"id":11574,"date":"2024-06-26T02:18:21","date_gmt":"2024-06-26T00:18:21","guid":{"rendered":"https:\/\/aquaforest.eu\/products\/bez-kategorii\/af-calanidae-clip\/"},"modified":"2025-02-12T15:35:38","modified_gmt":"2025-02-12T14:35:38","slug":"af-calanidae-clip","status":"publish","type":"product","link":"https:\/\/aquaforest.eu\/pl\/produkty\/seawater\/pokarmy-i-suplementacja\/af-calanidae-clip\/","title":{"rendered":"AF Calanidae Clip"},"content":{"rendered":"<p><span style=\"color: #000000;\">Od\u017cywczy pokarm w postaci kr\u0105\u017ck\u00f3w umo\u017cliwia stopniowe uwalnianie pokarmu, co <b>u\u0142atwia pobieranie go przez r\u00f3\u017cne gatunki zwierz\u0105t akwariowych<\/b>, nawet przez te najmniejsze. To <b>doskona\u0142a symulacja naturalnych warunk\u00f3w<\/b>, zachowuj\u0105ca r\u00f3wnocze\u015bnie r\u00f3wno\u015bci w dost\u0119pie do po\u017cywienia.<\/span><br \/>\n<span style=\"color: #000000;\">Charakteryzuje si\u0119 <b>wysok\u0105 zawarto\u015bci\u0105 kwas\u00f3w t\u0142uszczowych takich jak: EPA, DHA, SDA. Dzi\u0119ki zastosowaniu alg, ryby b\u0119d\u0105 dobrze od\u017cywione i intensywnie wybarwione, a tak\u017ce wp\u0142ynie to pozytywnie na ich rozw\u00f3<\/b>j. Co wi\u0119cej, dzi\u0119ki regularnemu stosowaniu wp\u0142ynie pozytywnie na odporno\u015b\u0107 Twoich ryb!<\/span><br \/>\n<span style=\"color: #000000;\">Zawiera bogaty w aminokwasy <b>liofilizat z Calanus finmarchicus co przek\u0142ada si\u0119 na szybki i prawid\u0142owy wzrost ryb.<\/b> Dostarcza on r\u00f3wnie\u017c bia\u0142ka, niezb\u0119dne do prawid\u0142owej budowy oraz naturalne substancje wybarwiaj\u0105ce.<\/span><br \/>\n<span style=\"color: #000000;\">Produkt ten <b>zawiera tak\u017ce specjalny klips<\/b>, kt\u00f3ry zapewnia \u0142atwe w obs\u0142udze i trwa\u0142e mocowanie pokarmu na szybie akwarium. Umiejscowienie pokarmu w jednym miejscu umo\u017cliwia obserwacj\u0119 obsady Twojego akwarium.<\/span><\/p>\n<p>&nbsp;<\/p>\n<p><strong>\u015arednica: 3 cm<\/strong><\/p>\n<p>&nbsp;<\/p>\n<hr \/>\n<p>&nbsp;<\/p>\n<p><span style=\"color: #000000;\"><strong>Co sprawia, \u017ce produkt ten jest wyj\u0105tkowy:<\/strong><\/span><\/p>\n<ul>\n<li><span style=\"color: #000000;\">Pokarm w kr\u0105\u017ckach dla ryb ozdobnych<\/span><\/li>\n<li><span style=\"color: #000000;\">Bogaty w witaminy, aminokwasy i bia\u0142ka<\/span><\/li>\n<li><span style=\"color: #000000;\">Stworzony z naturalnych sk\u0142adnik\u00f3w<\/span><\/li>\n<li><span style=\"color: #000000;\">Nie rozpada si\u0119 w wodzie i nie powoduje jej zabrudze\u0144<\/span><\/li>\n<li><span style=\"color: #000000;\">Pomaga w przyzwyczajaniu ryb do pobierania karm suchych<\/span><\/li>\n<li><span style=\"color: #000000;\">Zawiera specjalny, \u0142atwy w monta\u017cu klips do mocowania na szybie<\/span><\/li>\n<li><span style=\"color: #000000;\">Wp\u0142ywa korzystnie na wybarwienie<\/span><\/li>\n<\/ul>\n<p>&nbsp;<\/p>\n<hr \/>\n<p>&nbsp;<\/p>\n<p><span style=\"color: #000000;\">Produkt do zastosowania wy\u0142\u0105cznie w akwarystyce. Przechowywa\u0107 w suchym i ch\u0142odnym miejscu. Chroni\u0107 przed dzie\u0107mi.<\/span><\/p>\n<p>&nbsp;<\/p>\n<hr \/>\n<h4 data-fontsize=\"16\" data-lineheight=\"24px\"><\/h4>\n<h4 class=\"fusion-tab-heading fusion-responsive-typography-calculated\" data-fontsize=\"16\" data-lineheight=\"24px\"><span style=\"color: #000000;\">Sk\u0142adniki i zastosowanie<\/span><\/h4>\n<p><span style=\"color: #000000;\"><strong>Sk\u0142ad:<\/strong> Calanus finmarchicus, algi morskie, skorupiaki i mi\u0119czaki, ryby i pochodne ryb, bia\u0142ka ro\u015blinne, oleje i t\u0142uszcze.<\/span><br \/>\n<span style=\"color: #000000;\"><strong>Dodatki:<\/strong> witamina A 15000 I.U.\/kg, witamina D3 3000 I.U.\/kg, witamina E 1000 I.U.\/kg, witamina C 1000 mg\/kg.<\/span><br \/>\n<span style=\"color: #000000;\"><strong>Sk\u0142adniki analityczne:<\/strong> bia\u0142ko maksymalnie 20,00%, t\u0142uszcz minimum 12,20%, w\u0142\u00f3kno maksymalnie 0,40%, popi\u00f3\u0142 maksymalnie 11,20%, wilgotno\u015b\u0107 maksymalnie 21,50%, wap\u0144 minimum 0,95%, fosfor 0,37%.<\/span><br \/>\n<span style=\"color: #000000;\"><strong>Spos\u00f3b u\u017cycia: <\/strong>Umie\u015bci\u0107 pokarm w do\u0142\u0105czonym klipsie, a nast\u0119pnie przymocowa\u0107 w wybranym miejscu w akwarium.<\/span><\/p>\n","protected":false},"excerpt":{"rendered":"<p>Pokarm dla ryb,\u00a0 zawiera klips do mocowania na szybie. Wysoka zawarto\u015b\u0107 kwas\u00f3w t\u0142uszczowych, takich jak EPA, DHA i SDA.<\/p>\n","protected":false},"featured_media":11741,"template":"","meta":{"_acf_changed":false,"content-type":""},"product_brand":[],"product_cat":[1151],"product_tag":[967,1569,1568,1421],"class_list":{"0":"post-11574","1":"product","2":"type-product","3":"status-publish","4":"has-post-thumbnail","6":"product_cat-pokarmy-i-suplementacja","7":"product_tag-aquaforest-pl","8":"product_tag-foods-and-supplementation-pl","9":"product_tag-seawater-aquatic-pl","10":"product_tag-simple-pl","12":"first","13":"instock","14":"taxable","15":"shipping-taxable","16":"purchasable","17":"product-type-simple"},"acf":[],"yoast_head":"<!-- This site is optimized with the Yoast SEO plugin v27.1.1 - https:\/\/yoast.com\/product\/yoast-seo-wordpress\/ -->\n<title>AF Calanidae Clip - Aquaforest<\/title>\n<meta name=\"description\" content=\"AF Calanidae Clip: Innowacyjny klips do mocowania pokarmu dla kalanoid\u00f3w w akwarium. Unikalna formu\u0142a u\u0142atwia karmienie i zapewnia zdrowy wzrost ryb.\" \/>\n<meta name=\"robots\" content=\"index, follow, max-snippet:-1, max-image-preview:large, max-video-preview:-1\" \/>\n<link rel=\"canonical\" href=\"https:\/\/aquaforest.eu\/pl\/produkty\/seawater\/pokarmy-i-suplementacja\/af-calanidae-clip\/\" \/>\n<meta property=\"og:locale\" content=\"pl_PL\" \/>\n<meta property=\"og:type\" content=\"article\" \/>\n<meta property=\"og:title\" content=\"AF Calanidae Clip - Aquaforest\" \/>\n<meta property=\"og:description\" content=\"AF Calanidae Clip: Innowacyjny klips do mocowania pokarmu dla kalanoid\u00f3w w akwarium. Unikalna formu\u0142a u\u0142atwia karmienie i zapewnia zdrowy wzrost ryb.\" \/>\n<meta property=\"og:url\" content=\"https:\/\/aquaforest.eu\/pl\/produkty\/seawater\/pokarmy-i-suplementacja\/af-calanidae-clip\/\" \/>\n<meta property=\"og:site_name\" content=\"Aquaforest\" \/>\n<meta property=\"article:publisher\" content=\"https:\/\/www.facebook.com\/Aquaforest\/\" \/>\n<meta property=\"article:modified_time\" content=\"2025-02-12T14:35:38+00:00\" \/>\n<meta property=\"og:image\" content=\"https:\/\/aquaforest.eu\/wp-content\/uploads\/2024\/06\/AF-Calanidae-Clip.png\" \/>\n\t<meta property=\"og:image:width\" content=\"462\" \/>\n\t<meta property=\"og:image:height\" content=\"600\" \/>\n\t<meta property=\"og:image:type\" content=\"image\/png\" \/>\n<meta name=\"twitter:card\" content=\"summary_large_image\" \/>\n<meta name=\"twitter:label1\" content=\"Szacowany czas czytania\" \/>\n\t<meta name=\"twitter:data1\" content=\"2 minuty\" \/>\n<script type=\"application\/ld+json\" class=\"yoast-schema-graph\">{\"@context\":\"https:\/\/schema.org\",\"@graph\":[{\"@type\":\"WebPage\",\"@id\":\"https:\/\/aquaforest.eu\/pl\/produkty\/seawater\/pokarmy-i-suplementacja\/af-calanidae-clip\/\",\"url\":\"https:\/\/aquaforest.eu\/pl\/produkty\/seawater\/pokarmy-i-suplementacja\/af-calanidae-clip\/\",\"name\":\"AF Calanidae Clip - Aquaforest\",\"isPartOf\":{\"@id\":\"https:\/\/aquaforest.eu\/pl\/#website\"},\"primaryImageOfPage\":{\"@id\":\"https:\/\/aquaforest.eu\/pl\/produkty\/seawater\/pokarmy-i-suplementacja\/af-calanidae-clip\/#primaryimage\"},\"image\":{\"@id\":\"https:\/\/aquaforest.eu\/pl\/produkty\/seawater\/pokarmy-i-suplementacja\/af-calanidae-clip\/#primaryimage\"},\"thumbnailUrl\":\"https:\/\/aquaforest.eu\/wp-content\/uploads\/2024\/06\/AF-Calanidae-Clip.png\",\"datePublished\":\"2024-06-26T00:18:21+00:00\",\"dateModified\":\"2025-02-12T14:35:38+00:00\",\"description\":\"AF Calanidae Clip: Innowacyjny klips do mocowania pokarmu dla kalanoid\u00f3w w akwarium. Unikalna formu\u0142a u\u0142atwia karmienie i zapewnia zdrowy wzrost ryb.\",\"breadcrumb\":{\"@id\":\"https:\/\/aquaforest.eu\/pl\/produkty\/seawater\/pokarmy-i-suplementacja\/af-calanidae-clip\/#breadcrumb\"},\"inLanguage\":\"pl-PL\",\"potentialAction\":[{\"@type\":\"ReadAction\",\"target\":[\"https:\/\/aquaforest.eu\/pl\/produkty\/seawater\/pokarmy-i-suplementacja\/af-calanidae-clip\/\"]}]},{\"@type\":\"ImageObject\",\"inLanguage\":\"pl-PL\",\"@id\":\"https:\/\/aquaforest.eu\/pl\/produkty\/seawater\/pokarmy-i-suplementacja\/af-calanidae-clip\/#primaryimage\",\"url\":\"https:\/\/aquaforest.eu\/wp-content\/uploads\/2024\/06\/AF-Calanidae-Clip.png\",\"contentUrl\":\"https:\/\/aquaforest.eu\/wp-content\/uploads\/2024\/06\/AF-Calanidae-Clip.png\",\"width\":462,\"height\":600},{\"@type\":\"BreadcrumbList\",\"@id\":\"https:\/\/aquaforest.eu\/pl\/produkty\/seawater\/pokarmy-i-suplementacja\/af-calanidae-clip\/#breadcrumb\",\"itemListElement\":[{\"@type\":\"ListItem\",\"position\":1,\"name\":\"Home\",\"item\":\"https:\/\/aquaforest.eu\/pl\/\"},{\"@type\":\"ListItem\",\"position\":2,\"name\":\"Produkty\",\"item\":\"https:\/\/aquaforest.eu\/pl\/produkty\/\"},{\"@type\":\"ListItem\",\"position\":3,\"name\":\"AF Calanidae Clip\"}]},{\"@type\":\"WebSite\",\"@id\":\"https:\/\/aquaforest.eu\/pl\/#website\",\"url\":\"https:\/\/aquaforest.eu\/pl\/\",\"name\":\"Aquaforest\",\"description\":\"\",\"publisher\":{\"@id\":\"https:\/\/aquaforest.eu\/pl\/#organization\"},\"potentialAction\":[{\"@type\":\"SearchAction\",\"target\":{\"@type\":\"EntryPoint\",\"urlTemplate\":\"https:\/\/aquaforest.eu\/pl\/?s={search_term_string}\"},\"query-input\":{\"@type\":\"PropertyValueSpecification\",\"valueRequired\":true,\"valueName\":\"search_term_string\"}}],\"inLanguage\":\"pl-PL\"},{\"@type\":\"Organization\",\"@id\":\"https:\/\/aquaforest.eu\/pl\/#organization\",\"name\":\"Aquaforest\",\"url\":\"https:\/\/aquaforest.eu\/pl\/\",\"logo\":{\"@type\":\"ImageObject\",\"inLanguage\":\"pl-PL\",\"@id\":\"https:\/\/aquaforest.eu\/pl\/#\/schema\/logo\/image\/\",\"url\":\"https:\/\/aquaforest.eu\/wp-content\/uploads\/2024\/05\/logotyp-aquaforest.svg\",\"contentUrl\":\"https:\/\/aquaforest.eu\/wp-content\/uploads\/2024\/05\/logotyp-aquaforest.svg\",\"width\":170,\"height\":22,\"caption\":\"Aquaforest\"},\"image\":{\"@id\":\"https:\/\/aquaforest.eu\/pl\/#\/schema\/logo\/image\/\"},\"sameAs\":[\"https:\/\/www.facebook.com\/Aquaforest\/\",\"https:\/\/www.instagram.com\/aquaforest.eu\/\"]}]}<\/script>\n<!-- \/ Yoast SEO plugin. -->","yoast_head_json":{"title":"AF Calanidae Clip - Aquaforest","description":"AF Calanidae Clip: Innowacyjny klips do mocowania pokarmu dla kalanoid\u00f3w w akwarium. Unikalna formu\u0142a u\u0142atwia karmienie i zapewnia zdrowy wzrost ryb.","robots":{"index":"index","follow":"follow","max-snippet":"max-snippet:-1","max-image-preview":"max-image-preview:large","max-video-preview":"max-video-preview:-1"},"canonical":"https:\/\/aquaforest.eu\/pl\/produkty\/seawater\/pokarmy-i-suplementacja\/af-calanidae-clip\/","og_locale":"pl_PL","og_type":"article","og_title":"AF Calanidae Clip - Aquaforest","og_description":"AF Calanidae Clip: Innowacyjny klips do mocowania pokarmu dla kalanoid\u00f3w w akwarium. Unikalna formu\u0142a u\u0142atwia karmienie i zapewnia zdrowy wzrost ryb.","og_url":"https:\/\/aquaforest.eu\/pl\/produkty\/seawater\/pokarmy-i-suplementacja\/af-calanidae-clip\/","og_site_name":"Aquaforest","article_publisher":"https:\/\/www.facebook.com\/Aquaforest\/","article_modified_time":"2025-02-12T14:35:38+00:00","og_image":[{"width":462,"height":600,"url":"https:\/\/aquaforest.eu\/wp-content\/uploads\/2024\/06\/AF-Calanidae-Clip.png","type":"image\/png"}],"twitter_card":"summary_large_image","twitter_misc":{"Szacowany czas czytania":"2 minuty"},"schema":{"@context":"https:\/\/schema.org","@graph":[{"@type":"WebPage","@id":"https:\/\/aquaforest.eu\/pl\/produkty\/seawater\/pokarmy-i-suplementacja\/af-calanidae-clip\/","url":"https:\/\/aquaforest.eu\/pl\/produkty\/seawater\/pokarmy-i-suplementacja\/af-calanidae-clip\/","name":"AF Calanidae Clip - Aquaforest","isPartOf":{"@id":"https:\/\/aquaforest.eu\/pl\/#website"},"primaryImageOfPage":{"@id":"https:\/\/aquaforest.eu\/pl\/produkty\/seawater\/pokarmy-i-suplementacja\/af-calanidae-clip\/#primaryimage"},"image":{"@id":"https:\/\/aquaforest.eu\/pl\/produkty\/seawater\/pokarmy-i-suplementacja\/af-calanidae-clip\/#primaryimage"},"thumbnailUrl":"https:\/\/aquaforest.eu\/wp-content\/uploads\/2024\/06\/AF-Calanidae-Clip.png","datePublished":"2024-06-26T00:18:21+00:00","dateModified":"2025-02-12T14:35:38+00:00","description":"AF Calanidae Clip: Innowacyjny klips do mocowania pokarmu dla kalanoid\u00f3w w akwarium. Unikalna formu\u0142a u\u0142atwia karmienie i zapewnia zdrowy wzrost ryb.","breadcrumb":{"@id":"https:\/\/aquaforest.eu\/pl\/produkty\/seawater\/pokarmy-i-suplementacja\/af-calanidae-clip\/#breadcrumb"},"inLanguage":"pl-PL","potentialAction":[{"@type":"ReadAction","target":["https:\/\/aquaforest.eu\/pl\/produkty\/seawater\/pokarmy-i-suplementacja\/af-calanidae-clip\/"]}]},{"@type":"ImageObject","inLanguage":"pl-PL","@id":"https:\/\/aquaforest.eu\/pl\/produkty\/seawater\/pokarmy-i-suplementacja\/af-calanidae-clip\/#primaryimage","url":"https:\/\/aquaforest.eu\/wp-content\/uploads\/2024\/06\/AF-Calanidae-Clip.png","contentUrl":"https:\/\/aquaforest.eu\/wp-content\/uploads\/2024\/06\/AF-Calanidae-Clip.png","width":462,"height":600},{"@type":"BreadcrumbList","@id":"https:\/\/aquaforest.eu\/pl\/produkty\/seawater\/pokarmy-i-suplementacja\/af-calanidae-clip\/#breadcrumb","itemListElement":[{"@type":"ListItem","position":1,"name":"Home","item":"https:\/\/aquaforest.eu\/pl\/"},{"@type":"ListItem","position":2,"name":"Produkty","item":"https:\/\/aquaforest.eu\/pl\/produkty\/"},{"@type":"ListItem","position":3,"name":"AF Calanidae Clip"}]},{"@type":"WebSite","@id":"https:\/\/aquaforest.eu\/pl\/#website","url":"https:\/\/aquaforest.eu\/pl\/","name":"Aquaforest","description":"","publisher":{"@id":"https:\/\/aquaforest.eu\/pl\/#organization"},"potentialAction":[{"@type":"SearchAction","target":{"@type":"EntryPoint","urlTemplate":"https:\/\/aquaforest.eu\/pl\/?s={search_term_string}"},"query-input":{"@type":"PropertyValueSpecification","valueRequired":true,"valueName":"search_term_string"}}],"inLanguage":"pl-PL"},{"@type":"Organization","@id":"https:\/\/aquaforest.eu\/pl\/#organization","name":"Aquaforest","url":"https:\/\/aquaforest.eu\/pl\/","logo":{"@type":"ImageObject","inLanguage":"pl-PL","@id":"https:\/\/aquaforest.eu\/pl\/#\/schema\/logo\/image\/","url":"https:\/\/aquaforest.eu\/wp-content\/uploads\/2024\/05\/logotyp-aquaforest.svg","contentUrl":"https:\/\/aquaforest.eu\/wp-content\/uploads\/2024\/05\/logotyp-aquaforest.svg","width":170,"height":22,"caption":"Aquaforest"},"image":{"@id":"https:\/\/aquaforest.eu\/pl\/#\/schema\/logo\/image\/"},"sameAs":["https:\/\/www.facebook.com\/Aquaforest\/","https:\/\/www.instagram.com\/aquaforest.eu\/"]}]}},"_links":{"self":[{"href":"https:\/\/aquaforest.eu\/pl\/wp-json\/wp\/v2\/product\/11574","targetHints":{"allow":["GET"]}}],"collection":[{"href":"https:\/\/aquaforest.eu\/pl\/wp-json\/wp\/v2\/product"}],"about":[{"href":"https:\/\/aquaforest.eu\/pl\/wp-json\/wp\/v2\/types\/product"}],"version-history":[{"count":1,"href":"https:\/\/aquaforest.eu\/pl\/wp-json\/wp\/v2\/product\/11574\/revisions"}],"predecessor-version":[{"id":21360,"href":"https:\/\/aquaforest.eu\/pl\/wp-json\/wp\/v2\/product\/11574\/revisions\/21360"}],"wp:featuredmedia":[{"embeddable":true,"href":"https:\/\/aquaforest.eu\/pl\/wp-json\/wp\/v2\/media\/11741"}],"wp:attachment":[{"href":"https:\/\/aquaforest.eu\/pl\/wp-json\/wp\/v2\/media?parent=11574"}],"wp:term":[{"taxonomy":"product_brand","embeddable":true,"href":"https:\/\/aquaforest.eu\/pl\/wp-json\/wp\/v2\/product_brand?post=11574"},{"taxonomy":"product_cat","embeddable":true,"href":"https:\/\/aquaforest.eu\/pl\/wp-json\/wp\/v2\/product_cat?post=11574"},{"taxonomy":"product_tag","embeddable":true,"href":"https:\/\/aquaforest.eu\/pl\/wp-json\/wp\/v2\/product_tag?post=11574"}],"curies":[{"name":"wp","href":"https:\/\/api.w.org\/{rel}","templated":true}]}}