{"id":11578,"date":"2024-06-26T02:18:17","date_gmt":"2024-06-26T00:18:17","guid":{"rendered":"https:\/\/aquaforest.eu\/products\/bez-kategorii\/af-power-food\/"},"modified":"2024-10-25T15:36:24","modified_gmt":"2024-10-25T13:36:24","slug":"af-power-food","status":"publish","type":"product","link":"https:\/\/aquaforest.eu\/pl\/produkty\/seawater\/pokarmy-i-suplementacja\/af-power-food\/","title":{"rendered":"AF Power Food"},"content":{"rendered":"<h3 class=\"fusion-responsive-typography-calculated\" data-fontsize=\"22\" data-lineheight=\"27.5px\"><span style=\"color: #000000;\">Wysokood\u017cywczy proszek dla koralowc\u00f3w SPS<\/span><\/h3>\n<p><span style=\"color: #000000;\">Pokarm w proszku przeznaczony dla wszystkich rodzaj\u00f3w koralowc\u00f3w, ze szczeg\u00f3lnym uwzgl\u0119dnieniem koralowc\u00f3w SPS. Receptura AF Power Food jest oparta na specjalnej mieszance wysokood\u017cywczego planktonu oraz alg morskich i s\u0142odkowodnych.<\/span><\/p>\n<p>&nbsp;<\/p>\n<hr \/>\n<h3 data-fontsize=\"22\" data-lineheight=\"27.5px\"><\/h3>\n<h3 class=\"fusion-responsive-typography-calculated\" data-fontsize=\"22\" data-lineheight=\"27.5px\"><span style=\"color: #000000;\">Zadbaj o optymalny rozw\u00f3j koralowc\u00f3w<\/span><\/h3>\n<p><span style=\"color: #000000;\">Dodatkowo formu\u0142\u0119 wzbogacono o najwy\u017cszej jako\u015bci produkty pochodzenia zwierz\u0119cego i dodatki ze skorupiak\u00f3w. Starannie dobrana kompozycja sk\u0142adnik\u00f3w zosta\u0142a stworzona w celu zaspokojenia potrzeb nawet najbardziej wymagaj\u0105cych koralowc\u00f3w. AF Power Food jest pokarmem bogatym w cenne ekstrakty i \u0142atwo przyswajalnym, dzi\u0119ki czemu dostarcza koralowcom maksimum sk\u0142adnik\u00f3w od\u017cywczych.<\/span><\/p>\n<p>&nbsp;<\/p>\n<hr \/>\n<h3 data-fontsize=\"22\" data-lineheight=\"27.5px\"><\/h3>\n<h3 class=\"fusion-responsive-typography-calculated\" data-fontsize=\"22\" data-lineheight=\"27.5px\"><span style=\"color: #000000;\">Doskona\u0142e wybarwienie i szybki wzrost koralowc\u00f3w<\/span><\/h3>\n<p><span style=\"color: #000000;\">Unikalna receptura zosta\u0142a opracowana w oparciu o potrzeby \u017cywieniowe koralowc\u00f3w SPS, tak, aby zapewni\u0107 im doskona\u0142e wybarwienie i szybki wzrost. AF Power Food uzupe\u0142niono o zestaw specjalnie dobranych witamin, kt\u00f3re wspieraj\u0105 odporno\u015b\u0107 i zapewniaj\u0105 koralowcom optymalny rozw\u00f3j. Produkt zawiera wszystkie niezb\u0119dne w codziennej diecie koralowc\u00f3w sk\u0142adniki.<\/span><\/p>\n<p>&nbsp;<\/p>\n<hr \/>\n<p>&nbsp;<\/p>\n<p><span style=\"color: #000000;\"><strong>Dozowanie<\/strong>: 1 \u0142y\u017ceczka miarowa na 100 l wody w akwarium. Niewielki pojemnik nale\u017cy wype\u0142ni\u0107 ok. 20 ml wody z akwarium, a nast\u0119pnie doda\u0107 \u0142y\u017ceczk\u0119 pokarmu i miesza\u0107 przez minut\u0119. Zawiesin\u0119 wla\u0107 bezpo\u015brednio do akwarium lub przy u\u017cyciu pipety karmi\u0107 wybrane koralowce. Stosowa\u0107 minimum raz w tygodniu. W mocno obsadzonych, dojrza\u0142ych akwariach produkt mo\u017cna dozowa\u0107 nawet codziennie.<\/span><\/p>\n<p>&nbsp;<\/p>\n<hr \/>\n<p>&nbsp;<\/p>\n<p><span style=\"color: #000000;\"><strong>Warto wiedzie\u0107<\/strong>: Wszystkie pokarmy w proszku dla koralowc\u00f3w maj\u0105 zalecane dawkowanie 1 \u0142y\u017ceczka 100 l wody nale\u017cy jednak pami\u0119ta\u0107, \u017ce ka\u017cde akwarium jest inne i dawkowanie r\u00f3wnie\u017c mo\u017ce by\u0107 inne w zale\u017cno\u015bci od obsady koralowc\u00f3w. Zalecamy rozpocz\u0119cie stosowania suplement\u00f3w i pokarm\u00f3w od po\u0142owy dawki (nawet 1\/4) i obserwacj\u0119 koralowc\u00f3w i ich reakcji na podawany pokarm. W momencie kiedy koralowce b\u0119d\u0105 dobrze reagowa\u0107, a w akwarium nie b\u0119dzie wida\u0107 oznak przedawkowania zalecamy zwi\u0119kszanie dawki do docelowej. Koralowce takie jak zoanthusy, ricordee i inne grzybowie\u0144ce nale\u017cy karmi\u0107 w ci\u0105gu dnia. Aby u\u0142atwi\u0107 pobieranie podanego pokarmu, koralowce SPS i LPS zalecamy karmi\u0107 noc\u0105 i przy zgaszonym \u015bwietle. W celu zapewnienia najwy\u017cszej przyswajalno\u015bci, wszystkie suplementy i pokarmy dla koralowc\u00f3w nale\u017cy dozowa\u0107 bezpo\u015brednio do akwarium, a w porze karmienia wy\u0142\u0105czy\u0107 odpieniacz na oko\u0142o godzin\u0119. Produkt przeznaczony wy\u0142\u0105cznie do akwarystyki. Przechowywa\u0107 w ch\u0142odnym miejscu z dala od \u015bwiat\u0142a. Chroni\u0107 przed dzie\u0107mi.<\/span><\/p>\n","protected":false},"excerpt":{"rendered":"<p>Sproszkowany pokarm dla koralowc\u00f3w oparty na specjalnej mieszance wysoce od\u017cywczego planktonu oraz alg morskich i s\u0142odkowodnych.<\/p>\n","protected":false},"featured_media":11778,"template":"","meta":{"_acf_changed":false,"content-type":""},"product_brand":[],"product_cat":[1151],"product_tag":[967,1569,1568,1421],"class_list":{"0":"post-11578","1":"product","2":"type-product","3":"status-publish","4":"has-post-thumbnail","6":"product_cat-pokarmy-i-suplementacja","7":"product_tag-aquaforest-pl","8":"product_tag-foods-and-supplementation-pl","9":"product_tag-seawater-aquatic-pl","10":"product_tag-simple-pl","12":"first","13":"instock","14":"taxable","15":"shipping-taxable","16":"purchasable","17":"product-type-simple"},"acf":[],"yoast_head":"<!-- This site is optimized with the Yoast SEO plugin v27.1.1 - https:\/\/yoast.com\/product\/yoast-seo-wordpress\/ -->\n<title>AF Power Food - Aquaforest<\/title>\n<meta name=\"description\" content=\"AF Power Food firmy Aquaforest: skoncentrowany pokarm dla ryb i koralowc\u00f3w, wzbogacony o bia\u0142ko i sk\u0142adniki od\u017cywcze. Niezawodna formu\u0142a zapewniaj\u0105ca zdrowy wzrost i intensywne kolory.\" \/>\n<meta name=\"robots\" content=\"index, follow, max-snippet:-1, max-image-preview:large, max-video-preview:-1\" \/>\n<link rel=\"canonical\" href=\"https:\/\/aquaforest.eu\/pl\/produkty\/seawater\/pokarmy-i-suplementacja\/af-power-food\/\" \/>\n<meta property=\"og:locale\" content=\"pl_PL\" \/>\n<meta property=\"og:type\" content=\"article\" \/>\n<meta property=\"og:title\" content=\"AF Power Food - Aquaforest\" \/>\n<meta property=\"og:description\" content=\"AF Power Food firmy Aquaforest: skoncentrowany pokarm dla ryb i koralowc\u00f3w, wzbogacony o bia\u0142ko i sk\u0142adniki od\u017cywcze. Niezawodna formu\u0142a zapewniaj\u0105ca zdrowy wzrost i intensywne kolory.\" \/>\n<meta property=\"og:url\" content=\"https:\/\/aquaforest.eu\/pl\/produkty\/seawater\/pokarmy-i-suplementacja\/af-power-food\/\" \/>\n<meta property=\"og:site_name\" content=\"Aquaforest\" \/>\n<meta property=\"article:publisher\" content=\"https:\/\/www.facebook.com\/Aquaforest\/\" \/>\n<meta property=\"article:modified_time\" content=\"2024-10-25T13:36:24+00:00\" \/>\n<meta property=\"og:image\" content=\"https:\/\/aquaforest.eu\/wp-content\/uploads\/2024\/06\/AF_Power-Food.png\" \/>\n\t<meta property=\"og:image:width\" content=\"571\" \/>\n\t<meta property=\"og:image:height\" content=\"600\" \/>\n\t<meta property=\"og:image:type\" content=\"image\/png\" \/>\n<meta name=\"twitter:card\" content=\"summary_large_image\" \/>\n<meta name=\"twitter:label1\" content=\"Szacowany czas czytania\" \/>\n\t<meta name=\"twitter:data1\" content=\"2 minuty\" \/>\n<script type=\"application\/ld+json\" class=\"yoast-schema-graph\">{\"@context\":\"https:\/\/schema.org\",\"@graph\":[{\"@type\":\"WebPage\",\"@id\":\"https:\/\/aquaforest.eu\/pl\/produkty\/seawater\/pokarmy-i-suplementacja\/af-power-food\/\",\"url\":\"https:\/\/aquaforest.eu\/pl\/produkty\/seawater\/pokarmy-i-suplementacja\/af-power-food\/\",\"name\":\"AF Power Food - Aquaforest\",\"isPartOf\":{\"@id\":\"https:\/\/aquaforest.eu\/pl\/#website\"},\"primaryImageOfPage\":{\"@id\":\"https:\/\/aquaforest.eu\/pl\/produkty\/seawater\/pokarmy-i-suplementacja\/af-power-food\/#primaryimage\"},\"image\":{\"@id\":\"https:\/\/aquaforest.eu\/pl\/produkty\/seawater\/pokarmy-i-suplementacja\/af-power-food\/#primaryimage\"},\"thumbnailUrl\":\"https:\/\/aquaforest.eu\/wp-content\/uploads\/2024\/06\/AF_Power-Food.png\",\"datePublished\":\"2024-06-26T00:18:17+00:00\",\"dateModified\":\"2024-10-25T13:36:24+00:00\",\"description\":\"AF Power Food firmy Aquaforest: skoncentrowany pokarm dla ryb i koralowc\u00f3w, wzbogacony o bia\u0142ko i sk\u0142adniki od\u017cywcze. Niezawodna formu\u0142a zapewniaj\u0105ca zdrowy wzrost i intensywne kolory.\",\"breadcrumb\":{\"@id\":\"https:\/\/aquaforest.eu\/pl\/produkty\/seawater\/pokarmy-i-suplementacja\/af-power-food\/#breadcrumb\"},\"inLanguage\":\"pl-PL\",\"potentialAction\":[{\"@type\":\"ReadAction\",\"target\":[\"https:\/\/aquaforest.eu\/pl\/produkty\/seawater\/pokarmy-i-suplementacja\/af-power-food\/\"]}]},{\"@type\":\"ImageObject\",\"inLanguage\":\"pl-PL\",\"@id\":\"https:\/\/aquaforest.eu\/pl\/produkty\/seawater\/pokarmy-i-suplementacja\/af-power-food\/#primaryimage\",\"url\":\"https:\/\/aquaforest.eu\/wp-content\/uploads\/2024\/06\/AF_Power-Food.png\",\"contentUrl\":\"https:\/\/aquaforest.eu\/wp-content\/uploads\/2024\/06\/AF_Power-Food.png\",\"width\":571,\"height\":600},{\"@type\":\"BreadcrumbList\",\"@id\":\"https:\/\/aquaforest.eu\/pl\/produkty\/seawater\/pokarmy-i-suplementacja\/af-power-food\/#breadcrumb\",\"itemListElement\":[{\"@type\":\"ListItem\",\"position\":1,\"name\":\"Home\",\"item\":\"https:\/\/aquaforest.eu\/pl\/\"},{\"@type\":\"ListItem\",\"position\":2,\"name\":\"Produkty\",\"item\":\"https:\/\/aquaforest.eu\/pl\/produkty\/\"},{\"@type\":\"ListItem\",\"position\":3,\"name\":\"AF Power Food\"}]},{\"@type\":\"WebSite\",\"@id\":\"https:\/\/aquaforest.eu\/pl\/#website\",\"url\":\"https:\/\/aquaforest.eu\/pl\/\",\"name\":\"Aquaforest\",\"description\":\"\",\"publisher\":{\"@id\":\"https:\/\/aquaforest.eu\/pl\/#organization\"},\"potentialAction\":[{\"@type\":\"SearchAction\",\"target\":{\"@type\":\"EntryPoint\",\"urlTemplate\":\"https:\/\/aquaforest.eu\/pl\/?s={search_term_string}\"},\"query-input\":{\"@type\":\"PropertyValueSpecification\",\"valueRequired\":true,\"valueName\":\"search_term_string\"}}],\"inLanguage\":\"pl-PL\"},{\"@type\":\"Organization\",\"@id\":\"https:\/\/aquaforest.eu\/pl\/#organization\",\"name\":\"Aquaforest\",\"url\":\"https:\/\/aquaforest.eu\/pl\/\",\"logo\":{\"@type\":\"ImageObject\",\"inLanguage\":\"pl-PL\",\"@id\":\"https:\/\/aquaforest.eu\/pl\/#\/schema\/logo\/image\/\",\"url\":\"https:\/\/aquaforest.eu\/wp-content\/uploads\/2024\/05\/logotyp-aquaforest.svg\",\"contentUrl\":\"https:\/\/aquaforest.eu\/wp-content\/uploads\/2024\/05\/logotyp-aquaforest.svg\",\"width\":170,\"height\":22,\"caption\":\"Aquaforest\"},\"image\":{\"@id\":\"https:\/\/aquaforest.eu\/pl\/#\/schema\/logo\/image\/\"},\"sameAs\":[\"https:\/\/www.facebook.com\/Aquaforest\/\",\"https:\/\/www.instagram.com\/aquaforest.eu\/\"]}]}<\/script>\n<!-- \/ Yoast SEO plugin. -->","yoast_head_json":{"title":"AF Power Food - Aquaforest","description":"AF Power Food firmy Aquaforest: skoncentrowany pokarm dla ryb i koralowc\u00f3w, wzbogacony o bia\u0142ko i sk\u0142adniki od\u017cywcze. Niezawodna formu\u0142a zapewniaj\u0105ca zdrowy wzrost i intensywne kolory.","robots":{"index":"index","follow":"follow","max-snippet":"max-snippet:-1","max-image-preview":"max-image-preview:large","max-video-preview":"max-video-preview:-1"},"canonical":"https:\/\/aquaforest.eu\/pl\/produkty\/seawater\/pokarmy-i-suplementacja\/af-power-food\/","og_locale":"pl_PL","og_type":"article","og_title":"AF Power Food - Aquaforest","og_description":"AF Power Food firmy Aquaforest: skoncentrowany pokarm dla ryb i koralowc\u00f3w, wzbogacony o bia\u0142ko i sk\u0142adniki od\u017cywcze. Niezawodna formu\u0142a zapewniaj\u0105ca zdrowy wzrost i intensywne kolory.","og_url":"https:\/\/aquaforest.eu\/pl\/produkty\/seawater\/pokarmy-i-suplementacja\/af-power-food\/","og_site_name":"Aquaforest","article_publisher":"https:\/\/www.facebook.com\/Aquaforest\/","article_modified_time":"2024-10-25T13:36:24+00:00","og_image":[{"width":571,"height":600,"url":"https:\/\/aquaforest.eu\/wp-content\/uploads\/2024\/06\/AF_Power-Food.png","type":"image\/png"}],"twitter_card":"summary_large_image","twitter_misc":{"Szacowany czas czytania":"2 minuty"},"schema":{"@context":"https:\/\/schema.org","@graph":[{"@type":"WebPage","@id":"https:\/\/aquaforest.eu\/pl\/produkty\/seawater\/pokarmy-i-suplementacja\/af-power-food\/","url":"https:\/\/aquaforest.eu\/pl\/produkty\/seawater\/pokarmy-i-suplementacja\/af-power-food\/","name":"AF Power Food - Aquaforest","isPartOf":{"@id":"https:\/\/aquaforest.eu\/pl\/#website"},"primaryImageOfPage":{"@id":"https:\/\/aquaforest.eu\/pl\/produkty\/seawater\/pokarmy-i-suplementacja\/af-power-food\/#primaryimage"},"image":{"@id":"https:\/\/aquaforest.eu\/pl\/produkty\/seawater\/pokarmy-i-suplementacja\/af-power-food\/#primaryimage"},"thumbnailUrl":"https:\/\/aquaforest.eu\/wp-content\/uploads\/2024\/06\/AF_Power-Food.png","datePublished":"2024-06-26T00:18:17+00:00","dateModified":"2024-10-25T13:36:24+00:00","description":"AF Power Food firmy Aquaforest: skoncentrowany pokarm dla ryb i koralowc\u00f3w, wzbogacony o bia\u0142ko i sk\u0142adniki od\u017cywcze. Niezawodna formu\u0142a zapewniaj\u0105ca zdrowy wzrost i intensywne kolory.","breadcrumb":{"@id":"https:\/\/aquaforest.eu\/pl\/produkty\/seawater\/pokarmy-i-suplementacja\/af-power-food\/#breadcrumb"},"inLanguage":"pl-PL","potentialAction":[{"@type":"ReadAction","target":["https:\/\/aquaforest.eu\/pl\/produkty\/seawater\/pokarmy-i-suplementacja\/af-power-food\/"]}]},{"@type":"ImageObject","inLanguage":"pl-PL","@id":"https:\/\/aquaforest.eu\/pl\/produkty\/seawater\/pokarmy-i-suplementacja\/af-power-food\/#primaryimage","url":"https:\/\/aquaforest.eu\/wp-content\/uploads\/2024\/06\/AF_Power-Food.png","contentUrl":"https:\/\/aquaforest.eu\/wp-content\/uploads\/2024\/06\/AF_Power-Food.png","width":571,"height":600},{"@type":"BreadcrumbList","@id":"https:\/\/aquaforest.eu\/pl\/produkty\/seawater\/pokarmy-i-suplementacja\/af-power-food\/#breadcrumb","itemListElement":[{"@type":"ListItem","position":1,"name":"Home","item":"https:\/\/aquaforest.eu\/pl\/"},{"@type":"ListItem","position":2,"name":"Produkty","item":"https:\/\/aquaforest.eu\/pl\/produkty\/"},{"@type":"ListItem","position":3,"name":"AF Power Food"}]},{"@type":"WebSite","@id":"https:\/\/aquaforest.eu\/pl\/#website","url":"https:\/\/aquaforest.eu\/pl\/","name":"Aquaforest","description":"","publisher":{"@id":"https:\/\/aquaforest.eu\/pl\/#organization"},"potentialAction":[{"@type":"SearchAction","target":{"@type":"EntryPoint","urlTemplate":"https:\/\/aquaforest.eu\/pl\/?s={search_term_string}"},"query-input":{"@type":"PropertyValueSpecification","valueRequired":true,"valueName":"search_term_string"}}],"inLanguage":"pl-PL"},{"@type":"Organization","@id":"https:\/\/aquaforest.eu\/pl\/#organization","name":"Aquaforest","url":"https:\/\/aquaforest.eu\/pl\/","logo":{"@type":"ImageObject","inLanguage":"pl-PL","@id":"https:\/\/aquaforest.eu\/pl\/#\/schema\/logo\/image\/","url":"https:\/\/aquaforest.eu\/wp-content\/uploads\/2024\/05\/logotyp-aquaforest.svg","contentUrl":"https:\/\/aquaforest.eu\/wp-content\/uploads\/2024\/05\/logotyp-aquaforest.svg","width":170,"height":22,"caption":"Aquaforest"},"image":{"@id":"https:\/\/aquaforest.eu\/pl\/#\/schema\/logo\/image\/"},"sameAs":["https:\/\/www.facebook.com\/Aquaforest\/","https:\/\/www.instagram.com\/aquaforest.eu\/"]}]}},"_links":{"self":[{"href":"https:\/\/aquaforest.eu\/pl\/wp-json\/wp\/v2\/product\/11578","targetHints":{"allow":["GET"]}}],"collection":[{"href":"https:\/\/aquaforest.eu\/pl\/wp-json\/wp\/v2\/product"}],"about":[{"href":"https:\/\/aquaforest.eu\/pl\/wp-json\/wp\/v2\/types\/product"}],"version-history":[{"count":0,"href":"https:\/\/aquaforest.eu\/pl\/wp-json\/wp\/v2\/product\/11578\/revisions"}],"wp:featuredmedia":[{"embeddable":true,"href":"https:\/\/aquaforest.eu\/pl\/wp-json\/wp\/v2\/media\/11778"}],"wp:attachment":[{"href":"https:\/\/aquaforest.eu\/pl\/wp-json\/wp\/v2\/media?parent=11578"}],"wp:term":[{"taxonomy":"product_brand","embeddable":true,"href":"https:\/\/aquaforest.eu\/pl\/wp-json\/wp\/v2\/product_brand?post=11578"},{"taxonomy":"product_cat","embeddable":true,"href":"https:\/\/aquaforest.eu\/pl\/wp-json\/wp\/v2\/product_cat?post=11578"},{"taxonomy":"product_tag","embeddable":true,"href":"https:\/\/aquaforest.eu\/pl\/wp-json\/wp\/v2\/product_tag?post=11578"}],"curies":[{"name":"wp","href":"https:\/\/api.w.org\/{rel}","templated":true}]}}