{"id":11579,"date":"2024-06-26T02:18:18","date_gmt":"2024-06-26T00:18:18","guid":{"rendered":"https:\/\/aquaforest.eu\/products\/bez-kategorii\/af-marine-mix-m\/"},"modified":"2025-02-12T15:56:58","modified_gmt":"2025-02-12T14:56:58","slug":"af-marine-mix-m","status":"publish","type":"product","link":"https:\/\/aquaforest.eu\/pl\/produkty\/seawater\/pokarmy-i-suplementacja\/af-marine-mix-m\/","title":{"rendered":"AF Marine Mix M"},"content":{"rendered":"<p><span style=\"color: #000000;\">Wysokiej jako\u015bci pokarm granulowany, polecany dla mi\u0119so\u017cernych i ro\u015blino\u017cernych ryb ozdobnych. <\/span><span style=\"color: #000000;\">Szczeg\u00f3lnie <b>bogaty w ma\u0142e skorupiaki<\/b>, kt\u00f3re dostarczaj\u0105 rybom <b>doskona\u0142ej jako\u015bci bia\u0142ka zwierz\u0119cego,<\/b> podstawowego budulca tkanek organizmu, zw\u0142aszcza <b>mi\u0119\u015bni, sk\u00f3ry i \u0142usek. <\/b><\/span><span style=\"color: #000000;\"><b>Wysoka zawarto\u015b\u0107: bia\u0142ka, witamin<\/b> A, C, E, D3, \u017celaza, jodu, miedzi, manganu, cynku <b>zapewnia doskona\u0142\u0105 kondycj\u0119<\/b> Twoim podopiecznym oraz wzmacnia wzrok. <\/span><span style=\"color: #000000;\">Dodatkowo <b>wzbogacona o olej z halibuta. <\/b><\/span><span style=\"color: #000000;\">Stanowi uzupe\u0142nienie diety ryb, kt\u00f3re <b>potrzebuj\u0105 du\u017cej ilo\u015bci protein. <\/b><\/span><span style=\"color: #000000;\">To doskona\u0142a <b>kompozycja zr\u00f3wnowa\u017conego po\u017cywienia, \u0142\u0105cz\u0105cego korzy\u015bci pokarmu ro\u015blinnego i mi\u0119snego.<\/b> Wp\u0142ywa tak\u017ce pozytywnie na uk\u0142ad nerwowy. <\/span><span style=\"color: #000000;\">Dost\u0119pna w dw\u00f3ch rozmiarach granulek, co pozwala dostosowa\u0107 j\u0105 odpowiednio do mieszka\u0144c\u00f3w Twojego akwarium.<\/span><\/p>\n<p>&nbsp;<\/p>\n<p><strong>Wielko\u015b\u0107 granulatu:\u00a0<\/strong>2 mm<\/p>\n<p>&nbsp;<\/p>\n<hr \/>\n<p>&nbsp;<\/p>\n<p><span style=\"color: #000000;\"><strong>Co sprawia, \u017ce ten produkt jest wyj\u0105tkowy:<\/strong><\/span><\/p>\n<ul>\n<li><span style=\"color: #000000;\">Pokarm dla ryb mi\u0119so\u017cernych i wszystko\u017cernych<\/span><\/li>\n<li><span style=\"color: #000000;\">Produkt w formie mi\u0119kkich granulek<\/span><\/li>\n<li><span style=\"color: #000000;\">Wy\u0142\u0105cznie naturalne sk\u0142adniki<\/span><\/li>\n<li><span style=\"color: #000000;\">Odpowiednio zbilansowany sk\u0142ad<\/span><\/li>\n<li><span style=\"color: #000000;\">Du\u017ca zawarto\u015b\u0107 bia\u0142ka<\/span><\/li>\n<li><span style=\"color: #000000;\">Wzbogacony o witaminy i minera\u0142y<\/span><\/li>\n<li><span style=\"color: #000000;\">Wzmacnia wzrok, chroni sk\u00f3r\u0119<\/span><\/li>\n<li><span style=\"color: #000000;\">Nie rozpada si\u0119 w wodzie<\/span><\/li>\n<li><span style=\"color: #000000;\">Zapewnia doskona\u0142\u0105 kondycj\u0119<\/span><\/li>\n<\/ul>\n<p><span style=\"color: #000000;\">Produkt jest przeznaczony wy\u0142\u0105cznie do u\u017cytku w akwariach. <\/span><span style=\"color: #000000;\">Powinien by\u0107 przechowywany w suchym i ch\u0142odnym miejscu. <\/span><span style=\"color: #000000;\">Przechowywa\u0107 w miejscu niedost\u0119pnym dla dzieci.<\/span><\/p>\n<p>&nbsp;<\/p>\n<hr \/>\n<h4 data-fontsize=\"16\" data-lineheight=\"24px\"><\/h4>\n<h4 class=\"fusion-tab-heading fusion-responsive-typography-calculated\" data-fontsize=\"16\" data-lineheight=\"24px\"><span style=\"color: #000000;\">Sk\u0142adniki i dawkowanie<\/span><\/h4>\n<p><span style=\"color: #000000;\"><strong>Dawkowanie: <\/strong>Podawa\u0107 kilka razy dziennie w ma\u0142ych porcjach, aby nadmiar pokarmu nie zalega\u0142 na dnie zbiornika.<\/span><br \/>\n<span style=\"color: #000000;\">Aby urozmaici\u0107 diet\u0119 ryb i koralowc\u00f3w, zaleca si\u0119 podawanie AF Marine Mix M na przemian z innymi pokarmami marki Aquaforest. <\/span><\/p>\n<p><span style=\"color: #000000;\"><strong>Sk\u0142adniki:<\/strong> ryby i produkty rybne, produkty zbo\u017cowe, olej rybny, lecytyna, dro\u017cd\u017ce, przeciwutleniacze. <\/span><\/p>\n<p><span style=\"color: #000000;\"><strong>Dodatki:<\/strong> wit. <\/span><span style=\"color: #000000;\">A 8640 IU\/kg, wit. <\/span><span style=\"color: #000000;\">C 432 mg\/kg, wit. <\/span><span style=\"color: #000000;\">E 173 mg\/kg, wit. <\/span><span style=\"color: #000000;\">D3 503 IU\/kg, \u017celazo 51,8 mg\/kg, jod 4,3 mg\/kg, mied\u017a 4,3 mg\/kg, mangan 17,3 mg\/kg, cynk 51,8 mg\/kg. <\/span><\/p>\n<p><span style=\"color: #000000;\"><strong>Sk\u0142adniki analityczne:<\/strong> bia\u0142ko surowe 38,8%, t\u0142uszcz surowy 10,8%, w\u0142\u00f3kno surowe 0,22%, popi\u00f3\u0142 surowy 7,3%, wilgotno\u015b\u0107 31,2%.<\/span><\/p>\n","protected":false},"excerpt":{"rendered":"<p>Kompleksowy pokarm dla ryb \u015bredniej wielko\u015bci. Szczeg\u00f3lnie bogaty w ma\u0142e skorupiaki.<\/p>\n","protected":false},"featured_media":11763,"template":"","meta":{"_acf_changed":false,"content-type":""},"product_brand":[],"product_cat":[1151],"product_tag":[967,1569,1568,1421],"class_list":{"0":"post-11579","1":"product","2":"type-product","3":"status-publish","4":"has-post-thumbnail","6":"product_cat-pokarmy-i-suplementacja","7":"product_tag-aquaforest-pl","8":"product_tag-foods-and-supplementation-pl","9":"product_tag-seawater-aquatic-pl","10":"product_tag-simple-pl","12":"first","13":"instock","14":"taxable","15":"shipping-taxable","16":"purchasable","17":"product-type-simple"},"acf":[],"yoast_head":"<!-- This site is optimized with the Yoast SEO plugin v27.1.1 - https:\/\/yoast.com\/product\/yoast-seo-wordpress\/ -->\n<title>AF Marine Mix M - Aquaforest<\/title>\n<meta name=\"description\" content=\"AF Marine Mix M firmy Aquaforest: kompleksowa mieszanka pokarmowa dla \u015brednich ryb morskich. Unikalna formu\u0142a wspiera zdrowie, kondycj\u0119 i intensywne kolory.\" \/>\n<meta name=\"robots\" content=\"index, follow, max-snippet:-1, max-image-preview:large, max-video-preview:-1\" \/>\n<link rel=\"canonical\" href=\"https:\/\/aquaforest.eu\/pl\/produkty\/seawater\/pokarmy-i-suplementacja\/af-marine-mix-m\/\" \/>\n<meta property=\"og:locale\" content=\"pl_PL\" \/>\n<meta property=\"og:type\" content=\"article\" \/>\n<meta property=\"og:title\" content=\"AF Marine Mix M - Aquaforest\" \/>\n<meta property=\"og:description\" content=\"AF Marine Mix M firmy Aquaforest: kompleksowa mieszanka pokarmowa dla \u015brednich ryb morskich. Unikalna formu\u0142a wspiera zdrowie, kondycj\u0119 i intensywne kolory.\" \/>\n<meta property=\"og:url\" content=\"https:\/\/aquaforest.eu\/pl\/produkty\/seawater\/pokarmy-i-suplementacja\/af-marine-mix-m\/\" \/>\n<meta property=\"og:site_name\" content=\"Aquaforest\" \/>\n<meta property=\"article:publisher\" content=\"https:\/\/www.facebook.com\/Aquaforest\/\" \/>\n<meta property=\"article:modified_time\" content=\"2025-02-12T14:56:58+00:00\" \/>\n<meta property=\"og:image\" content=\"https:\/\/aquaforest.eu\/wp-content\/uploads\/2024\/06\/AF-Marine-Mix-M.png\" \/>\n\t<meta property=\"og:image:width\" content=\"462\" \/>\n\t<meta property=\"og:image:height\" content=\"600\" \/>\n\t<meta property=\"og:image:type\" content=\"image\/png\" \/>\n<meta name=\"twitter:card\" content=\"summary_large_image\" \/>\n<meta name=\"twitter:label1\" content=\"Szacowany czas czytania\" \/>\n\t<meta name=\"twitter:data1\" content=\"2 minuty\" \/>\n<script type=\"application\/ld+json\" class=\"yoast-schema-graph\">{\"@context\":\"https:\/\/schema.org\",\"@graph\":[{\"@type\":\"WebPage\",\"@id\":\"https:\/\/aquaforest.eu\/pl\/produkty\/seawater\/pokarmy-i-suplementacja\/af-marine-mix-m\/\",\"url\":\"https:\/\/aquaforest.eu\/pl\/produkty\/seawater\/pokarmy-i-suplementacja\/af-marine-mix-m\/\",\"name\":\"AF Marine Mix M - Aquaforest\",\"isPartOf\":{\"@id\":\"https:\/\/aquaforest.eu\/pl\/#website\"},\"primaryImageOfPage\":{\"@id\":\"https:\/\/aquaforest.eu\/pl\/produkty\/seawater\/pokarmy-i-suplementacja\/af-marine-mix-m\/#primaryimage\"},\"image\":{\"@id\":\"https:\/\/aquaforest.eu\/pl\/produkty\/seawater\/pokarmy-i-suplementacja\/af-marine-mix-m\/#primaryimage\"},\"thumbnailUrl\":\"https:\/\/aquaforest.eu\/wp-content\/uploads\/2024\/06\/AF-Marine-Mix-M.png\",\"datePublished\":\"2024-06-26T00:18:18+00:00\",\"dateModified\":\"2025-02-12T14:56:58+00:00\",\"description\":\"AF Marine Mix M firmy Aquaforest: kompleksowa mieszanka pokarmowa dla \u015brednich ryb morskich. Unikalna formu\u0142a wspiera zdrowie, kondycj\u0119 i intensywne kolory.\",\"breadcrumb\":{\"@id\":\"https:\/\/aquaforest.eu\/pl\/produkty\/seawater\/pokarmy-i-suplementacja\/af-marine-mix-m\/#breadcrumb\"},\"inLanguage\":\"pl-PL\",\"potentialAction\":[{\"@type\":\"ReadAction\",\"target\":[\"https:\/\/aquaforest.eu\/pl\/produkty\/seawater\/pokarmy-i-suplementacja\/af-marine-mix-m\/\"]}]},{\"@type\":\"ImageObject\",\"inLanguage\":\"pl-PL\",\"@id\":\"https:\/\/aquaforest.eu\/pl\/produkty\/seawater\/pokarmy-i-suplementacja\/af-marine-mix-m\/#primaryimage\",\"url\":\"https:\/\/aquaforest.eu\/wp-content\/uploads\/2024\/06\/AF-Marine-Mix-M.png\",\"contentUrl\":\"https:\/\/aquaforest.eu\/wp-content\/uploads\/2024\/06\/AF-Marine-Mix-M.png\",\"width\":462,\"height\":600},{\"@type\":\"BreadcrumbList\",\"@id\":\"https:\/\/aquaforest.eu\/pl\/produkty\/seawater\/pokarmy-i-suplementacja\/af-marine-mix-m\/#breadcrumb\",\"itemListElement\":[{\"@type\":\"ListItem\",\"position\":1,\"name\":\"Home\",\"item\":\"https:\/\/aquaforest.eu\/pl\/\"},{\"@type\":\"ListItem\",\"position\":2,\"name\":\"Produkty\",\"item\":\"https:\/\/aquaforest.eu\/pl\/produkty\/\"},{\"@type\":\"ListItem\",\"position\":3,\"name\":\"AF Marine Mix M\"}]},{\"@type\":\"WebSite\",\"@id\":\"https:\/\/aquaforest.eu\/pl\/#website\",\"url\":\"https:\/\/aquaforest.eu\/pl\/\",\"name\":\"Aquaforest\",\"description\":\"\",\"publisher\":{\"@id\":\"https:\/\/aquaforest.eu\/pl\/#organization\"},\"potentialAction\":[{\"@type\":\"SearchAction\",\"target\":{\"@type\":\"EntryPoint\",\"urlTemplate\":\"https:\/\/aquaforest.eu\/pl\/?s={search_term_string}\"},\"query-input\":{\"@type\":\"PropertyValueSpecification\",\"valueRequired\":true,\"valueName\":\"search_term_string\"}}],\"inLanguage\":\"pl-PL\"},{\"@type\":\"Organization\",\"@id\":\"https:\/\/aquaforest.eu\/pl\/#organization\",\"name\":\"Aquaforest\",\"url\":\"https:\/\/aquaforest.eu\/pl\/\",\"logo\":{\"@type\":\"ImageObject\",\"inLanguage\":\"pl-PL\",\"@id\":\"https:\/\/aquaforest.eu\/pl\/#\/schema\/logo\/image\/\",\"url\":\"https:\/\/aquaforest.eu\/wp-content\/uploads\/2024\/05\/logotyp-aquaforest.svg\",\"contentUrl\":\"https:\/\/aquaforest.eu\/wp-content\/uploads\/2024\/05\/logotyp-aquaforest.svg\",\"width\":170,\"height\":22,\"caption\":\"Aquaforest\"},\"image\":{\"@id\":\"https:\/\/aquaforest.eu\/pl\/#\/schema\/logo\/image\/\"},\"sameAs\":[\"https:\/\/www.facebook.com\/Aquaforest\/\",\"https:\/\/www.instagram.com\/aquaforest.eu\/\"]}]}<\/script>\n<!-- \/ Yoast SEO plugin. -->","yoast_head_json":{"title":"AF Marine Mix M - Aquaforest","description":"AF Marine Mix M firmy Aquaforest: kompleksowa mieszanka pokarmowa dla \u015brednich ryb morskich. Unikalna formu\u0142a wspiera zdrowie, kondycj\u0119 i intensywne kolory.","robots":{"index":"index","follow":"follow","max-snippet":"max-snippet:-1","max-image-preview":"max-image-preview:large","max-video-preview":"max-video-preview:-1"},"canonical":"https:\/\/aquaforest.eu\/pl\/produkty\/seawater\/pokarmy-i-suplementacja\/af-marine-mix-m\/","og_locale":"pl_PL","og_type":"article","og_title":"AF Marine Mix M - Aquaforest","og_description":"AF Marine Mix M firmy Aquaforest: kompleksowa mieszanka pokarmowa dla \u015brednich ryb morskich. Unikalna formu\u0142a wspiera zdrowie, kondycj\u0119 i intensywne kolory.","og_url":"https:\/\/aquaforest.eu\/pl\/produkty\/seawater\/pokarmy-i-suplementacja\/af-marine-mix-m\/","og_site_name":"Aquaforest","article_publisher":"https:\/\/www.facebook.com\/Aquaforest\/","article_modified_time":"2025-02-12T14:56:58+00:00","og_image":[{"width":462,"height":600,"url":"https:\/\/aquaforest.eu\/wp-content\/uploads\/2024\/06\/AF-Marine-Mix-M.png","type":"image\/png"}],"twitter_card":"summary_large_image","twitter_misc":{"Szacowany czas czytania":"2 minuty"},"schema":{"@context":"https:\/\/schema.org","@graph":[{"@type":"WebPage","@id":"https:\/\/aquaforest.eu\/pl\/produkty\/seawater\/pokarmy-i-suplementacja\/af-marine-mix-m\/","url":"https:\/\/aquaforest.eu\/pl\/produkty\/seawater\/pokarmy-i-suplementacja\/af-marine-mix-m\/","name":"AF Marine Mix M - Aquaforest","isPartOf":{"@id":"https:\/\/aquaforest.eu\/pl\/#website"},"primaryImageOfPage":{"@id":"https:\/\/aquaforest.eu\/pl\/produkty\/seawater\/pokarmy-i-suplementacja\/af-marine-mix-m\/#primaryimage"},"image":{"@id":"https:\/\/aquaforest.eu\/pl\/produkty\/seawater\/pokarmy-i-suplementacja\/af-marine-mix-m\/#primaryimage"},"thumbnailUrl":"https:\/\/aquaforest.eu\/wp-content\/uploads\/2024\/06\/AF-Marine-Mix-M.png","datePublished":"2024-06-26T00:18:18+00:00","dateModified":"2025-02-12T14:56:58+00:00","description":"AF Marine Mix M firmy Aquaforest: kompleksowa mieszanka pokarmowa dla \u015brednich ryb morskich. Unikalna formu\u0142a wspiera zdrowie, kondycj\u0119 i intensywne kolory.","breadcrumb":{"@id":"https:\/\/aquaforest.eu\/pl\/produkty\/seawater\/pokarmy-i-suplementacja\/af-marine-mix-m\/#breadcrumb"},"inLanguage":"pl-PL","potentialAction":[{"@type":"ReadAction","target":["https:\/\/aquaforest.eu\/pl\/produkty\/seawater\/pokarmy-i-suplementacja\/af-marine-mix-m\/"]}]},{"@type":"ImageObject","inLanguage":"pl-PL","@id":"https:\/\/aquaforest.eu\/pl\/produkty\/seawater\/pokarmy-i-suplementacja\/af-marine-mix-m\/#primaryimage","url":"https:\/\/aquaforest.eu\/wp-content\/uploads\/2024\/06\/AF-Marine-Mix-M.png","contentUrl":"https:\/\/aquaforest.eu\/wp-content\/uploads\/2024\/06\/AF-Marine-Mix-M.png","width":462,"height":600},{"@type":"BreadcrumbList","@id":"https:\/\/aquaforest.eu\/pl\/produkty\/seawater\/pokarmy-i-suplementacja\/af-marine-mix-m\/#breadcrumb","itemListElement":[{"@type":"ListItem","position":1,"name":"Home","item":"https:\/\/aquaforest.eu\/pl\/"},{"@type":"ListItem","position":2,"name":"Produkty","item":"https:\/\/aquaforest.eu\/pl\/produkty\/"},{"@type":"ListItem","position":3,"name":"AF Marine Mix M"}]},{"@type":"WebSite","@id":"https:\/\/aquaforest.eu\/pl\/#website","url":"https:\/\/aquaforest.eu\/pl\/","name":"Aquaforest","description":"","publisher":{"@id":"https:\/\/aquaforest.eu\/pl\/#organization"},"potentialAction":[{"@type":"SearchAction","target":{"@type":"EntryPoint","urlTemplate":"https:\/\/aquaforest.eu\/pl\/?s={search_term_string}"},"query-input":{"@type":"PropertyValueSpecification","valueRequired":true,"valueName":"search_term_string"}}],"inLanguage":"pl-PL"},{"@type":"Organization","@id":"https:\/\/aquaforest.eu\/pl\/#organization","name":"Aquaforest","url":"https:\/\/aquaforest.eu\/pl\/","logo":{"@type":"ImageObject","inLanguage":"pl-PL","@id":"https:\/\/aquaforest.eu\/pl\/#\/schema\/logo\/image\/","url":"https:\/\/aquaforest.eu\/wp-content\/uploads\/2024\/05\/logotyp-aquaforest.svg","contentUrl":"https:\/\/aquaforest.eu\/wp-content\/uploads\/2024\/05\/logotyp-aquaforest.svg","width":170,"height":22,"caption":"Aquaforest"},"image":{"@id":"https:\/\/aquaforest.eu\/pl\/#\/schema\/logo\/image\/"},"sameAs":["https:\/\/www.facebook.com\/Aquaforest\/","https:\/\/www.instagram.com\/aquaforest.eu\/"]}]}},"_links":{"self":[{"href":"https:\/\/aquaforest.eu\/pl\/wp-json\/wp\/v2\/product\/11579","targetHints":{"allow":["GET"]}}],"collection":[{"href":"https:\/\/aquaforest.eu\/pl\/wp-json\/wp\/v2\/product"}],"about":[{"href":"https:\/\/aquaforest.eu\/pl\/wp-json\/wp\/v2\/types\/product"}],"version-history":[{"count":1,"href":"https:\/\/aquaforest.eu\/pl\/wp-json\/wp\/v2\/product\/11579\/revisions"}],"predecessor-version":[{"id":21379,"href":"https:\/\/aquaforest.eu\/pl\/wp-json\/wp\/v2\/product\/11579\/revisions\/21379"}],"wp:featuredmedia":[{"embeddable":true,"href":"https:\/\/aquaforest.eu\/pl\/wp-json\/wp\/v2\/media\/11763"}],"wp:attachment":[{"href":"https:\/\/aquaforest.eu\/pl\/wp-json\/wp\/v2\/media?parent=11579"}],"wp:term":[{"taxonomy":"product_brand","embeddable":true,"href":"https:\/\/aquaforest.eu\/pl\/wp-json\/wp\/v2\/product_brand?post=11579"},{"taxonomy":"product_cat","embeddable":true,"href":"https:\/\/aquaforest.eu\/pl\/wp-json\/wp\/v2\/product_cat?post=11579"},{"taxonomy":"product_tag","embeddable":true,"href":"https:\/\/aquaforest.eu\/pl\/wp-json\/wp\/v2\/product_tag?post=11579"}],"curies":[{"name":"wp","href":"https:\/\/api.w.org\/{rel}","templated":true}]}}