{"id":11580,"date":"2024-06-26T02:18:18","date_gmt":"2024-06-26T00:18:18","guid":{"rendered":"https:\/\/aquaforest.eu\/products\/bez-kategorii\/af-phyto-mix\/"},"modified":"2024-10-24T15:58:30","modified_gmt":"2024-10-24T13:58:30","slug":"af-phyto-mix","status":"publish","type":"product","link":"https:\/\/aquaforest.eu\/pl\/produkty\/seawater\/pokarmy-i-suplementacja\/af-phyto-mix\/","title":{"rendered":"AF Phyto Mix"},"content":{"rendered":"<h3 class=\"fusion-responsive-typography-calculated\" data-fontsize=\"22\" data-lineheight=\"27.5px\"><span style=\"color: #000000;\">Idealny pokarm p\u0142ynny dla koralowc\u00f3w mi\u0119kkich i gorgonii<\/span><\/h3>\n<p><span style=\"color: #000000;\">P\u0142ynny pokarm dedykowany g\u0142\u00f3wnie dla koralowc\u00f3w mi\u0119kkich, gorgoni oraz niefotosyntezuj\u0105cych. Dzi\u0119ki doskona\u0142ej r\u00f3wnowadze pomi\u0119dzy zawarto\u015bci\u0105 fitoplanktonu i zooplanktonu preparat dostarcza koralowcom wszystkich niezb\u0119dnych sk\u0142adnik\u00f3w od\u017cywczych takich jak bia\u0142ka, t\u0142uszcze i w\u0119glowodany.<\/span><\/p>\n<p>&nbsp;<\/p>\n<hr \/>\n<h3 data-fontsize=\"22\" data-lineheight=\"27.5px\"><\/h3>\n<h3 class=\"fusion-responsive-typography-calculated\" data-fontsize=\"22\" data-lineheight=\"27.5px\"><span style=\"color: #000000;\">Zapewnij koralowcom zdrowy wzrost i intensywne wybarwienie<\/span><\/h3>\n<p><span style=\"color: #000000;\">W celu zapewnienia koralowcom diety zaspokajaj\u0105cej wszystkie potrzeby \u017cywieniowe, AF Phyto Mix zawiera najwy\u017cszej jako\u015bci dodatki pochodzenia zwierz\u0119cego. Receptur\u0119 uzupe\u0142niono o dodatek bogatych w wysoko przyswajalne bia\u0142ko skorupiak\u00f3w. Ze wzgl\u0119du na doskona\u0142\u0105 r\u00f3wnowag\u0119 sk\u0142adnik\u00f3w od\u017cywczych, AF Phyto Mix jest r\u00f3wnie\u017c ch\u0119tnie jedzony przez ma\u0142e ryby takie jak Anthiasy. Mo\u017ce by\u0107 tak\u017ce wy\u0142apywany z wody przez koralowce LPS. Regularne stosowanie AF Phyto Mix gwarantuje koralowcom zdrowy i intensywny wzrost oraz doskona\u0142e wybarwienie.<\/span><\/p>\n<p>&nbsp;<\/p>\n<hr \/>\n<h3 data-fontsize=\"22\" data-lineheight=\"27.5px\"><\/h3>\n<h3 class=\"fusion-responsive-typography-calculated\" data-fontsize=\"22\" data-lineheight=\"27.5px\"><span style=\"color: #000000;\">Doskona\u0142a r\u00f3wnowaga sk\u0142adnik\u00f3w od\u017cywczych<\/span><\/h3>\n<p><span style=\"color: #000000;\"><strong>Dozowanie<\/strong>: Nale\u017cy stosowa\u0107 co drugi dzie\u0144 w dawce 10 kropli na 100 litr\u00f3w (27 US gal) wody przy \u015bredniej obsadzie koralowc\u00f3w. Nie rozcie\u0144cza\u0107. Nie miesza\u0107 razem z innymi produktami w jednym pojemniku. Po otwarciu przechowywa\u0107 w lod\u00f3wce. Wszystkie suplementy i pokarmy dla koralowc\u00f3w maj\u0105 zalecane okre\u015blone dawkowanie, nale\u017cy jednak pami\u0119ta\u0107, \u017ce ka\u017cde akwarium jest inne i dawkowanie r\u00f3wnie\u017c mo\u017ce by\u0107 inne w zale\u017cno\u015bci od obsady koralowc\u00f3w. Zalecamy rozpocz\u0119cie stosowania suplement\u00f3w i pokarm\u00f3w od po\u0142owy dawki (nawet 1\/4) oraz obserwacj\u0119 koralowc\u00f3w i ich reakcji na podawany pokarm. W momencie, kiedy koralowce b\u0119d\u0105 dobrze reagowa\u0107, a w akwarium nie b\u0119dzie wida\u0107 oznak przedawkowania, zalecamy zwi\u0119kszanie dawki do dawki docelowej. Koralowce takie jak Zoanthusy, Ricordee i inne grzybowie\u0144ce nale\u017cy karmi\u0107 w ci\u0105gu dnia. Aby u\u0142atwi\u0107 pobieranie podanego pokarmu, koralowce SPS i LPS zalecamy karmi\u0107 noc\u0105 i przy zgaszonym \u015bwietle. W celu zapewnienia najwy\u017cszej przyswajalno\u015bci wszystkie suplementy i pokarmy dla koralowc\u00f3w nale\u017cy dozowa\u0107 bezpo\u015brednio do akwarium, a w porze karmienia zalecamy wy\u0142\u0105czy\u0107 odpieniacz na oko\u0142o godzin\u0119. Produkt przeznaczony wy\u0142\u0105cznie do akwarystyki. Przechowywa\u0107 w ch\u0142odnym miejscu z dala od \u015bwiat\u0142a oraz dzieci. Nakr\u0119tek nie nale\u017cy dokr\u0119ca\u0107 zbyt mocno, mo\u017ce to skutkowa\u0107 p\u0119kni\u0119ciem lub uszkodzeniem opakowania.<\/span><\/p>\n","protected":false},"excerpt":{"rendered":"<p>Mieszanka wysokiej jako\u015bci fitoplanktonu przeznaczona g\u0142\u00f3wnie dla koralowc\u00f3w mi\u0119kkich, gorgonii i koralowc\u00f3w niefosyntetycznych.<\/p>\n","protected":false},"featured_media":11779,"template":"","meta":{"_acf_changed":false,"content-type":""},"product_brand":[],"product_cat":[1151],"product_tag":[967,1569,1568,1421],"class_list":{"0":"post-11580","1":"product","2":"type-product","3":"status-publish","4":"has-post-thumbnail","6":"product_cat-pokarmy-i-suplementacja","7":"product_tag-aquaforest-pl","8":"product_tag-foods-and-supplementation-pl","9":"product_tag-seawater-aquatic-pl","10":"product_tag-simple-pl","12":"first","13":"instock","14":"taxable","15":"shipping-taxable","16":"purchasable","17":"product-type-simple"},"acf":[],"yoast_head":"<!-- This site is optimized with the Yoast SEO plugin v27.1.1 - https:\/\/yoast.com\/product\/yoast-seo-wordpress\/ -->\n<title>AF Phyto Mix - Aquaforest<\/title>\n<meta name=\"description\" content=\"AF Phyto Mix: mieszanka wysokiej jako\u015bci fitoplanktonu dla koralowc\u00f3w i bezkr\u0119gowc\u00f3w. Niezawodna formu\u0142a wspieraj\u0105ca zdrowie, wzrost i intensywne kolory.\" \/>\n<meta name=\"robots\" content=\"index, follow, max-snippet:-1, max-image-preview:large, max-video-preview:-1\" \/>\n<link rel=\"canonical\" href=\"https:\/\/aquaforest.eu\/pl\/produkty\/seawater\/pokarmy-i-suplementacja\/af-phyto-mix\/\" \/>\n<meta property=\"og:locale\" content=\"pl_PL\" \/>\n<meta property=\"og:type\" content=\"article\" \/>\n<meta property=\"og:title\" content=\"AF Phyto Mix - Aquaforest\" \/>\n<meta property=\"og:description\" content=\"AF Phyto Mix: mieszanka wysokiej jako\u015bci fitoplanktonu dla koralowc\u00f3w i bezkr\u0119gowc\u00f3w. Niezawodna formu\u0142a wspieraj\u0105ca zdrowie, wzrost i intensywne kolory.\" \/>\n<meta property=\"og:url\" content=\"https:\/\/aquaforest.eu\/pl\/produkty\/seawater\/pokarmy-i-suplementacja\/af-phyto-mix\/\" \/>\n<meta property=\"og:site_name\" content=\"Aquaforest\" \/>\n<meta property=\"article:publisher\" content=\"https:\/\/www.facebook.com\/Aquaforest\/\" \/>\n<meta property=\"article:modified_time\" content=\"2024-10-24T13:58:30+00:00\" \/>\n<meta property=\"og:image\" content=\"https:\/\/aquaforest.eu\/wp-content\/uploads\/2024\/06\/AF-Phyto-MIx.png\" \/>\n\t<meta property=\"og:image:width\" content=\"262\" \/>\n\t<meta property=\"og:image:height\" content=\"600\" \/>\n\t<meta property=\"og:image:type\" content=\"image\/png\" \/>\n<meta name=\"twitter:card\" content=\"summary_large_image\" \/>\n<meta name=\"twitter:label1\" content=\"Szacowany czas czytania\" \/>\n\t<meta name=\"twitter:data1\" content=\"2 minuty\" \/>\n<script type=\"application\/ld+json\" class=\"yoast-schema-graph\">{\"@context\":\"https:\/\/schema.org\",\"@graph\":[{\"@type\":\"WebPage\",\"@id\":\"https:\/\/aquaforest.eu\/pl\/produkty\/seawater\/pokarmy-i-suplementacja\/af-phyto-mix\/\",\"url\":\"https:\/\/aquaforest.eu\/pl\/produkty\/seawater\/pokarmy-i-suplementacja\/af-phyto-mix\/\",\"name\":\"AF Phyto Mix - Aquaforest\",\"isPartOf\":{\"@id\":\"https:\/\/aquaforest.eu\/pl\/#website\"},\"primaryImageOfPage\":{\"@id\":\"https:\/\/aquaforest.eu\/pl\/produkty\/seawater\/pokarmy-i-suplementacja\/af-phyto-mix\/#primaryimage\"},\"image\":{\"@id\":\"https:\/\/aquaforest.eu\/pl\/produkty\/seawater\/pokarmy-i-suplementacja\/af-phyto-mix\/#primaryimage\"},\"thumbnailUrl\":\"https:\/\/aquaforest.eu\/wp-content\/uploads\/2024\/06\/AF-Phyto-MIx.png\",\"datePublished\":\"2024-06-26T00:18:18+00:00\",\"dateModified\":\"2024-10-24T13:58:30+00:00\",\"description\":\"AF Phyto Mix: mieszanka wysokiej jako\u015bci fitoplanktonu dla koralowc\u00f3w i bezkr\u0119gowc\u00f3w. Niezawodna formu\u0142a wspieraj\u0105ca zdrowie, wzrost i intensywne kolory.\",\"breadcrumb\":{\"@id\":\"https:\/\/aquaforest.eu\/pl\/produkty\/seawater\/pokarmy-i-suplementacja\/af-phyto-mix\/#breadcrumb\"},\"inLanguage\":\"pl-PL\",\"potentialAction\":[{\"@type\":\"ReadAction\",\"target\":[\"https:\/\/aquaforest.eu\/pl\/produkty\/seawater\/pokarmy-i-suplementacja\/af-phyto-mix\/\"]}]},{\"@type\":\"ImageObject\",\"inLanguage\":\"pl-PL\",\"@id\":\"https:\/\/aquaforest.eu\/pl\/produkty\/seawater\/pokarmy-i-suplementacja\/af-phyto-mix\/#primaryimage\",\"url\":\"https:\/\/aquaforest.eu\/wp-content\/uploads\/2024\/06\/AF-Phyto-MIx.png\",\"contentUrl\":\"https:\/\/aquaforest.eu\/wp-content\/uploads\/2024\/06\/AF-Phyto-MIx.png\",\"width\":262,\"height\":600},{\"@type\":\"BreadcrumbList\",\"@id\":\"https:\/\/aquaforest.eu\/pl\/produkty\/seawater\/pokarmy-i-suplementacja\/af-phyto-mix\/#breadcrumb\",\"itemListElement\":[{\"@type\":\"ListItem\",\"position\":1,\"name\":\"Home\",\"item\":\"https:\/\/aquaforest.eu\/pl\/\"},{\"@type\":\"ListItem\",\"position\":2,\"name\":\"Produkty\",\"item\":\"https:\/\/aquaforest.eu\/pl\/produkty\/\"},{\"@type\":\"ListItem\",\"position\":3,\"name\":\"AF Phyto Mix\"}]},{\"@type\":\"WebSite\",\"@id\":\"https:\/\/aquaforest.eu\/pl\/#website\",\"url\":\"https:\/\/aquaforest.eu\/pl\/\",\"name\":\"Aquaforest\",\"description\":\"\",\"publisher\":{\"@id\":\"https:\/\/aquaforest.eu\/pl\/#organization\"},\"potentialAction\":[{\"@type\":\"SearchAction\",\"target\":{\"@type\":\"EntryPoint\",\"urlTemplate\":\"https:\/\/aquaforest.eu\/pl\/?s={search_term_string}\"},\"query-input\":{\"@type\":\"PropertyValueSpecification\",\"valueRequired\":true,\"valueName\":\"search_term_string\"}}],\"inLanguage\":\"pl-PL\"},{\"@type\":\"Organization\",\"@id\":\"https:\/\/aquaforest.eu\/pl\/#organization\",\"name\":\"Aquaforest\",\"url\":\"https:\/\/aquaforest.eu\/pl\/\",\"logo\":{\"@type\":\"ImageObject\",\"inLanguage\":\"pl-PL\",\"@id\":\"https:\/\/aquaforest.eu\/pl\/#\/schema\/logo\/image\/\",\"url\":\"https:\/\/aquaforest.eu\/wp-content\/uploads\/2024\/05\/logotyp-aquaforest.svg\",\"contentUrl\":\"https:\/\/aquaforest.eu\/wp-content\/uploads\/2024\/05\/logotyp-aquaforest.svg\",\"width\":170,\"height\":22,\"caption\":\"Aquaforest\"},\"image\":{\"@id\":\"https:\/\/aquaforest.eu\/pl\/#\/schema\/logo\/image\/\"},\"sameAs\":[\"https:\/\/www.facebook.com\/Aquaforest\/\",\"https:\/\/www.instagram.com\/aquaforest.eu\/\"]}]}<\/script>\n<!-- \/ Yoast SEO plugin. -->","yoast_head_json":{"title":"AF Phyto Mix - Aquaforest","description":"AF Phyto Mix: mieszanka wysokiej jako\u015bci fitoplanktonu dla koralowc\u00f3w i bezkr\u0119gowc\u00f3w. Niezawodna formu\u0142a wspieraj\u0105ca zdrowie, wzrost i intensywne kolory.","robots":{"index":"index","follow":"follow","max-snippet":"max-snippet:-1","max-image-preview":"max-image-preview:large","max-video-preview":"max-video-preview:-1"},"canonical":"https:\/\/aquaforest.eu\/pl\/produkty\/seawater\/pokarmy-i-suplementacja\/af-phyto-mix\/","og_locale":"pl_PL","og_type":"article","og_title":"AF Phyto Mix - Aquaforest","og_description":"AF Phyto Mix: mieszanka wysokiej jako\u015bci fitoplanktonu dla koralowc\u00f3w i bezkr\u0119gowc\u00f3w. Niezawodna formu\u0142a wspieraj\u0105ca zdrowie, wzrost i intensywne kolory.","og_url":"https:\/\/aquaforest.eu\/pl\/produkty\/seawater\/pokarmy-i-suplementacja\/af-phyto-mix\/","og_site_name":"Aquaforest","article_publisher":"https:\/\/www.facebook.com\/Aquaforest\/","article_modified_time":"2024-10-24T13:58:30+00:00","og_image":[{"width":262,"height":600,"url":"https:\/\/aquaforest.eu\/wp-content\/uploads\/2024\/06\/AF-Phyto-MIx.png","type":"image\/png"}],"twitter_card":"summary_large_image","twitter_misc":{"Szacowany czas czytania":"2 minuty"},"schema":{"@context":"https:\/\/schema.org","@graph":[{"@type":"WebPage","@id":"https:\/\/aquaforest.eu\/pl\/produkty\/seawater\/pokarmy-i-suplementacja\/af-phyto-mix\/","url":"https:\/\/aquaforest.eu\/pl\/produkty\/seawater\/pokarmy-i-suplementacja\/af-phyto-mix\/","name":"AF Phyto Mix - Aquaforest","isPartOf":{"@id":"https:\/\/aquaforest.eu\/pl\/#website"},"primaryImageOfPage":{"@id":"https:\/\/aquaforest.eu\/pl\/produkty\/seawater\/pokarmy-i-suplementacja\/af-phyto-mix\/#primaryimage"},"image":{"@id":"https:\/\/aquaforest.eu\/pl\/produkty\/seawater\/pokarmy-i-suplementacja\/af-phyto-mix\/#primaryimage"},"thumbnailUrl":"https:\/\/aquaforest.eu\/wp-content\/uploads\/2024\/06\/AF-Phyto-MIx.png","datePublished":"2024-06-26T00:18:18+00:00","dateModified":"2024-10-24T13:58:30+00:00","description":"AF Phyto Mix: mieszanka wysokiej jako\u015bci fitoplanktonu dla koralowc\u00f3w i bezkr\u0119gowc\u00f3w. Niezawodna formu\u0142a wspieraj\u0105ca zdrowie, wzrost i intensywne kolory.","breadcrumb":{"@id":"https:\/\/aquaforest.eu\/pl\/produkty\/seawater\/pokarmy-i-suplementacja\/af-phyto-mix\/#breadcrumb"},"inLanguage":"pl-PL","potentialAction":[{"@type":"ReadAction","target":["https:\/\/aquaforest.eu\/pl\/produkty\/seawater\/pokarmy-i-suplementacja\/af-phyto-mix\/"]}]},{"@type":"ImageObject","inLanguage":"pl-PL","@id":"https:\/\/aquaforest.eu\/pl\/produkty\/seawater\/pokarmy-i-suplementacja\/af-phyto-mix\/#primaryimage","url":"https:\/\/aquaforest.eu\/wp-content\/uploads\/2024\/06\/AF-Phyto-MIx.png","contentUrl":"https:\/\/aquaforest.eu\/wp-content\/uploads\/2024\/06\/AF-Phyto-MIx.png","width":262,"height":600},{"@type":"BreadcrumbList","@id":"https:\/\/aquaforest.eu\/pl\/produkty\/seawater\/pokarmy-i-suplementacja\/af-phyto-mix\/#breadcrumb","itemListElement":[{"@type":"ListItem","position":1,"name":"Home","item":"https:\/\/aquaforest.eu\/pl\/"},{"@type":"ListItem","position":2,"name":"Produkty","item":"https:\/\/aquaforest.eu\/pl\/produkty\/"},{"@type":"ListItem","position":3,"name":"AF Phyto Mix"}]},{"@type":"WebSite","@id":"https:\/\/aquaforest.eu\/pl\/#website","url":"https:\/\/aquaforest.eu\/pl\/","name":"Aquaforest","description":"","publisher":{"@id":"https:\/\/aquaforest.eu\/pl\/#organization"},"potentialAction":[{"@type":"SearchAction","target":{"@type":"EntryPoint","urlTemplate":"https:\/\/aquaforest.eu\/pl\/?s={search_term_string}"},"query-input":{"@type":"PropertyValueSpecification","valueRequired":true,"valueName":"search_term_string"}}],"inLanguage":"pl-PL"},{"@type":"Organization","@id":"https:\/\/aquaforest.eu\/pl\/#organization","name":"Aquaforest","url":"https:\/\/aquaforest.eu\/pl\/","logo":{"@type":"ImageObject","inLanguage":"pl-PL","@id":"https:\/\/aquaforest.eu\/pl\/#\/schema\/logo\/image\/","url":"https:\/\/aquaforest.eu\/wp-content\/uploads\/2024\/05\/logotyp-aquaforest.svg","contentUrl":"https:\/\/aquaforest.eu\/wp-content\/uploads\/2024\/05\/logotyp-aquaforest.svg","width":170,"height":22,"caption":"Aquaforest"},"image":{"@id":"https:\/\/aquaforest.eu\/pl\/#\/schema\/logo\/image\/"},"sameAs":["https:\/\/www.facebook.com\/Aquaforest\/","https:\/\/www.instagram.com\/aquaforest.eu\/"]}]}},"_links":{"self":[{"href":"https:\/\/aquaforest.eu\/pl\/wp-json\/wp\/v2\/product\/11580","targetHints":{"allow":["GET"]}}],"collection":[{"href":"https:\/\/aquaforest.eu\/pl\/wp-json\/wp\/v2\/product"}],"about":[{"href":"https:\/\/aquaforest.eu\/pl\/wp-json\/wp\/v2\/types\/product"}],"version-history":[{"count":0,"href":"https:\/\/aquaforest.eu\/pl\/wp-json\/wp\/v2\/product\/11580\/revisions"}],"wp:featuredmedia":[{"embeddable":true,"href":"https:\/\/aquaforest.eu\/pl\/wp-json\/wp\/v2\/media\/11779"}],"wp:attachment":[{"href":"https:\/\/aquaforest.eu\/pl\/wp-json\/wp\/v2\/media?parent=11580"}],"wp:term":[{"taxonomy":"product_brand","embeddable":true,"href":"https:\/\/aquaforest.eu\/pl\/wp-json\/wp\/v2\/product_brand?post=11580"},{"taxonomy":"product_cat","embeddable":true,"href":"https:\/\/aquaforest.eu\/pl\/wp-json\/wp\/v2\/product_cat?post=11580"},{"taxonomy":"product_tag","embeddable":true,"href":"https:\/\/aquaforest.eu\/pl\/wp-json\/wp\/v2\/product_tag?post=11580"}],"curies":[{"name":"wp","href":"https:\/\/api.w.org\/{rel}","templated":true}]}}