{"id":11586,"date":"2024-06-26T02:18:20","date_gmt":"2024-06-26T00:18:20","guid":{"rendered":"https:\/\/aquaforest.eu\/products\/bez-kategorii\/przyspieszenie-wzrostu-af\/"},"modified":"2024-10-24T14:02:23","modified_gmt":"2024-10-24T12:02:23","slug":"af-growth-boost","status":"publish","type":"product","link":"https:\/\/aquaforest.eu\/pl\/produkty\/seawater\/pokarmy-i-suplementacja\/af-growth-boost\/","title":{"rendered":"AF Growth Boost"},"content":{"rendered":"<p>AF Growth Boost to suplement przyspieszaj\u0105cy wzrost koralowc\u00f3w. Jest przeznaczony dla wszystkich rodzaj\u00f3w koralowc\u00f3w. Dzi\u0119ki unikalnej kompozycji starannie dobranych aminokwas\u00f3w znacz\u0105co poprawia polipowanie koralowc\u00f3w. Stosowanie AF Growth Boost pozwala na uzupe\u0142nienie niedobor\u00f3w oraz znaczne wzmocnienie metabolizmu. Preparat wzbogacono o w\u0119glan wapnia, kt\u00f3ry s\u0142u\u017cy koralowcom do budowy szkielet\u00f3w. Specjalnie dobrana formu\u0142a preparatu znacznie przyspiesza proces kalcyfikacji, a bogactwo aminokwas\u00f3w zapewnia zdrowy wzrost. Ze wzgl\u0119du na idealnie zr\u00f3wnowa\u017con\u0105 formu\u0142\u0119 AF Growth Boost znacznie przyspiesza wzrost szczepek i u\u0142atwia im adaptacj\u0119 do nowych warunk\u00f3w.<\/p>\n<p>&nbsp;<\/p>\n<hr \/>\n<p>&nbsp;<\/p>\n<p><strong>Dawkowanie<\/strong>: 1 \u0142y\u017ceczka miarowa na 100 l po zgaszeniu \u015bwiat\u0142a. Wszystkie suplementy w proszku dla koralowc\u00f3w maj\u0105 zalecane dawkowanie 1 \u0142y\u017ceczka na 100 l wody, nale\u017cy jednak pami\u0119ta\u0107, \u017ce ka\u017cde akwarium jest inne i dawkowanie r\u00f3wnie\u017c mo\u017ce by\u0107 inne w zale\u017cno\u015bci od obsady koralowc\u00f3w. Zalecamy rozpocz\u0119cie stosowania suplement\u00f3w i pokarm\u00f3w od po\u0142owy dawki (nawet 1\/4) oraz obserwacj\u0119 koralowc\u00f3w i ich reakcji na podawany pokarm. W momencie, kiedy koralowce b\u0119d\u0105 dobrze reagowa\u0107, a w akwarium nie b\u0119dzie wida\u0107 oznak przedawkowania, zalecamy zwi\u0119kszanie dawki do dawki docelowej. Aby u\u0142atwi\u0107 pobieranie podanego pokarmu, koralowce SPS i LPS zalecamy karmi\u0107 noc\u0105 i przy zgaszonym \u015bwietle. Koralowce takie jak zoanthusy, ricordee i inne grzybowie\u0144ce nale\u017cy karmi\u0107 w ci\u0105gu dnia. W celu zapewnienia najwy\u017cszej przyswajalno\u015bci wszystkie suplementy i pokarmy dla koralowc\u00f3w nale\u017cy dozowa\u0107 bezpo\u015brednio do akwarium, a w porze karmienia zalecamy wy\u0142\u0105czy\u0107 odpieniacz na oko\u0142o godzin\u0119.<\/p>\n","protected":false},"excerpt":{"rendered":"<p>Suplement wspomagaj\u0105cy szybki wzrost koralowc\u00f3w. Wzbogacony o w\u0119glan wapnia, kt\u00f3ry wspomaga budow\u0119 szkieletu.<\/p>\n","protected":false},"featured_media":11762,"template":"","meta":{"_acf_changed":false,"content-type":""},"product_brand":[],"product_cat":[1151],"product_tag":[967,1569,1568,1421],"class_list":{"0":"post-11586","1":"product","2":"type-product","3":"status-publish","4":"has-post-thumbnail","6":"product_cat-pokarmy-i-suplementacja","7":"product_tag-aquaforest-pl","8":"product_tag-foods-and-supplementation-pl","9":"product_tag-seawater-aquatic-pl","10":"product_tag-simple-pl","12":"first","13":"instock","14":"taxable","15":"shipping-taxable","16":"purchasable","17":"product-type-simple"},"acf":[],"yoast_head":"<!-- This site is optimized with the Yoast SEO plugin v27.1.1 - https:\/\/yoast.com\/product\/yoast-seo-wordpress\/ -->\n<title>AF Growth Boost - Aquaforest<\/title>\n<meta name=\"description\" content=\"AF Growth Boost: suplement wspomagaj\u0105cy szybki wzrost ryb i koralowc\u00f3w, wzbogacony o sk\u0142adniki od\u017cywcze. Niezawodna formu\u0142a zapewniaj\u0105ca zdrowy rozw\u00f3j i intensywne kolory.\" \/>\n<meta name=\"robots\" content=\"index, follow, max-snippet:-1, max-image-preview:large, max-video-preview:-1\" \/>\n<link rel=\"canonical\" href=\"https:\/\/aquaforest.eu\/pl\/produkty\/seawater\/pokarmy-i-suplementacja\/af-growth-boost\/\" \/>\n<meta property=\"og:locale\" content=\"pl_PL\" \/>\n<meta property=\"og:type\" content=\"article\" \/>\n<meta property=\"og:title\" content=\"AF Growth Boost - Aquaforest\" \/>\n<meta property=\"og:description\" content=\"AF Growth Boost: suplement wspomagaj\u0105cy szybki wzrost ryb i koralowc\u00f3w, wzbogacony o sk\u0142adniki od\u017cywcze. Niezawodna formu\u0142a zapewniaj\u0105ca zdrowy rozw\u00f3j i intensywne kolory.\" \/>\n<meta property=\"og:url\" content=\"https:\/\/aquaforest.eu\/pl\/produkty\/seawater\/pokarmy-i-suplementacja\/af-growth-boost\/\" \/>\n<meta property=\"og:site_name\" content=\"Aquaforest\" \/>\n<meta property=\"article:publisher\" content=\"https:\/\/www.facebook.com\/Aquaforest\/\" \/>\n<meta property=\"article:modified_time\" content=\"2024-10-24T12:02:23+00:00\" \/>\n<meta property=\"og:image\" content=\"https:\/\/aquaforest.eu\/wp-content\/uploads\/2024\/06\/AF_Growth-Boost.png\" \/>\n\t<meta property=\"og:image:width\" content=\"571\" \/>\n\t<meta property=\"og:image:height\" content=\"600\" \/>\n\t<meta property=\"og:image:type\" content=\"image\/png\" \/>\n<meta name=\"twitter:card\" content=\"summary_large_image\" \/>\n<meta name=\"twitter:label1\" content=\"Szacowany czas czytania\" \/>\n\t<meta name=\"twitter:data1\" content=\"2 minuty\" \/>\n<script type=\"application\/ld+json\" class=\"yoast-schema-graph\">{\"@context\":\"https:\/\/schema.org\",\"@graph\":[{\"@type\":\"WebPage\",\"@id\":\"https:\/\/aquaforest.eu\/pl\/produkty\/seawater\/pokarmy-i-suplementacja\/af-growth-boost\/\",\"url\":\"https:\/\/aquaforest.eu\/pl\/produkty\/seawater\/pokarmy-i-suplementacja\/af-growth-boost\/\",\"name\":\"AF Growth Boost - Aquaforest\",\"isPartOf\":{\"@id\":\"https:\/\/aquaforest.eu\/pl\/#website\"},\"primaryImageOfPage\":{\"@id\":\"https:\/\/aquaforest.eu\/pl\/produkty\/seawater\/pokarmy-i-suplementacja\/af-growth-boost\/#primaryimage\"},\"image\":{\"@id\":\"https:\/\/aquaforest.eu\/pl\/produkty\/seawater\/pokarmy-i-suplementacja\/af-growth-boost\/#primaryimage\"},\"thumbnailUrl\":\"https:\/\/aquaforest.eu\/wp-content\/uploads\/2024\/06\/AF_Growth-Boost.png\",\"datePublished\":\"2024-06-26T00:18:20+00:00\",\"dateModified\":\"2024-10-24T12:02:23+00:00\",\"description\":\"AF Growth Boost: suplement wspomagaj\u0105cy szybki wzrost ryb i koralowc\u00f3w, wzbogacony o sk\u0142adniki od\u017cywcze. Niezawodna formu\u0142a zapewniaj\u0105ca zdrowy rozw\u00f3j i intensywne kolory.\",\"breadcrumb\":{\"@id\":\"https:\/\/aquaforest.eu\/pl\/produkty\/seawater\/pokarmy-i-suplementacja\/af-growth-boost\/#breadcrumb\"},\"inLanguage\":\"pl-PL\",\"potentialAction\":[{\"@type\":\"ReadAction\",\"target\":[\"https:\/\/aquaforest.eu\/pl\/produkty\/seawater\/pokarmy-i-suplementacja\/af-growth-boost\/\"]}]},{\"@type\":\"ImageObject\",\"inLanguage\":\"pl-PL\",\"@id\":\"https:\/\/aquaforest.eu\/pl\/produkty\/seawater\/pokarmy-i-suplementacja\/af-growth-boost\/#primaryimage\",\"url\":\"https:\/\/aquaforest.eu\/wp-content\/uploads\/2024\/06\/AF_Growth-Boost.png\",\"contentUrl\":\"https:\/\/aquaforest.eu\/wp-content\/uploads\/2024\/06\/AF_Growth-Boost.png\",\"width\":571,\"height\":600},{\"@type\":\"BreadcrumbList\",\"@id\":\"https:\/\/aquaforest.eu\/pl\/produkty\/seawater\/pokarmy-i-suplementacja\/af-growth-boost\/#breadcrumb\",\"itemListElement\":[{\"@type\":\"ListItem\",\"position\":1,\"name\":\"Home\",\"item\":\"https:\/\/aquaforest.eu\/pl\/\"},{\"@type\":\"ListItem\",\"position\":2,\"name\":\"Produkty\",\"item\":\"https:\/\/aquaforest.eu\/pl\/produkty\/\"},{\"@type\":\"ListItem\",\"position\":3,\"name\":\"AF Growth Boost\"}]},{\"@type\":\"WebSite\",\"@id\":\"https:\/\/aquaforest.eu\/pl\/#website\",\"url\":\"https:\/\/aquaforest.eu\/pl\/\",\"name\":\"Aquaforest\",\"description\":\"\",\"publisher\":{\"@id\":\"https:\/\/aquaforest.eu\/pl\/#organization\"},\"potentialAction\":[{\"@type\":\"SearchAction\",\"target\":{\"@type\":\"EntryPoint\",\"urlTemplate\":\"https:\/\/aquaforest.eu\/pl\/?s={search_term_string}\"},\"query-input\":{\"@type\":\"PropertyValueSpecification\",\"valueRequired\":true,\"valueName\":\"search_term_string\"}}],\"inLanguage\":\"pl-PL\"},{\"@type\":\"Organization\",\"@id\":\"https:\/\/aquaforest.eu\/pl\/#organization\",\"name\":\"Aquaforest\",\"url\":\"https:\/\/aquaforest.eu\/pl\/\",\"logo\":{\"@type\":\"ImageObject\",\"inLanguage\":\"pl-PL\",\"@id\":\"https:\/\/aquaforest.eu\/pl\/#\/schema\/logo\/image\/\",\"url\":\"https:\/\/aquaforest.eu\/wp-content\/uploads\/2024\/05\/logotyp-aquaforest.svg\",\"contentUrl\":\"https:\/\/aquaforest.eu\/wp-content\/uploads\/2024\/05\/logotyp-aquaforest.svg\",\"width\":170,\"height\":22,\"caption\":\"Aquaforest\"},\"image\":{\"@id\":\"https:\/\/aquaforest.eu\/pl\/#\/schema\/logo\/image\/\"},\"sameAs\":[\"https:\/\/www.facebook.com\/Aquaforest\/\",\"https:\/\/www.instagram.com\/aquaforest.eu\/\"]}]}<\/script>\n<!-- \/ Yoast SEO plugin. -->","yoast_head_json":{"title":"AF Growth Boost - Aquaforest","description":"AF Growth Boost: suplement wspomagaj\u0105cy szybki wzrost ryb i koralowc\u00f3w, wzbogacony o sk\u0142adniki od\u017cywcze. Niezawodna formu\u0142a zapewniaj\u0105ca zdrowy rozw\u00f3j i intensywne kolory.","robots":{"index":"index","follow":"follow","max-snippet":"max-snippet:-1","max-image-preview":"max-image-preview:large","max-video-preview":"max-video-preview:-1"},"canonical":"https:\/\/aquaforest.eu\/pl\/produkty\/seawater\/pokarmy-i-suplementacja\/af-growth-boost\/","og_locale":"pl_PL","og_type":"article","og_title":"AF Growth Boost - Aquaforest","og_description":"AF Growth Boost: suplement wspomagaj\u0105cy szybki wzrost ryb i koralowc\u00f3w, wzbogacony o sk\u0142adniki od\u017cywcze. Niezawodna formu\u0142a zapewniaj\u0105ca zdrowy rozw\u00f3j i intensywne kolory.","og_url":"https:\/\/aquaforest.eu\/pl\/produkty\/seawater\/pokarmy-i-suplementacja\/af-growth-boost\/","og_site_name":"Aquaforest","article_publisher":"https:\/\/www.facebook.com\/Aquaforest\/","article_modified_time":"2024-10-24T12:02:23+00:00","og_image":[{"width":571,"height":600,"url":"https:\/\/aquaforest.eu\/wp-content\/uploads\/2024\/06\/AF_Growth-Boost.png","type":"image\/png"}],"twitter_card":"summary_large_image","twitter_misc":{"Szacowany czas czytania":"2 minuty"},"schema":{"@context":"https:\/\/schema.org","@graph":[{"@type":"WebPage","@id":"https:\/\/aquaforest.eu\/pl\/produkty\/seawater\/pokarmy-i-suplementacja\/af-growth-boost\/","url":"https:\/\/aquaforest.eu\/pl\/produkty\/seawater\/pokarmy-i-suplementacja\/af-growth-boost\/","name":"AF Growth Boost - Aquaforest","isPartOf":{"@id":"https:\/\/aquaforest.eu\/pl\/#website"},"primaryImageOfPage":{"@id":"https:\/\/aquaforest.eu\/pl\/produkty\/seawater\/pokarmy-i-suplementacja\/af-growth-boost\/#primaryimage"},"image":{"@id":"https:\/\/aquaforest.eu\/pl\/produkty\/seawater\/pokarmy-i-suplementacja\/af-growth-boost\/#primaryimage"},"thumbnailUrl":"https:\/\/aquaforest.eu\/wp-content\/uploads\/2024\/06\/AF_Growth-Boost.png","datePublished":"2024-06-26T00:18:20+00:00","dateModified":"2024-10-24T12:02:23+00:00","description":"AF Growth Boost: suplement wspomagaj\u0105cy szybki wzrost ryb i koralowc\u00f3w, wzbogacony o sk\u0142adniki od\u017cywcze. Niezawodna formu\u0142a zapewniaj\u0105ca zdrowy rozw\u00f3j i intensywne kolory.","breadcrumb":{"@id":"https:\/\/aquaforest.eu\/pl\/produkty\/seawater\/pokarmy-i-suplementacja\/af-growth-boost\/#breadcrumb"},"inLanguage":"pl-PL","potentialAction":[{"@type":"ReadAction","target":["https:\/\/aquaforest.eu\/pl\/produkty\/seawater\/pokarmy-i-suplementacja\/af-growth-boost\/"]}]},{"@type":"ImageObject","inLanguage":"pl-PL","@id":"https:\/\/aquaforest.eu\/pl\/produkty\/seawater\/pokarmy-i-suplementacja\/af-growth-boost\/#primaryimage","url":"https:\/\/aquaforest.eu\/wp-content\/uploads\/2024\/06\/AF_Growth-Boost.png","contentUrl":"https:\/\/aquaforest.eu\/wp-content\/uploads\/2024\/06\/AF_Growth-Boost.png","width":571,"height":600},{"@type":"BreadcrumbList","@id":"https:\/\/aquaforest.eu\/pl\/produkty\/seawater\/pokarmy-i-suplementacja\/af-growth-boost\/#breadcrumb","itemListElement":[{"@type":"ListItem","position":1,"name":"Home","item":"https:\/\/aquaforest.eu\/pl\/"},{"@type":"ListItem","position":2,"name":"Produkty","item":"https:\/\/aquaforest.eu\/pl\/produkty\/"},{"@type":"ListItem","position":3,"name":"AF Growth Boost"}]},{"@type":"WebSite","@id":"https:\/\/aquaforest.eu\/pl\/#website","url":"https:\/\/aquaforest.eu\/pl\/","name":"Aquaforest","description":"","publisher":{"@id":"https:\/\/aquaforest.eu\/pl\/#organization"},"potentialAction":[{"@type":"SearchAction","target":{"@type":"EntryPoint","urlTemplate":"https:\/\/aquaforest.eu\/pl\/?s={search_term_string}"},"query-input":{"@type":"PropertyValueSpecification","valueRequired":true,"valueName":"search_term_string"}}],"inLanguage":"pl-PL"},{"@type":"Organization","@id":"https:\/\/aquaforest.eu\/pl\/#organization","name":"Aquaforest","url":"https:\/\/aquaforest.eu\/pl\/","logo":{"@type":"ImageObject","inLanguage":"pl-PL","@id":"https:\/\/aquaforest.eu\/pl\/#\/schema\/logo\/image\/","url":"https:\/\/aquaforest.eu\/wp-content\/uploads\/2024\/05\/logotyp-aquaforest.svg","contentUrl":"https:\/\/aquaforest.eu\/wp-content\/uploads\/2024\/05\/logotyp-aquaforest.svg","width":170,"height":22,"caption":"Aquaforest"},"image":{"@id":"https:\/\/aquaforest.eu\/pl\/#\/schema\/logo\/image\/"},"sameAs":["https:\/\/www.facebook.com\/Aquaforest\/","https:\/\/www.instagram.com\/aquaforest.eu\/"]}]}},"_links":{"self":[{"href":"https:\/\/aquaforest.eu\/pl\/wp-json\/wp\/v2\/product\/11586","targetHints":{"allow":["GET"]}}],"collection":[{"href":"https:\/\/aquaforest.eu\/pl\/wp-json\/wp\/v2\/product"}],"about":[{"href":"https:\/\/aquaforest.eu\/pl\/wp-json\/wp\/v2\/types\/product"}],"version-history":[{"count":0,"href":"https:\/\/aquaforest.eu\/pl\/wp-json\/wp\/v2\/product\/11586\/revisions"}],"wp:featuredmedia":[{"embeddable":true,"href":"https:\/\/aquaforest.eu\/pl\/wp-json\/wp\/v2\/media\/11762"}],"wp:attachment":[{"href":"https:\/\/aquaforest.eu\/pl\/wp-json\/wp\/v2\/media?parent=11586"}],"wp:term":[{"taxonomy":"product_brand","embeddable":true,"href":"https:\/\/aquaforest.eu\/pl\/wp-json\/wp\/v2\/product_brand?post=11586"},{"taxonomy":"product_cat","embeddable":true,"href":"https:\/\/aquaforest.eu\/pl\/wp-json\/wp\/v2\/product_cat?post=11586"},{"taxonomy":"product_tag","embeddable":true,"href":"https:\/\/aquaforest.eu\/pl\/wp-json\/wp\/v2\/product_tag?post=11586"}],"curies":[{"name":"wp","href":"https:\/\/api.w.org\/{rel}","templated":true}]}}